{"id":254054,"date":"2025-08-07T10:51:32","date_gmt":"2025-08-07T07:51:32","guid":{"rendered":"https:\/\/bbqentertainment.com\/?post_type=product&#038;p=254054"},"modified":"2026-03-07T21:27:29","modified_gmt":"2026-03-07T19:27:29","slug":"eti-rfx-gateway-liides-traadita-lihatermomeetrile","status":"publish","type":"product","link":"https:\/\/bbqentertainment.com\/en\/toode\/eti-rfx-gateway-liides-traadita-lihatermomeetrile\/","title":{"rendered":"ETI RFX Gateway liides traadita lihatermomeetrile"},"content":{"rendered":"","protected":false},"excerpt":{"rendered":"<h3><strong>ETI RFX Gateway liides traadita lihatermomeetrile<\/strong><\/h3>\n<p style=\"font-weight: 400;\">RFX Gateway v\u00f5imaldab j\u00e4lgida k\u00fcpsetusprotsessi traadita \u00fchenduse kaudu, kasutades raadiosagedustehnoloogiat, mis l\u00e4bib seinu, ahjusid ja BBQ-kaaneid. Seade \u00fchendub nutiseadmega WiFi v\u00f5i Bluetoothi kaudu, tagades stabiilse \u00fchenduse ka siis, kui oled k\u00f6\u00f6gist v\u00f5i grillist eemal.<\/p>\n<p style=\"font-weight: 400;\" data-start=\"445\" data-end=\"459\"><strong data-start=\"445\" data-end=\"457\">Omadused<\/strong><\/p>\n<ul>\n<li data-start=\"462\" data-end=\"515\">t\u00f6\u00f6tab raadiosagedusel \u2013 katkestusteta andmeedastus<\/li>\n<li data-start=\"518\" data-end=\"555\">kuni 457 meetri ulatus (otsevaates)<\/li>\n<li data-start=\"558\" data-end=\"603\">l\u00e4bib takistusi nagu seinad ja metallpinnad<\/li>\n<li data-start=\"606\" data-end=\"657\">\u00fchendub WiFi kaudu, et j\u00e4lgida k\u00fcpsetamist eemalt<\/li>\n<li data-start=\"660\" data-end=\"702\">tasuta ETI rakendus k\u00fcpsetuste j\u00e4lgimiseks<\/li>\n<\/ul>\n<p style=\"font-weight: 400;\" data-start=\"704\" data-end=\"720\"><strong data-start=\"704\" data-end=\"718\">Komplektis<\/strong><\/p>\n<ul>\n<li data-start=\"723\" data-end=\"742\">RFX Gateway seade<\/li>\n<li data-start=\"745\" data-end=\"772\">Pro-Series kuuma\u00f5hu andur<\/li>\n<li data-start=\"775\" data-end=\"789\">restiklamber<\/li>\n<li data-start=\"792\" data-end=\"813\">anduri kinnitusr\u00f5ngad<\/li>\n<\/ul>\n<p style=\"font-weight: 400;\" data-start=\"815\" data-end=\"874\"><strong data-start=\"815\" data-end=\"828\">\u00dchilduvus<\/strong><br data-start=\"828\" data-end=\"831\" \/>Toimib koos <a href=\"https:\/\/bbqentertainment.com\/toode\/eti-rfx-meat\/\" target=\"_blank\" rel=\"noopener\">RFX MEAT<\/a> ja <a href=\"https:\/\/bbqentertainment.com\/toode\/eti-billows\/\" target=\"_blank\" rel=\"noopener\">Billows<\/a> seadmetega.<\/p>\n<p data-start=\"1197\" data-end=\"1277\"><span style=\"text-decoration: underline;\">KASUTAMINE \/ PAIGALDAMINE<\/span>:<\/p>\n<ul>\n<li data-start=\"1197\" data-end=\"1277\">Esmalt tuleb \u00fchendada RFX Gateway WiFi-ga ja seej\u00e4rel \u00fchendada <a href=\"https:\/\/bbqentertainment.com\/toode\/eti-rfx-meat\/\" target=\"_blank\" rel=\"noopener\">RFX Meat<\/a> st lihatermomeeter. Selle toimimiseks pole vaja muid lisatarvikuid peale RFX Gateway (saatja) ja RFX Meat (lihatermomeeter).<\/li>\n<li data-start=\"1197\" data-end=\"1277\"><span style=\"color: #555555; font-size: 14.4px;\">Ventilaatori st ETI <a href=\"https:\/\/bbqentertainment.com\/toode\/eti-billows\/\" target=\"_blank\" rel=\"noopener\">Billows&#8217;i<\/a> saab lisada vastavalt soovile, kuna Gateway \u00fchildub ka Billowsiga.<\/span><\/li>\n<\/ul>\n<p>&nbsp;<\/p>\n","protected":false},"featured_media":254061,"template":"","meta":{"inline_featured_image":false},"product_brand":[],"product_cat":[479,24],"product_tag":[],"class_list":{"0":"post-254054","1":"product","2":"type-product","3":"status-publish","4":"has-post-thumbnail","6":"product_cat-grillitarvikud","7":"product_cat-termomeetrid","9":"first","10":"instock","11":"sale","12":"taxable","13":"shipping-taxable","14":"purchasable","15":"product-type-simple"},"yoast_head":"<!-- This site is optimized with the Yoast SEO plugin v27.2 - https:\/\/yoast.com\/product\/yoast-seo-wordpress\/ -->\n<title>ETI RFX Gateway liides traadita lihatermomeetrile - BBQ Entertainment<\/title>\n<meta name=\"robots\" content=\"index, follow, max-snippet:-1, max-image-preview:large, max-video-preview:-1\" \/>\n<link rel=\"canonical\" href=\"https:\/\/bbqentertainment.com\/toode\/eti-rfx-gateway-liides-traadita-lihatermomeetrile\/\" \/>\n<meta property=\"og:locale\" content=\"en_US\" \/>\n<meta property=\"og:type\" content=\"article\" \/>\n<meta property=\"og:title\" content=\"ETI RFX Gateway liides traadita lihatermomeetrile - BBQ Entertainment\" \/>\n<meta property=\"og:description\" content=\"ETI RFX Gateway liides traadita lihatermomeetrile RFX Gateway v\u00f5imaldab j\u00e4lgida k\u00fcpsetusprotsessi traadita \u00fchenduse kaudu, kasutades raadiosagedustehnoloogiat, mis l\u00e4bib seinu, ahjusid ja BBQ-kaaneid. Seade \u00fchendub nutiseadmega WiFi v\u00f5i Bluetoothi kaudu, tagades stabiilse \u00fchenduse ka siis, kui oled k\u00f6\u00f6gist v\u00f5i grillist eemal. Omadused    t\u00f6\u00f6tab raadiosagedusel \u2013 katkestusteta andmeedastus  kuni 457 meetri ulatus (otsevaates)  l\u00e4bib takistusi nagu seinad ja metallpinnad  \u00fchendub WiFi kaudu, et j\u00e4lgida k\u00fcpsetamist eemalt  tasuta ETI rakendus k\u00fcpsetuste j\u00e4lgimiseks  Komplektis    RFX Gateway seade  Pro-Series kuuma\u00f5hu andur  restiklamber  anduri kinnitusr\u00f5ngad  \u00dchilduvusToimib koos RFX MEAT ja Billows seadmetega. KASUTAMINE \/ PAIGALDAMINE:    Esmalt tuleb \u00fchendada RFX Gateway WiFi-ga ja seej\u00e4rel \u00fchendada RFX Meat st lihatermomeeter. Selle toimimiseks pole vaja muid lisatarvikuid peale RFX Gateway (saatja) ja RFX Meat (lihatermomeeter).  Ventilaatori st ETI Billows&#039;i saab lisada vastavalt soovile, kuna Gateway \u00fchildub ka Billowsiga.  &nbsp;\" \/>\n<meta property=\"og:url\" content=\"https:\/\/bbqentertainment.com\/toode\/eti-rfx-gateway-liides-traadita-lihatermomeetrile\/\" \/>\n<meta property=\"og:site_name\" content=\"BBQ Entertainment\" \/>\n<meta property=\"article:publisher\" content=\"https:\/\/www.facebook.com\/BBQ-Entertainment-N-Catering-2437913376443540\" \/>\n<meta property=\"article:modified_time\" content=\"2026-03-07T19:27:29+00:00\" \/>\n<meta property=\"og:image\" content=\"https:\/\/bbqentertainment.com\/wp-content\/uploads\/2025\/08\/rfx-gateway.jpg\" \/>\n\t<meta property=\"og:image:width\" content=\"700\" \/>\n\t<meta property=\"og:image:height\" content=\"700\" \/>\n\t<meta property=\"og:image:type\" content=\"image\/jpeg\" \/>\n<meta name=\"twitter:card\" content=\"summary_large_image\" \/>\n<meta name=\"twitter:label1\" content=\"Est. reading time\" \/>\n\t<meta name=\"twitter:data1\" content=\"1 minute\" \/>\n<script type=\"application\/ld+json\" class=\"yoast-schema-graph\">{\"@context\":\"https:\/\/schema.org\",\"@graph\":[{\"@type\":[\"WebPage\",\"ItemPage\"],\"@id\":\"https:\/\/bbqentertainment.com\/toode\/eti-rfx-gateway-liides-traadita-lihatermomeetrile\/\",\"url\":\"https:\/\/bbqentertainment.com\/toode\/eti-rfx-gateway-liides-traadita-lihatermomeetrile\/\",\"name\":\"ETI RFX Gateway liides traadita lihatermomeetrile - BBQ Entertainment\",\"isPartOf\":{\"@id\":\"https:\/\/bbqentertainment.com\/#website\"},\"primaryImageOfPage\":{\"@id\":\"https:\/\/bbqentertainment.com\/toode\/eti-rfx-gateway-liides-traadita-lihatermomeetrile\/#primaryimage\"},\"image\":{\"@id\":\"https:\/\/bbqentertainment.com\/toode\/eti-rfx-gateway-liides-traadita-lihatermomeetrile\/#primaryimage\"},\"thumbnailUrl\":\"https:\/\/bbqentertainment.com\/wp-content\/uploads\/2025\/08\/rfx-gateway.jpg\",\"datePublished\":\"2025-08-07T07:51:32+00:00\",\"dateModified\":\"2026-03-07T19:27:29+00:00\",\"breadcrumb\":{\"@id\":\"https:\/\/bbqentertainment.com\/toode\/eti-rfx-gateway-liides-traadita-lihatermomeetrile\/#breadcrumb\"},\"inLanguage\":\"en-US\",\"potentialAction\":[{\"@type\":\"ReadAction\",\"target\":[\"https:\/\/bbqentertainment.com\/toode\/eti-rfx-gateway-liides-traadita-lihatermomeetrile\/\"]}]},{\"@type\":\"ImageObject\",\"inLanguage\":\"en-US\",\"@id\":\"https:\/\/bbqentertainment.com\/toode\/eti-rfx-gateway-liides-traadita-lihatermomeetrile\/#primaryimage\",\"url\":\"https:\/\/bbqentertainment.com\/wp-content\/uploads\/2025\/08\/rfx-gateway.jpg\",\"contentUrl\":\"https:\/\/bbqentertainment.com\/wp-content\/uploads\/2025\/08\/rfx-gateway.jpg\",\"width\":700,\"height\":700},{\"@type\":\"BreadcrumbList\",\"@id\":\"https:\/\/bbqentertainment.com\/toode\/eti-rfx-gateway-liides-traadita-lihatermomeetrile\/#breadcrumb\",\"itemListElement\":[{\"@type\":\"ListItem\",\"position\":1,\"name\":\"AVALEHT\",\"item\":\"https:\/\/bbqentertainment.com\/en\/\"},{\"@type\":\"ListItem\",\"position\":2,\"name\":\"Tooted\",\"item\":\"https:\/\/bbqentertainment.com\/tooted\/\"},{\"@type\":\"ListItem\",\"position\":3,\"name\":\"Lisatarvikud\",\"item\":\"https:\/\/bbqentertainment.com\/tootekategooria\/lisatarvikud\/\"},{\"@type\":\"ListItem\",\"position\":4,\"name\":\"Termomeetrid\",\"item\":\"https:\/\/bbqentertainment.com\/tootekategooria\/lisatarvikud\/termomeetrid\/\"},{\"@type\":\"ListItem\",\"position\":5,\"name\":\"ETI RFX Gateway liides traadita lihatermomeetrile\"}]},{\"@type\":\"WebSite\",\"@id\":\"https:\/\/bbqentertainment.com\/#website\",\"url\":\"https:\/\/bbqentertainment.com\/\",\"name\":\"BBQ Entertainment\",\"description\":\"BBQ is a great lifestyle, not just fun!\",\"publisher\":{\"@id\":\"https:\/\/bbqentertainment.com\/#organization\"},\"potentialAction\":[{\"@type\":\"SearchAction\",\"target\":{\"@type\":\"EntryPoint\",\"urlTemplate\":\"https:\/\/bbqentertainment.com\/?s={search_term_string}\"},\"query-input\":{\"@type\":\"PropertyValueSpecification\",\"valueRequired\":true,\"valueName\":\"search_term_string\"}}],\"inLanguage\":\"en-US\"},{\"@type\":\"Organization\",\"@id\":\"https:\/\/bbqentertainment.com\/#organization\",\"name\":\"BBQ Entertainment O\u00dc\",\"url\":\"https:\/\/bbqentertainment.com\/\",\"logo\":{\"@type\":\"ImageObject\",\"inLanguage\":\"en-US\",\"@id\":\"https:\/\/bbqentertainment.com\/#\/schema\/logo\/image\/\",\"url\":\"https:\/\/bbqentertainment.com\/wp-content\/uploads\/2020\/04\/BBQ-Entertainment-N-Catering-Enn-Tobreluts-Logo.png\",\"contentUrl\":\"https:\/\/bbqentertainment.com\/wp-content\/uploads\/2020\/04\/BBQ-Entertainment-N-Catering-Enn-Tobreluts-Logo.png\",\"width\":628,\"height\":266,\"caption\":\"BBQ Entertainment O\u00dc\"},\"image\":{\"@id\":\"https:\/\/bbqentertainment.com\/#\/schema\/logo\/image\/\"},\"sameAs\":[\"https:\/\/www.facebook.com\/BBQ-Entertainment-N-Catering-2437913376443540\",\"https:\/\/www.instagram.com\/bbqentertainmentncatering\/\",\"https:\/\/www.youtube.com\/channel\/UCmpuANQVhLy2Md8nrenp2jA\"]}]}<\/script>\n<!-- \/ Yoast SEO plugin. -->","yoast_head_json":{"title":"ETI RFX Gateway liides traadita lihatermomeetrile - BBQ Entertainment","robots":{"index":"index","follow":"follow","max-snippet":"max-snippet:-1","max-image-preview":"max-image-preview:large","max-video-preview":"max-video-preview:-1"},"canonical":"https:\/\/bbqentertainment.com\/toode\/eti-rfx-gateway-liides-traadita-lihatermomeetrile\/","og_locale":"en_US","og_type":"article","og_title":"ETI RFX Gateway liides traadita lihatermomeetrile - BBQ Entertainment","og_description":"ETI RFX Gateway liides traadita lihatermomeetrile RFX Gateway v\u00f5imaldab j\u00e4lgida k\u00fcpsetusprotsessi traadita \u00fchenduse kaudu, kasutades raadiosagedustehnoloogiat, mis l\u00e4bib seinu, ahjusid ja BBQ-kaaneid. Seade \u00fchendub nutiseadmega WiFi v\u00f5i Bluetoothi kaudu, tagades stabiilse \u00fchenduse ka siis, kui oled k\u00f6\u00f6gist v\u00f5i grillist eemal. Omadused    t\u00f6\u00f6tab raadiosagedusel \u2013 katkestusteta andmeedastus  kuni 457 meetri ulatus (otsevaates)  l\u00e4bib takistusi nagu seinad ja metallpinnad  \u00fchendub WiFi kaudu, et j\u00e4lgida k\u00fcpsetamist eemalt  tasuta ETI rakendus k\u00fcpsetuste j\u00e4lgimiseks  Komplektis    RFX Gateway seade  Pro-Series kuuma\u00f5hu andur  restiklamber  anduri kinnitusr\u00f5ngad  \u00dchilduvusToimib koos RFX MEAT ja Billows seadmetega. KASUTAMINE \/ PAIGALDAMINE:    Esmalt tuleb \u00fchendada RFX Gateway WiFi-ga ja seej\u00e4rel \u00fchendada RFX Meat st lihatermomeeter. Selle toimimiseks pole vaja muid lisatarvikuid peale RFX Gateway (saatja) ja RFX Meat (lihatermomeeter).  Ventilaatori st ETI Billows'i saab lisada vastavalt soovile, kuna Gateway \u00fchildub ka Billowsiga.  &nbsp;","og_url":"https:\/\/bbqentertainment.com\/toode\/eti-rfx-gateway-liides-traadita-lihatermomeetrile\/","og_site_name":"BBQ Entertainment","article_publisher":"https:\/\/www.facebook.com\/BBQ-Entertainment-N-Catering-2437913376443540","article_modified_time":"2026-03-07T19:27:29+00:00","og_image":[{"width":700,"height":700,"url":"https:\/\/bbqentertainment.com\/wp-content\/uploads\/2025\/08\/rfx-gateway.jpg","type":"image\/jpeg"}],"twitter_card":"summary_large_image","twitter_misc":{"Est. reading time":"1 minute"},"schema":{"@context":"https:\/\/schema.org","@graph":[{"@type":["WebPage","ItemPage"],"@id":"https:\/\/bbqentertainment.com\/toode\/eti-rfx-gateway-liides-traadita-lihatermomeetrile\/","url":"https:\/\/bbqentertainment.com\/toode\/eti-rfx-gateway-liides-traadita-lihatermomeetrile\/","name":"ETI RFX Gateway liides traadita lihatermomeetrile - BBQ Entertainment","isPartOf":{"@id":"https:\/\/bbqentertainment.com\/#website"},"primaryImageOfPage":{"@id":"https:\/\/bbqentertainment.com\/toode\/eti-rfx-gateway-liides-traadita-lihatermomeetrile\/#primaryimage"},"image":{"@id":"https:\/\/bbqentertainment.com\/toode\/eti-rfx-gateway-liides-traadita-lihatermomeetrile\/#primaryimage"},"thumbnailUrl":"https:\/\/bbqentertainment.com\/wp-content\/uploads\/2025\/08\/rfx-gateway.jpg","datePublished":"2025-08-07T07:51:32+00:00","dateModified":"2026-03-07T19:27:29+00:00","breadcrumb":{"@id":"https:\/\/bbqentertainment.com\/toode\/eti-rfx-gateway-liides-traadita-lihatermomeetrile\/#breadcrumb"},"inLanguage":"en-US","potentialAction":[{"@type":"ReadAction","target":["https:\/\/bbqentertainment.com\/toode\/eti-rfx-gateway-liides-traadita-lihatermomeetrile\/"]}]},{"@type":"ImageObject","inLanguage":"en-US","@id":"https:\/\/bbqentertainment.com\/toode\/eti-rfx-gateway-liides-traadita-lihatermomeetrile\/#primaryimage","url":"https:\/\/bbqentertainment.com\/wp-content\/uploads\/2025\/08\/rfx-gateway.jpg","contentUrl":"https:\/\/bbqentertainment.com\/wp-content\/uploads\/2025\/08\/rfx-gateway.jpg","width":700,"height":700},{"@type":"BreadcrumbList","@id":"https:\/\/bbqentertainment.com\/toode\/eti-rfx-gateway-liides-traadita-lihatermomeetrile\/#breadcrumb","itemListElement":[{"@type":"ListItem","position":1,"name":"AVALEHT","item":"https:\/\/bbqentertainment.com\/en\/"},{"@type":"ListItem","position":2,"name":"Tooted","item":"https:\/\/bbqentertainment.com\/tooted\/"},{"@type":"ListItem","position":3,"name":"Lisatarvikud","item":"https:\/\/bbqentertainment.com\/tootekategooria\/lisatarvikud\/"},{"@type":"ListItem","position":4,"name":"Termomeetrid","item":"https:\/\/bbqentertainment.com\/tootekategooria\/lisatarvikud\/termomeetrid\/"},{"@type":"ListItem","position":5,"name":"ETI RFX Gateway liides traadita lihatermomeetrile"}]},{"@type":"WebSite","@id":"https:\/\/bbqentertainment.com\/#website","url":"https:\/\/bbqentertainment.com\/","name":"BBQ Entertainment","description":"BBQ is a great lifestyle, not just fun!","publisher":{"@id":"https:\/\/bbqentertainment.com\/#organization"},"potentialAction":[{"@type":"SearchAction","target":{"@type":"EntryPoint","urlTemplate":"https:\/\/bbqentertainment.com\/?s={search_term_string}"},"query-input":{"@type":"PropertyValueSpecification","valueRequired":true,"valueName":"search_term_string"}}],"inLanguage":"en-US"},{"@type":"Organization","@id":"https:\/\/bbqentertainment.com\/#organization","name":"BBQ Entertainment O\u00dc","url":"https:\/\/bbqentertainment.com\/","logo":{"@type":"ImageObject","inLanguage":"en-US","@id":"https:\/\/bbqentertainment.com\/#\/schema\/logo\/image\/","url":"https:\/\/bbqentertainment.com\/wp-content\/uploads\/2020\/04\/BBQ-Entertainment-N-Catering-Enn-Tobreluts-Logo.png","contentUrl":"https:\/\/bbqentertainment.com\/wp-content\/uploads\/2020\/04\/BBQ-Entertainment-N-Catering-Enn-Tobreluts-Logo.png","width":628,"height":266,"caption":"BBQ Entertainment O\u00dc"},"image":{"@id":"https:\/\/bbqentertainment.com\/#\/schema\/logo\/image\/"},"sameAs":["https:\/\/www.facebook.com\/BBQ-Entertainment-N-Catering-2437913376443540","https:\/\/www.instagram.com\/bbqentertainmentncatering\/","https:\/\/www.youtube.com\/channel\/UCmpuANQVhLy2Md8nrenp2jA"]}]}},"_links":{"self":[{"href":"https:\/\/bbqentertainment.com\/en\/wp-json\/wp\/v2\/product\/254054","targetHints":{"allow":["GET"]}}],"collection":[{"href":"https:\/\/bbqentertainment.com\/en\/wp-json\/wp\/v2\/product"}],"about":[{"href":"https:\/\/bbqentertainment.com\/en\/wp-json\/wp\/v2\/types\/product"}],"wp:featuredmedia":[{"embeddable":true,"href":"https:\/\/bbqentertainment.com\/en\/wp-json\/wp\/v2\/media\/254061"}],"wp:attachment":[{"href":"https:\/\/bbqentertainment.com\/en\/wp-json\/wp\/v2\/media?parent=254054"}],"wp:term":[{"taxonomy":"product_brand","embeddable":true,"href":"https:\/\/bbqentertainment.com\/en\/wp-json\/wp\/v2\/product_brand?post=254054"},{"taxonomy":"product_cat","embeddable":true,"href":"https:\/\/bbqentertainment.com\/en\/wp-json\/wp\/v2\/product_cat?post=254054"},{"taxonomy":"product_tag","embeddable":true,"href":"https:\/\/bbqentertainment.com\/en\/wp-json\/wp\/v2\/product_tag?post=254054"}],"curies":[{"name":"wp","href":"https:\/\/api.w.org\/{rel}","templated":true}]}}