{"id":254063,"date":"2025-08-07T11:23:39","date_gmt":"2025-08-07T08:23:39","guid":{"rendered":"https:\/\/bbqentertainment.com\/?post_type=product&#038;p=254063"},"modified":"2026-03-07T21:27:29","modified_gmt":"2026-03-07T19:27:29","slug":"eti-rfx-meat","status":"publish","type":"product","link":"https:\/\/bbqentertainment.com\/en\/toode\/eti-rfx-meat\/","title":{"rendered":"ETI traadita lihatermomeeter &#8220;RFX MEAT&#8221; kasutamiseks RFX Gateway liidesega"},"content":{"rendered":"","protected":false},"excerpt":{"rendered":"<h3><strong>ETI traadita lihatermomeeter &#8220;RFX MEAT&#8221; kasutamiseks RFX Gateway liidesega<\/strong><\/h3>\n<p style=\"font-weight: 400;\">RFX MEAT on t\u00e4pne ja usaldusv\u00e4\u00e4rne traadita lihatermomeeter, mis t\u00f6\u00f6tab koos RFX Gateway seadmega. Termomeeter edastab liha sisetemperatuuri reaalajas otse sinu nutiseadmesse, v\u00f5imaldades j\u00e4lgida k\u00fcpsetust ka distantsilt. Sobib ideaalselt nii l\u00fchikesteks kui ka pikaajaliseks aeglaseks k\u00fcpsetamiseks.<\/p>\n<p style=\"font-weight: 400;\" data-start=\"454\" data-end=\"468\"><strong data-start=\"454\" data-end=\"466\">Omadused<\/strong><\/p>\n<ul>\n<li data-start=\"471\" data-end=\"535\">j\u00e4lgi liha sisetemperatuuri otse telefonist v\u00f5i tahvelarvutist<\/li>\n<li data-start=\"538\" data-end=\"583\">\u00fchenda \u00fche Gateway seadmega kuni 50 andurit<\/li>\n<li data-start=\"586\" data-end=\"625\">stabiilne ja katkestusteta raadioside<\/li>\n<li data-start=\"628\" data-end=\"686\">kuni 50 tundi aku kestust vaid 10-minutilise laadimisega<\/li>\n<li data-start=\"689\" data-end=\"731\">t\u00e4ielikult veekindel (IP69K kaitseklass)<\/li>\n<li data-start=\"734\" data-end=\"789\">kaasas tasuta kalibreerimist\u00f5end (j\u00e4lgitavus tagatud)<\/li>\n<li data-start=\"792\" data-end=\"826\">kasutamiseks vajalik RFX Gateway traadita liides<\/li>\n<\/ul>\n<p style=\"font-weight: 400;\" data-start=\"828\" data-end=\"844\"><strong data-start=\"828\" data-end=\"842\">Komplektis<\/strong><\/p>\n<ul>\n<li data-start=\"847\" data-end=\"872\">RFX MEAT traadita andur<\/li>\n<li data-start=\"875\" data-end=\"889\">laadimisalus<\/li>\n<li data-start=\"892\" data-end=\"905\">v\u00e4rvir\u00f5ngad andurite t\u00e4histamiseks (nt mitme liha korraga k\u00fcpsetamisel)<\/li>\n<\/ul>\n<p style=\"font-weight: 400;\" data-start=\"907\" data-end=\"1008\"><strong data-start=\"907\" data-end=\"931\">Aku t\u00f6\u00f6ea soovitused<\/strong><br data-start=\"931\" data-end=\"934\" \/>Temperatuurianduri t\u00f6\u00f6intervalli saab seadistada, mis m\u00f5jutab aku kestust:<\/p>\n<ul>\n<li data-start=\"1012\" data-end=\"1072\"><strong data-start=\"1012\" data-end=\"1028\">kuni 5 tundi<\/strong><strong>:<\/strong> andmeedastus iga 1,0 \u00b0C\/F muutuse korral<\/li>\n<li data-start=\"1075\" data-end=\"1133\"><strong data-start=\"1075\" data-end=\"1089\">5\u201315 tundi<\/strong><strong>:<\/strong> andmeedastus iga 1,5 \u00b0C\/F muutuse korral<\/li>\n<li data-start=\"1136\" data-end=\"1195\"><strong data-start=\"1136\" data-end=\"1151\">15\u201365 tundi<\/strong>: andmeedastus iga 3,0 \u00b0C\/F muutuse korral<\/li>\n<\/ul>\n<p style=\"font-weight: 400;\" data-start=\"1197\" data-end=\"1277\">Soovitame j\u00e4rgida neid vahemikke, et tagada aku kestvus kogu k\u00fcpsetusaja v\u00e4ltel.<\/p>\n<p data-start=\"1197\" data-end=\"1277\"><span style=\"text-decoration: underline;\">KASUTAMINE \/ PAIGALDAMINE<\/span>:<\/p>\n<ul>\n<li data-start=\"1197\" data-end=\"1277\">Esmalt tuleb \u00fchendada <a href=\"https:\/\/bbqentertainment.com\/toode\/eti-rfx-gateway-liides-traadita-lihatermomeetrile\/\" target=\"_blank\" rel=\"noopener\">RFX Gateway<\/a> WiFi-ga ja seej\u00e4rel \u00fchendada <a href=\"https:\/\/bbqentertainment.com\/toode\/eti-rfx-meat\/\" target=\"_blank\" rel=\"noopener\">RFX Meat<\/a> st lihatermomeeter. Selle toimimiseks pole vaja muid lisatarvikuid peale RFX Gateway (saatja) ja RFX Meat (lihatermomeeter).<\/li>\n<li data-start=\"1197\" data-end=\"1277\"><span style=\"color: #555555; font-size: 14.4px;\">Ventilaatori st ETI <a href=\"https:\/\/bbqentertainment.com\/toode\/eti-billows\/\" target=\"_blank\" rel=\"noopener\">Billows&#8217;i<\/a> saab lisada vastavalt soovile, kuna Gateway \u00fchildub ka Billowsiga.<\/span><\/li>\n<\/ul>\n<p>&nbsp;<\/p>\n<p data-start=\"1197\" data-end=\"1277\">\n","protected":false},"featured_media":254070,"template":"","meta":{"inline_featured_image":false},"product_brand":[],"product_cat":[479,24],"product_tag":[],"class_list":{"0":"post-254063","1":"product","2":"type-product","3":"status-publish","4":"has-post-thumbnail","6":"product_cat-grillitarvikud","7":"product_cat-termomeetrid","9":"first","10":"instock","11":"sale","12":"taxable","13":"shipping-taxable","14":"purchasable","15":"product-type-simple"},"yoast_head":"<!-- This site is optimized with the Yoast SEO plugin v27.4 - https:\/\/yoast.com\/product\/yoast-seo-wordpress\/ -->\n<title>ETI traadita lihatermomeeter &quot;RFX MEAT&quot; kasutamiseks RFX Gateway liidesega - BBQ Entertainment<\/title>\n<meta name=\"robots\" content=\"index, follow, max-snippet:-1, max-image-preview:large, max-video-preview:-1\" \/>\n<link rel=\"canonical\" href=\"https:\/\/bbqentertainment.com\/toode\/eti-rfx-meat\/\" \/>\n<meta property=\"og:locale\" content=\"en_US\" \/>\n<meta property=\"og:type\" content=\"article\" \/>\n<meta property=\"og:title\" content=\"ETI traadita lihatermomeeter &quot;RFX MEAT&quot; kasutamiseks RFX Gateway liidesega - BBQ Entertainment\" \/>\n<meta property=\"og:description\" content=\"ETI traadita lihatermomeeter &quot;RFX MEAT&quot; kasutamiseks RFX Gateway liidesega RFX MEAT on t\u00e4pne ja usaldusv\u00e4\u00e4rne traadita lihatermomeeter, mis t\u00f6\u00f6tab koos RFX Gateway seadmega. Termomeeter edastab liha sisetemperatuuri reaalajas otse sinu nutiseadmesse, v\u00f5imaldades j\u00e4lgida k\u00fcpsetust ka distantsilt. Sobib ideaalselt nii l\u00fchikesteks kui ka pikaajaliseks aeglaseks k\u00fcpsetamiseks. Omadused    j\u00e4lgi liha sisetemperatuuri otse telefonist v\u00f5i tahvelarvutist  \u00fchenda \u00fche Gateway seadmega kuni 50 andurit  stabiilne ja katkestusteta raadioside  kuni 50 tundi aku kestust vaid 10-minutilise laadimisega  t\u00e4ielikult veekindel (IP69K kaitseklass)  kaasas tasuta kalibreerimist\u00f5end (j\u00e4lgitavus tagatud)  kasutamiseks vajalik RFX Gateway traadita liides  Komplektis    RFX MEAT traadita andur  laadimisalus  v\u00e4rvir\u00f5ngad andurite t\u00e4histamiseks (nt mitme liha korraga k\u00fcpsetamisel)  Aku t\u00f6\u00f6ea soovitusedTemperatuurianduri t\u00f6\u00f6intervalli saab seadistada, mis m\u00f5jutab aku kestust:    kuni 5 tundi: andmeedastus iga 1,0 \u00b0C\/F muutuse korral  5\u201315 tundi: andmeedastus iga 1,5 \u00b0C\/F muutuse korral  15\u201365 tundi: andmeedastus iga 3,0 \u00b0C\/F muutuse korral  Soovitame j\u00e4rgida neid vahemikke, et tagada aku kestvus kogu k\u00fcpsetusaja v\u00e4ltel. KASUTAMINE \/ PAIGALDAMINE:    Esmalt tuleb \u00fchendada RFX Gateway WiFi-ga ja seej\u00e4rel \u00fchendada RFX Meat st lihatermomeeter. Selle toimimiseks pole vaja muid lisatarvikuid peale RFX Gateway (saatja) ja RFX Meat (lihatermomeeter).  Ventilaatori st ETI Billows&#039;i saab lisada vastavalt soovile, kuna Gateway \u00fchildub ka Billowsiga.  &nbsp;\" \/>\n<meta property=\"og:url\" content=\"https:\/\/bbqentertainment.com\/toode\/eti-rfx-meat\/\" \/>\n<meta property=\"og:site_name\" content=\"BBQ Entertainment\" \/>\n<meta property=\"article:publisher\" content=\"https:\/\/www.facebook.com\/BBQ-Entertainment-N-Catering-2437913376443540\" \/>\n<meta property=\"article:modified_time\" content=\"2026-03-07T19:27:29+00:00\" \/>\n<meta property=\"og:image\" content=\"https:\/\/bbqentertainment.com\/wp-content\/uploads\/2025\/08\/rfx-meat.jpg\" \/>\n\t<meta property=\"og:image:width\" content=\"700\" \/>\n\t<meta property=\"og:image:height\" content=\"700\" \/>\n\t<meta property=\"og:image:type\" content=\"image\/jpeg\" \/>\n<meta name=\"twitter:card\" content=\"summary_large_image\" \/>\n<meta name=\"twitter:label1\" content=\"Est. reading time\" \/>\n\t<meta name=\"twitter:data1\" content=\"1 minute\" \/>\n<script type=\"application\/ld+json\" class=\"yoast-schema-graph\">{\"@context\":\"https:\\\/\\\/schema.org\",\"@graph\":[{\"@type\":[\"WebPage\",\"ItemPage\"],\"@id\":\"https:\\\/\\\/bbqentertainment.com\\\/toode\\\/eti-rfx-meat\\\/\",\"url\":\"https:\\\/\\\/bbqentertainment.com\\\/toode\\\/eti-rfx-meat\\\/\",\"name\":\"ETI traadita lihatermomeeter \\\"RFX MEAT\\\" kasutamiseks RFX Gateway liidesega - BBQ Entertainment\",\"isPartOf\":{\"@id\":\"https:\\\/\\\/bbqentertainment.com\\\/#website\"},\"primaryImageOfPage\":{\"@id\":\"https:\\\/\\\/bbqentertainment.com\\\/toode\\\/eti-rfx-meat\\\/#primaryimage\"},\"image\":{\"@id\":\"https:\\\/\\\/bbqentertainment.com\\\/toode\\\/eti-rfx-meat\\\/#primaryimage\"},\"thumbnailUrl\":\"https:\\\/\\\/bbqentertainment.com\\\/wp-content\\\/uploads\\\/2025\\\/08\\\/rfx-meat.jpg\",\"datePublished\":\"2025-08-07T08:23:39+00:00\",\"dateModified\":\"2026-03-07T19:27:29+00:00\",\"breadcrumb\":{\"@id\":\"https:\\\/\\\/bbqentertainment.com\\\/toode\\\/eti-rfx-meat\\\/#breadcrumb\"},\"inLanguage\":\"en-US\",\"potentialAction\":[{\"@type\":\"ReadAction\",\"target\":[\"https:\\\/\\\/bbqentertainment.com\\\/toode\\\/eti-rfx-meat\\\/\"]}]},{\"@type\":\"ImageObject\",\"inLanguage\":\"en-US\",\"@id\":\"https:\\\/\\\/bbqentertainment.com\\\/toode\\\/eti-rfx-meat\\\/#primaryimage\",\"url\":\"https:\\\/\\\/bbqentertainment.com\\\/wp-content\\\/uploads\\\/2025\\\/08\\\/rfx-meat.jpg\",\"contentUrl\":\"https:\\\/\\\/bbqentertainment.com\\\/wp-content\\\/uploads\\\/2025\\\/08\\\/rfx-meat.jpg\",\"width\":700,\"height\":700},{\"@type\":\"BreadcrumbList\",\"@id\":\"https:\\\/\\\/bbqentertainment.com\\\/toode\\\/eti-rfx-meat\\\/#breadcrumb\",\"itemListElement\":[{\"@type\":\"ListItem\",\"position\":1,\"name\":\"AVALEHT\",\"item\":\"https:\\\/\\\/bbqentertainment.com\\\/en\\\/\"},{\"@type\":\"ListItem\",\"position\":2,\"name\":\"Tooted\",\"item\":\"https:\\\/\\\/bbqentertainment.com\\\/tooted\\\/\"},{\"@type\":\"ListItem\",\"position\":3,\"name\":\"Lisatarvikud\",\"item\":\"https:\\\/\\\/bbqentertainment.com\\\/tootekategooria\\\/lisatarvikud\\\/\"},{\"@type\":\"ListItem\",\"position\":4,\"name\":\"Termomeetrid\",\"item\":\"https:\\\/\\\/bbqentertainment.com\\\/tootekategooria\\\/lisatarvikud\\\/termomeetrid\\\/\"},{\"@type\":\"ListItem\",\"position\":5,\"name\":\"ETI traadita lihatermomeeter &#8220;RFX MEAT&#8221; kasutamiseks RFX Gateway liidesega\"}]},{\"@type\":\"WebSite\",\"@id\":\"https:\\\/\\\/bbqentertainment.com\\\/#website\",\"url\":\"https:\\\/\\\/bbqentertainment.com\\\/\",\"name\":\"BBQ Entertainment\",\"description\":\"BBQ is a great lifestyle, not just fun!\",\"publisher\":{\"@id\":\"https:\\\/\\\/bbqentertainment.com\\\/#organization\"},\"potentialAction\":[{\"@type\":\"SearchAction\",\"target\":{\"@type\":\"EntryPoint\",\"urlTemplate\":\"https:\\\/\\\/bbqentertainment.com\\\/?s={search_term_string}\"},\"query-input\":{\"@type\":\"PropertyValueSpecification\",\"valueRequired\":true,\"valueName\":\"search_term_string\"}}],\"inLanguage\":\"en-US\"},{\"@type\":\"Organization\",\"@id\":\"https:\\\/\\\/bbqentertainment.com\\\/#organization\",\"name\":\"BBQ Entertainment O\u00dc\",\"url\":\"https:\\\/\\\/bbqentertainment.com\\\/\",\"logo\":{\"@type\":\"ImageObject\",\"inLanguage\":\"en-US\",\"@id\":\"https:\\\/\\\/bbqentertainment.com\\\/#\\\/schema\\\/logo\\\/image\\\/\",\"url\":\"https:\\\/\\\/bbqentertainment.com\\\/wp-content\\\/uploads\\\/2020\\\/04\\\/BBQ-Entertainment-N-Catering-Enn-Tobreluts-Logo.png\",\"contentUrl\":\"https:\\\/\\\/bbqentertainment.com\\\/wp-content\\\/uploads\\\/2020\\\/04\\\/BBQ-Entertainment-N-Catering-Enn-Tobreluts-Logo.png\",\"width\":628,\"height\":266,\"caption\":\"BBQ Entertainment O\u00dc\"},\"image\":{\"@id\":\"https:\\\/\\\/bbqentertainment.com\\\/#\\\/schema\\\/logo\\\/image\\\/\"},\"sameAs\":[\"https:\\\/\\\/www.facebook.com\\\/BBQ-Entertainment-N-Catering-2437913376443540\",\"https:\\\/\\\/www.instagram.com\\\/bbqentertainmentncatering\\\/\",\"https:\\\/\\\/www.youtube.com\\\/channel\\\/UCmpuANQVhLy2Md8nrenp2jA\"]}]}<\/script>\n<!-- \/ Yoast SEO plugin. -->","yoast_head_json":{"title":"ETI traadita lihatermomeeter \"RFX MEAT\" kasutamiseks RFX Gateway liidesega - BBQ Entertainment","robots":{"index":"index","follow":"follow","max-snippet":"max-snippet:-1","max-image-preview":"max-image-preview:large","max-video-preview":"max-video-preview:-1"},"canonical":"https:\/\/bbqentertainment.com\/toode\/eti-rfx-meat\/","og_locale":"en_US","og_type":"article","og_title":"ETI traadita lihatermomeeter \"RFX MEAT\" kasutamiseks RFX Gateway liidesega - BBQ Entertainment","og_description":"ETI traadita lihatermomeeter \"RFX MEAT\" kasutamiseks RFX Gateway liidesega RFX MEAT on t\u00e4pne ja usaldusv\u00e4\u00e4rne traadita lihatermomeeter, mis t\u00f6\u00f6tab koos RFX Gateway seadmega. Termomeeter edastab liha sisetemperatuuri reaalajas otse sinu nutiseadmesse, v\u00f5imaldades j\u00e4lgida k\u00fcpsetust ka distantsilt. Sobib ideaalselt nii l\u00fchikesteks kui ka pikaajaliseks aeglaseks k\u00fcpsetamiseks. Omadused    j\u00e4lgi liha sisetemperatuuri otse telefonist v\u00f5i tahvelarvutist  \u00fchenda \u00fche Gateway seadmega kuni 50 andurit  stabiilne ja katkestusteta raadioside  kuni 50 tundi aku kestust vaid 10-minutilise laadimisega  t\u00e4ielikult veekindel (IP69K kaitseklass)  kaasas tasuta kalibreerimist\u00f5end (j\u00e4lgitavus tagatud)  kasutamiseks vajalik RFX Gateway traadita liides  Komplektis    RFX MEAT traadita andur  laadimisalus  v\u00e4rvir\u00f5ngad andurite t\u00e4histamiseks (nt mitme liha korraga k\u00fcpsetamisel)  Aku t\u00f6\u00f6ea soovitusedTemperatuurianduri t\u00f6\u00f6intervalli saab seadistada, mis m\u00f5jutab aku kestust:    kuni 5 tundi: andmeedastus iga 1,0 \u00b0C\/F muutuse korral  5\u201315 tundi: andmeedastus iga 1,5 \u00b0C\/F muutuse korral  15\u201365 tundi: andmeedastus iga 3,0 \u00b0C\/F muutuse korral  Soovitame j\u00e4rgida neid vahemikke, et tagada aku kestvus kogu k\u00fcpsetusaja v\u00e4ltel. KASUTAMINE \/ PAIGALDAMINE:    Esmalt tuleb \u00fchendada RFX Gateway WiFi-ga ja seej\u00e4rel \u00fchendada RFX Meat st lihatermomeeter. Selle toimimiseks pole vaja muid lisatarvikuid peale RFX Gateway (saatja) ja RFX Meat (lihatermomeeter).  Ventilaatori st ETI Billows'i saab lisada vastavalt soovile, kuna Gateway \u00fchildub ka Billowsiga.  &nbsp;","og_url":"https:\/\/bbqentertainment.com\/toode\/eti-rfx-meat\/","og_site_name":"BBQ Entertainment","article_publisher":"https:\/\/www.facebook.com\/BBQ-Entertainment-N-Catering-2437913376443540","article_modified_time":"2026-03-07T19:27:29+00:00","og_image":[{"width":700,"height":700,"url":"https:\/\/bbqentertainment.com\/wp-content\/uploads\/2025\/08\/rfx-meat.jpg","type":"image\/jpeg"}],"twitter_card":"summary_large_image","twitter_misc":{"Est. reading time":"1 minute"},"schema":{"@context":"https:\/\/schema.org","@graph":[{"@type":["WebPage","ItemPage"],"@id":"https:\/\/bbqentertainment.com\/toode\/eti-rfx-meat\/","url":"https:\/\/bbqentertainment.com\/toode\/eti-rfx-meat\/","name":"ETI traadita lihatermomeeter \"RFX MEAT\" kasutamiseks RFX Gateway liidesega - BBQ Entertainment","isPartOf":{"@id":"https:\/\/bbqentertainment.com\/#website"},"primaryImageOfPage":{"@id":"https:\/\/bbqentertainment.com\/toode\/eti-rfx-meat\/#primaryimage"},"image":{"@id":"https:\/\/bbqentertainment.com\/toode\/eti-rfx-meat\/#primaryimage"},"thumbnailUrl":"https:\/\/bbqentertainment.com\/wp-content\/uploads\/2025\/08\/rfx-meat.jpg","datePublished":"2025-08-07T08:23:39+00:00","dateModified":"2026-03-07T19:27:29+00:00","breadcrumb":{"@id":"https:\/\/bbqentertainment.com\/toode\/eti-rfx-meat\/#breadcrumb"},"inLanguage":"en-US","potentialAction":[{"@type":"ReadAction","target":["https:\/\/bbqentertainment.com\/toode\/eti-rfx-meat\/"]}]},{"@type":"ImageObject","inLanguage":"en-US","@id":"https:\/\/bbqentertainment.com\/toode\/eti-rfx-meat\/#primaryimage","url":"https:\/\/bbqentertainment.com\/wp-content\/uploads\/2025\/08\/rfx-meat.jpg","contentUrl":"https:\/\/bbqentertainment.com\/wp-content\/uploads\/2025\/08\/rfx-meat.jpg","width":700,"height":700},{"@type":"BreadcrumbList","@id":"https:\/\/bbqentertainment.com\/toode\/eti-rfx-meat\/#breadcrumb","itemListElement":[{"@type":"ListItem","position":1,"name":"AVALEHT","item":"https:\/\/bbqentertainment.com\/en\/"},{"@type":"ListItem","position":2,"name":"Tooted","item":"https:\/\/bbqentertainment.com\/tooted\/"},{"@type":"ListItem","position":3,"name":"Lisatarvikud","item":"https:\/\/bbqentertainment.com\/tootekategooria\/lisatarvikud\/"},{"@type":"ListItem","position":4,"name":"Termomeetrid","item":"https:\/\/bbqentertainment.com\/tootekategooria\/lisatarvikud\/termomeetrid\/"},{"@type":"ListItem","position":5,"name":"ETI traadita lihatermomeeter &#8220;RFX MEAT&#8221; kasutamiseks RFX Gateway liidesega"}]},{"@type":"WebSite","@id":"https:\/\/bbqentertainment.com\/#website","url":"https:\/\/bbqentertainment.com\/","name":"BBQ Entertainment","description":"BBQ is a great lifestyle, not just fun!","publisher":{"@id":"https:\/\/bbqentertainment.com\/#organization"},"potentialAction":[{"@type":"SearchAction","target":{"@type":"EntryPoint","urlTemplate":"https:\/\/bbqentertainment.com\/?s={search_term_string}"},"query-input":{"@type":"PropertyValueSpecification","valueRequired":true,"valueName":"search_term_string"}}],"inLanguage":"en-US"},{"@type":"Organization","@id":"https:\/\/bbqentertainment.com\/#organization","name":"BBQ Entertainment O\u00dc","url":"https:\/\/bbqentertainment.com\/","logo":{"@type":"ImageObject","inLanguage":"en-US","@id":"https:\/\/bbqentertainment.com\/#\/schema\/logo\/image\/","url":"https:\/\/bbqentertainment.com\/wp-content\/uploads\/2020\/04\/BBQ-Entertainment-N-Catering-Enn-Tobreluts-Logo.png","contentUrl":"https:\/\/bbqentertainment.com\/wp-content\/uploads\/2020\/04\/BBQ-Entertainment-N-Catering-Enn-Tobreluts-Logo.png","width":628,"height":266,"caption":"BBQ Entertainment O\u00dc"},"image":{"@id":"https:\/\/bbqentertainment.com\/#\/schema\/logo\/image\/"},"sameAs":["https:\/\/www.facebook.com\/BBQ-Entertainment-N-Catering-2437913376443540","https:\/\/www.instagram.com\/bbqentertainmentncatering\/","https:\/\/www.youtube.com\/channel\/UCmpuANQVhLy2Md8nrenp2jA"]}]}},"_links":{"self":[{"href":"https:\/\/bbqentertainment.com\/en\/wp-json\/wp\/v2\/product\/254063","targetHints":{"allow":["GET"]}}],"collection":[{"href":"https:\/\/bbqentertainment.com\/en\/wp-json\/wp\/v2\/product"}],"about":[{"href":"https:\/\/bbqentertainment.com\/en\/wp-json\/wp\/v2\/types\/product"}],"wp:featuredmedia":[{"embeddable":true,"href":"https:\/\/bbqentertainment.com\/en\/wp-json\/wp\/v2\/media\/254070"}],"wp:attachment":[{"href":"https:\/\/bbqentertainment.com\/en\/wp-json\/wp\/v2\/media?parent=254063"}],"wp:term":[{"taxonomy":"product_brand","embeddable":true,"href":"https:\/\/bbqentertainment.com\/en\/wp-json\/wp\/v2\/product_brand?post=254063"},{"taxonomy":"product_cat","embeddable":true,"href":"https:\/\/bbqentertainment.com\/en\/wp-json\/wp\/v2\/product_cat?post=254063"},{"taxonomy":"product_tag","embeddable":true,"href":"https:\/\/bbqentertainment.com\/en\/wp-json\/wp\/v2\/product_tag?post=254063"}],"curies":[{"name":"wp","href":"https:\/\/api.w.org\/{rel}","templated":true}]}}