{"id":254123,"date":"2025-08-19T10:16:38","date_gmt":"2025-08-19T07:16:38","guid":{"rendered":"https:\/\/bbqentertainment.com\/?post_type=product&#038;p=254123"},"modified":"2025-10-30T12:25:49","modified_gmt":"2025-10-30T10:25:49","slug":"von-berg-distilled-gin-500-ml-43-vol","status":"publish","type":"product","link":"https:\/\/bbqentertainment.com\/en\/toode\/von-berg-distilled-gin-500-ml-43-vol\/","title":{"rendered":"Von Berg Distilled Gin 500 ml 43% vol"},"content":{"rendered":"","protected":false},"excerpt":{"rendered":"<h3><b>Von Berg Distilled Gin 500 ml 43% vol<\/b><\/h3>\n<p>Avasta Von Berg Distilled Gin, kus kohtuvad suvise Eesti rukkip\u00f5llu maitsetaimede ja lillede \u00f5rn-magus \u00fcrdisus, Von Bergi kaugetest reisidest inspireeritud tsitruseliste mahlakas v\u00e4rskus ning \u201cSangaste\u201d talirukki aromaatsus ja soojendav v\u00fcrtsikus.<\/p>\n<p>Vii end p\u00f5nevale seiklusr\u00e4nnakule kokteilide valmistamisel, kasutades seda aromaatset ja tasakaalustatud d\u017einni.<\/p>\n<p>The Spirits Business Global Gin Masters 2025 k\u00f5rgeimat kvaliteeti tunnustava \u201cMaster\u201d tiitli v\u00f5itja.<\/p>\n","protected":false},"featured_media":254124,"template":"","meta":{"inline_featured_image":false},"product_brand":[],"product_cat":[644,234],"product_tag":[],"class_list":{"0":"post-254123","1":"product","2":"type-product","3":"status-publish","4":"has-post-thumbnail","6":"product_cat-von-berg","7":"product_cat-dzinnid","9":"first","10":"instock","11":"taxable","12":"shipping-taxable","13":"purchasable","14":"product-type-simple"},"yoast_head":"<!-- This site is optimized with the Yoast SEO plugin v27.4 - https:\/\/yoast.com\/product\/yoast-seo-wordpress\/ -->\n<title>Von Berg Distilled Gin 500 ml 43% vol - BBQ Entertainment<\/title>\n<meta name=\"robots\" content=\"index, follow, max-snippet:-1, max-image-preview:large, max-video-preview:-1\" \/>\n<link rel=\"canonical\" href=\"https:\/\/bbqentertainment.com\/toode\/von-berg-distilled-gin-500-ml-43-vol\/\" \/>\n<meta property=\"og:locale\" content=\"en_US\" \/>\n<meta property=\"og:type\" content=\"article\" \/>\n<meta property=\"og:title\" content=\"Von Berg Distilled Gin 500 ml 43% vol - BBQ Entertainment\" \/>\n<meta property=\"og:description\" content=\"Von Berg Distilled Gin 500 ml 43% vol Avasta Von Berg Distilled Gin, kus kohtuvad suvise Eesti rukkip\u00f5llu maitsetaimede ja lillede \u00f5rn-magus \u00fcrdisus, Von Bergi kaugetest reisidest inspireeritud tsitruseliste mahlakas v\u00e4rskus ning \u201cSangaste\u201d talirukki aromaatsus ja soojendav v\u00fcrtsikus.  Vii end p\u00f5nevale seiklusr\u00e4nnakule kokteilide valmistamisel, kasutades seda aromaatset ja tasakaalustatud d\u017einni.  The Spirits Business Global Gin Masters 2025 k\u00f5rgeimat kvaliteeti tunnustava \u201cMaster\u201d tiitli v\u00f5itja.\" \/>\n<meta property=\"og:url\" content=\"https:\/\/bbqentertainment.com\/toode\/von-berg-distilled-gin-500-ml-43-vol\/\" \/>\n<meta property=\"og:site_name\" content=\"BBQ Entertainment\" \/>\n<meta property=\"article:publisher\" content=\"https:\/\/www.facebook.com\/BBQ-Entertainment-N-Catering-2437913376443540\" \/>\n<meta property=\"article:modified_time\" content=\"2025-10-30T10:25:49+00:00\" \/>\n<meta property=\"og:image\" content=\"https:\/\/bbqentertainment.com\/wp-content\/uploads\/2025\/08\/1200x1200_VB_Gin.jpg\" \/>\n\t<meta property=\"og:image:width\" content=\"1200\" \/>\n\t<meta property=\"og:image:height\" content=\"1200\" \/>\n\t<meta property=\"og:image:type\" content=\"image\/jpeg\" \/>\n<meta name=\"twitter:card\" content=\"summary_large_image\" \/>\n<meta name=\"twitter:label1\" content=\"Est. reading time\" \/>\n\t<meta name=\"twitter:data1\" content=\"1 minute\" \/>\n<script type=\"application\/ld+json\" class=\"yoast-schema-graph\">{\"@context\":\"https:\\\/\\\/schema.org\",\"@graph\":[{\"@type\":[\"WebPage\",\"ItemPage\"],\"@id\":\"https:\\\/\\\/bbqentertainment.com\\\/toode\\\/von-berg-distilled-gin-500-ml-43-vol\\\/\",\"url\":\"https:\\\/\\\/bbqentertainment.com\\\/toode\\\/von-berg-distilled-gin-500-ml-43-vol\\\/\",\"name\":\"Von Berg Distilled Gin 500 ml 43% vol - BBQ Entertainment\",\"isPartOf\":{\"@id\":\"https:\\\/\\\/bbqentertainment.com\\\/#website\"},\"primaryImageOfPage\":{\"@id\":\"https:\\\/\\\/bbqentertainment.com\\\/toode\\\/von-berg-distilled-gin-500-ml-43-vol\\\/#primaryimage\"},\"image\":{\"@id\":\"https:\\\/\\\/bbqentertainment.com\\\/toode\\\/von-berg-distilled-gin-500-ml-43-vol\\\/#primaryimage\"},\"thumbnailUrl\":\"https:\\\/\\\/bbqentertainment.com\\\/wp-content\\\/uploads\\\/2025\\\/08\\\/1200x1200_VB_Gin.jpg\",\"datePublished\":\"2025-08-19T07:16:38+00:00\",\"dateModified\":\"2025-10-30T10:25:49+00:00\",\"breadcrumb\":{\"@id\":\"https:\\\/\\\/bbqentertainment.com\\\/toode\\\/von-berg-distilled-gin-500-ml-43-vol\\\/#breadcrumb\"},\"inLanguage\":\"en-US\",\"potentialAction\":[{\"@type\":\"ReadAction\",\"target\":[\"https:\\\/\\\/bbqentertainment.com\\\/toode\\\/von-berg-distilled-gin-500-ml-43-vol\\\/\"]}]},{\"@type\":\"ImageObject\",\"inLanguage\":\"en-US\",\"@id\":\"https:\\\/\\\/bbqentertainment.com\\\/toode\\\/von-berg-distilled-gin-500-ml-43-vol\\\/#primaryimage\",\"url\":\"https:\\\/\\\/bbqentertainment.com\\\/wp-content\\\/uploads\\\/2025\\\/08\\\/1200x1200_VB_Gin.jpg\",\"contentUrl\":\"https:\\\/\\\/bbqentertainment.com\\\/wp-content\\\/uploads\\\/2025\\\/08\\\/1200x1200_VB_Gin.jpg\",\"width\":1200,\"height\":1200},{\"@type\":\"BreadcrumbList\",\"@id\":\"https:\\\/\\\/bbqentertainment.com\\\/toode\\\/von-berg-distilled-gin-500-ml-43-vol\\\/#breadcrumb\",\"itemListElement\":[{\"@type\":\"ListItem\",\"position\":1,\"name\":\"AVALEHT\",\"item\":\"https:\\\/\\\/bbqentertainment.com\\\/en\\\/\"},{\"@type\":\"ListItem\",\"position\":2,\"name\":\"Tooted\",\"item\":\"https:\\\/\\\/bbqentertainment.com\\\/tooted\\\/\"},{\"@type\":\"ListItem\",\"position\":3,\"name\":\"Joogid\",\"item\":\"https:\\\/\\\/bbqentertainment.com\\\/tootekategooria\\\/joogid\\\/\"},{\"@type\":\"ListItem\",\"position\":4,\"name\":\"D\u017dINNID\",\"item\":\"https:\\\/\\\/bbqentertainment.com\\\/tootekategooria\\\/joogid\\\/dzinnid\\\/\"},{\"@type\":\"ListItem\",\"position\":5,\"name\":\"Von Berg\",\"item\":\"https:\\\/\\\/bbqentertainment.com\\\/tootekategooria\\\/joogid\\\/dzinnid\\\/von-berg\\\/\"},{\"@type\":\"ListItem\",\"position\":6,\"name\":\"Von Berg Distilled Gin 500 ml 43% vol\"}]},{\"@type\":\"WebSite\",\"@id\":\"https:\\\/\\\/bbqentertainment.com\\\/#website\",\"url\":\"https:\\\/\\\/bbqentertainment.com\\\/\",\"name\":\"BBQ Entertainment\",\"description\":\"BBQ is a great lifestyle, not just fun!\",\"publisher\":{\"@id\":\"https:\\\/\\\/bbqentertainment.com\\\/#organization\"},\"potentialAction\":[{\"@type\":\"SearchAction\",\"target\":{\"@type\":\"EntryPoint\",\"urlTemplate\":\"https:\\\/\\\/bbqentertainment.com\\\/?s={search_term_string}\"},\"query-input\":{\"@type\":\"PropertyValueSpecification\",\"valueRequired\":true,\"valueName\":\"search_term_string\"}}],\"inLanguage\":\"en-US\"},{\"@type\":\"Organization\",\"@id\":\"https:\\\/\\\/bbqentertainment.com\\\/#organization\",\"name\":\"BBQ Entertainment O\u00dc\",\"url\":\"https:\\\/\\\/bbqentertainment.com\\\/\",\"logo\":{\"@type\":\"ImageObject\",\"inLanguage\":\"en-US\",\"@id\":\"https:\\\/\\\/bbqentertainment.com\\\/#\\\/schema\\\/logo\\\/image\\\/\",\"url\":\"https:\\\/\\\/bbqentertainment.com\\\/wp-content\\\/uploads\\\/2020\\\/04\\\/BBQ-Entertainment-N-Catering-Enn-Tobreluts-Logo.png\",\"contentUrl\":\"https:\\\/\\\/bbqentertainment.com\\\/wp-content\\\/uploads\\\/2020\\\/04\\\/BBQ-Entertainment-N-Catering-Enn-Tobreluts-Logo.png\",\"width\":628,\"height\":266,\"caption\":\"BBQ Entertainment O\u00dc\"},\"image\":{\"@id\":\"https:\\\/\\\/bbqentertainment.com\\\/#\\\/schema\\\/logo\\\/image\\\/\"},\"sameAs\":[\"https:\\\/\\\/www.facebook.com\\\/BBQ-Entertainment-N-Catering-2437913376443540\",\"https:\\\/\\\/www.instagram.com\\\/bbqentertainmentncatering\\\/\",\"https:\\\/\\\/www.youtube.com\\\/channel\\\/UCmpuANQVhLy2Md8nrenp2jA\"]}]}<\/script>\n<!-- \/ Yoast SEO plugin. -->","yoast_head_json":{"title":"Von Berg Distilled Gin 500 ml 43% vol - BBQ Entertainment","robots":{"index":"index","follow":"follow","max-snippet":"max-snippet:-1","max-image-preview":"max-image-preview:large","max-video-preview":"max-video-preview:-1"},"canonical":"https:\/\/bbqentertainment.com\/toode\/von-berg-distilled-gin-500-ml-43-vol\/","og_locale":"en_US","og_type":"article","og_title":"Von Berg Distilled Gin 500 ml 43% vol - BBQ Entertainment","og_description":"Von Berg Distilled Gin 500 ml 43% vol Avasta Von Berg Distilled Gin, kus kohtuvad suvise Eesti rukkip\u00f5llu maitsetaimede ja lillede \u00f5rn-magus \u00fcrdisus, Von Bergi kaugetest reisidest inspireeritud tsitruseliste mahlakas v\u00e4rskus ning \u201cSangaste\u201d talirukki aromaatsus ja soojendav v\u00fcrtsikus.  Vii end p\u00f5nevale seiklusr\u00e4nnakule kokteilide valmistamisel, kasutades seda aromaatset ja tasakaalustatud d\u017einni.  The Spirits Business Global Gin Masters 2025 k\u00f5rgeimat kvaliteeti tunnustava \u201cMaster\u201d tiitli v\u00f5itja.","og_url":"https:\/\/bbqentertainment.com\/toode\/von-berg-distilled-gin-500-ml-43-vol\/","og_site_name":"BBQ Entertainment","article_publisher":"https:\/\/www.facebook.com\/BBQ-Entertainment-N-Catering-2437913376443540","article_modified_time":"2025-10-30T10:25:49+00:00","og_image":[{"width":1200,"height":1200,"url":"https:\/\/bbqentertainment.com\/wp-content\/uploads\/2025\/08\/1200x1200_VB_Gin.jpg","type":"image\/jpeg"}],"twitter_card":"summary_large_image","twitter_misc":{"Est. reading time":"1 minute"},"schema":{"@context":"https:\/\/schema.org","@graph":[{"@type":["WebPage","ItemPage"],"@id":"https:\/\/bbqentertainment.com\/toode\/von-berg-distilled-gin-500-ml-43-vol\/","url":"https:\/\/bbqentertainment.com\/toode\/von-berg-distilled-gin-500-ml-43-vol\/","name":"Von Berg Distilled Gin 500 ml 43% vol - BBQ Entertainment","isPartOf":{"@id":"https:\/\/bbqentertainment.com\/#website"},"primaryImageOfPage":{"@id":"https:\/\/bbqentertainment.com\/toode\/von-berg-distilled-gin-500-ml-43-vol\/#primaryimage"},"image":{"@id":"https:\/\/bbqentertainment.com\/toode\/von-berg-distilled-gin-500-ml-43-vol\/#primaryimage"},"thumbnailUrl":"https:\/\/bbqentertainment.com\/wp-content\/uploads\/2025\/08\/1200x1200_VB_Gin.jpg","datePublished":"2025-08-19T07:16:38+00:00","dateModified":"2025-10-30T10:25:49+00:00","breadcrumb":{"@id":"https:\/\/bbqentertainment.com\/toode\/von-berg-distilled-gin-500-ml-43-vol\/#breadcrumb"},"inLanguage":"en-US","potentialAction":[{"@type":"ReadAction","target":["https:\/\/bbqentertainment.com\/toode\/von-berg-distilled-gin-500-ml-43-vol\/"]}]},{"@type":"ImageObject","inLanguage":"en-US","@id":"https:\/\/bbqentertainment.com\/toode\/von-berg-distilled-gin-500-ml-43-vol\/#primaryimage","url":"https:\/\/bbqentertainment.com\/wp-content\/uploads\/2025\/08\/1200x1200_VB_Gin.jpg","contentUrl":"https:\/\/bbqentertainment.com\/wp-content\/uploads\/2025\/08\/1200x1200_VB_Gin.jpg","width":1200,"height":1200},{"@type":"BreadcrumbList","@id":"https:\/\/bbqentertainment.com\/toode\/von-berg-distilled-gin-500-ml-43-vol\/#breadcrumb","itemListElement":[{"@type":"ListItem","position":1,"name":"AVALEHT","item":"https:\/\/bbqentertainment.com\/en\/"},{"@type":"ListItem","position":2,"name":"Tooted","item":"https:\/\/bbqentertainment.com\/tooted\/"},{"@type":"ListItem","position":3,"name":"Joogid","item":"https:\/\/bbqentertainment.com\/tootekategooria\/joogid\/"},{"@type":"ListItem","position":4,"name":"D\u017dINNID","item":"https:\/\/bbqentertainment.com\/tootekategooria\/joogid\/dzinnid\/"},{"@type":"ListItem","position":5,"name":"Von Berg","item":"https:\/\/bbqentertainment.com\/tootekategooria\/joogid\/dzinnid\/von-berg\/"},{"@type":"ListItem","position":6,"name":"Von Berg Distilled Gin 500 ml 43% vol"}]},{"@type":"WebSite","@id":"https:\/\/bbqentertainment.com\/#website","url":"https:\/\/bbqentertainment.com\/","name":"BBQ Entertainment","description":"BBQ is a great lifestyle, not just fun!","publisher":{"@id":"https:\/\/bbqentertainment.com\/#organization"},"potentialAction":[{"@type":"SearchAction","target":{"@type":"EntryPoint","urlTemplate":"https:\/\/bbqentertainment.com\/?s={search_term_string}"},"query-input":{"@type":"PropertyValueSpecification","valueRequired":true,"valueName":"search_term_string"}}],"inLanguage":"en-US"},{"@type":"Organization","@id":"https:\/\/bbqentertainment.com\/#organization","name":"BBQ Entertainment O\u00dc","url":"https:\/\/bbqentertainment.com\/","logo":{"@type":"ImageObject","inLanguage":"en-US","@id":"https:\/\/bbqentertainment.com\/#\/schema\/logo\/image\/","url":"https:\/\/bbqentertainment.com\/wp-content\/uploads\/2020\/04\/BBQ-Entertainment-N-Catering-Enn-Tobreluts-Logo.png","contentUrl":"https:\/\/bbqentertainment.com\/wp-content\/uploads\/2020\/04\/BBQ-Entertainment-N-Catering-Enn-Tobreluts-Logo.png","width":628,"height":266,"caption":"BBQ Entertainment O\u00dc"},"image":{"@id":"https:\/\/bbqentertainment.com\/#\/schema\/logo\/image\/"},"sameAs":["https:\/\/www.facebook.com\/BBQ-Entertainment-N-Catering-2437913376443540","https:\/\/www.instagram.com\/bbqentertainmentncatering\/","https:\/\/www.youtube.com\/channel\/UCmpuANQVhLy2Md8nrenp2jA"]}]}},"_links":{"self":[{"href":"https:\/\/bbqentertainment.com\/en\/wp-json\/wp\/v2\/product\/254123","targetHints":{"allow":["GET"]}}],"collection":[{"href":"https:\/\/bbqentertainment.com\/en\/wp-json\/wp\/v2\/product"}],"about":[{"href":"https:\/\/bbqentertainment.com\/en\/wp-json\/wp\/v2\/types\/product"}],"wp:featuredmedia":[{"embeddable":true,"href":"https:\/\/bbqentertainment.com\/en\/wp-json\/wp\/v2\/media\/254124"}],"wp:attachment":[{"href":"https:\/\/bbqentertainment.com\/en\/wp-json\/wp\/v2\/media?parent=254123"}],"wp:term":[{"taxonomy":"product_brand","embeddable":true,"href":"https:\/\/bbqentertainment.com\/en\/wp-json\/wp\/v2\/product_brand?post=254123"},{"taxonomy":"product_cat","embeddable":true,"href":"https:\/\/bbqentertainment.com\/en\/wp-json\/wp\/v2\/product_cat?post=254123"},{"taxonomy":"product_tag","embeddable":true,"href":"https:\/\/bbqentertainment.com\/en\/wp-json\/wp\/v2\/product_tag?post=254123"}],"curies":[{"name":"wp","href":"https:\/\/api.w.org\/{rel}","templated":true}]}}