{"id":254139,"date":"2025-08-19T10:45:50","date_gmt":"2025-08-19T07:45:50","guid":{"rendered":"https:\/\/bbqentertainment.com\/?post_type=product&#038;p=254139"},"modified":"2025-08-19T14:58:00","modified_gmt":"2025-08-19T11:58:00","slug":"nostalgiline-ketsup-bulgaaria-250-ml-heimari-kokaklubi","status":"publish","type":"product","link":"https:\/\/bbqentertainment.com\/en\/toode\/nostalgiline-ketsup-bulgaaria-250-ml-heimari-kokaklubi\/","title":{"rendered":"Nostalgiline ket\u0161up \u201cBULGAARIA\u201d 250 ml, Heimari Kokaklubi"},"content":{"rendered":"","protected":false},"excerpt":{"rendered":"<h3>Nostalgiline ket\u0161up \u201cBULGAARIA\u201d 250 ml, Heimari Kokaklubi<\/h3>\n<p>Tunne lapsep\u00f5lvenostalgiat ja naudi maitset, mis viib Sind ajas tagasi! Heimari Kokaklubi poolt taasloodud Bulgaaria ket\u0161up pakub Sulle klassikalist maitseid, mis on hoolikalt valmistatud siinsamas Eestis. Rikkalik tomatipasta kombineerituna Hiiu sinise ploomi, paprika ja pruuni suhkruga, loob t\u00e4iusliku tasakaalu magususe ja hapukuse vahel. Lisamaitsed annavad sellele ket\u0161upile erilise s\u00e4rtsu, mis t\u00e4iendab iga rooga.<\/p>\n<p>\u00c4ra lase sellel maitseelamusel m\u00f6\u00f6da minna \u2013 lisa kohe ostukorvi ja koge vana hea Bulgaaria ket\u0161upi v\u00f5lu oma k\u00f6\u00f6gis.<\/p>\n","protected":false},"featured_media":254154,"template":"","meta":{"inline_featured_image":false},"product_brand":[],"product_cat":[28,646],"product_tag":[],"class_list":{"0":"post-254139","1":"product","2":"type-product","3":"status-publish","4":"has-post-thumbnail","6":"product_cat-maitseandjad","7":"product_cat-heimari-kokaklubi","9":"first","10":"instock","11":"taxable","12":"shipping-taxable","13":"purchasable","14":"product-type-simple"},"yoast_head":"<!-- This site is optimized with the Yoast SEO plugin v27.4 - https:\/\/yoast.com\/product\/yoast-seo-wordpress\/ -->\n<title>Nostalgiline ket\u0161up \u201cBULGAARIA\u201d 250 ml, Heimari Kokaklubi - BBQ Entertainment<\/title>\n<meta name=\"robots\" content=\"index, follow, max-snippet:-1, max-image-preview:large, max-video-preview:-1\" \/>\n<link rel=\"canonical\" href=\"https:\/\/bbqentertainment.com\/toode\/nostalgiline-ketsup-bulgaaria-250-ml-heimari-kokaklubi\/\" \/>\n<meta property=\"og:locale\" content=\"en_US\" \/>\n<meta property=\"og:type\" content=\"article\" \/>\n<meta property=\"og:title\" content=\"Nostalgiline ket\u0161up \u201cBULGAARIA\u201d 250 ml, Heimari Kokaklubi - BBQ Entertainment\" \/>\n<meta property=\"og:description\" content=\"Nostalgiline ket\u0161up \u201cBULGAARIA\u201d 250 ml, Heimari Kokaklubi Tunne lapsep\u00f5lvenostalgiat ja naudi maitset, mis viib Sind ajas tagasi! Heimari Kokaklubi poolt taasloodud Bulgaaria ket\u0161up pakub Sulle klassikalist maitseid, mis on hoolikalt valmistatud siinsamas Eestis. Rikkalik tomatipasta kombineerituna Hiiu sinise ploomi, paprika ja pruuni suhkruga, loob t\u00e4iusliku tasakaalu magususe ja hapukuse vahel. Lisamaitsed annavad sellele ket\u0161upile erilise s\u00e4rtsu, mis t\u00e4iendab iga rooga.  \u00c4ra lase sellel maitseelamusel m\u00f6\u00f6da minna \u2013 lisa kohe ostukorvi ja koge vana hea Bulgaaria ket\u0161upi v\u00f5lu oma k\u00f6\u00f6gis.\" \/>\n<meta property=\"og:url\" content=\"https:\/\/bbqentertainment.com\/toode\/nostalgiline-ketsup-bulgaaria-250-ml-heimari-kokaklubi\/\" \/>\n<meta property=\"og:site_name\" content=\"BBQ Entertainment\" \/>\n<meta property=\"article:publisher\" content=\"https:\/\/www.facebook.com\/BBQ-Entertainment-N-Catering-2437913376443540\" \/>\n<meta property=\"article:modified_time\" content=\"2025-08-19T11:58:00+00:00\" \/>\n<meta property=\"og:image\" content=\"https:\/\/bbqentertainment.com\/wp-content\/uploads\/2025\/08\/Bulgaaria-Ketsup-Heimari-Kokaklubi.jpg\" \/>\n\t<meta property=\"og:image:width\" content=\"1536\" \/>\n\t<meta property=\"og:image:height\" content=\"1536\" \/>\n\t<meta property=\"og:image:type\" content=\"image\/jpeg\" \/>\n<meta name=\"twitter:card\" content=\"summary_large_image\" \/>\n<meta name=\"twitter:label1\" content=\"Est. reading time\" \/>\n\t<meta name=\"twitter:data1\" content=\"1 minute\" \/>\n<script type=\"application\/ld+json\" class=\"yoast-schema-graph\">{\"@context\":\"https:\\\/\\\/schema.org\",\"@graph\":[{\"@type\":[\"WebPage\",\"ItemPage\"],\"@id\":\"https:\\\/\\\/bbqentertainment.com\\\/toode\\\/nostalgiline-ketsup-bulgaaria-250-ml-heimari-kokaklubi\\\/\",\"url\":\"https:\\\/\\\/bbqentertainment.com\\\/toode\\\/nostalgiline-ketsup-bulgaaria-250-ml-heimari-kokaklubi\\\/\",\"name\":\"Nostalgiline ket\u0161up \u201cBULGAARIA\u201d 250 ml, Heimari Kokaklubi - BBQ Entertainment\",\"isPartOf\":{\"@id\":\"https:\\\/\\\/bbqentertainment.com\\\/#website\"},\"primaryImageOfPage\":{\"@id\":\"https:\\\/\\\/bbqentertainment.com\\\/toode\\\/nostalgiline-ketsup-bulgaaria-250-ml-heimari-kokaklubi\\\/#primaryimage\"},\"image\":{\"@id\":\"https:\\\/\\\/bbqentertainment.com\\\/toode\\\/nostalgiline-ketsup-bulgaaria-250-ml-heimari-kokaklubi\\\/#primaryimage\"},\"thumbnailUrl\":\"https:\\\/\\\/bbqentertainment.com\\\/wp-content\\\/uploads\\\/2025\\\/08\\\/Bulgaaria-Ketsup-Heimari-Kokaklubi.jpg\",\"datePublished\":\"2025-08-19T07:45:50+00:00\",\"dateModified\":\"2025-08-19T11:58:00+00:00\",\"breadcrumb\":{\"@id\":\"https:\\\/\\\/bbqentertainment.com\\\/toode\\\/nostalgiline-ketsup-bulgaaria-250-ml-heimari-kokaklubi\\\/#breadcrumb\"},\"inLanguage\":\"en-US\",\"potentialAction\":[{\"@type\":\"ReadAction\",\"target\":[\"https:\\\/\\\/bbqentertainment.com\\\/toode\\\/nostalgiline-ketsup-bulgaaria-250-ml-heimari-kokaklubi\\\/\"]}]},{\"@type\":\"ImageObject\",\"inLanguage\":\"en-US\",\"@id\":\"https:\\\/\\\/bbqentertainment.com\\\/toode\\\/nostalgiline-ketsup-bulgaaria-250-ml-heimari-kokaklubi\\\/#primaryimage\",\"url\":\"https:\\\/\\\/bbqentertainment.com\\\/wp-content\\\/uploads\\\/2025\\\/08\\\/Bulgaaria-Ketsup-Heimari-Kokaklubi.jpg\",\"contentUrl\":\"https:\\\/\\\/bbqentertainment.com\\\/wp-content\\\/uploads\\\/2025\\\/08\\\/Bulgaaria-Ketsup-Heimari-Kokaklubi.jpg\",\"width\":1536,\"height\":1536},{\"@type\":\"BreadcrumbList\",\"@id\":\"https:\\\/\\\/bbqentertainment.com\\\/toode\\\/nostalgiline-ketsup-bulgaaria-250-ml-heimari-kokaklubi\\\/#breadcrumb\",\"itemListElement\":[{\"@type\":\"ListItem\",\"position\":1,\"name\":\"AVALEHT\",\"item\":\"https:\\\/\\\/bbqentertainment.com\\\/en\\\/\"},{\"@type\":\"ListItem\",\"position\":2,\"name\":\"Tooted\",\"item\":\"https:\\\/\\\/bbqentertainment.com\\\/tooted\\\/\"},{\"@type\":\"ListItem\",\"position\":3,\"name\":\"Maitseandjad\",\"item\":\"https:\\\/\\\/bbqentertainment.com\\\/en\\\/tootekategooria\\\/maitseandjad\\\/\"},{\"@type\":\"ListItem\",\"position\":4,\"name\":\"Heimari Kokaklubi\",\"item\":\"https:\\\/\\\/bbqentertainment.com\\\/tootekategooria\\\/maitseandjad\\\/heimari-kokaklubi\\\/\"},{\"@type\":\"ListItem\",\"position\":5,\"name\":\"Nostalgiline ket\u0161up \u201cBULGAARIA\u201d 250 ml, Heimari Kokaklubi\"}]},{\"@type\":\"WebSite\",\"@id\":\"https:\\\/\\\/bbqentertainment.com\\\/#website\",\"url\":\"https:\\\/\\\/bbqentertainment.com\\\/\",\"name\":\"BBQ Entertainment\",\"description\":\"BBQ is a great lifestyle, not just fun!\",\"publisher\":{\"@id\":\"https:\\\/\\\/bbqentertainment.com\\\/#organization\"},\"potentialAction\":[{\"@type\":\"SearchAction\",\"target\":{\"@type\":\"EntryPoint\",\"urlTemplate\":\"https:\\\/\\\/bbqentertainment.com\\\/?s={search_term_string}\"},\"query-input\":{\"@type\":\"PropertyValueSpecification\",\"valueRequired\":true,\"valueName\":\"search_term_string\"}}],\"inLanguage\":\"en-US\"},{\"@type\":\"Organization\",\"@id\":\"https:\\\/\\\/bbqentertainment.com\\\/#organization\",\"name\":\"BBQ Entertainment O\u00dc\",\"url\":\"https:\\\/\\\/bbqentertainment.com\\\/\",\"logo\":{\"@type\":\"ImageObject\",\"inLanguage\":\"en-US\",\"@id\":\"https:\\\/\\\/bbqentertainment.com\\\/#\\\/schema\\\/logo\\\/image\\\/\",\"url\":\"https:\\\/\\\/bbqentertainment.com\\\/wp-content\\\/uploads\\\/2020\\\/04\\\/BBQ-Entertainment-N-Catering-Enn-Tobreluts-Logo.png\",\"contentUrl\":\"https:\\\/\\\/bbqentertainment.com\\\/wp-content\\\/uploads\\\/2020\\\/04\\\/BBQ-Entertainment-N-Catering-Enn-Tobreluts-Logo.png\",\"width\":628,\"height\":266,\"caption\":\"BBQ Entertainment O\u00dc\"},\"image\":{\"@id\":\"https:\\\/\\\/bbqentertainment.com\\\/#\\\/schema\\\/logo\\\/image\\\/\"},\"sameAs\":[\"https:\\\/\\\/www.facebook.com\\\/BBQ-Entertainment-N-Catering-2437913376443540\",\"https:\\\/\\\/www.instagram.com\\\/bbqentertainmentncatering\\\/\",\"https:\\\/\\\/www.youtube.com\\\/channel\\\/UCmpuANQVhLy2Md8nrenp2jA\"]}]}<\/script>\n<!-- \/ Yoast SEO plugin. -->","yoast_head_json":{"title":"Nostalgiline ket\u0161up \u201cBULGAARIA\u201d 250 ml, Heimari Kokaklubi - BBQ Entertainment","robots":{"index":"index","follow":"follow","max-snippet":"max-snippet:-1","max-image-preview":"max-image-preview:large","max-video-preview":"max-video-preview:-1"},"canonical":"https:\/\/bbqentertainment.com\/toode\/nostalgiline-ketsup-bulgaaria-250-ml-heimari-kokaklubi\/","og_locale":"en_US","og_type":"article","og_title":"Nostalgiline ket\u0161up \u201cBULGAARIA\u201d 250 ml, Heimari Kokaklubi - BBQ Entertainment","og_description":"Nostalgiline ket\u0161up \u201cBULGAARIA\u201d 250 ml, Heimari Kokaklubi Tunne lapsep\u00f5lvenostalgiat ja naudi maitset, mis viib Sind ajas tagasi! Heimari Kokaklubi poolt taasloodud Bulgaaria ket\u0161up pakub Sulle klassikalist maitseid, mis on hoolikalt valmistatud siinsamas Eestis. Rikkalik tomatipasta kombineerituna Hiiu sinise ploomi, paprika ja pruuni suhkruga, loob t\u00e4iusliku tasakaalu magususe ja hapukuse vahel. Lisamaitsed annavad sellele ket\u0161upile erilise s\u00e4rtsu, mis t\u00e4iendab iga rooga.  \u00c4ra lase sellel maitseelamusel m\u00f6\u00f6da minna \u2013 lisa kohe ostukorvi ja koge vana hea Bulgaaria ket\u0161upi v\u00f5lu oma k\u00f6\u00f6gis.","og_url":"https:\/\/bbqentertainment.com\/toode\/nostalgiline-ketsup-bulgaaria-250-ml-heimari-kokaklubi\/","og_site_name":"BBQ Entertainment","article_publisher":"https:\/\/www.facebook.com\/BBQ-Entertainment-N-Catering-2437913376443540","article_modified_time":"2025-08-19T11:58:00+00:00","og_image":[{"width":1536,"height":1536,"url":"https:\/\/bbqentertainment.com\/wp-content\/uploads\/2025\/08\/Bulgaaria-Ketsup-Heimari-Kokaklubi.jpg","type":"image\/jpeg"}],"twitter_card":"summary_large_image","twitter_misc":{"Est. reading time":"1 minute"},"schema":{"@context":"https:\/\/schema.org","@graph":[{"@type":["WebPage","ItemPage"],"@id":"https:\/\/bbqentertainment.com\/toode\/nostalgiline-ketsup-bulgaaria-250-ml-heimari-kokaklubi\/","url":"https:\/\/bbqentertainment.com\/toode\/nostalgiline-ketsup-bulgaaria-250-ml-heimari-kokaklubi\/","name":"Nostalgiline ket\u0161up \u201cBULGAARIA\u201d 250 ml, Heimari Kokaklubi - BBQ Entertainment","isPartOf":{"@id":"https:\/\/bbqentertainment.com\/#website"},"primaryImageOfPage":{"@id":"https:\/\/bbqentertainment.com\/toode\/nostalgiline-ketsup-bulgaaria-250-ml-heimari-kokaklubi\/#primaryimage"},"image":{"@id":"https:\/\/bbqentertainment.com\/toode\/nostalgiline-ketsup-bulgaaria-250-ml-heimari-kokaklubi\/#primaryimage"},"thumbnailUrl":"https:\/\/bbqentertainment.com\/wp-content\/uploads\/2025\/08\/Bulgaaria-Ketsup-Heimari-Kokaklubi.jpg","datePublished":"2025-08-19T07:45:50+00:00","dateModified":"2025-08-19T11:58:00+00:00","breadcrumb":{"@id":"https:\/\/bbqentertainment.com\/toode\/nostalgiline-ketsup-bulgaaria-250-ml-heimari-kokaklubi\/#breadcrumb"},"inLanguage":"en-US","potentialAction":[{"@type":"ReadAction","target":["https:\/\/bbqentertainment.com\/toode\/nostalgiline-ketsup-bulgaaria-250-ml-heimari-kokaklubi\/"]}]},{"@type":"ImageObject","inLanguage":"en-US","@id":"https:\/\/bbqentertainment.com\/toode\/nostalgiline-ketsup-bulgaaria-250-ml-heimari-kokaklubi\/#primaryimage","url":"https:\/\/bbqentertainment.com\/wp-content\/uploads\/2025\/08\/Bulgaaria-Ketsup-Heimari-Kokaklubi.jpg","contentUrl":"https:\/\/bbqentertainment.com\/wp-content\/uploads\/2025\/08\/Bulgaaria-Ketsup-Heimari-Kokaklubi.jpg","width":1536,"height":1536},{"@type":"BreadcrumbList","@id":"https:\/\/bbqentertainment.com\/toode\/nostalgiline-ketsup-bulgaaria-250-ml-heimari-kokaklubi\/#breadcrumb","itemListElement":[{"@type":"ListItem","position":1,"name":"AVALEHT","item":"https:\/\/bbqentertainment.com\/en\/"},{"@type":"ListItem","position":2,"name":"Tooted","item":"https:\/\/bbqentertainment.com\/tooted\/"},{"@type":"ListItem","position":3,"name":"Maitseandjad","item":"https:\/\/bbqentertainment.com\/en\/tootekategooria\/maitseandjad\/"},{"@type":"ListItem","position":4,"name":"Heimari Kokaklubi","item":"https:\/\/bbqentertainment.com\/tootekategooria\/maitseandjad\/heimari-kokaklubi\/"},{"@type":"ListItem","position":5,"name":"Nostalgiline ket\u0161up \u201cBULGAARIA\u201d 250 ml, Heimari Kokaklubi"}]},{"@type":"WebSite","@id":"https:\/\/bbqentertainment.com\/#website","url":"https:\/\/bbqentertainment.com\/","name":"BBQ Entertainment","description":"BBQ is a great lifestyle, not just fun!","publisher":{"@id":"https:\/\/bbqentertainment.com\/#organization"},"potentialAction":[{"@type":"SearchAction","target":{"@type":"EntryPoint","urlTemplate":"https:\/\/bbqentertainment.com\/?s={search_term_string}"},"query-input":{"@type":"PropertyValueSpecification","valueRequired":true,"valueName":"search_term_string"}}],"inLanguage":"en-US"},{"@type":"Organization","@id":"https:\/\/bbqentertainment.com\/#organization","name":"BBQ Entertainment O\u00dc","url":"https:\/\/bbqentertainment.com\/","logo":{"@type":"ImageObject","inLanguage":"en-US","@id":"https:\/\/bbqentertainment.com\/#\/schema\/logo\/image\/","url":"https:\/\/bbqentertainment.com\/wp-content\/uploads\/2020\/04\/BBQ-Entertainment-N-Catering-Enn-Tobreluts-Logo.png","contentUrl":"https:\/\/bbqentertainment.com\/wp-content\/uploads\/2020\/04\/BBQ-Entertainment-N-Catering-Enn-Tobreluts-Logo.png","width":628,"height":266,"caption":"BBQ Entertainment O\u00dc"},"image":{"@id":"https:\/\/bbqentertainment.com\/#\/schema\/logo\/image\/"},"sameAs":["https:\/\/www.facebook.com\/BBQ-Entertainment-N-Catering-2437913376443540","https:\/\/www.instagram.com\/bbqentertainmentncatering\/","https:\/\/www.youtube.com\/channel\/UCmpuANQVhLy2Md8nrenp2jA"]}]}},"_links":{"self":[{"href":"https:\/\/bbqentertainment.com\/en\/wp-json\/wp\/v2\/product\/254139","targetHints":{"allow":["GET"]}}],"collection":[{"href":"https:\/\/bbqentertainment.com\/en\/wp-json\/wp\/v2\/product"}],"about":[{"href":"https:\/\/bbqentertainment.com\/en\/wp-json\/wp\/v2\/types\/product"}],"wp:featuredmedia":[{"embeddable":true,"href":"https:\/\/bbqentertainment.com\/en\/wp-json\/wp\/v2\/media\/254154"}],"wp:attachment":[{"href":"https:\/\/bbqentertainment.com\/en\/wp-json\/wp\/v2\/media?parent=254139"}],"wp:term":[{"taxonomy":"product_brand","embeddable":true,"href":"https:\/\/bbqentertainment.com\/en\/wp-json\/wp\/v2\/product_brand?post=254139"},{"taxonomy":"product_cat","embeddable":true,"href":"https:\/\/bbqentertainment.com\/en\/wp-json\/wp\/v2\/product_cat?post=254139"},{"taxonomy":"product_tag","embeddable":true,"href":"https:\/\/bbqentertainment.com\/en\/wp-json\/wp\/v2\/product_tag?post=254139"}],"curies":[{"name":"wp","href":"https:\/\/api.w.org\/{rel}","templated":true}]}}