{"id":254140,"date":"2025-08-19T10:45:50","date_gmt":"2025-08-19T07:45:50","guid":{"rendered":"https:\/\/bbqentertainment.com\/?post_type=product&#038;p=254140"},"modified":"2025-08-19T14:58:00","modified_gmt":"2025-08-19T11:58:00","slug":"ketsup-jalapeno-250-ml-heimari-kokaklubi","status":"publish","type":"product","link":"https:\/\/bbqentertainment.com\/en\/toode\/ketsup-jalapeno-250-ml-heimari-kokaklubi\/","title":{"rendered":"Ket\u0161up \u201cJALAPENO\u201d 250 ml, Heimari Kokaklubi"},"content":{"rendered":"","protected":false},"excerpt":{"rendered":"<h3>Ket\u0161up \u201cJALAPENO\u201d 250 ml, Heimari Kokaklubi<\/h3>\n<p>Kas tavaline ket\u0161up ei paku enam p\u00f5nevust? Tutvu Chef Heimar Kuuskleri jalapeno ket\u0161upiga, mis lisab igale roale nostalgilist s\u00e4rtsu ja v\u00fcrtsi. See unikaalne, Eestis valmistatud ket\u0161up, kus iga tilk toob esile jalapeno t\u0161illi \u00e4geda maitse, on m\u00f5eldud neile, kes ihaldavad midagi enamat ja teravamat.<\/p>\n<p>Jalapeno ket\u0161up \u2013 ideaalne valik neile, kelle jaoks pole iial piisavalt t\u0161illit!<\/p>\n<p>**Koostisosad:** Tomatipasta, vesi, \u00e4\u00e4dikas, Jalapeno t\u0161illi, pruun suhkur, sool, maitseained.<br \/>\n**S\u00e4ilitamine:** Avamata toote k\u00f5lblikkusaeg on m\u00e4rgitud pudelil. Avatud toodet hoia jahedas ning tarbi 2 kuu jooksul.<\/p>\n<p>Naudi ja lisa ostukorvi juba t\u00e4na!<\/p>\n","protected":false},"featured_media":254156,"template":"","meta":{"inline_featured_image":false},"product_brand":[],"product_cat":[28,646],"product_tag":[],"class_list":{"0":"post-254140","1":"product","2":"type-product","3":"status-publish","4":"has-post-thumbnail","6":"product_cat-maitseandjad","7":"product_cat-heimari-kokaklubi","9":"first","10":"instock","11":"taxable","12":"shipping-taxable","13":"purchasable","14":"product-type-simple"},"yoast_head":"<!-- This site is optimized with the Yoast SEO plugin v27.4 - https:\/\/yoast.com\/product\/yoast-seo-wordpress\/ -->\n<title>Ket\u0161up \u201cJALAPENO\u201d 250 ml, Heimari Kokaklubi - BBQ Entertainment<\/title>\n<meta name=\"robots\" content=\"index, follow, max-snippet:-1, max-image-preview:large, max-video-preview:-1\" \/>\n<link rel=\"canonical\" href=\"https:\/\/bbqentertainment.com\/toode\/ketsup-jalapeno-250-ml-heimari-kokaklubi\/\" \/>\n<meta property=\"og:locale\" content=\"en_US\" \/>\n<meta property=\"og:type\" content=\"article\" \/>\n<meta property=\"og:title\" content=\"Ket\u0161up \u201cJALAPENO\u201d 250 ml, Heimari Kokaklubi - BBQ Entertainment\" \/>\n<meta property=\"og:description\" content=\"Ket\u0161up \u201cJALAPENO\u201d 250 ml, Heimari Kokaklubi Kas tavaline ket\u0161up ei paku enam p\u00f5nevust? Tutvu Chef Heimar Kuuskleri jalapeno ket\u0161upiga, mis lisab igale roale nostalgilist s\u00e4rtsu ja v\u00fcrtsi. See unikaalne, Eestis valmistatud ket\u0161up, kus iga tilk toob esile jalapeno t\u0161illi \u00e4geda maitse, on m\u00f5eldud neile, kes ihaldavad midagi enamat ja teravamat.  Jalapeno ket\u0161up \u2013 ideaalne valik neile, kelle jaoks pole iial piisavalt t\u0161illit!  **Koostisosad:** Tomatipasta, vesi, \u00e4\u00e4dikas, Jalapeno t\u0161illi, pruun suhkur, sool, maitseained. **S\u00e4ilitamine:** Avamata toote k\u00f5lblikkusaeg on m\u00e4rgitud pudelil. Avatud toodet hoia jahedas ning tarbi 2 kuu jooksul.  Naudi ja lisa ostukorvi juba t\u00e4na!\" \/>\n<meta property=\"og:url\" content=\"https:\/\/bbqentertainment.com\/toode\/ketsup-jalapeno-250-ml-heimari-kokaklubi\/\" \/>\n<meta property=\"og:site_name\" content=\"BBQ Entertainment\" \/>\n<meta property=\"article:publisher\" content=\"https:\/\/www.facebook.com\/BBQ-Entertainment-N-Catering-2437913376443540\" \/>\n<meta property=\"article:modified_time\" content=\"2025-08-19T11:58:00+00:00\" \/>\n<meta property=\"og:image\" content=\"https:\/\/bbqentertainment.com\/wp-content\/uploads\/2025\/08\/Jalapeno-Ketsup-Heimari-Kokaklubi-1.jpg\" \/>\n\t<meta property=\"og:image:width\" content=\"1536\" \/>\n\t<meta property=\"og:image:height\" content=\"1536\" \/>\n\t<meta property=\"og:image:type\" content=\"image\/jpeg\" \/>\n<meta name=\"twitter:card\" content=\"summary_large_image\" \/>\n<script type=\"application\/ld+json\" class=\"yoast-schema-graph\">{\"@context\":\"https:\\\/\\\/schema.org\",\"@graph\":[{\"@type\":[\"WebPage\",\"ItemPage\"],\"@id\":\"https:\\\/\\\/bbqentertainment.com\\\/toode\\\/ketsup-jalapeno-250-ml-heimari-kokaklubi\\\/\",\"url\":\"https:\\\/\\\/bbqentertainment.com\\\/toode\\\/ketsup-jalapeno-250-ml-heimari-kokaklubi\\\/\",\"name\":\"Ket\u0161up \u201cJALAPENO\u201d 250 ml, Heimari Kokaklubi - BBQ Entertainment\",\"isPartOf\":{\"@id\":\"https:\\\/\\\/bbqentertainment.com\\\/#website\"},\"primaryImageOfPage\":{\"@id\":\"https:\\\/\\\/bbqentertainment.com\\\/toode\\\/ketsup-jalapeno-250-ml-heimari-kokaklubi\\\/#primaryimage\"},\"image\":{\"@id\":\"https:\\\/\\\/bbqentertainment.com\\\/toode\\\/ketsup-jalapeno-250-ml-heimari-kokaklubi\\\/#primaryimage\"},\"thumbnailUrl\":\"https:\\\/\\\/bbqentertainment.com\\\/wp-content\\\/uploads\\\/2025\\\/08\\\/Jalapeno-Ketsup-Heimari-Kokaklubi-1.jpg\",\"datePublished\":\"2025-08-19T07:45:50+00:00\",\"dateModified\":\"2025-08-19T11:58:00+00:00\",\"breadcrumb\":{\"@id\":\"https:\\\/\\\/bbqentertainment.com\\\/toode\\\/ketsup-jalapeno-250-ml-heimari-kokaklubi\\\/#breadcrumb\"},\"inLanguage\":\"en-US\",\"potentialAction\":[{\"@type\":\"ReadAction\",\"target\":[\"https:\\\/\\\/bbqentertainment.com\\\/toode\\\/ketsup-jalapeno-250-ml-heimari-kokaklubi\\\/\"]}]},{\"@type\":\"ImageObject\",\"inLanguage\":\"en-US\",\"@id\":\"https:\\\/\\\/bbqentertainment.com\\\/toode\\\/ketsup-jalapeno-250-ml-heimari-kokaklubi\\\/#primaryimage\",\"url\":\"https:\\\/\\\/bbqentertainment.com\\\/wp-content\\\/uploads\\\/2025\\\/08\\\/Jalapeno-Ketsup-Heimari-Kokaklubi-1.jpg\",\"contentUrl\":\"https:\\\/\\\/bbqentertainment.com\\\/wp-content\\\/uploads\\\/2025\\\/08\\\/Jalapeno-Ketsup-Heimari-Kokaklubi-1.jpg\",\"width\":1536,\"height\":1536},{\"@type\":\"BreadcrumbList\",\"@id\":\"https:\\\/\\\/bbqentertainment.com\\\/toode\\\/ketsup-jalapeno-250-ml-heimari-kokaklubi\\\/#breadcrumb\",\"itemListElement\":[{\"@type\":\"ListItem\",\"position\":1,\"name\":\"AVALEHT\",\"item\":\"https:\\\/\\\/bbqentertainment.com\\\/en\\\/\"},{\"@type\":\"ListItem\",\"position\":2,\"name\":\"Tooted\",\"item\":\"https:\\\/\\\/bbqentertainment.com\\\/tooted\\\/\"},{\"@type\":\"ListItem\",\"position\":3,\"name\":\"Maitseandjad\",\"item\":\"https:\\\/\\\/bbqentertainment.com\\\/en\\\/tootekategooria\\\/maitseandjad\\\/\"},{\"@type\":\"ListItem\",\"position\":4,\"name\":\"Heimari Kokaklubi\",\"item\":\"https:\\\/\\\/bbqentertainment.com\\\/tootekategooria\\\/maitseandjad\\\/heimari-kokaklubi\\\/\"},{\"@type\":\"ListItem\",\"position\":5,\"name\":\"Ket\u0161up \u201cJALAPENO\u201d 250 ml, Heimari Kokaklubi\"}]},{\"@type\":\"WebSite\",\"@id\":\"https:\\\/\\\/bbqentertainment.com\\\/#website\",\"url\":\"https:\\\/\\\/bbqentertainment.com\\\/\",\"name\":\"BBQ Entertainment\",\"description\":\"BBQ is a great lifestyle, not just fun!\",\"publisher\":{\"@id\":\"https:\\\/\\\/bbqentertainment.com\\\/#organization\"},\"potentialAction\":[{\"@type\":\"SearchAction\",\"target\":{\"@type\":\"EntryPoint\",\"urlTemplate\":\"https:\\\/\\\/bbqentertainment.com\\\/?s={search_term_string}\"},\"query-input\":{\"@type\":\"PropertyValueSpecification\",\"valueRequired\":true,\"valueName\":\"search_term_string\"}}],\"inLanguage\":\"en-US\"},{\"@type\":\"Organization\",\"@id\":\"https:\\\/\\\/bbqentertainment.com\\\/#organization\",\"name\":\"BBQ Entertainment O\u00dc\",\"url\":\"https:\\\/\\\/bbqentertainment.com\\\/\",\"logo\":{\"@type\":\"ImageObject\",\"inLanguage\":\"en-US\",\"@id\":\"https:\\\/\\\/bbqentertainment.com\\\/#\\\/schema\\\/logo\\\/image\\\/\",\"url\":\"https:\\\/\\\/bbqentertainment.com\\\/wp-content\\\/uploads\\\/2020\\\/04\\\/BBQ-Entertainment-N-Catering-Enn-Tobreluts-Logo.png\",\"contentUrl\":\"https:\\\/\\\/bbqentertainment.com\\\/wp-content\\\/uploads\\\/2020\\\/04\\\/BBQ-Entertainment-N-Catering-Enn-Tobreluts-Logo.png\",\"width\":628,\"height\":266,\"caption\":\"BBQ Entertainment O\u00dc\"},\"image\":{\"@id\":\"https:\\\/\\\/bbqentertainment.com\\\/#\\\/schema\\\/logo\\\/image\\\/\"},\"sameAs\":[\"https:\\\/\\\/www.facebook.com\\\/BBQ-Entertainment-N-Catering-2437913376443540\",\"https:\\\/\\\/www.instagram.com\\\/bbqentertainmentncatering\\\/\",\"https:\\\/\\\/www.youtube.com\\\/channel\\\/UCmpuANQVhLy2Md8nrenp2jA\"]}]}<\/script>\n<!-- \/ Yoast SEO plugin. -->","yoast_head_json":{"title":"Ket\u0161up \u201cJALAPENO\u201d 250 ml, Heimari Kokaklubi - BBQ Entertainment","robots":{"index":"index","follow":"follow","max-snippet":"max-snippet:-1","max-image-preview":"max-image-preview:large","max-video-preview":"max-video-preview:-1"},"canonical":"https:\/\/bbqentertainment.com\/toode\/ketsup-jalapeno-250-ml-heimari-kokaklubi\/","og_locale":"en_US","og_type":"article","og_title":"Ket\u0161up \u201cJALAPENO\u201d 250 ml, Heimari Kokaklubi - BBQ Entertainment","og_description":"Ket\u0161up \u201cJALAPENO\u201d 250 ml, Heimari Kokaklubi Kas tavaline ket\u0161up ei paku enam p\u00f5nevust? Tutvu Chef Heimar Kuuskleri jalapeno ket\u0161upiga, mis lisab igale roale nostalgilist s\u00e4rtsu ja v\u00fcrtsi. See unikaalne, Eestis valmistatud ket\u0161up, kus iga tilk toob esile jalapeno t\u0161illi \u00e4geda maitse, on m\u00f5eldud neile, kes ihaldavad midagi enamat ja teravamat.  Jalapeno ket\u0161up \u2013 ideaalne valik neile, kelle jaoks pole iial piisavalt t\u0161illit!  **Koostisosad:** Tomatipasta, vesi, \u00e4\u00e4dikas, Jalapeno t\u0161illi, pruun suhkur, sool, maitseained. **S\u00e4ilitamine:** Avamata toote k\u00f5lblikkusaeg on m\u00e4rgitud pudelil. Avatud toodet hoia jahedas ning tarbi 2 kuu jooksul.  Naudi ja lisa ostukorvi juba t\u00e4na!","og_url":"https:\/\/bbqentertainment.com\/toode\/ketsup-jalapeno-250-ml-heimari-kokaklubi\/","og_site_name":"BBQ Entertainment","article_publisher":"https:\/\/www.facebook.com\/BBQ-Entertainment-N-Catering-2437913376443540","article_modified_time":"2025-08-19T11:58:00+00:00","og_image":[{"width":1536,"height":1536,"url":"https:\/\/bbqentertainment.com\/wp-content\/uploads\/2025\/08\/Jalapeno-Ketsup-Heimari-Kokaklubi-1.jpg","type":"image\/jpeg"}],"twitter_card":"summary_large_image","schema":{"@context":"https:\/\/schema.org","@graph":[{"@type":["WebPage","ItemPage"],"@id":"https:\/\/bbqentertainment.com\/toode\/ketsup-jalapeno-250-ml-heimari-kokaklubi\/","url":"https:\/\/bbqentertainment.com\/toode\/ketsup-jalapeno-250-ml-heimari-kokaklubi\/","name":"Ket\u0161up \u201cJALAPENO\u201d 250 ml, Heimari Kokaklubi - BBQ Entertainment","isPartOf":{"@id":"https:\/\/bbqentertainment.com\/#website"},"primaryImageOfPage":{"@id":"https:\/\/bbqentertainment.com\/toode\/ketsup-jalapeno-250-ml-heimari-kokaklubi\/#primaryimage"},"image":{"@id":"https:\/\/bbqentertainment.com\/toode\/ketsup-jalapeno-250-ml-heimari-kokaklubi\/#primaryimage"},"thumbnailUrl":"https:\/\/bbqentertainment.com\/wp-content\/uploads\/2025\/08\/Jalapeno-Ketsup-Heimari-Kokaklubi-1.jpg","datePublished":"2025-08-19T07:45:50+00:00","dateModified":"2025-08-19T11:58:00+00:00","breadcrumb":{"@id":"https:\/\/bbqentertainment.com\/toode\/ketsup-jalapeno-250-ml-heimari-kokaklubi\/#breadcrumb"},"inLanguage":"en-US","potentialAction":[{"@type":"ReadAction","target":["https:\/\/bbqentertainment.com\/toode\/ketsup-jalapeno-250-ml-heimari-kokaklubi\/"]}]},{"@type":"ImageObject","inLanguage":"en-US","@id":"https:\/\/bbqentertainment.com\/toode\/ketsup-jalapeno-250-ml-heimari-kokaklubi\/#primaryimage","url":"https:\/\/bbqentertainment.com\/wp-content\/uploads\/2025\/08\/Jalapeno-Ketsup-Heimari-Kokaklubi-1.jpg","contentUrl":"https:\/\/bbqentertainment.com\/wp-content\/uploads\/2025\/08\/Jalapeno-Ketsup-Heimari-Kokaklubi-1.jpg","width":1536,"height":1536},{"@type":"BreadcrumbList","@id":"https:\/\/bbqentertainment.com\/toode\/ketsup-jalapeno-250-ml-heimari-kokaklubi\/#breadcrumb","itemListElement":[{"@type":"ListItem","position":1,"name":"AVALEHT","item":"https:\/\/bbqentertainment.com\/en\/"},{"@type":"ListItem","position":2,"name":"Tooted","item":"https:\/\/bbqentertainment.com\/tooted\/"},{"@type":"ListItem","position":3,"name":"Maitseandjad","item":"https:\/\/bbqentertainment.com\/en\/tootekategooria\/maitseandjad\/"},{"@type":"ListItem","position":4,"name":"Heimari Kokaklubi","item":"https:\/\/bbqentertainment.com\/tootekategooria\/maitseandjad\/heimari-kokaklubi\/"},{"@type":"ListItem","position":5,"name":"Ket\u0161up \u201cJALAPENO\u201d 250 ml, Heimari Kokaklubi"}]},{"@type":"WebSite","@id":"https:\/\/bbqentertainment.com\/#website","url":"https:\/\/bbqentertainment.com\/","name":"BBQ Entertainment","description":"BBQ is a great lifestyle, not just fun!","publisher":{"@id":"https:\/\/bbqentertainment.com\/#organization"},"potentialAction":[{"@type":"SearchAction","target":{"@type":"EntryPoint","urlTemplate":"https:\/\/bbqentertainment.com\/?s={search_term_string}"},"query-input":{"@type":"PropertyValueSpecification","valueRequired":true,"valueName":"search_term_string"}}],"inLanguage":"en-US"},{"@type":"Organization","@id":"https:\/\/bbqentertainment.com\/#organization","name":"BBQ Entertainment O\u00dc","url":"https:\/\/bbqentertainment.com\/","logo":{"@type":"ImageObject","inLanguage":"en-US","@id":"https:\/\/bbqentertainment.com\/#\/schema\/logo\/image\/","url":"https:\/\/bbqentertainment.com\/wp-content\/uploads\/2020\/04\/BBQ-Entertainment-N-Catering-Enn-Tobreluts-Logo.png","contentUrl":"https:\/\/bbqentertainment.com\/wp-content\/uploads\/2020\/04\/BBQ-Entertainment-N-Catering-Enn-Tobreluts-Logo.png","width":628,"height":266,"caption":"BBQ Entertainment O\u00dc"},"image":{"@id":"https:\/\/bbqentertainment.com\/#\/schema\/logo\/image\/"},"sameAs":["https:\/\/www.facebook.com\/BBQ-Entertainment-N-Catering-2437913376443540","https:\/\/www.instagram.com\/bbqentertainmentncatering\/","https:\/\/www.youtube.com\/channel\/UCmpuANQVhLy2Md8nrenp2jA"]}]}},"_links":{"self":[{"href":"https:\/\/bbqentertainment.com\/en\/wp-json\/wp\/v2\/product\/254140","targetHints":{"allow":["GET"]}}],"collection":[{"href":"https:\/\/bbqentertainment.com\/en\/wp-json\/wp\/v2\/product"}],"about":[{"href":"https:\/\/bbqentertainment.com\/en\/wp-json\/wp\/v2\/types\/product"}],"wp:featuredmedia":[{"embeddable":true,"href":"https:\/\/bbqentertainment.com\/en\/wp-json\/wp\/v2\/media\/254156"}],"wp:attachment":[{"href":"https:\/\/bbqentertainment.com\/en\/wp-json\/wp\/v2\/media?parent=254140"}],"wp:term":[{"taxonomy":"product_brand","embeddable":true,"href":"https:\/\/bbqentertainment.com\/en\/wp-json\/wp\/v2\/product_brand?post=254140"},{"taxonomy":"product_cat","embeddable":true,"href":"https:\/\/bbqentertainment.com\/en\/wp-json\/wp\/v2\/product_cat?post=254140"},{"taxonomy":"product_tag","embeddable":true,"href":"https:\/\/bbqentertainment.com\/en\/wp-json\/wp\/v2\/product_tag?post=254140"}],"curies":[{"name":"wp","href":"https:\/\/api.w.org\/{rel}","templated":true}]}}