{"id":254142,"date":"2025-08-19T10:45:50","date_gmt":"2025-08-19T07:45:50","guid":{"rendered":"https:\/\/bbqentertainment.com\/?post_type=product&#038;p=254142"},"modified":"2025-08-25T13:19:55","modified_gmt":"2025-08-25T10:19:55","slug":"habanero-vurtsikas-kaste-fire-in-the-hole-100-ml-heimari-kokaklubi","status":"publish","type":"product","link":"https:\/\/bbqentertainment.com\/en\/toode\/habanero-vurtsikas-kaste-fire-in-the-hole-100-ml-heimari-kokaklubi\/","title":{"rendered":"Habanero v\u00fcrtsikas kaste &#8220;FIRE IN THE HOLE\u201d 100 ml, Heimari Kokaklubi"},"content":{"rendered":"","protected":false},"excerpt":{"rendered":"<h3>Habanero v\u00fcrtsikas kaste &#8220;FIRE IN THE HOLE\u201d 100 ml, Heimari Kokaklubi<\/h3>\n<p>Heimari Kokaklubi habanero kaste, tuntud kui &#8220;Fire In The Hole&#8221;, on t\u00f5eliselt intrigeeriv maitseelamus, mis ei ole m\u00f5eldud n\u00f5rgan\u00e4rvilistele. See on fermenteeritud habanero t\u0161illikaste, mis viib teid maitser\u00e4nnakule, kus kohtuvad intensiivne kuumus ja s\u00fcgavad maitsen\u00fcansid. Kaste on valmistatud Eestis kasvatatud koostisosadest ning viimistletud kirgliku kokakunsti abil. Naudi seda teravat kaste oma lemmikroogadel, et lisada veidi v\u00fcrtsi ja seiklust igasse suut\u00e4ide. Kaste on saadaval mugavas 100 ml pudelis &#8211; ideaalne igas koduk\u00f6\u00f6gis, et t\u00f5sta toiduelamus uuele tasemele.<\/p>\n<div id=\"tab-description\" class=\"c-product__tabs-panel woocommerce-Tabs-panel woocommerce-Tabs-panel--description panel entry-content wc-tab visible\" role=\"tabpanel\" aria-labelledby=\"tab-title-description\">\n<p><strong>Koostisosad<\/strong><br \/>Tomat, habanero t\u0161illipipar, k\u00fc\u00fcslauk, valgeveini \u00e4\u00e4dikas, sool, suhkur.<\/p>\n<p><strong>Kehtivusaeg ja hoiustamine<\/strong><br \/>Pudelil m\u00e4rgitud kehtivusaeg viitab avamata tootele. Avatud toodet s\u00e4ilitada k\u00fclmkapis ning tarbida 2 kuu jooksul.<\/p>\n<\/div>\n","protected":false},"featured_media":254162,"template":"","meta":{"inline_featured_image":false},"product_brand":[],"product_cat":[28,646],"product_tag":[],"class_list":{"0":"post-254142","1":"product","2":"type-product","3":"status-publish","4":"has-post-thumbnail","6":"product_cat-maitseandjad","7":"product_cat-heimari-kokaklubi","9":"first","10":"instock","11":"taxable","12":"shipping-taxable","13":"purchasable","14":"product-type-simple"},"yoast_head":"<!-- This site is optimized with the Yoast SEO plugin v27.4 - https:\/\/yoast.com\/product\/yoast-seo-wordpress\/ -->\n<title>Habanero v\u00fcrtsikas kaste &quot;FIRE IN THE HOLE\u201d 100 ml, Heimari Kokaklubi - BBQ Entertainment<\/title>\n<meta name=\"robots\" content=\"index, follow, max-snippet:-1, max-image-preview:large, max-video-preview:-1\" \/>\n<link rel=\"canonical\" href=\"https:\/\/bbqentertainment.com\/toode\/habanero-vurtsikas-kaste-fire-in-the-hole-100-ml-heimari-kokaklubi\/\" \/>\n<meta property=\"og:locale\" content=\"en_US\" \/>\n<meta property=\"og:type\" content=\"article\" \/>\n<meta property=\"og:title\" content=\"Habanero v\u00fcrtsikas kaste &quot;FIRE IN THE HOLE\u201d 100 ml, Heimari Kokaklubi - BBQ Entertainment\" \/>\n<meta property=\"og:description\" content=\"Habanero v\u00fcrtsikas kaste &quot;FIRE IN THE HOLE\u201d 100 ml, Heimari KokaklubiHeimari Kokaklubi habanero kaste, tuntud kui &quot;Fire In The Hole&quot;, on t\u00f5eliselt intrigeeriv maitseelamus, mis ei ole m\u00f5eldud n\u00f5rgan\u00e4rvilistele. See on fermenteeritud habanero t\u0161illikaste, mis viib teid maitser\u00e4nnakule, kus kohtuvad intensiivne kuumus ja s\u00fcgavad maitsen\u00fcansid. Kaste on valmistatud Eestis kasvatatud koostisosadest ning viimistletud kirgliku kokakunsti abil. Naudi seda teravat kaste oma lemmikroogadel, et lisada veidi v\u00fcrtsi ja seiklust igasse suut\u00e4ide. Kaste on saadaval mugavas 100 ml pudelis - ideaalne igas koduk\u00f6\u00f6gis, et t\u00f5sta toiduelamus uuele tasemele.KoostisosadTomat, habanero t\u0161illipipar, k\u00fc\u00fcslauk, valgeveini \u00e4\u00e4dikas, sool, suhkur.Kehtivusaeg ja hoiustaminePudelil m\u00e4rgitud kehtivusaeg viitab avamata tootele. Avatud toodet s\u00e4ilitada k\u00fclmkapis ning tarbida 2 kuu jooksul.\" \/>\n<meta property=\"og:url\" content=\"https:\/\/bbqentertainment.com\/toode\/habanero-vurtsikas-kaste-fire-in-the-hole-100-ml-heimari-kokaklubi\/\" \/>\n<meta property=\"og:site_name\" content=\"BBQ Entertainment\" \/>\n<meta property=\"article:publisher\" content=\"https:\/\/www.facebook.com\/BBQ-Entertainment-N-Catering-2437913376443540\" \/>\n<meta property=\"article:modified_time\" content=\"2025-08-25T10:19:55+00:00\" \/>\n<meta property=\"og:image\" content=\"https:\/\/bbqentertainment.com\/wp-content\/uploads\/2025\/08\/Habanero-kaste-Fire-In-The-Hole-Hot-Sauce-100ml-Heimari-Kokaklubi.jpg\" \/>\n\t<meta property=\"og:image:width\" content=\"983\" \/>\n\t<meta property=\"og:image:height\" content=\"982\" \/>\n\t<meta property=\"og:image:type\" content=\"image\/jpeg\" \/>\n<meta name=\"twitter:card\" content=\"summary_large_image\" \/>\n<script type=\"application\/ld+json\" class=\"yoast-schema-graph\">{\"@context\":\"https:\\\/\\\/schema.org\",\"@graph\":[{\"@type\":[\"WebPage\",\"ItemPage\"],\"@id\":\"https:\\\/\\\/bbqentertainment.com\\\/toode\\\/habanero-vurtsikas-kaste-fire-in-the-hole-100-ml-heimari-kokaklubi\\\/\",\"url\":\"https:\\\/\\\/bbqentertainment.com\\\/toode\\\/habanero-vurtsikas-kaste-fire-in-the-hole-100-ml-heimari-kokaklubi\\\/\",\"name\":\"Habanero v\u00fcrtsikas kaste \\\"FIRE IN THE HOLE\u201d 100 ml, Heimari Kokaklubi - BBQ Entertainment\",\"isPartOf\":{\"@id\":\"https:\\\/\\\/bbqentertainment.com\\\/#website\"},\"primaryImageOfPage\":{\"@id\":\"https:\\\/\\\/bbqentertainment.com\\\/toode\\\/habanero-vurtsikas-kaste-fire-in-the-hole-100-ml-heimari-kokaklubi\\\/#primaryimage\"},\"image\":{\"@id\":\"https:\\\/\\\/bbqentertainment.com\\\/toode\\\/habanero-vurtsikas-kaste-fire-in-the-hole-100-ml-heimari-kokaklubi\\\/#primaryimage\"},\"thumbnailUrl\":\"https:\\\/\\\/bbqentertainment.com\\\/wp-content\\\/uploads\\\/2025\\\/08\\\/Habanero-kaste-Fire-In-The-Hole-Hot-Sauce-100ml-Heimari-Kokaklubi.jpg\",\"datePublished\":\"2025-08-19T07:45:50+00:00\",\"dateModified\":\"2025-08-25T10:19:55+00:00\",\"breadcrumb\":{\"@id\":\"https:\\\/\\\/bbqentertainment.com\\\/toode\\\/habanero-vurtsikas-kaste-fire-in-the-hole-100-ml-heimari-kokaklubi\\\/#breadcrumb\"},\"inLanguage\":\"en-US\",\"potentialAction\":[{\"@type\":\"ReadAction\",\"target\":[\"https:\\\/\\\/bbqentertainment.com\\\/toode\\\/habanero-vurtsikas-kaste-fire-in-the-hole-100-ml-heimari-kokaklubi\\\/\"]}]},{\"@type\":\"ImageObject\",\"inLanguage\":\"en-US\",\"@id\":\"https:\\\/\\\/bbqentertainment.com\\\/toode\\\/habanero-vurtsikas-kaste-fire-in-the-hole-100-ml-heimari-kokaklubi\\\/#primaryimage\",\"url\":\"https:\\\/\\\/bbqentertainment.com\\\/wp-content\\\/uploads\\\/2025\\\/08\\\/Habanero-kaste-Fire-In-The-Hole-Hot-Sauce-100ml-Heimari-Kokaklubi.jpg\",\"contentUrl\":\"https:\\\/\\\/bbqentertainment.com\\\/wp-content\\\/uploads\\\/2025\\\/08\\\/Habanero-kaste-Fire-In-The-Hole-Hot-Sauce-100ml-Heimari-Kokaklubi.jpg\",\"width\":983,\"height\":982},{\"@type\":\"BreadcrumbList\",\"@id\":\"https:\\\/\\\/bbqentertainment.com\\\/toode\\\/habanero-vurtsikas-kaste-fire-in-the-hole-100-ml-heimari-kokaklubi\\\/#breadcrumb\",\"itemListElement\":[{\"@type\":\"ListItem\",\"position\":1,\"name\":\"AVALEHT\",\"item\":\"https:\\\/\\\/bbqentertainment.com\\\/en\\\/\"},{\"@type\":\"ListItem\",\"position\":2,\"name\":\"Tooted\",\"item\":\"https:\\\/\\\/bbqentertainment.com\\\/tooted\\\/\"},{\"@type\":\"ListItem\",\"position\":3,\"name\":\"Maitseandjad\",\"item\":\"https:\\\/\\\/bbqentertainment.com\\\/en\\\/tootekategooria\\\/maitseandjad\\\/\"},{\"@type\":\"ListItem\",\"position\":4,\"name\":\"Heimari Kokaklubi\",\"item\":\"https:\\\/\\\/bbqentertainment.com\\\/tootekategooria\\\/maitseandjad\\\/heimari-kokaklubi\\\/\"},{\"@type\":\"ListItem\",\"position\":5,\"name\":\"Habanero v\u00fcrtsikas kaste &#8220;FIRE IN THE HOLE\u201d 100 ml, Heimari Kokaklubi\"}]},{\"@type\":\"WebSite\",\"@id\":\"https:\\\/\\\/bbqentertainment.com\\\/#website\",\"url\":\"https:\\\/\\\/bbqentertainment.com\\\/\",\"name\":\"BBQ Entertainment\",\"description\":\"BBQ is a great lifestyle, not just fun!\",\"publisher\":{\"@id\":\"https:\\\/\\\/bbqentertainment.com\\\/#organization\"},\"potentialAction\":[{\"@type\":\"SearchAction\",\"target\":{\"@type\":\"EntryPoint\",\"urlTemplate\":\"https:\\\/\\\/bbqentertainment.com\\\/?s={search_term_string}\"},\"query-input\":{\"@type\":\"PropertyValueSpecification\",\"valueRequired\":true,\"valueName\":\"search_term_string\"}}],\"inLanguage\":\"en-US\"},{\"@type\":\"Organization\",\"@id\":\"https:\\\/\\\/bbqentertainment.com\\\/#organization\",\"name\":\"BBQ Entertainment O\u00dc\",\"url\":\"https:\\\/\\\/bbqentertainment.com\\\/\",\"logo\":{\"@type\":\"ImageObject\",\"inLanguage\":\"en-US\",\"@id\":\"https:\\\/\\\/bbqentertainment.com\\\/#\\\/schema\\\/logo\\\/image\\\/\",\"url\":\"https:\\\/\\\/bbqentertainment.com\\\/wp-content\\\/uploads\\\/2020\\\/04\\\/BBQ-Entertainment-N-Catering-Enn-Tobreluts-Logo.png\",\"contentUrl\":\"https:\\\/\\\/bbqentertainment.com\\\/wp-content\\\/uploads\\\/2020\\\/04\\\/BBQ-Entertainment-N-Catering-Enn-Tobreluts-Logo.png\",\"width\":628,\"height\":266,\"caption\":\"BBQ Entertainment O\u00dc\"},\"image\":{\"@id\":\"https:\\\/\\\/bbqentertainment.com\\\/#\\\/schema\\\/logo\\\/image\\\/\"},\"sameAs\":[\"https:\\\/\\\/www.facebook.com\\\/BBQ-Entertainment-N-Catering-2437913376443540\",\"https:\\\/\\\/www.instagram.com\\\/bbqentertainmentncatering\\\/\",\"https:\\\/\\\/www.youtube.com\\\/channel\\\/UCmpuANQVhLy2Md8nrenp2jA\"]}]}<\/script>\n<!-- \/ Yoast SEO plugin. -->","yoast_head_json":{"title":"Habanero v\u00fcrtsikas kaste \"FIRE IN THE HOLE\u201d 100 ml, Heimari Kokaklubi - BBQ Entertainment","robots":{"index":"index","follow":"follow","max-snippet":"max-snippet:-1","max-image-preview":"max-image-preview:large","max-video-preview":"max-video-preview:-1"},"canonical":"https:\/\/bbqentertainment.com\/toode\/habanero-vurtsikas-kaste-fire-in-the-hole-100-ml-heimari-kokaklubi\/","og_locale":"en_US","og_type":"article","og_title":"Habanero v\u00fcrtsikas kaste \"FIRE IN THE HOLE\u201d 100 ml, Heimari Kokaklubi - BBQ Entertainment","og_description":"Habanero v\u00fcrtsikas kaste \"FIRE IN THE HOLE\u201d 100 ml, Heimari KokaklubiHeimari Kokaklubi habanero kaste, tuntud kui \"Fire In The Hole\", on t\u00f5eliselt intrigeeriv maitseelamus, mis ei ole m\u00f5eldud n\u00f5rgan\u00e4rvilistele. See on fermenteeritud habanero t\u0161illikaste, mis viib teid maitser\u00e4nnakule, kus kohtuvad intensiivne kuumus ja s\u00fcgavad maitsen\u00fcansid. Kaste on valmistatud Eestis kasvatatud koostisosadest ning viimistletud kirgliku kokakunsti abil. Naudi seda teravat kaste oma lemmikroogadel, et lisada veidi v\u00fcrtsi ja seiklust igasse suut\u00e4ide. Kaste on saadaval mugavas 100 ml pudelis - ideaalne igas koduk\u00f6\u00f6gis, et t\u00f5sta toiduelamus uuele tasemele.KoostisosadTomat, habanero t\u0161illipipar, k\u00fc\u00fcslauk, valgeveini \u00e4\u00e4dikas, sool, suhkur.Kehtivusaeg ja hoiustaminePudelil m\u00e4rgitud kehtivusaeg viitab avamata tootele. Avatud toodet s\u00e4ilitada k\u00fclmkapis ning tarbida 2 kuu jooksul.","og_url":"https:\/\/bbqentertainment.com\/toode\/habanero-vurtsikas-kaste-fire-in-the-hole-100-ml-heimari-kokaklubi\/","og_site_name":"BBQ Entertainment","article_publisher":"https:\/\/www.facebook.com\/BBQ-Entertainment-N-Catering-2437913376443540","article_modified_time":"2025-08-25T10:19:55+00:00","og_image":[{"width":983,"height":982,"url":"https:\/\/bbqentertainment.com\/wp-content\/uploads\/2025\/08\/Habanero-kaste-Fire-In-The-Hole-Hot-Sauce-100ml-Heimari-Kokaklubi.jpg","type":"image\/jpeg"}],"twitter_card":"summary_large_image","schema":{"@context":"https:\/\/schema.org","@graph":[{"@type":["WebPage","ItemPage"],"@id":"https:\/\/bbqentertainment.com\/toode\/habanero-vurtsikas-kaste-fire-in-the-hole-100-ml-heimari-kokaklubi\/","url":"https:\/\/bbqentertainment.com\/toode\/habanero-vurtsikas-kaste-fire-in-the-hole-100-ml-heimari-kokaklubi\/","name":"Habanero v\u00fcrtsikas kaste \"FIRE IN THE HOLE\u201d 100 ml, Heimari Kokaklubi - BBQ Entertainment","isPartOf":{"@id":"https:\/\/bbqentertainment.com\/#website"},"primaryImageOfPage":{"@id":"https:\/\/bbqentertainment.com\/toode\/habanero-vurtsikas-kaste-fire-in-the-hole-100-ml-heimari-kokaklubi\/#primaryimage"},"image":{"@id":"https:\/\/bbqentertainment.com\/toode\/habanero-vurtsikas-kaste-fire-in-the-hole-100-ml-heimari-kokaklubi\/#primaryimage"},"thumbnailUrl":"https:\/\/bbqentertainment.com\/wp-content\/uploads\/2025\/08\/Habanero-kaste-Fire-In-The-Hole-Hot-Sauce-100ml-Heimari-Kokaklubi.jpg","datePublished":"2025-08-19T07:45:50+00:00","dateModified":"2025-08-25T10:19:55+00:00","breadcrumb":{"@id":"https:\/\/bbqentertainment.com\/toode\/habanero-vurtsikas-kaste-fire-in-the-hole-100-ml-heimari-kokaklubi\/#breadcrumb"},"inLanguage":"en-US","potentialAction":[{"@type":"ReadAction","target":["https:\/\/bbqentertainment.com\/toode\/habanero-vurtsikas-kaste-fire-in-the-hole-100-ml-heimari-kokaklubi\/"]}]},{"@type":"ImageObject","inLanguage":"en-US","@id":"https:\/\/bbqentertainment.com\/toode\/habanero-vurtsikas-kaste-fire-in-the-hole-100-ml-heimari-kokaklubi\/#primaryimage","url":"https:\/\/bbqentertainment.com\/wp-content\/uploads\/2025\/08\/Habanero-kaste-Fire-In-The-Hole-Hot-Sauce-100ml-Heimari-Kokaklubi.jpg","contentUrl":"https:\/\/bbqentertainment.com\/wp-content\/uploads\/2025\/08\/Habanero-kaste-Fire-In-The-Hole-Hot-Sauce-100ml-Heimari-Kokaklubi.jpg","width":983,"height":982},{"@type":"BreadcrumbList","@id":"https:\/\/bbqentertainment.com\/toode\/habanero-vurtsikas-kaste-fire-in-the-hole-100-ml-heimari-kokaklubi\/#breadcrumb","itemListElement":[{"@type":"ListItem","position":1,"name":"AVALEHT","item":"https:\/\/bbqentertainment.com\/en\/"},{"@type":"ListItem","position":2,"name":"Tooted","item":"https:\/\/bbqentertainment.com\/tooted\/"},{"@type":"ListItem","position":3,"name":"Maitseandjad","item":"https:\/\/bbqentertainment.com\/en\/tootekategooria\/maitseandjad\/"},{"@type":"ListItem","position":4,"name":"Heimari Kokaklubi","item":"https:\/\/bbqentertainment.com\/tootekategooria\/maitseandjad\/heimari-kokaklubi\/"},{"@type":"ListItem","position":5,"name":"Habanero v\u00fcrtsikas kaste &#8220;FIRE IN THE HOLE\u201d 100 ml, Heimari Kokaklubi"}]},{"@type":"WebSite","@id":"https:\/\/bbqentertainment.com\/#website","url":"https:\/\/bbqentertainment.com\/","name":"BBQ Entertainment","description":"BBQ is a great lifestyle, not just fun!","publisher":{"@id":"https:\/\/bbqentertainment.com\/#organization"},"potentialAction":[{"@type":"SearchAction","target":{"@type":"EntryPoint","urlTemplate":"https:\/\/bbqentertainment.com\/?s={search_term_string}"},"query-input":{"@type":"PropertyValueSpecification","valueRequired":true,"valueName":"search_term_string"}}],"inLanguage":"en-US"},{"@type":"Organization","@id":"https:\/\/bbqentertainment.com\/#organization","name":"BBQ Entertainment O\u00dc","url":"https:\/\/bbqentertainment.com\/","logo":{"@type":"ImageObject","inLanguage":"en-US","@id":"https:\/\/bbqentertainment.com\/#\/schema\/logo\/image\/","url":"https:\/\/bbqentertainment.com\/wp-content\/uploads\/2020\/04\/BBQ-Entertainment-N-Catering-Enn-Tobreluts-Logo.png","contentUrl":"https:\/\/bbqentertainment.com\/wp-content\/uploads\/2020\/04\/BBQ-Entertainment-N-Catering-Enn-Tobreluts-Logo.png","width":628,"height":266,"caption":"BBQ Entertainment O\u00dc"},"image":{"@id":"https:\/\/bbqentertainment.com\/#\/schema\/logo\/image\/"},"sameAs":["https:\/\/www.facebook.com\/BBQ-Entertainment-N-Catering-2437913376443540","https:\/\/www.instagram.com\/bbqentertainmentncatering\/","https:\/\/www.youtube.com\/channel\/UCmpuANQVhLy2Md8nrenp2jA"]}]}},"_links":{"self":[{"href":"https:\/\/bbqentertainment.com\/en\/wp-json\/wp\/v2\/product\/254142","targetHints":{"allow":["GET"]}}],"collection":[{"href":"https:\/\/bbqentertainment.com\/en\/wp-json\/wp\/v2\/product"}],"about":[{"href":"https:\/\/bbqentertainment.com\/en\/wp-json\/wp\/v2\/types\/product"}],"wp:featuredmedia":[{"embeddable":true,"href":"https:\/\/bbqentertainment.com\/en\/wp-json\/wp\/v2\/media\/254162"}],"wp:attachment":[{"href":"https:\/\/bbqentertainment.com\/en\/wp-json\/wp\/v2\/media?parent=254142"}],"wp:term":[{"taxonomy":"product_brand","embeddable":true,"href":"https:\/\/bbqentertainment.com\/en\/wp-json\/wp\/v2\/product_brand?post=254142"},{"taxonomy":"product_cat","embeddable":true,"href":"https:\/\/bbqentertainment.com\/en\/wp-json\/wp\/v2\/product_cat?post=254142"},{"taxonomy":"product_tag","embeddable":true,"href":"https:\/\/bbqentertainment.com\/en\/wp-json\/wp\/v2\/product_tag?post=254142"}],"curies":[{"name":"wp","href":"https:\/\/api.w.org\/{rel}","templated":true}]}}