{"id":254143,"date":"2025-08-19T10:45:51","date_gmt":"2025-08-19T07:45:51","guid":{"rendered":"https:\/\/bbqentertainment.com\/toode\/carolina-reaper-vurtsikas-kaste-angry-brother-100-ml-heimari-kokaklubi\/"},"modified":"2025-08-25T13:19:55","modified_gmt":"2025-08-25T10:19:55","slug":"carolina-reaper-vurtsikas-kaste-angry-brother-100-ml-heimari-kokaklubi","status":"publish","type":"product","link":"https:\/\/bbqentertainment.com\/en\/toode\/carolina-reaper-vurtsikas-kaste-angry-brother-100-ml-heimari-kokaklubi\/","title":{"rendered":"Carolina Reaper v\u00fcrtsikas kaste &#8220;ANGRY BROTHER&#8221; 100 ml, Heimari Kokaklubi"},"content":{"rendered":"","protected":false},"excerpt":{"rendered":"<h3>Carolina Reaper v\u00fcrtsikas kaste &#8220;ANGRY BROTHER&#8221; 100 ml, Heimari Kokaklubi<\/h3>\n<p>Avasta t\u00f5eline maitser\u00e4nnak Heimari Kokaklubi kuumaima kastme, Angry Brotheriga. See on maitsek\u00fcllane segu, kus m\u00e4ngleva kergusega p\u00f5imuvad habanero ja Carolina Reaper t\u0161illid, tuues igasse ampsu tulise elamuse. See kaste on m\u00f5eldud t\u00f5elistele v\u00fcrtsigurmaanidele, pakkudes teravat v\u00e4ljakutset. Valmistatud Eestis, r\u00f5hutab see kaste kohalike koostisosade kvaliteeti ning k\u00e4sit\u00f6\u00f6 meisterlikkust. Koostises peituvad tomatid, k\u00fc\u00fcslauk, valgeveini \u00e4\u00e4dikas ja n\u00e4puotsat\u00e4is soola ning suhkrut, tehes sellest kastmest midagi enamat lihtsalt teravusest \u2013 see on kulinaarne kogemus. Ei soovitata algajatele, kuid v\u00fcrtsikate maitsete austajatele on see t\u00f5eline maiuspala. Avamata kestab see kaua, kuid avatud pudel tuleb \u00e4ra kasutada kahe kuu jooksul, hoides seda jahedas. Ole valmis suvegrillimisteks v\u00f5i lisa teravust oma lemmikroogadele \u2013 Angry Brother ootab sind!<\/p>\n<p><strong>Koostisosad<\/strong><br \/>Tomat, habanero t\u0161illipipar, Carolina Reaper t\u0161illi k\u00fc\u00fcslauk, valgeveini \u00e4\u00e4dikas, sool, suhkur.<\/p>\n<p><strong>Kehtivusaeg ja hoiustamine<\/strong><br \/>Pudelil m\u00e4rgitud kehtivusaeg viitab avamata tootele. Avatud toodet s\u00e4ilitada k\u00fclmkapis ning tarbida 2 kuu jooksul.<\/p>\n","protected":false},"featured_media":254164,"template":"","meta":{"inline_featured_image":false},"product_brand":[],"product_cat":[28,646],"product_tag":[],"class_list":{"0":"post-254143","1":"product","2":"type-product","3":"status-publish","4":"has-post-thumbnail","6":"product_cat-maitseandjad","7":"product_cat-heimari-kokaklubi","9":"first","10":"instock","11":"taxable","12":"shipping-taxable","13":"purchasable","14":"product-type-simple"},"yoast_head":"<!-- This site is optimized with the Yoast SEO plugin v27.4 - https:\/\/yoast.com\/product\/yoast-seo-wordpress\/ -->\n<title>Carolina Reaper v\u00fcrtsikas kaste &quot;ANGRY BROTHER&quot; 100 ml, Heimari Kokaklubi - BBQ Entertainment<\/title>\n<meta name=\"robots\" content=\"index, follow, max-snippet:-1, max-image-preview:large, max-video-preview:-1\" \/>\n<link rel=\"canonical\" href=\"https:\/\/bbqentertainment.com\/toode\/carolina-reaper-vurtsikas-kaste-angry-brother-100-ml-heimari-kokaklubi\/\" \/>\n<meta property=\"og:locale\" content=\"en_US\" \/>\n<meta property=\"og:type\" content=\"article\" \/>\n<meta property=\"og:title\" content=\"Carolina Reaper v\u00fcrtsikas kaste &quot;ANGRY BROTHER&quot; 100 ml, Heimari Kokaklubi - BBQ Entertainment\" \/>\n<meta property=\"og:description\" content=\"Carolina Reaper v\u00fcrtsikas kaste &quot;ANGRY BROTHER&quot; 100 ml, Heimari KokaklubiAvasta t\u00f5eline maitser\u00e4nnak Heimari Kokaklubi kuumaima kastme, Angry Brotheriga. See on maitsek\u00fcllane segu, kus m\u00e4ngleva kergusega p\u00f5imuvad habanero ja Carolina Reaper t\u0161illid, tuues igasse ampsu tulise elamuse. See kaste on m\u00f5eldud t\u00f5elistele v\u00fcrtsigurmaanidele, pakkudes teravat v\u00e4ljakutset. Valmistatud Eestis, r\u00f5hutab see kaste kohalike koostisosade kvaliteeti ning k\u00e4sit\u00f6\u00f6 meisterlikkust. Koostises peituvad tomatid, k\u00fc\u00fcslauk, valgeveini \u00e4\u00e4dikas ja n\u00e4puotsat\u00e4is soola ning suhkrut, tehes sellest kastmest midagi enamat lihtsalt teravusest \u2013 see on kulinaarne kogemus. Ei soovitata algajatele, kuid v\u00fcrtsikate maitsete austajatele on see t\u00f5eline maiuspala. Avamata kestab see kaua, kuid avatud pudel tuleb \u00e4ra kasutada kahe kuu jooksul, hoides seda jahedas. Ole valmis suvegrillimisteks v\u00f5i lisa teravust oma lemmikroogadele \u2013 Angry Brother ootab sind!KoostisosadTomat, habanero t\u0161illipipar, Carolina Reaper t\u0161illi k\u00fc\u00fcslauk, valgeveini \u00e4\u00e4dikas, sool, suhkur.Kehtivusaeg ja hoiustaminePudelil m\u00e4rgitud kehtivusaeg viitab avamata tootele. Avatud toodet s\u00e4ilitada k\u00fclmkapis ning tarbida 2 kuu jooksul.\" \/>\n<meta property=\"og:url\" content=\"https:\/\/bbqentertainment.com\/toode\/carolina-reaper-vurtsikas-kaste-angry-brother-100-ml-heimari-kokaklubi\/\" \/>\n<meta property=\"og:site_name\" content=\"BBQ Entertainment\" \/>\n<meta property=\"article:publisher\" content=\"https:\/\/www.facebook.com\/BBQ-Entertainment-N-Catering-2437913376443540\" \/>\n<meta property=\"article:modified_time\" content=\"2025-08-25T10:19:55+00:00\" \/>\n<meta property=\"og:image\" content=\"https:\/\/bbqentertainment.com\/wp-content\/uploads\/2025\/08\/Carolina-reaper-kaste-Angry-Brother-Hot-Sauce-100ml-Heimari-Kokaklubi.jpg\" \/>\n\t<meta property=\"og:image:width\" content=\"985\" \/>\n\t<meta property=\"og:image:height\" content=\"985\" \/>\n\t<meta property=\"og:image:type\" content=\"image\/jpeg\" \/>\n<meta name=\"twitter:card\" content=\"summary_large_image\" \/>\n<script type=\"application\/ld+json\" class=\"yoast-schema-graph\">{\"@context\":\"https:\\\/\\\/schema.org\",\"@graph\":[{\"@type\":[\"WebPage\",\"ItemPage\"],\"@id\":\"https:\\\/\\\/bbqentertainment.com\\\/toode\\\/carolina-reaper-vurtsikas-kaste-angry-brother-100-ml-heimari-kokaklubi\\\/\",\"url\":\"https:\\\/\\\/bbqentertainment.com\\\/toode\\\/carolina-reaper-vurtsikas-kaste-angry-brother-100-ml-heimari-kokaklubi\\\/\",\"name\":\"Carolina Reaper v\u00fcrtsikas kaste \\\"ANGRY BROTHER\\\" 100 ml, Heimari Kokaklubi - BBQ Entertainment\",\"isPartOf\":{\"@id\":\"https:\\\/\\\/bbqentertainment.com\\\/#website\"},\"primaryImageOfPage\":{\"@id\":\"https:\\\/\\\/bbqentertainment.com\\\/toode\\\/carolina-reaper-vurtsikas-kaste-angry-brother-100-ml-heimari-kokaklubi\\\/#primaryimage\"},\"image\":{\"@id\":\"https:\\\/\\\/bbqentertainment.com\\\/toode\\\/carolina-reaper-vurtsikas-kaste-angry-brother-100-ml-heimari-kokaklubi\\\/#primaryimage\"},\"thumbnailUrl\":\"https:\\\/\\\/bbqentertainment.com\\\/wp-content\\\/uploads\\\/2025\\\/08\\\/Carolina-reaper-kaste-Angry-Brother-Hot-Sauce-100ml-Heimari-Kokaklubi.jpg\",\"datePublished\":\"2025-08-19T07:45:51+00:00\",\"dateModified\":\"2025-08-25T10:19:55+00:00\",\"breadcrumb\":{\"@id\":\"https:\\\/\\\/bbqentertainment.com\\\/toode\\\/carolina-reaper-vurtsikas-kaste-angry-brother-100-ml-heimari-kokaklubi\\\/#breadcrumb\"},\"inLanguage\":\"en-US\",\"potentialAction\":[{\"@type\":\"ReadAction\",\"target\":[\"https:\\\/\\\/bbqentertainment.com\\\/toode\\\/carolina-reaper-vurtsikas-kaste-angry-brother-100-ml-heimari-kokaklubi\\\/\"]}]},{\"@type\":\"ImageObject\",\"inLanguage\":\"en-US\",\"@id\":\"https:\\\/\\\/bbqentertainment.com\\\/toode\\\/carolina-reaper-vurtsikas-kaste-angry-brother-100-ml-heimari-kokaklubi\\\/#primaryimage\",\"url\":\"https:\\\/\\\/bbqentertainment.com\\\/wp-content\\\/uploads\\\/2025\\\/08\\\/Carolina-reaper-kaste-Angry-Brother-Hot-Sauce-100ml-Heimari-Kokaklubi.jpg\",\"contentUrl\":\"https:\\\/\\\/bbqentertainment.com\\\/wp-content\\\/uploads\\\/2025\\\/08\\\/Carolina-reaper-kaste-Angry-Brother-Hot-Sauce-100ml-Heimari-Kokaklubi.jpg\",\"width\":985,\"height\":985},{\"@type\":\"BreadcrumbList\",\"@id\":\"https:\\\/\\\/bbqentertainment.com\\\/toode\\\/carolina-reaper-vurtsikas-kaste-angry-brother-100-ml-heimari-kokaklubi\\\/#breadcrumb\",\"itemListElement\":[{\"@type\":\"ListItem\",\"position\":1,\"name\":\"AVALEHT\",\"item\":\"https:\\\/\\\/bbqentertainment.com\\\/en\\\/\"},{\"@type\":\"ListItem\",\"position\":2,\"name\":\"Tooted\",\"item\":\"https:\\\/\\\/bbqentertainment.com\\\/tooted\\\/\"},{\"@type\":\"ListItem\",\"position\":3,\"name\":\"Maitseandjad\",\"item\":\"https:\\\/\\\/bbqentertainment.com\\\/en\\\/tootekategooria\\\/maitseandjad\\\/\"},{\"@type\":\"ListItem\",\"position\":4,\"name\":\"Heimari Kokaklubi\",\"item\":\"https:\\\/\\\/bbqentertainment.com\\\/tootekategooria\\\/maitseandjad\\\/heimari-kokaklubi\\\/\"},{\"@type\":\"ListItem\",\"position\":5,\"name\":\"Carolina Reaper v\u00fcrtsikas kaste &#8220;ANGRY BROTHER&#8221; 100 ml, Heimari Kokaklubi\"}]},{\"@type\":\"WebSite\",\"@id\":\"https:\\\/\\\/bbqentertainment.com\\\/#website\",\"url\":\"https:\\\/\\\/bbqentertainment.com\\\/\",\"name\":\"BBQ Entertainment\",\"description\":\"BBQ is a great lifestyle, not just fun!\",\"publisher\":{\"@id\":\"https:\\\/\\\/bbqentertainment.com\\\/#organization\"},\"potentialAction\":[{\"@type\":\"SearchAction\",\"target\":{\"@type\":\"EntryPoint\",\"urlTemplate\":\"https:\\\/\\\/bbqentertainment.com\\\/?s={search_term_string}\"},\"query-input\":{\"@type\":\"PropertyValueSpecification\",\"valueRequired\":true,\"valueName\":\"search_term_string\"}}],\"inLanguage\":\"en-US\"},{\"@type\":\"Organization\",\"@id\":\"https:\\\/\\\/bbqentertainment.com\\\/#organization\",\"name\":\"BBQ Entertainment O\u00dc\",\"url\":\"https:\\\/\\\/bbqentertainment.com\\\/\",\"logo\":{\"@type\":\"ImageObject\",\"inLanguage\":\"en-US\",\"@id\":\"https:\\\/\\\/bbqentertainment.com\\\/#\\\/schema\\\/logo\\\/image\\\/\",\"url\":\"https:\\\/\\\/bbqentertainment.com\\\/wp-content\\\/uploads\\\/2020\\\/04\\\/BBQ-Entertainment-N-Catering-Enn-Tobreluts-Logo.png\",\"contentUrl\":\"https:\\\/\\\/bbqentertainment.com\\\/wp-content\\\/uploads\\\/2020\\\/04\\\/BBQ-Entertainment-N-Catering-Enn-Tobreluts-Logo.png\",\"width\":628,\"height\":266,\"caption\":\"BBQ Entertainment O\u00dc\"},\"image\":{\"@id\":\"https:\\\/\\\/bbqentertainment.com\\\/#\\\/schema\\\/logo\\\/image\\\/\"},\"sameAs\":[\"https:\\\/\\\/www.facebook.com\\\/BBQ-Entertainment-N-Catering-2437913376443540\",\"https:\\\/\\\/www.instagram.com\\\/bbqentertainmentncatering\\\/\",\"https:\\\/\\\/www.youtube.com\\\/channel\\\/UCmpuANQVhLy2Md8nrenp2jA\"]}]}<\/script>\n<!-- \/ Yoast SEO plugin. -->","yoast_head_json":{"title":"Carolina Reaper v\u00fcrtsikas kaste \"ANGRY BROTHER\" 100 ml, Heimari Kokaklubi - BBQ Entertainment","robots":{"index":"index","follow":"follow","max-snippet":"max-snippet:-1","max-image-preview":"max-image-preview:large","max-video-preview":"max-video-preview:-1"},"canonical":"https:\/\/bbqentertainment.com\/toode\/carolina-reaper-vurtsikas-kaste-angry-brother-100-ml-heimari-kokaklubi\/","og_locale":"en_US","og_type":"article","og_title":"Carolina Reaper v\u00fcrtsikas kaste \"ANGRY BROTHER\" 100 ml, Heimari Kokaklubi - BBQ Entertainment","og_description":"Carolina Reaper v\u00fcrtsikas kaste \"ANGRY BROTHER\" 100 ml, Heimari KokaklubiAvasta t\u00f5eline maitser\u00e4nnak Heimari Kokaklubi kuumaima kastme, Angry Brotheriga. See on maitsek\u00fcllane segu, kus m\u00e4ngleva kergusega p\u00f5imuvad habanero ja Carolina Reaper t\u0161illid, tuues igasse ampsu tulise elamuse. See kaste on m\u00f5eldud t\u00f5elistele v\u00fcrtsigurmaanidele, pakkudes teravat v\u00e4ljakutset. Valmistatud Eestis, r\u00f5hutab see kaste kohalike koostisosade kvaliteeti ning k\u00e4sit\u00f6\u00f6 meisterlikkust. Koostises peituvad tomatid, k\u00fc\u00fcslauk, valgeveini \u00e4\u00e4dikas ja n\u00e4puotsat\u00e4is soola ning suhkrut, tehes sellest kastmest midagi enamat lihtsalt teravusest \u2013 see on kulinaarne kogemus. Ei soovitata algajatele, kuid v\u00fcrtsikate maitsete austajatele on see t\u00f5eline maiuspala. Avamata kestab see kaua, kuid avatud pudel tuleb \u00e4ra kasutada kahe kuu jooksul, hoides seda jahedas. Ole valmis suvegrillimisteks v\u00f5i lisa teravust oma lemmikroogadele \u2013 Angry Brother ootab sind!KoostisosadTomat, habanero t\u0161illipipar, Carolina Reaper t\u0161illi k\u00fc\u00fcslauk, valgeveini \u00e4\u00e4dikas, sool, suhkur.Kehtivusaeg ja hoiustaminePudelil m\u00e4rgitud kehtivusaeg viitab avamata tootele. Avatud toodet s\u00e4ilitada k\u00fclmkapis ning tarbida 2 kuu jooksul.","og_url":"https:\/\/bbqentertainment.com\/toode\/carolina-reaper-vurtsikas-kaste-angry-brother-100-ml-heimari-kokaklubi\/","og_site_name":"BBQ Entertainment","article_publisher":"https:\/\/www.facebook.com\/BBQ-Entertainment-N-Catering-2437913376443540","article_modified_time":"2025-08-25T10:19:55+00:00","og_image":[{"width":985,"height":985,"url":"https:\/\/bbqentertainment.com\/wp-content\/uploads\/2025\/08\/Carolina-reaper-kaste-Angry-Brother-Hot-Sauce-100ml-Heimari-Kokaklubi.jpg","type":"image\/jpeg"}],"twitter_card":"summary_large_image","schema":{"@context":"https:\/\/schema.org","@graph":[{"@type":["WebPage","ItemPage"],"@id":"https:\/\/bbqentertainment.com\/toode\/carolina-reaper-vurtsikas-kaste-angry-brother-100-ml-heimari-kokaklubi\/","url":"https:\/\/bbqentertainment.com\/toode\/carolina-reaper-vurtsikas-kaste-angry-brother-100-ml-heimari-kokaklubi\/","name":"Carolina Reaper v\u00fcrtsikas kaste \"ANGRY BROTHER\" 100 ml, Heimari Kokaklubi - BBQ Entertainment","isPartOf":{"@id":"https:\/\/bbqentertainment.com\/#website"},"primaryImageOfPage":{"@id":"https:\/\/bbqentertainment.com\/toode\/carolina-reaper-vurtsikas-kaste-angry-brother-100-ml-heimari-kokaklubi\/#primaryimage"},"image":{"@id":"https:\/\/bbqentertainment.com\/toode\/carolina-reaper-vurtsikas-kaste-angry-brother-100-ml-heimari-kokaklubi\/#primaryimage"},"thumbnailUrl":"https:\/\/bbqentertainment.com\/wp-content\/uploads\/2025\/08\/Carolina-reaper-kaste-Angry-Brother-Hot-Sauce-100ml-Heimari-Kokaklubi.jpg","datePublished":"2025-08-19T07:45:51+00:00","dateModified":"2025-08-25T10:19:55+00:00","breadcrumb":{"@id":"https:\/\/bbqentertainment.com\/toode\/carolina-reaper-vurtsikas-kaste-angry-brother-100-ml-heimari-kokaklubi\/#breadcrumb"},"inLanguage":"en-US","potentialAction":[{"@type":"ReadAction","target":["https:\/\/bbqentertainment.com\/toode\/carolina-reaper-vurtsikas-kaste-angry-brother-100-ml-heimari-kokaklubi\/"]}]},{"@type":"ImageObject","inLanguage":"en-US","@id":"https:\/\/bbqentertainment.com\/toode\/carolina-reaper-vurtsikas-kaste-angry-brother-100-ml-heimari-kokaklubi\/#primaryimage","url":"https:\/\/bbqentertainment.com\/wp-content\/uploads\/2025\/08\/Carolina-reaper-kaste-Angry-Brother-Hot-Sauce-100ml-Heimari-Kokaklubi.jpg","contentUrl":"https:\/\/bbqentertainment.com\/wp-content\/uploads\/2025\/08\/Carolina-reaper-kaste-Angry-Brother-Hot-Sauce-100ml-Heimari-Kokaklubi.jpg","width":985,"height":985},{"@type":"BreadcrumbList","@id":"https:\/\/bbqentertainment.com\/toode\/carolina-reaper-vurtsikas-kaste-angry-brother-100-ml-heimari-kokaklubi\/#breadcrumb","itemListElement":[{"@type":"ListItem","position":1,"name":"AVALEHT","item":"https:\/\/bbqentertainment.com\/en\/"},{"@type":"ListItem","position":2,"name":"Tooted","item":"https:\/\/bbqentertainment.com\/tooted\/"},{"@type":"ListItem","position":3,"name":"Maitseandjad","item":"https:\/\/bbqentertainment.com\/en\/tootekategooria\/maitseandjad\/"},{"@type":"ListItem","position":4,"name":"Heimari Kokaklubi","item":"https:\/\/bbqentertainment.com\/tootekategooria\/maitseandjad\/heimari-kokaklubi\/"},{"@type":"ListItem","position":5,"name":"Carolina Reaper v\u00fcrtsikas kaste &#8220;ANGRY BROTHER&#8221; 100 ml, Heimari Kokaklubi"}]},{"@type":"WebSite","@id":"https:\/\/bbqentertainment.com\/#website","url":"https:\/\/bbqentertainment.com\/","name":"BBQ Entertainment","description":"BBQ is a great lifestyle, not just fun!","publisher":{"@id":"https:\/\/bbqentertainment.com\/#organization"},"potentialAction":[{"@type":"SearchAction","target":{"@type":"EntryPoint","urlTemplate":"https:\/\/bbqentertainment.com\/?s={search_term_string}"},"query-input":{"@type":"PropertyValueSpecification","valueRequired":true,"valueName":"search_term_string"}}],"inLanguage":"en-US"},{"@type":"Organization","@id":"https:\/\/bbqentertainment.com\/#organization","name":"BBQ Entertainment O\u00dc","url":"https:\/\/bbqentertainment.com\/","logo":{"@type":"ImageObject","inLanguage":"en-US","@id":"https:\/\/bbqentertainment.com\/#\/schema\/logo\/image\/","url":"https:\/\/bbqentertainment.com\/wp-content\/uploads\/2020\/04\/BBQ-Entertainment-N-Catering-Enn-Tobreluts-Logo.png","contentUrl":"https:\/\/bbqentertainment.com\/wp-content\/uploads\/2020\/04\/BBQ-Entertainment-N-Catering-Enn-Tobreluts-Logo.png","width":628,"height":266,"caption":"BBQ Entertainment O\u00dc"},"image":{"@id":"https:\/\/bbqentertainment.com\/#\/schema\/logo\/image\/"},"sameAs":["https:\/\/www.facebook.com\/BBQ-Entertainment-N-Catering-2437913376443540","https:\/\/www.instagram.com\/bbqentertainmentncatering\/","https:\/\/www.youtube.com\/channel\/UCmpuANQVhLy2Md8nrenp2jA"]}]}},"_links":{"self":[{"href":"https:\/\/bbqentertainment.com\/en\/wp-json\/wp\/v2\/product\/254143","targetHints":{"allow":["GET"]}}],"collection":[{"href":"https:\/\/bbqentertainment.com\/en\/wp-json\/wp\/v2\/product"}],"about":[{"href":"https:\/\/bbqentertainment.com\/en\/wp-json\/wp\/v2\/types\/product"}],"wp:featuredmedia":[{"embeddable":true,"href":"https:\/\/bbqentertainment.com\/en\/wp-json\/wp\/v2\/media\/254164"}],"wp:attachment":[{"href":"https:\/\/bbqentertainment.com\/en\/wp-json\/wp\/v2\/media?parent=254143"}],"wp:term":[{"taxonomy":"product_brand","embeddable":true,"href":"https:\/\/bbqentertainment.com\/en\/wp-json\/wp\/v2\/product_brand?post=254143"},{"taxonomy":"product_cat","embeddable":true,"href":"https:\/\/bbqentertainment.com\/en\/wp-json\/wp\/v2\/product_cat?post=254143"},{"taxonomy":"product_tag","embeddable":true,"href":"https:\/\/bbqentertainment.com\/en\/wp-json\/wp\/v2\/product_tag?post=254143"}],"curies":[{"name":"wp","href":"https:\/\/api.w.org\/{rel}","templated":true}]}}