{"id":254148,"date":"2025-08-19T10:45:51","date_gmt":"2025-08-19T07:45:51","guid":{"rendered":"https:\/\/bbqentertainment.com\/toode\/mustika-vurtsikas-kaste-tongue-in-fire-100-ml-heimari-kokaklubi\/"},"modified":"2025-08-25T13:19:21","modified_gmt":"2025-08-25T10:19:21","slug":"mustika-vurtsikas-kaste-tongue-in-fire-100-ml-heimari-kokaklubi","status":"publish","type":"product","link":"https:\/\/bbqentertainment.com\/en\/toode\/mustika-vurtsikas-kaste-tongue-in-fire-100-ml-heimari-kokaklubi\/","title":{"rendered":"Mustika v\u00fcrtsikas kaste &#8220;TONGUE IN FIRE\u201d 100 ml, Heimari Kokaklubi"},"content":{"rendered":"","protected":false},"excerpt":{"rendered":"<h3>Mustika v\u00fcrtsikas kaste &#8220;TONGUE IN FIRE\u201d 100 ml, Heimari Kokaklubi<\/h3>\n<p>Avasta maitseelamuste uued k\u00f5rgused Heimari Kokaklubi &#8220;Tongue In Fire&#8221; mustikakastmega. Kooslus fermenteeritud habanero t\u0161illit ja Eestis kasvatatud mustikaid pakub maitser\u00e4nnakut, mis v\u00f5lub oma intensiivsuse ja h\u00f5rgutava tasakaaluga. Sobib ideaalselt ahjul\u00f5hefileele v\u00f5i grillr\u00f5\u00f5mude t\u00e4iendamiseks searibadel. Lisaks maitseelamusele, milles kohtuvad kirg ja k\u00e4sit\u00f6\u00f6oskused, on kaste suurep\u00e4rane lisand igale kulinaarsele seiklusele. Naudi avatud pudelit kahe kuu jooksul ning lood sa oma maitseid kaua meelde j\u00e4\u00e4vaks elamuseks.<\/p>\n<div id=\"tab-description\" class=\"c-product__tabs-panel woocommerce-Tabs-panel woocommerce-Tabs-panel--description panel entry-content wc-tab visible\" role=\"tabpanel\" aria-labelledby=\"tab-title-description\">\n<p><strong>Koostisosad<\/strong><br \/>Mustikas, habanero t\u0161illi, sidrun, kakaopulber, kakaonibs, valgeveini \u00e4\u00e4dikas, sool, suhkur.<\/p>\n<p><strong>Kehtivusaeg ja hoiustamine<\/strong><br \/>Pudelil m\u00e4rgitud kehtivusaeg viitab avamata tootele. Avatud toodet s\u00e4ilitada k\u00fclmkapis ning tarbida 2 kuu jooksul.<\/p>\n<\/div>\n","protected":false},"featured_media":254175,"template":"","meta":{"inline_featured_image":false},"product_brand":[],"product_cat":[28,646],"product_tag":[],"class_list":{"0":"post-254148","1":"product","2":"type-product","3":"status-publish","4":"has-post-thumbnail","6":"product_cat-maitseandjad","7":"product_cat-heimari-kokaklubi","9":"first","10":"instock","11":"taxable","12":"shipping-taxable","13":"purchasable","14":"product-type-simple"},"yoast_head":"<!-- This site is optimized with the Yoast SEO plugin v27.4 - https:\/\/yoast.com\/product\/yoast-seo-wordpress\/ -->\n<title>Mustika v\u00fcrtsikas kaste &quot;TONGUE IN FIRE\u201d 100 ml, Heimari Kokaklubi - BBQ Entertainment<\/title>\n<meta name=\"robots\" content=\"index, follow, max-snippet:-1, max-image-preview:large, max-video-preview:-1\" \/>\n<link rel=\"canonical\" href=\"https:\/\/bbqentertainment.com\/toode\/mustika-vurtsikas-kaste-tongue-in-fire-100-ml-heimari-kokaklubi\/\" \/>\n<meta property=\"og:locale\" content=\"en_US\" \/>\n<meta property=\"og:type\" content=\"article\" \/>\n<meta property=\"og:title\" content=\"Mustika v\u00fcrtsikas kaste &quot;TONGUE IN FIRE\u201d 100 ml, Heimari Kokaklubi - BBQ Entertainment\" \/>\n<meta property=\"og:description\" content=\"Mustika v\u00fcrtsikas kaste &quot;TONGUE IN FIRE\u201d 100 ml, Heimari KokaklubiAvasta maitseelamuste uued k\u00f5rgused Heimari Kokaklubi &quot;Tongue In Fire&quot; mustikakastmega. Kooslus fermenteeritud habanero t\u0161illit ja Eestis kasvatatud mustikaid pakub maitser\u00e4nnakut, mis v\u00f5lub oma intensiivsuse ja h\u00f5rgutava tasakaaluga. Sobib ideaalselt ahjul\u00f5hefileele v\u00f5i grillr\u00f5\u00f5mude t\u00e4iendamiseks searibadel. Lisaks maitseelamusele, milles kohtuvad kirg ja k\u00e4sit\u00f6\u00f6oskused, on kaste suurep\u00e4rane lisand igale kulinaarsele seiklusele. Naudi avatud pudelit kahe kuu jooksul ning lood sa oma maitseid kaua meelde j\u00e4\u00e4vaks elamuseks.KoostisosadMustikas, habanero t\u0161illi, sidrun, kakaopulber, kakaonibs, valgeveini \u00e4\u00e4dikas, sool, suhkur.Kehtivusaeg ja hoiustaminePudelil m\u00e4rgitud kehtivusaeg viitab avamata tootele. Avatud toodet s\u00e4ilitada k\u00fclmkapis ning tarbida 2 kuu jooksul.\" \/>\n<meta property=\"og:url\" content=\"https:\/\/bbqentertainment.com\/toode\/mustika-vurtsikas-kaste-tongue-in-fire-100-ml-heimari-kokaklubi\/\" \/>\n<meta property=\"og:site_name\" content=\"BBQ Entertainment\" \/>\n<meta property=\"article:publisher\" content=\"https:\/\/www.facebook.com\/BBQ-Entertainment-N-Catering-2437913376443540\" \/>\n<meta property=\"article:modified_time\" content=\"2025-08-25T10:19:21+00:00\" \/>\n<meta property=\"og:image\" content=\"https:\/\/bbqentertainment.com\/wp-content\/uploads\/2025\/08\/Mustika-kaste-Tongue-In-Fire-Hot-Sauce-100ml-Heimari-Kokaklubi.jpg\" \/>\n\t<meta property=\"og:image:width\" content=\"2000\" \/>\n\t<meta property=\"og:image:height\" content=\"2000\" \/>\n\t<meta property=\"og:image:type\" content=\"image\/jpeg\" \/>\n<meta name=\"twitter:card\" content=\"summary_large_image\" \/>\n<meta name=\"twitter:label1\" content=\"Est. reading time\" \/>\n\t<meta name=\"twitter:data1\" content=\"1 minute\" \/>\n<script type=\"application\/ld+json\" class=\"yoast-schema-graph\">{\"@context\":\"https:\\\/\\\/schema.org\",\"@graph\":[{\"@type\":[\"WebPage\",\"ItemPage\"],\"@id\":\"https:\\\/\\\/bbqentertainment.com\\\/toode\\\/mustika-vurtsikas-kaste-tongue-in-fire-100-ml-heimari-kokaklubi\\\/\",\"url\":\"https:\\\/\\\/bbqentertainment.com\\\/toode\\\/mustika-vurtsikas-kaste-tongue-in-fire-100-ml-heimari-kokaklubi\\\/\",\"name\":\"Mustika v\u00fcrtsikas kaste \\\"TONGUE IN FIRE\u201d 100 ml, Heimari Kokaklubi - BBQ Entertainment\",\"isPartOf\":{\"@id\":\"https:\\\/\\\/bbqentertainment.com\\\/#website\"},\"primaryImageOfPage\":{\"@id\":\"https:\\\/\\\/bbqentertainment.com\\\/toode\\\/mustika-vurtsikas-kaste-tongue-in-fire-100-ml-heimari-kokaklubi\\\/#primaryimage\"},\"image\":{\"@id\":\"https:\\\/\\\/bbqentertainment.com\\\/toode\\\/mustika-vurtsikas-kaste-tongue-in-fire-100-ml-heimari-kokaklubi\\\/#primaryimage\"},\"thumbnailUrl\":\"https:\\\/\\\/bbqentertainment.com\\\/wp-content\\\/uploads\\\/2025\\\/08\\\/Mustika-kaste-Tongue-In-Fire-Hot-Sauce-100ml-Heimari-Kokaklubi.jpg\",\"datePublished\":\"2025-08-19T07:45:51+00:00\",\"dateModified\":\"2025-08-25T10:19:21+00:00\",\"breadcrumb\":{\"@id\":\"https:\\\/\\\/bbqentertainment.com\\\/toode\\\/mustika-vurtsikas-kaste-tongue-in-fire-100-ml-heimari-kokaklubi\\\/#breadcrumb\"},\"inLanguage\":\"en-US\",\"potentialAction\":[{\"@type\":\"ReadAction\",\"target\":[\"https:\\\/\\\/bbqentertainment.com\\\/toode\\\/mustika-vurtsikas-kaste-tongue-in-fire-100-ml-heimari-kokaklubi\\\/\"]}]},{\"@type\":\"ImageObject\",\"inLanguage\":\"en-US\",\"@id\":\"https:\\\/\\\/bbqentertainment.com\\\/toode\\\/mustika-vurtsikas-kaste-tongue-in-fire-100-ml-heimari-kokaklubi\\\/#primaryimage\",\"url\":\"https:\\\/\\\/bbqentertainment.com\\\/wp-content\\\/uploads\\\/2025\\\/08\\\/Mustika-kaste-Tongue-In-Fire-Hot-Sauce-100ml-Heimari-Kokaklubi.jpg\",\"contentUrl\":\"https:\\\/\\\/bbqentertainment.com\\\/wp-content\\\/uploads\\\/2025\\\/08\\\/Mustika-kaste-Tongue-In-Fire-Hot-Sauce-100ml-Heimari-Kokaklubi.jpg\",\"width\":2000,\"height\":2000},{\"@type\":\"BreadcrumbList\",\"@id\":\"https:\\\/\\\/bbqentertainment.com\\\/toode\\\/mustika-vurtsikas-kaste-tongue-in-fire-100-ml-heimari-kokaklubi\\\/#breadcrumb\",\"itemListElement\":[{\"@type\":\"ListItem\",\"position\":1,\"name\":\"AVALEHT\",\"item\":\"https:\\\/\\\/bbqentertainment.com\\\/en\\\/\"},{\"@type\":\"ListItem\",\"position\":2,\"name\":\"Tooted\",\"item\":\"https:\\\/\\\/bbqentertainment.com\\\/tooted\\\/\"},{\"@type\":\"ListItem\",\"position\":3,\"name\":\"Maitseandjad\",\"item\":\"https:\\\/\\\/bbqentertainment.com\\\/en\\\/tootekategooria\\\/maitseandjad\\\/\"},{\"@type\":\"ListItem\",\"position\":4,\"name\":\"Heimari Kokaklubi\",\"item\":\"https:\\\/\\\/bbqentertainment.com\\\/tootekategooria\\\/maitseandjad\\\/heimari-kokaklubi\\\/\"},{\"@type\":\"ListItem\",\"position\":5,\"name\":\"Mustika v\u00fcrtsikas kaste &#8220;TONGUE IN FIRE\u201d 100 ml, Heimari Kokaklubi\"}]},{\"@type\":\"WebSite\",\"@id\":\"https:\\\/\\\/bbqentertainment.com\\\/#website\",\"url\":\"https:\\\/\\\/bbqentertainment.com\\\/\",\"name\":\"BBQ Entertainment\",\"description\":\"BBQ is a great lifestyle, not just fun!\",\"publisher\":{\"@id\":\"https:\\\/\\\/bbqentertainment.com\\\/#organization\"},\"potentialAction\":[{\"@type\":\"SearchAction\",\"target\":{\"@type\":\"EntryPoint\",\"urlTemplate\":\"https:\\\/\\\/bbqentertainment.com\\\/?s={search_term_string}\"},\"query-input\":{\"@type\":\"PropertyValueSpecification\",\"valueRequired\":true,\"valueName\":\"search_term_string\"}}],\"inLanguage\":\"en-US\"},{\"@type\":\"Organization\",\"@id\":\"https:\\\/\\\/bbqentertainment.com\\\/#organization\",\"name\":\"BBQ Entertainment O\u00dc\",\"url\":\"https:\\\/\\\/bbqentertainment.com\\\/\",\"logo\":{\"@type\":\"ImageObject\",\"inLanguage\":\"en-US\",\"@id\":\"https:\\\/\\\/bbqentertainment.com\\\/#\\\/schema\\\/logo\\\/image\\\/\",\"url\":\"https:\\\/\\\/bbqentertainment.com\\\/wp-content\\\/uploads\\\/2020\\\/04\\\/BBQ-Entertainment-N-Catering-Enn-Tobreluts-Logo.png\",\"contentUrl\":\"https:\\\/\\\/bbqentertainment.com\\\/wp-content\\\/uploads\\\/2020\\\/04\\\/BBQ-Entertainment-N-Catering-Enn-Tobreluts-Logo.png\",\"width\":628,\"height\":266,\"caption\":\"BBQ Entertainment O\u00dc\"},\"image\":{\"@id\":\"https:\\\/\\\/bbqentertainment.com\\\/#\\\/schema\\\/logo\\\/image\\\/\"},\"sameAs\":[\"https:\\\/\\\/www.facebook.com\\\/BBQ-Entertainment-N-Catering-2437913376443540\",\"https:\\\/\\\/www.instagram.com\\\/bbqentertainmentncatering\\\/\",\"https:\\\/\\\/www.youtube.com\\\/channel\\\/UCmpuANQVhLy2Md8nrenp2jA\"]}]}<\/script>\n<!-- \/ Yoast SEO plugin. -->","yoast_head_json":{"title":"Mustika v\u00fcrtsikas kaste \"TONGUE IN FIRE\u201d 100 ml, Heimari Kokaklubi - BBQ Entertainment","robots":{"index":"index","follow":"follow","max-snippet":"max-snippet:-1","max-image-preview":"max-image-preview:large","max-video-preview":"max-video-preview:-1"},"canonical":"https:\/\/bbqentertainment.com\/toode\/mustika-vurtsikas-kaste-tongue-in-fire-100-ml-heimari-kokaklubi\/","og_locale":"en_US","og_type":"article","og_title":"Mustika v\u00fcrtsikas kaste \"TONGUE IN FIRE\u201d 100 ml, Heimari Kokaklubi - BBQ Entertainment","og_description":"Mustika v\u00fcrtsikas kaste \"TONGUE IN FIRE\u201d 100 ml, Heimari KokaklubiAvasta maitseelamuste uued k\u00f5rgused Heimari Kokaklubi \"Tongue In Fire\" mustikakastmega. Kooslus fermenteeritud habanero t\u0161illit ja Eestis kasvatatud mustikaid pakub maitser\u00e4nnakut, mis v\u00f5lub oma intensiivsuse ja h\u00f5rgutava tasakaaluga. Sobib ideaalselt ahjul\u00f5hefileele v\u00f5i grillr\u00f5\u00f5mude t\u00e4iendamiseks searibadel. Lisaks maitseelamusele, milles kohtuvad kirg ja k\u00e4sit\u00f6\u00f6oskused, on kaste suurep\u00e4rane lisand igale kulinaarsele seiklusele. Naudi avatud pudelit kahe kuu jooksul ning lood sa oma maitseid kaua meelde j\u00e4\u00e4vaks elamuseks.KoostisosadMustikas, habanero t\u0161illi, sidrun, kakaopulber, kakaonibs, valgeveini \u00e4\u00e4dikas, sool, suhkur.Kehtivusaeg ja hoiustaminePudelil m\u00e4rgitud kehtivusaeg viitab avamata tootele. Avatud toodet s\u00e4ilitada k\u00fclmkapis ning tarbida 2 kuu jooksul.","og_url":"https:\/\/bbqentertainment.com\/toode\/mustika-vurtsikas-kaste-tongue-in-fire-100-ml-heimari-kokaklubi\/","og_site_name":"BBQ Entertainment","article_publisher":"https:\/\/www.facebook.com\/BBQ-Entertainment-N-Catering-2437913376443540","article_modified_time":"2025-08-25T10:19:21+00:00","og_image":[{"width":2000,"height":2000,"url":"https:\/\/bbqentertainment.com\/wp-content\/uploads\/2025\/08\/Mustika-kaste-Tongue-In-Fire-Hot-Sauce-100ml-Heimari-Kokaklubi.jpg","type":"image\/jpeg"}],"twitter_card":"summary_large_image","twitter_misc":{"Est. reading time":"1 minute"},"schema":{"@context":"https:\/\/schema.org","@graph":[{"@type":["WebPage","ItemPage"],"@id":"https:\/\/bbqentertainment.com\/toode\/mustika-vurtsikas-kaste-tongue-in-fire-100-ml-heimari-kokaklubi\/","url":"https:\/\/bbqentertainment.com\/toode\/mustika-vurtsikas-kaste-tongue-in-fire-100-ml-heimari-kokaklubi\/","name":"Mustika v\u00fcrtsikas kaste \"TONGUE IN FIRE\u201d 100 ml, Heimari Kokaklubi - BBQ Entertainment","isPartOf":{"@id":"https:\/\/bbqentertainment.com\/#website"},"primaryImageOfPage":{"@id":"https:\/\/bbqentertainment.com\/toode\/mustika-vurtsikas-kaste-tongue-in-fire-100-ml-heimari-kokaklubi\/#primaryimage"},"image":{"@id":"https:\/\/bbqentertainment.com\/toode\/mustika-vurtsikas-kaste-tongue-in-fire-100-ml-heimari-kokaklubi\/#primaryimage"},"thumbnailUrl":"https:\/\/bbqentertainment.com\/wp-content\/uploads\/2025\/08\/Mustika-kaste-Tongue-In-Fire-Hot-Sauce-100ml-Heimari-Kokaklubi.jpg","datePublished":"2025-08-19T07:45:51+00:00","dateModified":"2025-08-25T10:19:21+00:00","breadcrumb":{"@id":"https:\/\/bbqentertainment.com\/toode\/mustika-vurtsikas-kaste-tongue-in-fire-100-ml-heimari-kokaklubi\/#breadcrumb"},"inLanguage":"en-US","potentialAction":[{"@type":"ReadAction","target":["https:\/\/bbqentertainment.com\/toode\/mustika-vurtsikas-kaste-tongue-in-fire-100-ml-heimari-kokaklubi\/"]}]},{"@type":"ImageObject","inLanguage":"en-US","@id":"https:\/\/bbqentertainment.com\/toode\/mustika-vurtsikas-kaste-tongue-in-fire-100-ml-heimari-kokaklubi\/#primaryimage","url":"https:\/\/bbqentertainment.com\/wp-content\/uploads\/2025\/08\/Mustika-kaste-Tongue-In-Fire-Hot-Sauce-100ml-Heimari-Kokaklubi.jpg","contentUrl":"https:\/\/bbqentertainment.com\/wp-content\/uploads\/2025\/08\/Mustika-kaste-Tongue-In-Fire-Hot-Sauce-100ml-Heimari-Kokaklubi.jpg","width":2000,"height":2000},{"@type":"BreadcrumbList","@id":"https:\/\/bbqentertainment.com\/toode\/mustika-vurtsikas-kaste-tongue-in-fire-100-ml-heimari-kokaklubi\/#breadcrumb","itemListElement":[{"@type":"ListItem","position":1,"name":"AVALEHT","item":"https:\/\/bbqentertainment.com\/en\/"},{"@type":"ListItem","position":2,"name":"Tooted","item":"https:\/\/bbqentertainment.com\/tooted\/"},{"@type":"ListItem","position":3,"name":"Maitseandjad","item":"https:\/\/bbqentertainment.com\/en\/tootekategooria\/maitseandjad\/"},{"@type":"ListItem","position":4,"name":"Heimari Kokaklubi","item":"https:\/\/bbqentertainment.com\/tootekategooria\/maitseandjad\/heimari-kokaklubi\/"},{"@type":"ListItem","position":5,"name":"Mustika v\u00fcrtsikas kaste &#8220;TONGUE IN FIRE\u201d 100 ml, Heimari Kokaklubi"}]},{"@type":"WebSite","@id":"https:\/\/bbqentertainment.com\/#website","url":"https:\/\/bbqentertainment.com\/","name":"BBQ Entertainment","description":"BBQ is a great lifestyle, not just fun!","publisher":{"@id":"https:\/\/bbqentertainment.com\/#organization"},"potentialAction":[{"@type":"SearchAction","target":{"@type":"EntryPoint","urlTemplate":"https:\/\/bbqentertainment.com\/?s={search_term_string}"},"query-input":{"@type":"PropertyValueSpecification","valueRequired":true,"valueName":"search_term_string"}}],"inLanguage":"en-US"},{"@type":"Organization","@id":"https:\/\/bbqentertainment.com\/#organization","name":"BBQ Entertainment O\u00dc","url":"https:\/\/bbqentertainment.com\/","logo":{"@type":"ImageObject","inLanguage":"en-US","@id":"https:\/\/bbqentertainment.com\/#\/schema\/logo\/image\/","url":"https:\/\/bbqentertainment.com\/wp-content\/uploads\/2020\/04\/BBQ-Entertainment-N-Catering-Enn-Tobreluts-Logo.png","contentUrl":"https:\/\/bbqentertainment.com\/wp-content\/uploads\/2020\/04\/BBQ-Entertainment-N-Catering-Enn-Tobreluts-Logo.png","width":628,"height":266,"caption":"BBQ Entertainment O\u00dc"},"image":{"@id":"https:\/\/bbqentertainment.com\/#\/schema\/logo\/image\/"},"sameAs":["https:\/\/www.facebook.com\/BBQ-Entertainment-N-Catering-2437913376443540","https:\/\/www.instagram.com\/bbqentertainmentncatering\/","https:\/\/www.youtube.com\/channel\/UCmpuANQVhLy2Md8nrenp2jA"]}]}},"_links":{"self":[{"href":"https:\/\/bbqentertainment.com\/en\/wp-json\/wp\/v2\/product\/254148","targetHints":{"allow":["GET"]}}],"collection":[{"href":"https:\/\/bbqentertainment.com\/en\/wp-json\/wp\/v2\/product"}],"about":[{"href":"https:\/\/bbqentertainment.com\/en\/wp-json\/wp\/v2\/types\/product"}],"wp:featuredmedia":[{"embeddable":true,"href":"https:\/\/bbqentertainment.com\/en\/wp-json\/wp\/v2\/media\/254175"}],"wp:attachment":[{"href":"https:\/\/bbqentertainment.com\/en\/wp-json\/wp\/v2\/media?parent=254148"}],"wp:term":[{"taxonomy":"product_brand","embeddable":true,"href":"https:\/\/bbqentertainment.com\/en\/wp-json\/wp\/v2\/product_brand?post=254148"},{"taxonomy":"product_cat","embeddable":true,"href":"https:\/\/bbqentertainment.com\/en\/wp-json\/wp\/v2\/product_cat?post=254148"},{"taxonomy":"product_tag","embeddable":true,"href":"https:\/\/bbqentertainment.com\/en\/wp-json\/wp\/v2\/product_tag?post=254148"}],"curies":[{"name":"wp","href":"https:\/\/api.w.org\/{rel}","templated":true}]}}