{"id":254217,"date":"2025-08-21T20:17:20","date_gmt":"2025-08-21T17:17:20","guid":{"rendered":"https:\/\/bbqentertainment.com\/?post_type=product&#038;p=254217"},"modified":"2025-08-22T03:05:05","modified_gmt":"2025-08-22T00:05:05","slug":"valge-vein-valle-isarco-classic-sylvaner-alto-adige-doc-2024-itaalia","status":"publish","type":"product","link":"https:\/\/bbqentertainment.com\/en\/toode\/valge-vein-valle-isarco-classic-sylvaner-alto-adige-doc-2024-itaalia\/","title":{"rendered":"Valge vein VALLE ISARCO Classic Sylvaner Alto Adige DOC 2024 (Itaalia) 13%, 750 ml"},"content":{"rendered":"","protected":false},"excerpt":{"rendered":"<h3><strong>Valge vein VALLE ISARCO Classic Sylvaner Alto Adige DOC 2024 (Itaalia) 13%, 750 ml<\/strong><\/h3>\n<p><i>Meeldivalt v\u00e4rske ja heas tasakaalus kuiv valge vein. Tunda on v\u00e4rske virsiku, \u00f5una ja aprikoosi noote.<\/i><\/p>\n<p>Veini nimi: <b>Classic Sylvaner<\/b><br \/>\nVeini tootja: <b>Eisacktal Valle Isarco<\/b><br \/>\nP\u00e4rioluriik: <b>Itaalia<\/b><br \/>\nRegioon\/apellatsioon: <b>Alto Adige Valle Isarco DOC<\/b><br \/>\nMarjasort: <b>100% Sylvaner<\/b><br \/>\nPinnas: <b>kruus, alluviaalsed settekivimid<\/b><br \/>\nAastak\u00e4ik: <b>2023<\/b><br \/>\nAlkoholisisaldus: <b>13%<\/b><br \/>\nMaitse: <b>kuiv<\/b><br \/>\nTammevaadi laagerdus: <b>ei<\/b><\/p>\n<p>Aroom: <b>valged ja kollased\u00a0 luuviljad, v\u00e4rske \u00f5un<\/b><br \/>\nMaitse: <b>v\u00e4rske virsik, \u00f5un, aprikoos<\/b><br \/>\nServeerimine: <b>7-8\u00b0C, bordoo t\u00fc\u00fcpi valge veini pokaal<\/b><\/p>\n<p>Toidusoovitus:<br \/>\n1. Aurutatud valge spargel<br \/>\n2. Grillitud valge kala tsitruselise kastmega<br \/>\n3. Sealiha ja hapukapsas<\/p>\n","protected":false},"featured_media":254222,"template":"","meta":{"inline_featured_image":false},"product_brand":[],"product_cat":[206,389,398],"product_tag":[],"class_list":{"0":"post-254217","1":"product","2":"type-product","3":"status-publish","4":"has-post-thumbnail","6":"product_cat-veinid","7":"product_cat-valge-vein","8":"product_cat-itaalia","10":"first","11":"instock","12":"taxable","13":"shipping-taxable","14":"purchasable","15":"product-type-simple"},"yoast_head":"<!-- This site is optimized with the Yoast SEO plugin v27.4 - https:\/\/yoast.com\/product\/yoast-seo-wordpress\/ -->\n<title>Valge vein VALLE ISARCO Classic Sylvaner Alto Adige DOC 2024 (Itaalia) 13%, 750 ml - BBQ Entertainment<\/title>\n<meta name=\"description\" content=\"Valge vein VALLE ISARCO Classic Sylvaner Alto Adige DOC 2024 (Itaalia)\" \/>\n<meta name=\"robots\" content=\"index, follow, max-snippet:-1, max-image-preview:large, max-video-preview:-1\" \/>\n<link rel=\"canonical\" href=\"https:\/\/bbqentertainment.com\/toode\/valge-vein-valle-isarco-classic-sylvaner-alto-adige-doc-2024-itaalia\/\" \/>\n<meta property=\"og:locale\" content=\"en_US\" \/>\n<meta property=\"og:type\" content=\"article\" \/>\n<meta property=\"og:title\" content=\"Valge vein VALLE ISARCO Classic Sylvaner Alto Adige DOC 2024 (Itaalia) 13%, 750 ml - BBQ Entertainment\" \/>\n<meta property=\"og:description\" content=\"Valge vein VALLE ISARCO Classic Sylvaner Alto Adige DOC 2024 (Itaalia)\" \/>\n<meta property=\"og:url\" content=\"https:\/\/bbqentertainment.com\/toode\/valge-vein-valle-isarco-classic-sylvaner-alto-adige-doc-2024-itaalia\/\" \/>\n<meta property=\"og:site_name\" content=\"BBQ Entertainment\" \/>\n<meta property=\"article:publisher\" content=\"https:\/\/www.facebook.com\/BBQ-Entertainment-N-Catering-2437913376443540\" \/>\n<meta property=\"article:modified_time\" content=\"2025-08-22T00:05:05+00:00\" \/>\n<meta property=\"og:image\" content=\"https:\/\/bbqentertainment.com\/wp-content\/uploads\/2020\/03\/Enn-Tobreluts-FOTO-Andres-Tali-1.jpg\" \/>\n\t<meta property=\"og:image:width\" content=\"1200\" \/>\n\t<meta property=\"og:image:height\" content=\"800\" \/>\n\t<meta property=\"og:image:type\" content=\"image\/jpeg\" \/>\n<meta name=\"twitter:card\" content=\"summary_large_image\" \/>\n<meta name=\"twitter:label1\" content=\"Est. reading time\" \/>\n\t<meta name=\"twitter:data1\" content=\"1 minute\" \/>\n<script type=\"application\/ld+json\" class=\"yoast-schema-graph\">{\"@context\":\"https:\\\/\\\/schema.org\",\"@graph\":[{\"@type\":[\"WebPage\",\"ItemPage\"],\"@id\":\"https:\\\/\\\/bbqentertainment.com\\\/toode\\\/valge-vein-valle-isarco-classic-sylvaner-alto-adige-doc-2024-itaalia\\\/\",\"url\":\"https:\\\/\\\/bbqentertainment.com\\\/toode\\\/valge-vein-valle-isarco-classic-sylvaner-alto-adige-doc-2024-itaalia\\\/\",\"name\":\"Valge vein VALLE ISARCO Classic Sylvaner Alto Adige DOC 2024 (Itaalia) 13%, 750 ml - BBQ Entertainment\",\"isPartOf\":{\"@id\":\"https:\\\/\\\/bbqentertainment.com\\\/#website\"},\"primaryImageOfPage\":{\"@id\":\"https:\\\/\\\/bbqentertainment.com\\\/toode\\\/valge-vein-valle-isarco-classic-sylvaner-alto-adige-doc-2024-itaalia\\\/#primaryimage\"},\"image\":{\"@id\":\"https:\\\/\\\/bbqentertainment.com\\\/toode\\\/valge-vein-valle-isarco-classic-sylvaner-alto-adige-doc-2024-itaalia\\\/#primaryimage\"},\"thumbnailUrl\":\"https:\\\/\\\/bbqentertainment.com\\\/wp-content\\\/uploads\\\/2025\\\/08\\\/1651661052-cvi_pingri_1.jpg.avif\",\"datePublished\":\"2025-08-21T17:17:20+00:00\",\"dateModified\":\"2025-08-22T00:05:05+00:00\",\"description\":\"Valge vein VALLE ISARCO Classic Sylvaner Alto Adige DOC 2024 (Itaalia)\",\"breadcrumb\":{\"@id\":\"https:\\\/\\\/bbqentertainment.com\\\/toode\\\/valge-vein-valle-isarco-classic-sylvaner-alto-adige-doc-2024-itaalia\\\/#breadcrumb\"},\"inLanguage\":\"en-US\",\"potentialAction\":[{\"@type\":\"ReadAction\",\"target\":[\"https:\\\/\\\/bbqentertainment.com\\\/toode\\\/valge-vein-valle-isarco-classic-sylvaner-alto-adige-doc-2024-itaalia\\\/\"]}]},{\"@type\":\"ImageObject\",\"inLanguage\":\"en-US\",\"@id\":\"https:\\\/\\\/bbqentertainment.com\\\/toode\\\/valge-vein-valle-isarco-classic-sylvaner-alto-adige-doc-2024-itaalia\\\/#primaryimage\",\"url\":\"https:\\\/\\\/bbqentertainment.com\\\/wp-content\\\/uploads\\\/2025\\\/08\\\/1651661052-cvi_pingri_1.jpg.avif\",\"contentUrl\":\"https:\\\/\\\/bbqentertainment.com\\\/wp-content\\\/uploads\\\/2025\\\/08\\\/1651661052-cvi_pingri_1.jpg.avif\",\"width\":1000,\"height\":1000},{\"@type\":\"BreadcrumbList\",\"@id\":\"https:\\\/\\\/bbqentertainment.com\\\/toode\\\/valge-vein-valle-isarco-classic-sylvaner-alto-adige-doc-2024-itaalia\\\/#breadcrumb\",\"itemListElement\":[{\"@type\":\"ListItem\",\"position\":1,\"name\":\"AVALEHT\",\"item\":\"https:\\\/\\\/bbqentertainment.com\\\/en\\\/\"},{\"@type\":\"ListItem\",\"position\":2,\"name\":\"Tooted\",\"item\":\"https:\\\/\\\/bbqentertainment.com\\\/tooted\\\/\"},{\"@type\":\"ListItem\",\"position\":3,\"name\":\"Joogid\",\"item\":\"https:\\\/\\\/bbqentertainment.com\\\/tootekategooria\\\/joogid\\\/\"},{\"@type\":\"ListItem\",\"position\":4,\"name\":\"Veinid\",\"item\":\"https:\\\/\\\/bbqentertainment.com\\\/tootekategooria\\\/joogid\\\/veinid\\\/\"},{\"@type\":\"ListItem\",\"position\":5,\"name\":\"Valge vein VALLE ISARCO Classic Sylvaner Alto Adige DOC 2024 (Itaalia) 13%, 750 ml\"}]},{\"@type\":\"WebSite\",\"@id\":\"https:\\\/\\\/bbqentertainment.com\\\/#website\",\"url\":\"https:\\\/\\\/bbqentertainment.com\\\/\",\"name\":\"BBQ Entertainment\",\"description\":\"BBQ is a great lifestyle, not just fun!\",\"publisher\":{\"@id\":\"https:\\\/\\\/bbqentertainment.com\\\/#organization\"},\"potentialAction\":[{\"@type\":\"SearchAction\",\"target\":{\"@type\":\"EntryPoint\",\"urlTemplate\":\"https:\\\/\\\/bbqentertainment.com\\\/?s={search_term_string}\"},\"query-input\":{\"@type\":\"PropertyValueSpecification\",\"valueRequired\":true,\"valueName\":\"search_term_string\"}}],\"inLanguage\":\"en-US\"},{\"@type\":\"Organization\",\"@id\":\"https:\\\/\\\/bbqentertainment.com\\\/#organization\",\"name\":\"BBQ Entertainment O\u00dc\",\"url\":\"https:\\\/\\\/bbqentertainment.com\\\/\",\"logo\":{\"@type\":\"ImageObject\",\"inLanguage\":\"en-US\",\"@id\":\"https:\\\/\\\/bbqentertainment.com\\\/#\\\/schema\\\/logo\\\/image\\\/\",\"url\":\"https:\\\/\\\/bbqentertainment.com\\\/wp-content\\\/uploads\\\/2020\\\/04\\\/BBQ-Entertainment-N-Catering-Enn-Tobreluts-Logo.png\",\"contentUrl\":\"https:\\\/\\\/bbqentertainment.com\\\/wp-content\\\/uploads\\\/2020\\\/04\\\/BBQ-Entertainment-N-Catering-Enn-Tobreluts-Logo.png\",\"width\":628,\"height\":266,\"caption\":\"BBQ Entertainment O\u00dc\"},\"image\":{\"@id\":\"https:\\\/\\\/bbqentertainment.com\\\/#\\\/schema\\\/logo\\\/image\\\/\"},\"sameAs\":[\"https:\\\/\\\/www.facebook.com\\\/BBQ-Entertainment-N-Catering-2437913376443540\",\"https:\\\/\\\/www.instagram.com\\\/bbqentertainmentncatering\\\/\",\"https:\\\/\\\/www.youtube.com\\\/channel\\\/UCmpuANQVhLy2Md8nrenp2jA\"]}]}<\/script>\n<!-- \/ Yoast SEO plugin. -->","yoast_head_json":{"title":"Valge vein VALLE ISARCO Classic Sylvaner Alto Adige DOC 2024 (Itaalia) 13%, 750 ml - BBQ Entertainment","description":"Valge vein VALLE ISARCO Classic Sylvaner Alto Adige DOC 2024 (Itaalia)","robots":{"index":"index","follow":"follow","max-snippet":"max-snippet:-1","max-image-preview":"max-image-preview:large","max-video-preview":"max-video-preview:-1"},"canonical":"https:\/\/bbqentertainment.com\/toode\/valge-vein-valle-isarco-classic-sylvaner-alto-adige-doc-2024-itaalia\/","og_locale":"en_US","og_type":"article","og_title":"Valge vein VALLE ISARCO Classic Sylvaner Alto Adige DOC 2024 (Itaalia) 13%, 750 ml - BBQ Entertainment","og_description":"Valge vein VALLE ISARCO Classic Sylvaner Alto Adige DOC 2024 (Itaalia)","og_url":"https:\/\/bbqentertainment.com\/toode\/valge-vein-valle-isarco-classic-sylvaner-alto-adige-doc-2024-itaalia\/","og_site_name":"BBQ Entertainment","article_publisher":"https:\/\/www.facebook.com\/BBQ-Entertainment-N-Catering-2437913376443540","article_modified_time":"2025-08-22T00:05:05+00:00","og_image":[{"width":1200,"height":800,"url":"https:\/\/bbqentertainment.com\/wp-content\/uploads\/2020\/03\/Enn-Tobreluts-FOTO-Andres-Tali-1.jpg","type":"image\/jpeg"}],"twitter_card":"summary_large_image","twitter_misc":{"Est. reading time":"1 minute"},"schema":{"@context":"https:\/\/schema.org","@graph":[{"@type":["WebPage","ItemPage"],"@id":"https:\/\/bbqentertainment.com\/toode\/valge-vein-valle-isarco-classic-sylvaner-alto-adige-doc-2024-itaalia\/","url":"https:\/\/bbqentertainment.com\/toode\/valge-vein-valle-isarco-classic-sylvaner-alto-adige-doc-2024-itaalia\/","name":"Valge vein VALLE ISARCO Classic Sylvaner Alto Adige DOC 2024 (Itaalia) 13%, 750 ml - BBQ Entertainment","isPartOf":{"@id":"https:\/\/bbqentertainment.com\/#website"},"primaryImageOfPage":{"@id":"https:\/\/bbqentertainment.com\/toode\/valge-vein-valle-isarco-classic-sylvaner-alto-adige-doc-2024-itaalia\/#primaryimage"},"image":{"@id":"https:\/\/bbqentertainment.com\/toode\/valge-vein-valle-isarco-classic-sylvaner-alto-adige-doc-2024-itaalia\/#primaryimage"},"thumbnailUrl":"https:\/\/bbqentertainment.com\/wp-content\/uploads\/2025\/08\/1651661052-cvi_pingri_1.jpg.avif","datePublished":"2025-08-21T17:17:20+00:00","dateModified":"2025-08-22T00:05:05+00:00","description":"Valge vein VALLE ISARCO Classic Sylvaner Alto Adige DOC 2024 (Itaalia)","breadcrumb":{"@id":"https:\/\/bbqentertainment.com\/toode\/valge-vein-valle-isarco-classic-sylvaner-alto-adige-doc-2024-itaalia\/#breadcrumb"},"inLanguage":"en-US","potentialAction":[{"@type":"ReadAction","target":["https:\/\/bbqentertainment.com\/toode\/valge-vein-valle-isarco-classic-sylvaner-alto-adige-doc-2024-itaalia\/"]}]},{"@type":"ImageObject","inLanguage":"en-US","@id":"https:\/\/bbqentertainment.com\/toode\/valge-vein-valle-isarco-classic-sylvaner-alto-adige-doc-2024-itaalia\/#primaryimage","url":"https:\/\/bbqentertainment.com\/wp-content\/uploads\/2025\/08\/1651661052-cvi_pingri_1.jpg.avif","contentUrl":"https:\/\/bbqentertainment.com\/wp-content\/uploads\/2025\/08\/1651661052-cvi_pingri_1.jpg.avif","width":1000,"height":1000},{"@type":"BreadcrumbList","@id":"https:\/\/bbqentertainment.com\/toode\/valge-vein-valle-isarco-classic-sylvaner-alto-adige-doc-2024-itaalia\/#breadcrumb","itemListElement":[{"@type":"ListItem","position":1,"name":"AVALEHT","item":"https:\/\/bbqentertainment.com\/en\/"},{"@type":"ListItem","position":2,"name":"Tooted","item":"https:\/\/bbqentertainment.com\/tooted\/"},{"@type":"ListItem","position":3,"name":"Joogid","item":"https:\/\/bbqentertainment.com\/tootekategooria\/joogid\/"},{"@type":"ListItem","position":4,"name":"Veinid","item":"https:\/\/bbqentertainment.com\/tootekategooria\/joogid\/veinid\/"},{"@type":"ListItem","position":5,"name":"Valge vein VALLE ISARCO Classic Sylvaner Alto Adige DOC 2024 (Itaalia) 13%, 750 ml"}]},{"@type":"WebSite","@id":"https:\/\/bbqentertainment.com\/#website","url":"https:\/\/bbqentertainment.com\/","name":"BBQ Entertainment","description":"BBQ is a great lifestyle, not just fun!","publisher":{"@id":"https:\/\/bbqentertainment.com\/#organization"},"potentialAction":[{"@type":"SearchAction","target":{"@type":"EntryPoint","urlTemplate":"https:\/\/bbqentertainment.com\/?s={search_term_string}"},"query-input":{"@type":"PropertyValueSpecification","valueRequired":true,"valueName":"search_term_string"}}],"inLanguage":"en-US"},{"@type":"Organization","@id":"https:\/\/bbqentertainment.com\/#organization","name":"BBQ Entertainment O\u00dc","url":"https:\/\/bbqentertainment.com\/","logo":{"@type":"ImageObject","inLanguage":"en-US","@id":"https:\/\/bbqentertainment.com\/#\/schema\/logo\/image\/","url":"https:\/\/bbqentertainment.com\/wp-content\/uploads\/2020\/04\/BBQ-Entertainment-N-Catering-Enn-Tobreluts-Logo.png","contentUrl":"https:\/\/bbqentertainment.com\/wp-content\/uploads\/2020\/04\/BBQ-Entertainment-N-Catering-Enn-Tobreluts-Logo.png","width":628,"height":266,"caption":"BBQ Entertainment O\u00dc"},"image":{"@id":"https:\/\/bbqentertainment.com\/#\/schema\/logo\/image\/"},"sameAs":["https:\/\/www.facebook.com\/BBQ-Entertainment-N-Catering-2437913376443540","https:\/\/www.instagram.com\/bbqentertainmentncatering\/","https:\/\/www.youtube.com\/channel\/UCmpuANQVhLy2Md8nrenp2jA"]}]}},"_links":{"self":[{"href":"https:\/\/bbqentertainment.com\/en\/wp-json\/wp\/v2\/product\/254217","targetHints":{"allow":["GET"]}}],"collection":[{"href":"https:\/\/bbqentertainment.com\/en\/wp-json\/wp\/v2\/product"}],"about":[{"href":"https:\/\/bbqentertainment.com\/en\/wp-json\/wp\/v2\/types\/product"}],"wp:featuredmedia":[{"embeddable":true,"href":"https:\/\/bbqentertainment.com\/en\/wp-json\/wp\/v2\/media\/254222"}],"wp:attachment":[{"href":"https:\/\/bbqentertainment.com\/en\/wp-json\/wp\/v2\/media?parent=254217"}],"wp:term":[{"taxonomy":"product_brand","embeddable":true,"href":"https:\/\/bbqentertainment.com\/en\/wp-json\/wp\/v2\/product_brand?post=254217"},{"taxonomy":"product_cat","embeddable":true,"href":"https:\/\/bbqentertainment.com\/en\/wp-json\/wp\/v2\/product_cat?post=254217"},{"taxonomy":"product_tag","embeddable":true,"href":"https:\/\/bbqentertainment.com\/en\/wp-json\/wp\/v2\/product_tag?post=254217"}],"curies":[{"name":"wp","href":"https:\/\/api.w.org\/{rel}","templated":true}]}}