{"id":254337,"date":"2025-09-04T21:37:00","date_gmt":"2025-09-04T18:37:00","guid":{"rendered":"https:\/\/bbqentertainment.com\/?post_type=product&#038;p=254337"},"modified":"2026-03-08T20:42:33","modified_gmt":"2026-03-08T18:42:33","slug":"ahja-smoker-universaalne-saslokivann","status":"publish","type":"product","link":"https:\/\/bbqentertainment.com\/en\/toode\/ahja-smoker-universaalne-saslokivann\/","title":{"rendered":"Ahja Smoker universaalne \u0161a\u0161l\u00f5kivann"},"content":{"rendered":"","protected":false},"excerpt":{"rendered":"<h3>Ahja Smoker universaalne \u0161a\u0161l\u00f5kivann<\/h3>\n<p>\u00c4\u00e4rmiselt effektiivne ja universaalne, nii s\u00f6e kui ka puiduga t\u00f6\u00f6tav \u0161a\u0161l\u00f5kivann<\/p>\n<p>Kvaliteetne \u0161a\u0161l\u00f5kivann, millel saab grillida kasutades klassikalist s\u00fctt v\u00f5i lepahalge.<br \/>\nS\u00f6ega grillides asetad s\u00f6e p\u00f5hjarestile ja k\u00fclgedes olevad \u00f5hutuskanalid tagavad s\u00f6ele piisava \u00f5huvoolu intensiivseks p\u00f5lemiseks.<\/p>\n<p>Kui s\u00fcsi otsas ei tasu muretseda. Seda grilli saab edukalt kasutada ka halupuudega. Selleks on tootele lisatud spetsiaalne k\u00f5rgendus, kuhu asetatakse puud p\u00fcstiasendisse. Nii p\u00f5levad puud kiiresti, tekitades vajaliku s\u00f6e, mille saab roobiga k\u00f5rgenduse avatud alumisest servast grilli m\u00f6\u00f6da laiali t\u00f5mmata. Samal ajal saab puid s\u00f6e tootmiseks kogu aeg lisada ilma, et toitu k\u00f5rvetaks. Viimased vardad v\u00f5ib grillimise l\u00f5ppedes l\u00fckata vastu k\u00f5rgenduse serva, mis hoiab vardad veel t\u00fckk aega soojana.<\/p>\n<p>Materjal kvaliteetne 3mm metall.<\/p>\n","protected":false},"featured_media":254351,"template":"","meta":{"inline_featured_image":false},"product_brand":[],"product_cat":[17,650,238],"product_tag":[],"class_list":{"0":"post-254337","1":"product","2":"type-product","3":"status-publish","4":"has-post-thumbnail","6":"product_cat-grillid-ja-ahjud","7":"product_cat-suitsuahjud","8":"product_cat-muud-grillid-ja-ahjud","10":"first","11":"instock","12":"sale","13":"taxable","14":"shipping-taxable","15":"purchasable","16":"product-type-simple"},"yoast_head":"<!-- This site is optimized with the Yoast SEO plugin v27.4 - https:\/\/yoast.com\/product\/yoast-seo-wordpress\/ -->\n<title>Ahja Smoker universaalne \u0161a\u0161l\u00f5kivann - BBQ Entertainment<\/title>\n<meta name=\"robots\" content=\"index, follow, max-snippet:-1, max-image-preview:large, max-video-preview:-1\" \/>\n<link rel=\"canonical\" href=\"https:\/\/bbqentertainment.com\/toode\/ahja-smoker-universaalne-saslokivann\/\" \/>\n<meta property=\"og:locale\" content=\"en_US\" \/>\n<meta property=\"og:type\" content=\"article\" \/>\n<meta property=\"og:title\" content=\"Ahja Smoker universaalne \u0161a\u0161l\u00f5kivann - BBQ Entertainment\" \/>\n<meta property=\"og:description\" content=\"Ahja Smoker universaalne \u0161a\u0161l\u00f5kivann \u00c4\u00e4rmiselt effektiivne ja universaalne, nii s\u00f6e kui ka puiduga t\u00f6\u00f6tav \u0161a\u0161l\u00f5kivann  Kvaliteetne \u0161a\u0161l\u00f5kivann, millel saab grillida kasutades klassikalist s\u00fctt v\u00f5i lepahalge. S\u00f6ega grillides asetad s\u00f6e p\u00f5hjarestile ja k\u00fclgedes olevad \u00f5hutuskanalid tagavad s\u00f6ele piisava \u00f5huvoolu intensiivseks p\u00f5lemiseks.  Kui s\u00fcsi otsas ei tasu muretseda. Seda grilli saab edukalt kasutada ka halupuudega. Selleks on tootele lisatud spetsiaalne k\u00f5rgendus, kuhu asetatakse puud p\u00fcstiasendisse. Nii p\u00f5levad puud kiiresti, tekitades vajaliku s\u00f6e, mille saab roobiga k\u00f5rgenduse avatud alumisest servast grilli m\u00f6\u00f6da laiali t\u00f5mmata. Samal ajal saab puid s\u00f6e tootmiseks kogu aeg lisada ilma, et toitu k\u00f5rvetaks. Viimased vardad v\u00f5ib grillimise l\u00f5ppedes l\u00fckata vastu k\u00f5rgenduse serva, mis hoiab vardad veel t\u00fckk aega soojana.  Materjal kvaliteetne 3mm metall.\" \/>\n<meta property=\"og:url\" content=\"https:\/\/bbqentertainment.com\/toode\/ahja-smoker-universaalne-saslokivann\/\" \/>\n<meta property=\"og:site_name\" content=\"BBQ Entertainment\" \/>\n<meta property=\"article:publisher\" content=\"https:\/\/www.facebook.com\/BBQ-Entertainment-N-Catering-2437913376443540\" \/>\n<meta property=\"article:modified_time\" content=\"2026-03-08T18:42:33+00:00\" \/>\n<meta property=\"og:image\" content=\"https:\/\/bbqentertainment.com\/wp-content\/uploads\/2025\/09\/AhjaSmoker-saslokivann-korgendusega.png\" \/>\n\t<meta property=\"og:image:width\" content=\"450\" \/>\n\t<meta property=\"og:image:height\" content=\"450\" \/>\n\t<meta property=\"og:image:type\" content=\"image\/png\" \/>\n<meta name=\"twitter:card\" content=\"summary_large_image\" \/>\n<meta name=\"twitter:label1\" content=\"Est. reading time\" \/>\n\t<meta name=\"twitter:data1\" content=\"1 minute\" \/>\n<script type=\"application\/ld+json\" class=\"yoast-schema-graph\">{\"@context\":\"https:\\\/\\\/schema.org\",\"@graph\":[{\"@type\":[\"WebPage\",\"ItemPage\"],\"@id\":\"https:\\\/\\\/bbqentertainment.com\\\/toode\\\/ahja-smoker-universaalne-saslokivann\\\/\",\"url\":\"https:\\\/\\\/bbqentertainment.com\\\/toode\\\/ahja-smoker-universaalne-saslokivann\\\/\",\"name\":\"Ahja Smoker universaalne \u0161a\u0161l\u00f5kivann - BBQ Entertainment\",\"isPartOf\":{\"@id\":\"https:\\\/\\\/bbqentertainment.com\\\/#website\"},\"primaryImageOfPage\":{\"@id\":\"https:\\\/\\\/bbqentertainment.com\\\/toode\\\/ahja-smoker-universaalne-saslokivann\\\/#primaryimage\"},\"image\":{\"@id\":\"https:\\\/\\\/bbqentertainment.com\\\/toode\\\/ahja-smoker-universaalne-saslokivann\\\/#primaryimage\"},\"thumbnailUrl\":\"https:\\\/\\\/bbqentertainment.com\\\/wp-content\\\/uploads\\\/2025\\\/09\\\/AhjaSmoker-saslokivann-korgendusega.png\",\"datePublished\":\"2025-09-04T18:37:00+00:00\",\"dateModified\":\"2026-03-08T18:42:33+00:00\",\"breadcrumb\":{\"@id\":\"https:\\\/\\\/bbqentertainment.com\\\/toode\\\/ahja-smoker-universaalne-saslokivann\\\/#breadcrumb\"},\"inLanguage\":\"en-US\",\"potentialAction\":[{\"@type\":\"ReadAction\",\"target\":[\"https:\\\/\\\/bbqentertainment.com\\\/toode\\\/ahja-smoker-universaalne-saslokivann\\\/\"]}]},{\"@type\":\"ImageObject\",\"inLanguage\":\"en-US\",\"@id\":\"https:\\\/\\\/bbqentertainment.com\\\/toode\\\/ahja-smoker-universaalne-saslokivann\\\/#primaryimage\",\"url\":\"https:\\\/\\\/bbqentertainment.com\\\/wp-content\\\/uploads\\\/2025\\\/09\\\/AhjaSmoker-saslokivann-korgendusega.png\",\"contentUrl\":\"https:\\\/\\\/bbqentertainment.com\\\/wp-content\\\/uploads\\\/2025\\\/09\\\/AhjaSmoker-saslokivann-korgendusega.png\",\"width\":450,\"height\":450},{\"@type\":\"BreadcrumbList\",\"@id\":\"https:\\\/\\\/bbqentertainment.com\\\/toode\\\/ahja-smoker-universaalne-saslokivann\\\/#breadcrumb\",\"itemListElement\":[{\"@type\":\"ListItem\",\"position\":1,\"name\":\"AVALEHT\",\"item\":\"https:\\\/\\\/bbqentertainment.com\\\/en\\\/\"},{\"@type\":\"ListItem\",\"position\":2,\"name\":\"Tooted\",\"item\":\"https:\\\/\\\/bbqentertainment.com\\\/tooted\\\/\"},{\"@type\":\"ListItem\",\"position\":3,\"name\":\"Grillid ja ahjud\",\"item\":\"https:\\\/\\\/bbqentertainment.com\\\/tootekategooria\\\/grillid-ja-ahjud\\\/\"},{\"@type\":\"ListItem\",\"position\":4,\"name\":\"Suitsuahjud\",\"item\":\"https:\\\/\\\/bbqentertainment.com\\\/tootekategooria\\\/grillid-ja-ahjud\\\/suitsuahjud\\\/\"},{\"@type\":\"ListItem\",\"position\":5,\"name\":\"Ahja Smoker universaalne \u0161a\u0161l\u00f5kivann\"}]},{\"@type\":\"WebSite\",\"@id\":\"https:\\\/\\\/bbqentertainment.com\\\/#website\",\"url\":\"https:\\\/\\\/bbqentertainment.com\\\/\",\"name\":\"BBQ Entertainment\",\"description\":\"BBQ is a great lifestyle, not just fun!\",\"publisher\":{\"@id\":\"https:\\\/\\\/bbqentertainment.com\\\/#organization\"},\"potentialAction\":[{\"@type\":\"SearchAction\",\"target\":{\"@type\":\"EntryPoint\",\"urlTemplate\":\"https:\\\/\\\/bbqentertainment.com\\\/?s={search_term_string}\"},\"query-input\":{\"@type\":\"PropertyValueSpecification\",\"valueRequired\":true,\"valueName\":\"search_term_string\"}}],\"inLanguage\":\"en-US\"},{\"@type\":\"Organization\",\"@id\":\"https:\\\/\\\/bbqentertainment.com\\\/#organization\",\"name\":\"BBQ Entertainment O\u00dc\",\"url\":\"https:\\\/\\\/bbqentertainment.com\\\/\",\"logo\":{\"@type\":\"ImageObject\",\"inLanguage\":\"en-US\",\"@id\":\"https:\\\/\\\/bbqentertainment.com\\\/#\\\/schema\\\/logo\\\/image\\\/\",\"url\":\"https:\\\/\\\/bbqentertainment.com\\\/wp-content\\\/uploads\\\/2020\\\/04\\\/BBQ-Entertainment-N-Catering-Enn-Tobreluts-Logo.png\",\"contentUrl\":\"https:\\\/\\\/bbqentertainment.com\\\/wp-content\\\/uploads\\\/2020\\\/04\\\/BBQ-Entertainment-N-Catering-Enn-Tobreluts-Logo.png\",\"width\":628,\"height\":266,\"caption\":\"BBQ Entertainment O\u00dc\"},\"image\":{\"@id\":\"https:\\\/\\\/bbqentertainment.com\\\/#\\\/schema\\\/logo\\\/image\\\/\"},\"sameAs\":[\"https:\\\/\\\/www.facebook.com\\\/BBQ-Entertainment-N-Catering-2437913376443540\",\"https:\\\/\\\/www.instagram.com\\\/bbqentertainmentncatering\\\/\",\"https:\\\/\\\/www.youtube.com\\\/channel\\\/UCmpuANQVhLy2Md8nrenp2jA\"]}]}<\/script>\n<!-- \/ Yoast SEO plugin. -->","yoast_head_json":{"title":"Ahja Smoker universaalne \u0161a\u0161l\u00f5kivann - BBQ Entertainment","robots":{"index":"index","follow":"follow","max-snippet":"max-snippet:-1","max-image-preview":"max-image-preview:large","max-video-preview":"max-video-preview:-1"},"canonical":"https:\/\/bbqentertainment.com\/toode\/ahja-smoker-universaalne-saslokivann\/","og_locale":"en_US","og_type":"article","og_title":"Ahja Smoker universaalne \u0161a\u0161l\u00f5kivann - BBQ Entertainment","og_description":"Ahja Smoker universaalne \u0161a\u0161l\u00f5kivann \u00c4\u00e4rmiselt effektiivne ja universaalne, nii s\u00f6e kui ka puiduga t\u00f6\u00f6tav \u0161a\u0161l\u00f5kivann  Kvaliteetne \u0161a\u0161l\u00f5kivann, millel saab grillida kasutades klassikalist s\u00fctt v\u00f5i lepahalge. S\u00f6ega grillides asetad s\u00f6e p\u00f5hjarestile ja k\u00fclgedes olevad \u00f5hutuskanalid tagavad s\u00f6ele piisava \u00f5huvoolu intensiivseks p\u00f5lemiseks.  Kui s\u00fcsi otsas ei tasu muretseda. Seda grilli saab edukalt kasutada ka halupuudega. Selleks on tootele lisatud spetsiaalne k\u00f5rgendus, kuhu asetatakse puud p\u00fcstiasendisse. Nii p\u00f5levad puud kiiresti, tekitades vajaliku s\u00f6e, mille saab roobiga k\u00f5rgenduse avatud alumisest servast grilli m\u00f6\u00f6da laiali t\u00f5mmata. Samal ajal saab puid s\u00f6e tootmiseks kogu aeg lisada ilma, et toitu k\u00f5rvetaks. Viimased vardad v\u00f5ib grillimise l\u00f5ppedes l\u00fckata vastu k\u00f5rgenduse serva, mis hoiab vardad veel t\u00fckk aega soojana.  Materjal kvaliteetne 3mm metall.","og_url":"https:\/\/bbqentertainment.com\/toode\/ahja-smoker-universaalne-saslokivann\/","og_site_name":"BBQ Entertainment","article_publisher":"https:\/\/www.facebook.com\/BBQ-Entertainment-N-Catering-2437913376443540","article_modified_time":"2026-03-08T18:42:33+00:00","og_image":[{"width":450,"height":450,"url":"https:\/\/bbqentertainment.com\/wp-content\/uploads\/2025\/09\/AhjaSmoker-saslokivann-korgendusega.png","type":"image\/png"}],"twitter_card":"summary_large_image","twitter_misc":{"Est. reading time":"1 minute"},"schema":{"@context":"https:\/\/schema.org","@graph":[{"@type":["WebPage","ItemPage"],"@id":"https:\/\/bbqentertainment.com\/toode\/ahja-smoker-universaalne-saslokivann\/","url":"https:\/\/bbqentertainment.com\/toode\/ahja-smoker-universaalne-saslokivann\/","name":"Ahja Smoker universaalne \u0161a\u0161l\u00f5kivann - BBQ Entertainment","isPartOf":{"@id":"https:\/\/bbqentertainment.com\/#website"},"primaryImageOfPage":{"@id":"https:\/\/bbqentertainment.com\/toode\/ahja-smoker-universaalne-saslokivann\/#primaryimage"},"image":{"@id":"https:\/\/bbqentertainment.com\/toode\/ahja-smoker-universaalne-saslokivann\/#primaryimage"},"thumbnailUrl":"https:\/\/bbqentertainment.com\/wp-content\/uploads\/2025\/09\/AhjaSmoker-saslokivann-korgendusega.png","datePublished":"2025-09-04T18:37:00+00:00","dateModified":"2026-03-08T18:42:33+00:00","breadcrumb":{"@id":"https:\/\/bbqentertainment.com\/toode\/ahja-smoker-universaalne-saslokivann\/#breadcrumb"},"inLanguage":"en-US","potentialAction":[{"@type":"ReadAction","target":["https:\/\/bbqentertainment.com\/toode\/ahja-smoker-universaalne-saslokivann\/"]}]},{"@type":"ImageObject","inLanguage":"en-US","@id":"https:\/\/bbqentertainment.com\/toode\/ahja-smoker-universaalne-saslokivann\/#primaryimage","url":"https:\/\/bbqentertainment.com\/wp-content\/uploads\/2025\/09\/AhjaSmoker-saslokivann-korgendusega.png","contentUrl":"https:\/\/bbqentertainment.com\/wp-content\/uploads\/2025\/09\/AhjaSmoker-saslokivann-korgendusega.png","width":450,"height":450},{"@type":"BreadcrumbList","@id":"https:\/\/bbqentertainment.com\/toode\/ahja-smoker-universaalne-saslokivann\/#breadcrumb","itemListElement":[{"@type":"ListItem","position":1,"name":"AVALEHT","item":"https:\/\/bbqentertainment.com\/en\/"},{"@type":"ListItem","position":2,"name":"Tooted","item":"https:\/\/bbqentertainment.com\/tooted\/"},{"@type":"ListItem","position":3,"name":"Grillid ja ahjud","item":"https:\/\/bbqentertainment.com\/tootekategooria\/grillid-ja-ahjud\/"},{"@type":"ListItem","position":4,"name":"Suitsuahjud","item":"https:\/\/bbqentertainment.com\/tootekategooria\/grillid-ja-ahjud\/suitsuahjud\/"},{"@type":"ListItem","position":5,"name":"Ahja Smoker universaalne \u0161a\u0161l\u00f5kivann"}]},{"@type":"WebSite","@id":"https:\/\/bbqentertainment.com\/#website","url":"https:\/\/bbqentertainment.com\/","name":"BBQ Entertainment","description":"BBQ is a great lifestyle, not just fun!","publisher":{"@id":"https:\/\/bbqentertainment.com\/#organization"},"potentialAction":[{"@type":"SearchAction","target":{"@type":"EntryPoint","urlTemplate":"https:\/\/bbqentertainment.com\/?s={search_term_string}"},"query-input":{"@type":"PropertyValueSpecification","valueRequired":true,"valueName":"search_term_string"}}],"inLanguage":"en-US"},{"@type":"Organization","@id":"https:\/\/bbqentertainment.com\/#organization","name":"BBQ Entertainment O\u00dc","url":"https:\/\/bbqentertainment.com\/","logo":{"@type":"ImageObject","inLanguage":"en-US","@id":"https:\/\/bbqentertainment.com\/#\/schema\/logo\/image\/","url":"https:\/\/bbqentertainment.com\/wp-content\/uploads\/2020\/04\/BBQ-Entertainment-N-Catering-Enn-Tobreluts-Logo.png","contentUrl":"https:\/\/bbqentertainment.com\/wp-content\/uploads\/2020\/04\/BBQ-Entertainment-N-Catering-Enn-Tobreluts-Logo.png","width":628,"height":266,"caption":"BBQ Entertainment O\u00dc"},"image":{"@id":"https:\/\/bbqentertainment.com\/#\/schema\/logo\/image\/"},"sameAs":["https:\/\/www.facebook.com\/BBQ-Entertainment-N-Catering-2437913376443540","https:\/\/www.instagram.com\/bbqentertainmentncatering\/","https:\/\/www.youtube.com\/channel\/UCmpuANQVhLy2Md8nrenp2jA"]}]}},"_links":{"self":[{"href":"https:\/\/bbqentertainment.com\/en\/wp-json\/wp\/v2\/product\/254337","targetHints":{"allow":["GET"]}}],"collection":[{"href":"https:\/\/bbqentertainment.com\/en\/wp-json\/wp\/v2\/product"}],"about":[{"href":"https:\/\/bbqentertainment.com\/en\/wp-json\/wp\/v2\/types\/product"}],"wp:featuredmedia":[{"embeddable":true,"href":"https:\/\/bbqentertainment.com\/en\/wp-json\/wp\/v2\/media\/254351"}],"wp:attachment":[{"href":"https:\/\/bbqentertainment.com\/en\/wp-json\/wp\/v2\/media?parent=254337"}],"wp:term":[{"taxonomy":"product_brand","embeddable":true,"href":"https:\/\/bbqentertainment.com\/en\/wp-json\/wp\/v2\/product_brand?post=254337"},{"taxonomy":"product_cat","embeddable":true,"href":"https:\/\/bbqentertainment.com\/en\/wp-json\/wp\/v2\/product_cat?post=254337"},{"taxonomy":"product_tag","embeddable":true,"href":"https:\/\/bbqentertainment.com\/en\/wp-json\/wp\/v2\/product_tag?post=254337"}],"curies":[{"name":"wp","href":"https:\/\/api.w.org\/{rel}","templated":true}]}}