{"id":254338,"date":"2025-09-04T21:37:00","date_gmt":"2025-09-04T18:37:00","guid":{"rendered":"https:\/\/bbqentertainment.com\/?post_type=product&#038;p=254338"},"modified":"2026-03-08T20:42:33","modified_gmt":"2026-03-08T18:42:33","slug":"ahja-smoker-disainlokkease-saslokivann-3mm-kvaliteetrauast","status":"publish","type":"product","link":"https:\/\/bbqentertainment.com\/en\/toode\/ahja-smoker-disainlokkease-saslokivann-3mm-kvaliteetrauast\/","title":{"rendered":"Ahja Smoker disainl\u00f5kkease, \u0161a\u0161l\u00f5kivann 3mm kvaliteetrauast."},"content":{"rendered":"","protected":false},"excerpt":{"rendered":"<h3>Ahja Smoker disainl\u00f5kkease, \u0161a\u0161l\u00f5kivann 3mm kvaliteetrauast.<\/h3>\n<p>Ahja Smoker viikingilaeva kujuline disainl\u00f5kkease. Saab edukalt kasutada \u0161a\u0161l\u00f5kivannina. Valmistatud 3mm kvaliteetrauast.<br \/>\nServas laserl\u00f5igatud \u0161a\u0161l\u00f5kivarda fiksaatort\u00e4kked, 8 kummaski servas.<br \/>\nL\u00f5kkeaseme alaosas \u00f5hutusavad p\u00f5lemise soodustamiseks.<br \/>\nL\u00f5kkeaseme pikkus 110cm<br \/>\nLaius 42cm<br \/>\nK\u00f5rgus maast 47cm<br \/>\nKaal 35kg<br \/>\nToodetud Eestis.<\/p>\n","protected":false},"featured_media":254353,"template":"","meta":{"inline_featured_image":false},"product_brand":[],"product_cat":[17,650,238],"product_tag":[],"class_list":{"0":"post-254338","1":"product","2":"type-product","3":"status-publish","4":"has-post-thumbnail","6":"product_cat-grillid-ja-ahjud","7":"product_cat-suitsuahjud","8":"product_cat-muud-grillid-ja-ahjud","10":"first","11":"instock","12":"sale","13":"taxable","14":"shipping-taxable","15":"purchasable","16":"product-type-simple"},"yoast_head":"<!-- This site is optimized with the Yoast SEO plugin v27.4 - https:\/\/yoast.com\/product\/yoast-seo-wordpress\/ -->\n<title>Ahja Smoker disainl\u00f5kkease, \u0161a\u0161l\u00f5kivann 3mm kvaliteetrauast. - BBQ Entertainment<\/title>\n<meta name=\"robots\" content=\"index, follow, max-snippet:-1, max-image-preview:large, max-video-preview:-1\" \/>\n<link rel=\"canonical\" href=\"https:\/\/bbqentertainment.com\/toode\/ahja-smoker-disainlokkease-saslokivann-3mm-kvaliteetrauast\/\" \/>\n<meta property=\"og:locale\" content=\"en_US\" \/>\n<meta property=\"og:type\" content=\"article\" \/>\n<meta property=\"og:title\" content=\"Ahja Smoker disainl\u00f5kkease, \u0161a\u0161l\u00f5kivann 3mm kvaliteetrauast. - BBQ Entertainment\" \/>\n<meta property=\"og:description\" content=\"Ahja Smoker disainl\u00f5kkease, \u0161a\u0161l\u00f5kivann 3mm kvaliteetrauast. Ahja Smoker viikingilaeva kujuline disainl\u00f5kkease. Saab edukalt kasutada \u0161a\u0161l\u00f5kivannina. Valmistatud 3mm kvaliteetrauast. Servas laserl\u00f5igatud \u0161a\u0161l\u00f5kivarda fiksaatort\u00e4kked, 8 kummaski servas. L\u00f5kkeaseme alaosas \u00f5hutusavad p\u00f5lemise soodustamiseks. L\u00f5kkeaseme pikkus 110cm Laius 42cm K\u00f5rgus maast 47cm Kaal 35kg Toodetud Eestis.\" \/>\n<meta property=\"og:url\" content=\"https:\/\/bbqentertainment.com\/toode\/ahja-smoker-disainlokkease-saslokivann-3mm-kvaliteetrauast\/\" \/>\n<meta property=\"og:site_name\" content=\"BBQ Entertainment\" \/>\n<meta property=\"article:publisher\" content=\"https:\/\/www.facebook.com\/BBQ-Entertainment-N-Catering-2437913376443540\" \/>\n<meta property=\"article:modified_time\" content=\"2026-03-08T18:42:33+00:00\" \/>\n<meta property=\"og:image\" content=\"https:\/\/bbqentertainment.com\/wp-content\/uploads\/2025\/09\/AhjaSmoker-TSG-MIGD-soevann.png\" \/>\n\t<meta property=\"og:image:width\" content=\"450\" \/>\n\t<meta property=\"og:image:height\" content=\"450\" \/>\n\t<meta property=\"og:image:type\" content=\"image\/png\" \/>\n<meta name=\"twitter:card\" content=\"summary_large_image\" \/>\n<script type=\"application\/ld+json\" class=\"yoast-schema-graph\">{\"@context\":\"https:\\\/\\\/schema.org\",\"@graph\":[{\"@type\":[\"WebPage\",\"ItemPage\"],\"@id\":\"https:\\\/\\\/bbqentertainment.com\\\/toode\\\/ahja-smoker-disainlokkease-saslokivann-3mm-kvaliteetrauast\\\/\",\"url\":\"https:\\\/\\\/bbqentertainment.com\\\/toode\\\/ahja-smoker-disainlokkease-saslokivann-3mm-kvaliteetrauast\\\/\",\"name\":\"Ahja Smoker disainl\u00f5kkease, \u0161a\u0161l\u00f5kivann 3mm kvaliteetrauast. - BBQ Entertainment\",\"isPartOf\":{\"@id\":\"https:\\\/\\\/bbqentertainment.com\\\/#website\"},\"primaryImageOfPage\":{\"@id\":\"https:\\\/\\\/bbqentertainment.com\\\/toode\\\/ahja-smoker-disainlokkease-saslokivann-3mm-kvaliteetrauast\\\/#primaryimage\"},\"image\":{\"@id\":\"https:\\\/\\\/bbqentertainment.com\\\/toode\\\/ahja-smoker-disainlokkease-saslokivann-3mm-kvaliteetrauast\\\/#primaryimage\"},\"thumbnailUrl\":\"https:\\\/\\\/bbqentertainment.com\\\/wp-content\\\/uploads\\\/2025\\\/09\\\/AhjaSmoker-TSG-MIGD-soevann.png\",\"datePublished\":\"2025-09-04T18:37:00+00:00\",\"dateModified\":\"2026-03-08T18:42:33+00:00\",\"breadcrumb\":{\"@id\":\"https:\\\/\\\/bbqentertainment.com\\\/toode\\\/ahja-smoker-disainlokkease-saslokivann-3mm-kvaliteetrauast\\\/#breadcrumb\"},\"inLanguage\":\"en-US\",\"potentialAction\":[{\"@type\":\"ReadAction\",\"target\":[\"https:\\\/\\\/bbqentertainment.com\\\/toode\\\/ahja-smoker-disainlokkease-saslokivann-3mm-kvaliteetrauast\\\/\"]}]},{\"@type\":\"ImageObject\",\"inLanguage\":\"en-US\",\"@id\":\"https:\\\/\\\/bbqentertainment.com\\\/toode\\\/ahja-smoker-disainlokkease-saslokivann-3mm-kvaliteetrauast\\\/#primaryimage\",\"url\":\"https:\\\/\\\/bbqentertainment.com\\\/wp-content\\\/uploads\\\/2025\\\/09\\\/AhjaSmoker-TSG-MIGD-soevann.png\",\"contentUrl\":\"https:\\\/\\\/bbqentertainment.com\\\/wp-content\\\/uploads\\\/2025\\\/09\\\/AhjaSmoker-TSG-MIGD-soevann.png\",\"width\":450,\"height\":450},{\"@type\":\"BreadcrumbList\",\"@id\":\"https:\\\/\\\/bbqentertainment.com\\\/toode\\\/ahja-smoker-disainlokkease-saslokivann-3mm-kvaliteetrauast\\\/#breadcrumb\",\"itemListElement\":[{\"@type\":\"ListItem\",\"position\":1,\"name\":\"AVALEHT\",\"item\":\"https:\\\/\\\/bbqentertainment.com\\\/en\\\/\"},{\"@type\":\"ListItem\",\"position\":2,\"name\":\"Tooted\",\"item\":\"https:\\\/\\\/bbqentertainment.com\\\/tooted\\\/\"},{\"@type\":\"ListItem\",\"position\":3,\"name\":\"Grillid ja ahjud\",\"item\":\"https:\\\/\\\/bbqentertainment.com\\\/tootekategooria\\\/grillid-ja-ahjud\\\/\"},{\"@type\":\"ListItem\",\"position\":4,\"name\":\"Suitsuahjud\",\"item\":\"https:\\\/\\\/bbqentertainment.com\\\/tootekategooria\\\/grillid-ja-ahjud\\\/suitsuahjud\\\/\"},{\"@type\":\"ListItem\",\"position\":5,\"name\":\"Ahja Smoker disainl\u00f5kkease, \u0161a\u0161l\u00f5kivann 3mm kvaliteetrauast.\"}]},{\"@type\":\"WebSite\",\"@id\":\"https:\\\/\\\/bbqentertainment.com\\\/#website\",\"url\":\"https:\\\/\\\/bbqentertainment.com\\\/\",\"name\":\"BBQ Entertainment\",\"description\":\"BBQ is a great lifestyle, not just fun!\",\"publisher\":{\"@id\":\"https:\\\/\\\/bbqentertainment.com\\\/#organization\"},\"potentialAction\":[{\"@type\":\"SearchAction\",\"target\":{\"@type\":\"EntryPoint\",\"urlTemplate\":\"https:\\\/\\\/bbqentertainment.com\\\/?s={search_term_string}\"},\"query-input\":{\"@type\":\"PropertyValueSpecification\",\"valueRequired\":true,\"valueName\":\"search_term_string\"}}],\"inLanguage\":\"en-US\"},{\"@type\":\"Organization\",\"@id\":\"https:\\\/\\\/bbqentertainment.com\\\/#organization\",\"name\":\"BBQ Entertainment O\u00dc\",\"url\":\"https:\\\/\\\/bbqentertainment.com\\\/\",\"logo\":{\"@type\":\"ImageObject\",\"inLanguage\":\"en-US\",\"@id\":\"https:\\\/\\\/bbqentertainment.com\\\/#\\\/schema\\\/logo\\\/image\\\/\",\"url\":\"https:\\\/\\\/bbqentertainment.com\\\/wp-content\\\/uploads\\\/2020\\\/04\\\/BBQ-Entertainment-N-Catering-Enn-Tobreluts-Logo.png\",\"contentUrl\":\"https:\\\/\\\/bbqentertainment.com\\\/wp-content\\\/uploads\\\/2020\\\/04\\\/BBQ-Entertainment-N-Catering-Enn-Tobreluts-Logo.png\",\"width\":628,\"height\":266,\"caption\":\"BBQ Entertainment O\u00dc\"},\"image\":{\"@id\":\"https:\\\/\\\/bbqentertainment.com\\\/#\\\/schema\\\/logo\\\/image\\\/\"},\"sameAs\":[\"https:\\\/\\\/www.facebook.com\\\/BBQ-Entertainment-N-Catering-2437913376443540\",\"https:\\\/\\\/www.instagram.com\\\/bbqentertainmentncatering\\\/\",\"https:\\\/\\\/www.youtube.com\\\/channel\\\/UCmpuANQVhLy2Md8nrenp2jA\"]}]}<\/script>\n<!-- \/ Yoast SEO plugin. -->","yoast_head_json":{"title":"Ahja Smoker disainl\u00f5kkease, \u0161a\u0161l\u00f5kivann 3mm kvaliteetrauast. - BBQ Entertainment","robots":{"index":"index","follow":"follow","max-snippet":"max-snippet:-1","max-image-preview":"max-image-preview:large","max-video-preview":"max-video-preview:-1"},"canonical":"https:\/\/bbqentertainment.com\/toode\/ahja-smoker-disainlokkease-saslokivann-3mm-kvaliteetrauast\/","og_locale":"en_US","og_type":"article","og_title":"Ahja Smoker disainl\u00f5kkease, \u0161a\u0161l\u00f5kivann 3mm kvaliteetrauast. - BBQ Entertainment","og_description":"Ahja Smoker disainl\u00f5kkease, \u0161a\u0161l\u00f5kivann 3mm kvaliteetrauast. Ahja Smoker viikingilaeva kujuline disainl\u00f5kkease. Saab edukalt kasutada \u0161a\u0161l\u00f5kivannina. Valmistatud 3mm kvaliteetrauast. Servas laserl\u00f5igatud \u0161a\u0161l\u00f5kivarda fiksaatort\u00e4kked, 8 kummaski servas. L\u00f5kkeaseme alaosas \u00f5hutusavad p\u00f5lemise soodustamiseks. L\u00f5kkeaseme pikkus 110cm Laius 42cm K\u00f5rgus maast 47cm Kaal 35kg Toodetud Eestis.","og_url":"https:\/\/bbqentertainment.com\/toode\/ahja-smoker-disainlokkease-saslokivann-3mm-kvaliteetrauast\/","og_site_name":"BBQ Entertainment","article_publisher":"https:\/\/www.facebook.com\/BBQ-Entertainment-N-Catering-2437913376443540","article_modified_time":"2026-03-08T18:42:33+00:00","og_image":[{"width":450,"height":450,"url":"https:\/\/bbqentertainment.com\/wp-content\/uploads\/2025\/09\/AhjaSmoker-TSG-MIGD-soevann.png","type":"image\/png"}],"twitter_card":"summary_large_image","schema":{"@context":"https:\/\/schema.org","@graph":[{"@type":["WebPage","ItemPage"],"@id":"https:\/\/bbqentertainment.com\/toode\/ahja-smoker-disainlokkease-saslokivann-3mm-kvaliteetrauast\/","url":"https:\/\/bbqentertainment.com\/toode\/ahja-smoker-disainlokkease-saslokivann-3mm-kvaliteetrauast\/","name":"Ahja Smoker disainl\u00f5kkease, \u0161a\u0161l\u00f5kivann 3mm kvaliteetrauast. - BBQ Entertainment","isPartOf":{"@id":"https:\/\/bbqentertainment.com\/#website"},"primaryImageOfPage":{"@id":"https:\/\/bbqentertainment.com\/toode\/ahja-smoker-disainlokkease-saslokivann-3mm-kvaliteetrauast\/#primaryimage"},"image":{"@id":"https:\/\/bbqentertainment.com\/toode\/ahja-smoker-disainlokkease-saslokivann-3mm-kvaliteetrauast\/#primaryimage"},"thumbnailUrl":"https:\/\/bbqentertainment.com\/wp-content\/uploads\/2025\/09\/AhjaSmoker-TSG-MIGD-soevann.png","datePublished":"2025-09-04T18:37:00+00:00","dateModified":"2026-03-08T18:42:33+00:00","breadcrumb":{"@id":"https:\/\/bbqentertainment.com\/toode\/ahja-smoker-disainlokkease-saslokivann-3mm-kvaliteetrauast\/#breadcrumb"},"inLanguage":"en-US","potentialAction":[{"@type":"ReadAction","target":["https:\/\/bbqentertainment.com\/toode\/ahja-smoker-disainlokkease-saslokivann-3mm-kvaliteetrauast\/"]}]},{"@type":"ImageObject","inLanguage":"en-US","@id":"https:\/\/bbqentertainment.com\/toode\/ahja-smoker-disainlokkease-saslokivann-3mm-kvaliteetrauast\/#primaryimage","url":"https:\/\/bbqentertainment.com\/wp-content\/uploads\/2025\/09\/AhjaSmoker-TSG-MIGD-soevann.png","contentUrl":"https:\/\/bbqentertainment.com\/wp-content\/uploads\/2025\/09\/AhjaSmoker-TSG-MIGD-soevann.png","width":450,"height":450},{"@type":"BreadcrumbList","@id":"https:\/\/bbqentertainment.com\/toode\/ahja-smoker-disainlokkease-saslokivann-3mm-kvaliteetrauast\/#breadcrumb","itemListElement":[{"@type":"ListItem","position":1,"name":"AVALEHT","item":"https:\/\/bbqentertainment.com\/en\/"},{"@type":"ListItem","position":2,"name":"Tooted","item":"https:\/\/bbqentertainment.com\/tooted\/"},{"@type":"ListItem","position":3,"name":"Grillid ja ahjud","item":"https:\/\/bbqentertainment.com\/tootekategooria\/grillid-ja-ahjud\/"},{"@type":"ListItem","position":4,"name":"Suitsuahjud","item":"https:\/\/bbqentertainment.com\/tootekategooria\/grillid-ja-ahjud\/suitsuahjud\/"},{"@type":"ListItem","position":5,"name":"Ahja Smoker disainl\u00f5kkease, \u0161a\u0161l\u00f5kivann 3mm kvaliteetrauast."}]},{"@type":"WebSite","@id":"https:\/\/bbqentertainment.com\/#website","url":"https:\/\/bbqentertainment.com\/","name":"BBQ Entertainment","description":"BBQ is a great lifestyle, not just fun!","publisher":{"@id":"https:\/\/bbqentertainment.com\/#organization"},"potentialAction":[{"@type":"SearchAction","target":{"@type":"EntryPoint","urlTemplate":"https:\/\/bbqentertainment.com\/?s={search_term_string}"},"query-input":{"@type":"PropertyValueSpecification","valueRequired":true,"valueName":"search_term_string"}}],"inLanguage":"en-US"},{"@type":"Organization","@id":"https:\/\/bbqentertainment.com\/#organization","name":"BBQ Entertainment O\u00dc","url":"https:\/\/bbqentertainment.com\/","logo":{"@type":"ImageObject","inLanguage":"en-US","@id":"https:\/\/bbqentertainment.com\/#\/schema\/logo\/image\/","url":"https:\/\/bbqentertainment.com\/wp-content\/uploads\/2020\/04\/BBQ-Entertainment-N-Catering-Enn-Tobreluts-Logo.png","contentUrl":"https:\/\/bbqentertainment.com\/wp-content\/uploads\/2020\/04\/BBQ-Entertainment-N-Catering-Enn-Tobreluts-Logo.png","width":628,"height":266,"caption":"BBQ Entertainment O\u00dc"},"image":{"@id":"https:\/\/bbqentertainment.com\/#\/schema\/logo\/image\/"},"sameAs":["https:\/\/www.facebook.com\/BBQ-Entertainment-N-Catering-2437913376443540","https:\/\/www.instagram.com\/bbqentertainmentncatering\/","https:\/\/www.youtube.com\/channel\/UCmpuANQVhLy2Md8nrenp2jA"]}]}},"_links":{"self":[{"href":"https:\/\/bbqentertainment.com\/en\/wp-json\/wp\/v2\/product\/254338","targetHints":{"allow":["GET"]}}],"collection":[{"href":"https:\/\/bbqentertainment.com\/en\/wp-json\/wp\/v2\/product"}],"about":[{"href":"https:\/\/bbqentertainment.com\/en\/wp-json\/wp\/v2\/types\/product"}],"wp:featuredmedia":[{"embeddable":true,"href":"https:\/\/bbqentertainment.com\/en\/wp-json\/wp\/v2\/media\/254353"}],"wp:attachment":[{"href":"https:\/\/bbqentertainment.com\/en\/wp-json\/wp\/v2\/media?parent=254338"}],"wp:term":[{"taxonomy":"product_brand","embeddable":true,"href":"https:\/\/bbqentertainment.com\/en\/wp-json\/wp\/v2\/product_brand?post=254338"},{"taxonomy":"product_cat","embeddable":true,"href":"https:\/\/bbqentertainment.com\/en\/wp-json\/wp\/v2\/product_cat?post=254338"},{"taxonomy":"product_tag","embeddable":true,"href":"https:\/\/bbqentertainment.com\/en\/wp-json\/wp\/v2\/product_tag?post=254338"}],"curies":[{"name":"wp","href":"https:\/\/api.w.org\/{rel}","templated":true}]}}