{"id":254339,"date":"2025-09-04T21:37:00","date_gmt":"2025-09-04T18:37:00","guid":{"rendered":"https:\/\/bbqentertainment.com\/?post_type=product&#038;p=254339"},"modified":"2025-11-07T12:00:15","modified_gmt":"2025-11-07T10:00:15","slug":"ahja-topeltseintega-klassikaline-195-liitrine-puukuttega-suitsuahi-mi5-6mm-kuttekoldega","status":"publish","type":"product","link":"https:\/\/bbqentertainment.com\/en\/toode\/ahja-topeltseintega-klassikaline-195-liitrine-puukuttega-suitsuahi-mi5-6mm-kuttekoldega\/","title":{"rendered":"Ahja topeltseintega klassikaline, 195 liitrine puuk\u00fcttega suitsuahi MI5, 6mm k\u00fcttekoldega"},"content":{"rendered":"<p>Kvaliteetne suitsuahi topelt seintega.<br \/>\nM\u00f5\u00f5tmed 1550x500x500 mm<\/p>\n<p>Lihakambri m\u00f5\u00f5dud: 80x45x45cm<br \/>\nLihakambri maht: 195 liitrit<\/p>\n<p>Materjali paksus: 2mm<br \/>\nK\u00fcttekolde materjal: 6mm<br \/>\nRestide omavaheline kaugus: 10cm<br \/>\nRestide arv: 4<br \/>\nAhju varustuses on rasvapann, neli resti, termomeeter ja kasutusjuhend.<\/p>\n<p>Tagaosas rattad\u00a0mugavaks liigutamiseks.<\/p>\n<p>Suitsuahi koosneb kahest kambrist. Ahju alumises osas on k\u00fcttekamber, kus p\u00f5letatakse puitu ja \u00fclemises osas on lihakamber. Topeltseinaga ahju puhul liigub puidu p\u00f5lemisel tekkiv suits l\u00e4bi topeltseinte \u00fcles korstnast v\u00e4lja. Sellise ahju kasutamise puhul ei ole oluline, et p\u00f5letatakse suitsutamiseks sobivat puitu. P\u00f5lemise suits ei saa lihaga kokku. Tegu on n.\u00f6. kuumsuitsuahjuga. \u00dclemises kambris tekitatakse suitsu laastuga, saepuruga v\u00f5i muu sarnasega. Arvestades suurt restide vahet saate suitsutada ka suuremaid lihat\u00fckke.<\/p>\n<p class=\"p1\"><b>Enne suitsuahju kasutusele v\u00f5tmist tuleb:<\/b><\/p>\n<p class=\"p1\">1.K\u00fcpsetusrestid pesta puhtaks \u00f5list.<\/p>\n<p class=\"p1\">2.Asetada k\u00fcpsetusrestid kolde peale, et need esimesel k\u00fctmisel l\u00e4bi kuumutada.<\/p>\n<p class=\"p1\">3.Esimene k\u00fctmine peab toimuma t\u00fchja ahjuga. Kasutatakse kvaliteetset kuiva puud,<br \/>\nkuumutamine k\u00f5rgel temperatuuril v\u00e4hemalt 2h, et metallis olevad \u00f5lid ja kahjulikud ained<br \/>\np\u00f5leksid \u00e4ra.<\/p>\n<p class=\"p1\">Topelt seintega ahjus v\u00f5ib kasutada k\u00fctmisel igasugust puitu, kuna koldes olev suits ei j\u00f5ua<br \/>\nsuitsu kambrisse.<br \/>\nSuitsu saamiseks tuleb kasutada spetsiaalset lepa saepuru (mida on saada erinevates<br \/>\npoodides).V\u00f5ib ka ise l\u00fc\u00fca kvaliteetsest lepapuust \u00f5hukesed laastud v\u00f5i teha j\u00e4medam hake .<\/p>\n<p class=\"p1\">Kuiv saepuru\/laast asetatakse kas rasvavanni v\u00f5i muu metallist anumaga kolde peale, et see kolde kuumusega suitsema l\u00e4heks.<\/p>\n<p class=\"p1\">Kasutatavat saepuru v\u00f5i laastu tuleb vahetada suitsetamise k\u00e4igus vastavalt vajadusele.<\/p>\n<p class=\"p1\">Ahju v\u00f5ib paigaldada tasasele pinnasele ja\/v\u00f5i spetsiaalsele mittep\u00f5levale alusele.<br \/>\nPaigaldamisel ja kasutamisel tuleb j\u00e4rgida tuleohutusn\u00f5udeid ning kaugust ehitistest<br \/>\n( minimaalselt 5m).<\/p>\n<p class=\"p1\">Kasutamise ajal ja p\u00e4rast kasutamise l\u00f5petamist ei tohi ahju j\u00e4tta j\u00e4relevalveta, kuni<br \/>\np\u00f5levmaterjal on t\u00e4ielikult p\u00f5lenud ja\/v\u00f5i p\u00f5lemisj\u00e4\u00e4gid veega kustutatud.<br \/>\nSoovitav on suitsuahi peale kasutamist puhastada p\u00f5lemisj\u00e4\u00e4kidest.<\/p>\n<p>Toodetud Eestis. Ahja Smoker suitsuahjud.<\/p>\n","protected":false},"excerpt":{"rendered":"<h3>Ahja topeltseintega klassikaline, 195 liitrine puuk\u00fcttega suitsuahi MI5, 6mm k\u00fcttekoldega<\/h3>\n<p>Korpus kvaliteetsest 2mm rauast, k\u00fcttekolle 6mm rauast, topeltseintega kuumsuitsuahi. Kahekambriline. K\u00fcte ei puutu kokku toiduga ja saab kasutada mistahes puitu. Suits eraldi lihakambrist, mistahes suuruses lehtpuu laastuga.<\/p>\n","protected":false},"featured_media":254361,"template":"","meta":{"inline_featured_image":false},"product_brand":[],"product_cat":[17,650],"product_tag":[],"class_list":{"0":"post-254339","1":"product","2":"type-product","3":"status-publish","4":"has-post-thumbnail","6":"product_cat-grillid-ja-ahjud","7":"product_cat-suitsuahjud","9":"first","10":"instock","11":"sale","12":"taxable","13":"shipping-taxable","14":"purchasable","15":"product-type-simple"},"yoast_head":"<!-- This site is optimized with the Yoast SEO plugin v27.4 - https:\/\/yoast.com\/product\/yoast-seo-wordpress\/ -->\n<title>Ahja topeltseintega klassikaline, 195 liitrine puuk\u00fcttega suitsuahi MI5, 6mm k\u00fcttekoldega - BBQ Entertainment<\/title>\n<meta name=\"robots\" content=\"index, follow, max-snippet:-1, max-image-preview:large, max-video-preview:-1\" \/>\n<link rel=\"canonical\" href=\"https:\/\/bbqentertainment.com\/toode\/ahja-topeltseintega-klassikaline-195-liitrine-puukuttega-suitsuahi-mi5-6mm-kuttekoldega\/\" \/>\n<meta property=\"og:locale\" content=\"en_US\" \/>\n<meta property=\"og:type\" content=\"article\" \/>\n<meta property=\"og:title\" content=\"Ahja topeltseintega klassikaline, 195 liitrine puuk\u00fcttega suitsuahi MI5, 6mm k\u00fcttekoldega - BBQ Entertainment\" \/>\n<meta property=\"og:description\" content=\"Ahja topeltseintega klassikaline, 195 liitrine puuk\u00fcttega suitsuahi MI5, 6mm k\u00fcttekoldega Korpus kvaliteetsest 2mm rauast, k\u00fcttekolle 6mm rauast, topeltseintega kuumsuitsuahi. Kahekambriline. K\u00fcte ei puutu kokku toiduga ja saab kasutada mistahes puitu. Suits eraldi lihakambrist, mistahes suuruses lehtpuu laastuga.\" \/>\n<meta property=\"og:url\" content=\"https:\/\/bbqentertainment.com\/toode\/ahja-topeltseintega-klassikaline-195-liitrine-puukuttega-suitsuahi-mi5-6mm-kuttekoldega\/\" \/>\n<meta property=\"og:site_name\" content=\"BBQ Entertainment\" \/>\n<meta property=\"article:publisher\" content=\"https:\/\/www.facebook.com\/BBQ-Entertainment-N-Catering-2437913376443540\" \/>\n<meta property=\"article:modified_time\" content=\"2025-11-07T10:00:15+00:00\" \/>\n<meta property=\"og:image\" content=\"https:\/\/bbqentertainment.com\/wp-content\/uploads\/2025\/09\/Ahja-MI-4-220L-suitsuahi.png\" \/>\n\t<meta property=\"og:image:width\" content=\"300\" \/>\n\t<meta property=\"og:image:height\" content=\"300\" \/>\n\t<meta property=\"og:image:type\" content=\"image\/png\" \/>\n<meta name=\"twitter:card\" content=\"summary_large_image\" \/>\n<meta name=\"twitter:label1\" content=\"Est. reading time\" \/>\n\t<meta name=\"twitter:data1\" content=\"2 minutes\" \/>\n<script type=\"application\/ld+json\" class=\"yoast-schema-graph\">{\"@context\":\"https:\\\/\\\/schema.org\",\"@graph\":[{\"@type\":[\"WebPage\",\"ItemPage\"],\"@id\":\"https:\\\/\\\/bbqentertainment.com\\\/toode\\\/ahja-topeltseintega-klassikaline-195-liitrine-puukuttega-suitsuahi-mi5-6mm-kuttekoldega\\\/\",\"url\":\"https:\\\/\\\/bbqentertainment.com\\\/toode\\\/ahja-topeltseintega-klassikaline-195-liitrine-puukuttega-suitsuahi-mi5-6mm-kuttekoldega\\\/\",\"name\":\"Ahja topeltseintega klassikaline, 195 liitrine puuk\u00fcttega suitsuahi MI5, 6mm k\u00fcttekoldega - BBQ Entertainment\",\"isPartOf\":{\"@id\":\"https:\\\/\\\/bbqentertainment.com\\\/#website\"},\"primaryImageOfPage\":{\"@id\":\"https:\\\/\\\/bbqentertainment.com\\\/toode\\\/ahja-topeltseintega-klassikaline-195-liitrine-puukuttega-suitsuahi-mi5-6mm-kuttekoldega\\\/#primaryimage\"},\"image\":{\"@id\":\"https:\\\/\\\/bbqentertainment.com\\\/toode\\\/ahja-topeltseintega-klassikaline-195-liitrine-puukuttega-suitsuahi-mi5-6mm-kuttekoldega\\\/#primaryimage\"},\"thumbnailUrl\":\"https:\\\/\\\/bbqentertainment.com\\\/wp-content\\\/uploads\\\/2025\\\/09\\\/Ahja-MI-4-220L-suitsuahi.png\",\"datePublished\":\"2025-09-04T18:37:00+00:00\",\"dateModified\":\"2025-11-07T10:00:15+00:00\",\"breadcrumb\":{\"@id\":\"https:\\\/\\\/bbqentertainment.com\\\/toode\\\/ahja-topeltseintega-klassikaline-195-liitrine-puukuttega-suitsuahi-mi5-6mm-kuttekoldega\\\/#breadcrumb\"},\"inLanguage\":\"en-US\",\"potentialAction\":[{\"@type\":\"ReadAction\",\"target\":[\"https:\\\/\\\/bbqentertainment.com\\\/toode\\\/ahja-topeltseintega-klassikaline-195-liitrine-puukuttega-suitsuahi-mi5-6mm-kuttekoldega\\\/\"]}]},{\"@type\":\"ImageObject\",\"inLanguage\":\"en-US\",\"@id\":\"https:\\\/\\\/bbqentertainment.com\\\/toode\\\/ahja-topeltseintega-klassikaline-195-liitrine-puukuttega-suitsuahi-mi5-6mm-kuttekoldega\\\/#primaryimage\",\"url\":\"https:\\\/\\\/bbqentertainment.com\\\/wp-content\\\/uploads\\\/2025\\\/09\\\/Ahja-MI-4-220L-suitsuahi.png\",\"contentUrl\":\"https:\\\/\\\/bbqentertainment.com\\\/wp-content\\\/uploads\\\/2025\\\/09\\\/Ahja-MI-4-220L-suitsuahi.png\",\"width\":300,\"height\":300},{\"@type\":\"BreadcrumbList\",\"@id\":\"https:\\\/\\\/bbqentertainment.com\\\/toode\\\/ahja-topeltseintega-klassikaline-195-liitrine-puukuttega-suitsuahi-mi5-6mm-kuttekoldega\\\/#breadcrumb\",\"itemListElement\":[{\"@type\":\"ListItem\",\"position\":1,\"name\":\"AVALEHT\",\"item\":\"https:\\\/\\\/bbqentertainment.com\\\/en\\\/\"},{\"@type\":\"ListItem\",\"position\":2,\"name\":\"Tooted\",\"item\":\"https:\\\/\\\/bbqentertainment.com\\\/tooted\\\/\"},{\"@type\":\"ListItem\",\"position\":3,\"name\":\"Grillid ja ahjud\",\"item\":\"https:\\\/\\\/bbqentertainment.com\\\/tootekategooria\\\/grillid-ja-ahjud\\\/\"},{\"@type\":\"ListItem\",\"position\":4,\"name\":\"Suitsuahjud\",\"item\":\"https:\\\/\\\/bbqentertainment.com\\\/tootekategooria\\\/grillid-ja-ahjud\\\/suitsuahjud\\\/\"},{\"@type\":\"ListItem\",\"position\":5,\"name\":\"Ahja topeltseintega klassikaline, 195 liitrine puuk\u00fcttega suitsuahi MI5, 6mm k\u00fcttekoldega\"}]},{\"@type\":\"WebSite\",\"@id\":\"https:\\\/\\\/bbqentertainment.com\\\/#website\",\"url\":\"https:\\\/\\\/bbqentertainment.com\\\/\",\"name\":\"BBQ Entertainment\",\"description\":\"BBQ is a great lifestyle, not just fun!\",\"publisher\":{\"@id\":\"https:\\\/\\\/bbqentertainment.com\\\/#organization\"},\"potentialAction\":[{\"@type\":\"SearchAction\",\"target\":{\"@type\":\"EntryPoint\",\"urlTemplate\":\"https:\\\/\\\/bbqentertainment.com\\\/?s={search_term_string}\"},\"query-input\":{\"@type\":\"PropertyValueSpecification\",\"valueRequired\":true,\"valueName\":\"search_term_string\"}}],\"inLanguage\":\"en-US\"},{\"@type\":\"Organization\",\"@id\":\"https:\\\/\\\/bbqentertainment.com\\\/#organization\",\"name\":\"BBQ Entertainment O\u00dc\",\"url\":\"https:\\\/\\\/bbqentertainment.com\\\/\",\"logo\":{\"@type\":\"ImageObject\",\"inLanguage\":\"en-US\",\"@id\":\"https:\\\/\\\/bbqentertainment.com\\\/#\\\/schema\\\/logo\\\/image\\\/\",\"url\":\"https:\\\/\\\/bbqentertainment.com\\\/wp-content\\\/uploads\\\/2020\\\/04\\\/BBQ-Entertainment-N-Catering-Enn-Tobreluts-Logo.png\",\"contentUrl\":\"https:\\\/\\\/bbqentertainment.com\\\/wp-content\\\/uploads\\\/2020\\\/04\\\/BBQ-Entertainment-N-Catering-Enn-Tobreluts-Logo.png\",\"width\":628,\"height\":266,\"caption\":\"BBQ Entertainment O\u00dc\"},\"image\":{\"@id\":\"https:\\\/\\\/bbqentertainment.com\\\/#\\\/schema\\\/logo\\\/image\\\/\"},\"sameAs\":[\"https:\\\/\\\/www.facebook.com\\\/BBQ-Entertainment-N-Catering-2437913376443540\",\"https:\\\/\\\/www.instagram.com\\\/bbqentertainmentncatering\\\/\",\"https:\\\/\\\/www.youtube.com\\\/channel\\\/UCmpuANQVhLy2Md8nrenp2jA\"]}]}<\/script>\n<!-- \/ Yoast SEO plugin. -->","yoast_head_json":{"title":"Ahja topeltseintega klassikaline, 195 liitrine puuk\u00fcttega suitsuahi MI5, 6mm k\u00fcttekoldega - BBQ Entertainment","robots":{"index":"index","follow":"follow","max-snippet":"max-snippet:-1","max-image-preview":"max-image-preview:large","max-video-preview":"max-video-preview:-1"},"canonical":"https:\/\/bbqentertainment.com\/toode\/ahja-topeltseintega-klassikaline-195-liitrine-puukuttega-suitsuahi-mi5-6mm-kuttekoldega\/","og_locale":"en_US","og_type":"article","og_title":"Ahja topeltseintega klassikaline, 195 liitrine puuk\u00fcttega suitsuahi MI5, 6mm k\u00fcttekoldega - BBQ Entertainment","og_description":"Ahja topeltseintega klassikaline, 195 liitrine puuk\u00fcttega suitsuahi MI5, 6mm k\u00fcttekoldega Korpus kvaliteetsest 2mm rauast, k\u00fcttekolle 6mm rauast, topeltseintega kuumsuitsuahi. Kahekambriline. K\u00fcte ei puutu kokku toiduga ja saab kasutada mistahes puitu. Suits eraldi lihakambrist, mistahes suuruses lehtpuu laastuga.","og_url":"https:\/\/bbqentertainment.com\/toode\/ahja-topeltseintega-klassikaline-195-liitrine-puukuttega-suitsuahi-mi5-6mm-kuttekoldega\/","og_site_name":"BBQ Entertainment","article_publisher":"https:\/\/www.facebook.com\/BBQ-Entertainment-N-Catering-2437913376443540","article_modified_time":"2025-11-07T10:00:15+00:00","og_image":[{"width":300,"height":300,"url":"https:\/\/bbqentertainment.com\/wp-content\/uploads\/2025\/09\/Ahja-MI-4-220L-suitsuahi.png","type":"image\/png"}],"twitter_card":"summary_large_image","twitter_misc":{"Est. reading time":"2 minutes"},"schema":{"@context":"https:\/\/schema.org","@graph":[{"@type":["WebPage","ItemPage"],"@id":"https:\/\/bbqentertainment.com\/toode\/ahja-topeltseintega-klassikaline-195-liitrine-puukuttega-suitsuahi-mi5-6mm-kuttekoldega\/","url":"https:\/\/bbqentertainment.com\/toode\/ahja-topeltseintega-klassikaline-195-liitrine-puukuttega-suitsuahi-mi5-6mm-kuttekoldega\/","name":"Ahja topeltseintega klassikaline, 195 liitrine puuk\u00fcttega suitsuahi MI5, 6mm k\u00fcttekoldega - BBQ Entertainment","isPartOf":{"@id":"https:\/\/bbqentertainment.com\/#website"},"primaryImageOfPage":{"@id":"https:\/\/bbqentertainment.com\/toode\/ahja-topeltseintega-klassikaline-195-liitrine-puukuttega-suitsuahi-mi5-6mm-kuttekoldega\/#primaryimage"},"image":{"@id":"https:\/\/bbqentertainment.com\/toode\/ahja-topeltseintega-klassikaline-195-liitrine-puukuttega-suitsuahi-mi5-6mm-kuttekoldega\/#primaryimage"},"thumbnailUrl":"https:\/\/bbqentertainment.com\/wp-content\/uploads\/2025\/09\/Ahja-MI-4-220L-suitsuahi.png","datePublished":"2025-09-04T18:37:00+00:00","dateModified":"2025-11-07T10:00:15+00:00","breadcrumb":{"@id":"https:\/\/bbqentertainment.com\/toode\/ahja-topeltseintega-klassikaline-195-liitrine-puukuttega-suitsuahi-mi5-6mm-kuttekoldega\/#breadcrumb"},"inLanguage":"en-US","potentialAction":[{"@type":"ReadAction","target":["https:\/\/bbqentertainment.com\/toode\/ahja-topeltseintega-klassikaline-195-liitrine-puukuttega-suitsuahi-mi5-6mm-kuttekoldega\/"]}]},{"@type":"ImageObject","inLanguage":"en-US","@id":"https:\/\/bbqentertainment.com\/toode\/ahja-topeltseintega-klassikaline-195-liitrine-puukuttega-suitsuahi-mi5-6mm-kuttekoldega\/#primaryimage","url":"https:\/\/bbqentertainment.com\/wp-content\/uploads\/2025\/09\/Ahja-MI-4-220L-suitsuahi.png","contentUrl":"https:\/\/bbqentertainment.com\/wp-content\/uploads\/2025\/09\/Ahja-MI-4-220L-suitsuahi.png","width":300,"height":300},{"@type":"BreadcrumbList","@id":"https:\/\/bbqentertainment.com\/toode\/ahja-topeltseintega-klassikaline-195-liitrine-puukuttega-suitsuahi-mi5-6mm-kuttekoldega\/#breadcrumb","itemListElement":[{"@type":"ListItem","position":1,"name":"AVALEHT","item":"https:\/\/bbqentertainment.com\/en\/"},{"@type":"ListItem","position":2,"name":"Tooted","item":"https:\/\/bbqentertainment.com\/tooted\/"},{"@type":"ListItem","position":3,"name":"Grillid ja ahjud","item":"https:\/\/bbqentertainment.com\/tootekategooria\/grillid-ja-ahjud\/"},{"@type":"ListItem","position":4,"name":"Suitsuahjud","item":"https:\/\/bbqentertainment.com\/tootekategooria\/grillid-ja-ahjud\/suitsuahjud\/"},{"@type":"ListItem","position":5,"name":"Ahja topeltseintega klassikaline, 195 liitrine puuk\u00fcttega suitsuahi MI5, 6mm k\u00fcttekoldega"}]},{"@type":"WebSite","@id":"https:\/\/bbqentertainment.com\/#website","url":"https:\/\/bbqentertainment.com\/","name":"BBQ Entertainment","description":"BBQ is a great lifestyle, not just fun!","publisher":{"@id":"https:\/\/bbqentertainment.com\/#organization"},"potentialAction":[{"@type":"SearchAction","target":{"@type":"EntryPoint","urlTemplate":"https:\/\/bbqentertainment.com\/?s={search_term_string}"},"query-input":{"@type":"PropertyValueSpecification","valueRequired":true,"valueName":"search_term_string"}}],"inLanguage":"en-US"},{"@type":"Organization","@id":"https:\/\/bbqentertainment.com\/#organization","name":"BBQ Entertainment O\u00dc","url":"https:\/\/bbqentertainment.com\/","logo":{"@type":"ImageObject","inLanguage":"en-US","@id":"https:\/\/bbqentertainment.com\/#\/schema\/logo\/image\/","url":"https:\/\/bbqentertainment.com\/wp-content\/uploads\/2020\/04\/BBQ-Entertainment-N-Catering-Enn-Tobreluts-Logo.png","contentUrl":"https:\/\/bbqentertainment.com\/wp-content\/uploads\/2020\/04\/BBQ-Entertainment-N-Catering-Enn-Tobreluts-Logo.png","width":628,"height":266,"caption":"BBQ Entertainment O\u00dc"},"image":{"@id":"https:\/\/bbqentertainment.com\/#\/schema\/logo\/image\/"},"sameAs":["https:\/\/www.facebook.com\/BBQ-Entertainment-N-Catering-2437913376443540","https:\/\/www.instagram.com\/bbqentertainmentncatering\/","https:\/\/www.youtube.com\/channel\/UCmpuANQVhLy2Md8nrenp2jA"]}]}},"_links":{"self":[{"href":"https:\/\/bbqentertainment.com\/en\/wp-json\/wp\/v2\/product\/254339","targetHints":{"allow":["GET"]}}],"collection":[{"href":"https:\/\/bbqentertainment.com\/en\/wp-json\/wp\/v2\/product"}],"about":[{"href":"https:\/\/bbqentertainment.com\/en\/wp-json\/wp\/v2\/types\/product"}],"wp:featuredmedia":[{"embeddable":true,"href":"https:\/\/bbqentertainment.com\/en\/wp-json\/wp\/v2\/media\/254361"}],"wp:attachment":[{"href":"https:\/\/bbqentertainment.com\/en\/wp-json\/wp\/v2\/media?parent=254339"}],"wp:term":[{"taxonomy":"product_brand","embeddable":true,"href":"https:\/\/bbqentertainment.com\/en\/wp-json\/wp\/v2\/product_brand?post=254339"},{"taxonomy":"product_cat","embeddable":true,"href":"https:\/\/bbqentertainment.com\/en\/wp-json\/wp\/v2\/product_cat?post=254339"},{"taxonomy":"product_tag","embeddable":true,"href":"https:\/\/bbqentertainment.com\/en\/wp-json\/wp\/v2\/product_tag?post=254339"}],"curies":[{"name":"wp","href":"https:\/\/api.w.org\/{rel}","templated":true}]}}