{"id":254341,"date":"2025-09-04T21:37:00","date_gmt":"2025-09-04T18:37:00","guid":{"rendered":"https:\/\/bbqentertainment.com\/?post_type=product&#038;p=254341"},"modified":"2025-11-07T12:00:15","modified_gmt":"2025-11-07T10:00:15","slug":"ahja-smoker-mi6-topeltseintega-klassikaline-puukuttega-suitsuahi-maht-60liitrit","status":"publish","type":"product","link":"https:\/\/bbqentertainment.com\/en\/toode\/ahja-smoker-mi6-topeltseintega-klassikaline-puukuttega-suitsuahi-maht-60liitrit\/","title":{"rendered":"Ahja Smoker MI6 topeltseintega, klassikaline puuk\u00fcttega suitsuahi, maht 60liitrit."},"content":{"rendered":"<p>\u00dcmar suitsuahi topelt seintega.<br \/>\n&#8211; Materjal 3 mm<br \/>\n&#8211; K\u00f5rgus 1000 mm<br \/>\n&#8211; Diameeter 450 mm<br \/>\n&#8211; Lihakambri k\u00f5rgus: 620 mm<br \/>\n&#8211; Lihakambri maht: 60 liitrit<br \/>\n&#8211; Restide omavaheline kaugus: 10 cm<br \/>\n&#8211; Restide arv: 4<br \/>\n&#8211; Ahju varustuses on rasvapann, neli resti, termomeeter ja kasutusjuhend.<\/p>\n<p>Suitsuahi koosneb kahest kambrist. Ahju alumises osas on k\u00fcttekamber, kus p\u00f5letatakse puitu ja \u00fclemises osas on lihakamber. Topeltseinaga ahju puhul liigub puidu p\u00f5lemisel tekkiv suits l\u00e4bi topeltseinte \u00fcles korstnast v\u00e4lja. Sellise ahju kasutamise puhul ei ole oluline, et p\u00f5letatakse suitsutamiseks sobivat puitu. P\u00f5lemise suits ei saa lihaga kokku. Tegu on n.\u00f6. kuumsuitsuahjuga. \u00dclemises kambris tekitatakse suitsu laastuga, saepuruga v\u00f5i muu sarnasega.<\/p>\n","protected":false},"excerpt":{"rendered":"<h3>Ahja Smoker MI6 topeltseintega, klassikaline puuk\u00fcttega suitsuahi, maht 60liitrit.<\/h3>\n<p>Kodukasutajale m\u00f5eldud, \u00fcmar topeltseintega suitsuahi. V\u00f5imaldab kasutada k\u00fctteks mistahes puitu. K\u00f5rgus 1000 mm, diameeter 450 mm<\/p>\n","protected":false},"featured_media":254373,"template":"","meta":{"inline_featured_image":false},"product_brand":[],"product_cat":[17,650],"product_tag":[],"class_list":{"0":"post-254341","1":"product","2":"type-product","3":"status-publish","4":"has-post-thumbnail","6":"product_cat-grillid-ja-ahjud","7":"product_cat-suitsuahjud","9":"first","10":"instock","11":"sale","12":"taxable","13":"shipping-taxable","14":"purchasable","15":"product-type-simple"},"yoast_head":"<!-- This site is optimized with the Yoast SEO plugin v27.4 - https:\/\/yoast.com\/product\/yoast-seo-wordpress\/ -->\n<title>Ahja Smoker MI6 topeltseintega, klassikaline puuk\u00fcttega suitsuahi, maht 60liitrit. - BBQ Entertainment<\/title>\n<meta name=\"robots\" content=\"index, follow, max-snippet:-1, max-image-preview:large, max-video-preview:-1\" \/>\n<link rel=\"canonical\" href=\"https:\/\/bbqentertainment.com\/toode\/ahja-smoker-mi6-topeltseintega-klassikaline-puukuttega-suitsuahi-maht-60liitrit\/\" \/>\n<meta property=\"og:locale\" content=\"en_US\" \/>\n<meta property=\"og:type\" content=\"article\" \/>\n<meta property=\"og:title\" content=\"Ahja Smoker MI6 topeltseintega, klassikaline puuk\u00fcttega suitsuahi, maht 60liitrit. - BBQ Entertainment\" \/>\n<meta property=\"og:description\" content=\"Ahja Smoker MI6 topeltseintega, klassikaline puuk\u00fcttega suitsuahi, maht 60liitrit. Kodukasutajale m\u00f5eldud, \u00fcmar topeltseintega suitsuahi. V\u00f5imaldab kasutada k\u00fctteks mistahes puitu. K\u00f5rgus 1000 mm, diameeter 450 mm\" \/>\n<meta property=\"og:url\" content=\"https:\/\/bbqentertainment.com\/toode\/ahja-smoker-mi6-topeltseintega-klassikaline-puukuttega-suitsuahi-maht-60liitrit\/\" \/>\n<meta property=\"og:site_name\" content=\"BBQ Entertainment\" \/>\n<meta property=\"article:publisher\" content=\"https:\/\/www.facebook.com\/BBQ-Entertainment-N-Catering-2437913376443540\" \/>\n<meta property=\"article:modified_time\" content=\"2025-11-07T10:00:15+00:00\" \/>\n<meta property=\"og:image\" content=\"https:\/\/bbqentertainment.com\/wp-content\/uploads\/2025\/09\/Ahja-MI6-suitsuahi-1.png\" \/>\n\t<meta property=\"og:image:width\" content=\"600\" \/>\n\t<meta property=\"og:image:height\" content=\"600\" \/>\n\t<meta property=\"og:image:type\" content=\"image\/png\" \/>\n<meta name=\"twitter:card\" content=\"summary_large_image\" \/>\n<meta name=\"twitter:label1\" content=\"Est. reading time\" \/>\n\t<meta name=\"twitter:data1\" content=\"1 minute\" \/>\n<script type=\"application\/ld+json\" class=\"yoast-schema-graph\">{\"@context\":\"https:\\\/\\\/schema.org\",\"@graph\":[{\"@type\":[\"WebPage\",\"ItemPage\"],\"@id\":\"https:\\\/\\\/bbqentertainment.com\\\/toode\\\/ahja-smoker-mi6-topeltseintega-klassikaline-puukuttega-suitsuahi-maht-60liitrit\\\/\",\"url\":\"https:\\\/\\\/bbqentertainment.com\\\/toode\\\/ahja-smoker-mi6-topeltseintega-klassikaline-puukuttega-suitsuahi-maht-60liitrit\\\/\",\"name\":\"Ahja Smoker MI6 topeltseintega, klassikaline puuk\u00fcttega suitsuahi, maht 60liitrit. - BBQ Entertainment\",\"isPartOf\":{\"@id\":\"https:\\\/\\\/bbqentertainment.com\\\/#website\"},\"primaryImageOfPage\":{\"@id\":\"https:\\\/\\\/bbqentertainment.com\\\/toode\\\/ahja-smoker-mi6-topeltseintega-klassikaline-puukuttega-suitsuahi-maht-60liitrit\\\/#primaryimage\"},\"image\":{\"@id\":\"https:\\\/\\\/bbqentertainment.com\\\/toode\\\/ahja-smoker-mi6-topeltseintega-klassikaline-puukuttega-suitsuahi-maht-60liitrit\\\/#primaryimage\"},\"thumbnailUrl\":\"https:\\\/\\\/bbqentertainment.com\\\/wp-content\\\/uploads\\\/2025\\\/09\\\/Ahja-MI6-suitsuahi-1.png\",\"datePublished\":\"2025-09-04T18:37:00+00:00\",\"dateModified\":\"2025-11-07T10:00:15+00:00\",\"breadcrumb\":{\"@id\":\"https:\\\/\\\/bbqentertainment.com\\\/toode\\\/ahja-smoker-mi6-topeltseintega-klassikaline-puukuttega-suitsuahi-maht-60liitrit\\\/#breadcrumb\"},\"inLanguage\":\"en-US\",\"potentialAction\":[{\"@type\":\"ReadAction\",\"target\":[\"https:\\\/\\\/bbqentertainment.com\\\/toode\\\/ahja-smoker-mi6-topeltseintega-klassikaline-puukuttega-suitsuahi-maht-60liitrit\\\/\"]}]},{\"@type\":\"ImageObject\",\"inLanguage\":\"en-US\",\"@id\":\"https:\\\/\\\/bbqentertainment.com\\\/toode\\\/ahja-smoker-mi6-topeltseintega-klassikaline-puukuttega-suitsuahi-maht-60liitrit\\\/#primaryimage\",\"url\":\"https:\\\/\\\/bbqentertainment.com\\\/wp-content\\\/uploads\\\/2025\\\/09\\\/Ahja-MI6-suitsuahi-1.png\",\"contentUrl\":\"https:\\\/\\\/bbqentertainment.com\\\/wp-content\\\/uploads\\\/2025\\\/09\\\/Ahja-MI6-suitsuahi-1.png\",\"width\":600,\"height\":600},{\"@type\":\"BreadcrumbList\",\"@id\":\"https:\\\/\\\/bbqentertainment.com\\\/toode\\\/ahja-smoker-mi6-topeltseintega-klassikaline-puukuttega-suitsuahi-maht-60liitrit\\\/#breadcrumb\",\"itemListElement\":[{\"@type\":\"ListItem\",\"position\":1,\"name\":\"AVALEHT\",\"item\":\"https:\\\/\\\/bbqentertainment.com\\\/en\\\/\"},{\"@type\":\"ListItem\",\"position\":2,\"name\":\"Tooted\",\"item\":\"https:\\\/\\\/bbqentertainment.com\\\/tooted\\\/\"},{\"@type\":\"ListItem\",\"position\":3,\"name\":\"Grillid ja ahjud\",\"item\":\"https:\\\/\\\/bbqentertainment.com\\\/tootekategooria\\\/grillid-ja-ahjud\\\/\"},{\"@type\":\"ListItem\",\"position\":4,\"name\":\"Suitsuahjud\",\"item\":\"https:\\\/\\\/bbqentertainment.com\\\/tootekategooria\\\/grillid-ja-ahjud\\\/suitsuahjud\\\/\"},{\"@type\":\"ListItem\",\"position\":5,\"name\":\"Ahja Smoker MI6 topeltseintega, klassikaline puuk\u00fcttega suitsuahi, maht 60liitrit.\"}]},{\"@type\":\"WebSite\",\"@id\":\"https:\\\/\\\/bbqentertainment.com\\\/#website\",\"url\":\"https:\\\/\\\/bbqentertainment.com\\\/\",\"name\":\"BBQ Entertainment\",\"description\":\"BBQ is a great lifestyle, not just fun!\",\"publisher\":{\"@id\":\"https:\\\/\\\/bbqentertainment.com\\\/#organization\"},\"potentialAction\":[{\"@type\":\"SearchAction\",\"target\":{\"@type\":\"EntryPoint\",\"urlTemplate\":\"https:\\\/\\\/bbqentertainment.com\\\/?s={search_term_string}\"},\"query-input\":{\"@type\":\"PropertyValueSpecification\",\"valueRequired\":true,\"valueName\":\"search_term_string\"}}],\"inLanguage\":\"en-US\"},{\"@type\":\"Organization\",\"@id\":\"https:\\\/\\\/bbqentertainment.com\\\/#organization\",\"name\":\"BBQ Entertainment O\u00dc\",\"url\":\"https:\\\/\\\/bbqentertainment.com\\\/\",\"logo\":{\"@type\":\"ImageObject\",\"inLanguage\":\"en-US\",\"@id\":\"https:\\\/\\\/bbqentertainment.com\\\/#\\\/schema\\\/logo\\\/image\\\/\",\"url\":\"https:\\\/\\\/bbqentertainment.com\\\/wp-content\\\/uploads\\\/2020\\\/04\\\/BBQ-Entertainment-N-Catering-Enn-Tobreluts-Logo.png\",\"contentUrl\":\"https:\\\/\\\/bbqentertainment.com\\\/wp-content\\\/uploads\\\/2020\\\/04\\\/BBQ-Entertainment-N-Catering-Enn-Tobreluts-Logo.png\",\"width\":628,\"height\":266,\"caption\":\"BBQ Entertainment O\u00dc\"},\"image\":{\"@id\":\"https:\\\/\\\/bbqentertainment.com\\\/#\\\/schema\\\/logo\\\/image\\\/\"},\"sameAs\":[\"https:\\\/\\\/www.facebook.com\\\/BBQ-Entertainment-N-Catering-2437913376443540\",\"https:\\\/\\\/www.instagram.com\\\/bbqentertainmentncatering\\\/\",\"https:\\\/\\\/www.youtube.com\\\/channel\\\/UCmpuANQVhLy2Md8nrenp2jA\"]}]}<\/script>\n<!-- \/ Yoast SEO plugin. -->","yoast_head_json":{"title":"Ahja Smoker MI6 topeltseintega, klassikaline puuk\u00fcttega suitsuahi, maht 60liitrit. - BBQ Entertainment","robots":{"index":"index","follow":"follow","max-snippet":"max-snippet:-1","max-image-preview":"max-image-preview:large","max-video-preview":"max-video-preview:-1"},"canonical":"https:\/\/bbqentertainment.com\/toode\/ahja-smoker-mi6-topeltseintega-klassikaline-puukuttega-suitsuahi-maht-60liitrit\/","og_locale":"en_US","og_type":"article","og_title":"Ahja Smoker MI6 topeltseintega, klassikaline puuk\u00fcttega suitsuahi, maht 60liitrit. - BBQ Entertainment","og_description":"Ahja Smoker MI6 topeltseintega, klassikaline puuk\u00fcttega suitsuahi, maht 60liitrit. Kodukasutajale m\u00f5eldud, \u00fcmar topeltseintega suitsuahi. V\u00f5imaldab kasutada k\u00fctteks mistahes puitu. K\u00f5rgus 1000 mm, diameeter 450 mm","og_url":"https:\/\/bbqentertainment.com\/toode\/ahja-smoker-mi6-topeltseintega-klassikaline-puukuttega-suitsuahi-maht-60liitrit\/","og_site_name":"BBQ Entertainment","article_publisher":"https:\/\/www.facebook.com\/BBQ-Entertainment-N-Catering-2437913376443540","article_modified_time":"2025-11-07T10:00:15+00:00","og_image":[{"width":600,"height":600,"url":"https:\/\/bbqentertainment.com\/wp-content\/uploads\/2025\/09\/Ahja-MI6-suitsuahi-1.png","type":"image\/png"}],"twitter_card":"summary_large_image","twitter_misc":{"Est. reading time":"1 minute"},"schema":{"@context":"https:\/\/schema.org","@graph":[{"@type":["WebPage","ItemPage"],"@id":"https:\/\/bbqentertainment.com\/toode\/ahja-smoker-mi6-topeltseintega-klassikaline-puukuttega-suitsuahi-maht-60liitrit\/","url":"https:\/\/bbqentertainment.com\/toode\/ahja-smoker-mi6-topeltseintega-klassikaline-puukuttega-suitsuahi-maht-60liitrit\/","name":"Ahja Smoker MI6 topeltseintega, klassikaline puuk\u00fcttega suitsuahi, maht 60liitrit. - BBQ Entertainment","isPartOf":{"@id":"https:\/\/bbqentertainment.com\/#website"},"primaryImageOfPage":{"@id":"https:\/\/bbqentertainment.com\/toode\/ahja-smoker-mi6-topeltseintega-klassikaline-puukuttega-suitsuahi-maht-60liitrit\/#primaryimage"},"image":{"@id":"https:\/\/bbqentertainment.com\/toode\/ahja-smoker-mi6-topeltseintega-klassikaline-puukuttega-suitsuahi-maht-60liitrit\/#primaryimage"},"thumbnailUrl":"https:\/\/bbqentertainment.com\/wp-content\/uploads\/2025\/09\/Ahja-MI6-suitsuahi-1.png","datePublished":"2025-09-04T18:37:00+00:00","dateModified":"2025-11-07T10:00:15+00:00","breadcrumb":{"@id":"https:\/\/bbqentertainment.com\/toode\/ahja-smoker-mi6-topeltseintega-klassikaline-puukuttega-suitsuahi-maht-60liitrit\/#breadcrumb"},"inLanguage":"en-US","potentialAction":[{"@type":"ReadAction","target":["https:\/\/bbqentertainment.com\/toode\/ahja-smoker-mi6-topeltseintega-klassikaline-puukuttega-suitsuahi-maht-60liitrit\/"]}]},{"@type":"ImageObject","inLanguage":"en-US","@id":"https:\/\/bbqentertainment.com\/toode\/ahja-smoker-mi6-topeltseintega-klassikaline-puukuttega-suitsuahi-maht-60liitrit\/#primaryimage","url":"https:\/\/bbqentertainment.com\/wp-content\/uploads\/2025\/09\/Ahja-MI6-suitsuahi-1.png","contentUrl":"https:\/\/bbqentertainment.com\/wp-content\/uploads\/2025\/09\/Ahja-MI6-suitsuahi-1.png","width":600,"height":600},{"@type":"BreadcrumbList","@id":"https:\/\/bbqentertainment.com\/toode\/ahja-smoker-mi6-topeltseintega-klassikaline-puukuttega-suitsuahi-maht-60liitrit\/#breadcrumb","itemListElement":[{"@type":"ListItem","position":1,"name":"AVALEHT","item":"https:\/\/bbqentertainment.com\/en\/"},{"@type":"ListItem","position":2,"name":"Tooted","item":"https:\/\/bbqentertainment.com\/tooted\/"},{"@type":"ListItem","position":3,"name":"Grillid ja ahjud","item":"https:\/\/bbqentertainment.com\/tootekategooria\/grillid-ja-ahjud\/"},{"@type":"ListItem","position":4,"name":"Suitsuahjud","item":"https:\/\/bbqentertainment.com\/tootekategooria\/grillid-ja-ahjud\/suitsuahjud\/"},{"@type":"ListItem","position":5,"name":"Ahja Smoker MI6 topeltseintega, klassikaline puuk\u00fcttega suitsuahi, maht 60liitrit."}]},{"@type":"WebSite","@id":"https:\/\/bbqentertainment.com\/#website","url":"https:\/\/bbqentertainment.com\/","name":"BBQ Entertainment","description":"BBQ is a great lifestyle, not just fun!","publisher":{"@id":"https:\/\/bbqentertainment.com\/#organization"},"potentialAction":[{"@type":"SearchAction","target":{"@type":"EntryPoint","urlTemplate":"https:\/\/bbqentertainment.com\/?s={search_term_string}"},"query-input":{"@type":"PropertyValueSpecification","valueRequired":true,"valueName":"search_term_string"}}],"inLanguage":"en-US"},{"@type":"Organization","@id":"https:\/\/bbqentertainment.com\/#organization","name":"BBQ Entertainment O\u00dc","url":"https:\/\/bbqentertainment.com\/","logo":{"@type":"ImageObject","inLanguage":"en-US","@id":"https:\/\/bbqentertainment.com\/#\/schema\/logo\/image\/","url":"https:\/\/bbqentertainment.com\/wp-content\/uploads\/2020\/04\/BBQ-Entertainment-N-Catering-Enn-Tobreluts-Logo.png","contentUrl":"https:\/\/bbqentertainment.com\/wp-content\/uploads\/2020\/04\/BBQ-Entertainment-N-Catering-Enn-Tobreluts-Logo.png","width":628,"height":266,"caption":"BBQ Entertainment O\u00dc"},"image":{"@id":"https:\/\/bbqentertainment.com\/#\/schema\/logo\/image\/"},"sameAs":["https:\/\/www.facebook.com\/BBQ-Entertainment-N-Catering-2437913376443540","https:\/\/www.instagram.com\/bbqentertainmentncatering\/","https:\/\/www.youtube.com\/channel\/UCmpuANQVhLy2Md8nrenp2jA"]}]}},"_links":{"self":[{"href":"https:\/\/bbqentertainment.com\/en\/wp-json\/wp\/v2\/product\/254341","targetHints":{"allow":["GET"]}}],"collection":[{"href":"https:\/\/bbqentertainment.com\/en\/wp-json\/wp\/v2\/product"}],"about":[{"href":"https:\/\/bbqentertainment.com\/en\/wp-json\/wp\/v2\/types\/product"}],"wp:featuredmedia":[{"embeddable":true,"href":"https:\/\/bbqentertainment.com\/en\/wp-json\/wp\/v2\/media\/254373"}],"wp:attachment":[{"href":"https:\/\/bbqentertainment.com\/en\/wp-json\/wp\/v2\/media?parent=254341"}],"wp:term":[{"taxonomy":"product_brand","embeddable":true,"href":"https:\/\/bbqentertainment.com\/en\/wp-json\/wp\/v2\/product_brand?post=254341"},{"taxonomy":"product_cat","embeddable":true,"href":"https:\/\/bbqentertainment.com\/en\/wp-json\/wp\/v2\/product_cat?post=254341"},{"taxonomy":"product_tag","embeddable":true,"href":"https:\/\/bbqentertainment.com\/en\/wp-json\/wp\/v2\/product_tag?post=254341"}],"curies":[{"name":"wp","href":"https:\/\/api.w.org\/{rel}","templated":true}]}}