{"id":254342,"date":"2025-09-04T21:37:00","date_gmt":"2025-09-04T18:37:00","guid":{"rendered":"https:\/\/bbqentertainment.com\/?post_type=product&#038;p=254342"},"modified":"2025-09-04T22:08:35","modified_gmt":"2025-09-04T19:08:35","slug":"grilliguru-ahja-smoker-2-bbq-haagisgrill-suitsuahi-gaasipliit","status":"publish","type":"product","link":"https:\/\/bbqentertainment.com\/en\/toode\/grilliguru-ahja-smoker-2-bbq-haagisgrill-suitsuahi-gaasipliit\/","title":{"rendered":"Grilliguru\/Ahja Smoker-2 BBQ haagisgrill-suitsuahi-gaasipliit"},"content":{"rendered":"<p>J\u00e4relveetav haagisgrill, mis on ehitatud Respo haagisele. \u00dclisuur mahutavus ja lihtne transport v\u00f5imaldavad seda kasutada v\u00e4ga suurte seltskondade toitlustamiseks.<br \/>\n1. Haagise BBQ osa on tehtud ajaloolisest meremiinist, mis t\u00e4nu metallseinte paksusele on suurep\u00e4rane soojuse akumuleerimiseks. Lisaks tagab miini otstest kumer kuju t\u00e4iusliku, neljasuunalise soojusringluse.<br \/>\n&#8211; Soojuse ja suitsu hulka saab reguleerida kahe korstnaga. Neist esimene siibriga korsten on otse grilli k\u00fcljes. Teine korsten on \u00fchendatud k\u00f5rvaloleva suitsuahju keresse ja suits v\u00e4ljub suitsuahju siibriga korstnast.<br \/>\n&#8211; Kahekordne, suure kandev\u00f5imega rustikaalne restis\u00fcsteem mahutab suurel hulgal grillitavaid tooteid. Restide m\u00f5\u00f5dud: alumine rest 95 x 80cm, \u00fclemine relsiga, v\u00e4ljak\u00e4iv rest 66 x 58cm<br \/>\n&#8211; Restide all on kaheosaline \u00fchele poole kaldu rasvap\u00fc\u00fcdmispann, mille otsas olev kanaltoru juhib rasva grillist v\u00e4lja rippuvasse \u00e4mbrisse. Plaat kata fooliumiga, nii muutub hooldus \u00fclilihtsaks.<br \/>\n&#8211; Rasvap\u00fc\u00fcdur plaadi all on soojusjaoti, mis jagab k\u00fcttekoldest saabuva soojuse ja suitsu \u00fchtlaselt laiali.<br \/>\n&#8211; BBQ ahju k\u00fctmiseks on miini all tuhasahtliga k\u00fcttekolle. Seda k\u00f6etakse haagise tagant. Sellele juurdep\u00e4\u00e4suks k\u00e4ib haagise k\u00fcljest lihtsalt \u00e4ra tuledega tagapaneel, mis kinnitub raami k\u00fclge kahe klambriga ja tuledel on taga lahtik\u00e4ivad pistikud. Ahjupuude maksimumpikkus: 44-45cm<\/p>\n<p>2. Treilerile on lisatud Ahja Smoker kaheseinaline, nelja restiga klassikaline suitsuahi. BBQ grillist tulev suits ja soojus juhitakse suitsuahju kahekordes seina vahele, mis omakorda on piisav suitsuahju ahjuosa soojashoidmiseks. Nii saad seal kogu \u00fcrituse aja hoida valmisgrillitud tooteid soojas.<br \/>\n&#8211; Suitsuahju kest on valmistatud 2mm metallist, k\u00fcttekolle 6mm. Ahju saab alumisest k\u00fcttekoldest k\u00fctta millega iganes, kuna suits juhitakse topeltseinte vahelt korstnasse.<br \/>\n&#8211; Aju suitsuahjuna kasutamisel on suitsu tekitamiseks lihakambrisse kaks v\u00f5imalust. Klassikalise variandina lisad alusvannile puidulaastu seda siis iga 35minuti j\u00e4rel uuendades. Kui seda teha ei viitsi, siis ahju tagaseinas on spetsiaalne klapp, kuhu saab \u00fchendada Borniak suitsuahjude t\u00e4isautomaatse suitsugeneraatori (vajab 220V)<br \/>\n&#8211; Kui k\u00fcttekollet puudega k\u00fctta ei viitsi, siis oleme lisanud k\u00fcttekolde k\u00fcljele spetsiaalse klapi, kuhu saad vajadusel \u00fchendada gaasip\u00f5leti.<\/p>\n<p>3. Haagise parempoolset k\u00fcljelauda saab integreerida kaheaugulise v\u00f5imsa Camp Chef Explorer, 2 korda 7kW gaasipliidi.<br \/>\n<a href=\"https:\/\/grilliguru.ee\/e-pood\/grillid\/gaasigrillid\/camp-chef-explorer-2x-gaasipliidisusteem\/\">https:\/\/grilliguru.ee\/e-pood\/grillid\/gaasigrillid\/camp-chef-explorer-2x-gaasipliidisusteem\/<\/a><\/p>\n<p>4. Haagisele on lisatud alumiiniumist hoiukast vajalike tarvikute v\u00f5i puude ladustamiseks. Kast on kergelt eemaldatav ja tekknud pinda saab kasutada muude kokkamiseks vajalike tarvikute alusena.<br \/>\nGrilli BBQ ahjule on lisatud kaks k\u00fcljeriiulit, millest \u00fcks on h\u00e4davajalik ahju minevate ja sealt v\u00e4ljuvate toodete mugavamaks k\u00e4sitlemiseks. Teine laud on lihtsalt tasapind, kuhu saab asetada vajaminevad grillitarvikud.<\/p>\n<p><strong>N\u00d5UANNE OSTUKS:<\/strong> Kuna tegu on klassikalise registris oleva haagisega, siis on seda v\u00f5imalik l\u00e4bi liisingfirmade liisida nagu iga tavap\u00e4rast s\u00f5idukit. Nii saad lihtsalt kogu ostuhinna aastate peale \u00e4ra jaotada. Haagise hind on \u00e4ra toodud koos k\u00e4ibemaksuga. Ilma k\u00e4ibemaksuta hind on 6500\u20ac+km (km saate firmale ostes tagasi)<\/p>\n","protected":false},"excerpt":{"rendered":"<h3>Grilliguru\/Ahja Smoker-2 BBQ haagisgrill-suitsuahi-gaasipliit<\/h3>\n<p>Spetsiaalne haagisele ehitatud, erinevate v\u00f5imalustega suuremahuline BBQ grill koos kaheseinalise suitsuahjuga. Vaatamata suurusele v\u00e4ga lihtne kasutada ja h\u00f5lpsasti transporditav.<\/p>\n","protected":false},"featured_media":254389,"template":"","meta":{"inline_featured_image":false},"product_brand":[],"product_cat":[17,650],"product_tag":[],"class_list":{"0":"post-254342","1":"product","2":"type-product","3":"status-publish","4":"has-post-thumbnail","6":"product_cat-grillid-ja-ahjud","7":"product_cat-suitsuahjud","9":"first","10":"instock","11":"sale","12":"taxable","13":"shipping-taxable","14":"purchasable","15":"product-type-simple"},"yoast_head":"<!-- This site is optimized with the Yoast SEO plugin v27.4 - https:\/\/yoast.com\/product\/yoast-seo-wordpress\/ -->\n<title>Grilliguru\/Ahja Smoker-2 BBQ haagisgrill-suitsuahi-gaasipliit - BBQ Entertainment<\/title>\n<meta name=\"robots\" content=\"index, follow, max-snippet:-1, max-image-preview:large, max-video-preview:-1\" \/>\n<link rel=\"canonical\" href=\"https:\/\/bbqentertainment.com\/toode\/grilliguru-ahja-smoker-2-bbq-haagisgrill-suitsuahi-gaasipliit\/\" \/>\n<meta property=\"og:locale\" content=\"en_US\" \/>\n<meta property=\"og:type\" content=\"article\" \/>\n<meta property=\"og:title\" content=\"Grilliguru\/Ahja Smoker-2 BBQ haagisgrill-suitsuahi-gaasipliit - BBQ Entertainment\" \/>\n<meta property=\"og:description\" content=\"Grilliguru\/Ahja Smoker-2 BBQ haagisgrill-suitsuahi-gaasipliit Spetsiaalne haagisele ehitatud, erinevate v\u00f5imalustega suuremahuline BBQ grill koos kaheseinalise suitsuahjuga. Vaatamata suurusele v\u00e4ga lihtne kasutada ja h\u00f5lpsasti transporditav.\" \/>\n<meta property=\"og:url\" content=\"https:\/\/bbqentertainment.com\/toode\/grilliguru-ahja-smoker-2-bbq-haagisgrill-suitsuahi-gaasipliit\/\" \/>\n<meta property=\"og:site_name\" content=\"BBQ Entertainment\" \/>\n<meta property=\"article:publisher\" content=\"https:\/\/www.facebook.com\/BBQ-Entertainment-N-Catering-2437913376443540\" \/>\n<meta property=\"article:modified_time\" content=\"2025-09-04T19:08:35+00:00\" \/>\n<meta property=\"og:image\" content=\"https:\/\/bbqentertainment.com\/wp-content\/uploads\/2025\/09\/Treiler1-BBQ-ahja-suitsuahjuga.png\" \/>\n\t<meta property=\"og:image:width\" content=\"600\" \/>\n\t<meta property=\"og:image:height\" content=\"600\" \/>\n\t<meta property=\"og:image:type\" content=\"image\/png\" \/>\n<meta name=\"twitter:card\" content=\"summary_large_image\" \/>\n<meta name=\"twitter:label1\" content=\"Est. reading time\" \/>\n\t<meta name=\"twitter:data1\" content=\"3 minutes\" \/>\n<script type=\"application\/ld+json\" class=\"yoast-schema-graph\">{\"@context\":\"https:\\\/\\\/schema.org\",\"@graph\":[{\"@type\":[\"WebPage\",\"ItemPage\"],\"@id\":\"https:\\\/\\\/bbqentertainment.com\\\/toode\\\/grilliguru-ahja-smoker-2-bbq-haagisgrill-suitsuahi-gaasipliit\\\/\",\"url\":\"https:\\\/\\\/bbqentertainment.com\\\/toode\\\/grilliguru-ahja-smoker-2-bbq-haagisgrill-suitsuahi-gaasipliit\\\/\",\"name\":\"Grilliguru\\\/Ahja Smoker-2 BBQ haagisgrill-suitsuahi-gaasipliit - BBQ Entertainment\",\"isPartOf\":{\"@id\":\"https:\\\/\\\/bbqentertainment.com\\\/#website\"},\"primaryImageOfPage\":{\"@id\":\"https:\\\/\\\/bbqentertainment.com\\\/toode\\\/grilliguru-ahja-smoker-2-bbq-haagisgrill-suitsuahi-gaasipliit\\\/#primaryimage\"},\"image\":{\"@id\":\"https:\\\/\\\/bbqentertainment.com\\\/toode\\\/grilliguru-ahja-smoker-2-bbq-haagisgrill-suitsuahi-gaasipliit\\\/#primaryimage\"},\"thumbnailUrl\":\"https:\\\/\\\/bbqentertainment.com\\\/wp-content\\\/uploads\\\/2025\\\/09\\\/Treiler1-BBQ-ahja-suitsuahjuga.png\",\"datePublished\":\"2025-09-04T18:37:00+00:00\",\"dateModified\":\"2025-09-04T19:08:35+00:00\",\"breadcrumb\":{\"@id\":\"https:\\\/\\\/bbqentertainment.com\\\/toode\\\/grilliguru-ahja-smoker-2-bbq-haagisgrill-suitsuahi-gaasipliit\\\/#breadcrumb\"},\"inLanguage\":\"en-US\",\"potentialAction\":[{\"@type\":\"ReadAction\",\"target\":[\"https:\\\/\\\/bbqentertainment.com\\\/toode\\\/grilliguru-ahja-smoker-2-bbq-haagisgrill-suitsuahi-gaasipliit\\\/\"]}]},{\"@type\":\"ImageObject\",\"inLanguage\":\"en-US\",\"@id\":\"https:\\\/\\\/bbqentertainment.com\\\/toode\\\/grilliguru-ahja-smoker-2-bbq-haagisgrill-suitsuahi-gaasipliit\\\/#primaryimage\",\"url\":\"https:\\\/\\\/bbqentertainment.com\\\/wp-content\\\/uploads\\\/2025\\\/09\\\/Treiler1-BBQ-ahja-suitsuahjuga.png\",\"contentUrl\":\"https:\\\/\\\/bbqentertainment.com\\\/wp-content\\\/uploads\\\/2025\\\/09\\\/Treiler1-BBQ-ahja-suitsuahjuga.png\",\"width\":600,\"height\":600},{\"@type\":\"BreadcrumbList\",\"@id\":\"https:\\\/\\\/bbqentertainment.com\\\/toode\\\/grilliguru-ahja-smoker-2-bbq-haagisgrill-suitsuahi-gaasipliit\\\/#breadcrumb\",\"itemListElement\":[{\"@type\":\"ListItem\",\"position\":1,\"name\":\"AVALEHT\",\"item\":\"https:\\\/\\\/bbqentertainment.com\\\/en\\\/\"},{\"@type\":\"ListItem\",\"position\":2,\"name\":\"Tooted\",\"item\":\"https:\\\/\\\/bbqentertainment.com\\\/tooted\\\/\"},{\"@type\":\"ListItem\",\"position\":3,\"name\":\"Grillid ja ahjud\",\"item\":\"https:\\\/\\\/bbqentertainment.com\\\/tootekategooria\\\/grillid-ja-ahjud\\\/\"},{\"@type\":\"ListItem\",\"position\":4,\"name\":\"Suitsuahjud\",\"item\":\"https:\\\/\\\/bbqentertainment.com\\\/tootekategooria\\\/grillid-ja-ahjud\\\/suitsuahjud\\\/\"},{\"@type\":\"ListItem\",\"position\":5,\"name\":\"Grilliguru\\\/Ahja Smoker-2 BBQ haagisgrill-suitsuahi-gaasipliit\"}]},{\"@type\":\"WebSite\",\"@id\":\"https:\\\/\\\/bbqentertainment.com\\\/#website\",\"url\":\"https:\\\/\\\/bbqentertainment.com\\\/\",\"name\":\"BBQ Entertainment\",\"description\":\"BBQ is a great lifestyle, not just fun!\",\"publisher\":{\"@id\":\"https:\\\/\\\/bbqentertainment.com\\\/#organization\"},\"potentialAction\":[{\"@type\":\"SearchAction\",\"target\":{\"@type\":\"EntryPoint\",\"urlTemplate\":\"https:\\\/\\\/bbqentertainment.com\\\/?s={search_term_string}\"},\"query-input\":{\"@type\":\"PropertyValueSpecification\",\"valueRequired\":true,\"valueName\":\"search_term_string\"}}],\"inLanguage\":\"en-US\"},{\"@type\":\"Organization\",\"@id\":\"https:\\\/\\\/bbqentertainment.com\\\/#organization\",\"name\":\"BBQ Entertainment O\u00dc\",\"url\":\"https:\\\/\\\/bbqentertainment.com\\\/\",\"logo\":{\"@type\":\"ImageObject\",\"inLanguage\":\"en-US\",\"@id\":\"https:\\\/\\\/bbqentertainment.com\\\/#\\\/schema\\\/logo\\\/image\\\/\",\"url\":\"https:\\\/\\\/bbqentertainment.com\\\/wp-content\\\/uploads\\\/2020\\\/04\\\/BBQ-Entertainment-N-Catering-Enn-Tobreluts-Logo.png\",\"contentUrl\":\"https:\\\/\\\/bbqentertainment.com\\\/wp-content\\\/uploads\\\/2020\\\/04\\\/BBQ-Entertainment-N-Catering-Enn-Tobreluts-Logo.png\",\"width\":628,\"height\":266,\"caption\":\"BBQ Entertainment O\u00dc\"},\"image\":{\"@id\":\"https:\\\/\\\/bbqentertainment.com\\\/#\\\/schema\\\/logo\\\/image\\\/\"},\"sameAs\":[\"https:\\\/\\\/www.facebook.com\\\/BBQ-Entertainment-N-Catering-2437913376443540\",\"https:\\\/\\\/www.instagram.com\\\/bbqentertainmentncatering\\\/\",\"https:\\\/\\\/www.youtube.com\\\/channel\\\/UCmpuANQVhLy2Md8nrenp2jA\"]}]}<\/script>\n<!-- \/ Yoast SEO plugin. -->","yoast_head_json":{"title":"Grilliguru\/Ahja Smoker-2 BBQ haagisgrill-suitsuahi-gaasipliit - BBQ Entertainment","robots":{"index":"index","follow":"follow","max-snippet":"max-snippet:-1","max-image-preview":"max-image-preview:large","max-video-preview":"max-video-preview:-1"},"canonical":"https:\/\/bbqentertainment.com\/toode\/grilliguru-ahja-smoker-2-bbq-haagisgrill-suitsuahi-gaasipliit\/","og_locale":"en_US","og_type":"article","og_title":"Grilliguru\/Ahja Smoker-2 BBQ haagisgrill-suitsuahi-gaasipliit - BBQ Entertainment","og_description":"Grilliguru\/Ahja Smoker-2 BBQ haagisgrill-suitsuahi-gaasipliit Spetsiaalne haagisele ehitatud, erinevate v\u00f5imalustega suuremahuline BBQ grill koos kaheseinalise suitsuahjuga. Vaatamata suurusele v\u00e4ga lihtne kasutada ja h\u00f5lpsasti transporditav.","og_url":"https:\/\/bbqentertainment.com\/toode\/grilliguru-ahja-smoker-2-bbq-haagisgrill-suitsuahi-gaasipliit\/","og_site_name":"BBQ Entertainment","article_publisher":"https:\/\/www.facebook.com\/BBQ-Entertainment-N-Catering-2437913376443540","article_modified_time":"2025-09-04T19:08:35+00:00","og_image":[{"width":600,"height":600,"url":"https:\/\/bbqentertainment.com\/wp-content\/uploads\/2025\/09\/Treiler1-BBQ-ahja-suitsuahjuga.png","type":"image\/png"}],"twitter_card":"summary_large_image","twitter_misc":{"Est. reading time":"3 minutes"},"schema":{"@context":"https:\/\/schema.org","@graph":[{"@type":["WebPage","ItemPage"],"@id":"https:\/\/bbqentertainment.com\/toode\/grilliguru-ahja-smoker-2-bbq-haagisgrill-suitsuahi-gaasipliit\/","url":"https:\/\/bbqentertainment.com\/toode\/grilliguru-ahja-smoker-2-bbq-haagisgrill-suitsuahi-gaasipliit\/","name":"Grilliguru\/Ahja Smoker-2 BBQ haagisgrill-suitsuahi-gaasipliit - BBQ Entertainment","isPartOf":{"@id":"https:\/\/bbqentertainment.com\/#website"},"primaryImageOfPage":{"@id":"https:\/\/bbqentertainment.com\/toode\/grilliguru-ahja-smoker-2-bbq-haagisgrill-suitsuahi-gaasipliit\/#primaryimage"},"image":{"@id":"https:\/\/bbqentertainment.com\/toode\/grilliguru-ahja-smoker-2-bbq-haagisgrill-suitsuahi-gaasipliit\/#primaryimage"},"thumbnailUrl":"https:\/\/bbqentertainment.com\/wp-content\/uploads\/2025\/09\/Treiler1-BBQ-ahja-suitsuahjuga.png","datePublished":"2025-09-04T18:37:00+00:00","dateModified":"2025-09-04T19:08:35+00:00","breadcrumb":{"@id":"https:\/\/bbqentertainment.com\/toode\/grilliguru-ahja-smoker-2-bbq-haagisgrill-suitsuahi-gaasipliit\/#breadcrumb"},"inLanguage":"en-US","potentialAction":[{"@type":"ReadAction","target":["https:\/\/bbqentertainment.com\/toode\/grilliguru-ahja-smoker-2-bbq-haagisgrill-suitsuahi-gaasipliit\/"]}]},{"@type":"ImageObject","inLanguage":"en-US","@id":"https:\/\/bbqentertainment.com\/toode\/grilliguru-ahja-smoker-2-bbq-haagisgrill-suitsuahi-gaasipliit\/#primaryimage","url":"https:\/\/bbqentertainment.com\/wp-content\/uploads\/2025\/09\/Treiler1-BBQ-ahja-suitsuahjuga.png","contentUrl":"https:\/\/bbqentertainment.com\/wp-content\/uploads\/2025\/09\/Treiler1-BBQ-ahja-suitsuahjuga.png","width":600,"height":600},{"@type":"BreadcrumbList","@id":"https:\/\/bbqentertainment.com\/toode\/grilliguru-ahja-smoker-2-bbq-haagisgrill-suitsuahi-gaasipliit\/#breadcrumb","itemListElement":[{"@type":"ListItem","position":1,"name":"AVALEHT","item":"https:\/\/bbqentertainment.com\/en\/"},{"@type":"ListItem","position":2,"name":"Tooted","item":"https:\/\/bbqentertainment.com\/tooted\/"},{"@type":"ListItem","position":3,"name":"Grillid ja ahjud","item":"https:\/\/bbqentertainment.com\/tootekategooria\/grillid-ja-ahjud\/"},{"@type":"ListItem","position":4,"name":"Suitsuahjud","item":"https:\/\/bbqentertainment.com\/tootekategooria\/grillid-ja-ahjud\/suitsuahjud\/"},{"@type":"ListItem","position":5,"name":"Grilliguru\/Ahja Smoker-2 BBQ haagisgrill-suitsuahi-gaasipliit"}]},{"@type":"WebSite","@id":"https:\/\/bbqentertainment.com\/#website","url":"https:\/\/bbqentertainment.com\/","name":"BBQ Entertainment","description":"BBQ is a great lifestyle, not just fun!","publisher":{"@id":"https:\/\/bbqentertainment.com\/#organization"},"potentialAction":[{"@type":"SearchAction","target":{"@type":"EntryPoint","urlTemplate":"https:\/\/bbqentertainment.com\/?s={search_term_string}"},"query-input":{"@type":"PropertyValueSpecification","valueRequired":true,"valueName":"search_term_string"}}],"inLanguage":"en-US"},{"@type":"Organization","@id":"https:\/\/bbqentertainment.com\/#organization","name":"BBQ Entertainment O\u00dc","url":"https:\/\/bbqentertainment.com\/","logo":{"@type":"ImageObject","inLanguage":"en-US","@id":"https:\/\/bbqentertainment.com\/#\/schema\/logo\/image\/","url":"https:\/\/bbqentertainment.com\/wp-content\/uploads\/2020\/04\/BBQ-Entertainment-N-Catering-Enn-Tobreluts-Logo.png","contentUrl":"https:\/\/bbqentertainment.com\/wp-content\/uploads\/2020\/04\/BBQ-Entertainment-N-Catering-Enn-Tobreluts-Logo.png","width":628,"height":266,"caption":"BBQ Entertainment O\u00dc"},"image":{"@id":"https:\/\/bbqentertainment.com\/#\/schema\/logo\/image\/"},"sameAs":["https:\/\/www.facebook.com\/BBQ-Entertainment-N-Catering-2437913376443540","https:\/\/www.instagram.com\/bbqentertainmentncatering\/","https:\/\/www.youtube.com\/channel\/UCmpuANQVhLy2Md8nrenp2jA"]}]}},"_links":{"self":[{"href":"https:\/\/bbqentertainment.com\/en\/wp-json\/wp\/v2\/product\/254342","targetHints":{"allow":["GET"]}}],"collection":[{"href":"https:\/\/bbqentertainment.com\/en\/wp-json\/wp\/v2\/product"}],"about":[{"href":"https:\/\/bbqentertainment.com\/en\/wp-json\/wp\/v2\/types\/product"}],"wp:featuredmedia":[{"embeddable":true,"href":"https:\/\/bbqentertainment.com\/en\/wp-json\/wp\/v2\/media\/254389"}],"wp:attachment":[{"href":"https:\/\/bbqentertainment.com\/en\/wp-json\/wp\/v2\/media?parent=254342"}],"wp:term":[{"taxonomy":"product_brand","embeddable":true,"href":"https:\/\/bbqentertainment.com\/en\/wp-json\/wp\/v2\/product_brand?post=254342"},{"taxonomy":"product_cat","embeddable":true,"href":"https:\/\/bbqentertainment.com\/en\/wp-json\/wp\/v2\/product_cat?post=254342"},{"taxonomy":"product_tag","embeddable":true,"href":"https:\/\/bbqentertainment.com\/en\/wp-json\/wp\/v2\/product_tag?post=254342"}],"curies":[{"name":"wp","href":"https:\/\/api.w.org\/{rel}","templated":true}]}}