{"id":254404,"date":"2025-09-05T18:41:37","date_gmt":"2025-09-05T15:41:37","guid":{"rendered":"https:\/\/bbqentertainment.com\/?post_type=product&#038;p=254404"},"modified":"2025-12-02T16:17:02","modified_gmt":"2025-12-02T14:17:02","slug":"maitseainesegu-heath-riles-cherry-rub-283g","status":"publish","type":"product","link":"https:\/\/bbqentertainment.com\/en\/toode\/maitseainesegu-heath-riles-cherry-rub-283g\/","title":{"rendered":"Maitseainesegu Heath Riles Cherry Rub 283g"},"content":{"rendered":"","protected":false},"excerpt":{"rendered":"<h3><strong>Maitseainesegu Heath Riles Cherry Rub 283g<\/strong><\/h3>\n<p>Tugeva kirsi maitsega m\u00f5nusalt magusja v\u00fcrtsikas rub. Sobib eriti h\u00e4sti sealihale aga ka ribidele, kanalihale ja lambalihale.<\/p>\n<p data-start=\"385\" data-end=\"691\"><strong data-start=\"385\" data-end=\"401\">Koostisosad<\/strong><br data-start=\"401\" data-end=\"404\" \/>Suhkur, paprika, fariinsuhkur, sool, v\u00fcrtsid, naatriumglutamaat, k\u00fc\u00fcslaugupulber, sibulapulber, kunstlik kirsimaitse (dekstroos, maltodekstriin, akaatsiakummi), looduslik maitse (sojavalk), looduslik suitsumaitse, punane v\u00e4rvaine nr 40, paakumise v\u00e4ltimiseks alla 2% trikaltseumfosfaati.<\/p>\n<p data-start=\"693\" data-end=\"711\" data-is-last-node=\"\" data-is-only-node=\"\"><strong>Allergeenid <\/strong>&#8211; sisaldab soja.<\/p>\n<p>&nbsp;<\/p>\n","protected":false},"featured_media":254407,"template":"","meta":{"inline_featured_image":false},"product_brand":[],"product_cat":[28,491],"product_tag":[],"class_list":{"0":"post-254404","1":"product","2":"type-product","3":"status-publish","4":"has-post-thumbnail","6":"product_cat-maitseandjad","7":"product_cat-ameerika-bbq-rubid-kastmed","9":"first","10":"instock","11":"taxable","12":"shipping-taxable","13":"purchasable","14":"product-type-simple"},"yoast_head":"<!-- This site is optimized with the Yoast SEO plugin v27.4 - https:\/\/yoast.com\/product\/yoast-seo-wordpress\/ -->\n<title>Maitseainesegu Heath Riles Cherry Rub 283g - BBQ Entertainment<\/title>\n<meta name=\"robots\" content=\"index, follow, max-snippet:-1, max-image-preview:large, max-video-preview:-1\" \/>\n<link rel=\"canonical\" href=\"https:\/\/bbqentertainment.com\/toode\/maitseainesegu-heath-riles-cherry-rub-283g\/\" \/>\n<meta property=\"og:locale\" content=\"en_US\" \/>\n<meta property=\"og:type\" content=\"article\" \/>\n<meta property=\"og:title\" content=\"Maitseainesegu Heath Riles Cherry Rub 283g - BBQ Entertainment\" \/>\n<meta property=\"og:description\" content=\"Maitseainesegu Heath Riles Cherry Rub 283g Tugeva kirsi maitsega m\u00f5nusalt magusja v\u00fcrtsikas rub. Sobib eriti h\u00e4sti sealihale aga ka ribidele, kanalihale ja lambalihale. KoostisosadSuhkur, paprika, fariinsuhkur, sool, v\u00fcrtsid, naatriumglutamaat, k\u00fc\u00fcslaugupulber, sibulapulber, kunstlik kirsimaitse (dekstroos, maltodekstriin, akaatsiakummi), looduslik maitse (sojavalk), looduslik suitsumaitse, punane v\u00e4rvaine nr 40, paakumise v\u00e4ltimiseks alla 2% trikaltseumfosfaati. Allergeenid - sisaldab soja. &nbsp;\" \/>\n<meta property=\"og:url\" content=\"https:\/\/bbqentertainment.com\/toode\/maitseainesegu-heath-riles-cherry-rub-283g\/\" \/>\n<meta property=\"og:site_name\" content=\"BBQ Entertainment\" \/>\n<meta property=\"article:publisher\" content=\"https:\/\/www.facebook.com\/BBQ-Entertainment-N-Catering-2437913376443540\" \/>\n<meta property=\"article:modified_time\" content=\"2025-12-02T14:17:02+00:00\" \/>\n<meta property=\"og:image\" content=\"https:\/\/bbqentertainment.com\/wp-content\/uploads\/2025\/09\/Heath-Riles_Cherry-Rub.png\" \/>\n\t<meta property=\"og:image:width\" content=\"800\" \/>\n\t<meta property=\"og:image:height\" content=\"800\" \/>\n\t<meta property=\"og:image:type\" content=\"image\/png\" \/>\n<meta name=\"twitter:card\" content=\"summary_large_image\" \/>\n<meta name=\"twitter:label1\" content=\"Est. reading time\" \/>\n\t<meta name=\"twitter:data1\" content=\"1 minute\" \/>\n<script type=\"application\/ld+json\" class=\"yoast-schema-graph\">{\"@context\":\"https:\\\/\\\/schema.org\",\"@graph\":[{\"@type\":[\"WebPage\",\"ItemPage\"],\"@id\":\"https:\\\/\\\/bbqentertainment.com\\\/toode\\\/maitseainesegu-heath-riles-cherry-rub-283g\\\/\",\"url\":\"https:\\\/\\\/bbqentertainment.com\\\/toode\\\/maitseainesegu-heath-riles-cherry-rub-283g\\\/\",\"name\":\"Maitseainesegu Heath Riles Cherry Rub 283g - BBQ Entertainment\",\"isPartOf\":{\"@id\":\"https:\\\/\\\/bbqentertainment.com\\\/#website\"},\"primaryImageOfPage\":{\"@id\":\"https:\\\/\\\/bbqentertainment.com\\\/toode\\\/maitseainesegu-heath-riles-cherry-rub-283g\\\/#primaryimage\"},\"image\":{\"@id\":\"https:\\\/\\\/bbqentertainment.com\\\/toode\\\/maitseainesegu-heath-riles-cherry-rub-283g\\\/#primaryimage\"},\"thumbnailUrl\":\"https:\\\/\\\/bbqentertainment.com\\\/wp-content\\\/uploads\\\/2025\\\/09\\\/Heath-Riles_Cherry-Rub.png\",\"datePublished\":\"2025-09-05T15:41:37+00:00\",\"dateModified\":\"2025-12-02T14:17:02+00:00\",\"breadcrumb\":{\"@id\":\"https:\\\/\\\/bbqentertainment.com\\\/toode\\\/maitseainesegu-heath-riles-cherry-rub-283g\\\/#breadcrumb\"},\"inLanguage\":\"en-US\",\"potentialAction\":[{\"@type\":\"ReadAction\",\"target\":[\"https:\\\/\\\/bbqentertainment.com\\\/toode\\\/maitseainesegu-heath-riles-cherry-rub-283g\\\/\"]}]},{\"@type\":\"ImageObject\",\"inLanguage\":\"en-US\",\"@id\":\"https:\\\/\\\/bbqentertainment.com\\\/toode\\\/maitseainesegu-heath-riles-cherry-rub-283g\\\/#primaryimage\",\"url\":\"https:\\\/\\\/bbqentertainment.com\\\/wp-content\\\/uploads\\\/2025\\\/09\\\/Heath-Riles_Cherry-Rub.png\",\"contentUrl\":\"https:\\\/\\\/bbqentertainment.com\\\/wp-content\\\/uploads\\\/2025\\\/09\\\/Heath-Riles_Cherry-Rub.png\",\"width\":800,\"height\":800},{\"@type\":\"BreadcrumbList\",\"@id\":\"https:\\\/\\\/bbqentertainment.com\\\/toode\\\/maitseainesegu-heath-riles-cherry-rub-283g\\\/#breadcrumb\",\"itemListElement\":[{\"@type\":\"ListItem\",\"position\":1,\"name\":\"AVALEHT\",\"item\":\"https:\\\/\\\/bbqentertainment.com\\\/en\\\/\"},{\"@type\":\"ListItem\",\"position\":2,\"name\":\"Tooted\",\"item\":\"https:\\\/\\\/bbqentertainment.com\\\/tooted\\\/\"},{\"@type\":\"ListItem\",\"position\":3,\"name\":\"Maitseandjad\",\"item\":\"https:\\\/\\\/bbqentertainment.com\\\/en\\\/tootekategooria\\\/maitseandjad\\\/\"},{\"@type\":\"ListItem\",\"position\":4,\"name\":\"Maitseainesegu Heath Riles Cherry Rub 283g\"}]},{\"@type\":\"WebSite\",\"@id\":\"https:\\\/\\\/bbqentertainment.com\\\/#website\",\"url\":\"https:\\\/\\\/bbqentertainment.com\\\/\",\"name\":\"BBQ Entertainment\",\"description\":\"BBQ is a great lifestyle, not just fun!\",\"publisher\":{\"@id\":\"https:\\\/\\\/bbqentertainment.com\\\/#organization\"},\"potentialAction\":[{\"@type\":\"SearchAction\",\"target\":{\"@type\":\"EntryPoint\",\"urlTemplate\":\"https:\\\/\\\/bbqentertainment.com\\\/?s={search_term_string}\"},\"query-input\":{\"@type\":\"PropertyValueSpecification\",\"valueRequired\":true,\"valueName\":\"search_term_string\"}}],\"inLanguage\":\"en-US\"},{\"@type\":\"Organization\",\"@id\":\"https:\\\/\\\/bbqentertainment.com\\\/#organization\",\"name\":\"BBQ Entertainment O\u00dc\",\"url\":\"https:\\\/\\\/bbqentertainment.com\\\/\",\"logo\":{\"@type\":\"ImageObject\",\"inLanguage\":\"en-US\",\"@id\":\"https:\\\/\\\/bbqentertainment.com\\\/#\\\/schema\\\/logo\\\/image\\\/\",\"url\":\"https:\\\/\\\/bbqentertainment.com\\\/wp-content\\\/uploads\\\/2020\\\/04\\\/BBQ-Entertainment-N-Catering-Enn-Tobreluts-Logo.png\",\"contentUrl\":\"https:\\\/\\\/bbqentertainment.com\\\/wp-content\\\/uploads\\\/2020\\\/04\\\/BBQ-Entertainment-N-Catering-Enn-Tobreluts-Logo.png\",\"width\":628,\"height\":266,\"caption\":\"BBQ Entertainment O\u00dc\"},\"image\":{\"@id\":\"https:\\\/\\\/bbqentertainment.com\\\/#\\\/schema\\\/logo\\\/image\\\/\"},\"sameAs\":[\"https:\\\/\\\/www.facebook.com\\\/BBQ-Entertainment-N-Catering-2437913376443540\",\"https:\\\/\\\/www.instagram.com\\\/bbqentertainmentncatering\\\/\",\"https:\\\/\\\/www.youtube.com\\\/channel\\\/UCmpuANQVhLy2Md8nrenp2jA\"]}]}<\/script>\n<!-- \/ Yoast SEO plugin. -->","yoast_head_json":{"title":"Maitseainesegu Heath Riles Cherry Rub 283g - BBQ Entertainment","robots":{"index":"index","follow":"follow","max-snippet":"max-snippet:-1","max-image-preview":"max-image-preview:large","max-video-preview":"max-video-preview:-1"},"canonical":"https:\/\/bbqentertainment.com\/toode\/maitseainesegu-heath-riles-cherry-rub-283g\/","og_locale":"en_US","og_type":"article","og_title":"Maitseainesegu Heath Riles Cherry Rub 283g - BBQ Entertainment","og_description":"Maitseainesegu Heath Riles Cherry Rub 283g Tugeva kirsi maitsega m\u00f5nusalt magusja v\u00fcrtsikas rub. Sobib eriti h\u00e4sti sealihale aga ka ribidele, kanalihale ja lambalihale. KoostisosadSuhkur, paprika, fariinsuhkur, sool, v\u00fcrtsid, naatriumglutamaat, k\u00fc\u00fcslaugupulber, sibulapulber, kunstlik kirsimaitse (dekstroos, maltodekstriin, akaatsiakummi), looduslik maitse (sojavalk), looduslik suitsumaitse, punane v\u00e4rvaine nr 40, paakumise v\u00e4ltimiseks alla 2% trikaltseumfosfaati. Allergeenid - sisaldab soja. &nbsp;","og_url":"https:\/\/bbqentertainment.com\/toode\/maitseainesegu-heath-riles-cherry-rub-283g\/","og_site_name":"BBQ Entertainment","article_publisher":"https:\/\/www.facebook.com\/BBQ-Entertainment-N-Catering-2437913376443540","article_modified_time":"2025-12-02T14:17:02+00:00","og_image":[{"width":800,"height":800,"url":"https:\/\/bbqentertainment.com\/wp-content\/uploads\/2025\/09\/Heath-Riles_Cherry-Rub.png","type":"image\/png"}],"twitter_card":"summary_large_image","twitter_misc":{"Est. reading time":"1 minute"},"schema":{"@context":"https:\/\/schema.org","@graph":[{"@type":["WebPage","ItemPage"],"@id":"https:\/\/bbqentertainment.com\/toode\/maitseainesegu-heath-riles-cherry-rub-283g\/","url":"https:\/\/bbqentertainment.com\/toode\/maitseainesegu-heath-riles-cherry-rub-283g\/","name":"Maitseainesegu Heath Riles Cherry Rub 283g - BBQ Entertainment","isPartOf":{"@id":"https:\/\/bbqentertainment.com\/#website"},"primaryImageOfPage":{"@id":"https:\/\/bbqentertainment.com\/toode\/maitseainesegu-heath-riles-cherry-rub-283g\/#primaryimage"},"image":{"@id":"https:\/\/bbqentertainment.com\/toode\/maitseainesegu-heath-riles-cherry-rub-283g\/#primaryimage"},"thumbnailUrl":"https:\/\/bbqentertainment.com\/wp-content\/uploads\/2025\/09\/Heath-Riles_Cherry-Rub.png","datePublished":"2025-09-05T15:41:37+00:00","dateModified":"2025-12-02T14:17:02+00:00","breadcrumb":{"@id":"https:\/\/bbqentertainment.com\/toode\/maitseainesegu-heath-riles-cherry-rub-283g\/#breadcrumb"},"inLanguage":"en-US","potentialAction":[{"@type":"ReadAction","target":["https:\/\/bbqentertainment.com\/toode\/maitseainesegu-heath-riles-cherry-rub-283g\/"]}]},{"@type":"ImageObject","inLanguage":"en-US","@id":"https:\/\/bbqentertainment.com\/toode\/maitseainesegu-heath-riles-cherry-rub-283g\/#primaryimage","url":"https:\/\/bbqentertainment.com\/wp-content\/uploads\/2025\/09\/Heath-Riles_Cherry-Rub.png","contentUrl":"https:\/\/bbqentertainment.com\/wp-content\/uploads\/2025\/09\/Heath-Riles_Cherry-Rub.png","width":800,"height":800},{"@type":"BreadcrumbList","@id":"https:\/\/bbqentertainment.com\/toode\/maitseainesegu-heath-riles-cherry-rub-283g\/#breadcrumb","itemListElement":[{"@type":"ListItem","position":1,"name":"AVALEHT","item":"https:\/\/bbqentertainment.com\/en\/"},{"@type":"ListItem","position":2,"name":"Tooted","item":"https:\/\/bbqentertainment.com\/tooted\/"},{"@type":"ListItem","position":3,"name":"Maitseandjad","item":"https:\/\/bbqentertainment.com\/en\/tootekategooria\/maitseandjad\/"},{"@type":"ListItem","position":4,"name":"Maitseainesegu Heath Riles Cherry Rub 283g"}]},{"@type":"WebSite","@id":"https:\/\/bbqentertainment.com\/#website","url":"https:\/\/bbqentertainment.com\/","name":"BBQ Entertainment","description":"BBQ is a great lifestyle, not just fun!","publisher":{"@id":"https:\/\/bbqentertainment.com\/#organization"},"potentialAction":[{"@type":"SearchAction","target":{"@type":"EntryPoint","urlTemplate":"https:\/\/bbqentertainment.com\/?s={search_term_string}"},"query-input":{"@type":"PropertyValueSpecification","valueRequired":true,"valueName":"search_term_string"}}],"inLanguage":"en-US"},{"@type":"Organization","@id":"https:\/\/bbqentertainment.com\/#organization","name":"BBQ Entertainment O\u00dc","url":"https:\/\/bbqentertainment.com\/","logo":{"@type":"ImageObject","inLanguage":"en-US","@id":"https:\/\/bbqentertainment.com\/#\/schema\/logo\/image\/","url":"https:\/\/bbqentertainment.com\/wp-content\/uploads\/2020\/04\/BBQ-Entertainment-N-Catering-Enn-Tobreluts-Logo.png","contentUrl":"https:\/\/bbqentertainment.com\/wp-content\/uploads\/2020\/04\/BBQ-Entertainment-N-Catering-Enn-Tobreluts-Logo.png","width":628,"height":266,"caption":"BBQ Entertainment O\u00dc"},"image":{"@id":"https:\/\/bbqentertainment.com\/#\/schema\/logo\/image\/"},"sameAs":["https:\/\/www.facebook.com\/BBQ-Entertainment-N-Catering-2437913376443540","https:\/\/www.instagram.com\/bbqentertainmentncatering\/","https:\/\/www.youtube.com\/channel\/UCmpuANQVhLy2Md8nrenp2jA"]}]}},"_links":{"self":[{"href":"https:\/\/bbqentertainment.com\/en\/wp-json\/wp\/v2\/product\/254404","targetHints":{"allow":["GET"]}}],"collection":[{"href":"https:\/\/bbqentertainment.com\/en\/wp-json\/wp\/v2\/product"}],"about":[{"href":"https:\/\/bbqentertainment.com\/en\/wp-json\/wp\/v2\/types\/product"}],"wp:featuredmedia":[{"embeddable":true,"href":"https:\/\/bbqentertainment.com\/en\/wp-json\/wp\/v2\/media\/254407"}],"wp:attachment":[{"href":"https:\/\/bbqentertainment.com\/en\/wp-json\/wp\/v2\/media?parent=254404"}],"wp:term":[{"taxonomy":"product_brand","embeddable":true,"href":"https:\/\/bbqentertainment.com\/en\/wp-json\/wp\/v2\/product_brand?post=254404"},{"taxonomy":"product_cat","embeddable":true,"href":"https:\/\/bbqentertainment.com\/en\/wp-json\/wp\/v2\/product_cat?post=254404"},{"taxonomy":"product_tag","embeddable":true,"href":"https:\/\/bbqentertainment.com\/en\/wp-json\/wp\/v2\/product_tag?post=254404"}],"curies":[{"name":"wp","href":"https:\/\/api.w.org\/{rel}","templated":true}]}}