{"id":254409,"date":"2025-09-05T18:42:59","date_gmt":"2025-09-05T15:42:59","guid":{"rendered":"https:\/\/bbqentertainment.com\/?post_type=product&#038;p=254409"},"modified":"2025-09-10T11:41:38","modified_gmt":"2025-09-10T08:41:38","slug":"maitseainesegu-heath-riles-peach-rub-283g","status":"publish","type":"product","link":"https:\/\/bbqentertainment.com\/en\/toode\/maitseainesegu-heath-riles-peach-rub-283g\/","title":{"rendered":"Maitseainesegu Heath Riles Peach Rub 283g"},"content":{"rendered":"","protected":false},"excerpt":{"rendered":"<h3><strong>Maitseainesegu Heath Riles Peach Rub 283g<\/strong><\/h3>\n<p data-start=\"0\" data-end=\"251\">Puuviljane ja magus maitseainesegu, millel on m\u00f5nus v\u00fcrtsikas j\u00e4reltoon. Sobib suurep\u00e4raselt igasugusele lihale v\u00f5i lisanditele, tuues roogadesse mahlaka virsiku n\u00fcansi ja t\u00e4idlase maitseelamuse.<\/p>\n<p data-start=\"347\" data-end=\"731\"><strong data-start=\"347\" data-end=\"363\">Koostisosad<\/strong><br data-start=\"363\" data-end=\"366\" \/>Suhkur, fariinsuhkur, paprika, sool, v\u00fcrtsid, naatriumglutamaat, looduslik ja kunstlik virsikumaitse (dekstroos, prop\u00fcleengl\u00fckool, taime\u00f5li), k\u00fc\u00fcslaugupulber, sibulapulber, annatto, looduslik maitse, looduslik ja kunstlik vanillimaitse (maisit\u00e4rklis), looduslik suitsumaitse, looduslik k\u00f5rbenud maitse (kanola\u00f5li), paakumise v\u00e4ltimiseks alla 2% trikaltseumfosfaati.<\/p>\n<p data-start=\"733\" data-end=\"791\" data-is-last-node=\"\" data-is-only-node=\"\"><strong data-start=\"733\" data-end=\"791\" data-is-last-node=\"\">Sisaldab maisi ja v\u00f5ib sisaldada j\u00e4lgi allergeenidest.<\/strong><\/p>\n","protected":false},"featured_media":254410,"template":"","meta":{"inline_featured_image":false},"product_brand":[],"product_cat":[28,491],"product_tag":[],"class_list":{"0":"post-254409","1":"product","2":"type-product","3":"status-publish","4":"has-post-thumbnail","6":"product_cat-maitseandjad","7":"product_cat-ameerika-bbq-rubid-kastmed","9":"first","10":"instock","11":"taxable","12":"shipping-taxable","13":"purchasable","14":"product-type-simple"},"yoast_head":"<!-- This site is optimized with the Yoast SEO plugin v27.4 - https:\/\/yoast.com\/product\/yoast-seo-wordpress\/ -->\n<title>Maitseainesegu Heath Riles Peach Rub 283g - BBQ Entertainment<\/title>\n<meta name=\"robots\" content=\"index, follow, max-snippet:-1, max-image-preview:large, max-video-preview:-1\" \/>\n<link rel=\"canonical\" href=\"https:\/\/bbqentertainment.com\/toode\/maitseainesegu-heath-riles-peach-rub-283g\/\" \/>\n<meta property=\"og:locale\" content=\"en_US\" \/>\n<meta property=\"og:type\" content=\"article\" \/>\n<meta property=\"og:title\" content=\"Maitseainesegu Heath Riles Peach Rub 283g - BBQ Entertainment\" \/>\n<meta property=\"og:description\" content=\"Maitseainesegu Heath Riles Peach Rub 283g Puuviljane ja magus maitseainesegu, millel on m\u00f5nus v\u00fcrtsikas j\u00e4reltoon. Sobib suurep\u00e4raselt igasugusele lihale v\u00f5i lisanditele, tuues roogadesse mahlaka virsiku n\u00fcansi ja t\u00e4idlase maitseelamuse. KoostisosadSuhkur, fariinsuhkur, paprika, sool, v\u00fcrtsid, naatriumglutamaat, looduslik ja kunstlik virsikumaitse (dekstroos, prop\u00fcleengl\u00fckool, taime\u00f5li), k\u00fc\u00fcslaugupulber, sibulapulber, annatto, looduslik maitse, looduslik ja kunstlik vanillimaitse (maisit\u00e4rklis), looduslik suitsumaitse, looduslik k\u00f5rbenud maitse (kanola\u00f5li), paakumise v\u00e4ltimiseks alla 2% trikaltseumfosfaati. Sisaldab maisi ja v\u00f5ib sisaldada j\u00e4lgi allergeenidest.\" \/>\n<meta property=\"og:url\" content=\"https:\/\/bbqentertainment.com\/toode\/maitseainesegu-heath-riles-peach-rub-283g\/\" \/>\n<meta property=\"og:site_name\" content=\"BBQ Entertainment\" \/>\n<meta property=\"article:publisher\" content=\"https:\/\/www.facebook.com\/BBQ-Entertainment-N-Catering-2437913376443540\" \/>\n<meta property=\"article:modified_time\" content=\"2025-09-10T08:41:38+00:00\" \/>\n<meta property=\"og:image\" content=\"https:\/\/bbqentertainment.com\/wp-content\/uploads\/2025\/09\/Heath-Riles_Peach-Rub.png\" \/>\n\t<meta property=\"og:image:width\" content=\"800\" \/>\n\t<meta property=\"og:image:height\" content=\"800\" \/>\n\t<meta property=\"og:image:type\" content=\"image\/png\" \/>\n<meta name=\"twitter:card\" content=\"summary_large_image\" \/>\n<meta name=\"twitter:label1\" content=\"Est. reading time\" \/>\n\t<meta name=\"twitter:data1\" content=\"1 minute\" \/>\n<script type=\"application\/ld+json\" class=\"yoast-schema-graph\">{\"@context\":\"https:\\\/\\\/schema.org\",\"@graph\":[{\"@type\":[\"WebPage\",\"ItemPage\"],\"@id\":\"https:\\\/\\\/bbqentertainment.com\\\/toode\\\/maitseainesegu-heath-riles-peach-rub-283g\\\/\",\"url\":\"https:\\\/\\\/bbqentertainment.com\\\/toode\\\/maitseainesegu-heath-riles-peach-rub-283g\\\/\",\"name\":\"Maitseainesegu Heath Riles Peach Rub 283g - BBQ Entertainment\",\"isPartOf\":{\"@id\":\"https:\\\/\\\/bbqentertainment.com\\\/#website\"},\"primaryImageOfPage\":{\"@id\":\"https:\\\/\\\/bbqentertainment.com\\\/toode\\\/maitseainesegu-heath-riles-peach-rub-283g\\\/#primaryimage\"},\"image\":{\"@id\":\"https:\\\/\\\/bbqentertainment.com\\\/toode\\\/maitseainesegu-heath-riles-peach-rub-283g\\\/#primaryimage\"},\"thumbnailUrl\":\"https:\\\/\\\/bbqentertainment.com\\\/wp-content\\\/uploads\\\/2025\\\/09\\\/Heath-Riles_Peach-Rub.png\",\"datePublished\":\"2025-09-05T15:42:59+00:00\",\"dateModified\":\"2025-09-10T08:41:38+00:00\",\"breadcrumb\":{\"@id\":\"https:\\\/\\\/bbqentertainment.com\\\/toode\\\/maitseainesegu-heath-riles-peach-rub-283g\\\/#breadcrumb\"},\"inLanguage\":\"en-US\",\"potentialAction\":[{\"@type\":\"ReadAction\",\"target\":[\"https:\\\/\\\/bbqentertainment.com\\\/toode\\\/maitseainesegu-heath-riles-peach-rub-283g\\\/\"]}]},{\"@type\":\"ImageObject\",\"inLanguage\":\"en-US\",\"@id\":\"https:\\\/\\\/bbqentertainment.com\\\/toode\\\/maitseainesegu-heath-riles-peach-rub-283g\\\/#primaryimage\",\"url\":\"https:\\\/\\\/bbqentertainment.com\\\/wp-content\\\/uploads\\\/2025\\\/09\\\/Heath-Riles_Peach-Rub.png\",\"contentUrl\":\"https:\\\/\\\/bbqentertainment.com\\\/wp-content\\\/uploads\\\/2025\\\/09\\\/Heath-Riles_Peach-Rub.png\",\"width\":800,\"height\":800},{\"@type\":\"BreadcrumbList\",\"@id\":\"https:\\\/\\\/bbqentertainment.com\\\/toode\\\/maitseainesegu-heath-riles-peach-rub-283g\\\/#breadcrumb\",\"itemListElement\":[{\"@type\":\"ListItem\",\"position\":1,\"name\":\"AVALEHT\",\"item\":\"https:\\\/\\\/bbqentertainment.com\\\/en\\\/\"},{\"@type\":\"ListItem\",\"position\":2,\"name\":\"Tooted\",\"item\":\"https:\\\/\\\/bbqentertainment.com\\\/tooted\\\/\"},{\"@type\":\"ListItem\",\"position\":3,\"name\":\"Maitseandjad\",\"item\":\"https:\\\/\\\/bbqentertainment.com\\\/en\\\/tootekategooria\\\/maitseandjad\\\/\"},{\"@type\":\"ListItem\",\"position\":4,\"name\":\"Maitseainesegu Heath Riles Peach Rub 283g\"}]},{\"@type\":\"WebSite\",\"@id\":\"https:\\\/\\\/bbqentertainment.com\\\/#website\",\"url\":\"https:\\\/\\\/bbqentertainment.com\\\/\",\"name\":\"BBQ Entertainment\",\"description\":\"BBQ is a great lifestyle, not just fun!\",\"publisher\":{\"@id\":\"https:\\\/\\\/bbqentertainment.com\\\/#organization\"},\"potentialAction\":[{\"@type\":\"SearchAction\",\"target\":{\"@type\":\"EntryPoint\",\"urlTemplate\":\"https:\\\/\\\/bbqentertainment.com\\\/?s={search_term_string}\"},\"query-input\":{\"@type\":\"PropertyValueSpecification\",\"valueRequired\":true,\"valueName\":\"search_term_string\"}}],\"inLanguage\":\"en-US\"},{\"@type\":\"Organization\",\"@id\":\"https:\\\/\\\/bbqentertainment.com\\\/#organization\",\"name\":\"BBQ Entertainment O\u00dc\",\"url\":\"https:\\\/\\\/bbqentertainment.com\\\/\",\"logo\":{\"@type\":\"ImageObject\",\"inLanguage\":\"en-US\",\"@id\":\"https:\\\/\\\/bbqentertainment.com\\\/#\\\/schema\\\/logo\\\/image\\\/\",\"url\":\"https:\\\/\\\/bbqentertainment.com\\\/wp-content\\\/uploads\\\/2020\\\/04\\\/BBQ-Entertainment-N-Catering-Enn-Tobreluts-Logo.png\",\"contentUrl\":\"https:\\\/\\\/bbqentertainment.com\\\/wp-content\\\/uploads\\\/2020\\\/04\\\/BBQ-Entertainment-N-Catering-Enn-Tobreluts-Logo.png\",\"width\":628,\"height\":266,\"caption\":\"BBQ Entertainment O\u00dc\"},\"image\":{\"@id\":\"https:\\\/\\\/bbqentertainment.com\\\/#\\\/schema\\\/logo\\\/image\\\/\"},\"sameAs\":[\"https:\\\/\\\/www.facebook.com\\\/BBQ-Entertainment-N-Catering-2437913376443540\",\"https:\\\/\\\/www.instagram.com\\\/bbqentertainmentncatering\\\/\",\"https:\\\/\\\/www.youtube.com\\\/channel\\\/UCmpuANQVhLy2Md8nrenp2jA\"]}]}<\/script>\n<!-- \/ Yoast SEO plugin. -->","yoast_head_json":{"title":"Maitseainesegu Heath Riles Peach Rub 283g - BBQ Entertainment","robots":{"index":"index","follow":"follow","max-snippet":"max-snippet:-1","max-image-preview":"max-image-preview:large","max-video-preview":"max-video-preview:-1"},"canonical":"https:\/\/bbqentertainment.com\/toode\/maitseainesegu-heath-riles-peach-rub-283g\/","og_locale":"en_US","og_type":"article","og_title":"Maitseainesegu Heath Riles Peach Rub 283g - BBQ Entertainment","og_description":"Maitseainesegu Heath Riles Peach Rub 283g Puuviljane ja magus maitseainesegu, millel on m\u00f5nus v\u00fcrtsikas j\u00e4reltoon. Sobib suurep\u00e4raselt igasugusele lihale v\u00f5i lisanditele, tuues roogadesse mahlaka virsiku n\u00fcansi ja t\u00e4idlase maitseelamuse. KoostisosadSuhkur, fariinsuhkur, paprika, sool, v\u00fcrtsid, naatriumglutamaat, looduslik ja kunstlik virsikumaitse (dekstroos, prop\u00fcleengl\u00fckool, taime\u00f5li), k\u00fc\u00fcslaugupulber, sibulapulber, annatto, looduslik maitse, looduslik ja kunstlik vanillimaitse (maisit\u00e4rklis), looduslik suitsumaitse, looduslik k\u00f5rbenud maitse (kanola\u00f5li), paakumise v\u00e4ltimiseks alla 2% trikaltseumfosfaati. Sisaldab maisi ja v\u00f5ib sisaldada j\u00e4lgi allergeenidest.","og_url":"https:\/\/bbqentertainment.com\/toode\/maitseainesegu-heath-riles-peach-rub-283g\/","og_site_name":"BBQ Entertainment","article_publisher":"https:\/\/www.facebook.com\/BBQ-Entertainment-N-Catering-2437913376443540","article_modified_time":"2025-09-10T08:41:38+00:00","og_image":[{"width":800,"height":800,"url":"https:\/\/bbqentertainment.com\/wp-content\/uploads\/2025\/09\/Heath-Riles_Peach-Rub.png","type":"image\/png"}],"twitter_card":"summary_large_image","twitter_misc":{"Est. reading time":"1 minute"},"schema":{"@context":"https:\/\/schema.org","@graph":[{"@type":["WebPage","ItemPage"],"@id":"https:\/\/bbqentertainment.com\/toode\/maitseainesegu-heath-riles-peach-rub-283g\/","url":"https:\/\/bbqentertainment.com\/toode\/maitseainesegu-heath-riles-peach-rub-283g\/","name":"Maitseainesegu Heath Riles Peach Rub 283g - BBQ Entertainment","isPartOf":{"@id":"https:\/\/bbqentertainment.com\/#website"},"primaryImageOfPage":{"@id":"https:\/\/bbqentertainment.com\/toode\/maitseainesegu-heath-riles-peach-rub-283g\/#primaryimage"},"image":{"@id":"https:\/\/bbqentertainment.com\/toode\/maitseainesegu-heath-riles-peach-rub-283g\/#primaryimage"},"thumbnailUrl":"https:\/\/bbqentertainment.com\/wp-content\/uploads\/2025\/09\/Heath-Riles_Peach-Rub.png","datePublished":"2025-09-05T15:42:59+00:00","dateModified":"2025-09-10T08:41:38+00:00","breadcrumb":{"@id":"https:\/\/bbqentertainment.com\/toode\/maitseainesegu-heath-riles-peach-rub-283g\/#breadcrumb"},"inLanguage":"en-US","potentialAction":[{"@type":"ReadAction","target":["https:\/\/bbqentertainment.com\/toode\/maitseainesegu-heath-riles-peach-rub-283g\/"]}]},{"@type":"ImageObject","inLanguage":"en-US","@id":"https:\/\/bbqentertainment.com\/toode\/maitseainesegu-heath-riles-peach-rub-283g\/#primaryimage","url":"https:\/\/bbqentertainment.com\/wp-content\/uploads\/2025\/09\/Heath-Riles_Peach-Rub.png","contentUrl":"https:\/\/bbqentertainment.com\/wp-content\/uploads\/2025\/09\/Heath-Riles_Peach-Rub.png","width":800,"height":800},{"@type":"BreadcrumbList","@id":"https:\/\/bbqentertainment.com\/toode\/maitseainesegu-heath-riles-peach-rub-283g\/#breadcrumb","itemListElement":[{"@type":"ListItem","position":1,"name":"AVALEHT","item":"https:\/\/bbqentertainment.com\/en\/"},{"@type":"ListItem","position":2,"name":"Tooted","item":"https:\/\/bbqentertainment.com\/tooted\/"},{"@type":"ListItem","position":3,"name":"Maitseandjad","item":"https:\/\/bbqentertainment.com\/en\/tootekategooria\/maitseandjad\/"},{"@type":"ListItem","position":4,"name":"Maitseainesegu Heath Riles Peach Rub 283g"}]},{"@type":"WebSite","@id":"https:\/\/bbqentertainment.com\/#website","url":"https:\/\/bbqentertainment.com\/","name":"BBQ Entertainment","description":"BBQ is a great lifestyle, not just fun!","publisher":{"@id":"https:\/\/bbqentertainment.com\/#organization"},"potentialAction":[{"@type":"SearchAction","target":{"@type":"EntryPoint","urlTemplate":"https:\/\/bbqentertainment.com\/?s={search_term_string}"},"query-input":{"@type":"PropertyValueSpecification","valueRequired":true,"valueName":"search_term_string"}}],"inLanguage":"en-US"},{"@type":"Organization","@id":"https:\/\/bbqentertainment.com\/#organization","name":"BBQ Entertainment O\u00dc","url":"https:\/\/bbqentertainment.com\/","logo":{"@type":"ImageObject","inLanguage":"en-US","@id":"https:\/\/bbqentertainment.com\/#\/schema\/logo\/image\/","url":"https:\/\/bbqentertainment.com\/wp-content\/uploads\/2020\/04\/BBQ-Entertainment-N-Catering-Enn-Tobreluts-Logo.png","contentUrl":"https:\/\/bbqentertainment.com\/wp-content\/uploads\/2020\/04\/BBQ-Entertainment-N-Catering-Enn-Tobreluts-Logo.png","width":628,"height":266,"caption":"BBQ Entertainment O\u00dc"},"image":{"@id":"https:\/\/bbqentertainment.com\/#\/schema\/logo\/image\/"},"sameAs":["https:\/\/www.facebook.com\/BBQ-Entertainment-N-Catering-2437913376443540","https:\/\/www.instagram.com\/bbqentertainmentncatering\/","https:\/\/www.youtube.com\/channel\/UCmpuANQVhLy2Md8nrenp2jA"]}]}},"_links":{"self":[{"href":"https:\/\/bbqentertainment.com\/en\/wp-json\/wp\/v2\/product\/254409","targetHints":{"allow":["GET"]}}],"collection":[{"href":"https:\/\/bbqentertainment.com\/en\/wp-json\/wp\/v2\/product"}],"about":[{"href":"https:\/\/bbqentertainment.com\/en\/wp-json\/wp\/v2\/types\/product"}],"wp:featuredmedia":[{"embeddable":true,"href":"https:\/\/bbqentertainment.com\/en\/wp-json\/wp\/v2\/media\/254410"}],"wp:attachment":[{"href":"https:\/\/bbqentertainment.com\/en\/wp-json\/wp\/v2\/media?parent=254409"}],"wp:term":[{"taxonomy":"product_brand","embeddable":true,"href":"https:\/\/bbqentertainment.com\/en\/wp-json\/wp\/v2\/product_brand?post=254409"},{"taxonomy":"product_cat","embeddable":true,"href":"https:\/\/bbqentertainment.com\/en\/wp-json\/wp\/v2\/product_cat?post=254409"},{"taxonomy":"product_tag","embeddable":true,"href":"https:\/\/bbqentertainment.com\/en\/wp-json\/wp\/v2\/product_tag?post=254409"}],"curies":[{"name":"wp","href":"https:\/\/api.w.org\/{rel}","templated":true}]}}