{"id":254687,"date":"2025-09-28T18:05:27","date_gmt":"2025-09-28T15:05:27","guid":{"rendered":"https:\/\/bbqentertainment.com\/?post_type=product&#038;p=254687"},"modified":"2025-10-01T15:39:28","modified_gmt":"2025-10-01T12:39:28","slug":"ketsup-bloody-mary-250-ml-heimari-kokaklubi","status":"publish","type":"product","link":"https:\/\/bbqentertainment.com\/en\/toode\/ketsup-bloody-mary-250-ml-heimari-kokaklubi\/","title":{"rendered":"Ket\u0161up \u201cBLOODY MARY\u201d 250 ml, Heimari Kokaklubi"},"content":{"rendered":"","protected":false},"excerpt":{"rendered":"<h3><strong>Ket\u0161up \u201cBLOODY MARY\u201d 250 ml, Heimari Kokaklubi<\/strong><\/h3>\n<p data-start=\"105\" data-end=\"317\">Heimari Kokaklubi ket\u0161upite sarja uus maitse on loodud klassikalise Bloody Mary kokteili eeskujul. Tomatip\u00f5hisele ket\u0161upile lisavad iseloomu kodumaine m\u00e4dar\u00f5igas ja viinaga rikastatud v\u00fcrtsikus.<\/p>\n<p data-start=\"319\" data-end=\"484\"><strong data-start=\"319\" data-end=\"333\">Kasutamine<\/strong><br data-start=\"333\" data-end=\"336\" \/>Sobib ideaalselt grillroogade, burgerite ja liharoogade k\u00f5rvale, aga ka kastmetesse ja marinaadidesse, kui soovid anda maitsetele s\u00e4rtsaka n\u00fcansi.<\/p>\n<p data-start=\"591\" data-end=\"773\"><strong data-start=\"591\" data-end=\"606\">Koostisosad<\/strong><br data-start=\"606\" data-end=\"609\" \/>Tomatipasta, vesi, Worcestershire kaste, suhkur, m\u00e4dar\u00f5ikajuur, sibulapulber, k\u00fc\u00fcslaugupulber, t\u00fc\u00fcmian, sellerisool, habanero t\u0161illi, viin, maitseained, ksantaan.<\/p>\n<p data-start=\"775\" data-end=\"792\"><strong data-start=\"775\" data-end=\"790\">S\u00e4ilitamine<\/strong><\/p>\n<ul data-start=\"793\" data-end=\"859\">\n<li data-start=\"793\" data-end=\"824\">\n<p data-start=\"795\" data-end=\"824\">Avamata: kuni +25 \u00b0C juures<\/p>\n<\/li>\n<li data-start=\"793\" data-end=\"824\">\n<p data-start=\"795\" data-end=\"824\">Peale avamist: +2\u2026+6 \u00b0C juures<\/p>\n<\/li>\n<\/ul>\n","protected":false},"featured_media":254688,"template":"","meta":{"inline_featured_image":false},"product_brand":[],"product_cat":[28,646],"product_tag":[],"class_list":{"0":"post-254687","1":"product","2":"type-product","3":"status-publish","4":"has-post-thumbnail","6":"product_cat-maitseandjad","7":"product_cat-heimari-kokaklubi","9":"first","10":"instock","11":"taxable","12":"shipping-taxable","13":"purchasable","14":"product-type-simple"},"yoast_head":"<!-- This site is optimized with the Yoast SEO plugin v27.4 - https:\/\/yoast.com\/product\/yoast-seo-wordpress\/ -->\n<title>Ket\u0161up \u201cBLOODY MARY\u201d 250 ml, Heimari Kokaklubi - BBQ Entertainment<\/title>\n<meta name=\"robots\" content=\"index, follow, max-snippet:-1, max-image-preview:large, max-video-preview:-1\" \/>\n<link rel=\"canonical\" href=\"https:\/\/bbqentertainment.com\/toode\/ketsup-bloody-mary-250-ml-heimari-kokaklubi\/\" \/>\n<meta property=\"og:locale\" content=\"en_US\" \/>\n<meta property=\"og:type\" content=\"article\" \/>\n<meta property=\"og:title\" content=\"Ket\u0161up \u201cBLOODY MARY\u201d 250 ml, Heimari Kokaklubi - BBQ Entertainment\" \/>\n<meta property=\"og:description\" content=\"Ket\u0161up \u201cBLOODY MARY\u201d 250 ml, Heimari Kokaklubi Heimari Kokaklubi ket\u0161upite sarja uus maitse on loodud klassikalise Bloody Mary kokteili eeskujul. Tomatip\u00f5hisele ket\u0161upile lisavad iseloomu kodumaine m\u00e4dar\u00f5igas ja viinaga rikastatud v\u00fcrtsikus. KasutamineSobib ideaalselt grillroogade, burgerite ja liharoogade k\u00f5rvale, aga ka kastmetesse ja marinaadidesse, kui soovid anda maitsetele s\u00e4rtsaka n\u00fcansi. KoostisosadTomatipasta, vesi, Worcestershire kaste, suhkur, m\u00e4dar\u00f5ikajuur, sibulapulber, k\u00fc\u00fcslaugupulber, t\u00fc\u00fcmian, sellerisool, habanero t\u0161illi, viin, maitseained, ksantaan. S\u00e4ilitamine     Avamata: kuni +25 \u00b0C juures    Peale avamist: +2\u2026+6 \u00b0C juures\" \/>\n<meta property=\"og:url\" content=\"https:\/\/bbqentertainment.com\/toode\/ketsup-bloody-mary-250-ml-heimari-kokaklubi\/\" \/>\n<meta property=\"og:site_name\" content=\"BBQ Entertainment\" \/>\n<meta property=\"article:publisher\" content=\"https:\/\/www.facebook.com\/BBQ-Entertainment-N-Catering-2437913376443540\" \/>\n<meta property=\"article:modified_time\" content=\"2025-10-01T12:39:28+00:00\" \/>\n<meta property=\"og:image\" content=\"https:\/\/bbqentertainment.com\/wp-content\/uploads\/2025\/09\/Bloody-Mary-Heimari-Kokaklubi.jpg\" \/>\n\t<meta property=\"og:image:width\" content=\"1320\" \/>\n\t<meta property=\"og:image:height\" content=\"1720\" \/>\n\t<meta property=\"og:image:type\" content=\"image\/jpeg\" \/>\n<meta name=\"twitter:card\" content=\"summary_large_image\" \/>\n<meta name=\"twitter:label1\" content=\"Est. reading time\" \/>\n\t<meta name=\"twitter:data1\" content=\"1 minute\" \/>\n<script type=\"application\/ld+json\" class=\"yoast-schema-graph\">{\"@context\":\"https:\\\/\\\/schema.org\",\"@graph\":[{\"@type\":[\"WebPage\",\"ItemPage\"],\"@id\":\"https:\\\/\\\/bbqentertainment.com\\\/toode\\\/ketsup-bloody-mary-250-ml-heimari-kokaklubi\\\/\",\"url\":\"https:\\\/\\\/bbqentertainment.com\\\/toode\\\/ketsup-bloody-mary-250-ml-heimari-kokaklubi\\\/\",\"name\":\"Ket\u0161up \u201cBLOODY MARY\u201d 250 ml, Heimari Kokaklubi - BBQ Entertainment\",\"isPartOf\":{\"@id\":\"https:\\\/\\\/bbqentertainment.com\\\/#website\"},\"primaryImageOfPage\":{\"@id\":\"https:\\\/\\\/bbqentertainment.com\\\/toode\\\/ketsup-bloody-mary-250-ml-heimari-kokaklubi\\\/#primaryimage\"},\"image\":{\"@id\":\"https:\\\/\\\/bbqentertainment.com\\\/toode\\\/ketsup-bloody-mary-250-ml-heimari-kokaklubi\\\/#primaryimage\"},\"thumbnailUrl\":\"https:\\\/\\\/bbqentertainment.com\\\/wp-content\\\/uploads\\\/2025\\\/09\\\/Bloody-Mary-Heimari-Kokaklubi.jpg\",\"datePublished\":\"2025-09-28T15:05:27+00:00\",\"dateModified\":\"2025-10-01T12:39:28+00:00\",\"breadcrumb\":{\"@id\":\"https:\\\/\\\/bbqentertainment.com\\\/toode\\\/ketsup-bloody-mary-250-ml-heimari-kokaklubi\\\/#breadcrumb\"},\"inLanguage\":\"en-US\",\"potentialAction\":[{\"@type\":\"ReadAction\",\"target\":[\"https:\\\/\\\/bbqentertainment.com\\\/toode\\\/ketsup-bloody-mary-250-ml-heimari-kokaklubi\\\/\"]}]},{\"@type\":\"ImageObject\",\"inLanguage\":\"en-US\",\"@id\":\"https:\\\/\\\/bbqentertainment.com\\\/toode\\\/ketsup-bloody-mary-250-ml-heimari-kokaklubi\\\/#primaryimage\",\"url\":\"https:\\\/\\\/bbqentertainment.com\\\/wp-content\\\/uploads\\\/2025\\\/09\\\/Bloody-Mary-Heimari-Kokaklubi.jpg\",\"contentUrl\":\"https:\\\/\\\/bbqentertainment.com\\\/wp-content\\\/uploads\\\/2025\\\/09\\\/Bloody-Mary-Heimari-Kokaklubi.jpg\",\"width\":1320,\"height\":1720},{\"@type\":\"BreadcrumbList\",\"@id\":\"https:\\\/\\\/bbqentertainment.com\\\/toode\\\/ketsup-bloody-mary-250-ml-heimari-kokaklubi\\\/#breadcrumb\",\"itemListElement\":[{\"@type\":\"ListItem\",\"position\":1,\"name\":\"AVALEHT\",\"item\":\"https:\\\/\\\/bbqentertainment.com\\\/en\\\/\"},{\"@type\":\"ListItem\",\"position\":2,\"name\":\"Tooted\",\"item\":\"https:\\\/\\\/bbqentertainment.com\\\/tooted\\\/\"},{\"@type\":\"ListItem\",\"position\":3,\"name\":\"Maitseandjad\",\"item\":\"https:\\\/\\\/bbqentertainment.com\\\/en\\\/tootekategooria\\\/maitseandjad\\\/\"},{\"@type\":\"ListItem\",\"position\":4,\"name\":\"Heimari Kokaklubi\",\"item\":\"https:\\\/\\\/bbqentertainment.com\\\/tootekategooria\\\/maitseandjad\\\/heimari-kokaklubi\\\/\"},{\"@type\":\"ListItem\",\"position\":5,\"name\":\"Ket\u0161up \u201cBLOODY MARY\u201d 250 ml, Heimari Kokaklubi\"}]},{\"@type\":\"WebSite\",\"@id\":\"https:\\\/\\\/bbqentertainment.com\\\/#website\",\"url\":\"https:\\\/\\\/bbqentertainment.com\\\/\",\"name\":\"BBQ Entertainment\",\"description\":\"BBQ is a great lifestyle, not just fun!\",\"publisher\":{\"@id\":\"https:\\\/\\\/bbqentertainment.com\\\/#organization\"},\"potentialAction\":[{\"@type\":\"SearchAction\",\"target\":{\"@type\":\"EntryPoint\",\"urlTemplate\":\"https:\\\/\\\/bbqentertainment.com\\\/?s={search_term_string}\"},\"query-input\":{\"@type\":\"PropertyValueSpecification\",\"valueRequired\":true,\"valueName\":\"search_term_string\"}}],\"inLanguage\":\"en-US\"},{\"@type\":\"Organization\",\"@id\":\"https:\\\/\\\/bbqentertainment.com\\\/#organization\",\"name\":\"BBQ Entertainment O\u00dc\",\"url\":\"https:\\\/\\\/bbqentertainment.com\\\/\",\"logo\":{\"@type\":\"ImageObject\",\"inLanguage\":\"en-US\",\"@id\":\"https:\\\/\\\/bbqentertainment.com\\\/#\\\/schema\\\/logo\\\/image\\\/\",\"url\":\"https:\\\/\\\/bbqentertainment.com\\\/wp-content\\\/uploads\\\/2020\\\/04\\\/BBQ-Entertainment-N-Catering-Enn-Tobreluts-Logo.png\",\"contentUrl\":\"https:\\\/\\\/bbqentertainment.com\\\/wp-content\\\/uploads\\\/2020\\\/04\\\/BBQ-Entertainment-N-Catering-Enn-Tobreluts-Logo.png\",\"width\":628,\"height\":266,\"caption\":\"BBQ Entertainment O\u00dc\"},\"image\":{\"@id\":\"https:\\\/\\\/bbqentertainment.com\\\/#\\\/schema\\\/logo\\\/image\\\/\"},\"sameAs\":[\"https:\\\/\\\/www.facebook.com\\\/BBQ-Entertainment-N-Catering-2437913376443540\",\"https:\\\/\\\/www.instagram.com\\\/bbqentertainmentncatering\\\/\",\"https:\\\/\\\/www.youtube.com\\\/channel\\\/UCmpuANQVhLy2Md8nrenp2jA\"]}]}<\/script>\n<!-- \/ Yoast SEO plugin. -->","yoast_head_json":{"title":"Ket\u0161up \u201cBLOODY MARY\u201d 250 ml, Heimari Kokaklubi - BBQ Entertainment","robots":{"index":"index","follow":"follow","max-snippet":"max-snippet:-1","max-image-preview":"max-image-preview:large","max-video-preview":"max-video-preview:-1"},"canonical":"https:\/\/bbqentertainment.com\/toode\/ketsup-bloody-mary-250-ml-heimari-kokaklubi\/","og_locale":"en_US","og_type":"article","og_title":"Ket\u0161up \u201cBLOODY MARY\u201d 250 ml, Heimari Kokaklubi - BBQ Entertainment","og_description":"Ket\u0161up \u201cBLOODY MARY\u201d 250 ml, Heimari Kokaklubi Heimari Kokaklubi ket\u0161upite sarja uus maitse on loodud klassikalise Bloody Mary kokteili eeskujul. Tomatip\u00f5hisele ket\u0161upile lisavad iseloomu kodumaine m\u00e4dar\u00f5igas ja viinaga rikastatud v\u00fcrtsikus. KasutamineSobib ideaalselt grillroogade, burgerite ja liharoogade k\u00f5rvale, aga ka kastmetesse ja marinaadidesse, kui soovid anda maitsetele s\u00e4rtsaka n\u00fcansi. KoostisosadTomatipasta, vesi, Worcestershire kaste, suhkur, m\u00e4dar\u00f5ikajuur, sibulapulber, k\u00fc\u00fcslaugupulber, t\u00fc\u00fcmian, sellerisool, habanero t\u0161illi, viin, maitseained, ksantaan. S\u00e4ilitamine     Avamata: kuni +25 \u00b0C juures    Peale avamist: +2\u2026+6 \u00b0C juures","og_url":"https:\/\/bbqentertainment.com\/toode\/ketsup-bloody-mary-250-ml-heimari-kokaklubi\/","og_site_name":"BBQ Entertainment","article_publisher":"https:\/\/www.facebook.com\/BBQ-Entertainment-N-Catering-2437913376443540","article_modified_time":"2025-10-01T12:39:28+00:00","og_image":[{"width":1320,"height":1720,"url":"https:\/\/bbqentertainment.com\/wp-content\/uploads\/2025\/09\/Bloody-Mary-Heimari-Kokaklubi.jpg","type":"image\/jpeg"}],"twitter_card":"summary_large_image","twitter_misc":{"Est. reading time":"1 minute"},"schema":{"@context":"https:\/\/schema.org","@graph":[{"@type":["WebPage","ItemPage"],"@id":"https:\/\/bbqentertainment.com\/toode\/ketsup-bloody-mary-250-ml-heimari-kokaklubi\/","url":"https:\/\/bbqentertainment.com\/toode\/ketsup-bloody-mary-250-ml-heimari-kokaklubi\/","name":"Ket\u0161up \u201cBLOODY MARY\u201d 250 ml, Heimari Kokaklubi - BBQ Entertainment","isPartOf":{"@id":"https:\/\/bbqentertainment.com\/#website"},"primaryImageOfPage":{"@id":"https:\/\/bbqentertainment.com\/toode\/ketsup-bloody-mary-250-ml-heimari-kokaklubi\/#primaryimage"},"image":{"@id":"https:\/\/bbqentertainment.com\/toode\/ketsup-bloody-mary-250-ml-heimari-kokaklubi\/#primaryimage"},"thumbnailUrl":"https:\/\/bbqentertainment.com\/wp-content\/uploads\/2025\/09\/Bloody-Mary-Heimari-Kokaklubi.jpg","datePublished":"2025-09-28T15:05:27+00:00","dateModified":"2025-10-01T12:39:28+00:00","breadcrumb":{"@id":"https:\/\/bbqentertainment.com\/toode\/ketsup-bloody-mary-250-ml-heimari-kokaklubi\/#breadcrumb"},"inLanguage":"en-US","potentialAction":[{"@type":"ReadAction","target":["https:\/\/bbqentertainment.com\/toode\/ketsup-bloody-mary-250-ml-heimari-kokaklubi\/"]}]},{"@type":"ImageObject","inLanguage":"en-US","@id":"https:\/\/bbqentertainment.com\/toode\/ketsup-bloody-mary-250-ml-heimari-kokaklubi\/#primaryimage","url":"https:\/\/bbqentertainment.com\/wp-content\/uploads\/2025\/09\/Bloody-Mary-Heimari-Kokaklubi.jpg","contentUrl":"https:\/\/bbqentertainment.com\/wp-content\/uploads\/2025\/09\/Bloody-Mary-Heimari-Kokaklubi.jpg","width":1320,"height":1720},{"@type":"BreadcrumbList","@id":"https:\/\/bbqentertainment.com\/toode\/ketsup-bloody-mary-250-ml-heimari-kokaklubi\/#breadcrumb","itemListElement":[{"@type":"ListItem","position":1,"name":"AVALEHT","item":"https:\/\/bbqentertainment.com\/en\/"},{"@type":"ListItem","position":2,"name":"Tooted","item":"https:\/\/bbqentertainment.com\/tooted\/"},{"@type":"ListItem","position":3,"name":"Maitseandjad","item":"https:\/\/bbqentertainment.com\/en\/tootekategooria\/maitseandjad\/"},{"@type":"ListItem","position":4,"name":"Heimari Kokaklubi","item":"https:\/\/bbqentertainment.com\/tootekategooria\/maitseandjad\/heimari-kokaklubi\/"},{"@type":"ListItem","position":5,"name":"Ket\u0161up \u201cBLOODY MARY\u201d 250 ml, Heimari Kokaklubi"}]},{"@type":"WebSite","@id":"https:\/\/bbqentertainment.com\/#website","url":"https:\/\/bbqentertainment.com\/","name":"BBQ Entertainment","description":"BBQ is a great lifestyle, not just fun!","publisher":{"@id":"https:\/\/bbqentertainment.com\/#organization"},"potentialAction":[{"@type":"SearchAction","target":{"@type":"EntryPoint","urlTemplate":"https:\/\/bbqentertainment.com\/?s={search_term_string}"},"query-input":{"@type":"PropertyValueSpecification","valueRequired":true,"valueName":"search_term_string"}}],"inLanguage":"en-US"},{"@type":"Organization","@id":"https:\/\/bbqentertainment.com\/#organization","name":"BBQ Entertainment O\u00dc","url":"https:\/\/bbqentertainment.com\/","logo":{"@type":"ImageObject","inLanguage":"en-US","@id":"https:\/\/bbqentertainment.com\/#\/schema\/logo\/image\/","url":"https:\/\/bbqentertainment.com\/wp-content\/uploads\/2020\/04\/BBQ-Entertainment-N-Catering-Enn-Tobreluts-Logo.png","contentUrl":"https:\/\/bbqentertainment.com\/wp-content\/uploads\/2020\/04\/BBQ-Entertainment-N-Catering-Enn-Tobreluts-Logo.png","width":628,"height":266,"caption":"BBQ Entertainment O\u00dc"},"image":{"@id":"https:\/\/bbqentertainment.com\/#\/schema\/logo\/image\/"},"sameAs":["https:\/\/www.facebook.com\/BBQ-Entertainment-N-Catering-2437913376443540","https:\/\/www.instagram.com\/bbqentertainmentncatering\/","https:\/\/www.youtube.com\/channel\/UCmpuANQVhLy2Md8nrenp2jA"]}]}},"_links":{"self":[{"href":"https:\/\/bbqentertainment.com\/en\/wp-json\/wp\/v2\/product\/254687","targetHints":{"allow":["GET"]}}],"collection":[{"href":"https:\/\/bbqentertainment.com\/en\/wp-json\/wp\/v2\/product"}],"about":[{"href":"https:\/\/bbqentertainment.com\/en\/wp-json\/wp\/v2\/types\/product"}],"wp:featuredmedia":[{"embeddable":true,"href":"https:\/\/bbqentertainment.com\/en\/wp-json\/wp\/v2\/media\/254688"}],"wp:attachment":[{"href":"https:\/\/bbqentertainment.com\/en\/wp-json\/wp\/v2\/media?parent=254687"}],"wp:term":[{"taxonomy":"product_brand","embeddable":true,"href":"https:\/\/bbqentertainment.com\/en\/wp-json\/wp\/v2\/product_brand?post=254687"},{"taxonomy":"product_cat","embeddable":true,"href":"https:\/\/bbqentertainment.com\/en\/wp-json\/wp\/v2\/product_cat?post=254687"},{"taxonomy":"product_tag","embeddable":true,"href":"https:\/\/bbqentertainment.com\/en\/wp-json\/wp\/v2\/product_tag?post=254687"}],"curies":[{"name":"wp","href":"https:\/\/api.w.org\/{rel}","templated":true}]}}