{"id":254716,"date":"2025-10-01T15:55:58","date_gmt":"2025-10-01T12:55:58","guid":{"rendered":"https:\/\/bbqentertainment.com\/?post_type=product&#038;p=254716"},"modified":"2025-10-01T17:05:26","modified_gmt":"2025-10-01T14:05:26","slug":"borniak-bbdsw-150-inox-wifi-taisautomaatne-digitaaljuhtimisega-suitsuahi-roostevaba-korpusega-uus-mudel","status":"publish","type":"product","link":"https:\/\/bbqentertainment.com\/en\/toode\/borniak-bbdsw-150-inox-wifi-taisautomaatne-digitaaljuhtimisega-suitsuahi-roostevaba-korpusega-uus-mudel\/","title":{"rendered":"Borniak BBDSW-150 INOX WiFi t\u00e4isautomaatne digitaaljuhtimisega suitsuahi roostevaba korpusega UUS MUDEL"},"content":{"rendered":"<h3 style=\"font-weight: 400\"><strong>Borniak \u2013 kvaliteetne ja kasutajas\u00f5bralik suitsuahi<\/strong><\/h3>\n<p style=\"font-weight: 400\">Borniak on Poolas tegutsev tootja, kelle elektrilised suitsuahjud on hinnatud lihtsuse, vastupidavuse ja stabiilse temperatuuri poolest. Seadmete ehitus ja funktsionaalsus teevad suitsutamise hallatavaks ka kodustes tingimustes \u2013 sobivad h\u00e4sti nii esimeseks katsetuseks kui igan\u00e4dalaseks kasutuseks.<\/p>\n<p style=\"font-weight: 400\">K\u00f5ik Borniaki mudelid:<\/p>\n<ul>\n<li>t\u00f6\u00f6tavad elektri ja hakkepuidu kombinatsioonil,<\/li>\n<li>kasutavad automaatset suitsugeneraatorit,<\/li>\n<li>v\u00f5imaldavad t\u00e4pset temperatuuri reguleerimist,<\/li>\n<li>on valmistatud vastupidavast tsinkalumiiniumist v\u00f5i roostevabast terasest,<\/li>\n<li>ja on h\u00e4sti isoleeritud, et v\u00e4hendada soojakadu.<\/li>\n<\/ul>\n<p style=\"font-weight: 400\">Ahjud ei vaja pidevat j\u00e4relevalvet \u2013 piisab temperatuuri seadistamisest ja hakkepuidu lisamisest. Spiraalajamiga generaator toidab kuumusele vajaliku koguse hakkepuitu automaatselt. K\u00f5ik see muudab suitsutamise sujuvaks ja korratavaks protsessiks.<\/p>\n<p style=\"font-weight: 400\"><strong>Kuidas valida?<\/strong><\/p>\n<ul>\n<li data-start=\"872\" data-end=\"941\"><strong data-start=\"872\" data-end=\"881\">UW-70<\/strong>\u2013 sobib, kui suitsutad aeg-ajalt ja vajad lihtsat masinat<\/li>\n<li data-start=\"944\" data-end=\"1029\"><strong data-start=\"944\" data-end=\"966\">UWDW-70 \/ BBDSW-70<\/strong>\u2013 roostevabad nutimudelid WiFi ja sisetemperatuuri sondidega<\/li>\n<li data-start=\"1032\" data-end=\"1098\"><strong data-start=\"1032\" data-end=\"1044\">UWDW-150<\/strong>\u2013 suure mahuga versioon WiFi ja nutifunktsioonidega<\/li>\n<li data-start=\"1101\" data-end=\"1169\"><strong data-start=\"1101\" data-end=\"1114\">BBDSW-150<\/strong>\u2013 sarnane BBDSW-70-le, aga suurema mahuga ja v\u00f5imsam<\/li>\n<li data-start=\"1172\" data-end=\"1253\"><strong data-start=\"1172\" data-end=\"1183\">UWD-150<\/strong>\/\u00a0<strong data-start=\"1186\" data-end=\"1198\">UWDT-150<\/strong>\u00a0\u2013 suured mahutavusega mudelid jahi- v\u00f5i kalameestele<\/li>\n<li data-start=\"1256\" data-end=\"1334\"><strong data-start=\"1256\" data-end=\"1283\">BBDS-70 \/ BBDS-70 Timer<\/strong>\u2013 m\u00f5eldud ka BBQ-liha valmistamiseks kuni 150 \u00b0C<\/li>\n<\/ul>\n<p style=\"font-weight: 400\">K\u00f5ik mudelid v\u00f5imaldavad ka k\u00fclmsuitsutamist vastava lisatarvikuga.<\/p>\n<h4 data-start=\"1108\" data-end=\"1132\"><strong>Mudelid ja erinevused<\/strong><\/h4>\n<div class=\"_tableContainer_1rjym_1\">\n<div class=\"_tableWrapper_1rjym_13 group flex w-fit flex-col-reverse\">\n<table style=\"height: 139px\" width=\"1027\">\n<thead>\n<tr>\n<th>M\u00f5\u00f5t \/ omadus<\/th>\n<th>UW-70<\/th>\n<th>UWDW-70 \/ BBDSW-70<\/th>\n<th>UWDW-150<\/th>\n<th>BBDSW-150<\/th>\n<th>UWD-150 \/ UWDT-150<\/th>\n<th>BBDS-70 \/ BBDS-70 Timer<\/th>\n<\/tr>\n<\/thead>\n<tbody>\n<tr>\n<td><strong>Mahutavus (L) \/ maks kg<\/strong><\/td>\n<td>70 L \/ 10 kg<\/td>\n<td>70 L \/ 10 kg<\/td>\n<td>150 L \/ 20 kg<\/td>\n<td>150 L \/ 20 kg<\/td>\n<td>150 L \/ 20 kg<\/td>\n<td>70 L \/ 10 kg<\/td>\n<\/tr>\n<tr>\n<td><strong>Maks temperatuur<\/strong><\/td>\n<td>120 \u00b0C<\/td>\n<td>150 \u00b0C<\/td>\n<td>150 \u00b0C<\/td>\n<td>150 \u00b0C<\/td>\n<td>150 \u00b0C<\/td>\n<td>150 \u00b0C<\/td>\n<\/tr>\n<tr>\n<td><strong>V\u00f5imsus<\/strong><\/td>\n<td>~500 W<\/td>\n<td>~1115 W<\/td>\n<td>~2015 W<\/td>\n<td>~2015 W<\/td>\n<td>~1400\u20131500 W<\/td>\n<td>~1000 W<\/td>\n<\/tr>\n<tr>\n<td><strong>Juhtimine &amp; funktsioonid<\/strong><\/td>\n<td>digitaalne<\/td>\n<td>digitaalne + WiFi<\/td>\n<td>digitaalne + WiFi<\/td>\n<td>digitaalne + WiFi<\/td>\n<td>digitaalne + taimer<\/td>\n<td>digitaalne + taimer<\/td>\n<\/tr>\n<\/tbody>\n<\/table>\n<\/div>\n<\/div>\n","protected":false},"excerpt":{"rendered":"<h3 style=\"font-weight: 400\"><strong>Borniak BBDSW-150 INOX WiFi t\u00e4isautomaatne digitaaljuhtimisega suitsuahi roostevaba korpusega UUS MUDEL<\/strong><\/h3>\n<p style=\"font-weight: 400\">Borniaki uusim 150-liitrine suitsuahi \u00fchendab traditsioonilise suitsutamise ja kaasaegse tehnoloogia. Roostevabast terasest valmistatud seade on vastupidav ja h\u00fcgieeniline. Automaatne suitsugeneraator, elektrooniline juhtpaneel ning WiFi-\u00fchendus BorCooki rakendusega muudavad suitsutamise t\u00e4pseks, mugavaks ja t\u00e4ielikult kontrollitavaks. T\u00e4nu suurele mahule saab suitsutada korraga kuni 20 kg liha v\u00f5i kala.<\/p>\n<p style=\"font-weight: 400\" data-start=\"600\" data-end=\"614\"><strong data-start=\"600\" data-end=\"612\">Omadused<\/strong><\/p>\n<ul>\n<li data-start=\"617\" data-end=\"656\">Mahutavus: 150 l, kuni 20 kg koormust<\/li>\n<li data-start=\"659\" data-end=\"718\">Automaatne suitsugeneraator (kuni 7 tundi \u00fche t\u00e4itmisega)<\/li>\n<li data-start=\"721\" data-end=\"789\">Elektrooniline juhtpaneel t\u00e4pseks juhtimiseks ja energiat\u00f5hususeks<\/li>\n<li data-start=\"792\" data-end=\"818\">2 sisetemperatuuri sondi<\/li>\n<li data-start=\"821\" data-end=\"860\">Automaatne temperatuuri reguleerimine<\/li>\n<li data-start=\"863\" data-end=\"936\">BorCooki WiFi rakendus retseptide, programmide ja reaalajas juhtimisega<\/li>\n<li data-start=\"939\" data-end=\"976\">V\u00f5imalik kuum- ja k\u00fclmsuitsutamine*<\/li>\n<li data-start=\"979\" data-end=\"1033\">Suitsu tiheduse reguleerimine siibriga korstna kaudu<\/li>\n<li data-start=\"1036\" data-end=\"1094\">4 reguleeritava k\u00f5rgusega jalga (lisavarustusena rattad)<\/li>\n<\/ul>\n<p style=\"font-weight: 400\" data-start=\"1096\" data-end=\"1133\">* K\u00fclmsuitsu adapter m\u00fc\u00fcgil eraldi<\/p>\n<p style=\"font-weight: 400\" data-start=\"1135\" data-end=\"1509\"><strong data-start=\"1135\" data-end=\"1149\">Komplektis<\/strong><br data-start=\"1149\" data-end=\"1152\" \/>Suitsuahi, juhtpaneel, suitsugeneraator, 3 riputusvarrast, tilgaalus, 4 reguleeritavat jalga, 2 vee- ja rasvakorje kaussi, 2 k\u00e4epidet t\u00f5stmiseks, ukselink, siibriga korsten, suitsugeneraatori kaas, tilgaalus korstna all, 2 toitejuhet, pikendusjuhe suitsugeneraatori \u00fchendamiseks, 5 \u00d7 2 l hakkepuitu, 1 rest, 10 konksu, BBQ-kauss, 2 sisetemperatuuri sondi.<\/p>\n<p style=\"font-weight: 400\" data-start=\"1511\" data-end=\"1535\"><strong data-start=\"1511\" data-end=\"1533\">Spetsifikatsioonid<\/strong><\/p>\n<ul>\n<li data-start=\"1538\" data-end=\"1587\">V\u00e4lismaterjal: harjatud roostevaba teras 1.4016<\/li>\n<li data-start=\"1590\" data-end=\"1629\">Sisematerjal: roostevaba teras 1.4016<\/li>\n<li data-start=\"1632\" data-end=\"1650\">Nimipinge: 230 V<\/li>\n<li data-start=\"1653\" data-end=\"1670\">V\u00f5imsus: 2015 W<\/li>\n<li data-start=\"1673\" data-end=\"1699\">T\u00f6\u00f6temperatuur: 0\u2013150 \u00b0C<\/li>\n<li data-start=\"1702\" data-end=\"1753\">Restide arv: 7 (kaasas 1, \u00fclej\u00e4\u00e4nud lisavarustus)<\/li>\n<li data-start=\"1756\" data-end=\"1784\">Maksimaalne koormus: 20 kg<\/li>\n<li data-start=\"1787\" data-end=\"1825\">Kambri maht: 150 l (42 \u00d7 49 \u00d7 71 cm)<\/li>\n<li data-start=\"1828\" data-end=\"1855\">M\u00f5\u00f5tmed: 52 \u00d7 71 \u00d7 115 cm<\/li>\n<li data-start=\"1858\" data-end=\"1871\">Kaal: 38 kg<\/li>\n<\/ul>\n<p style=\"font-weight: 400\">\n","protected":false},"featured_media":254717,"template":"","meta":{"inline_featured_image":false},"product_brand":[],"product_cat":[17,650],"product_tag":[],"class_list":{"0":"post-254716","1":"product","2":"type-product","3":"status-publish","4":"has-post-thumbnail","6":"product_cat-grillid-ja-ahjud","7":"product_cat-suitsuahjud","8":"product_shipping_class-ainult-ise-jarele-tulemisega","10":"first","11":"instock","12":"taxable","13":"shipping-taxable","14":"purchasable","15":"product-type-simple"},"yoast_head":"<!-- This site is optimized with the Yoast SEO plugin v27.4 - https:\/\/yoast.com\/product\/yoast-seo-wordpress\/ -->\n<title>Borniak BBDSW-150 INOX WiFi t\u00e4isautomaatne digitaaljuhtimisega suitsuahi roostevaba korpusega UUS MUDEL - BBQ Entertainment<\/title>\n<meta name=\"robots\" content=\"index, follow, max-snippet:-1, max-image-preview:large, max-video-preview:-1\" \/>\n<link rel=\"canonical\" href=\"https:\/\/bbqentertainment.com\/toode\/borniak-bbdsw-150-inox-wifi-taisautomaatne-digitaaljuhtimisega-suitsuahi-roostevaba-korpusega-uus-mudel\/\" \/>\n<meta property=\"og:locale\" content=\"en_US\" \/>\n<meta property=\"og:type\" content=\"article\" \/>\n<meta property=\"og:title\" content=\"Borniak BBDSW-150 INOX WiFi t\u00e4isautomaatne digitaaljuhtimisega suitsuahi roostevaba korpusega UUS MUDEL - BBQ Entertainment\" \/>\n<meta property=\"og:description\" content=\"Borniak BBDSW-150 INOX WiFi t\u00e4isautomaatne digitaaljuhtimisega suitsuahi roostevaba korpusega UUS MUDEL Borniaki uusim 150-liitrine suitsuahi \u00fchendab traditsioonilise suitsutamise ja kaasaegse tehnoloogia. Roostevabast terasest valmistatud seade on vastupidav ja h\u00fcgieeniline. Automaatne suitsugeneraator, elektrooniline juhtpaneel ning WiFi-\u00fchendus BorCooki rakendusega muudavad suitsutamise t\u00e4pseks, mugavaks ja t\u00e4ielikult kontrollitavaks. T\u00e4nu suurele mahule saab suitsutada korraga kuni 20 kg liha v\u00f5i kala. Omadused    Mahutavus: 150 l, kuni 20 kg koormust  Automaatne suitsugeneraator (kuni 7 tundi \u00fche t\u00e4itmisega)  Elektrooniline juhtpaneel t\u00e4pseks juhtimiseks ja energiat\u00f5hususeks  2 sisetemperatuuri sondi  Automaatne temperatuuri reguleerimine  BorCooki WiFi rakendus retseptide, programmide ja reaalajas juhtimisega  V\u00f5imalik kuum- ja k\u00fclmsuitsutamine*  Suitsu tiheduse reguleerimine siibriga korstna kaudu  4 reguleeritava k\u00f5rgusega jalga (lisavarustusena rattad)  * K\u00fclmsuitsu adapter m\u00fc\u00fcgil eraldi KomplektisSuitsuahi, juhtpaneel, suitsugeneraator, 3 riputusvarrast, tilgaalus, 4 reguleeritavat jalga, 2 vee- ja rasvakorje kaussi, 2 k\u00e4epidet t\u00f5stmiseks, ukselink, siibriga korsten, suitsugeneraatori kaas, tilgaalus korstna all, 2 toitejuhet, pikendusjuhe suitsugeneraatori \u00fchendamiseks, 5 \u00d7 2 l hakkepuitu, 1 rest, 10 konksu, BBQ-kauss, 2 sisetemperatuuri sondi. Spetsifikatsioonid    V\u00e4lismaterjal: harjatud roostevaba teras 1.4016  Sisematerjal: roostevaba teras 1.4016  Nimipinge: 230 V  V\u00f5imsus: 2015 W  T\u00f6\u00f6temperatuur: 0\u2013150 \u00b0C  Restide arv: 7 (kaasas 1, \u00fclej\u00e4\u00e4nud lisavarustus)  Maksimaalne koormus: 20 kg  Kambri maht: 150 l (42 \u00d7 49 \u00d7 71 cm)  M\u00f5\u00f5tmed: 52 \u00d7 71 \u00d7 115 cm  Kaal: 38 kg\" \/>\n<meta property=\"og:url\" content=\"https:\/\/bbqentertainment.com\/toode\/borniak-bbdsw-150-inox-wifi-taisautomaatne-digitaaljuhtimisega-suitsuahi-roostevaba-korpusega-uus-mudel\/\" \/>\n<meta property=\"og:site_name\" content=\"BBQ Entertainment\" \/>\n<meta property=\"article:publisher\" content=\"https:\/\/www.facebook.com\/BBQ-Entertainment-N-Catering-2437913376443540\" \/>\n<meta property=\"article:modified_time\" content=\"2025-10-01T14:05:26+00:00\" \/>\n<meta property=\"og:image\" content=\"https:\/\/bbqentertainment.com\/wp-content\/uploads\/2025\/10\/Borniak-BBDSW-150-suitsuahi.png\" \/>\n\t<meta property=\"og:image:width\" content=\"300\" \/>\n\t<meta property=\"og:image:height\" content=\"300\" \/>\n\t<meta property=\"og:image:type\" content=\"image\/png\" \/>\n<meta name=\"twitter:card\" content=\"summary_large_image\" \/>\n<meta name=\"twitter:label1\" content=\"Est. reading time\" \/>\n\t<meta name=\"twitter:data1\" content=\"2 minutes\" \/>\n<script type=\"application\/ld+json\" class=\"yoast-schema-graph\">{\"@context\":\"https:\\\/\\\/schema.org\",\"@graph\":[{\"@type\":[\"WebPage\",\"ItemPage\"],\"@id\":\"https:\\\/\\\/bbqentertainment.com\\\/toode\\\/borniak-bbdsw-150-inox-wifi-taisautomaatne-digitaaljuhtimisega-suitsuahi-roostevaba-korpusega-uus-mudel\\\/\",\"url\":\"https:\\\/\\\/bbqentertainment.com\\\/toode\\\/borniak-bbdsw-150-inox-wifi-taisautomaatne-digitaaljuhtimisega-suitsuahi-roostevaba-korpusega-uus-mudel\\\/\",\"name\":\"Borniak BBDSW-150 INOX WiFi t\u00e4isautomaatne digitaaljuhtimisega suitsuahi roostevaba korpusega UUS MUDEL - BBQ Entertainment\",\"isPartOf\":{\"@id\":\"https:\\\/\\\/bbqentertainment.com\\\/#website\"},\"primaryImageOfPage\":{\"@id\":\"https:\\\/\\\/bbqentertainment.com\\\/toode\\\/borniak-bbdsw-150-inox-wifi-taisautomaatne-digitaaljuhtimisega-suitsuahi-roostevaba-korpusega-uus-mudel\\\/#primaryimage\"},\"image\":{\"@id\":\"https:\\\/\\\/bbqentertainment.com\\\/toode\\\/borniak-bbdsw-150-inox-wifi-taisautomaatne-digitaaljuhtimisega-suitsuahi-roostevaba-korpusega-uus-mudel\\\/#primaryimage\"},\"thumbnailUrl\":\"https:\\\/\\\/bbqentertainment.com\\\/wp-content\\\/uploads\\\/2025\\\/10\\\/Borniak-BBDSW-150-suitsuahi.png\",\"datePublished\":\"2025-10-01T12:55:58+00:00\",\"dateModified\":\"2025-10-01T14:05:26+00:00\",\"breadcrumb\":{\"@id\":\"https:\\\/\\\/bbqentertainment.com\\\/toode\\\/borniak-bbdsw-150-inox-wifi-taisautomaatne-digitaaljuhtimisega-suitsuahi-roostevaba-korpusega-uus-mudel\\\/#breadcrumb\"},\"inLanguage\":\"en-US\",\"potentialAction\":[{\"@type\":\"ReadAction\",\"target\":[\"https:\\\/\\\/bbqentertainment.com\\\/toode\\\/borniak-bbdsw-150-inox-wifi-taisautomaatne-digitaaljuhtimisega-suitsuahi-roostevaba-korpusega-uus-mudel\\\/\"]}]},{\"@type\":\"ImageObject\",\"inLanguage\":\"en-US\",\"@id\":\"https:\\\/\\\/bbqentertainment.com\\\/toode\\\/borniak-bbdsw-150-inox-wifi-taisautomaatne-digitaaljuhtimisega-suitsuahi-roostevaba-korpusega-uus-mudel\\\/#primaryimage\",\"url\":\"https:\\\/\\\/bbqentertainment.com\\\/wp-content\\\/uploads\\\/2025\\\/10\\\/Borniak-BBDSW-150-suitsuahi.png\",\"contentUrl\":\"https:\\\/\\\/bbqentertainment.com\\\/wp-content\\\/uploads\\\/2025\\\/10\\\/Borniak-BBDSW-150-suitsuahi.png\",\"width\":300,\"height\":300},{\"@type\":\"BreadcrumbList\",\"@id\":\"https:\\\/\\\/bbqentertainment.com\\\/toode\\\/borniak-bbdsw-150-inox-wifi-taisautomaatne-digitaaljuhtimisega-suitsuahi-roostevaba-korpusega-uus-mudel\\\/#breadcrumb\",\"itemListElement\":[{\"@type\":\"ListItem\",\"position\":1,\"name\":\"AVALEHT\",\"item\":\"https:\\\/\\\/bbqentertainment.com\\\/en\\\/\"},{\"@type\":\"ListItem\",\"position\":2,\"name\":\"Tooted\",\"item\":\"https:\\\/\\\/bbqentertainment.com\\\/tooted\\\/\"},{\"@type\":\"ListItem\",\"position\":3,\"name\":\"Grillid ja ahjud\",\"item\":\"https:\\\/\\\/bbqentertainment.com\\\/tootekategooria\\\/grillid-ja-ahjud\\\/\"},{\"@type\":\"ListItem\",\"position\":4,\"name\":\"Suitsuahjud\",\"item\":\"https:\\\/\\\/bbqentertainment.com\\\/tootekategooria\\\/grillid-ja-ahjud\\\/suitsuahjud\\\/\"},{\"@type\":\"ListItem\",\"position\":5,\"name\":\"Borniak BBDSW-150 INOX WiFi t\u00e4isautomaatne digitaaljuhtimisega suitsuahi roostevaba korpusega UUS MUDEL\"}]},{\"@type\":\"WebSite\",\"@id\":\"https:\\\/\\\/bbqentertainment.com\\\/#website\",\"url\":\"https:\\\/\\\/bbqentertainment.com\\\/\",\"name\":\"BBQ Entertainment\",\"description\":\"BBQ is a great lifestyle, not just fun!\",\"publisher\":{\"@id\":\"https:\\\/\\\/bbqentertainment.com\\\/#organization\"},\"potentialAction\":[{\"@type\":\"SearchAction\",\"target\":{\"@type\":\"EntryPoint\",\"urlTemplate\":\"https:\\\/\\\/bbqentertainment.com\\\/?s={search_term_string}\"},\"query-input\":{\"@type\":\"PropertyValueSpecification\",\"valueRequired\":true,\"valueName\":\"search_term_string\"}}],\"inLanguage\":\"en-US\"},{\"@type\":\"Organization\",\"@id\":\"https:\\\/\\\/bbqentertainment.com\\\/#organization\",\"name\":\"BBQ Entertainment O\u00dc\",\"url\":\"https:\\\/\\\/bbqentertainment.com\\\/\",\"logo\":{\"@type\":\"ImageObject\",\"inLanguage\":\"en-US\",\"@id\":\"https:\\\/\\\/bbqentertainment.com\\\/#\\\/schema\\\/logo\\\/image\\\/\",\"url\":\"https:\\\/\\\/bbqentertainment.com\\\/wp-content\\\/uploads\\\/2020\\\/04\\\/BBQ-Entertainment-N-Catering-Enn-Tobreluts-Logo.png\",\"contentUrl\":\"https:\\\/\\\/bbqentertainment.com\\\/wp-content\\\/uploads\\\/2020\\\/04\\\/BBQ-Entertainment-N-Catering-Enn-Tobreluts-Logo.png\",\"width\":628,\"height\":266,\"caption\":\"BBQ Entertainment O\u00dc\"},\"image\":{\"@id\":\"https:\\\/\\\/bbqentertainment.com\\\/#\\\/schema\\\/logo\\\/image\\\/\"},\"sameAs\":[\"https:\\\/\\\/www.facebook.com\\\/BBQ-Entertainment-N-Catering-2437913376443540\",\"https:\\\/\\\/www.instagram.com\\\/bbqentertainmentncatering\\\/\",\"https:\\\/\\\/www.youtube.com\\\/channel\\\/UCmpuANQVhLy2Md8nrenp2jA\"]}]}<\/script>\n<!-- \/ Yoast SEO plugin. -->","yoast_head_json":{"title":"Borniak BBDSW-150 INOX WiFi t\u00e4isautomaatne digitaaljuhtimisega suitsuahi roostevaba korpusega UUS MUDEL - BBQ Entertainment","robots":{"index":"index","follow":"follow","max-snippet":"max-snippet:-1","max-image-preview":"max-image-preview:large","max-video-preview":"max-video-preview:-1"},"canonical":"https:\/\/bbqentertainment.com\/toode\/borniak-bbdsw-150-inox-wifi-taisautomaatne-digitaaljuhtimisega-suitsuahi-roostevaba-korpusega-uus-mudel\/","og_locale":"en_US","og_type":"article","og_title":"Borniak BBDSW-150 INOX WiFi t\u00e4isautomaatne digitaaljuhtimisega suitsuahi roostevaba korpusega UUS MUDEL - BBQ Entertainment","og_description":"Borniak BBDSW-150 INOX WiFi t\u00e4isautomaatne digitaaljuhtimisega suitsuahi roostevaba korpusega UUS MUDEL Borniaki uusim 150-liitrine suitsuahi \u00fchendab traditsioonilise suitsutamise ja kaasaegse tehnoloogia. Roostevabast terasest valmistatud seade on vastupidav ja h\u00fcgieeniline. Automaatne suitsugeneraator, elektrooniline juhtpaneel ning WiFi-\u00fchendus BorCooki rakendusega muudavad suitsutamise t\u00e4pseks, mugavaks ja t\u00e4ielikult kontrollitavaks. T\u00e4nu suurele mahule saab suitsutada korraga kuni 20 kg liha v\u00f5i kala. Omadused    Mahutavus: 150 l, kuni 20 kg koormust  Automaatne suitsugeneraator (kuni 7 tundi \u00fche t\u00e4itmisega)  Elektrooniline juhtpaneel t\u00e4pseks juhtimiseks ja energiat\u00f5hususeks  2 sisetemperatuuri sondi  Automaatne temperatuuri reguleerimine  BorCooki WiFi rakendus retseptide, programmide ja reaalajas juhtimisega  V\u00f5imalik kuum- ja k\u00fclmsuitsutamine*  Suitsu tiheduse reguleerimine siibriga korstna kaudu  4 reguleeritava k\u00f5rgusega jalga (lisavarustusena rattad)  * K\u00fclmsuitsu adapter m\u00fc\u00fcgil eraldi KomplektisSuitsuahi, juhtpaneel, suitsugeneraator, 3 riputusvarrast, tilgaalus, 4 reguleeritavat jalga, 2 vee- ja rasvakorje kaussi, 2 k\u00e4epidet t\u00f5stmiseks, ukselink, siibriga korsten, suitsugeneraatori kaas, tilgaalus korstna all, 2 toitejuhet, pikendusjuhe suitsugeneraatori \u00fchendamiseks, 5 \u00d7 2 l hakkepuitu, 1 rest, 10 konksu, BBQ-kauss, 2 sisetemperatuuri sondi. Spetsifikatsioonid    V\u00e4lismaterjal: harjatud roostevaba teras 1.4016  Sisematerjal: roostevaba teras 1.4016  Nimipinge: 230 V  V\u00f5imsus: 2015 W  T\u00f6\u00f6temperatuur: 0\u2013150 \u00b0C  Restide arv: 7 (kaasas 1, \u00fclej\u00e4\u00e4nud lisavarustus)  Maksimaalne koormus: 20 kg  Kambri maht: 150 l (42 \u00d7 49 \u00d7 71 cm)  M\u00f5\u00f5tmed: 52 \u00d7 71 \u00d7 115 cm  Kaal: 38 kg","og_url":"https:\/\/bbqentertainment.com\/toode\/borniak-bbdsw-150-inox-wifi-taisautomaatne-digitaaljuhtimisega-suitsuahi-roostevaba-korpusega-uus-mudel\/","og_site_name":"BBQ Entertainment","article_publisher":"https:\/\/www.facebook.com\/BBQ-Entertainment-N-Catering-2437913376443540","article_modified_time":"2025-10-01T14:05:26+00:00","og_image":[{"width":300,"height":300,"url":"https:\/\/bbqentertainment.com\/wp-content\/uploads\/2025\/10\/Borniak-BBDSW-150-suitsuahi.png","type":"image\/png"}],"twitter_card":"summary_large_image","twitter_misc":{"Est. reading time":"2 minutes"},"schema":{"@context":"https:\/\/schema.org","@graph":[{"@type":["WebPage","ItemPage"],"@id":"https:\/\/bbqentertainment.com\/toode\/borniak-bbdsw-150-inox-wifi-taisautomaatne-digitaaljuhtimisega-suitsuahi-roostevaba-korpusega-uus-mudel\/","url":"https:\/\/bbqentertainment.com\/toode\/borniak-bbdsw-150-inox-wifi-taisautomaatne-digitaaljuhtimisega-suitsuahi-roostevaba-korpusega-uus-mudel\/","name":"Borniak BBDSW-150 INOX WiFi t\u00e4isautomaatne digitaaljuhtimisega suitsuahi roostevaba korpusega UUS MUDEL - BBQ Entertainment","isPartOf":{"@id":"https:\/\/bbqentertainment.com\/#website"},"primaryImageOfPage":{"@id":"https:\/\/bbqentertainment.com\/toode\/borniak-bbdsw-150-inox-wifi-taisautomaatne-digitaaljuhtimisega-suitsuahi-roostevaba-korpusega-uus-mudel\/#primaryimage"},"image":{"@id":"https:\/\/bbqentertainment.com\/toode\/borniak-bbdsw-150-inox-wifi-taisautomaatne-digitaaljuhtimisega-suitsuahi-roostevaba-korpusega-uus-mudel\/#primaryimage"},"thumbnailUrl":"https:\/\/bbqentertainment.com\/wp-content\/uploads\/2025\/10\/Borniak-BBDSW-150-suitsuahi.png","datePublished":"2025-10-01T12:55:58+00:00","dateModified":"2025-10-01T14:05:26+00:00","breadcrumb":{"@id":"https:\/\/bbqentertainment.com\/toode\/borniak-bbdsw-150-inox-wifi-taisautomaatne-digitaaljuhtimisega-suitsuahi-roostevaba-korpusega-uus-mudel\/#breadcrumb"},"inLanguage":"en-US","potentialAction":[{"@type":"ReadAction","target":["https:\/\/bbqentertainment.com\/toode\/borniak-bbdsw-150-inox-wifi-taisautomaatne-digitaaljuhtimisega-suitsuahi-roostevaba-korpusega-uus-mudel\/"]}]},{"@type":"ImageObject","inLanguage":"en-US","@id":"https:\/\/bbqentertainment.com\/toode\/borniak-bbdsw-150-inox-wifi-taisautomaatne-digitaaljuhtimisega-suitsuahi-roostevaba-korpusega-uus-mudel\/#primaryimage","url":"https:\/\/bbqentertainment.com\/wp-content\/uploads\/2025\/10\/Borniak-BBDSW-150-suitsuahi.png","contentUrl":"https:\/\/bbqentertainment.com\/wp-content\/uploads\/2025\/10\/Borniak-BBDSW-150-suitsuahi.png","width":300,"height":300},{"@type":"BreadcrumbList","@id":"https:\/\/bbqentertainment.com\/toode\/borniak-bbdsw-150-inox-wifi-taisautomaatne-digitaaljuhtimisega-suitsuahi-roostevaba-korpusega-uus-mudel\/#breadcrumb","itemListElement":[{"@type":"ListItem","position":1,"name":"AVALEHT","item":"https:\/\/bbqentertainment.com\/en\/"},{"@type":"ListItem","position":2,"name":"Tooted","item":"https:\/\/bbqentertainment.com\/tooted\/"},{"@type":"ListItem","position":3,"name":"Grillid ja ahjud","item":"https:\/\/bbqentertainment.com\/tootekategooria\/grillid-ja-ahjud\/"},{"@type":"ListItem","position":4,"name":"Suitsuahjud","item":"https:\/\/bbqentertainment.com\/tootekategooria\/grillid-ja-ahjud\/suitsuahjud\/"},{"@type":"ListItem","position":5,"name":"Borniak BBDSW-150 INOX WiFi t\u00e4isautomaatne digitaaljuhtimisega suitsuahi roostevaba korpusega UUS MUDEL"}]},{"@type":"WebSite","@id":"https:\/\/bbqentertainment.com\/#website","url":"https:\/\/bbqentertainment.com\/","name":"BBQ Entertainment","description":"BBQ is a great lifestyle, not just fun!","publisher":{"@id":"https:\/\/bbqentertainment.com\/#organization"},"potentialAction":[{"@type":"SearchAction","target":{"@type":"EntryPoint","urlTemplate":"https:\/\/bbqentertainment.com\/?s={search_term_string}"},"query-input":{"@type":"PropertyValueSpecification","valueRequired":true,"valueName":"search_term_string"}}],"inLanguage":"en-US"},{"@type":"Organization","@id":"https:\/\/bbqentertainment.com\/#organization","name":"BBQ Entertainment O\u00dc","url":"https:\/\/bbqentertainment.com\/","logo":{"@type":"ImageObject","inLanguage":"en-US","@id":"https:\/\/bbqentertainment.com\/#\/schema\/logo\/image\/","url":"https:\/\/bbqentertainment.com\/wp-content\/uploads\/2020\/04\/BBQ-Entertainment-N-Catering-Enn-Tobreluts-Logo.png","contentUrl":"https:\/\/bbqentertainment.com\/wp-content\/uploads\/2020\/04\/BBQ-Entertainment-N-Catering-Enn-Tobreluts-Logo.png","width":628,"height":266,"caption":"BBQ Entertainment O\u00dc"},"image":{"@id":"https:\/\/bbqentertainment.com\/#\/schema\/logo\/image\/"},"sameAs":["https:\/\/www.facebook.com\/BBQ-Entertainment-N-Catering-2437913376443540","https:\/\/www.instagram.com\/bbqentertainmentncatering\/","https:\/\/www.youtube.com\/channel\/UCmpuANQVhLy2Md8nrenp2jA"]}]}},"_links":{"self":[{"href":"https:\/\/bbqentertainment.com\/en\/wp-json\/wp\/v2\/product\/254716","targetHints":{"allow":["GET"]}}],"collection":[{"href":"https:\/\/bbqentertainment.com\/en\/wp-json\/wp\/v2\/product"}],"about":[{"href":"https:\/\/bbqentertainment.com\/en\/wp-json\/wp\/v2\/types\/product"}],"wp:featuredmedia":[{"embeddable":true,"href":"https:\/\/bbqentertainment.com\/en\/wp-json\/wp\/v2\/media\/254717"}],"wp:attachment":[{"href":"https:\/\/bbqentertainment.com\/en\/wp-json\/wp\/v2\/media?parent=254716"}],"wp:term":[{"taxonomy":"product_brand","embeddable":true,"href":"https:\/\/bbqentertainment.com\/en\/wp-json\/wp\/v2\/product_brand?post=254716"},{"taxonomy":"product_cat","embeddable":true,"href":"https:\/\/bbqentertainment.com\/en\/wp-json\/wp\/v2\/product_cat?post=254716"},{"taxonomy":"product_tag","embeddable":true,"href":"https:\/\/bbqentertainment.com\/en\/wp-json\/wp\/v2\/product_tag?post=254716"}],"curies":[{"name":"wp","href":"https:\/\/api.w.org\/{rel}","templated":true}]}}