{"id":254732,"date":"2025-10-07T14:12:02","date_gmt":"2025-10-07T11:12:02","guid":{"rendered":"https:\/\/bbqentertainment.com\/?post_type=product&#038;p=254732"},"modified":"2026-01-10T19:37:33","modified_gmt":"2026-01-10T17:37:33","slug":"joesephs-gift-box-salted-caramel-festive-cracker-85g","status":"publish","type":"product","link":"https:\/\/bbqentertainment.com\/en\/toode\/joesephs-gift-box-salted-caramel-festive-cracker-85g\/","title":{"rendered":"Joe&amp;Seph\u2019s GIFT BOX &#8211; Salted Caramel Festive Cracker 85g"},"content":{"rendered":"","protected":false},"excerpt":{"rendered":"<h3><strong>Joe&amp;Seph\u2019s GIFT BOX &#8211; Salted Caramel Festive Cracker 85g<\/strong><\/h3>\n<p data-start=\"142\" data-end=\"468\">Salted Caramel Cracker kinkekarp on maitsekas kingitus k\u00f5igile popkorniarmastajatele. Karbi kujundusel on kujutatud Joe, kes toob rattal j\u00f5ulur\u00f5\u00f5mu, ja selle seest leiab suure paki k\u00e4sitsi valmistatud soolakaramelli popkorni. Popkorn on valmistatud Londonis, kasutades Briti meresoola helbeid ja ehtsat v\u00f5id.<\/p>\n<p data-start=\"669\" data-end=\"774\"><strong data-start=\"669\" data-end=\"699\">Koostisosad ja allergeenid<\/strong><br data-start=\"699\" data-end=\"702\" \/>Mais, suhkur, v\u00f5i (piim), maisisiirup, meresool.<\/p>\n<p data-start=\"669\" data-end=\"774\">Sisaldab: <strong data-start=\"763\" data-end=\"772\">piima<\/strong><\/p>\n<p data-start=\"776\" data-end=\"801\">\n","protected":false},"featured_media":254733,"template":"","meta":{"inline_featured_image":false},"product_brand":[],"product_cat":[28,512,301,32],"product_tag":[],"class_list":{"0":"post-254732","1":"product","2":"type-product","3":"status-publish","4":"has-post-thumbnail","6":"product_cat-maitseandjad","7":"product_cat-joesephs","8":"product_cat-kinkekarp","9":"product_cat-kinkekarbid","11":"first","12":"instock","13":"taxable","14":"shipping-taxable","15":"purchasable","16":"product-type-simple"},"yoast_head":"<!-- This site is optimized with the Yoast SEO plugin v27.4 - https:\/\/yoast.com\/product\/yoast-seo-wordpress\/ -->\n<title>Joe&amp;Seph\u2019s GIFT BOX - Salted Caramel Festive Cracker 85g - BBQ Entertainment<\/title>\n<meta name=\"robots\" content=\"index, follow, max-snippet:-1, max-image-preview:large, max-video-preview:-1\" \/>\n<link rel=\"canonical\" href=\"https:\/\/bbqentertainment.com\/toode\/joesephs-gift-box-salted-caramel-festive-cracker-85g\/\" \/>\n<meta property=\"og:locale\" content=\"en_US\" \/>\n<meta property=\"og:type\" content=\"article\" \/>\n<meta property=\"og:title\" content=\"Joe&amp;Seph\u2019s GIFT BOX - Salted Caramel Festive Cracker 85g - BBQ Entertainment\" \/>\n<meta property=\"og:description\" content=\"Joe&amp;Seph\u2019s GIFT BOX - Salted Caramel Festive Cracker 85g Salted Caramel Cracker kinkekarp on maitsekas kingitus k\u00f5igile popkorniarmastajatele. Karbi kujundusel on kujutatud Joe, kes toob rattal j\u00f5ulur\u00f5\u00f5mu, ja selle seest leiab suure paki k\u00e4sitsi valmistatud soolakaramelli popkorni. Popkorn on valmistatud Londonis, kasutades Briti meresoola helbeid ja ehtsat v\u00f5id. Koostisosad ja allergeenidMais, suhkur, v\u00f5i (piim), maisisiirup, meresool. Sisaldab: piima\" \/>\n<meta property=\"og:url\" content=\"https:\/\/bbqentertainment.com\/toode\/joesephs-gift-box-salted-caramel-festive-cracker-85g\/\" \/>\n<meta property=\"og:site_name\" content=\"BBQ Entertainment\" \/>\n<meta property=\"article:publisher\" content=\"https:\/\/www.facebook.com\/BBQ-Entertainment-N-Catering-2437913376443540\" \/>\n<meta property=\"article:modified_time\" content=\"2026-01-10T17:37:33+00:00\" \/>\n<meta property=\"og:image\" content=\"https:\/\/bbqentertainment.com\/wp-content\/uploads\/2025\/10\/DFF01701-1759514247.jpg\" \/>\n\t<meta property=\"og:image:width\" content=\"500\" \/>\n\t<meta property=\"og:image:height\" content=\"500\" \/>\n\t<meta property=\"og:image:type\" content=\"image\/jpeg\" \/>\n<meta name=\"twitter:card\" content=\"summary_large_image\" \/>\n<meta name=\"twitter:label1\" content=\"Est. reading time\" \/>\n\t<meta name=\"twitter:data1\" content=\"1 minute\" \/>\n<script type=\"application\/ld+json\" class=\"yoast-schema-graph\">{\"@context\":\"https:\\\/\\\/schema.org\",\"@graph\":[{\"@type\":[\"WebPage\",\"ItemPage\"],\"@id\":\"https:\\\/\\\/bbqentertainment.com\\\/toode\\\/joesephs-gift-box-salted-caramel-festive-cracker-85g\\\/\",\"url\":\"https:\\\/\\\/bbqentertainment.com\\\/toode\\\/joesephs-gift-box-salted-caramel-festive-cracker-85g\\\/\",\"name\":\"Joe&amp;Seph\u2019s GIFT BOX - Salted Caramel Festive Cracker 85g - BBQ Entertainment\",\"isPartOf\":{\"@id\":\"https:\\\/\\\/bbqentertainment.com\\\/#website\"},\"primaryImageOfPage\":{\"@id\":\"https:\\\/\\\/bbqentertainment.com\\\/toode\\\/joesephs-gift-box-salted-caramel-festive-cracker-85g\\\/#primaryimage\"},\"image\":{\"@id\":\"https:\\\/\\\/bbqentertainment.com\\\/toode\\\/joesephs-gift-box-salted-caramel-festive-cracker-85g\\\/#primaryimage\"},\"thumbnailUrl\":\"https:\\\/\\\/bbqentertainment.com\\\/wp-content\\\/uploads\\\/2025\\\/10\\\/DFF01701-1759514247.jpg\",\"datePublished\":\"2025-10-07T11:12:02+00:00\",\"dateModified\":\"2026-01-10T17:37:33+00:00\",\"breadcrumb\":{\"@id\":\"https:\\\/\\\/bbqentertainment.com\\\/toode\\\/joesephs-gift-box-salted-caramel-festive-cracker-85g\\\/#breadcrumb\"},\"inLanguage\":\"en-US\",\"potentialAction\":[{\"@type\":\"ReadAction\",\"target\":[\"https:\\\/\\\/bbqentertainment.com\\\/toode\\\/joesephs-gift-box-salted-caramel-festive-cracker-85g\\\/\"]}]},{\"@type\":\"ImageObject\",\"inLanguage\":\"en-US\",\"@id\":\"https:\\\/\\\/bbqentertainment.com\\\/toode\\\/joesephs-gift-box-salted-caramel-festive-cracker-85g\\\/#primaryimage\",\"url\":\"https:\\\/\\\/bbqentertainment.com\\\/wp-content\\\/uploads\\\/2025\\\/10\\\/DFF01701-1759514247.jpg\",\"contentUrl\":\"https:\\\/\\\/bbqentertainment.com\\\/wp-content\\\/uploads\\\/2025\\\/10\\\/DFF01701-1759514247.jpg\",\"width\":500,\"height\":500},{\"@type\":\"BreadcrumbList\",\"@id\":\"https:\\\/\\\/bbqentertainment.com\\\/toode\\\/joesephs-gift-box-salted-caramel-festive-cracker-85g\\\/#breadcrumb\",\"itemListElement\":[{\"@type\":\"ListItem\",\"position\":1,\"name\":\"AVALEHT\",\"item\":\"https:\\\/\\\/bbqentertainment.com\\\/en\\\/\"},{\"@type\":\"ListItem\",\"position\":2,\"name\":\"Tooted\",\"item\":\"https:\\\/\\\/bbqentertainment.com\\\/tooted\\\/\"},{\"@type\":\"ListItem\",\"position\":3,\"name\":\"Maitseandjad\",\"item\":\"https:\\\/\\\/bbqentertainment.com\\\/en\\\/tootekategooria\\\/maitseandjad\\\/\"},{\"@type\":\"ListItem\",\"position\":4,\"name\":\"JOE&amp;SEPH'S\",\"item\":\"https:\\\/\\\/bbqentertainment.com\\\/tootekategooria\\\/maitseandjad\\\/joesephs\\\/\"},{\"@type\":\"ListItem\",\"position\":5,\"name\":\"Joe&amp;Seph\u2019s GIFT BOX &#8211; Salted Caramel Festive Cracker 85g\"}]},{\"@type\":\"WebSite\",\"@id\":\"https:\\\/\\\/bbqentertainment.com\\\/#website\",\"url\":\"https:\\\/\\\/bbqentertainment.com\\\/\",\"name\":\"BBQ Entertainment\",\"description\":\"BBQ is a great lifestyle, not just fun!\",\"publisher\":{\"@id\":\"https:\\\/\\\/bbqentertainment.com\\\/#organization\"},\"potentialAction\":[{\"@type\":\"SearchAction\",\"target\":{\"@type\":\"EntryPoint\",\"urlTemplate\":\"https:\\\/\\\/bbqentertainment.com\\\/?s={search_term_string}\"},\"query-input\":{\"@type\":\"PropertyValueSpecification\",\"valueRequired\":true,\"valueName\":\"search_term_string\"}}],\"inLanguage\":\"en-US\"},{\"@type\":\"Organization\",\"@id\":\"https:\\\/\\\/bbqentertainment.com\\\/#organization\",\"name\":\"BBQ Entertainment O\u00dc\",\"url\":\"https:\\\/\\\/bbqentertainment.com\\\/\",\"logo\":{\"@type\":\"ImageObject\",\"inLanguage\":\"en-US\",\"@id\":\"https:\\\/\\\/bbqentertainment.com\\\/#\\\/schema\\\/logo\\\/image\\\/\",\"url\":\"https:\\\/\\\/bbqentertainment.com\\\/wp-content\\\/uploads\\\/2020\\\/04\\\/BBQ-Entertainment-N-Catering-Enn-Tobreluts-Logo.png\",\"contentUrl\":\"https:\\\/\\\/bbqentertainment.com\\\/wp-content\\\/uploads\\\/2020\\\/04\\\/BBQ-Entertainment-N-Catering-Enn-Tobreluts-Logo.png\",\"width\":628,\"height\":266,\"caption\":\"BBQ Entertainment O\u00dc\"},\"image\":{\"@id\":\"https:\\\/\\\/bbqentertainment.com\\\/#\\\/schema\\\/logo\\\/image\\\/\"},\"sameAs\":[\"https:\\\/\\\/www.facebook.com\\\/BBQ-Entertainment-N-Catering-2437913376443540\",\"https:\\\/\\\/www.instagram.com\\\/bbqentertainmentncatering\\\/\",\"https:\\\/\\\/www.youtube.com\\\/channel\\\/UCmpuANQVhLy2Md8nrenp2jA\"]}]}<\/script>\n<!-- \/ Yoast SEO plugin. -->","yoast_head_json":{"title":"Joe&amp;Seph\u2019s GIFT BOX - Salted Caramel Festive Cracker 85g - BBQ Entertainment","robots":{"index":"index","follow":"follow","max-snippet":"max-snippet:-1","max-image-preview":"max-image-preview:large","max-video-preview":"max-video-preview:-1"},"canonical":"https:\/\/bbqentertainment.com\/toode\/joesephs-gift-box-salted-caramel-festive-cracker-85g\/","og_locale":"en_US","og_type":"article","og_title":"Joe&amp;Seph\u2019s GIFT BOX - Salted Caramel Festive Cracker 85g - BBQ Entertainment","og_description":"Joe&amp;Seph\u2019s GIFT BOX - Salted Caramel Festive Cracker 85g Salted Caramel Cracker kinkekarp on maitsekas kingitus k\u00f5igile popkorniarmastajatele. Karbi kujundusel on kujutatud Joe, kes toob rattal j\u00f5ulur\u00f5\u00f5mu, ja selle seest leiab suure paki k\u00e4sitsi valmistatud soolakaramelli popkorni. Popkorn on valmistatud Londonis, kasutades Briti meresoola helbeid ja ehtsat v\u00f5id. Koostisosad ja allergeenidMais, suhkur, v\u00f5i (piim), maisisiirup, meresool. Sisaldab: piima","og_url":"https:\/\/bbqentertainment.com\/toode\/joesephs-gift-box-salted-caramel-festive-cracker-85g\/","og_site_name":"BBQ Entertainment","article_publisher":"https:\/\/www.facebook.com\/BBQ-Entertainment-N-Catering-2437913376443540","article_modified_time":"2026-01-10T17:37:33+00:00","og_image":[{"width":500,"height":500,"url":"https:\/\/bbqentertainment.com\/wp-content\/uploads\/2025\/10\/DFF01701-1759514247.jpg","type":"image\/jpeg"}],"twitter_card":"summary_large_image","twitter_misc":{"Est. reading time":"1 minute"},"schema":{"@context":"https:\/\/schema.org","@graph":[{"@type":["WebPage","ItemPage"],"@id":"https:\/\/bbqentertainment.com\/toode\/joesephs-gift-box-salted-caramel-festive-cracker-85g\/","url":"https:\/\/bbqentertainment.com\/toode\/joesephs-gift-box-salted-caramel-festive-cracker-85g\/","name":"Joe&amp;Seph\u2019s GIFT BOX - Salted Caramel Festive Cracker 85g - BBQ Entertainment","isPartOf":{"@id":"https:\/\/bbqentertainment.com\/#website"},"primaryImageOfPage":{"@id":"https:\/\/bbqentertainment.com\/toode\/joesephs-gift-box-salted-caramel-festive-cracker-85g\/#primaryimage"},"image":{"@id":"https:\/\/bbqentertainment.com\/toode\/joesephs-gift-box-salted-caramel-festive-cracker-85g\/#primaryimage"},"thumbnailUrl":"https:\/\/bbqentertainment.com\/wp-content\/uploads\/2025\/10\/DFF01701-1759514247.jpg","datePublished":"2025-10-07T11:12:02+00:00","dateModified":"2026-01-10T17:37:33+00:00","breadcrumb":{"@id":"https:\/\/bbqentertainment.com\/toode\/joesephs-gift-box-salted-caramel-festive-cracker-85g\/#breadcrumb"},"inLanguage":"en-US","potentialAction":[{"@type":"ReadAction","target":["https:\/\/bbqentertainment.com\/toode\/joesephs-gift-box-salted-caramel-festive-cracker-85g\/"]}]},{"@type":"ImageObject","inLanguage":"en-US","@id":"https:\/\/bbqentertainment.com\/toode\/joesephs-gift-box-salted-caramel-festive-cracker-85g\/#primaryimage","url":"https:\/\/bbqentertainment.com\/wp-content\/uploads\/2025\/10\/DFF01701-1759514247.jpg","contentUrl":"https:\/\/bbqentertainment.com\/wp-content\/uploads\/2025\/10\/DFF01701-1759514247.jpg","width":500,"height":500},{"@type":"BreadcrumbList","@id":"https:\/\/bbqentertainment.com\/toode\/joesephs-gift-box-salted-caramel-festive-cracker-85g\/#breadcrumb","itemListElement":[{"@type":"ListItem","position":1,"name":"AVALEHT","item":"https:\/\/bbqentertainment.com\/en\/"},{"@type":"ListItem","position":2,"name":"Tooted","item":"https:\/\/bbqentertainment.com\/tooted\/"},{"@type":"ListItem","position":3,"name":"Maitseandjad","item":"https:\/\/bbqentertainment.com\/en\/tootekategooria\/maitseandjad\/"},{"@type":"ListItem","position":4,"name":"JOE&amp;SEPH'S","item":"https:\/\/bbqentertainment.com\/tootekategooria\/maitseandjad\/joesephs\/"},{"@type":"ListItem","position":5,"name":"Joe&amp;Seph\u2019s GIFT BOX &#8211; Salted Caramel Festive Cracker 85g"}]},{"@type":"WebSite","@id":"https:\/\/bbqentertainment.com\/#website","url":"https:\/\/bbqentertainment.com\/","name":"BBQ Entertainment","description":"BBQ is a great lifestyle, not just fun!","publisher":{"@id":"https:\/\/bbqentertainment.com\/#organization"},"potentialAction":[{"@type":"SearchAction","target":{"@type":"EntryPoint","urlTemplate":"https:\/\/bbqentertainment.com\/?s={search_term_string}"},"query-input":{"@type":"PropertyValueSpecification","valueRequired":true,"valueName":"search_term_string"}}],"inLanguage":"en-US"},{"@type":"Organization","@id":"https:\/\/bbqentertainment.com\/#organization","name":"BBQ Entertainment O\u00dc","url":"https:\/\/bbqentertainment.com\/","logo":{"@type":"ImageObject","inLanguage":"en-US","@id":"https:\/\/bbqentertainment.com\/#\/schema\/logo\/image\/","url":"https:\/\/bbqentertainment.com\/wp-content\/uploads\/2020\/04\/BBQ-Entertainment-N-Catering-Enn-Tobreluts-Logo.png","contentUrl":"https:\/\/bbqentertainment.com\/wp-content\/uploads\/2020\/04\/BBQ-Entertainment-N-Catering-Enn-Tobreluts-Logo.png","width":628,"height":266,"caption":"BBQ Entertainment O\u00dc"},"image":{"@id":"https:\/\/bbqentertainment.com\/#\/schema\/logo\/image\/"},"sameAs":["https:\/\/www.facebook.com\/BBQ-Entertainment-N-Catering-2437913376443540","https:\/\/www.instagram.com\/bbqentertainmentncatering\/","https:\/\/www.youtube.com\/channel\/UCmpuANQVhLy2Md8nrenp2jA"]}]}},"_links":{"self":[{"href":"https:\/\/bbqentertainment.com\/en\/wp-json\/wp\/v2\/product\/254732","targetHints":{"allow":["GET"]}}],"collection":[{"href":"https:\/\/bbqentertainment.com\/en\/wp-json\/wp\/v2\/product"}],"about":[{"href":"https:\/\/bbqentertainment.com\/en\/wp-json\/wp\/v2\/types\/product"}],"wp:featuredmedia":[{"embeddable":true,"href":"https:\/\/bbqentertainment.com\/en\/wp-json\/wp\/v2\/media\/254733"}],"wp:attachment":[{"href":"https:\/\/bbqentertainment.com\/en\/wp-json\/wp\/v2\/media?parent=254732"}],"wp:term":[{"taxonomy":"product_brand","embeddable":true,"href":"https:\/\/bbqentertainment.com\/en\/wp-json\/wp\/v2\/product_brand?post=254732"},{"taxonomy":"product_cat","embeddable":true,"href":"https:\/\/bbqentertainment.com\/en\/wp-json\/wp\/v2\/product_cat?post=254732"},{"taxonomy":"product_tag","embeddable":true,"href":"https:\/\/bbqentertainment.com\/en\/wp-json\/wp\/v2\/product_tag?post=254732"}],"curies":[{"name":"wp","href":"https:\/\/api.w.org\/{rel}","templated":true}]}}