{"id":254735,"date":"2025-10-07T13:34:25","date_gmt":"2025-10-07T10:34:25","guid":{"rendered":"https:\/\/bbqentertainment.com\/?post_type=product&#038;p=254735"},"modified":"2025-12-08T13:21:42","modified_gmt":"2025-12-08T11:21:42","slug":"joesephs-gift-box-very-merry-selection-star-120g","status":"publish","type":"product","link":"https:\/\/bbqentertainment.com\/en\/toode\/joesephs-gift-box-very-merry-selection-star-120g\/","title":{"rendered":"Joe&amp;Seph&#8217;s GIFT BOX &#8211; Very Merry Selection Star 120g"},"content":{"rendered":"","protected":false},"excerpt":{"rendered":"<h3><strong>Joe&amp;Seph&#8217;s GIFT BOX &#8211; Very Merry Selection Star 120g<\/strong><\/h3>\n<p data-start=\"170\" data-end=\"585\">Joe &amp; Seph\u2019s pidulik <strong data-start=\"207\" data-end=\"229\">Christmas Crackers<\/strong> kinkekarp sisaldab kolme erineva maitsega k\u00e4sitsi valmistatud popkorni: <strong data-start=\"302\" data-end=\"324\">Chocolate Yule Log<\/strong>, <strong data-start=\"326\" data-end=\"355\">Caramel &amp; White Chocolate<\/strong> ja <strong data-start=\"359\" data-end=\"377\">Salted Caramel<\/strong>. Need klassikalised talvemaitsed on loodud Londonis v\u00e4ikestes partiides, kasutades ehtsat v\u00f5id, kvaliteetset \u0161okolaadi ja Briti meresoola helbeid. Ideaalne kingitus p\u00fchadehooajal v\u00f5i pidulauale lisamiseks.<\/p>\n<p data-start=\"587\" data-end=\"615\"><strong data-start=\"587\" data-end=\"613\">Maitsed ja koostisosad<\/strong><\/p>\n<ul data-start=\"616\" data-end=\"1179\">\n<li data-start=\"616\" data-end=\"936\">\n<p data-start=\"618\" data-end=\"936\"><strong data-start=\"618\" data-end=\"640\">Chocolate Yule Log<\/strong>: mais, suhkur, v\u00f5i (piim), k\u00fcpsised (nisujahu, t\u00e4isteranisujahu, suhkur, taimne \u00f5li, k\u00fcpsetuspulbrid, sool), kuivatatud toorjuust (piim), gl\u00fckoosisiirup, r\u00f5\u00f5sk koor (piim), tume \u0161okolaad (kakaomass, suhkur, kakaov\u00f5i, looduslik vanillimaitseaine, sojaletsitiin), petipulber (piim), kakao, sool.<\/p>\n<\/li>\n<li data-start=\"937\" data-end=\"1106\">\n<p data-start=\"939\" data-end=\"1106\"><strong data-start=\"939\" data-end=\"968\">Caramel &amp; White Chocolate<\/strong>: mais, v\u00f5i (piim), suhkur, valge \u0161okolaad (suhkur, kakaov\u00f5i, t\u00e4ispiimapulber, sojaletsitiin, looduslik vanillimaitseaine), maisisiirup.<\/p>\n<\/li>\n<li data-start=\"1107\" data-end=\"1179\">\n<p data-start=\"1109\" data-end=\"1179\"><strong data-start=\"1109\" data-end=\"1127\">Salted Caramel<\/strong>: mais, suhkur, v\u00f5i (piim), maisisiirup, meresool.<\/p>\n<\/li>\n<\/ul>\n<p data-start=\"1181\" data-end=\"1233\"><strong data-start=\"1181\" data-end=\"1196\">Allergeenid<\/strong><br data-start=\"1196\" data-end=\"1199\" \/>Sisaldab: <strong data-start=\"1209\" data-end=\"1230\">piima, nisu, soja<\/strong>.<\/p>\n<p data-start=\"1235\" data-end=\"1260\">\n","protected":false},"featured_media":254736,"template":"","meta":{"inline_featured_image":false},"product_brand":[],"product_cat":[28,512,301,32],"product_tag":[],"class_list":{"0":"post-254735","1":"product","2":"type-product","3":"status-publish","4":"has-post-thumbnail","6":"product_cat-maitseandjad","7":"product_cat-joesephs","8":"product_cat-kinkekarp","9":"product_cat-kinkekarbid","11":"first","12":"outofstock","13":"taxable","14":"shipping-taxable","15":"purchasable","16":"product-type-simple"},"yoast_head":"<!-- This site is optimized with the Yoast SEO plugin v27.4 - https:\/\/yoast.com\/product\/yoast-seo-wordpress\/ -->\n<title>Joe&amp;Seph&#039;s GIFT BOX - Very Merry Selection Star 120g - BBQ Entertainment<\/title>\n<meta name=\"robots\" content=\"index, follow, max-snippet:-1, max-image-preview:large, max-video-preview:-1\" \/>\n<link rel=\"canonical\" href=\"https:\/\/bbqentertainment.com\/toode\/joesephs-gift-box-very-merry-selection-star-120g\/\" \/>\n<meta property=\"og:locale\" content=\"en_US\" \/>\n<meta property=\"og:type\" content=\"article\" \/>\n<meta property=\"og:title\" content=\"Joe&amp;Seph&#039;s GIFT BOX - Very Merry Selection Star 120g - BBQ Entertainment\" \/>\n<meta property=\"og:description\" content=\"Joe&amp;Seph&#039;s GIFT BOX - Very Merry Selection Star 120g Joe &amp; Seph\u2019s pidulik Christmas Crackers kinkekarp sisaldab kolme erineva maitsega k\u00e4sitsi valmistatud popkorni: Chocolate Yule Log, Caramel &amp; White Chocolate ja Salted Caramel. Need klassikalised talvemaitsed on loodud Londonis v\u00e4ikestes partiides, kasutades ehtsat v\u00f5id, kvaliteetset \u0161okolaadi ja Briti meresoola helbeid. Ideaalne kingitus p\u00fchadehooajal v\u00f5i pidulauale lisamiseks. Maitsed ja koostisosad     Chocolate Yule Log: mais, suhkur, v\u00f5i (piim), k\u00fcpsised (nisujahu, t\u00e4isteranisujahu, suhkur, taimne \u00f5li, k\u00fcpsetuspulbrid, sool), kuivatatud toorjuust (piim), gl\u00fckoosisiirup, r\u00f5\u00f5sk koor (piim), tume \u0161okolaad (kakaomass, suhkur, kakaov\u00f5i, looduslik vanillimaitseaine, sojaletsitiin), petipulber (piim), kakao, sool.    Caramel &amp; White Chocolate: mais, v\u00f5i (piim), suhkur, valge \u0161okolaad (suhkur, kakaov\u00f5i, t\u00e4ispiimapulber, sojaletsitiin, looduslik vanillimaitseaine), maisisiirup.    Salted Caramel: mais, suhkur, v\u00f5i (piim), maisisiirup, meresool.   AllergeenidSisaldab: piima, nisu, soja.\" \/>\n<meta property=\"og:url\" content=\"https:\/\/bbqentertainment.com\/toode\/joesephs-gift-box-very-merry-selection-star-120g\/\" \/>\n<meta property=\"og:site_name\" content=\"BBQ Entertainment\" \/>\n<meta property=\"article:publisher\" content=\"https:\/\/www.facebook.com\/BBQ-Entertainment-N-Catering-2437913376443540\" \/>\n<meta property=\"article:modified_time\" content=\"2025-12-08T11:21:42+00:00\" \/>\n<meta property=\"og:image\" content=\"https:\/\/bbqentertainment.com\/wp-content\/uploads\/2025\/10\/JOS122.jpg\" \/>\n\t<meta property=\"og:image:width\" content=\"700\" \/>\n\t<meta property=\"og:image:height\" content=\"700\" \/>\n\t<meta property=\"og:image:type\" content=\"image\/jpeg\" \/>\n<meta name=\"twitter:card\" content=\"summary_large_image\" \/>\n<meta name=\"twitter:label1\" content=\"Est. reading time\" \/>\n\t<meta name=\"twitter:data1\" content=\"1 minute\" \/>\n<script type=\"application\/ld+json\" class=\"yoast-schema-graph\">{\"@context\":\"https:\\\/\\\/schema.org\",\"@graph\":[{\"@type\":[\"WebPage\",\"ItemPage\"],\"@id\":\"https:\\\/\\\/bbqentertainment.com\\\/toode\\\/joesephs-gift-box-very-merry-selection-star-120g\\\/\",\"url\":\"https:\\\/\\\/bbqentertainment.com\\\/toode\\\/joesephs-gift-box-very-merry-selection-star-120g\\\/\",\"name\":\"Joe&amp;Seph's GIFT BOX - Very Merry Selection Star 120g - BBQ Entertainment\",\"isPartOf\":{\"@id\":\"https:\\\/\\\/bbqentertainment.com\\\/#website\"},\"primaryImageOfPage\":{\"@id\":\"https:\\\/\\\/bbqentertainment.com\\\/toode\\\/joesephs-gift-box-very-merry-selection-star-120g\\\/#primaryimage\"},\"image\":{\"@id\":\"https:\\\/\\\/bbqentertainment.com\\\/toode\\\/joesephs-gift-box-very-merry-selection-star-120g\\\/#primaryimage\"},\"thumbnailUrl\":\"https:\\\/\\\/bbqentertainment.com\\\/wp-content\\\/uploads\\\/2025\\\/10\\\/JOS122.jpg\",\"datePublished\":\"2025-10-07T10:34:25+00:00\",\"dateModified\":\"2025-12-08T11:21:42+00:00\",\"breadcrumb\":{\"@id\":\"https:\\\/\\\/bbqentertainment.com\\\/toode\\\/joesephs-gift-box-very-merry-selection-star-120g\\\/#breadcrumb\"},\"inLanguage\":\"en-US\",\"potentialAction\":[{\"@type\":\"ReadAction\",\"target\":[\"https:\\\/\\\/bbqentertainment.com\\\/toode\\\/joesephs-gift-box-very-merry-selection-star-120g\\\/\"]}]},{\"@type\":\"ImageObject\",\"inLanguage\":\"en-US\",\"@id\":\"https:\\\/\\\/bbqentertainment.com\\\/toode\\\/joesephs-gift-box-very-merry-selection-star-120g\\\/#primaryimage\",\"url\":\"https:\\\/\\\/bbqentertainment.com\\\/wp-content\\\/uploads\\\/2025\\\/10\\\/JOS122.jpg\",\"contentUrl\":\"https:\\\/\\\/bbqentertainment.com\\\/wp-content\\\/uploads\\\/2025\\\/10\\\/JOS122.jpg\",\"width\":700,\"height\":700},{\"@type\":\"BreadcrumbList\",\"@id\":\"https:\\\/\\\/bbqentertainment.com\\\/toode\\\/joesephs-gift-box-very-merry-selection-star-120g\\\/#breadcrumb\",\"itemListElement\":[{\"@type\":\"ListItem\",\"position\":1,\"name\":\"AVALEHT\",\"item\":\"https:\\\/\\\/bbqentertainment.com\\\/en\\\/\"},{\"@type\":\"ListItem\",\"position\":2,\"name\":\"Tooted\",\"item\":\"https:\\\/\\\/bbqentertainment.com\\\/tooted\\\/\"},{\"@type\":\"ListItem\",\"position\":3,\"name\":\"Maitseandjad\",\"item\":\"https:\\\/\\\/bbqentertainment.com\\\/en\\\/tootekategooria\\\/maitseandjad\\\/\"},{\"@type\":\"ListItem\",\"position\":4,\"name\":\"JOE&amp;SEPH'S\",\"item\":\"https:\\\/\\\/bbqentertainment.com\\\/tootekategooria\\\/maitseandjad\\\/joesephs\\\/\"},{\"@type\":\"ListItem\",\"position\":5,\"name\":\"Joe&amp;Seph&#8217;s GIFT BOX &#8211; Very Merry Selection Star 120g\"}]},{\"@type\":\"WebSite\",\"@id\":\"https:\\\/\\\/bbqentertainment.com\\\/#website\",\"url\":\"https:\\\/\\\/bbqentertainment.com\\\/\",\"name\":\"BBQ Entertainment\",\"description\":\"BBQ is a great lifestyle, not just fun!\",\"publisher\":{\"@id\":\"https:\\\/\\\/bbqentertainment.com\\\/#organization\"},\"potentialAction\":[{\"@type\":\"SearchAction\",\"target\":{\"@type\":\"EntryPoint\",\"urlTemplate\":\"https:\\\/\\\/bbqentertainment.com\\\/?s={search_term_string}\"},\"query-input\":{\"@type\":\"PropertyValueSpecification\",\"valueRequired\":true,\"valueName\":\"search_term_string\"}}],\"inLanguage\":\"en-US\"},{\"@type\":\"Organization\",\"@id\":\"https:\\\/\\\/bbqentertainment.com\\\/#organization\",\"name\":\"BBQ Entertainment O\u00dc\",\"url\":\"https:\\\/\\\/bbqentertainment.com\\\/\",\"logo\":{\"@type\":\"ImageObject\",\"inLanguage\":\"en-US\",\"@id\":\"https:\\\/\\\/bbqentertainment.com\\\/#\\\/schema\\\/logo\\\/image\\\/\",\"url\":\"https:\\\/\\\/bbqentertainment.com\\\/wp-content\\\/uploads\\\/2020\\\/04\\\/BBQ-Entertainment-N-Catering-Enn-Tobreluts-Logo.png\",\"contentUrl\":\"https:\\\/\\\/bbqentertainment.com\\\/wp-content\\\/uploads\\\/2020\\\/04\\\/BBQ-Entertainment-N-Catering-Enn-Tobreluts-Logo.png\",\"width\":628,\"height\":266,\"caption\":\"BBQ Entertainment O\u00dc\"},\"image\":{\"@id\":\"https:\\\/\\\/bbqentertainment.com\\\/#\\\/schema\\\/logo\\\/image\\\/\"},\"sameAs\":[\"https:\\\/\\\/www.facebook.com\\\/BBQ-Entertainment-N-Catering-2437913376443540\",\"https:\\\/\\\/www.instagram.com\\\/bbqentertainmentncatering\\\/\",\"https:\\\/\\\/www.youtube.com\\\/channel\\\/UCmpuANQVhLy2Md8nrenp2jA\"]}]}<\/script>\n<!-- \/ Yoast SEO plugin. -->","yoast_head_json":{"title":"Joe&amp;Seph's GIFT BOX - Very Merry Selection Star 120g - BBQ Entertainment","robots":{"index":"index","follow":"follow","max-snippet":"max-snippet:-1","max-image-preview":"max-image-preview:large","max-video-preview":"max-video-preview:-1"},"canonical":"https:\/\/bbqentertainment.com\/toode\/joesephs-gift-box-very-merry-selection-star-120g\/","og_locale":"en_US","og_type":"article","og_title":"Joe&amp;Seph's GIFT BOX - Very Merry Selection Star 120g - BBQ Entertainment","og_description":"Joe&amp;Seph's GIFT BOX - Very Merry Selection Star 120g Joe &amp; Seph\u2019s pidulik Christmas Crackers kinkekarp sisaldab kolme erineva maitsega k\u00e4sitsi valmistatud popkorni: Chocolate Yule Log, Caramel &amp; White Chocolate ja Salted Caramel. Need klassikalised talvemaitsed on loodud Londonis v\u00e4ikestes partiides, kasutades ehtsat v\u00f5id, kvaliteetset \u0161okolaadi ja Briti meresoola helbeid. Ideaalne kingitus p\u00fchadehooajal v\u00f5i pidulauale lisamiseks. Maitsed ja koostisosad     Chocolate Yule Log: mais, suhkur, v\u00f5i (piim), k\u00fcpsised (nisujahu, t\u00e4isteranisujahu, suhkur, taimne \u00f5li, k\u00fcpsetuspulbrid, sool), kuivatatud toorjuust (piim), gl\u00fckoosisiirup, r\u00f5\u00f5sk koor (piim), tume \u0161okolaad (kakaomass, suhkur, kakaov\u00f5i, looduslik vanillimaitseaine, sojaletsitiin), petipulber (piim), kakao, sool.    Caramel &amp; White Chocolate: mais, v\u00f5i (piim), suhkur, valge \u0161okolaad (suhkur, kakaov\u00f5i, t\u00e4ispiimapulber, sojaletsitiin, looduslik vanillimaitseaine), maisisiirup.    Salted Caramel: mais, suhkur, v\u00f5i (piim), maisisiirup, meresool.   AllergeenidSisaldab: piima, nisu, soja.","og_url":"https:\/\/bbqentertainment.com\/toode\/joesephs-gift-box-very-merry-selection-star-120g\/","og_site_name":"BBQ Entertainment","article_publisher":"https:\/\/www.facebook.com\/BBQ-Entertainment-N-Catering-2437913376443540","article_modified_time":"2025-12-08T11:21:42+00:00","og_image":[{"width":700,"height":700,"url":"https:\/\/bbqentertainment.com\/wp-content\/uploads\/2025\/10\/JOS122.jpg","type":"image\/jpeg"}],"twitter_card":"summary_large_image","twitter_misc":{"Est. reading time":"1 minute"},"schema":{"@context":"https:\/\/schema.org","@graph":[{"@type":["WebPage","ItemPage"],"@id":"https:\/\/bbqentertainment.com\/toode\/joesephs-gift-box-very-merry-selection-star-120g\/","url":"https:\/\/bbqentertainment.com\/toode\/joesephs-gift-box-very-merry-selection-star-120g\/","name":"Joe&amp;Seph's GIFT BOX - Very Merry Selection Star 120g - BBQ Entertainment","isPartOf":{"@id":"https:\/\/bbqentertainment.com\/#website"},"primaryImageOfPage":{"@id":"https:\/\/bbqentertainment.com\/toode\/joesephs-gift-box-very-merry-selection-star-120g\/#primaryimage"},"image":{"@id":"https:\/\/bbqentertainment.com\/toode\/joesephs-gift-box-very-merry-selection-star-120g\/#primaryimage"},"thumbnailUrl":"https:\/\/bbqentertainment.com\/wp-content\/uploads\/2025\/10\/JOS122.jpg","datePublished":"2025-10-07T10:34:25+00:00","dateModified":"2025-12-08T11:21:42+00:00","breadcrumb":{"@id":"https:\/\/bbqentertainment.com\/toode\/joesephs-gift-box-very-merry-selection-star-120g\/#breadcrumb"},"inLanguage":"en-US","potentialAction":[{"@type":"ReadAction","target":["https:\/\/bbqentertainment.com\/toode\/joesephs-gift-box-very-merry-selection-star-120g\/"]}]},{"@type":"ImageObject","inLanguage":"en-US","@id":"https:\/\/bbqentertainment.com\/toode\/joesephs-gift-box-very-merry-selection-star-120g\/#primaryimage","url":"https:\/\/bbqentertainment.com\/wp-content\/uploads\/2025\/10\/JOS122.jpg","contentUrl":"https:\/\/bbqentertainment.com\/wp-content\/uploads\/2025\/10\/JOS122.jpg","width":700,"height":700},{"@type":"BreadcrumbList","@id":"https:\/\/bbqentertainment.com\/toode\/joesephs-gift-box-very-merry-selection-star-120g\/#breadcrumb","itemListElement":[{"@type":"ListItem","position":1,"name":"AVALEHT","item":"https:\/\/bbqentertainment.com\/en\/"},{"@type":"ListItem","position":2,"name":"Tooted","item":"https:\/\/bbqentertainment.com\/tooted\/"},{"@type":"ListItem","position":3,"name":"Maitseandjad","item":"https:\/\/bbqentertainment.com\/en\/tootekategooria\/maitseandjad\/"},{"@type":"ListItem","position":4,"name":"JOE&amp;SEPH'S","item":"https:\/\/bbqentertainment.com\/tootekategooria\/maitseandjad\/joesephs\/"},{"@type":"ListItem","position":5,"name":"Joe&amp;Seph&#8217;s GIFT BOX &#8211; Very Merry Selection Star 120g"}]},{"@type":"WebSite","@id":"https:\/\/bbqentertainment.com\/#website","url":"https:\/\/bbqentertainment.com\/","name":"BBQ Entertainment","description":"BBQ is a great lifestyle, not just fun!","publisher":{"@id":"https:\/\/bbqentertainment.com\/#organization"},"potentialAction":[{"@type":"SearchAction","target":{"@type":"EntryPoint","urlTemplate":"https:\/\/bbqentertainment.com\/?s={search_term_string}"},"query-input":{"@type":"PropertyValueSpecification","valueRequired":true,"valueName":"search_term_string"}}],"inLanguage":"en-US"},{"@type":"Organization","@id":"https:\/\/bbqentertainment.com\/#organization","name":"BBQ Entertainment O\u00dc","url":"https:\/\/bbqentertainment.com\/","logo":{"@type":"ImageObject","inLanguage":"en-US","@id":"https:\/\/bbqentertainment.com\/#\/schema\/logo\/image\/","url":"https:\/\/bbqentertainment.com\/wp-content\/uploads\/2020\/04\/BBQ-Entertainment-N-Catering-Enn-Tobreluts-Logo.png","contentUrl":"https:\/\/bbqentertainment.com\/wp-content\/uploads\/2020\/04\/BBQ-Entertainment-N-Catering-Enn-Tobreluts-Logo.png","width":628,"height":266,"caption":"BBQ Entertainment O\u00dc"},"image":{"@id":"https:\/\/bbqentertainment.com\/#\/schema\/logo\/image\/"},"sameAs":["https:\/\/www.facebook.com\/BBQ-Entertainment-N-Catering-2437913376443540","https:\/\/www.instagram.com\/bbqentertainmentncatering\/","https:\/\/www.youtube.com\/channel\/UCmpuANQVhLy2Md8nrenp2jA"]}]}},"_links":{"self":[{"href":"https:\/\/bbqentertainment.com\/en\/wp-json\/wp\/v2\/product\/254735","targetHints":{"allow":["GET"]}}],"collection":[{"href":"https:\/\/bbqentertainment.com\/en\/wp-json\/wp\/v2\/product"}],"about":[{"href":"https:\/\/bbqentertainment.com\/en\/wp-json\/wp\/v2\/types\/product"}],"wp:featuredmedia":[{"embeddable":true,"href":"https:\/\/bbqentertainment.com\/en\/wp-json\/wp\/v2\/media\/254736"}],"wp:attachment":[{"href":"https:\/\/bbqentertainment.com\/en\/wp-json\/wp\/v2\/media?parent=254735"}],"wp:term":[{"taxonomy":"product_brand","embeddable":true,"href":"https:\/\/bbqentertainment.com\/en\/wp-json\/wp\/v2\/product_brand?post=254735"},{"taxonomy":"product_cat","embeddable":true,"href":"https:\/\/bbqentertainment.com\/en\/wp-json\/wp\/v2\/product_cat?post=254735"},{"taxonomy":"product_tag","embeddable":true,"href":"https:\/\/bbqentertainment.com\/en\/wp-json\/wp\/v2\/product_tag?post=254735"}],"curies":[{"name":"wp","href":"https:\/\/api.w.org\/{rel}","templated":true}]}}