{"id":254831,"date":"2025-10-27T20:01:17","date_gmt":"2025-10-27T18:01:17","guid":{"rendered":"https:\/\/bbqentertainment.com\/?post_type=product&#038;p=254831"},"modified":"2026-03-07T21:24:41","modified_gmt":"2026-03-07T19:24:41","slug":"liha-sisetermomeeter-eti-thermapen-professional-must","status":"publish","type":"product","link":"https:\/\/bbqentertainment.com\/en\/toode\/liha-sisetermomeeter-eti-thermapen-professional-must\/","title":{"rendered":"Liha-sisetermomeeter ETI Thermapen PROFESSIONAL must"},"content":{"rendered":"","protected":false},"excerpt":{"rendered":"<h3><strong>Liha-sisetermomeeter ETI Thermapen PROFESSIONAL must<\/strong><\/h3>\n<p style=\"font-weight: 400\">Thermapen Professional on Suurbritannias disainitud ja toodetud digitaalne toidutermomeeter, mida kasutavad nii profikokad kui kodukokad. Seade m\u00f5\u00f5dab temperatuuri kiiresti ja t\u00e4pselt, pakkudes usaldusv\u00e4\u00e4rseid tulemusi igal toiduvalmistamise etapil.<\/p>\n<p style=\"font-weight: 400\" data-start=\"420\" data-end=\"434\"><strong data-start=\"420\" data-end=\"432\">Omadused<\/strong><\/p>\n<ul>\n<li data-start=\"437\" data-end=\"530\">Kiire ja t\u00e4pne m\u00f5\u00f5tmine: n\u00e4it 3 sekundiga, t\u00e4psus \u00b10,4 \u00b0C; m\u00f5\u00f5tevahemik -49,9\u2026+299,9 \u00b0C<\/li>\n<li data-start=\"533\" data-end=\"650\">Mugav ja h\u00fcgieeniline kasutus<strong data-start=\"533\" data-end=\"567\">: <\/strong>p\u00f6\u00f6ratav ekraan, automaatne taustvalgustus, liikumisanduriga energias\u00e4\u00e4sture\u017eiim<\/li>\n<li data-start=\"653\" data-end=\"750\">Antibakteriaalne korpus: sisaldab Biomaster-tehnoloogiat, mis v\u00e4hendab ristsaastumise riski<\/li>\n<li data-start=\"753\" data-end=\"849\">Veekindel: kaitseklass IP66\/67 \u2013 sobib kasutamiseks ka n\u00f5udepesuruumis v\u00f5i v\u00e4litingimustes<\/li>\n<li data-start=\"852\" data-end=\"935\">Paindlik kasutus: ekraan p\u00f6\u00f6rleb 360\u00b0, sobib nii parema- kui vasakuk\u00e4elistele<\/li>\n<li data-start=\"938\" data-end=\"1032\">Roostevabast terasest sond: teravdatud ots tagab kiire ja t\u00e4pse toatemperatuuri lugemise<\/li>\n<li data-start=\"1035\" data-end=\"1165\">Kohandatav seade: v\u00f5imalik valida \u00b0C v\u00f5i \u00b0F, muuta automaatse unere\u017eiimi aega, lukustada ekraani asend ja valida m\u00f5\u00f5tet\u00e4psus<\/li>\n<\/ul>\n<p style=\"font-weight: 400\"><strong data-start=\"1167\" data-end=\"1188\">Tehnilised andmed<\/strong><\/p>\n<ul>\n<li data-start=\"1193\" data-end=\"1224\">M\u00f5\u00f5tevahemik: -49,9\u2026+299,9 \u00b0C<\/li>\n<li data-start=\"1227\" data-end=\"1244\">T\u00e4psus: \u00b10,4 \u00b0C<\/li>\n<li data-start=\"1247\" data-end=\"1274\">Reaktsiooniaeg: umbes 3 s<\/li>\n<li data-start=\"1277\" data-end=\"1307\">Korpuse kaitseklass: IP66\/67<\/li>\n<li data-start=\"1310\" data-end=\"1337\">Sondi m\u00f5\u00f5t: \u00d83,3 \u00d7 110 mm<\/li>\n<li data-start=\"1340\" data-end=\"1364\">Toide: 1 \u00d7 AAA-patarei<\/li>\n<\/ul>\n<p style=\"font-weight: 400\"><strong>Sobib kasutamiseks<\/strong><br data-start=\"1454\" data-end=\"1457\" \/>liha, kala, pagari- ja kondiitritoodete ning grilltoitude temperatuuri kontrollimiseks.<\/p>\n<p style=\"font-weight: 400\">\n","protected":false},"featured_media":254832,"template":"","meta":{"inline_featured_image":false},"product_brand":[],"product_cat":[92,479,24],"product_tag":[],"class_list":{"0":"post-254831","1":"product","2":"type-product","3":"status-publish","4":"has-post-thumbnail","6":"product_cat-lisatarvikud","7":"product_cat-grillitarvikud","8":"product_cat-termomeetrid","10":"first","11":"instock","12":"sale","13":"taxable","14":"shipping-taxable","15":"purchasable","16":"product-type-simple"},"yoast_head":"<!-- This site is optimized with the Yoast SEO plugin v27.4 - https:\/\/yoast.com\/product\/yoast-seo-wordpress\/ -->\n<title>Liha-sisetermomeeter ETI Thermapen PROFESSIONAL must - BBQ Entertainment<\/title>\n<meta name=\"robots\" content=\"index, follow, max-snippet:-1, max-image-preview:large, max-video-preview:-1\" \/>\n<link rel=\"canonical\" href=\"https:\/\/bbqentertainment.com\/toode\/liha-sisetermomeeter-eti-thermapen-professional-must\/\" \/>\n<meta property=\"og:locale\" content=\"en_US\" \/>\n<meta property=\"og:type\" content=\"article\" \/>\n<meta property=\"og:title\" content=\"Liha-sisetermomeeter ETI Thermapen PROFESSIONAL must - BBQ Entertainment\" \/>\n<meta property=\"og:description\" content=\"Liha-sisetermomeeter ETI Thermapen PROFESSIONAL must Thermapen Professional on Suurbritannias disainitud ja toodetud digitaalne toidutermomeeter, mida kasutavad nii profikokad kui kodukokad. Seade m\u00f5\u00f5dab temperatuuri kiiresti ja t\u00e4pselt, pakkudes usaldusv\u00e4\u00e4rseid tulemusi igal toiduvalmistamise etapil. Omadused    Kiire ja t\u00e4pne m\u00f5\u00f5tmine: n\u00e4it 3 sekundiga, t\u00e4psus \u00b10,4 \u00b0C; m\u00f5\u00f5tevahemik -49,9\u2026+299,9 \u00b0C  Mugav ja h\u00fcgieeniline kasutus: p\u00f6\u00f6ratav ekraan, automaatne taustvalgustus, liikumisanduriga energias\u00e4\u00e4sture\u017eiim  Antibakteriaalne korpus: sisaldab Biomaster-tehnoloogiat, mis v\u00e4hendab ristsaastumise riski  Veekindel: kaitseklass IP66\/67 \u2013 sobib kasutamiseks ka n\u00f5udepesuruumis v\u00f5i v\u00e4litingimustes  Paindlik kasutus: ekraan p\u00f6\u00f6rleb 360\u00b0, sobib nii parema- kui vasakuk\u00e4elistele  Roostevabast terasest sond: teravdatud ots tagab kiire ja t\u00e4pse toatemperatuuri lugemise  Kohandatav seade: v\u00f5imalik valida \u00b0C v\u00f5i \u00b0F, muuta automaatse unere\u017eiimi aega, lukustada ekraani asend ja valida m\u00f5\u00f5tet\u00e4psus  Tehnilised andmed    M\u00f5\u00f5tevahemik: -49,9\u2026+299,9 \u00b0C  T\u00e4psus: \u00b10,4 \u00b0C  Reaktsiooniaeg: umbes 3 s  Korpuse kaitseklass: IP66\/67  Sondi m\u00f5\u00f5t: \u00d83,3 \u00d7 110 mm  Toide: 1 \u00d7 AAA-patarei  Sobib kasutamiseksliha, kala, pagari- ja kondiitritoodete ning grilltoitude temperatuuri kontrollimiseks.\" \/>\n<meta property=\"og:url\" content=\"https:\/\/bbqentertainment.com\/toode\/liha-sisetermomeeter-eti-thermapen-professional-must\/\" \/>\n<meta property=\"og:site_name\" content=\"BBQ Entertainment\" \/>\n<meta property=\"article:publisher\" content=\"https:\/\/www.facebook.com\/BBQ-Entertainment-N-Catering-2437913376443540\" \/>\n<meta property=\"article:modified_time\" content=\"2026-03-07T19:24:41+00:00\" \/>\n<meta property=\"og:image\" content=\"https:\/\/bbqentertainment.com\/wp-content\/uploads\/2025\/10\/smoking-flavours-thermapen-one.jpg-e1761588926349.webp\" \/>\n\t<meta property=\"og:image:width\" content=\"1200\" \/>\n\t<meta property=\"og:image:height\" content=\"1200\" \/>\n\t<meta property=\"og:image:type\" content=\"image\/webp\" \/>\n<meta name=\"twitter:card\" content=\"summary_large_image\" \/>\n<meta name=\"twitter:label1\" content=\"Est. reading time\" \/>\n\t<meta name=\"twitter:data1\" content=\"1 minute\" \/>\n<script type=\"application\/ld+json\" class=\"yoast-schema-graph\">{\"@context\":\"https:\\\/\\\/schema.org\",\"@graph\":[{\"@type\":[\"WebPage\",\"ItemPage\"],\"@id\":\"https:\\\/\\\/bbqentertainment.com\\\/toode\\\/liha-sisetermomeeter-eti-thermapen-professional-must\\\/\",\"url\":\"https:\\\/\\\/bbqentertainment.com\\\/toode\\\/liha-sisetermomeeter-eti-thermapen-professional-must\\\/\",\"name\":\"Liha-sisetermomeeter ETI Thermapen PROFESSIONAL must - BBQ Entertainment\",\"isPartOf\":{\"@id\":\"https:\\\/\\\/bbqentertainment.com\\\/#website\"},\"primaryImageOfPage\":{\"@id\":\"https:\\\/\\\/bbqentertainment.com\\\/toode\\\/liha-sisetermomeeter-eti-thermapen-professional-must\\\/#primaryimage\"},\"image\":{\"@id\":\"https:\\\/\\\/bbqentertainment.com\\\/toode\\\/liha-sisetermomeeter-eti-thermapen-professional-must\\\/#primaryimage\"},\"thumbnailUrl\":\"https:\\\/\\\/bbqentertainment.com\\\/wp-content\\\/uploads\\\/2025\\\/10\\\/smoking-flavours-thermapen-one.jpg-e1761588926349.webp\",\"datePublished\":\"2025-10-27T18:01:17+00:00\",\"dateModified\":\"2026-03-07T19:24:41+00:00\",\"breadcrumb\":{\"@id\":\"https:\\\/\\\/bbqentertainment.com\\\/toode\\\/liha-sisetermomeeter-eti-thermapen-professional-must\\\/#breadcrumb\"},\"inLanguage\":\"en-US\",\"potentialAction\":[{\"@type\":\"ReadAction\",\"target\":[\"https:\\\/\\\/bbqentertainment.com\\\/toode\\\/liha-sisetermomeeter-eti-thermapen-professional-must\\\/\"]}]},{\"@type\":\"ImageObject\",\"inLanguage\":\"en-US\",\"@id\":\"https:\\\/\\\/bbqentertainment.com\\\/toode\\\/liha-sisetermomeeter-eti-thermapen-professional-must\\\/#primaryimage\",\"url\":\"https:\\\/\\\/bbqentertainment.com\\\/wp-content\\\/uploads\\\/2025\\\/10\\\/smoking-flavours-thermapen-one.jpg-e1761588926349.webp\",\"contentUrl\":\"https:\\\/\\\/bbqentertainment.com\\\/wp-content\\\/uploads\\\/2025\\\/10\\\/smoking-flavours-thermapen-one.jpg-e1761588926349.webp\",\"width\":1200,\"height\":1200},{\"@type\":\"BreadcrumbList\",\"@id\":\"https:\\\/\\\/bbqentertainment.com\\\/toode\\\/liha-sisetermomeeter-eti-thermapen-professional-must\\\/#breadcrumb\",\"itemListElement\":[{\"@type\":\"ListItem\",\"position\":1,\"name\":\"AVALEHT\",\"item\":\"https:\\\/\\\/bbqentertainment.com\\\/en\\\/\"},{\"@type\":\"ListItem\",\"position\":2,\"name\":\"Tooted\",\"item\":\"https:\\\/\\\/bbqentertainment.com\\\/tooted\\\/\"},{\"@type\":\"ListItem\",\"position\":3,\"name\":\"Lisatarvikud\",\"item\":\"https:\\\/\\\/bbqentertainment.com\\\/tootekategooria\\\/lisatarvikud\\\/\"},{\"@type\":\"ListItem\",\"position\":4,\"name\":\"Termomeetrid\",\"item\":\"https:\\\/\\\/bbqentertainment.com\\\/tootekategooria\\\/lisatarvikud\\\/termomeetrid\\\/\"},{\"@type\":\"ListItem\",\"position\":5,\"name\":\"Liha-sisetermomeeter ETI Thermapen PROFESSIONAL must\"}]},{\"@type\":\"WebSite\",\"@id\":\"https:\\\/\\\/bbqentertainment.com\\\/#website\",\"url\":\"https:\\\/\\\/bbqentertainment.com\\\/\",\"name\":\"BBQ Entertainment\",\"description\":\"BBQ is a great lifestyle, not just fun!\",\"publisher\":{\"@id\":\"https:\\\/\\\/bbqentertainment.com\\\/#organization\"},\"potentialAction\":[{\"@type\":\"SearchAction\",\"target\":{\"@type\":\"EntryPoint\",\"urlTemplate\":\"https:\\\/\\\/bbqentertainment.com\\\/?s={search_term_string}\"},\"query-input\":{\"@type\":\"PropertyValueSpecification\",\"valueRequired\":true,\"valueName\":\"search_term_string\"}}],\"inLanguage\":\"en-US\"},{\"@type\":\"Organization\",\"@id\":\"https:\\\/\\\/bbqentertainment.com\\\/#organization\",\"name\":\"BBQ Entertainment O\u00dc\",\"url\":\"https:\\\/\\\/bbqentertainment.com\\\/\",\"logo\":{\"@type\":\"ImageObject\",\"inLanguage\":\"en-US\",\"@id\":\"https:\\\/\\\/bbqentertainment.com\\\/#\\\/schema\\\/logo\\\/image\\\/\",\"url\":\"https:\\\/\\\/bbqentertainment.com\\\/wp-content\\\/uploads\\\/2020\\\/04\\\/BBQ-Entertainment-N-Catering-Enn-Tobreluts-Logo.png\",\"contentUrl\":\"https:\\\/\\\/bbqentertainment.com\\\/wp-content\\\/uploads\\\/2020\\\/04\\\/BBQ-Entertainment-N-Catering-Enn-Tobreluts-Logo.png\",\"width\":628,\"height\":266,\"caption\":\"BBQ Entertainment O\u00dc\"},\"image\":{\"@id\":\"https:\\\/\\\/bbqentertainment.com\\\/#\\\/schema\\\/logo\\\/image\\\/\"},\"sameAs\":[\"https:\\\/\\\/www.facebook.com\\\/BBQ-Entertainment-N-Catering-2437913376443540\",\"https:\\\/\\\/www.instagram.com\\\/bbqentertainmentncatering\\\/\",\"https:\\\/\\\/www.youtube.com\\\/channel\\\/UCmpuANQVhLy2Md8nrenp2jA\"]}]}<\/script>\n<!-- \/ Yoast SEO plugin. -->","yoast_head_json":{"title":"Liha-sisetermomeeter ETI Thermapen PROFESSIONAL must - BBQ Entertainment","robots":{"index":"index","follow":"follow","max-snippet":"max-snippet:-1","max-image-preview":"max-image-preview:large","max-video-preview":"max-video-preview:-1"},"canonical":"https:\/\/bbqentertainment.com\/toode\/liha-sisetermomeeter-eti-thermapen-professional-must\/","og_locale":"en_US","og_type":"article","og_title":"Liha-sisetermomeeter ETI Thermapen PROFESSIONAL must - BBQ Entertainment","og_description":"Liha-sisetermomeeter ETI Thermapen PROFESSIONAL must Thermapen Professional on Suurbritannias disainitud ja toodetud digitaalne toidutermomeeter, mida kasutavad nii profikokad kui kodukokad. Seade m\u00f5\u00f5dab temperatuuri kiiresti ja t\u00e4pselt, pakkudes usaldusv\u00e4\u00e4rseid tulemusi igal toiduvalmistamise etapil. Omadused    Kiire ja t\u00e4pne m\u00f5\u00f5tmine: n\u00e4it 3 sekundiga, t\u00e4psus \u00b10,4 \u00b0C; m\u00f5\u00f5tevahemik -49,9\u2026+299,9 \u00b0C  Mugav ja h\u00fcgieeniline kasutus: p\u00f6\u00f6ratav ekraan, automaatne taustvalgustus, liikumisanduriga energias\u00e4\u00e4sture\u017eiim  Antibakteriaalne korpus: sisaldab Biomaster-tehnoloogiat, mis v\u00e4hendab ristsaastumise riski  Veekindel: kaitseklass IP66\/67 \u2013 sobib kasutamiseks ka n\u00f5udepesuruumis v\u00f5i v\u00e4litingimustes  Paindlik kasutus: ekraan p\u00f6\u00f6rleb 360\u00b0, sobib nii parema- kui vasakuk\u00e4elistele  Roostevabast terasest sond: teravdatud ots tagab kiire ja t\u00e4pse toatemperatuuri lugemise  Kohandatav seade: v\u00f5imalik valida \u00b0C v\u00f5i \u00b0F, muuta automaatse unere\u017eiimi aega, lukustada ekraani asend ja valida m\u00f5\u00f5tet\u00e4psus  Tehnilised andmed    M\u00f5\u00f5tevahemik: -49,9\u2026+299,9 \u00b0C  T\u00e4psus: \u00b10,4 \u00b0C  Reaktsiooniaeg: umbes 3 s  Korpuse kaitseklass: IP66\/67  Sondi m\u00f5\u00f5t: \u00d83,3 \u00d7 110 mm  Toide: 1 \u00d7 AAA-patarei  Sobib kasutamiseksliha, kala, pagari- ja kondiitritoodete ning grilltoitude temperatuuri kontrollimiseks.","og_url":"https:\/\/bbqentertainment.com\/toode\/liha-sisetermomeeter-eti-thermapen-professional-must\/","og_site_name":"BBQ Entertainment","article_publisher":"https:\/\/www.facebook.com\/BBQ-Entertainment-N-Catering-2437913376443540","article_modified_time":"2026-03-07T19:24:41+00:00","og_image":[{"width":1200,"height":1200,"url":"https:\/\/bbqentertainment.com\/wp-content\/uploads\/2025\/10\/smoking-flavours-thermapen-one.jpg-e1761588926349.webp","type":"image\/webp"}],"twitter_card":"summary_large_image","twitter_misc":{"Est. reading time":"1 minute"},"schema":{"@context":"https:\/\/schema.org","@graph":[{"@type":["WebPage","ItemPage"],"@id":"https:\/\/bbqentertainment.com\/toode\/liha-sisetermomeeter-eti-thermapen-professional-must\/","url":"https:\/\/bbqentertainment.com\/toode\/liha-sisetermomeeter-eti-thermapen-professional-must\/","name":"Liha-sisetermomeeter ETI Thermapen PROFESSIONAL must - BBQ Entertainment","isPartOf":{"@id":"https:\/\/bbqentertainment.com\/#website"},"primaryImageOfPage":{"@id":"https:\/\/bbqentertainment.com\/toode\/liha-sisetermomeeter-eti-thermapen-professional-must\/#primaryimage"},"image":{"@id":"https:\/\/bbqentertainment.com\/toode\/liha-sisetermomeeter-eti-thermapen-professional-must\/#primaryimage"},"thumbnailUrl":"https:\/\/bbqentertainment.com\/wp-content\/uploads\/2025\/10\/smoking-flavours-thermapen-one.jpg-e1761588926349.webp","datePublished":"2025-10-27T18:01:17+00:00","dateModified":"2026-03-07T19:24:41+00:00","breadcrumb":{"@id":"https:\/\/bbqentertainment.com\/toode\/liha-sisetermomeeter-eti-thermapen-professional-must\/#breadcrumb"},"inLanguage":"en-US","potentialAction":[{"@type":"ReadAction","target":["https:\/\/bbqentertainment.com\/toode\/liha-sisetermomeeter-eti-thermapen-professional-must\/"]}]},{"@type":"ImageObject","inLanguage":"en-US","@id":"https:\/\/bbqentertainment.com\/toode\/liha-sisetermomeeter-eti-thermapen-professional-must\/#primaryimage","url":"https:\/\/bbqentertainment.com\/wp-content\/uploads\/2025\/10\/smoking-flavours-thermapen-one.jpg-e1761588926349.webp","contentUrl":"https:\/\/bbqentertainment.com\/wp-content\/uploads\/2025\/10\/smoking-flavours-thermapen-one.jpg-e1761588926349.webp","width":1200,"height":1200},{"@type":"BreadcrumbList","@id":"https:\/\/bbqentertainment.com\/toode\/liha-sisetermomeeter-eti-thermapen-professional-must\/#breadcrumb","itemListElement":[{"@type":"ListItem","position":1,"name":"AVALEHT","item":"https:\/\/bbqentertainment.com\/en\/"},{"@type":"ListItem","position":2,"name":"Tooted","item":"https:\/\/bbqentertainment.com\/tooted\/"},{"@type":"ListItem","position":3,"name":"Lisatarvikud","item":"https:\/\/bbqentertainment.com\/tootekategooria\/lisatarvikud\/"},{"@type":"ListItem","position":4,"name":"Termomeetrid","item":"https:\/\/bbqentertainment.com\/tootekategooria\/lisatarvikud\/termomeetrid\/"},{"@type":"ListItem","position":5,"name":"Liha-sisetermomeeter ETI Thermapen PROFESSIONAL must"}]},{"@type":"WebSite","@id":"https:\/\/bbqentertainment.com\/#website","url":"https:\/\/bbqentertainment.com\/","name":"BBQ Entertainment","description":"BBQ is a great lifestyle, not just fun!","publisher":{"@id":"https:\/\/bbqentertainment.com\/#organization"},"potentialAction":[{"@type":"SearchAction","target":{"@type":"EntryPoint","urlTemplate":"https:\/\/bbqentertainment.com\/?s={search_term_string}"},"query-input":{"@type":"PropertyValueSpecification","valueRequired":true,"valueName":"search_term_string"}}],"inLanguage":"en-US"},{"@type":"Organization","@id":"https:\/\/bbqentertainment.com\/#organization","name":"BBQ Entertainment O\u00dc","url":"https:\/\/bbqentertainment.com\/","logo":{"@type":"ImageObject","inLanguage":"en-US","@id":"https:\/\/bbqentertainment.com\/#\/schema\/logo\/image\/","url":"https:\/\/bbqentertainment.com\/wp-content\/uploads\/2020\/04\/BBQ-Entertainment-N-Catering-Enn-Tobreluts-Logo.png","contentUrl":"https:\/\/bbqentertainment.com\/wp-content\/uploads\/2020\/04\/BBQ-Entertainment-N-Catering-Enn-Tobreluts-Logo.png","width":628,"height":266,"caption":"BBQ Entertainment O\u00dc"},"image":{"@id":"https:\/\/bbqentertainment.com\/#\/schema\/logo\/image\/"},"sameAs":["https:\/\/www.facebook.com\/BBQ-Entertainment-N-Catering-2437913376443540","https:\/\/www.instagram.com\/bbqentertainmentncatering\/","https:\/\/www.youtube.com\/channel\/UCmpuANQVhLy2Md8nrenp2jA"]}]}},"_links":{"self":[{"href":"https:\/\/bbqentertainment.com\/en\/wp-json\/wp\/v2\/product\/254831","targetHints":{"allow":["GET"]}}],"collection":[{"href":"https:\/\/bbqentertainment.com\/en\/wp-json\/wp\/v2\/product"}],"about":[{"href":"https:\/\/bbqentertainment.com\/en\/wp-json\/wp\/v2\/types\/product"}],"wp:featuredmedia":[{"embeddable":true,"href":"https:\/\/bbqentertainment.com\/en\/wp-json\/wp\/v2\/media\/254832"}],"wp:attachment":[{"href":"https:\/\/bbqentertainment.com\/en\/wp-json\/wp\/v2\/media?parent=254831"}],"wp:term":[{"taxonomy":"product_brand","embeddable":true,"href":"https:\/\/bbqentertainment.com\/en\/wp-json\/wp\/v2\/product_brand?post=254831"},{"taxonomy":"product_cat","embeddable":true,"href":"https:\/\/bbqentertainment.com\/en\/wp-json\/wp\/v2\/product_cat?post=254831"},{"taxonomy":"product_tag","embeddable":true,"href":"https:\/\/bbqentertainment.com\/en\/wp-json\/wp\/v2\/product_tag?post=254831"}],"curies":[{"name":"wp","href":"https:\/\/api.w.org\/{rel}","templated":true}]}}