{"id":254834,"date":"2025-10-27T20:16:26","date_gmt":"2025-10-27T18:16:26","guid":{"rendered":"https:\/\/bbqentertainment.com\/?post_type=product&#038;p=254834"},"modified":"2026-03-07T21:24:15","modified_gmt":"2026-03-07T19:24:15","slug":"eti-pro-surface-thermapen-pinna-termomeeter-grillidele-ja-pliidiplaatidele-black-0-1-or-1-0-c-resolutsioon-50-to-300-c","status":"publish","type":"product","link":"https:\/\/bbqentertainment.com\/en\/toode\/eti-pro-surface-thermapen-pinna-termomeeter-grillidele-ja-pliidiplaatidele-black-0-1-or-1-0-c-resolutsioon-50-to-300-c\/","title":{"rendered":"ETI Pro-Surface Thermapen pinna-termomeeter grillidele ja pliidiplaatidele \/ Black 0.1 or 1.0 \u00b0C resolutsioon -50 to 300 \u00b0C"},"content":{"rendered":"","protected":false},"excerpt":{"rendered":"<h3><strong>ETI Pro-Surface Thermapen pinna-termomeeter grillidele ja pliidiplaatidele \/ Black 0.1 or 1.0 \u00b0C resolutsioon -50 to 300 \u00b0C<\/strong><\/h3>\n<p style=\"font-weight: 400\">Pro-Surface Thermapen on loodud erinevate pindade n\u00e4iteks grillide, pliitide ja kuumaplaatide temperatuuri m\u00f5\u00f5tmiseks. T\u00e4nu p\u00f6\u00f6ratavale sondile ja liikuvale m\u00f5\u00f5teotsale saavutab termomeeter t\u00e4pse kontakti pinnaga ning annab usaldusv\u00e4\u00e4rse tulemuse juba m\u00f5ne sekundiga. Seade on valmistatud professionaalseks kasutuseks, sobides h\u00e4sti nii restoranik\u00f6\u00f6kidesse kui kodusesse grillialasse.<\/p>\n<p style=\"font-weight: 400\" data-start=\"572\" data-end=\"586\"><strong data-start=\"572\" data-end=\"584\">Omadused<\/strong><\/p>\n<ul>\n<li data-start=\"589\" data-end=\"645\">p\u00f6\u00f6ratav sond ja liigendots t\u00e4pseks kontaktiks pinnaga<\/li>\n<li data-start=\"648\" data-end=\"684\">m\u00f5\u00f5tevahemik: -49,9 kuni +299,9 \u00b0C<\/li>\n<li data-start=\"687\" data-end=\"748\">kasutatav \u00fche k\u00e4ega, automaatne sissel\u00fclitus sondi avamisel<\/li>\n<li data-start=\"751\" data-end=\"803\">t\u00e4psus: \u00b10,4 \u00b0C (-49,9 kuni +149,9 \u00b0C), muidu \u00b11 %<\/li>\n<li data-start=\"806\" data-end=\"845\">lahutusv\u00f5ime valitav: 0,1 \u00b0C v\u00f5i 1 \u00b0C<\/li>\n<li data-start=\"848\" data-end=\"904\">pritsmekindel korpus, m\u00f5eldud t\u00f6\u00f6stuslikuks kasutuseks<\/li>\n<li data-start=\"907\" data-end=\"958\">antibakteriaalse kaitsega ABS-plastik (Biomaster)<\/li>\n<li data-start=\"961\" data-end=\"988\">tasuta kalibreerimist\u00f5end<\/li>\n<li data-start=\"991\" data-end=\"1028\">vastab Euroopa standardile EN 13485<\/li>\n<li data-start=\"1031\" data-end=\"1071\">kaasas tasuta kaitsev vutlar (830-001)<\/li>\n<\/ul>\n<p style=\"font-weight: 400\"><strong>Tehnilised andmed<\/strong><\/p>\n<ul>\n<li data-start=\"1122\" data-end=\"1159\">M\u00f5\u00f5tevahemik: \u201349,9 \u00b0C \u2026 +299,9 \u00b0C<\/li>\n<li data-start=\"1162\" data-end=\"1193\">T\u00f6\u00f6keskkond: \u201320 \u00b0C \u2026 +50 \u00b0C<\/li>\n<li data-start=\"1196\" data-end=\"1217\">Ekraan: 14,5 mm LCD<\/li>\n<li data-start=\"1220\" data-end=\"1247\">Sensor: K-t\u00fc\u00fcpi termopaar<\/li>\n<li data-start=\"1250\" data-end=\"1288\">Toide: 2 \u00d7 3 V CR2032 liitiumpatarei<\/li>\n<li data-start=\"1291\" data-end=\"1317\">Aku kestus: u 1500 tundi<\/li>\n<li data-start=\"1320\" data-end=\"1346\">M\u00f5\u00f5dud: 19 \u00d7 47 \u00d7 153 mm<\/li>\n<li data-start=\"1349\" data-end=\"1362\">Kaal: 100 g<\/li>\n<li data-start=\"1365\" data-end=\"1389\">M\u00f5\u00f5teskaala: \u00b0C v\u00f5i \u00b0F<\/li>\n<li data-start=\"1392\" data-end=\"1435\">Materjal: ABS-plastik, Biomaster-kaitsega<\/li>\n<li data-start=\"1438\" data-end=\"1469\">P\u00e4ritoluriik: \u00dchendkuningriik<\/li>\n<\/ul>\n<p style=\"font-weight: 400\">\n","protected":false},"featured_media":254835,"template":"","meta":{"inline_featured_image":false},"product_brand":[],"product_cat":[92,479,24],"product_tag":[],"class_list":{"0":"post-254834","1":"product","2":"type-product","3":"status-publish","4":"has-post-thumbnail","6":"product_cat-lisatarvikud","7":"product_cat-grillitarvikud","8":"product_cat-termomeetrid","10":"first","11":"instock","12":"taxable","13":"shipping-taxable","14":"purchasable","15":"product-type-simple"},"yoast_head":"<!-- This site is optimized with the Yoast SEO plugin v27.4 - https:\/\/yoast.com\/product\/yoast-seo-wordpress\/ -->\n<title>ETI Pro-Surface Thermapen pinna-termomeeter grillidele ja pliidiplaatidele \/ Black 0.1 or 1.0 \u00b0C resolutsioon -50 to 300 \u00b0C - BBQ Entertainment<\/title>\n<meta name=\"robots\" content=\"index, follow, max-snippet:-1, max-image-preview:large, max-video-preview:-1\" \/>\n<link rel=\"canonical\" href=\"https:\/\/bbqentertainment.com\/toode\/eti-pro-surface-thermapen-pinna-termomeeter-grillidele-ja-pliidiplaatidele-black-0-1-or-1-0-c-resolutsioon-50-to-300-c\/\" \/>\n<meta property=\"og:locale\" content=\"en_US\" \/>\n<meta property=\"og:type\" content=\"article\" \/>\n<meta property=\"og:title\" content=\"ETI Pro-Surface Thermapen pinna-termomeeter grillidele ja pliidiplaatidele \/ Black 0.1 or 1.0 \u00b0C resolutsioon -50 to 300 \u00b0C - BBQ Entertainment\" \/>\n<meta property=\"og:description\" content=\"ETI Pro-Surface Thermapen pinna-termomeeter grillidele ja pliidiplaatidele \/ Black 0.1 or 1.0 \u00b0C resolutsioon -50 to 300 \u00b0C Pro-Surface Thermapen on loodud erinevate pindade n\u00e4iteks grillide, pliitide ja kuumaplaatide temperatuuri m\u00f5\u00f5tmiseks. T\u00e4nu p\u00f6\u00f6ratavale sondile ja liikuvale m\u00f5\u00f5teotsale saavutab termomeeter t\u00e4pse kontakti pinnaga ning annab usaldusv\u00e4\u00e4rse tulemuse juba m\u00f5ne sekundiga. Seade on valmistatud professionaalseks kasutuseks, sobides h\u00e4sti nii restoranik\u00f6\u00f6kidesse kui kodusesse grillialasse. Omadused    p\u00f6\u00f6ratav sond ja liigendots t\u00e4pseks kontaktiks pinnaga  m\u00f5\u00f5tevahemik: -49,9 kuni +299,9 \u00b0C  kasutatav \u00fche k\u00e4ega, automaatne sissel\u00fclitus sondi avamisel  t\u00e4psus: \u00b10,4 \u00b0C (-49,9 kuni +149,9 \u00b0C), muidu \u00b11 %  lahutusv\u00f5ime valitav: 0,1 \u00b0C v\u00f5i 1 \u00b0C  pritsmekindel korpus, m\u00f5eldud t\u00f6\u00f6stuslikuks kasutuseks  antibakteriaalse kaitsega ABS-plastik (Biomaster)  tasuta kalibreerimist\u00f5end  vastab Euroopa standardile EN 13485  kaasas tasuta kaitsev vutlar (830-001)  Tehnilised andmed    M\u00f5\u00f5tevahemik: \u201349,9 \u00b0C \u2026 +299,9 \u00b0C  T\u00f6\u00f6keskkond: \u201320 \u00b0C \u2026 +50 \u00b0C  Ekraan: 14,5 mm LCD  Sensor: K-t\u00fc\u00fcpi termopaar  Toide: 2 \u00d7 3 V CR2032 liitiumpatarei  Aku kestus: u 1500 tundi  M\u00f5\u00f5dud: 19 \u00d7 47 \u00d7 153 mm  Kaal: 100 g  M\u00f5\u00f5teskaala: \u00b0C v\u00f5i \u00b0F  Materjal: ABS-plastik, Biomaster-kaitsega  P\u00e4ritoluriik: \u00dchendkuningriik\" \/>\n<meta property=\"og:url\" content=\"https:\/\/bbqentertainment.com\/toode\/eti-pro-surface-thermapen-pinna-termomeeter-grillidele-ja-pliidiplaatidele-black-0-1-or-1-0-c-resolutsioon-50-to-300-c\/\" \/>\n<meta property=\"og:site_name\" content=\"BBQ Entertainment\" \/>\n<meta property=\"article:publisher\" content=\"https:\/\/www.facebook.com\/BBQ-Entertainment-N-Catering-2437913376443540\" \/>\n<meta property=\"article:modified_time\" content=\"2026-03-07T19:24:15+00:00\" \/>\n<meta property=\"og:image\" content=\"https:\/\/bbqentertainment.com\/wp-content\/uploads\/2025\/10\/487__01171.jpg\" \/>\n\t<meta property=\"og:image:width\" content=\"1280\" \/>\n\t<meta property=\"og:image:height\" content=\"1280\" \/>\n\t<meta property=\"og:image:type\" content=\"image\/jpeg\" \/>\n<meta name=\"twitter:card\" content=\"summary_large_image\" \/>\n<meta name=\"twitter:label1\" content=\"Est. reading time\" \/>\n\t<meta name=\"twitter:data1\" content=\"1 minute\" \/>\n<script type=\"application\/ld+json\" class=\"yoast-schema-graph\">{\"@context\":\"https:\\\/\\\/schema.org\",\"@graph\":[{\"@type\":[\"WebPage\",\"ItemPage\"],\"@id\":\"https:\\\/\\\/bbqentertainment.com\\\/toode\\\/eti-pro-surface-thermapen-pinna-termomeeter-grillidele-ja-pliidiplaatidele-black-0-1-or-1-0-c-resolutsioon-50-to-300-c\\\/\",\"url\":\"https:\\\/\\\/bbqentertainment.com\\\/toode\\\/eti-pro-surface-thermapen-pinna-termomeeter-grillidele-ja-pliidiplaatidele-black-0-1-or-1-0-c-resolutsioon-50-to-300-c\\\/\",\"name\":\"ETI Pro-Surface Thermapen pinna-termomeeter grillidele ja pliidiplaatidele \\\/ Black 0.1 or 1.0 \u00b0C resolutsioon -50 to 300 \u00b0C - BBQ Entertainment\",\"isPartOf\":{\"@id\":\"https:\\\/\\\/bbqentertainment.com\\\/#website\"},\"primaryImageOfPage\":{\"@id\":\"https:\\\/\\\/bbqentertainment.com\\\/toode\\\/eti-pro-surface-thermapen-pinna-termomeeter-grillidele-ja-pliidiplaatidele-black-0-1-or-1-0-c-resolutsioon-50-to-300-c\\\/#primaryimage\"},\"image\":{\"@id\":\"https:\\\/\\\/bbqentertainment.com\\\/toode\\\/eti-pro-surface-thermapen-pinna-termomeeter-grillidele-ja-pliidiplaatidele-black-0-1-or-1-0-c-resolutsioon-50-to-300-c\\\/#primaryimage\"},\"thumbnailUrl\":\"https:\\\/\\\/bbqentertainment.com\\\/wp-content\\\/uploads\\\/2025\\\/10\\\/487__01171.jpg\",\"datePublished\":\"2025-10-27T18:16:26+00:00\",\"dateModified\":\"2026-03-07T19:24:15+00:00\",\"breadcrumb\":{\"@id\":\"https:\\\/\\\/bbqentertainment.com\\\/toode\\\/eti-pro-surface-thermapen-pinna-termomeeter-grillidele-ja-pliidiplaatidele-black-0-1-or-1-0-c-resolutsioon-50-to-300-c\\\/#breadcrumb\"},\"inLanguage\":\"en-US\",\"potentialAction\":[{\"@type\":\"ReadAction\",\"target\":[\"https:\\\/\\\/bbqentertainment.com\\\/toode\\\/eti-pro-surface-thermapen-pinna-termomeeter-grillidele-ja-pliidiplaatidele-black-0-1-or-1-0-c-resolutsioon-50-to-300-c\\\/\"]}]},{\"@type\":\"ImageObject\",\"inLanguage\":\"en-US\",\"@id\":\"https:\\\/\\\/bbqentertainment.com\\\/toode\\\/eti-pro-surface-thermapen-pinna-termomeeter-grillidele-ja-pliidiplaatidele-black-0-1-or-1-0-c-resolutsioon-50-to-300-c\\\/#primaryimage\",\"url\":\"https:\\\/\\\/bbqentertainment.com\\\/wp-content\\\/uploads\\\/2025\\\/10\\\/487__01171.jpg\",\"contentUrl\":\"https:\\\/\\\/bbqentertainment.com\\\/wp-content\\\/uploads\\\/2025\\\/10\\\/487__01171.jpg\",\"width\":1280,\"height\":1280},{\"@type\":\"BreadcrumbList\",\"@id\":\"https:\\\/\\\/bbqentertainment.com\\\/toode\\\/eti-pro-surface-thermapen-pinna-termomeeter-grillidele-ja-pliidiplaatidele-black-0-1-or-1-0-c-resolutsioon-50-to-300-c\\\/#breadcrumb\",\"itemListElement\":[{\"@type\":\"ListItem\",\"position\":1,\"name\":\"AVALEHT\",\"item\":\"https:\\\/\\\/bbqentertainment.com\\\/en\\\/\"},{\"@type\":\"ListItem\",\"position\":2,\"name\":\"Tooted\",\"item\":\"https:\\\/\\\/bbqentertainment.com\\\/tooted\\\/\"},{\"@type\":\"ListItem\",\"position\":3,\"name\":\"Lisatarvikud\",\"item\":\"https:\\\/\\\/bbqentertainment.com\\\/tootekategooria\\\/lisatarvikud\\\/\"},{\"@type\":\"ListItem\",\"position\":4,\"name\":\"Termomeetrid\",\"item\":\"https:\\\/\\\/bbqentertainment.com\\\/tootekategooria\\\/lisatarvikud\\\/termomeetrid\\\/\"},{\"@type\":\"ListItem\",\"position\":5,\"name\":\"ETI Pro-Surface Thermapen pinna-termomeeter grillidele ja pliidiplaatidele \\\/ Black 0.1 or 1.0 \u00b0C resolutsioon -50 to 300 \u00b0C\"}]},{\"@type\":\"WebSite\",\"@id\":\"https:\\\/\\\/bbqentertainment.com\\\/#website\",\"url\":\"https:\\\/\\\/bbqentertainment.com\\\/\",\"name\":\"BBQ Entertainment\",\"description\":\"BBQ is a great lifestyle, not just fun!\",\"publisher\":{\"@id\":\"https:\\\/\\\/bbqentertainment.com\\\/#organization\"},\"potentialAction\":[{\"@type\":\"SearchAction\",\"target\":{\"@type\":\"EntryPoint\",\"urlTemplate\":\"https:\\\/\\\/bbqentertainment.com\\\/?s={search_term_string}\"},\"query-input\":{\"@type\":\"PropertyValueSpecification\",\"valueRequired\":true,\"valueName\":\"search_term_string\"}}],\"inLanguage\":\"en-US\"},{\"@type\":\"Organization\",\"@id\":\"https:\\\/\\\/bbqentertainment.com\\\/#organization\",\"name\":\"BBQ Entertainment O\u00dc\",\"url\":\"https:\\\/\\\/bbqentertainment.com\\\/\",\"logo\":{\"@type\":\"ImageObject\",\"inLanguage\":\"en-US\",\"@id\":\"https:\\\/\\\/bbqentertainment.com\\\/#\\\/schema\\\/logo\\\/image\\\/\",\"url\":\"https:\\\/\\\/bbqentertainment.com\\\/wp-content\\\/uploads\\\/2020\\\/04\\\/BBQ-Entertainment-N-Catering-Enn-Tobreluts-Logo.png\",\"contentUrl\":\"https:\\\/\\\/bbqentertainment.com\\\/wp-content\\\/uploads\\\/2020\\\/04\\\/BBQ-Entertainment-N-Catering-Enn-Tobreluts-Logo.png\",\"width\":628,\"height\":266,\"caption\":\"BBQ Entertainment O\u00dc\"},\"image\":{\"@id\":\"https:\\\/\\\/bbqentertainment.com\\\/#\\\/schema\\\/logo\\\/image\\\/\"},\"sameAs\":[\"https:\\\/\\\/www.facebook.com\\\/BBQ-Entertainment-N-Catering-2437913376443540\",\"https:\\\/\\\/www.instagram.com\\\/bbqentertainmentncatering\\\/\",\"https:\\\/\\\/www.youtube.com\\\/channel\\\/UCmpuANQVhLy2Md8nrenp2jA\"]}]}<\/script>\n<!-- \/ Yoast SEO plugin. -->","yoast_head_json":{"title":"ETI Pro-Surface Thermapen pinna-termomeeter grillidele ja pliidiplaatidele \/ Black 0.1 or 1.0 \u00b0C resolutsioon -50 to 300 \u00b0C - BBQ Entertainment","robots":{"index":"index","follow":"follow","max-snippet":"max-snippet:-1","max-image-preview":"max-image-preview:large","max-video-preview":"max-video-preview:-1"},"canonical":"https:\/\/bbqentertainment.com\/toode\/eti-pro-surface-thermapen-pinna-termomeeter-grillidele-ja-pliidiplaatidele-black-0-1-or-1-0-c-resolutsioon-50-to-300-c\/","og_locale":"en_US","og_type":"article","og_title":"ETI Pro-Surface Thermapen pinna-termomeeter grillidele ja pliidiplaatidele \/ Black 0.1 or 1.0 \u00b0C resolutsioon -50 to 300 \u00b0C - BBQ Entertainment","og_description":"ETI Pro-Surface Thermapen pinna-termomeeter grillidele ja pliidiplaatidele \/ Black 0.1 or 1.0 \u00b0C resolutsioon -50 to 300 \u00b0C Pro-Surface Thermapen on loodud erinevate pindade n\u00e4iteks grillide, pliitide ja kuumaplaatide temperatuuri m\u00f5\u00f5tmiseks. T\u00e4nu p\u00f6\u00f6ratavale sondile ja liikuvale m\u00f5\u00f5teotsale saavutab termomeeter t\u00e4pse kontakti pinnaga ning annab usaldusv\u00e4\u00e4rse tulemuse juba m\u00f5ne sekundiga. Seade on valmistatud professionaalseks kasutuseks, sobides h\u00e4sti nii restoranik\u00f6\u00f6kidesse kui kodusesse grillialasse. Omadused    p\u00f6\u00f6ratav sond ja liigendots t\u00e4pseks kontaktiks pinnaga  m\u00f5\u00f5tevahemik: -49,9 kuni +299,9 \u00b0C  kasutatav \u00fche k\u00e4ega, automaatne sissel\u00fclitus sondi avamisel  t\u00e4psus: \u00b10,4 \u00b0C (-49,9 kuni +149,9 \u00b0C), muidu \u00b11 %  lahutusv\u00f5ime valitav: 0,1 \u00b0C v\u00f5i 1 \u00b0C  pritsmekindel korpus, m\u00f5eldud t\u00f6\u00f6stuslikuks kasutuseks  antibakteriaalse kaitsega ABS-plastik (Biomaster)  tasuta kalibreerimist\u00f5end  vastab Euroopa standardile EN 13485  kaasas tasuta kaitsev vutlar (830-001)  Tehnilised andmed    M\u00f5\u00f5tevahemik: \u201349,9 \u00b0C \u2026 +299,9 \u00b0C  T\u00f6\u00f6keskkond: \u201320 \u00b0C \u2026 +50 \u00b0C  Ekraan: 14,5 mm LCD  Sensor: K-t\u00fc\u00fcpi termopaar  Toide: 2 \u00d7 3 V CR2032 liitiumpatarei  Aku kestus: u 1500 tundi  M\u00f5\u00f5dud: 19 \u00d7 47 \u00d7 153 mm  Kaal: 100 g  M\u00f5\u00f5teskaala: \u00b0C v\u00f5i \u00b0F  Materjal: ABS-plastik, Biomaster-kaitsega  P\u00e4ritoluriik: \u00dchendkuningriik","og_url":"https:\/\/bbqentertainment.com\/toode\/eti-pro-surface-thermapen-pinna-termomeeter-grillidele-ja-pliidiplaatidele-black-0-1-or-1-0-c-resolutsioon-50-to-300-c\/","og_site_name":"BBQ Entertainment","article_publisher":"https:\/\/www.facebook.com\/BBQ-Entertainment-N-Catering-2437913376443540","article_modified_time":"2026-03-07T19:24:15+00:00","og_image":[{"width":1280,"height":1280,"url":"https:\/\/bbqentertainment.com\/wp-content\/uploads\/2025\/10\/487__01171.jpg","type":"image\/jpeg"}],"twitter_card":"summary_large_image","twitter_misc":{"Est. reading time":"1 minute"},"schema":{"@context":"https:\/\/schema.org","@graph":[{"@type":["WebPage","ItemPage"],"@id":"https:\/\/bbqentertainment.com\/toode\/eti-pro-surface-thermapen-pinna-termomeeter-grillidele-ja-pliidiplaatidele-black-0-1-or-1-0-c-resolutsioon-50-to-300-c\/","url":"https:\/\/bbqentertainment.com\/toode\/eti-pro-surface-thermapen-pinna-termomeeter-grillidele-ja-pliidiplaatidele-black-0-1-or-1-0-c-resolutsioon-50-to-300-c\/","name":"ETI Pro-Surface Thermapen pinna-termomeeter grillidele ja pliidiplaatidele \/ Black 0.1 or 1.0 \u00b0C resolutsioon -50 to 300 \u00b0C - BBQ Entertainment","isPartOf":{"@id":"https:\/\/bbqentertainment.com\/#website"},"primaryImageOfPage":{"@id":"https:\/\/bbqentertainment.com\/toode\/eti-pro-surface-thermapen-pinna-termomeeter-grillidele-ja-pliidiplaatidele-black-0-1-or-1-0-c-resolutsioon-50-to-300-c\/#primaryimage"},"image":{"@id":"https:\/\/bbqentertainment.com\/toode\/eti-pro-surface-thermapen-pinna-termomeeter-grillidele-ja-pliidiplaatidele-black-0-1-or-1-0-c-resolutsioon-50-to-300-c\/#primaryimage"},"thumbnailUrl":"https:\/\/bbqentertainment.com\/wp-content\/uploads\/2025\/10\/487__01171.jpg","datePublished":"2025-10-27T18:16:26+00:00","dateModified":"2026-03-07T19:24:15+00:00","breadcrumb":{"@id":"https:\/\/bbqentertainment.com\/toode\/eti-pro-surface-thermapen-pinna-termomeeter-grillidele-ja-pliidiplaatidele-black-0-1-or-1-0-c-resolutsioon-50-to-300-c\/#breadcrumb"},"inLanguage":"en-US","potentialAction":[{"@type":"ReadAction","target":["https:\/\/bbqentertainment.com\/toode\/eti-pro-surface-thermapen-pinna-termomeeter-grillidele-ja-pliidiplaatidele-black-0-1-or-1-0-c-resolutsioon-50-to-300-c\/"]}]},{"@type":"ImageObject","inLanguage":"en-US","@id":"https:\/\/bbqentertainment.com\/toode\/eti-pro-surface-thermapen-pinna-termomeeter-grillidele-ja-pliidiplaatidele-black-0-1-or-1-0-c-resolutsioon-50-to-300-c\/#primaryimage","url":"https:\/\/bbqentertainment.com\/wp-content\/uploads\/2025\/10\/487__01171.jpg","contentUrl":"https:\/\/bbqentertainment.com\/wp-content\/uploads\/2025\/10\/487__01171.jpg","width":1280,"height":1280},{"@type":"BreadcrumbList","@id":"https:\/\/bbqentertainment.com\/toode\/eti-pro-surface-thermapen-pinna-termomeeter-grillidele-ja-pliidiplaatidele-black-0-1-or-1-0-c-resolutsioon-50-to-300-c\/#breadcrumb","itemListElement":[{"@type":"ListItem","position":1,"name":"AVALEHT","item":"https:\/\/bbqentertainment.com\/en\/"},{"@type":"ListItem","position":2,"name":"Tooted","item":"https:\/\/bbqentertainment.com\/tooted\/"},{"@type":"ListItem","position":3,"name":"Lisatarvikud","item":"https:\/\/bbqentertainment.com\/tootekategooria\/lisatarvikud\/"},{"@type":"ListItem","position":4,"name":"Termomeetrid","item":"https:\/\/bbqentertainment.com\/tootekategooria\/lisatarvikud\/termomeetrid\/"},{"@type":"ListItem","position":5,"name":"ETI Pro-Surface Thermapen pinna-termomeeter grillidele ja pliidiplaatidele \/ Black 0.1 or 1.0 \u00b0C resolutsioon -50 to 300 \u00b0C"}]},{"@type":"WebSite","@id":"https:\/\/bbqentertainment.com\/#website","url":"https:\/\/bbqentertainment.com\/","name":"BBQ Entertainment","description":"BBQ is a great lifestyle, not just fun!","publisher":{"@id":"https:\/\/bbqentertainment.com\/#organization"},"potentialAction":[{"@type":"SearchAction","target":{"@type":"EntryPoint","urlTemplate":"https:\/\/bbqentertainment.com\/?s={search_term_string}"},"query-input":{"@type":"PropertyValueSpecification","valueRequired":true,"valueName":"search_term_string"}}],"inLanguage":"en-US"},{"@type":"Organization","@id":"https:\/\/bbqentertainment.com\/#organization","name":"BBQ Entertainment O\u00dc","url":"https:\/\/bbqentertainment.com\/","logo":{"@type":"ImageObject","inLanguage":"en-US","@id":"https:\/\/bbqentertainment.com\/#\/schema\/logo\/image\/","url":"https:\/\/bbqentertainment.com\/wp-content\/uploads\/2020\/04\/BBQ-Entertainment-N-Catering-Enn-Tobreluts-Logo.png","contentUrl":"https:\/\/bbqentertainment.com\/wp-content\/uploads\/2020\/04\/BBQ-Entertainment-N-Catering-Enn-Tobreluts-Logo.png","width":628,"height":266,"caption":"BBQ Entertainment O\u00dc"},"image":{"@id":"https:\/\/bbqentertainment.com\/#\/schema\/logo\/image\/"},"sameAs":["https:\/\/www.facebook.com\/BBQ-Entertainment-N-Catering-2437913376443540","https:\/\/www.instagram.com\/bbqentertainmentncatering\/","https:\/\/www.youtube.com\/channel\/UCmpuANQVhLy2Md8nrenp2jA"]}]}},"_links":{"self":[{"href":"https:\/\/bbqentertainment.com\/en\/wp-json\/wp\/v2\/product\/254834","targetHints":{"allow":["GET"]}}],"collection":[{"href":"https:\/\/bbqentertainment.com\/en\/wp-json\/wp\/v2\/product"}],"about":[{"href":"https:\/\/bbqentertainment.com\/en\/wp-json\/wp\/v2\/types\/product"}],"wp:featuredmedia":[{"embeddable":true,"href":"https:\/\/bbqentertainment.com\/en\/wp-json\/wp\/v2\/media\/254835"}],"wp:attachment":[{"href":"https:\/\/bbqentertainment.com\/en\/wp-json\/wp\/v2\/media?parent=254834"}],"wp:term":[{"taxonomy":"product_brand","embeddable":true,"href":"https:\/\/bbqentertainment.com\/en\/wp-json\/wp\/v2\/product_brand?post=254834"},{"taxonomy":"product_cat","embeddable":true,"href":"https:\/\/bbqentertainment.com\/en\/wp-json\/wp\/v2\/product_cat?post=254834"},{"taxonomy":"product_tag","embeddable":true,"href":"https:\/\/bbqentertainment.com\/en\/wp-json\/wp\/v2\/product_tag?post=254834"}],"curies":[{"name":"wp","href":"https:\/\/api.w.org\/{rel}","templated":true}]}}