{"id":254846,"date":"2025-10-29T15:27:34","date_gmt":"2025-10-29T13:27:34","guid":{"rendered":"https:\/\/bbqentertainment.com\/?post_type=product&#038;p=254846"},"modified":"2026-04-06T12:26:39","modified_gmt":"2026-04-06T09:26:39","slug":"napoleon-allure-32-kuttefunktsiooniga-elektrikamin-radiaator","status":"publish","type":"product","link":"https:\/\/bbqentertainment.com\/en\/toode\/napoleon-allure-32-kuttefunktsiooniga-elektrikamin-radiaator\/","title":{"rendered":"Napoleon ALLURE\u2122 32 horisontaalne k\u00fcttefunktsiooniga elektrikamin-radiaator"},"content":{"rendered":"","protected":false},"excerpt":{"rendered":"<h3><strong>Napoleon ALLURE\u2122 32 horisontaalne k\u00fcttefunktsiooniga elektrikamin-radiaator<\/strong><\/h3>\n<p style=\"font-weight: 400\">Napoleon Allure kamin loob realistliku LED-leegiefekti ja annab meeldivat soojust, sobides h\u00e4sti eluruumi v\u00f5i kontorisse, kus soovitakse visuaalset hubasust ilma suitsu ja hoolduseta.<\/p>\n<p style=\"font-weight: 400\"><strong>Omadused<\/strong><\/p>\n<ul>\n<li data-start=\"411\" data-end=\"573\">Disain &#8211; must metallkorpus ja karastatud turvaklaas. Sobib seinale paigaldamiseks v\u00f5i s\u00fcvistamiseks.<\/li>\n<li data-start=\"684\" data-end=\"773\">Kasutus &#8211; kaugjuhtimispuldiga saab reguleerida nii soojust kui LED-leegi v\u00e4rvitooni &#8211; soe oran\u017e, jahedam sinine v\u00f5i nende mitmev\u00e4rviline kombinatsioon. LED-valgustid on energias\u00e4\u00e4stlikud ja pika kasutuseaga<\/li>\n<li data-start=\"776\" data-end=\"863\">Soojus &#8211; soojusv\u00f5imsus sarnaneb elektriradiaatorile ja sobib lisasoojuse allikaks. Kaheastmelise soojusv\u00f5imsusega (950 W ja 2000 W) mudelid suudavad soojendada kuni 30 m\u00b2 suurust ruumi.<\/li>\n<li data-start=\"866\" data-end=\"954\">Ventilatsioon \u2013 soovi korral saab kasutada ainult ventileerimisre\u017eiimi, ilma k\u00fctet sisse l\u00fclitamata.<\/li>\n<li>Ohutus &#8211; \u00fclekuumenemiskaitse ja automaatne v\u00e4ljal\u00fclitus tagavad turvalise kasutuse.<\/li>\n<li data-start=\"957\" data-end=\"1025\">Lihtne paigaldus &#8211; komplektis on k\u00f5ik vajalik seinakinnituseks.<\/li>\n<\/ul>\n<p style=\"font-weight: 400\"><strong data-start=\"1027\" data-end=\"1041\">Komplektis<\/strong><\/p>\n<ul>\n<li data-start=\"1046\" data-end=\"1065\">elektriline kamin<\/li>\n<li data-start=\"1068\" data-end=\"1086\">kaugjuhtimispult<\/li>\n<li data-start=\"1089\" data-end=\"1115\">dekoratiivsed kristallid<\/li>\n<li data-start=\"1118\" data-end=\"1163\">seinale kinnitamise tarvikud ja kaablikanal<\/li>\n<\/ul>\n<p style=\"font-weight: 400\">\n","protected":false},"featured_media":254851,"template":"","meta":{"inline_featured_image":false},"product_brand":[],"product_cat":[562,178],"product_tag":[],"class_list":{"0":"post-254846","1":"product","2":"type-product","3":"status-publish","4":"has-post-thumbnail","6":"product_cat-lisatarvikud-napoleon","7":"product_cat-muud-tooted","8":"product_shipping_class-ainult-ise-jarele-tulemisega","10":"first","11":"instock","12":"taxable","13":"shipping-taxable","14":"purchasable","15":"product-type-simple"},"yoast_head":"<!-- This site is optimized with the Yoast SEO plugin v27.4 - https:\/\/yoast.com\/product\/yoast-seo-wordpress\/ -->\n<title>Napoleon ALLURE\u2122 32 horisontaalne k\u00fcttefunktsiooniga elektrikamin-radiaator - BBQ Entertainment<\/title>\n<meta name=\"description\" content=\"Napoleon Allure 32 elektriline kamin loob LED-leegiefekti ja sooja atmosf\u00e4\u00e4ri. Must metallkorpus, kaugjuhtimispult ja ohutu \u00fclekuumenemiskaitse.\" \/>\n<meta name=\"robots\" content=\"index, follow, max-snippet:-1, max-image-preview:large, max-video-preview:-1\" \/>\n<link rel=\"canonical\" href=\"https:\/\/bbqentertainment.com\/toode\/napoleon-allure-32-kuttefunktsiooniga-elektrikamin-radiaator\/\" \/>\n<meta property=\"og:locale\" content=\"en_US\" \/>\n<meta property=\"og:type\" content=\"article\" \/>\n<meta property=\"og:title\" content=\"Napoleon ALLURE\u2122 32 horisontaalne k\u00fcttefunktsiooniga elektrikamin-radiaator - BBQ Entertainment\" \/>\n<meta property=\"og:description\" content=\"Napoleon Allure 32 elektriline kamin loob LED-leegiefekti ja sooja atmosf\u00e4\u00e4ri. Must metallkorpus, kaugjuhtimispult ja ohutu \u00fclekuumenemiskaitse.\" \/>\n<meta property=\"og:url\" content=\"https:\/\/bbqentertainment.com\/toode\/napoleon-allure-32-kuttefunktsiooniga-elektrikamin-radiaator\/\" \/>\n<meta property=\"og:site_name\" content=\"BBQ Entertainment\" \/>\n<meta property=\"article:publisher\" content=\"https:\/\/www.facebook.com\/BBQ-Entertainment-N-Catering-2437913376443540\" \/>\n<meta property=\"article:modified_time\" content=\"2026-04-06T09:26:39+00:00\" \/>\n<meta property=\"og:image\" content=\"https:\/\/bbqentertainment.com\/wp-content\/uploads\/2025\/10\/2100000015535_a9ecb6cf906fbabadec8b32b6c785535f0e1087b.png\" \/>\n\t<meta property=\"og:image:width\" content=\"700\" \/>\n\t<meta property=\"og:image:height\" content=\"700\" \/>\n\t<meta property=\"og:image:type\" content=\"image\/png\" \/>\n<meta name=\"twitter:card\" content=\"summary_large_image\" \/>\n<meta name=\"twitter:label1\" content=\"Est. reading time\" \/>\n\t<meta name=\"twitter:data1\" content=\"1 minute\" \/>\n<script type=\"application\/ld+json\" class=\"yoast-schema-graph\">{\"@context\":\"https:\\\/\\\/schema.org\",\"@graph\":[{\"@type\":[\"WebPage\",\"ItemPage\"],\"@id\":\"https:\\\/\\\/bbqentertainment.com\\\/toode\\\/napoleon-allure-32-kuttefunktsiooniga-elektrikamin-radiaator\\\/\",\"url\":\"https:\\\/\\\/bbqentertainment.com\\\/toode\\\/napoleon-allure-32-kuttefunktsiooniga-elektrikamin-radiaator\\\/\",\"name\":\"Napoleon ALLURE\u2122 32 horisontaalne k\u00fcttefunktsiooniga elektrikamin-radiaator - BBQ Entertainment\",\"isPartOf\":{\"@id\":\"https:\\\/\\\/bbqentertainment.com\\\/#website\"},\"primaryImageOfPage\":{\"@id\":\"https:\\\/\\\/bbqentertainment.com\\\/toode\\\/napoleon-allure-32-kuttefunktsiooniga-elektrikamin-radiaator\\\/#primaryimage\"},\"image\":{\"@id\":\"https:\\\/\\\/bbqentertainment.com\\\/toode\\\/napoleon-allure-32-kuttefunktsiooniga-elektrikamin-radiaator\\\/#primaryimage\"},\"thumbnailUrl\":\"https:\\\/\\\/bbqentertainment.com\\\/wp-content\\\/uploads\\\/2025\\\/10\\\/2100000015535_a9ecb6cf906fbabadec8b32b6c785535f0e1087b.png\",\"datePublished\":\"2025-10-29T13:27:34+00:00\",\"dateModified\":\"2026-04-06T09:26:39+00:00\",\"description\":\"Napoleon Allure 32 elektriline kamin loob LED-leegiefekti ja sooja atmosf\u00e4\u00e4ri. Must metallkorpus, kaugjuhtimispult ja ohutu \u00fclekuumenemiskaitse.\",\"breadcrumb\":{\"@id\":\"https:\\\/\\\/bbqentertainment.com\\\/toode\\\/napoleon-allure-32-kuttefunktsiooniga-elektrikamin-radiaator\\\/#breadcrumb\"},\"inLanguage\":\"en-US\",\"potentialAction\":[{\"@type\":\"ReadAction\",\"target\":[\"https:\\\/\\\/bbqentertainment.com\\\/toode\\\/napoleon-allure-32-kuttefunktsiooniga-elektrikamin-radiaator\\\/\"]}]},{\"@type\":\"ImageObject\",\"inLanguage\":\"en-US\",\"@id\":\"https:\\\/\\\/bbqentertainment.com\\\/toode\\\/napoleon-allure-32-kuttefunktsiooniga-elektrikamin-radiaator\\\/#primaryimage\",\"url\":\"https:\\\/\\\/bbqentertainment.com\\\/wp-content\\\/uploads\\\/2025\\\/10\\\/2100000015535_a9ecb6cf906fbabadec8b32b6c785535f0e1087b.png\",\"contentUrl\":\"https:\\\/\\\/bbqentertainment.com\\\/wp-content\\\/uploads\\\/2025\\\/10\\\/2100000015535_a9ecb6cf906fbabadec8b32b6c785535f0e1087b.png\",\"width\":700,\"height\":700},{\"@type\":\"BreadcrumbList\",\"@id\":\"https:\\\/\\\/bbqentertainment.com\\\/toode\\\/napoleon-allure-32-kuttefunktsiooniga-elektrikamin-radiaator\\\/#breadcrumb\",\"itemListElement\":[{\"@type\":\"ListItem\",\"position\":1,\"name\":\"AVALEHT\",\"item\":\"https:\\\/\\\/bbqentertainment.com\\\/en\\\/\"},{\"@type\":\"ListItem\",\"position\":2,\"name\":\"Tooted\",\"item\":\"https:\\\/\\\/bbqentertainment.com\\\/tooted\\\/\"},{\"@type\":\"ListItem\",\"position\":3,\"name\":\"Muud tooted\",\"item\":\"https:\\\/\\\/bbqentertainment.com\\\/tootekategooria\\\/muud-tooted\\\/\"},{\"@type\":\"ListItem\",\"position\":4,\"name\":\"Napoleon ALLURE\u2122 32 horisontaalne k\u00fcttefunktsiooniga elektrikamin-radiaator\"}]},{\"@type\":\"WebSite\",\"@id\":\"https:\\\/\\\/bbqentertainment.com\\\/#website\",\"url\":\"https:\\\/\\\/bbqentertainment.com\\\/\",\"name\":\"BBQ Entertainment\",\"description\":\"BBQ is a great lifestyle, not just fun!\",\"publisher\":{\"@id\":\"https:\\\/\\\/bbqentertainment.com\\\/#organization\"},\"potentialAction\":[{\"@type\":\"SearchAction\",\"target\":{\"@type\":\"EntryPoint\",\"urlTemplate\":\"https:\\\/\\\/bbqentertainment.com\\\/?s={search_term_string}\"},\"query-input\":{\"@type\":\"PropertyValueSpecification\",\"valueRequired\":true,\"valueName\":\"search_term_string\"}}],\"inLanguage\":\"en-US\"},{\"@type\":\"Organization\",\"@id\":\"https:\\\/\\\/bbqentertainment.com\\\/#organization\",\"name\":\"BBQ Entertainment O\u00dc\",\"url\":\"https:\\\/\\\/bbqentertainment.com\\\/\",\"logo\":{\"@type\":\"ImageObject\",\"inLanguage\":\"en-US\",\"@id\":\"https:\\\/\\\/bbqentertainment.com\\\/#\\\/schema\\\/logo\\\/image\\\/\",\"url\":\"https:\\\/\\\/bbqentertainment.com\\\/wp-content\\\/uploads\\\/2020\\\/04\\\/BBQ-Entertainment-N-Catering-Enn-Tobreluts-Logo.png\",\"contentUrl\":\"https:\\\/\\\/bbqentertainment.com\\\/wp-content\\\/uploads\\\/2020\\\/04\\\/BBQ-Entertainment-N-Catering-Enn-Tobreluts-Logo.png\",\"width\":628,\"height\":266,\"caption\":\"BBQ Entertainment O\u00dc\"},\"image\":{\"@id\":\"https:\\\/\\\/bbqentertainment.com\\\/#\\\/schema\\\/logo\\\/image\\\/\"},\"sameAs\":[\"https:\\\/\\\/www.facebook.com\\\/BBQ-Entertainment-N-Catering-2437913376443540\",\"https:\\\/\\\/www.instagram.com\\\/bbqentertainmentncatering\\\/\",\"https:\\\/\\\/www.youtube.com\\\/channel\\\/UCmpuANQVhLy2Md8nrenp2jA\"]}]}<\/script>\n<!-- \/ Yoast SEO plugin. -->","yoast_head_json":{"title":"Napoleon ALLURE\u2122 32 horisontaalne k\u00fcttefunktsiooniga elektrikamin-radiaator - BBQ Entertainment","description":"Napoleon Allure 32 elektriline kamin loob LED-leegiefekti ja sooja atmosf\u00e4\u00e4ri. Must metallkorpus, kaugjuhtimispult ja ohutu \u00fclekuumenemiskaitse.","robots":{"index":"index","follow":"follow","max-snippet":"max-snippet:-1","max-image-preview":"max-image-preview:large","max-video-preview":"max-video-preview:-1"},"canonical":"https:\/\/bbqentertainment.com\/toode\/napoleon-allure-32-kuttefunktsiooniga-elektrikamin-radiaator\/","og_locale":"en_US","og_type":"article","og_title":"Napoleon ALLURE\u2122 32 horisontaalne k\u00fcttefunktsiooniga elektrikamin-radiaator - BBQ Entertainment","og_description":"Napoleon Allure 32 elektriline kamin loob LED-leegiefekti ja sooja atmosf\u00e4\u00e4ri. Must metallkorpus, kaugjuhtimispult ja ohutu \u00fclekuumenemiskaitse.","og_url":"https:\/\/bbqentertainment.com\/toode\/napoleon-allure-32-kuttefunktsiooniga-elektrikamin-radiaator\/","og_site_name":"BBQ Entertainment","article_publisher":"https:\/\/www.facebook.com\/BBQ-Entertainment-N-Catering-2437913376443540","article_modified_time":"2026-04-06T09:26:39+00:00","og_image":[{"width":700,"height":700,"url":"https:\/\/bbqentertainment.com\/wp-content\/uploads\/2025\/10\/2100000015535_a9ecb6cf906fbabadec8b32b6c785535f0e1087b.png","type":"image\/png"}],"twitter_card":"summary_large_image","twitter_misc":{"Est. reading time":"1 minute"},"schema":{"@context":"https:\/\/schema.org","@graph":[{"@type":["WebPage","ItemPage"],"@id":"https:\/\/bbqentertainment.com\/toode\/napoleon-allure-32-kuttefunktsiooniga-elektrikamin-radiaator\/","url":"https:\/\/bbqentertainment.com\/toode\/napoleon-allure-32-kuttefunktsiooniga-elektrikamin-radiaator\/","name":"Napoleon ALLURE\u2122 32 horisontaalne k\u00fcttefunktsiooniga elektrikamin-radiaator - BBQ Entertainment","isPartOf":{"@id":"https:\/\/bbqentertainment.com\/#website"},"primaryImageOfPage":{"@id":"https:\/\/bbqentertainment.com\/toode\/napoleon-allure-32-kuttefunktsiooniga-elektrikamin-radiaator\/#primaryimage"},"image":{"@id":"https:\/\/bbqentertainment.com\/toode\/napoleon-allure-32-kuttefunktsiooniga-elektrikamin-radiaator\/#primaryimage"},"thumbnailUrl":"https:\/\/bbqentertainment.com\/wp-content\/uploads\/2025\/10\/2100000015535_a9ecb6cf906fbabadec8b32b6c785535f0e1087b.png","datePublished":"2025-10-29T13:27:34+00:00","dateModified":"2026-04-06T09:26:39+00:00","description":"Napoleon Allure 32 elektriline kamin loob LED-leegiefekti ja sooja atmosf\u00e4\u00e4ri. Must metallkorpus, kaugjuhtimispult ja ohutu \u00fclekuumenemiskaitse.","breadcrumb":{"@id":"https:\/\/bbqentertainment.com\/toode\/napoleon-allure-32-kuttefunktsiooniga-elektrikamin-radiaator\/#breadcrumb"},"inLanguage":"en-US","potentialAction":[{"@type":"ReadAction","target":["https:\/\/bbqentertainment.com\/toode\/napoleon-allure-32-kuttefunktsiooniga-elektrikamin-radiaator\/"]}]},{"@type":"ImageObject","inLanguage":"en-US","@id":"https:\/\/bbqentertainment.com\/toode\/napoleon-allure-32-kuttefunktsiooniga-elektrikamin-radiaator\/#primaryimage","url":"https:\/\/bbqentertainment.com\/wp-content\/uploads\/2025\/10\/2100000015535_a9ecb6cf906fbabadec8b32b6c785535f0e1087b.png","contentUrl":"https:\/\/bbqentertainment.com\/wp-content\/uploads\/2025\/10\/2100000015535_a9ecb6cf906fbabadec8b32b6c785535f0e1087b.png","width":700,"height":700},{"@type":"BreadcrumbList","@id":"https:\/\/bbqentertainment.com\/toode\/napoleon-allure-32-kuttefunktsiooniga-elektrikamin-radiaator\/#breadcrumb","itemListElement":[{"@type":"ListItem","position":1,"name":"AVALEHT","item":"https:\/\/bbqentertainment.com\/en\/"},{"@type":"ListItem","position":2,"name":"Tooted","item":"https:\/\/bbqentertainment.com\/tooted\/"},{"@type":"ListItem","position":3,"name":"Muud tooted","item":"https:\/\/bbqentertainment.com\/tootekategooria\/muud-tooted\/"},{"@type":"ListItem","position":4,"name":"Napoleon ALLURE\u2122 32 horisontaalne k\u00fcttefunktsiooniga elektrikamin-radiaator"}]},{"@type":"WebSite","@id":"https:\/\/bbqentertainment.com\/#website","url":"https:\/\/bbqentertainment.com\/","name":"BBQ Entertainment","description":"BBQ is a great lifestyle, not just fun!","publisher":{"@id":"https:\/\/bbqentertainment.com\/#organization"},"potentialAction":[{"@type":"SearchAction","target":{"@type":"EntryPoint","urlTemplate":"https:\/\/bbqentertainment.com\/?s={search_term_string}"},"query-input":{"@type":"PropertyValueSpecification","valueRequired":true,"valueName":"search_term_string"}}],"inLanguage":"en-US"},{"@type":"Organization","@id":"https:\/\/bbqentertainment.com\/#organization","name":"BBQ Entertainment O\u00dc","url":"https:\/\/bbqentertainment.com\/","logo":{"@type":"ImageObject","inLanguage":"en-US","@id":"https:\/\/bbqentertainment.com\/#\/schema\/logo\/image\/","url":"https:\/\/bbqentertainment.com\/wp-content\/uploads\/2020\/04\/BBQ-Entertainment-N-Catering-Enn-Tobreluts-Logo.png","contentUrl":"https:\/\/bbqentertainment.com\/wp-content\/uploads\/2020\/04\/BBQ-Entertainment-N-Catering-Enn-Tobreluts-Logo.png","width":628,"height":266,"caption":"BBQ Entertainment O\u00dc"},"image":{"@id":"https:\/\/bbqentertainment.com\/#\/schema\/logo\/image\/"},"sameAs":["https:\/\/www.facebook.com\/BBQ-Entertainment-N-Catering-2437913376443540","https:\/\/www.instagram.com\/bbqentertainmentncatering\/","https:\/\/www.youtube.com\/channel\/UCmpuANQVhLy2Md8nrenp2jA"]}]}},"_links":{"self":[{"href":"https:\/\/bbqentertainment.com\/en\/wp-json\/wp\/v2\/product\/254846","targetHints":{"allow":["GET"]}}],"collection":[{"href":"https:\/\/bbqentertainment.com\/en\/wp-json\/wp\/v2\/product"}],"about":[{"href":"https:\/\/bbqentertainment.com\/en\/wp-json\/wp\/v2\/types\/product"}],"wp:featuredmedia":[{"embeddable":true,"href":"https:\/\/bbqentertainment.com\/en\/wp-json\/wp\/v2\/media\/254851"}],"wp:attachment":[{"href":"https:\/\/bbqentertainment.com\/en\/wp-json\/wp\/v2\/media?parent=254846"}],"wp:term":[{"taxonomy":"product_brand","embeddable":true,"href":"https:\/\/bbqentertainment.com\/en\/wp-json\/wp\/v2\/product_brand?post=254846"},{"taxonomy":"product_cat","embeddable":true,"href":"https:\/\/bbqentertainment.com\/en\/wp-json\/wp\/v2\/product_cat?post=254846"},{"taxonomy":"product_tag","embeddable":true,"href":"https:\/\/bbqentertainment.com\/en\/wp-json\/wp\/v2\/product_tag?post=254846"}],"curies":[{"name":"wp","href":"https:\/\/api.w.org\/{rel}","templated":true}]}}