{"id":254872,"date":"2025-10-29T15:48:29","date_gmt":"2025-10-29T13:48:29","guid":{"rendered":"https:\/\/bbqentertainment.com\/?post_type=product&#038;p=254872"},"modified":"2026-04-06T12:26:40","modified_gmt":"2026-04-06T09:26:40","slug":"napoleon-dark-smoked-crystals-suitsukristallid-elektrikaminale","status":"publish","type":"product","link":"https:\/\/bbqentertainment.com\/en\/toode\/napoleon-dark-smoked-crystals-suitsukristallid-elektrikaminale\/","title":{"rendered":"Napoleon Dark Smoked Crystals suitsukristallid elektrikaminale"},"content":{"rendered":"","protected":false},"excerpt":{"rendered":"<h3><strong>Napoleon Dark Smoked Crystals suitsukristallid elektrikaminale<\/strong><\/h3>\n<p style=\"font-weight: 400\">Napoleon elektrikaminatele m\u00f5eldud tumedad suitsukristallid peegeldavad ja hajutavad valgust, andes leegile s\u00fcgavust ja lisatooniga s\u00e4ra. Nende kasutamisel muutub kamina valgus pehmemaks ja mitmekihilisemaks \u2013 eriti sobivad need juhul, kui soovid r\u00f5hutada valitud leegiv\u00e4rvi intensiivsust.<\/p>\n<p style=\"font-weight: 400\"><strong>Omadused ja kasutamine<\/strong><\/p>\n<ul style=\"font-weight: 400\">\n<li>lisavad leegile s\u00fcgavust ja visuaalset soojust<\/li>\n<li>peegeldavad LED-valgust, luues rikkalikuma valgusefekti<\/li>\n<li>sobivad k\u00f5ikidele Napoleon Premium Fire elektrikaminatele<\/li>\n<li>sobivad lisavarustusena\u00a0ALLURE\u2122, ALLURE\u2122 PHANTOM, STYLUS\u2122\u00a0ja\u00a0PURVIEW\u2122\u00a0seeriatele<\/li>\n<\/ul>\n<p style=\"font-weight: 400\">Paigaldamiseks eemalda kamina klaasist v\u00f5i metallist esipaneel, jaota kristallid \u00fchtlaselt kogu p\u00f5hja ulatuses ning paigalda paneel tagasi. Seej\u00e4rel saad nautida veelgi efektsemat leegim\u00e4ngu.<\/p>\n<p style=\"font-weight: 400\"><strong>Soovituslik kogus<br \/>\n<\/strong>Mudelitele suurusega\u00a032\u2019\u2019,\u00a042\u2019\u2019\u00a0ja\u00a050\u2019\u2019\u00a0piisab \u00fchest karbist tumedaid suitsukristalle.<\/p>\n<p style=\"font-weight: 400\">\n","protected":false},"featured_media":254875,"template":"","meta":{"inline_featured_image":false},"product_brand":[],"product_cat":[562,178],"product_tag":[],"class_list":{"0":"post-254872","1":"product","2":"type-product","3":"status-publish","4":"has-post-thumbnail","6":"product_cat-lisatarvikud-napoleon","7":"product_cat-muud-tooted","9":"first","10":"instock","11":"taxable","12":"shipping-taxable","13":"purchasable","14":"product-type-simple"},"yoast_head":"<!-- This site is optimized with the Yoast SEO plugin v27.4 - https:\/\/yoast.com\/product\/yoast-seo-wordpress\/ -->\n<title>Napoleon Dark Smoked Crystals suitsukristallid elektrikaminale - BBQ Entertainment<\/title>\n<meta name=\"description\" content=\"Napoleon tumedad suitsukristallid lisavad elektrikamina leegile s\u00fcgavust ja peegeldavad valgust eri toonides. Sobivad k\u00f5igile Premium Fire seeriatele.\" \/>\n<meta name=\"robots\" content=\"index, follow, max-snippet:-1, max-image-preview:large, max-video-preview:-1\" \/>\n<link rel=\"canonical\" href=\"https:\/\/bbqentertainment.com\/toode\/napoleon-dark-smoked-crystals-suitsukristallid-elektrikaminale\/\" \/>\n<meta property=\"og:locale\" content=\"en_US\" \/>\n<meta property=\"og:type\" content=\"article\" \/>\n<meta property=\"og:title\" content=\"Napoleon Dark Smoked Crystals suitsukristallid elektrikaminale - BBQ Entertainment\" \/>\n<meta property=\"og:description\" content=\"Napoleon tumedad suitsukristallid lisavad elektrikamina leegile s\u00fcgavust ja peegeldavad valgust eri toonides. Sobivad k\u00f5igile Premium Fire seeriatele.\" \/>\n<meta property=\"og:url\" content=\"https:\/\/bbqentertainment.com\/toode\/napoleon-dark-smoked-crystals-suitsukristallid-elektrikaminale\/\" \/>\n<meta property=\"og:site_name\" content=\"BBQ Entertainment\" \/>\n<meta property=\"article:publisher\" content=\"https:\/\/www.facebook.com\/BBQ-Entertainment-N-Catering-2437913376443540\" \/>\n<meta property=\"article:modified_time\" content=\"2026-04-06T09:26:40+00:00\" \/>\n<meta property=\"og:image\" content=\"https:\/\/bbqentertainment.com\/wp-content\/uploads\/2025\/10\/Napoleon-siutsukristallid-elektrikamin.png\" \/>\n\t<meta property=\"og:image:width\" content=\"300\" \/>\n\t<meta property=\"og:image:height\" content=\"300\" \/>\n\t<meta property=\"og:image:type\" content=\"image\/png\" \/>\n<meta name=\"twitter:card\" content=\"summary_large_image\" \/>\n<meta name=\"twitter:label1\" content=\"Est. reading time\" \/>\n\t<meta name=\"twitter:data1\" content=\"1 minute\" \/>\n<script type=\"application\/ld+json\" class=\"yoast-schema-graph\">{\"@context\":\"https:\\\/\\\/schema.org\",\"@graph\":[{\"@type\":[\"WebPage\",\"ItemPage\"],\"@id\":\"https:\\\/\\\/bbqentertainment.com\\\/toode\\\/napoleon-dark-smoked-crystals-suitsukristallid-elektrikaminale\\\/\",\"url\":\"https:\\\/\\\/bbqentertainment.com\\\/toode\\\/napoleon-dark-smoked-crystals-suitsukristallid-elektrikaminale\\\/\",\"name\":\"Napoleon Dark Smoked Crystals suitsukristallid elektrikaminale - BBQ Entertainment\",\"isPartOf\":{\"@id\":\"https:\\\/\\\/bbqentertainment.com\\\/#website\"},\"primaryImageOfPage\":{\"@id\":\"https:\\\/\\\/bbqentertainment.com\\\/toode\\\/napoleon-dark-smoked-crystals-suitsukristallid-elektrikaminale\\\/#primaryimage\"},\"image\":{\"@id\":\"https:\\\/\\\/bbqentertainment.com\\\/toode\\\/napoleon-dark-smoked-crystals-suitsukristallid-elektrikaminale\\\/#primaryimage\"},\"thumbnailUrl\":\"https:\\\/\\\/bbqentertainment.com\\\/wp-content\\\/uploads\\\/2025\\\/10\\\/Napoleon-siutsukristallid-elektrikamin.png\",\"datePublished\":\"2025-10-29T13:48:29+00:00\",\"dateModified\":\"2026-04-06T09:26:40+00:00\",\"description\":\"Napoleon tumedad suitsukristallid lisavad elektrikamina leegile s\u00fcgavust ja peegeldavad valgust eri toonides. Sobivad k\u00f5igile Premium Fire seeriatele.\",\"breadcrumb\":{\"@id\":\"https:\\\/\\\/bbqentertainment.com\\\/toode\\\/napoleon-dark-smoked-crystals-suitsukristallid-elektrikaminale\\\/#breadcrumb\"},\"inLanguage\":\"en-US\",\"potentialAction\":[{\"@type\":\"ReadAction\",\"target\":[\"https:\\\/\\\/bbqentertainment.com\\\/toode\\\/napoleon-dark-smoked-crystals-suitsukristallid-elektrikaminale\\\/\"]}]},{\"@type\":\"ImageObject\",\"inLanguage\":\"en-US\",\"@id\":\"https:\\\/\\\/bbqentertainment.com\\\/toode\\\/napoleon-dark-smoked-crystals-suitsukristallid-elektrikaminale\\\/#primaryimage\",\"url\":\"https:\\\/\\\/bbqentertainment.com\\\/wp-content\\\/uploads\\\/2025\\\/10\\\/Napoleon-siutsukristallid-elektrikamin.png\",\"contentUrl\":\"https:\\\/\\\/bbqentertainment.com\\\/wp-content\\\/uploads\\\/2025\\\/10\\\/Napoleon-siutsukristallid-elektrikamin.png\",\"width\":300,\"height\":300},{\"@type\":\"BreadcrumbList\",\"@id\":\"https:\\\/\\\/bbqentertainment.com\\\/toode\\\/napoleon-dark-smoked-crystals-suitsukristallid-elektrikaminale\\\/#breadcrumb\",\"itemListElement\":[{\"@type\":\"ListItem\",\"position\":1,\"name\":\"AVALEHT\",\"item\":\"https:\\\/\\\/bbqentertainment.com\\\/en\\\/\"},{\"@type\":\"ListItem\",\"position\":2,\"name\":\"Tooted\",\"item\":\"https:\\\/\\\/bbqentertainment.com\\\/tooted\\\/\"},{\"@type\":\"ListItem\",\"position\":3,\"name\":\"Muud tooted\",\"item\":\"https:\\\/\\\/bbqentertainment.com\\\/tootekategooria\\\/muud-tooted\\\/\"},{\"@type\":\"ListItem\",\"position\":4,\"name\":\"Napoleon Dark Smoked Crystals suitsukristallid elektrikaminale\"}]},{\"@type\":\"WebSite\",\"@id\":\"https:\\\/\\\/bbqentertainment.com\\\/#website\",\"url\":\"https:\\\/\\\/bbqentertainment.com\\\/\",\"name\":\"BBQ Entertainment\",\"description\":\"BBQ is a great lifestyle, not just fun!\",\"publisher\":{\"@id\":\"https:\\\/\\\/bbqentertainment.com\\\/#organization\"},\"potentialAction\":[{\"@type\":\"SearchAction\",\"target\":{\"@type\":\"EntryPoint\",\"urlTemplate\":\"https:\\\/\\\/bbqentertainment.com\\\/?s={search_term_string}\"},\"query-input\":{\"@type\":\"PropertyValueSpecification\",\"valueRequired\":true,\"valueName\":\"search_term_string\"}}],\"inLanguage\":\"en-US\"},{\"@type\":\"Organization\",\"@id\":\"https:\\\/\\\/bbqentertainment.com\\\/#organization\",\"name\":\"BBQ Entertainment O\u00dc\",\"url\":\"https:\\\/\\\/bbqentertainment.com\\\/\",\"logo\":{\"@type\":\"ImageObject\",\"inLanguage\":\"en-US\",\"@id\":\"https:\\\/\\\/bbqentertainment.com\\\/#\\\/schema\\\/logo\\\/image\\\/\",\"url\":\"https:\\\/\\\/bbqentertainment.com\\\/wp-content\\\/uploads\\\/2020\\\/04\\\/BBQ-Entertainment-N-Catering-Enn-Tobreluts-Logo.png\",\"contentUrl\":\"https:\\\/\\\/bbqentertainment.com\\\/wp-content\\\/uploads\\\/2020\\\/04\\\/BBQ-Entertainment-N-Catering-Enn-Tobreluts-Logo.png\",\"width\":628,\"height\":266,\"caption\":\"BBQ Entertainment O\u00dc\"},\"image\":{\"@id\":\"https:\\\/\\\/bbqentertainment.com\\\/#\\\/schema\\\/logo\\\/image\\\/\"},\"sameAs\":[\"https:\\\/\\\/www.facebook.com\\\/BBQ-Entertainment-N-Catering-2437913376443540\",\"https:\\\/\\\/www.instagram.com\\\/bbqentertainmentncatering\\\/\",\"https:\\\/\\\/www.youtube.com\\\/channel\\\/UCmpuANQVhLy2Md8nrenp2jA\"]}]}<\/script>\n<!-- \/ Yoast SEO plugin. -->","yoast_head_json":{"title":"Napoleon Dark Smoked Crystals suitsukristallid elektrikaminale - BBQ Entertainment","description":"Napoleon tumedad suitsukristallid lisavad elektrikamina leegile s\u00fcgavust ja peegeldavad valgust eri toonides. Sobivad k\u00f5igile Premium Fire seeriatele.","robots":{"index":"index","follow":"follow","max-snippet":"max-snippet:-1","max-image-preview":"max-image-preview:large","max-video-preview":"max-video-preview:-1"},"canonical":"https:\/\/bbqentertainment.com\/toode\/napoleon-dark-smoked-crystals-suitsukristallid-elektrikaminale\/","og_locale":"en_US","og_type":"article","og_title":"Napoleon Dark Smoked Crystals suitsukristallid elektrikaminale - BBQ Entertainment","og_description":"Napoleon tumedad suitsukristallid lisavad elektrikamina leegile s\u00fcgavust ja peegeldavad valgust eri toonides. Sobivad k\u00f5igile Premium Fire seeriatele.","og_url":"https:\/\/bbqentertainment.com\/toode\/napoleon-dark-smoked-crystals-suitsukristallid-elektrikaminale\/","og_site_name":"BBQ Entertainment","article_publisher":"https:\/\/www.facebook.com\/BBQ-Entertainment-N-Catering-2437913376443540","article_modified_time":"2026-04-06T09:26:40+00:00","og_image":[{"width":300,"height":300,"url":"https:\/\/bbqentertainment.com\/wp-content\/uploads\/2025\/10\/Napoleon-siutsukristallid-elektrikamin.png","type":"image\/png"}],"twitter_card":"summary_large_image","twitter_misc":{"Est. reading time":"1 minute"},"schema":{"@context":"https:\/\/schema.org","@graph":[{"@type":["WebPage","ItemPage"],"@id":"https:\/\/bbqentertainment.com\/toode\/napoleon-dark-smoked-crystals-suitsukristallid-elektrikaminale\/","url":"https:\/\/bbqentertainment.com\/toode\/napoleon-dark-smoked-crystals-suitsukristallid-elektrikaminale\/","name":"Napoleon Dark Smoked Crystals suitsukristallid elektrikaminale - BBQ Entertainment","isPartOf":{"@id":"https:\/\/bbqentertainment.com\/#website"},"primaryImageOfPage":{"@id":"https:\/\/bbqentertainment.com\/toode\/napoleon-dark-smoked-crystals-suitsukristallid-elektrikaminale\/#primaryimage"},"image":{"@id":"https:\/\/bbqentertainment.com\/toode\/napoleon-dark-smoked-crystals-suitsukristallid-elektrikaminale\/#primaryimage"},"thumbnailUrl":"https:\/\/bbqentertainment.com\/wp-content\/uploads\/2025\/10\/Napoleon-siutsukristallid-elektrikamin.png","datePublished":"2025-10-29T13:48:29+00:00","dateModified":"2026-04-06T09:26:40+00:00","description":"Napoleon tumedad suitsukristallid lisavad elektrikamina leegile s\u00fcgavust ja peegeldavad valgust eri toonides. Sobivad k\u00f5igile Premium Fire seeriatele.","breadcrumb":{"@id":"https:\/\/bbqentertainment.com\/toode\/napoleon-dark-smoked-crystals-suitsukristallid-elektrikaminale\/#breadcrumb"},"inLanguage":"en-US","potentialAction":[{"@type":"ReadAction","target":["https:\/\/bbqentertainment.com\/toode\/napoleon-dark-smoked-crystals-suitsukristallid-elektrikaminale\/"]}]},{"@type":"ImageObject","inLanguage":"en-US","@id":"https:\/\/bbqentertainment.com\/toode\/napoleon-dark-smoked-crystals-suitsukristallid-elektrikaminale\/#primaryimage","url":"https:\/\/bbqentertainment.com\/wp-content\/uploads\/2025\/10\/Napoleon-siutsukristallid-elektrikamin.png","contentUrl":"https:\/\/bbqentertainment.com\/wp-content\/uploads\/2025\/10\/Napoleon-siutsukristallid-elektrikamin.png","width":300,"height":300},{"@type":"BreadcrumbList","@id":"https:\/\/bbqentertainment.com\/toode\/napoleon-dark-smoked-crystals-suitsukristallid-elektrikaminale\/#breadcrumb","itemListElement":[{"@type":"ListItem","position":1,"name":"AVALEHT","item":"https:\/\/bbqentertainment.com\/en\/"},{"@type":"ListItem","position":2,"name":"Tooted","item":"https:\/\/bbqentertainment.com\/tooted\/"},{"@type":"ListItem","position":3,"name":"Muud tooted","item":"https:\/\/bbqentertainment.com\/tootekategooria\/muud-tooted\/"},{"@type":"ListItem","position":4,"name":"Napoleon Dark Smoked Crystals suitsukristallid elektrikaminale"}]},{"@type":"WebSite","@id":"https:\/\/bbqentertainment.com\/#website","url":"https:\/\/bbqentertainment.com\/","name":"BBQ Entertainment","description":"BBQ is a great lifestyle, not just fun!","publisher":{"@id":"https:\/\/bbqentertainment.com\/#organization"},"potentialAction":[{"@type":"SearchAction","target":{"@type":"EntryPoint","urlTemplate":"https:\/\/bbqentertainment.com\/?s={search_term_string}"},"query-input":{"@type":"PropertyValueSpecification","valueRequired":true,"valueName":"search_term_string"}}],"inLanguage":"en-US"},{"@type":"Organization","@id":"https:\/\/bbqentertainment.com\/#organization","name":"BBQ Entertainment O\u00dc","url":"https:\/\/bbqentertainment.com\/","logo":{"@type":"ImageObject","inLanguage":"en-US","@id":"https:\/\/bbqentertainment.com\/#\/schema\/logo\/image\/","url":"https:\/\/bbqentertainment.com\/wp-content\/uploads\/2020\/04\/BBQ-Entertainment-N-Catering-Enn-Tobreluts-Logo.png","contentUrl":"https:\/\/bbqentertainment.com\/wp-content\/uploads\/2020\/04\/BBQ-Entertainment-N-Catering-Enn-Tobreluts-Logo.png","width":628,"height":266,"caption":"BBQ Entertainment O\u00dc"},"image":{"@id":"https:\/\/bbqentertainment.com\/#\/schema\/logo\/image\/"},"sameAs":["https:\/\/www.facebook.com\/BBQ-Entertainment-N-Catering-2437913376443540","https:\/\/www.instagram.com\/bbqentertainmentncatering\/","https:\/\/www.youtube.com\/channel\/UCmpuANQVhLy2Md8nrenp2jA"]}]}},"_links":{"self":[{"href":"https:\/\/bbqentertainment.com\/en\/wp-json\/wp\/v2\/product\/254872","targetHints":{"allow":["GET"]}}],"collection":[{"href":"https:\/\/bbqentertainment.com\/en\/wp-json\/wp\/v2\/product"}],"about":[{"href":"https:\/\/bbqentertainment.com\/en\/wp-json\/wp\/v2\/types\/product"}],"wp:featuredmedia":[{"embeddable":true,"href":"https:\/\/bbqentertainment.com\/en\/wp-json\/wp\/v2\/media\/254875"}],"wp:attachment":[{"href":"https:\/\/bbqentertainment.com\/en\/wp-json\/wp\/v2\/media?parent=254872"}],"wp:term":[{"taxonomy":"product_brand","embeddable":true,"href":"https:\/\/bbqentertainment.com\/en\/wp-json\/wp\/v2\/product_brand?post=254872"},{"taxonomy":"product_cat","embeddable":true,"href":"https:\/\/bbqentertainment.com\/en\/wp-json\/wp\/v2\/product_cat?post=254872"},{"taxonomy":"product_tag","embeddable":true,"href":"https:\/\/bbqentertainment.com\/en\/wp-json\/wp\/v2\/product_tag?post=254872"}],"curies":[{"name":"wp","href":"https:\/\/api.w.org\/{rel}","templated":true}]}}