{"id":254878,"date":"2025-10-29T15:56:02","date_gmt":"2025-10-29T13:56:02","guid":{"rendered":"https:\/\/bbqentertainment.com\/?post_type=product&#038;p=254878"},"modified":"2026-04-06T12:26:53","modified_gmt":"2026-04-06T09:26:53","slug":"napoleon-drift-wood-dekoratiivne-joekividega-triivpuit-elektrikaminale","status":"publish","type":"product","link":"https:\/\/bbqentertainment.com\/en\/toode\/napoleon-drift-wood-dekoratiivne-joekividega-triivpuit-elektrikaminale\/","title":{"rendered":"Napoleon Drift wood dekoratiivne j\u00f5ekividega triivpuit elektrikaminale"},"content":{"rendered":"","protected":false},"excerpt":{"rendered":"<h3><strong>Napoleon Drift wood dekoratiivne j\u00f5ekividega triivpuit elektrikaminale<\/strong><\/h3>\n<p style=\"font-weight: 400\">Napoleoni triivpuidu ja j\u00f5ekivide komplekt annab elektrikaminale loodusl\u00e4hedase ilme. J\u00f5ekivide ja triivpuidust oksade kombinatsioon peegeldab valgust erinevalt, muutes leegi v\u00e4rvim\u00e4ngu mitmetahulisemaks. Kamin n\u00e4eb selle lisavarustusega esteetiline v\u00e4lja ka siis, kui see ei ole sisse l\u00fclitatud.<\/p>\n<p><strong>Kasutamine<\/strong><\/p>\n<p>Eemalda klaasist esipaneel ja jaota komplektis olevad kivikesed \u00fchtlaselt kogu p\u00f5hja ulatuses. Sega need olemasolevate kividega, et tulemus j\u00e4\u00e4ks loomulikum. Triivpuidust oksad aseta kivide ja kristallide peale. Seej\u00e4rel kinnita klaasist esipaneel tagasi.<\/p>\n<p style=\"font-weight: 400\">Sobivad kasutamiseks k\u00f5igile Napoleon elektrikaminate mudelitele.<\/p>\n","protected":false},"featured_media":254883,"template":"","meta":{"inline_featured_image":false},"product_brand":[],"product_cat":[562,178],"product_tag":[],"class_list":{"0":"post-254878","1":"product","2":"type-product","3":"status-publish","4":"has-post-thumbnail","6":"product_cat-lisatarvikud-napoleon","7":"product_cat-muud-tooted","9":"first","10":"instock","11":"taxable","12":"shipping-taxable","13":"purchasable","14":"product-type-simple"},"yoast_head":"<!-- This site is optimized with the Yoast SEO plugin v27.4 - https:\/\/yoast.com\/product\/yoast-seo-wordpress\/ -->\n<title>Napoleon Drift wood dekoratiivne j\u00f5ekividega triivpuit elektrikaminale - BBQ Entertainment<\/title>\n<meta name=\"robots\" content=\"index, follow, max-snippet:-1, max-image-preview:large, max-video-preview:-1\" \/>\n<link rel=\"canonical\" href=\"https:\/\/bbqentertainment.com\/toode\/napoleon-drift-wood-dekoratiivne-joekividega-triivpuit-elektrikaminale\/\" \/>\n<meta property=\"og:locale\" content=\"en_US\" \/>\n<meta property=\"og:type\" content=\"article\" \/>\n<meta property=\"og:title\" content=\"Napoleon Drift wood dekoratiivne j\u00f5ekividega triivpuit elektrikaminale - BBQ Entertainment\" \/>\n<meta property=\"og:description\" content=\"Napoleon Drift wood dekoratiivne j\u00f5ekividega triivpuit elektrikaminale Napoleoni triivpuidu ja j\u00f5ekivide komplekt annab elektrikaminale loodusl\u00e4hedase ilme. J\u00f5ekivide ja triivpuidust oksade kombinatsioon peegeldab valgust erinevalt, muutes leegi v\u00e4rvim\u00e4ngu mitmetahulisemaks. Kamin n\u00e4eb selle lisavarustusega esteetiline v\u00e4lja ka siis, kui see ei ole sisse l\u00fclitatud. Kasutamine  Eemalda klaasist esipaneel ja jaota komplektis olevad kivikesed \u00fchtlaselt kogu p\u00f5hja ulatuses. Sega need olemasolevate kividega, et tulemus j\u00e4\u00e4ks loomulikum. Triivpuidust oksad aseta kivide ja kristallide peale. Seej\u00e4rel kinnita klaasist esipaneel tagasi. Sobivad kasutamiseks k\u00f5igile Napoleon elektrikaminate mudelitele.\" \/>\n<meta property=\"og:url\" content=\"https:\/\/bbqentertainment.com\/toode\/napoleon-drift-wood-dekoratiivne-joekividega-triivpuit-elektrikaminale\/\" \/>\n<meta property=\"og:site_name\" content=\"BBQ Entertainment\" \/>\n<meta property=\"article:publisher\" content=\"https:\/\/www.facebook.com\/BBQ-Entertainment-N-Catering-2437913376443540\" \/>\n<meta property=\"article:modified_time\" content=\"2026-04-06T09:26:53+00:00\" \/>\n<meta property=\"og:image\" content=\"https:\/\/bbqentertainment.com\/wp-content\/uploads\/2025\/10\/Napoleon-Drift-wood-elektrikamin.png\" \/>\n\t<meta property=\"og:image:width\" content=\"300\" \/>\n\t<meta property=\"og:image:height\" content=\"300\" \/>\n\t<meta property=\"og:image:type\" content=\"image\/png\" \/>\n<meta name=\"twitter:card\" content=\"summary_large_image\" \/>\n<meta name=\"twitter:label1\" content=\"Est. reading time\" \/>\n\t<meta name=\"twitter:data1\" content=\"1 minute\" \/>\n<script type=\"application\/ld+json\" class=\"yoast-schema-graph\">{\"@context\":\"https:\\\/\\\/schema.org\",\"@graph\":[{\"@type\":[\"WebPage\",\"ItemPage\"],\"@id\":\"https:\\\/\\\/bbqentertainment.com\\\/toode\\\/napoleon-drift-wood-dekoratiivne-joekividega-triivpuit-elektrikaminale\\\/\",\"url\":\"https:\\\/\\\/bbqentertainment.com\\\/toode\\\/napoleon-drift-wood-dekoratiivne-joekividega-triivpuit-elektrikaminale\\\/\",\"name\":\"Napoleon Drift wood dekoratiivne j\u00f5ekividega triivpuit elektrikaminale - BBQ Entertainment\",\"isPartOf\":{\"@id\":\"https:\\\/\\\/bbqentertainment.com\\\/#website\"},\"primaryImageOfPage\":{\"@id\":\"https:\\\/\\\/bbqentertainment.com\\\/toode\\\/napoleon-drift-wood-dekoratiivne-joekividega-triivpuit-elektrikaminale\\\/#primaryimage\"},\"image\":{\"@id\":\"https:\\\/\\\/bbqentertainment.com\\\/toode\\\/napoleon-drift-wood-dekoratiivne-joekividega-triivpuit-elektrikaminale\\\/#primaryimage\"},\"thumbnailUrl\":\"https:\\\/\\\/bbqentertainment.com\\\/wp-content\\\/uploads\\\/2025\\\/10\\\/Napoleon-Drift-wood-elektrikamin.png\",\"datePublished\":\"2025-10-29T13:56:02+00:00\",\"dateModified\":\"2026-04-06T09:26:53+00:00\",\"breadcrumb\":{\"@id\":\"https:\\\/\\\/bbqentertainment.com\\\/toode\\\/napoleon-drift-wood-dekoratiivne-joekividega-triivpuit-elektrikaminale\\\/#breadcrumb\"},\"inLanguage\":\"en-US\",\"potentialAction\":[{\"@type\":\"ReadAction\",\"target\":[\"https:\\\/\\\/bbqentertainment.com\\\/toode\\\/napoleon-drift-wood-dekoratiivne-joekividega-triivpuit-elektrikaminale\\\/\"]}]},{\"@type\":\"ImageObject\",\"inLanguage\":\"en-US\",\"@id\":\"https:\\\/\\\/bbqentertainment.com\\\/toode\\\/napoleon-drift-wood-dekoratiivne-joekividega-triivpuit-elektrikaminale\\\/#primaryimage\",\"url\":\"https:\\\/\\\/bbqentertainment.com\\\/wp-content\\\/uploads\\\/2025\\\/10\\\/Napoleon-Drift-wood-elektrikamin.png\",\"contentUrl\":\"https:\\\/\\\/bbqentertainment.com\\\/wp-content\\\/uploads\\\/2025\\\/10\\\/Napoleon-Drift-wood-elektrikamin.png\",\"width\":300,\"height\":300},{\"@type\":\"BreadcrumbList\",\"@id\":\"https:\\\/\\\/bbqentertainment.com\\\/toode\\\/napoleon-drift-wood-dekoratiivne-joekividega-triivpuit-elektrikaminale\\\/#breadcrumb\",\"itemListElement\":[{\"@type\":\"ListItem\",\"position\":1,\"name\":\"AVALEHT\",\"item\":\"https:\\\/\\\/bbqentertainment.com\\\/en\\\/\"},{\"@type\":\"ListItem\",\"position\":2,\"name\":\"Tooted\",\"item\":\"https:\\\/\\\/bbqentertainment.com\\\/tooted\\\/\"},{\"@type\":\"ListItem\",\"position\":3,\"name\":\"Muud tooted\",\"item\":\"https:\\\/\\\/bbqentertainment.com\\\/tootekategooria\\\/muud-tooted\\\/\"},{\"@type\":\"ListItem\",\"position\":4,\"name\":\"Napoleon Drift wood dekoratiivne j\u00f5ekividega triivpuit elektrikaminale\"}]},{\"@type\":\"WebSite\",\"@id\":\"https:\\\/\\\/bbqentertainment.com\\\/#website\",\"url\":\"https:\\\/\\\/bbqentertainment.com\\\/\",\"name\":\"BBQ Entertainment\",\"description\":\"BBQ is a great lifestyle, not just fun!\",\"publisher\":{\"@id\":\"https:\\\/\\\/bbqentertainment.com\\\/#organization\"},\"potentialAction\":[{\"@type\":\"SearchAction\",\"target\":{\"@type\":\"EntryPoint\",\"urlTemplate\":\"https:\\\/\\\/bbqentertainment.com\\\/?s={search_term_string}\"},\"query-input\":{\"@type\":\"PropertyValueSpecification\",\"valueRequired\":true,\"valueName\":\"search_term_string\"}}],\"inLanguage\":\"en-US\"},{\"@type\":\"Organization\",\"@id\":\"https:\\\/\\\/bbqentertainment.com\\\/#organization\",\"name\":\"BBQ Entertainment O\u00dc\",\"url\":\"https:\\\/\\\/bbqentertainment.com\\\/\",\"logo\":{\"@type\":\"ImageObject\",\"inLanguage\":\"en-US\",\"@id\":\"https:\\\/\\\/bbqentertainment.com\\\/#\\\/schema\\\/logo\\\/image\\\/\",\"url\":\"https:\\\/\\\/bbqentertainment.com\\\/wp-content\\\/uploads\\\/2020\\\/04\\\/BBQ-Entertainment-N-Catering-Enn-Tobreluts-Logo.png\",\"contentUrl\":\"https:\\\/\\\/bbqentertainment.com\\\/wp-content\\\/uploads\\\/2020\\\/04\\\/BBQ-Entertainment-N-Catering-Enn-Tobreluts-Logo.png\",\"width\":628,\"height\":266,\"caption\":\"BBQ Entertainment O\u00dc\"},\"image\":{\"@id\":\"https:\\\/\\\/bbqentertainment.com\\\/#\\\/schema\\\/logo\\\/image\\\/\"},\"sameAs\":[\"https:\\\/\\\/www.facebook.com\\\/BBQ-Entertainment-N-Catering-2437913376443540\",\"https:\\\/\\\/www.instagram.com\\\/bbqentertainmentncatering\\\/\",\"https:\\\/\\\/www.youtube.com\\\/channel\\\/UCmpuANQVhLy2Md8nrenp2jA\"]}]}<\/script>\n<!-- \/ Yoast SEO plugin. -->","yoast_head_json":{"title":"Napoleon Drift wood dekoratiivne j\u00f5ekividega triivpuit elektrikaminale - BBQ Entertainment","robots":{"index":"index","follow":"follow","max-snippet":"max-snippet:-1","max-image-preview":"max-image-preview:large","max-video-preview":"max-video-preview:-1"},"canonical":"https:\/\/bbqentertainment.com\/toode\/napoleon-drift-wood-dekoratiivne-joekividega-triivpuit-elektrikaminale\/","og_locale":"en_US","og_type":"article","og_title":"Napoleon Drift wood dekoratiivne j\u00f5ekividega triivpuit elektrikaminale - BBQ Entertainment","og_description":"Napoleon Drift wood dekoratiivne j\u00f5ekividega triivpuit elektrikaminale Napoleoni triivpuidu ja j\u00f5ekivide komplekt annab elektrikaminale loodusl\u00e4hedase ilme. J\u00f5ekivide ja triivpuidust oksade kombinatsioon peegeldab valgust erinevalt, muutes leegi v\u00e4rvim\u00e4ngu mitmetahulisemaks. Kamin n\u00e4eb selle lisavarustusega esteetiline v\u00e4lja ka siis, kui see ei ole sisse l\u00fclitatud. Kasutamine  Eemalda klaasist esipaneel ja jaota komplektis olevad kivikesed \u00fchtlaselt kogu p\u00f5hja ulatuses. Sega need olemasolevate kividega, et tulemus j\u00e4\u00e4ks loomulikum. Triivpuidust oksad aseta kivide ja kristallide peale. Seej\u00e4rel kinnita klaasist esipaneel tagasi. Sobivad kasutamiseks k\u00f5igile Napoleon elektrikaminate mudelitele.","og_url":"https:\/\/bbqentertainment.com\/toode\/napoleon-drift-wood-dekoratiivne-joekividega-triivpuit-elektrikaminale\/","og_site_name":"BBQ Entertainment","article_publisher":"https:\/\/www.facebook.com\/BBQ-Entertainment-N-Catering-2437913376443540","article_modified_time":"2026-04-06T09:26:53+00:00","og_image":[{"width":300,"height":300,"url":"https:\/\/bbqentertainment.com\/wp-content\/uploads\/2025\/10\/Napoleon-Drift-wood-elektrikamin.png","type":"image\/png"}],"twitter_card":"summary_large_image","twitter_misc":{"Est. reading time":"1 minute"},"schema":{"@context":"https:\/\/schema.org","@graph":[{"@type":["WebPage","ItemPage"],"@id":"https:\/\/bbqentertainment.com\/toode\/napoleon-drift-wood-dekoratiivne-joekividega-triivpuit-elektrikaminale\/","url":"https:\/\/bbqentertainment.com\/toode\/napoleon-drift-wood-dekoratiivne-joekividega-triivpuit-elektrikaminale\/","name":"Napoleon Drift wood dekoratiivne j\u00f5ekividega triivpuit elektrikaminale - BBQ Entertainment","isPartOf":{"@id":"https:\/\/bbqentertainment.com\/#website"},"primaryImageOfPage":{"@id":"https:\/\/bbqentertainment.com\/toode\/napoleon-drift-wood-dekoratiivne-joekividega-triivpuit-elektrikaminale\/#primaryimage"},"image":{"@id":"https:\/\/bbqentertainment.com\/toode\/napoleon-drift-wood-dekoratiivne-joekividega-triivpuit-elektrikaminale\/#primaryimage"},"thumbnailUrl":"https:\/\/bbqentertainment.com\/wp-content\/uploads\/2025\/10\/Napoleon-Drift-wood-elektrikamin.png","datePublished":"2025-10-29T13:56:02+00:00","dateModified":"2026-04-06T09:26:53+00:00","breadcrumb":{"@id":"https:\/\/bbqentertainment.com\/toode\/napoleon-drift-wood-dekoratiivne-joekividega-triivpuit-elektrikaminale\/#breadcrumb"},"inLanguage":"en-US","potentialAction":[{"@type":"ReadAction","target":["https:\/\/bbqentertainment.com\/toode\/napoleon-drift-wood-dekoratiivne-joekividega-triivpuit-elektrikaminale\/"]}]},{"@type":"ImageObject","inLanguage":"en-US","@id":"https:\/\/bbqentertainment.com\/toode\/napoleon-drift-wood-dekoratiivne-joekividega-triivpuit-elektrikaminale\/#primaryimage","url":"https:\/\/bbqentertainment.com\/wp-content\/uploads\/2025\/10\/Napoleon-Drift-wood-elektrikamin.png","contentUrl":"https:\/\/bbqentertainment.com\/wp-content\/uploads\/2025\/10\/Napoleon-Drift-wood-elektrikamin.png","width":300,"height":300},{"@type":"BreadcrumbList","@id":"https:\/\/bbqentertainment.com\/toode\/napoleon-drift-wood-dekoratiivne-joekividega-triivpuit-elektrikaminale\/#breadcrumb","itemListElement":[{"@type":"ListItem","position":1,"name":"AVALEHT","item":"https:\/\/bbqentertainment.com\/en\/"},{"@type":"ListItem","position":2,"name":"Tooted","item":"https:\/\/bbqentertainment.com\/tooted\/"},{"@type":"ListItem","position":3,"name":"Muud tooted","item":"https:\/\/bbqentertainment.com\/tootekategooria\/muud-tooted\/"},{"@type":"ListItem","position":4,"name":"Napoleon Drift wood dekoratiivne j\u00f5ekividega triivpuit elektrikaminale"}]},{"@type":"WebSite","@id":"https:\/\/bbqentertainment.com\/#website","url":"https:\/\/bbqentertainment.com\/","name":"BBQ Entertainment","description":"BBQ is a great lifestyle, not just fun!","publisher":{"@id":"https:\/\/bbqentertainment.com\/#organization"},"potentialAction":[{"@type":"SearchAction","target":{"@type":"EntryPoint","urlTemplate":"https:\/\/bbqentertainment.com\/?s={search_term_string}"},"query-input":{"@type":"PropertyValueSpecification","valueRequired":true,"valueName":"search_term_string"}}],"inLanguage":"en-US"},{"@type":"Organization","@id":"https:\/\/bbqentertainment.com\/#organization","name":"BBQ Entertainment O\u00dc","url":"https:\/\/bbqentertainment.com\/","logo":{"@type":"ImageObject","inLanguage":"en-US","@id":"https:\/\/bbqentertainment.com\/#\/schema\/logo\/image\/","url":"https:\/\/bbqentertainment.com\/wp-content\/uploads\/2020\/04\/BBQ-Entertainment-N-Catering-Enn-Tobreluts-Logo.png","contentUrl":"https:\/\/bbqentertainment.com\/wp-content\/uploads\/2020\/04\/BBQ-Entertainment-N-Catering-Enn-Tobreluts-Logo.png","width":628,"height":266,"caption":"BBQ Entertainment O\u00dc"},"image":{"@id":"https:\/\/bbqentertainment.com\/#\/schema\/logo\/image\/"},"sameAs":["https:\/\/www.facebook.com\/BBQ-Entertainment-N-Catering-2437913376443540","https:\/\/www.instagram.com\/bbqentertainmentncatering\/","https:\/\/www.youtube.com\/channel\/UCmpuANQVhLy2Md8nrenp2jA"]}]}},"_links":{"self":[{"href":"https:\/\/bbqentertainment.com\/en\/wp-json\/wp\/v2\/product\/254878","targetHints":{"allow":["GET"]}}],"collection":[{"href":"https:\/\/bbqentertainment.com\/en\/wp-json\/wp\/v2\/product"}],"about":[{"href":"https:\/\/bbqentertainment.com\/en\/wp-json\/wp\/v2\/types\/product"}],"wp:featuredmedia":[{"embeddable":true,"href":"https:\/\/bbqentertainment.com\/en\/wp-json\/wp\/v2\/media\/254883"}],"wp:attachment":[{"href":"https:\/\/bbqentertainment.com\/en\/wp-json\/wp\/v2\/media?parent=254878"}],"wp:term":[{"taxonomy":"product_brand","embeddable":true,"href":"https:\/\/bbqentertainment.com\/en\/wp-json\/wp\/v2\/product_brand?post=254878"},{"taxonomy":"product_cat","embeddable":true,"href":"https:\/\/bbqentertainment.com\/en\/wp-json\/wp\/v2\/product_cat?post=254878"},{"taxonomy":"product_tag","embeddable":true,"href":"https:\/\/bbqentertainment.com\/en\/wp-json\/wp\/v2\/product_tag?post=254878"}],"curies":[{"name":"wp","href":"https:\/\/api.w.org\/{rel}","templated":true}]}}