{"id":254907,"date":"2025-10-30T12:38:34","date_gmt":"2025-10-30T10:38:34","guid":{"rendered":"https:\/\/bbqentertainment.com\/?post_type=product&#038;p=254907"},"modified":"2025-10-30T15:55:33","modified_gmt":"2025-10-30T13:55:33","slug":"don-marcos-soolakivi-vaike-20x10x2cm","status":"publish","type":"product","link":"https:\/\/bbqentertainment.com\/en\/toode\/don-marcos-soolakivi-vaike-20x10x2cm\/","title":{"rendered":"Soolaplank Don Marco&#8217;s v\u00e4ike (20x10x2cm)"},"content":{"rendered":"","protected":false},"excerpt":{"rendered":"<h3><strong>Soolaplank Don Marco&#8217;s v\u00e4ike (20x10x2cm)<\/strong><\/h3>\n<p style=\"font-weight: 400\">Don Marco\u2019s soolaplank on looduslik graniitne soolakivi, mis sobib grillimiseks ja toidu \u00f5rnaks k\u00fcpsetamiseks. Toit asetatakse otse plaadile ning k\u00fcpseb sellel kaudselt, ilma leegiga kokkupuuteta. Nii s\u00e4ilib toidu mahlasus ja lisandub kerge, loomulik soolane maitse.<\/p>\n<p style=\"font-weight: 400\" data-start=\"329\" data-end=\"357\"><strong data-start=\"329\" data-end=\"355\">Omadused ja kasutamine<\/strong><\/p>\n<ul>\n<li data-start=\"360\" data-end=\"421\">k\u00fcpsetab toidu \u00f5rnalt ja \u00fchtlaselt, ilma otsese leegita<\/li>\n<li data-start=\"424\" data-end=\"500\">annab roale loodusliku soolasuse, mis tekib toidu enda niiskuse toimel<\/li>\n<li data-start=\"503\" data-end=\"537\">sobib korduvaks kasutamiseks<\/li>\n<li data-start=\"540\" data-end=\"579\">ei vaja soola ega maitseaineid lisaks<\/li>\n<\/ul>\n<p style=\"font-weight: 400\">Soolaplanku v\u00f5ib kasutada grillil v\u00f5i ahjus. Enne kasutamist <strong data-start=\"642\" data-end=\"676\">ei ole soovitatav plaati pesta<\/strong>, sest niiske pind muudab tulemuse liiga soolaseks. Toit, mis on kergelt \u00f5liga v\u00f5i marinaadiga kaetud, v\u00f5tab k\u00fcpsemisel just paraja koguse soola, moodustades maitsva ja \u00fchtlase kooriku.<\/p>\n<p style=\"font-weight: 400\">\u00a0<\/p>\n","protected":false},"featured_media":254917,"template":"","meta":{"inline_featured_image":false},"product_brand":[],"product_cat":[92,479,22],"product_tag":[],"class_list":{"0":"post-254907","1":"product","2":"type-product","3":"status-publish","4":"has-post-thumbnail","6":"product_cat-lisatarvikud","7":"product_cat-grillitarvikud","8":"product_cat-grillplank","10":"first","11":"instock","12":"taxable","13":"shipping-taxable","14":"purchasable","15":"product-type-simple"},"yoast_head":"<!-- This site is optimized with the Yoast SEO plugin v27.4 - https:\/\/yoast.com\/product\/yoast-seo-wordpress\/ -->\n<title>Soolaplank Don Marco&#039;s v\u00e4ike (20x10x2cm) - BBQ Entertainment<\/title>\n<meta name=\"robots\" content=\"index, follow, max-snippet:-1, max-image-preview:large, max-video-preview:-1\" \/>\n<link rel=\"canonical\" href=\"https:\/\/bbqentertainment.com\/toode\/don-marcos-soolakivi-vaike-20x10x2cm\/\" \/>\n<meta property=\"og:locale\" content=\"en_US\" \/>\n<meta property=\"og:type\" content=\"article\" \/>\n<meta property=\"og:title\" content=\"Soolaplank Don Marco&#039;s v\u00e4ike (20x10x2cm) - BBQ Entertainment\" \/>\n<meta property=\"og:description\" content=\"Soolaplank Don Marco&#039;s v\u00e4ike (20x10x2cm)Don Marco\u2019s soolaplank on looduslik graniitne soolakivi, mis sobib grillimiseks ja toidu \u00f5rnaks k\u00fcpsetamiseks. Toit asetatakse otse plaadile ning k\u00fcpseb sellel kaudselt, ilma leegiga kokkupuuteta. Nii s\u00e4ilib toidu mahlasus ja lisandub kerge, loomulik soolane maitse.Omadused ja kasutaminek\u00fcpsetab toidu \u00f5rnalt ja \u00fchtlaselt, ilma otsese leegitaannab roale loodusliku soolasuse, mis tekib toidu enda niiskuse toimelsobib korduvaks kasutamiseksei vaja soola ega maitseaineid lisaksSoolaplanku v\u00f5ib kasutada grillil v\u00f5i ahjus. Enne kasutamist ei ole soovitatav plaati pesta, sest niiske pind muudab tulemuse liiga soolaseks. Toit, mis on kergelt \u00f5liga v\u00f5i marinaadiga kaetud, v\u00f5tab k\u00fcpsemisel just paraja koguse soola, moodustades maitsva ja \u00fchtlase kooriku.\u00a0\" \/>\n<meta property=\"og:url\" content=\"https:\/\/bbqentertainment.com\/toode\/don-marcos-soolakivi-vaike-20x10x2cm\/\" \/>\n<meta property=\"og:site_name\" content=\"BBQ Entertainment\" \/>\n<meta property=\"article:publisher\" content=\"https:\/\/www.facebook.com\/BBQ-Entertainment-N-Catering-2437913376443540\" \/>\n<meta property=\"article:modified_time\" content=\"2025-10-30T13:55:33+00:00\" \/>\n<meta property=\"og:image\" content=\"https:\/\/bbqentertainment.com\/wp-content\/uploads\/2025\/10\/don-marcos-barbecue-salzplanke-20x10cm.jpg\" \/>\n\t<meta property=\"og:image:width\" content=\"600\" \/>\n\t<meta property=\"og:image:height\" content=\"337\" \/>\n\t<meta property=\"og:image:type\" content=\"image\/jpeg\" \/>\n<meta name=\"twitter:card\" content=\"summary_large_image\" \/>\n<meta name=\"twitter:label1\" content=\"Est. reading time\" \/>\n\t<meta name=\"twitter:data1\" content=\"1 minute\" \/>\n<script type=\"application\/ld+json\" class=\"yoast-schema-graph\">{\"@context\":\"https:\\\/\\\/schema.org\",\"@graph\":[{\"@type\":[\"WebPage\",\"ItemPage\"],\"@id\":\"https:\\\/\\\/bbqentertainment.com\\\/toode\\\/don-marcos-soolakivi-vaike-20x10x2cm\\\/\",\"url\":\"https:\\\/\\\/bbqentertainment.com\\\/toode\\\/don-marcos-soolakivi-vaike-20x10x2cm\\\/\",\"name\":\"Soolaplank Don Marco's v\u00e4ike (20x10x2cm) - BBQ Entertainment\",\"isPartOf\":{\"@id\":\"https:\\\/\\\/bbqentertainment.com\\\/#website\"},\"primaryImageOfPage\":{\"@id\":\"https:\\\/\\\/bbqentertainment.com\\\/toode\\\/don-marcos-soolakivi-vaike-20x10x2cm\\\/#primaryimage\"},\"image\":{\"@id\":\"https:\\\/\\\/bbqentertainment.com\\\/toode\\\/don-marcos-soolakivi-vaike-20x10x2cm\\\/#primaryimage\"},\"thumbnailUrl\":\"https:\\\/\\\/bbqentertainment.com\\\/wp-content\\\/uploads\\\/2025\\\/10\\\/don-marcos-barbecue-salzplanke-20x10cm.jpg\",\"datePublished\":\"2025-10-30T10:38:34+00:00\",\"dateModified\":\"2025-10-30T13:55:33+00:00\",\"breadcrumb\":{\"@id\":\"https:\\\/\\\/bbqentertainment.com\\\/toode\\\/don-marcos-soolakivi-vaike-20x10x2cm\\\/#breadcrumb\"},\"inLanguage\":\"en-US\",\"potentialAction\":[{\"@type\":\"ReadAction\",\"target\":[\"https:\\\/\\\/bbqentertainment.com\\\/toode\\\/don-marcos-soolakivi-vaike-20x10x2cm\\\/\"]}]},{\"@type\":\"ImageObject\",\"inLanguage\":\"en-US\",\"@id\":\"https:\\\/\\\/bbqentertainment.com\\\/toode\\\/don-marcos-soolakivi-vaike-20x10x2cm\\\/#primaryimage\",\"url\":\"https:\\\/\\\/bbqentertainment.com\\\/wp-content\\\/uploads\\\/2025\\\/10\\\/don-marcos-barbecue-salzplanke-20x10cm.jpg\",\"contentUrl\":\"https:\\\/\\\/bbqentertainment.com\\\/wp-content\\\/uploads\\\/2025\\\/10\\\/don-marcos-barbecue-salzplanke-20x10cm.jpg\",\"width\":600,\"height\":337},{\"@type\":\"BreadcrumbList\",\"@id\":\"https:\\\/\\\/bbqentertainment.com\\\/toode\\\/don-marcos-soolakivi-vaike-20x10x2cm\\\/#breadcrumb\",\"itemListElement\":[{\"@type\":\"ListItem\",\"position\":1,\"name\":\"AVALEHT\",\"item\":\"https:\\\/\\\/bbqentertainment.com\\\/en\\\/\"},{\"@type\":\"ListItem\",\"position\":2,\"name\":\"Tooted\",\"item\":\"https:\\\/\\\/bbqentertainment.com\\\/tooted\\\/\"},{\"@type\":\"ListItem\",\"position\":3,\"name\":\"Lisatarvikud\",\"item\":\"https:\\\/\\\/bbqentertainment.com\\\/tootekategooria\\\/lisatarvikud\\\/\"},{\"@type\":\"ListItem\",\"position\":4,\"name\":\"Soolaplank Don Marco&#8217;s v\u00e4ike (20x10x2cm)\"}]},{\"@type\":\"WebSite\",\"@id\":\"https:\\\/\\\/bbqentertainment.com\\\/#website\",\"url\":\"https:\\\/\\\/bbqentertainment.com\\\/\",\"name\":\"BBQ Entertainment\",\"description\":\"BBQ is a great lifestyle, not just fun!\",\"publisher\":{\"@id\":\"https:\\\/\\\/bbqentertainment.com\\\/#organization\"},\"potentialAction\":[{\"@type\":\"SearchAction\",\"target\":{\"@type\":\"EntryPoint\",\"urlTemplate\":\"https:\\\/\\\/bbqentertainment.com\\\/?s={search_term_string}\"},\"query-input\":{\"@type\":\"PropertyValueSpecification\",\"valueRequired\":true,\"valueName\":\"search_term_string\"}}],\"inLanguage\":\"en-US\"},{\"@type\":\"Organization\",\"@id\":\"https:\\\/\\\/bbqentertainment.com\\\/#organization\",\"name\":\"BBQ Entertainment O\u00dc\",\"url\":\"https:\\\/\\\/bbqentertainment.com\\\/\",\"logo\":{\"@type\":\"ImageObject\",\"inLanguage\":\"en-US\",\"@id\":\"https:\\\/\\\/bbqentertainment.com\\\/#\\\/schema\\\/logo\\\/image\\\/\",\"url\":\"https:\\\/\\\/bbqentertainment.com\\\/wp-content\\\/uploads\\\/2020\\\/04\\\/BBQ-Entertainment-N-Catering-Enn-Tobreluts-Logo.png\",\"contentUrl\":\"https:\\\/\\\/bbqentertainment.com\\\/wp-content\\\/uploads\\\/2020\\\/04\\\/BBQ-Entertainment-N-Catering-Enn-Tobreluts-Logo.png\",\"width\":628,\"height\":266,\"caption\":\"BBQ Entertainment O\u00dc\"},\"image\":{\"@id\":\"https:\\\/\\\/bbqentertainment.com\\\/#\\\/schema\\\/logo\\\/image\\\/\"},\"sameAs\":[\"https:\\\/\\\/www.facebook.com\\\/BBQ-Entertainment-N-Catering-2437913376443540\",\"https:\\\/\\\/www.instagram.com\\\/bbqentertainmentncatering\\\/\",\"https:\\\/\\\/www.youtube.com\\\/channel\\\/UCmpuANQVhLy2Md8nrenp2jA\"]}]}<\/script>\n<!-- \/ Yoast SEO plugin. -->","yoast_head_json":{"title":"Soolaplank Don Marco's v\u00e4ike (20x10x2cm) - BBQ Entertainment","robots":{"index":"index","follow":"follow","max-snippet":"max-snippet:-1","max-image-preview":"max-image-preview:large","max-video-preview":"max-video-preview:-1"},"canonical":"https:\/\/bbqentertainment.com\/toode\/don-marcos-soolakivi-vaike-20x10x2cm\/","og_locale":"en_US","og_type":"article","og_title":"Soolaplank Don Marco's v\u00e4ike (20x10x2cm) - BBQ Entertainment","og_description":"Soolaplank Don Marco's v\u00e4ike (20x10x2cm)Don Marco\u2019s soolaplank on looduslik graniitne soolakivi, mis sobib grillimiseks ja toidu \u00f5rnaks k\u00fcpsetamiseks. Toit asetatakse otse plaadile ning k\u00fcpseb sellel kaudselt, ilma leegiga kokkupuuteta. Nii s\u00e4ilib toidu mahlasus ja lisandub kerge, loomulik soolane maitse.Omadused ja kasutaminek\u00fcpsetab toidu \u00f5rnalt ja \u00fchtlaselt, ilma otsese leegitaannab roale loodusliku soolasuse, mis tekib toidu enda niiskuse toimelsobib korduvaks kasutamiseksei vaja soola ega maitseaineid lisaksSoolaplanku v\u00f5ib kasutada grillil v\u00f5i ahjus. Enne kasutamist ei ole soovitatav plaati pesta, sest niiske pind muudab tulemuse liiga soolaseks. Toit, mis on kergelt \u00f5liga v\u00f5i marinaadiga kaetud, v\u00f5tab k\u00fcpsemisel just paraja koguse soola, moodustades maitsva ja \u00fchtlase kooriku.\u00a0","og_url":"https:\/\/bbqentertainment.com\/toode\/don-marcos-soolakivi-vaike-20x10x2cm\/","og_site_name":"BBQ Entertainment","article_publisher":"https:\/\/www.facebook.com\/BBQ-Entertainment-N-Catering-2437913376443540","article_modified_time":"2025-10-30T13:55:33+00:00","og_image":[{"width":600,"height":337,"url":"https:\/\/bbqentertainment.com\/wp-content\/uploads\/2025\/10\/don-marcos-barbecue-salzplanke-20x10cm.jpg","type":"image\/jpeg"}],"twitter_card":"summary_large_image","twitter_misc":{"Est. reading time":"1 minute"},"schema":{"@context":"https:\/\/schema.org","@graph":[{"@type":["WebPage","ItemPage"],"@id":"https:\/\/bbqentertainment.com\/toode\/don-marcos-soolakivi-vaike-20x10x2cm\/","url":"https:\/\/bbqentertainment.com\/toode\/don-marcos-soolakivi-vaike-20x10x2cm\/","name":"Soolaplank Don Marco's v\u00e4ike (20x10x2cm) - BBQ Entertainment","isPartOf":{"@id":"https:\/\/bbqentertainment.com\/#website"},"primaryImageOfPage":{"@id":"https:\/\/bbqentertainment.com\/toode\/don-marcos-soolakivi-vaike-20x10x2cm\/#primaryimage"},"image":{"@id":"https:\/\/bbqentertainment.com\/toode\/don-marcos-soolakivi-vaike-20x10x2cm\/#primaryimage"},"thumbnailUrl":"https:\/\/bbqentertainment.com\/wp-content\/uploads\/2025\/10\/don-marcos-barbecue-salzplanke-20x10cm.jpg","datePublished":"2025-10-30T10:38:34+00:00","dateModified":"2025-10-30T13:55:33+00:00","breadcrumb":{"@id":"https:\/\/bbqentertainment.com\/toode\/don-marcos-soolakivi-vaike-20x10x2cm\/#breadcrumb"},"inLanguage":"en-US","potentialAction":[{"@type":"ReadAction","target":["https:\/\/bbqentertainment.com\/toode\/don-marcos-soolakivi-vaike-20x10x2cm\/"]}]},{"@type":"ImageObject","inLanguage":"en-US","@id":"https:\/\/bbqentertainment.com\/toode\/don-marcos-soolakivi-vaike-20x10x2cm\/#primaryimage","url":"https:\/\/bbqentertainment.com\/wp-content\/uploads\/2025\/10\/don-marcos-barbecue-salzplanke-20x10cm.jpg","contentUrl":"https:\/\/bbqentertainment.com\/wp-content\/uploads\/2025\/10\/don-marcos-barbecue-salzplanke-20x10cm.jpg","width":600,"height":337},{"@type":"BreadcrumbList","@id":"https:\/\/bbqentertainment.com\/toode\/don-marcos-soolakivi-vaike-20x10x2cm\/#breadcrumb","itemListElement":[{"@type":"ListItem","position":1,"name":"AVALEHT","item":"https:\/\/bbqentertainment.com\/en\/"},{"@type":"ListItem","position":2,"name":"Tooted","item":"https:\/\/bbqentertainment.com\/tooted\/"},{"@type":"ListItem","position":3,"name":"Lisatarvikud","item":"https:\/\/bbqentertainment.com\/tootekategooria\/lisatarvikud\/"},{"@type":"ListItem","position":4,"name":"Soolaplank Don Marco&#8217;s v\u00e4ike (20x10x2cm)"}]},{"@type":"WebSite","@id":"https:\/\/bbqentertainment.com\/#website","url":"https:\/\/bbqentertainment.com\/","name":"BBQ Entertainment","description":"BBQ is a great lifestyle, not just fun!","publisher":{"@id":"https:\/\/bbqentertainment.com\/#organization"},"potentialAction":[{"@type":"SearchAction","target":{"@type":"EntryPoint","urlTemplate":"https:\/\/bbqentertainment.com\/?s={search_term_string}"},"query-input":{"@type":"PropertyValueSpecification","valueRequired":true,"valueName":"search_term_string"}}],"inLanguage":"en-US"},{"@type":"Organization","@id":"https:\/\/bbqentertainment.com\/#organization","name":"BBQ Entertainment O\u00dc","url":"https:\/\/bbqentertainment.com\/","logo":{"@type":"ImageObject","inLanguage":"en-US","@id":"https:\/\/bbqentertainment.com\/#\/schema\/logo\/image\/","url":"https:\/\/bbqentertainment.com\/wp-content\/uploads\/2020\/04\/BBQ-Entertainment-N-Catering-Enn-Tobreluts-Logo.png","contentUrl":"https:\/\/bbqentertainment.com\/wp-content\/uploads\/2020\/04\/BBQ-Entertainment-N-Catering-Enn-Tobreluts-Logo.png","width":628,"height":266,"caption":"BBQ Entertainment O\u00dc"},"image":{"@id":"https:\/\/bbqentertainment.com\/#\/schema\/logo\/image\/"},"sameAs":["https:\/\/www.facebook.com\/BBQ-Entertainment-N-Catering-2437913376443540","https:\/\/www.instagram.com\/bbqentertainmentncatering\/","https:\/\/www.youtube.com\/channel\/UCmpuANQVhLy2Md8nrenp2jA"]}]}},"_links":{"self":[{"href":"https:\/\/bbqentertainment.com\/en\/wp-json\/wp\/v2\/product\/254907","targetHints":{"allow":["GET"]}}],"collection":[{"href":"https:\/\/bbqentertainment.com\/en\/wp-json\/wp\/v2\/product"}],"about":[{"href":"https:\/\/bbqentertainment.com\/en\/wp-json\/wp\/v2\/types\/product"}],"wp:featuredmedia":[{"embeddable":true,"href":"https:\/\/bbqentertainment.com\/en\/wp-json\/wp\/v2\/media\/254917"}],"wp:attachment":[{"href":"https:\/\/bbqentertainment.com\/en\/wp-json\/wp\/v2\/media?parent=254907"}],"wp:term":[{"taxonomy":"product_brand","embeddable":true,"href":"https:\/\/bbqentertainment.com\/en\/wp-json\/wp\/v2\/product_brand?post=254907"},{"taxonomy":"product_cat","embeddable":true,"href":"https:\/\/bbqentertainment.com\/en\/wp-json\/wp\/v2\/product_cat?post=254907"},{"taxonomy":"product_tag","embeddable":true,"href":"https:\/\/bbqentertainment.com\/en\/wp-json\/wp\/v2\/product_tag?post=254907"}],"curies":[{"name":"wp","href":"https:\/\/api.w.org\/{rel}","templated":true}]}}