{"id":254919,"date":"2025-10-30T13:08:22","date_gmt":"2025-10-30T11:08:22","guid":{"rendered":"https:\/\/bbqentertainment.com\/?post_type=product&#038;p=254919"},"modified":"2025-10-30T13:55:49","modified_gmt":"2025-10-30T11:55:49","slug":"coeo-poogipuust-kaepidemetega-loikelaud","status":"publish","type":"product","link":"https:\/\/bbqentertainment.com\/en\/toode\/coeo-poogipuust-kaepidemetega-loikelaud\/","title":{"rendered":"COEO p\u00f6\u00f6gipuust k\u00e4epidemetega l\u00f5ikelaud"},"content":{"rendered":"","protected":false},"excerpt":{"rendered":"<h3><strong>COEO p\u00f6\u00f6gipuust k\u00e4epidemetega l\u00f5ikelaud<\/strong><\/h3>\n<p style=\"font-weight: 400\">Massiivne puidust lihuniku l\u00f5ikelaud pakub stabiilset ja tasasel pinnal l\u00f5ikamiseks m\u00f5eldud t\u00f6\u00f6pinda. See on vastupidav, funktsionaalne ja sobib igap\u00e4evaseks kasutamiseks nii professionaalses k\u00f6\u00f6gis kui kodus.<\/p>\n<p style=\"font-weight: 400\" data-start=\"299\" data-end=\"313\"><strong data-start=\"299\" data-end=\"311\">Omadused<\/strong><\/p>\n<ul>\n<li data-start=\"316\" data-end=\"421\">valmistatud t\u00e4ispuidust otsekiududega pinnast, mis tagab vastupidavuse ja v\u00e4hendab noatera kulumist<\/li>\n<li data-start=\"424\" data-end=\"489\">kaks k\u00fclgmist k\u00e4epidet mugavaks t\u00f5stmiseks ja liigutamiseks<\/li>\n<li data-start=\"492\" data-end=\"554\">mahlasoon k\u00fcpsetatud liha l\u00f5ikamisel vedelike kogumiseks<\/li>\n<li data-start=\"557\" data-end=\"582\">kahepoolne kasutus:\n<ul>\n<li data-start=\"587\" data-end=\"645\">sile pool sobib k\u00f6\u00f6giviljade ja toore liha t\u00fckeldamiseks<\/li>\n<li data-start=\"650\" data-end=\"717\">soontega pool sobib k\u00fcpsetatud liha l\u00f5ikamiseks ja serveerimiseks<\/li>\n<\/ul>\n<\/li>\n<\/ul>\n<p style=\"font-weight: 400\">\n","protected":false},"featured_media":254927,"template":"","meta":{"inline_featured_image":false},"product_brand":[],"product_cat":[572,92,479],"product_tag":[],"class_list":{"0":"post-254919","1":"product","2":"type-product","3":"status-publish","4":"has-post-thumbnail","6":"product_cat-coeo-grillid-tuleasemed-ja-tarvikud","7":"product_cat-lisatarvikud","8":"product_cat-grillitarvikud","10":"first","11":"instock","12":"taxable","13":"shipping-taxable","14":"purchasable","15":"product-type-simple"},"yoast_head":"<!-- This site is optimized with the Yoast SEO plugin v27.4 - https:\/\/yoast.com\/product\/yoast-seo-wordpress\/ -->\n<title>COEO p\u00f6\u00f6gipuust k\u00e4epidemetega l\u00f5ikelaud - BBQ Entertainment<\/title>\n<meta name=\"robots\" content=\"index, follow, max-snippet:-1, max-image-preview:large, max-video-preview:-1\" \/>\n<link rel=\"canonical\" href=\"https:\/\/bbqentertainment.com\/toode\/coeo-poogipuust-kaepidemetega-loikelaud\/\" \/>\n<meta property=\"og:locale\" content=\"en_US\" \/>\n<meta property=\"og:type\" content=\"article\" \/>\n<meta property=\"og:title\" content=\"COEO p\u00f6\u00f6gipuust k\u00e4epidemetega l\u00f5ikelaud - BBQ Entertainment\" \/>\n<meta property=\"og:description\" content=\"COEO p\u00f6\u00f6gipuust k\u00e4epidemetega l\u00f5ikelaud Massiivne puidust lihuniku l\u00f5ikelaud pakub stabiilset ja tasasel pinnal l\u00f5ikamiseks m\u00f5eldud t\u00f6\u00f6pinda. See on vastupidav, funktsionaalne ja sobib igap\u00e4evaseks kasutamiseks nii professionaalses k\u00f6\u00f6gis kui kodus. Omadused    valmistatud t\u00e4ispuidust otsekiududega pinnast, mis tagab vastupidavuse ja v\u00e4hendab noatera kulumist  kaks k\u00fclgmist k\u00e4epidet mugavaks t\u00f5stmiseks ja liigutamiseks  mahlasoon k\u00fcpsetatud liha l\u00f5ikamisel vedelike kogumiseks  kahepoolne kasutus:   sile pool sobib k\u00f6\u00f6giviljade ja toore liha t\u00fckeldamiseks  soontega pool sobib k\u00fcpsetatud liha l\u00f5ikamiseks ja serveerimiseks\" \/>\n<meta property=\"og:url\" content=\"https:\/\/bbqentertainment.com\/toode\/coeo-poogipuust-kaepidemetega-loikelaud\/\" \/>\n<meta property=\"og:site_name\" content=\"BBQ Entertainment\" \/>\n<meta property=\"article:publisher\" content=\"https:\/\/www.facebook.com\/BBQ-Entertainment-N-Catering-2437913376443540\" \/>\n<meta property=\"article:modified_time\" content=\"2025-10-30T11:55:49+00:00\" \/>\n<meta property=\"og:image\" content=\"https:\/\/bbqentertainment.com\/wp-content\/uploads\/2025\/10\/bb2-billot-butcher-transparent.webp\" \/>\n\t<meta property=\"og:image:width\" content=\"1000\" \/>\n\t<meta property=\"og:image:height\" content=\"1000\" \/>\n\t<meta property=\"og:image:type\" content=\"image\/webp\" \/>\n<meta name=\"twitter:card\" content=\"summary_large_image\" \/>\n<meta name=\"twitter:label1\" content=\"Est. reading time\" \/>\n\t<meta name=\"twitter:data1\" content=\"1 minute\" \/>\n<script type=\"application\/ld+json\" class=\"yoast-schema-graph\">{\"@context\":\"https:\\\/\\\/schema.org\",\"@graph\":[{\"@type\":[\"WebPage\",\"ItemPage\"],\"@id\":\"https:\\\/\\\/bbqentertainment.com\\\/toode\\\/coeo-poogipuust-kaepidemetega-loikelaud\\\/\",\"url\":\"https:\\\/\\\/bbqentertainment.com\\\/toode\\\/coeo-poogipuust-kaepidemetega-loikelaud\\\/\",\"name\":\"COEO p\u00f6\u00f6gipuust k\u00e4epidemetega l\u00f5ikelaud - BBQ Entertainment\",\"isPartOf\":{\"@id\":\"https:\\\/\\\/bbqentertainment.com\\\/#website\"},\"primaryImageOfPage\":{\"@id\":\"https:\\\/\\\/bbqentertainment.com\\\/toode\\\/coeo-poogipuust-kaepidemetega-loikelaud\\\/#primaryimage\"},\"image\":{\"@id\":\"https:\\\/\\\/bbqentertainment.com\\\/toode\\\/coeo-poogipuust-kaepidemetega-loikelaud\\\/#primaryimage\"},\"thumbnailUrl\":\"https:\\\/\\\/bbqentertainment.com\\\/wp-content\\\/uploads\\\/2025\\\/10\\\/bb2-billot-butcher-transparent.webp\",\"datePublished\":\"2025-10-30T11:08:22+00:00\",\"dateModified\":\"2025-10-30T11:55:49+00:00\",\"breadcrumb\":{\"@id\":\"https:\\\/\\\/bbqentertainment.com\\\/toode\\\/coeo-poogipuust-kaepidemetega-loikelaud\\\/#breadcrumb\"},\"inLanguage\":\"en-US\",\"potentialAction\":[{\"@type\":\"ReadAction\",\"target\":[\"https:\\\/\\\/bbqentertainment.com\\\/toode\\\/coeo-poogipuust-kaepidemetega-loikelaud\\\/\"]}]},{\"@type\":\"ImageObject\",\"inLanguage\":\"en-US\",\"@id\":\"https:\\\/\\\/bbqentertainment.com\\\/toode\\\/coeo-poogipuust-kaepidemetega-loikelaud\\\/#primaryimage\",\"url\":\"https:\\\/\\\/bbqentertainment.com\\\/wp-content\\\/uploads\\\/2025\\\/10\\\/bb2-billot-butcher-transparent.webp\",\"contentUrl\":\"https:\\\/\\\/bbqentertainment.com\\\/wp-content\\\/uploads\\\/2025\\\/10\\\/bb2-billot-butcher-transparent.webp\",\"width\":1000,\"height\":1000},{\"@type\":\"BreadcrumbList\",\"@id\":\"https:\\\/\\\/bbqentertainment.com\\\/toode\\\/coeo-poogipuust-kaepidemetega-loikelaud\\\/#breadcrumb\",\"itemListElement\":[{\"@type\":\"ListItem\",\"position\":1,\"name\":\"AVALEHT\",\"item\":\"https:\\\/\\\/bbqentertainment.com\\\/en\\\/\"},{\"@type\":\"ListItem\",\"position\":2,\"name\":\"Tooted\",\"item\":\"https:\\\/\\\/bbqentertainment.com\\\/tooted\\\/\"},{\"@type\":\"ListItem\",\"position\":3,\"name\":\"Lisatarvikud\",\"item\":\"https:\\\/\\\/bbqentertainment.com\\\/tootekategooria\\\/lisatarvikud\\\/\"},{\"@type\":\"ListItem\",\"position\":4,\"name\":\"COEO p\u00f6\u00f6gipuust k\u00e4epidemetega l\u00f5ikelaud\"}]},{\"@type\":\"WebSite\",\"@id\":\"https:\\\/\\\/bbqentertainment.com\\\/#website\",\"url\":\"https:\\\/\\\/bbqentertainment.com\\\/\",\"name\":\"BBQ Entertainment\",\"description\":\"BBQ is a great lifestyle, not just fun!\",\"publisher\":{\"@id\":\"https:\\\/\\\/bbqentertainment.com\\\/#organization\"},\"potentialAction\":[{\"@type\":\"SearchAction\",\"target\":{\"@type\":\"EntryPoint\",\"urlTemplate\":\"https:\\\/\\\/bbqentertainment.com\\\/?s={search_term_string}\"},\"query-input\":{\"@type\":\"PropertyValueSpecification\",\"valueRequired\":true,\"valueName\":\"search_term_string\"}}],\"inLanguage\":\"en-US\"},{\"@type\":\"Organization\",\"@id\":\"https:\\\/\\\/bbqentertainment.com\\\/#organization\",\"name\":\"BBQ Entertainment O\u00dc\",\"url\":\"https:\\\/\\\/bbqentertainment.com\\\/\",\"logo\":{\"@type\":\"ImageObject\",\"inLanguage\":\"en-US\",\"@id\":\"https:\\\/\\\/bbqentertainment.com\\\/#\\\/schema\\\/logo\\\/image\\\/\",\"url\":\"https:\\\/\\\/bbqentertainment.com\\\/wp-content\\\/uploads\\\/2020\\\/04\\\/BBQ-Entertainment-N-Catering-Enn-Tobreluts-Logo.png\",\"contentUrl\":\"https:\\\/\\\/bbqentertainment.com\\\/wp-content\\\/uploads\\\/2020\\\/04\\\/BBQ-Entertainment-N-Catering-Enn-Tobreluts-Logo.png\",\"width\":628,\"height\":266,\"caption\":\"BBQ Entertainment O\u00dc\"},\"image\":{\"@id\":\"https:\\\/\\\/bbqentertainment.com\\\/#\\\/schema\\\/logo\\\/image\\\/\"},\"sameAs\":[\"https:\\\/\\\/www.facebook.com\\\/BBQ-Entertainment-N-Catering-2437913376443540\",\"https:\\\/\\\/www.instagram.com\\\/bbqentertainmentncatering\\\/\",\"https:\\\/\\\/www.youtube.com\\\/channel\\\/UCmpuANQVhLy2Md8nrenp2jA\"]}]}<\/script>\n<!-- \/ Yoast SEO plugin. -->","yoast_head_json":{"title":"COEO p\u00f6\u00f6gipuust k\u00e4epidemetega l\u00f5ikelaud - BBQ Entertainment","robots":{"index":"index","follow":"follow","max-snippet":"max-snippet:-1","max-image-preview":"max-image-preview:large","max-video-preview":"max-video-preview:-1"},"canonical":"https:\/\/bbqentertainment.com\/toode\/coeo-poogipuust-kaepidemetega-loikelaud\/","og_locale":"en_US","og_type":"article","og_title":"COEO p\u00f6\u00f6gipuust k\u00e4epidemetega l\u00f5ikelaud - BBQ Entertainment","og_description":"COEO p\u00f6\u00f6gipuust k\u00e4epidemetega l\u00f5ikelaud Massiivne puidust lihuniku l\u00f5ikelaud pakub stabiilset ja tasasel pinnal l\u00f5ikamiseks m\u00f5eldud t\u00f6\u00f6pinda. See on vastupidav, funktsionaalne ja sobib igap\u00e4evaseks kasutamiseks nii professionaalses k\u00f6\u00f6gis kui kodus. Omadused    valmistatud t\u00e4ispuidust otsekiududega pinnast, mis tagab vastupidavuse ja v\u00e4hendab noatera kulumist  kaks k\u00fclgmist k\u00e4epidet mugavaks t\u00f5stmiseks ja liigutamiseks  mahlasoon k\u00fcpsetatud liha l\u00f5ikamisel vedelike kogumiseks  kahepoolne kasutus:   sile pool sobib k\u00f6\u00f6giviljade ja toore liha t\u00fckeldamiseks  soontega pool sobib k\u00fcpsetatud liha l\u00f5ikamiseks ja serveerimiseks","og_url":"https:\/\/bbqentertainment.com\/toode\/coeo-poogipuust-kaepidemetega-loikelaud\/","og_site_name":"BBQ Entertainment","article_publisher":"https:\/\/www.facebook.com\/BBQ-Entertainment-N-Catering-2437913376443540","article_modified_time":"2025-10-30T11:55:49+00:00","og_image":[{"width":1000,"height":1000,"url":"https:\/\/bbqentertainment.com\/wp-content\/uploads\/2025\/10\/bb2-billot-butcher-transparent.webp","type":"image\/webp"}],"twitter_card":"summary_large_image","twitter_misc":{"Est. reading time":"1 minute"},"schema":{"@context":"https:\/\/schema.org","@graph":[{"@type":["WebPage","ItemPage"],"@id":"https:\/\/bbqentertainment.com\/toode\/coeo-poogipuust-kaepidemetega-loikelaud\/","url":"https:\/\/bbqentertainment.com\/toode\/coeo-poogipuust-kaepidemetega-loikelaud\/","name":"COEO p\u00f6\u00f6gipuust k\u00e4epidemetega l\u00f5ikelaud - BBQ Entertainment","isPartOf":{"@id":"https:\/\/bbqentertainment.com\/#website"},"primaryImageOfPage":{"@id":"https:\/\/bbqentertainment.com\/toode\/coeo-poogipuust-kaepidemetega-loikelaud\/#primaryimage"},"image":{"@id":"https:\/\/bbqentertainment.com\/toode\/coeo-poogipuust-kaepidemetega-loikelaud\/#primaryimage"},"thumbnailUrl":"https:\/\/bbqentertainment.com\/wp-content\/uploads\/2025\/10\/bb2-billot-butcher-transparent.webp","datePublished":"2025-10-30T11:08:22+00:00","dateModified":"2025-10-30T11:55:49+00:00","breadcrumb":{"@id":"https:\/\/bbqentertainment.com\/toode\/coeo-poogipuust-kaepidemetega-loikelaud\/#breadcrumb"},"inLanguage":"en-US","potentialAction":[{"@type":"ReadAction","target":["https:\/\/bbqentertainment.com\/toode\/coeo-poogipuust-kaepidemetega-loikelaud\/"]}]},{"@type":"ImageObject","inLanguage":"en-US","@id":"https:\/\/bbqentertainment.com\/toode\/coeo-poogipuust-kaepidemetega-loikelaud\/#primaryimage","url":"https:\/\/bbqentertainment.com\/wp-content\/uploads\/2025\/10\/bb2-billot-butcher-transparent.webp","contentUrl":"https:\/\/bbqentertainment.com\/wp-content\/uploads\/2025\/10\/bb2-billot-butcher-transparent.webp","width":1000,"height":1000},{"@type":"BreadcrumbList","@id":"https:\/\/bbqentertainment.com\/toode\/coeo-poogipuust-kaepidemetega-loikelaud\/#breadcrumb","itemListElement":[{"@type":"ListItem","position":1,"name":"AVALEHT","item":"https:\/\/bbqentertainment.com\/en\/"},{"@type":"ListItem","position":2,"name":"Tooted","item":"https:\/\/bbqentertainment.com\/tooted\/"},{"@type":"ListItem","position":3,"name":"Lisatarvikud","item":"https:\/\/bbqentertainment.com\/tootekategooria\/lisatarvikud\/"},{"@type":"ListItem","position":4,"name":"COEO p\u00f6\u00f6gipuust k\u00e4epidemetega l\u00f5ikelaud"}]},{"@type":"WebSite","@id":"https:\/\/bbqentertainment.com\/#website","url":"https:\/\/bbqentertainment.com\/","name":"BBQ Entertainment","description":"BBQ is a great lifestyle, not just fun!","publisher":{"@id":"https:\/\/bbqentertainment.com\/#organization"},"potentialAction":[{"@type":"SearchAction","target":{"@type":"EntryPoint","urlTemplate":"https:\/\/bbqentertainment.com\/?s={search_term_string}"},"query-input":{"@type":"PropertyValueSpecification","valueRequired":true,"valueName":"search_term_string"}}],"inLanguage":"en-US"},{"@type":"Organization","@id":"https:\/\/bbqentertainment.com\/#organization","name":"BBQ Entertainment O\u00dc","url":"https:\/\/bbqentertainment.com\/","logo":{"@type":"ImageObject","inLanguage":"en-US","@id":"https:\/\/bbqentertainment.com\/#\/schema\/logo\/image\/","url":"https:\/\/bbqentertainment.com\/wp-content\/uploads\/2020\/04\/BBQ-Entertainment-N-Catering-Enn-Tobreluts-Logo.png","contentUrl":"https:\/\/bbqentertainment.com\/wp-content\/uploads\/2020\/04\/BBQ-Entertainment-N-Catering-Enn-Tobreluts-Logo.png","width":628,"height":266,"caption":"BBQ Entertainment O\u00dc"},"image":{"@id":"https:\/\/bbqentertainment.com\/#\/schema\/logo\/image\/"},"sameAs":["https:\/\/www.facebook.com\/BBQ-Entertainment-N-Catering-2437913376443540","https:\/\/www.instagram.com\/bbqentertainmentncatering\/","https:\/\/www.youtube.com\/channel\/UCmpuANQVhLy2Md8nrenp2jA"]}]}},"_links":{"self":[{"href":"https:\/\/bbqentertainment.com\/en\/wp-json\/wp\/v2\/product\/254919","targetHints":{"allow":["GET"]}}],"collection":[{"href":"https:\/\/bbqentertainment.com\/en\/wp-json\/wp\/v2\/product"}],"about":[{"href":"https:\/\/bbqentertainment.com\/en\/wp-json\/wp\/v2\/types\/product"}],"wp:featuredmedia":[{"embeddable":true,"href":"https:\/\/bbqentertainment.com\/en\/wp-json\/wp\/v2\/media\/254927"}],"wp:attachment":[{"href":"https:\/\/bbqentertainment.com\/en\/wp-json\/wp\/v2\/media?parent=254919"}],"wp:term":[{"taxonomy":"product_brand","embeddable":true,"href":"https:\/\/bbqentertainment.com\/en\/wp-json\/wp\/v2\/product_brand?post=254919"},{"taxonomy":"product_cat","embeddable":true,"href":"https:\/\/bbqentertainment.com\/en\/wp-json\/wp\/v2\/product_cat?post=254919"},{"taxonomy":"product_tag","embeddable":true,"href":"https:\/\/bbqentertainment.com\/en\/wp-json\/wp\/v2\/product_tag?post=254919"}],"curies":[{"name":"wp","href":"https:\/\/api.w.org\/{rel}","templated":true}]}}