{"id":254930,"date":"2025-10-30T13:18:58","date_gmt":"2025-10-30T11:18:58","guid":{"rendered":"https:\/\/bbqentertainment.com\/?post_type=product&#038;p=254930"},"modified":"2025-10-30T13:55:49","modified_gmt":"2025-10-30T11:55:49","slug":"coeo-grillikate-600d-pu-veekindel-must","status":"publish","type":"product","link":"https:\/\/bbqentertainment.com\/en\/toode\/coeo-grillikate-600d-pu-veekindel-must\/","title":{"rendered":"COEO grillikate 600D PU veekindel, must"},"content":{"rendered":"","protected":false},"excerpt":{"rendered":"<h3><strong>COEO grillikate 600D PU veekindel, must<\/strong><\/h3>\n<p style=\"font-weight: 400\">COEO ilmastikukindel grillikate on loodud grillile pikaajalise kaitse tagamiseks. Vastupidavast\u00a0600D Oxford pol\u00fcestrist\u00a0valmistatud kate on\u00a0PU-kattega, mis teeb selle ilmastikukindlaks ja vett t\u00f5rjuvaks. Materjal on hingav, samas UV-kindel ja vastupidav vihmale, tolmule ning v\u00e4iksematele mehaanilistele kahjustustele.<\/p>\n<p style=\"font-weight: 400\" data-start=\"347\" data-end=\"361\"><strong data-start=\"347\" data-end=\"359\">Omadused<\/strong><\/p>\n<ul>\n<li data-start=\"364\" data-end=\"417\">Materjal: 100% 600D Oxford pol\u00fcester PU-kattega<\/li>\n<li data-start=\"420\" data-end=\"450\">M\u00f5\u00f5dud: 82 \u00d7 82 \u00d7 127 cm<\/li>\n<li data-start=\"453\" data-end=\"537\">Keskmine tasku klapiga (23 \u00d7 25,5 cm) \u2013 tarvikute ja t\u00f6\u00f6riistade hoiustamiseks<\/li>\n<li data-start=\"540\" data-end=\"612\">2 k\u00fclgmist ventilatsiooniava \u2013 aitavad v\u00e4ltida niiskuse kogunemist<\/li>\n<li data-start=\"615\" data-end=\"690\">Keskmine pingutusrihm \u2013 hoiab katte kindlalt paigal ka tuulise ilmaga<\/li>\n<li data-start=\"693\" data-end=\"770\">Hoiukott \u2013 katet saab mitte kasutades mugavalt kokku panna ja hoiustada<\/li>\n<\/ul>\n<p style=\"font-weight: 400\"><strong data-start=\"772\" data-end=\"797\">Kasutamine ja sobivus<\/strong><br data-start=\"797\" data-end=\"800\" \/>Kaitsekate sobib mudelitele\u00a0Kamado QUATRO L 21\u2033\u00a0ja\u00a0Kamado QUATRO M 16\u2033\u00a0(kui see on alusel).<\/p>\n<p style=\"font-weight: 400\">\n","protected":false},"featured_media":254939,"template":"","meta":{"inline_featured_image":false},"product_brand":[],"product_cat":[572,92,479],"product_tag":[],"class_list":{"0":"post-254930","1":"product","2":"type-product","3":"status-publish","4":"has-post-thumbnail","6":"product_cat-coeo-grillid-tuleasemed-ja-tarvikud","7":"product_cat-lisatarvikud","8":"product_cat-grillitarvikud","10":"first","11":"instock","12":"taxable","13":"shipping-taxable","14":"purchasable","15":"product-type-simple"},"yoast_head":"<!-- This site is optimized with the Yoast SEO plugin v27.4 - https:\/\/yoast.com\/product\/yoast-seo-wordpress\/ -->\n<title>COEO grillikate 600D PU veekindel, must - BBQ Entertainment<\/title>\n<meta name=\"robots\" content=\"index, follow, max-snippet:-1, max-image-preview:large, max-video-preview:-1\" \/>\n<link rel=\"canonical\" href=\"https:\/\/bbqentertainment.com\/toode\/coeo-grillikate-600d-pu-veekindel-must\/\" \/>\n<meta property=\"og:locale\" content=\"en_US\" \/>\n<meta property=\"og:type\" content=\"article\" \/>\n<meta property=\"og:title\" content=\"COEO grillikate 600D PU veekindel, must - BBQ Entertainment\" \/>\n<meta property=\"og:description\" content=\"COEO grillikate 600D PU veekindel, must COEO ilmastikukindel grillikate on loodud grillile pikaajalise kaitse tagamiseks. Vastupidavast\u00a0600D Oxford pol\u00fcestrist\u00a0valmistatud kate on\u00a0PU-kattega, mis teeb selle ilmastikukindlaks ja vett t\u00f5rjuvaks. Materjal on hingav, samas UV-kindel ja vastupidav vihmale, tolmule ning v\u00e4iksematele mehaanilistele kahjustustele. Omadused    Materjal: 100% 600D Oxford pol\u00fcester PU-kattega  M\u00f5\u00f5dud: 82 \u00d7 82 \u00d7 127 cm  Keskmine tasku klapiga (23 \u00d7 25,5 cm) \u2013 tarvikute ja t\u00f6\u00f6riistade hoiustamiseks  2 k\u00fclgmist ventilatsiooniava \u2013 aitavad v\u00e4ltida niiskuse kogunemist  Keskmine pingutusrihm \u2013 hoiab katte kindlalt paigal ka tuulise ilmaga  Hoiukott \u2013 katet saab mitte kasutades mugavalt kokku panna ja hoiustada  Kasutamine ja sobivusKaitsekate sobib mudelitele\u00a0Kamado QUATRO L 21\u2033\u00a0ja\u00a0Kamado QUATRO M 16\u2033\u00a0(kui see on alusel).\" \/>\n<meta property=\"og:url\" content=\"https:\/\/bbqentertainment.com\/toode\/coeo-grillikate-600d-pu-veekindel-must\/\" \/>\n<meta property=\"og:site_name\" content=\"BBQ Entertainment\" \/>\n<meta property=\"article:publisher\" content=\"https:\/\/www.facebook.com\/BBQ-Entertainment-N-Catering-2437913376443540\" \/>\n<meta property=\"article:modified_time\" content=\"2025-10-30T11:55:49+00:00\" \/>\n<meta property=\"og:image\" content=\"https:\/\/bbqentertainment.com\/wp-content\/uploads\/2025\/10\/housse-kamado-quatro-large-protection-house-3.png\" \/>\n\t<meta property=\"og:image:width\" content=\"1000\" \/>\n\t<meta property=\"og:image:height\" content=\"1000\" \/>\n\t<meta property=\"og:image:type\" content=\"image\/png\" \/>\n<meta name=\"twitter:card\" content=\"summary_large_image\" \/>\n<meta name=\"twitter:label1\" content=\"Est. reading time\" \/>\n\t<meta name=\"twitter:data1\" content=\"1 minute\" \/>\n<script type=\"application\/ld+json\" class=\"yoast-schema-graph\">{\"@context\":\"https:\\\/\\\/schema.org\",\"@graph\":[{\"@type\":[\"WebPage\",\"ItemPage\"],\"@id\":\"https:\\\/\\\/bbqentertainment.com\\\/toode\\\/coeo-grillikate-600d-pu-veekindel-must\\\/\",\"url\":\"https:\\\/\\\/bbqentertainment.com\\\/toode\\\/coeo-grillikate-600d-pu-veekindel-must\\\/\",\"name\":\"COEO grillikate 600D PU veekindel, must - BBQ Entertainment\",\"isPartOf\":{\"@id\":\"https:\\\/\\\/bbqentertainment.com\\\/#website\"},\"primaryImageOfPage\":{\"@id\":\"https:\\\/\\\/bbqentertainment.com\\\/toode\\\/coeo-grillikate-600d-pu-veekindel-must\\\/#primaryimage\"},\"image\":{\"@id\":\"https:\\\/\\\/bbqentertainment.com\\\/toode\\\/coeo-grillikate-600d-pu-veekindel-must\\\/#primaryimage\"},\"thumbnailUrl\":\"https:\\\/\\\/bbqentertainment.com\\\/wp-content\\\/uploads\\\/2025\\\/10\\\/housse-kamado-quatro-large-protection-house-3.png\",\"datePublished\":\"2025-10-30T11:18:58+00:00\",\"dateModified\":\"2025-10-30T11:55:49+00:00\",\"breadcrumb\":{\"@id\":\"https:\\\/\\\/bbqentertainment.com\\\/toode\\\/coeo-grillikate-600d-pu-veekindel-must\\\/#breadcrumb\"},\"inLanguage\":\"en-US\",\"potentialAction\":[{\"@type\":\"ReadAction\",\"target\":[\"https:\\\/\\\/bbqentertainment.com\\\/toode\\\/coeo-grillikate-600d-pu-veekindel-must\\\/\"]}]},{\"@type\":\"ImageObject\",\"inLanguage\":\"en-US\",\"@id\":\"https:\\\/\\\/bbqentertainment.com\\\/toode\\\/coeo-grillikate-600d-pu-veekindel-must\\\/#primaryimage\",\"url\":\"https:\\\/\\\/bbqentertainment.com\\\/wp-content\\\/uploads\\\/2025\\\/10\\\/housse-kamado-quatro-large-protection-house-3.png\",\"contentUrl\":\"https:\\\/\\\/bbqentertainment.com\\\/wp-content\\\/uploads\\\/2025\\\/10\\\/housse-kamado-quatro-large-protection-house-3.png\",\"width\":1000,\"height\":1000},{\"@type\":\"BreadcrumbList\",\"@id\":\"https:\\\/\\\/bbqentertainment.com\\\/toode\\\/coeo-grillikate-600d-pu-veekindel-must\\\/#breadcrumb\",\"itemListElement\":[{\"@type\":\"ListItem\",\"position\":1,\"name\":\"AVALEHT\",\"item\":\"https:\\\/\\\/bbqentertainment.com\\\/en\\\/\"},{\"@type\":\"ListItem\",\"position\":2,\"name\":\"Tooted\",\"item\":\"https:\\\/\\\/bbqentertainment.com\\\/tooted\\\/\"},{\"@type\":\"ListItem\",\"position\":3,\"name\":\"Lisatarvikud\",\"item\":\"https:\\\/\\\/bbqentertainment.com\\\/tootekategooria\\\/lisatarvikud\\\/\"},{\"@type\":\"ListItem\",\"position\":4,\"name\":\"COEO grillikate 600D PU veekindel, must\"}]},{\"@type\":\"WebSite\",\"@id\":\"https:\\\/\\\/bbqentertainment.com\\\/#website\",\"url\":\"https:\\\/\\\/bbqentertainment.com\\\/\",\"name\":\"BBQ Entertainment\",\"description\":\"BBQ is a great lifestyle, not just fun!\",\"publisher\":{\"@id\":\"https:\\\/\\\/bbqentertainment.com\\\/#organization\"},\"potentialAction\":[{\"@type\":\"SearchAction\",\"target\":{\"@type\":\"EntryPoint\",\"urlTemplate\":\"https:\\\/\\\/bbqentertainment.com\\\/?s={search_term_string}\"},\"query-input\":{\"@type\":\"PropertyValueSpecification\",\"valueRequired\":true,\"valueName\":\"search_term_string\"}}],\"inLanguage\":\"en-US\"},{\"@type\":\"Organization\",\"@id\":\"https:\\\/\\\/bbqentertainment.com\\\/#organization\",\"name\":\"BBQ Entertainment O\u00dc\",\"url\":\"https:\\\/\\\/bbqentertainment.com\\\/\",\"logo\":{\"@type\":\"ImageObject\",\"inLanguage\":\"en-US\",\"@id\":\"https:\\\/\\\/bbqentertainment.com\\\/#\\\/schema\\\/logo\\\/image\\\/\",\"url\":\"https:\\\/\\\/bbqentertainment.com\\\/wp-content\\\/uploads\\\/2020\\\/04\\\/BBQ-Entertainment-N-Catering-Enn-Tobreluts-Logo.png\",\"contentUrl\":\"https:\\\/\\\/bbqentertainment.com\\\/wp-content\\\/uploads\\\/2020\\\/04\\\/BBQ-Entertainment-N-Catering-Enn-Tobreluts-Logo.png\",\"width\":628,\"height\":266,\"caption\":\"BBQ Entertainment O\u00dc\"},\"image\":{\"@id\":\"https:\\\/\\\/bbqentertainment.com\\\/#\\\/schema\\\/logo\\\/image\\\/\"},\"sameAs\":[\"https:\\\/\\\/www.facebook.com\\\/BBQ-Entertainment-N-Catering-2437913376443540\",\"https:\\\/\\\/www.instagram.com\\\/bbqentertainmentncatering\\\/\",\"https:\\\/\\\/www.youtube.com\\\/channel\\\/UCmpuANQVhLy2Md8nrenp2jA\"]}]}<\/script>\n<!-- \/ Yoast SEO plugin. -->","yoast_head_json":{"title":"COEO grillikate 600D PU veekindel, must - BBQ Entertainment","robots":{"index":"index","follow":"follow","max-snippet":"max-snippet:-1","max-image-preview":"max-image-preview:large","max-video-preview":"max-video-preview:-1"},"canonical":"https:\/\/bbqentertainment.com\/toode\/coeo-grillikate-600d-pu-veekindel-must\/","og_locale":"en_US","og_type":"article","og_title":"COEO grillikate 600D PU veekindel, must - BBQ Entertainment","og_description":"COEO grillikate 600D PU veekindel, must COEO ilmastikukindel grillikate on loodud grillile pikaajalise kaitse tagamiseks. Vastupidavast\u00a0600D Oxford pol\u00fcestrist\u00a0valmistatud kate on\u00a0PU-kattega, mis teeb selle ilmastikukindlaks ja vett t\u00f5rjuvaks. Materjal on hingav, samas UV-kindel ja vastupidav vihmale, tolmule ning v\u00e4iksematele mehaanilistele kahjustustele. Omadused    Materjal: 100% 600D Oxford pol\u00fcester PU-kattega  M\u00f5\u00f5dud: 82 \u00d7 82 \u00d7 127 cm  Keskmine tasku klapiga (23 \u00d7 25,5 cm) \u2013 tarvikute ja t\u00f6\u00f6riistade hoiustamiseks  2 k\u00fclgmist ventilatsiooniava \u2013 aitavad v\u00e4ltida niiskuse kogunemist  Keskmine pingutusrihm \u2013 hoiab katte kindlalt paigal ka tuulise ilmaga  Hoiukott \u2013 katet saab mitte kasutades mugavalt kokku panna ja hoiustada  Kasutamine ja sobivusKaitsekate sobib mudelitele\u00a0Kamado QUATRO L 21\u2033\u00a0ja\u00a0Kamado QUATRO M 16\u2033\u00a0(kui see on alusel).","og_url":"https:\/\/bbqentertainment.com\/toode\/coeo-grillikate-600d-pu-veekindel-must\/","og_site_name":"BBQ Entertainment","article_publisher":"https:\/\/www.facebook.com\/BBQ-Entertainment-N-Catering-2437913376443540","article_modified_time":"2025-10-30T11:55:49+00:00","og_image":[{"width":1000,"height":1000,"url":"https:\/\/bbqentertainment.com\/wp-content\/uploads\/2025\/10\/housse-kamado-quatro-large-protection-house-3.png","type":"image\/png"}],"twitter_card":"summary_large_image","twitter_misc":{"Est. reading time":"1 minute"},"schema":{"@context":"https:\/\/schema.org","@graph":[{"@type":["WebPage","ItemPage"],"@id":"https:\/\/bbqentertainment.com\/toode\/coeo-grillikate-600d-pu-veekindel-must\/","url":"https:\/\/bbqentertainment.com\/toode\/coeo-grillikate-600d-pu-veekindel-must\/","name":"COEO grillikate 600D PU veekindel, must - BBQ Entertainment","isPartOf":{"@id":"https:\/\/bbqentertainment.com\/#website"},"primaryImageOfPage":{"@id":"https:\/\/bbqentertainment.com\/toode\/coeo-grillikate-600d-pu-veekindel-must\/#primaryimage"},"image":{"@id":"https:\/\/bbqentertainment.com\/toode\/coeo-grillikate-600d-pu-veekindel-must\/#primaryimage"},"thumbnailUrl":"https:\/\/bbqentertainment.com\/wp-content\/uploads\/2025\/10\/housse-kamado-quatro-large-protection-house-3.png","datePublished":"2025-10-30T11:18:58+00:00","dateModified":"2025-10-30T11:55:49+00:00","breadcrumb":{"@id":"https:\/\/bbqentertainment.com\/toode\/coeo-grillikate-600d-pu-veekindel-must\/#breadcrumb"},"inLanguage":"en-US","potentialAction":[{"@type":"ReadAction","target":["https:\/\/bbqentertainment.com\/toode\/coeo-grillikate-600d-pu-veekindel-must\/"]}]},{"@type":"ImageObject","inLanguage":"en-US","@id":"https:\/\/bbqentertainment.com\/toode\/coeo-grillikate-600d-pu-veekindel-must\/#primaryimage","url":"https:\/\/bbqentertainment.com\/wp-content\/uploads\/2025\/10\/housse-kamado-quatro-large-protection-house-3.png","contentUrl":"https:\/\/bbqentertainment.com\/wp-content\/uploads\/2025\/10\/housse-kamado-quatro-large-protection-house-3.png","width":1000,"height":1000},{"@type":"BreadcrumbList","@id":"https:\/\/bbqentertainment.com\/toode\/coeo-grillikate-600d-pu-veekindel-must\/#breadcrumb","itemListElement":[{"@type":"ListItem","position":1,"name":"AVALEHT","item":"https:\/\/bbqentertainment.com\/en\/"},{"@type":"ListItem","position":2,"name":"Tooted","item":"https:\/\/bbqentertainment.com\/tooted\/"},{"@type":"ListItem","position":3,"name":"Lisatarvikud","item":"https:\/\/bbqentertainment.com\/tootekategooria\/lisatarvikud\/"},{"@type":"ListItem","position":4,"name":"COEO grillikate 600D PU veekindel, must"}]},{"@type":"WebSite","@id":"https:\/\/bbqentertainment.com\/#website","url":"https:\/\/bbqentertainment.com\/","name":"BBQ Entertainment","description":"BBQ is a great lifestyle, not just fun!","publisher":{"@id":"https:\/\/bbqentertainment.com\/#organization"},"potentialAction":[{"@type":"SearchAction","target":{"@type":"EntryPoint","urlTemplate":"https:\/\/bbqentertainment.com\/?s={search_term_string}"},"query-input":{"@type":"PropertyValueSpecification","valueRequired":true,"valueName":"search_term_string"}}],"inLanguage":"en-US"},{"@type":"Organization","@id":"https:\/\/bbqentertainment.com\/#organization","name":"BBQ Entertainment O\u00dc","url":"https:\/\/bbqentertainment.com\/","logo":{"@type":"ImageObject","inLanguage":"en-US","@id":"https:\/\/bbqentertainment.com\/#\/schema\/logo\/image\/","url":"https:\/\/bbqentertainment.com\/wp-content\/uploads\/2020\/04\/BBQ-Entertainment-N-Catering-Enn-Tobreluts-Logo.png","contentUrl":"https:\/\/bbqentertainment.com\/wp-content\/uploads\/2020\/04\/BBQ-Entertainment-N-Catering-Enn-Tobreluts-Logo.png","width":628,"height":266,"caption":"BBQ Entertainment O\u00dc"},"image":{"@id":"https:\/\/bbqentertainment.com\/#\/schema\/logo\/image\/"},"sameAs":["https:\/\/www.facebook.com\/BBQ-Entertainment-N-Catering-2437913376443540","https:\/\/www.instagram.com\/bbqentertainmentncatering\/","https:\/\/www.youtube.com\/channel\/UCmpuANQVhLy2Md8nrenp2jA"]}]}},"_links":{"self":[{"href":"https:\/\/bbqentertainment.com\/en\/wp-json\/wp\/v2\/product\/254930","targetHints":{"allow":["GET"]}}],"collection":[{"href":"https:\/\/bbqentertainment.com\/en\/wp-json\/wp\/v2\/product"}],"about":[{"href":"https:\/\/bbqentertainment.com\/en\/wp-json\/wp\/v2\/types\/product"}],"wp:featuredmedia":[{"embeddable":true,"href":"https:\/\/bbqentertainment.com\/en\/wp-json\/wp\/v2\/media\/254939"}],"wp:attachment":[{"href":"https:\/\/bbqentertainment.com\/en\/wp-json\/wp\/v2\/media?parent=254930"}],"wp:term":[{"taxonomy":"product_brand","embeddable":true,"href":"https:\/\/bbqentertainment.com\/en\/wp-json\/wp\/v2\/product_brand?post=254930"},{"taxonomy":"product_cat","embeddable":true,"href":"https:\/\/bbqentertainment.com\/en\/wp-json\/wp\/v2\/product_cat?post=254930"},{"taxonomy":"product_tag","embeddable":true,"href":"https:\/\/bbqentertainment.com\/en\/wp-json\/wp\/v2\/product_tag?post=254930"}],"curies":[{"name":"wp","href":"https:\/\/api.w.org\/{rel}","templated":true}]}}