{"id":254942,"date":"2025-10-30T13:46:13","date_gmt":"2025-10-30T11:46:13","guid":{"rendered":"https:\/\/bbqentertainment.com\/?post_type=product&#038;p=254942"},"modified":"2025-10-30T14:10:35","modified_gmt":"2025-10-30T12:10:35","slug":"kettlepizza-deluxe-moodul-pitsaahju-komplekt","status":"publish","type":"product","link":"https:\/\/bbqentertainment.com\/en\/toode\/kettlepizza-deluxe-moodul-pitsaahju-komplekt\/","title":{"rendered":"KettlePizza Deluxe moodul pizzaahju komplekt"},"content":{"rendered":"","protected":false},"excerpt":{"rendered":"<h3><strong>KettlePizza Deluxe moodul pizzaahju komplekt<\/strong><\/h3>\n<p style=\"font-weight: 400\">KettlePizza Deluxe on pizzaahju komplekt, mis muudab tavalise grilli hetkega t\u00f5eliseks pitsaahjuks. Komplektis olevpool tolli paksune keraamiline pitsakivijaAmeerikas valmistatud roostevabast terasest kuppel loovad v\u00e4iksema ja kuumema k\u00fcpsetuskambri, kus pizza saab iseloomuliku k\u00f5rge serva ja kr\u00f5beda p\u00f5hja.<\/p>\n<p style=\"font-weight: 400\" data-start=\"395\" data-end=\"612\">T\u00e4nu integreeritud termomeetrile\u00a0on lihtne j\u00e4lgida temperatuuri, mis saavutab soovitud taseme umbes\u00a020 minutiga. Kuumus jaotus on \u00fchtlane ning tulemus sarnaneb traditsioonilises kiviahjus k\u00fcpsetatud pitsale.<\/p>\n<p style=\"font-weight: 400\" data-start=\"614\" data-end=\"823\"><strong data-start=\"614\" data-end=\"625\">Sobivus<\/strong><br data-start=\"625\" data-end=\"628\" \/>KettlePizza Deluxe sobib enamikele\u00a0v\u00e4hemalt kolme p\u00f5letiga gaasigrillidele\u00a0v\u00f5i\u00a0keskmise suurusega pelletgrillidele.<strong><br data-start=\"751\" data-end=\"754\" \/><\/strong>Soovitatav minimaalne k\u00fcpsetuspind on\u00a061 cm lai ja 36 cm s\u00fcgav.<\/p>\n<p style=\"font-weight: 400\" data-start=\"825\" data-end=\"841\"><strong data-start=\"825\" data-end=\"839\">Komplektis<\/strong><\/p>\n<ul>\n<li data-start=\"844\" data-end=\"897\">\u00bd tolli (1,27 cm) paksune keraamiline pizzakivi<\/li>\n<li data-start=\"900\" data-end=\"959\">roostevabast terasest kuppel sangaga ja termomeetriga<\/li>\n<li data-start=\"962\" data-end=\"988\">puidust pitsalabidas<\/li>\n<li data-start=\"991\" data-end=\"1027\">\u00a0nahast kindad k\u00e4te kaitsmiseks<\/li>\n<\/ul>\n<p style=\"font-weight: 400\">\n","protected":false},"featured_media":254950,"template":"","meta":{"inline_featured_image":false},"product_brand":[],"product_cat":[17,436,92,479],"product_tag":[],"class_list":{"0":"post-254942","1":"product","2":"type-product","3":"status-publish","4":"has-post-thumbnail","6":"product_cat-grillid-ja-ahjud","7":"product_cat-pizzaahjud-tarvikud","8":"product_cat-lisatarvikud","9":"product_cat-grillitarvikud","10":"product_shipping_class-ainult-ise-jarele-tulemisega","12":"first","13":"instock","14":"taxable","15":"shipping-taxable","16":"purchasable","17":"product-type-simple"},"yoast_head":"<!-- This site is optimized with the Yoast SEO plugin v27.4 - https:\/\/yoast.com\/product\/yoast-seo-wordpress\/ -->\n<title>KettlePizza Deluxe moodul pizzaahju komplekt - BBQ Entertainment<\/title>\n<meta name=\"description\" content=\"KettlePizza Deluxe muudab su grilli pitsaahjuks. 1,27 cm pitsakivi ja roostevabast terasest kuppel tagavad ehtsa pitsa maitse ja kr\u00f5beda p\u00f5hja.\" \/>\n<meta name=\"robots\" content=\"index, follow, max-snippet:-1, max-image-preview:large, max-video-preview:-1\" \/>\n<link rel=\"canonical\" href=\"https:\/\/bbqentertainment.com\/toode\/kettlepizza-deluxe-moodul-pitsaahju-komplekt\/\" \/>\n<meta property=\"og:locale\" content=\"en_US\" \/>\n<meta property=\"og:type\" content=\"article\" \/>\n<meta property=\"og:title\" content=\"KettlePizza Deluxe moodul pizzaahju komplekt - BBQ Entertainment\" \/>\n<meta property=\"og:description\" content=\"KettlePizza Deluxe muudab su grilli pitsaahjuks. 1,27 cm pitsakivi ja roostevabast terasest kuppel tagavad ehtsa pitsa maitse ja kr\u00f5beda p\u00f5hja.\" \/>\n<meta property=\"og:url\" content=\"https:\/\/bbqentertainment.com\/toode\/kettlepizza-deluxe-moodul-pitsaahju-komplekt\/\" \/>\n<meta property=\"og:site_name\" content=\"BBQ Entertainment\" \/>\n<meta property=\"article:publisher\" content=\"https:\/\/www.facebook.com\/BBQ-Entertainment-N-Catering-2437913376443540\" \/>\n<meta property=\"article:modified_time\" content=\"2025-10-30T12:10:35+00:00\" \/>\n<meta property=\"og:image\" content=\"https:\/\/bbqentertainment.com\/wp-content\/uploads\/2025\/10\/Pitsaahi-moodul.png\" \/>\n\t<meta property=\"og:image:width\" content=\"300\" \/>\n\t<meta property=\"og:image:height\" content=\"300\" \/>\n\t<meta property=\"og:image:type\" content=\"image\/png\" \/>\n<meta name=\"twitter:card\" content=\"summary_large_image\" \/>\n<meta name=\"twitter:label1\" content=\"Est. reading time\" \/>\n\t<meta name=\"twitter:data1\" content=\"1 minute\" \/>\n<script type=\"application\/ld+json\" class=\"yoast-schema-graph\">{\"@context\":\"https:\\\/\\\/schema.org\",\"@graph\":[{\"@type\":[\"WebPage\",\"ItemPage\"],\"@id\":\"https:\\\/\\\/bbqentertainment.com\\\/toode\\\/kettlepizza-deluxe-moodul-pitsaahju-komplekt\\\/\",\"url\":\"https:\\\/\\\/bbqentertainment.com\\\/toode\\\/kettlepizza-deluxe-moodul-pitsaahju-komplekt\\\/\",\"name\":\"KettlePizza Deluxe moodul pizzaahju komplekt - BBQ Entertainment\",\"isPartOf\":{\"@id\":\"https:\\\/\\\/bbqentertainment.com\\\/#website\"},\"primaryImageOfPage\":{\"@id\":\"https:\\\/\\\/bbqentertainment.com\\\/toode\\\/kettlepizza-deluxe-moodul-pitsaahju-komplekt\\\/#primaryimage\"},\"image\":{\"@id\":\"https:\\\/\\\/bbqentertainment.com\\\/toode\\\/kettlepizza-deluxe-moodul-pitsaahju-komplekt\\\/#primaryimage\"},\"thumbnailUrl\":\"https:\\\/\\\/bbqentertainment.com\\\/wp-content\\\/uploads\\\/2025\\\/10\\\/Pitsaahi-moodul.png\",\"datePublished\":\"2025-10-30T11:46:13+00:00\",\"dateModified\":\"2025-10-30T12:10:35+00:00\",\"description\":\"KettlePizza Deluxe muudab su grilli pitsaahjuks. 1,27 cm pitsakivi ja roostevabast terasest kuppel tagavad ehtsa pitsa maitse ja kr\u00f5beda p\u00f5hja.\",\"breadcrumb\":{\"@id\":\"https:\\\/\\\/bbqentertainment.com\\\/toode\\\/kettlepizza-deluxe-moodul-pitsaahju-komplekt\\\/#breadcrumb\"},\"inLanguage\":\"en-US\",\"potentialAction\":[{\"@type\":\"ReadAction\",\"target\":[\"https:\\\/\\\/bbqentertainment.com\\\/toode\\\/kettlepizza-deluxe-moodul-pitsaahju-komplekt\\\/\"]}]},{\"@type\":\"ImageObject\",\"inLanguage\":\"en-US\",\"@id\":\"https:\\\/\\\/bbqentertainment.com\\\/toode\\\/kettlepizza-deluxe-moodul-pitsaahju-komplekt\\\/#primaryimage\",\"url\":\"https:\\\/\\\/bbqentertainment.com\\\/wp-content\\\/uploads\\\/2025\\\/10\\\/Pitsaahi-moodul.png\",\"contentUrl\":\"https:\\\/\\\/bbqentertainment.com\\\/wp-content\\\/uploads\\\/2025\\\/10\\\/Pitsaahi-moodul.png\",\"width\":300,\"height\":300},{\"@type\":\"BreadcrumbList\",\"@id\":\"https:\\\/\\\/bbqentertainment.com\\\/toode\\\/kettlepizza-deluxe-moodul-pitsaahju-komplekt\\\/#breadcrumb\",\"itemListElement\":[{\"@type\":\"ListItem\",\"position\":1,\"name\":\"AVALEHT\",\"item\":\"https:\\\/\\\/bbqentertainment.com\\\/en\\\/\"},{\"@type\":\"ListItem\",\"position\":2,\"name\":\"Tooted\",\"item\":\"https:\\\/\\\/bbqentertainment.com\\\/tooted\\\/\"},{\"@type\":\"ListItem\",\"position\":3,\"name\":\"Grillid ja ahjud\",\"item\":\"https:\\\/\\\/bbqentertainment.com\\\/tootekategooria\\\/grillid-ja-ahjud\\\/\"},{\"@type\":\"ListItem\",\"position\":4,\"name\":\"KettlePizza Deluxe moodul pizzaahju komplekt\"}]},{\"@type\":\"WebSite\",\"@id\":\"https:\\\/\\\/bbqentertainment.com\\\/#website\",\"url\":\"https:\\\/\\\/bbqentertainment.com\\\/\",\"name\":\"BBQ Entertainment\",\"description\":\"BBQ is a great lifestyle, not just fun!\",\"publisher\":{\"@id\":\"https:\\\/\\\/bbqentertainment.com\\\/#organization\"},\"potentialAction\":[{\"@type\":\"SearchAction\",\"target\":{\"@type\":\"EntryPoint\",\"urlTemplate\":\"https:\\\/\\\/bbqentertainment.com\\\/?s={search_term_string}\"},\"query-input\":{\"@type\":\"PropertyValueSpecification\",\"valueRequired\":true,\"valueName\":\"search_term_string\"}}],\"inLanguage\":\"en-US\"},{\"@type\":\"Organization\",\"@id\":\"https:\\\/\\\/bbqentertainment.com\\\/#organization\",\"name\":\"BBQ Entertainment O\u00dc\",\"url\":\"https:\\\/\\\/bbqentertainment.com\\\/\",\"logo\":{\"@type\":\"ImageObject\",\"inLanguage\":\"en-US\",\"@id\":\"https:\\\/\\\/bbqentertainment.com\\\/#\\\/schema\\\/logo\\\/image\\\/\",\"url\":\"https:\\\/\\\/bbqentertainment.com\\\/wp-content\\\/uploads\\\/2020\\\/04\\\/BBQ-Entertainment-N-Catering-Enn-Tobreluts-Logo.png\",\"contentUrl\":\"https:\\\/\\\/bbqentertainment.com\\\/wp-content\\\/uploads\\\/2020\\\/04\\\/BBQ-Entertainment-N-Catering-Enn-Tobreluts-Logo.png\",\"width\":628,\"height\":266,\"caption\":\"BBQ Entertainment O\u00dc\"},\"image\":{\"@id\":\"https:\\\/\\\/bbqentertainment.com\\\/#\\\/schema\\\/logo\\\/image\\\/\"},\"sameAs\":[\"https:\\\/\\\/www.facebook.com\\\/BBQ-Entertainment-N-Catering-2437913376443540\",\"https:\\\/\\\/www.instagram.com\\\/bbqentertainmentncatering\\\/\",\"https:\\\/\\\/www.youtube.com\\\/channel\\\/UCmpuANQVhLy2Md8nrenp2jA\"]}]}<\/script>\n<!-- \/ Yoast SEO plugin. -->","yoast_head_json":{"title":"KettlePizza Deluxe moodul pizzaahju komplekt - BBQ Entertainment","description":"KettlePizza Deluxe muudab su grilli pitsaahjuks. 1,27 cm pitsakivi ja roostevabast terasest kuppel tagavad ehtsa pitsa maitse ja kr\u00f5beda p\u00f5hja.","robots":{"index":"index","follow":"follow","max-snippet":"max-snippet:-1","max-image-preview":"max-image-preview:large","max-video-preview":"max-video-preview:-1"},"canonical":"https:\/\/bbqentertainment.com\/toode\/kettlepizza-deluxe-moodul-pitsaahju-komplekt\/","og_locale":"en_US","og_type":"article","og_title":"KettlePizza Deluxe moodul pizzaahju komplekt - BBQ Entertainment","og_description":"KettlePizza Deluxe muudab su grilli pitsaahjuks. 1,27 cm pitsakivi ja roostevabast terasest kuppel tagavad ehtsa pitsa maitse ja kr\u00f5beda p\u00f5hja.","og_url":"https:\/\/bbqentertainment.com\/toode\/kettlepizza-deluxe-moodul-pitsaahju-komplekt\/","og_site_name":"BBQ Entertainment","article_publisher":"https:\/\/www.facebook.com\/BBQ-Entertainment-N-Catering-2437913376443540","article_modified_time":"2025-10-30T12:10:35+00:00","og_image":[{"width":300,"height":300,"url":"https:\/\/bbqentertainment.com\/wp-content\/uploads\/2025\/10\/Pitsaahi-moodul.png","type":"image\/png"}],"twitter_card":"summary_large_image","twitter_misc":{"Est. reading time":"1 minute"},"schema":{"@context":"https:\/\/schema.org","@graph":[{"@type":["WebPage","ItemPage"],"@id":"https:\/\/bbqentertainment.com\/toode\/kettlepizza-deluxe-moodul-pitsaahju-komplekt\/","url":"https:\/\/bbqentertainment.com\/toode\/kettlepizza-deluxe-moodul-pitsaahju-komplekt\/","name":"KettlePizza Deluxe moodul pizzaahju komplekt - BBQ Entertainment","isPartOf":{"@id":"https:\/\/bbqentertainment.com\/#website"},"primaryImageOfPage":{"@id":"https:\/\/bbqentertainment.com\/toode\/kettlepizza-deluxe-moodul-pitsaahju-komplekt\/#primaryimage"},"image":{"@id":"https:\/\/bbqentertainment.com\/toode\/kettlepizza-deluxe-moodul-pitsaahju-komplekt\/#primaryimage"},"thumbnailUrl":"https:\/\/bbqentertainment.com\/wp-content\/uploads\/2025\/10\/Pitsaahi-moodul.png","datePublished":"2025-10-30T11:46:13+00:00","dateModified":"2025-10-30T12:10:35+00:00","description":"KettlePizza Deluxe muudab su grilli pitsaahjuks. 1,27 cm pitsakivi ja roostevabast terasest kuppel tagavad ehtsa pitsa maitse ja kr\u00f5beda p\u00f5hja.","breadcrumb":{"@id":"https:\/\/bbqentertainment.com\/toode\/kettlepizza-deluxe-moodul-pitsaahju-komplekt\/#breadcrumb"},"inLanguage":"en-US","potentialAction":[{"@type":"ReadAction","target":["https:\/\/bbqentertainment.com\/toode\/kettlepizza-deluxe-moodul-pitsaahju-komplekt\/"]}]},{"@type":"ImageObject","inLanguage":"en-US","@id":"https:\/\/bbqentertainment.com\/toode\/kettlepizza-deluxe-moodul-pitsaahju-komplekt\/#primaryimage","url":"https:\/\/bbqentertainment.com\/wp-content\/uploads\/2025\/10\/Pitsaahi-moodul.png","contentUrl":"https:\/\/bbqentertainment.com\/wp-content\/uploads\/2025\/10\/Pitsaahi-moodul.png","width":300,"height":300},{"@type":"BreadcrumbList","@id":"https:\/\/bbqentertainment.com\/toode\/kettlepizza-deluxe-moodul-pitsaahju-komplekt\/#breadcrumb","itemListElement":[{"@type":"ListItem","position":1,"name":"AVALEHT","item":"https:\/\/bbqentertainment.com\/en\/"},{"@type":"ListItem","position":2,"name":"Tooted","item":"https:\/\/bbqentertainment.com\/tooted\/"},{"@type":"ListItem","position":3,"name":"Grillid ja ahjud","item":"https:\/\/bbqentertainment.com\/tootekategooria\/grillid-ja-ahjud\/"},{"@type":"ListItem","position":4,"name":"KettlePizza Deluxe moodul pizzaahju komplekt"}]},{"@type":"WebSite","@id":"https:\/\/bbqentertainment.com\/#website","url":"https:\/\/bbqentertainment.com\/","name":"BBQ Entertainment","description":"BBQ is a great lifestyle, not just fun!","publisher":{"@id":"https:\/\/bbqentertainment.com\/#organization"},"potentialAction":[{"@type":"SearchAction","target":{"@type":"EntryPoint","urlTemplate":"https:\/\/bbqentertainment.com\/?s={search_term_string}"},"query-input":{"@type":"PropertyValueSpecification","valueRequired":true,"valueName":"search_term_string"}}],"inLanguage":"en-US"},{"@type":"Organization","@id":"https:\/\/bbqentertainment.com\/#organization","name":"BBQ Entertainment O\u00dc","url":"https:\/\/bbqentertainment.com\/","logo":{"@type":"ImageObject","inLanguage":"en-US","@id":"https:\/\/bbqentertainment.com\/#\/schema\/logo\/image\/","url":"https:\/\/bbqentertainment.com\/wp-content\/uploads\/2020\/04\/BBQ-Entertainment-N-Catering-Enn-Tobreluts-Logo.png","contentUrl":"https:\/\/bbqentertainment.com\/wp-content\/uploads\/2020\/04\/BBQ-Entertainment-N-Catering-Enn-Tobreluts-Logo.png","width":628,"height":266,"caption":"BBQ Entertainment O\u00dc"},"image":{"@id":"https:\/\/bbqentertainment.com\/#\/schema\/logo\/image\/"},"sameAs":["https:\/\/www.facebook.com\/BBQ-Entertainment-N-Catering-2437913376443540","https:\/\/www.instagram.com\/bbqentertainmentncatering\/","https:\/\/www.youtube.com\/channel\/UCmpuANQVhLy2Md8nrenp2jA"]}]}},"_links":{"self":[{"href":"https:\/\/bbqentertainment.com\/en\/wp-json\/wp\/v2\/product\/254942","targetHints":{"allow":["GET"]}}],"collection":[{"href":"https:\/\/bbqentertainment.com\/en\/wp-json\/wp\/v2\/product"}],"about":[{"href":"https:\/\/bbqentertainment.com\/en\/wp-json\/wp\/v2\/types\/product"}],"wp:featuredmedia":[{"embeddable":true,"href":"https:\/\/bbqentertainment.com\/en\/wp-json\/wp\/v2\/media\/254950"}],"wp:attachment":[{"href":"https:\/\/bbqentertainment.com\/en\/wp-json\/wp\/v2\/media?parent=254942"}],"wp:term":[{"taxonomy":"product_brand","embeddable":true,"href":"https:\/\/bbqentertainment.com\/en\/wp-json\/wp\/v2\/product_brand?post=254942"},{"taxonomy":"product_cat","embeddable":true,"href":"https:\/\/bbqentertainment.com\/en\/wp-json\/wp\/v2\/product_cat?post=254942"},{"taxonomy":"product_tag","embeddable":true,"href":"https:\/\/bbqentertainment.com\/en\/wp-json\/wp\/v2\/product_tag?post=254942"}],"curies":[{"name":"wp","href":"https:\/\/api.w.org\/{rel}","templated":true}]}}