{"id":254954,"date":"2025-10-30T14:17:02","date_gmt":"2025-10-30T12:17:02","guid":{"rendered":"https:\/\/bbqentertainment.com\/?post_type=product&#038;p=254954"},"modified":"2025-12-15T21:18:05","modified_gmt":"2025-12-15T19:18:05","slug":"maldon-salt-soolatopside-kinkekomplekt","status":"publish","type":"product","link":"https:\/\/bbqentertainment.com\/en\/toode\/maldon-salt-soolatopside-kinkekomplekt\/","title":{"rendered":"Maldon Salt soolatopside kinkekomplekt"},"content":{"rendered":"","protected":false},"excerpt":{"rendered":"<h3><strong>Maldon Salt soolatopside kinkekomplekt\u00a0<\/strong><\/h3>\n<p style=\"font-weight: 400\">Kui soovid kasutada\u00a0Maldon helvessoola\u00a0igal ajal ja igas kohas, on need v\u00e4ikesed metalltopsid selleks ideaalsed. Topsid on kerged, vastupidavad ja sobivad h\u00e4sti nii k\u00f6\u00f6ki, piknikule kui reisile.<\/p>\n<p style=\"font-weight: 400\" data-start=\"369\" data-end=\"385\"><strong data-start=\"369\" data-end=\"383\">Komplektis<\/strong><\/p>\n<ul>\n<li data-start=\"388\" data-end=\"436\">4 \u00d7 t\u00fchja metallist Maldon Salt soolatopsi\n<ul>\n<li data-start=\"441\" data-end=\"465\">2 \u00d7 originaaldisainiga<\/li>\n<li data-start=\"470\" data-end=\"497\">2 \u00d7 suitsusoola disainiga<\/li>\n<\/ul>\n<\/li>\n<li data-start=\"500\" data-end=\"529\">Sool ei kuulu komplekti<\/li>\n<\/ul>\n<p style=\"font-weight: 400\">\n","protected":false},"featured_media":254955,"template":"","meta":{"inline_featured_image":false},"product_brand":[],"product_cat":[28,31,283],"product_tag":[],"class_list":{"0":"post-254954","1":"product","2":"type-product","3":"status-publish","4":"has-post-thumbnail","6":"product_cat-maitseandjad","7":"product_cat-maldon-helvessool","8":"product_cat-branditooted","10":"first","11":"instock","12":"taxable","13":"shipping-taxable","14":"purchasable","15":"product-type-simple"},"yoast_head":"<!-- This site is optimized with the Yoast SEO plugin v27.4 - https:\/\/yoast.com\/product\/yoast-seo-wordpress\/ -->\n<title>Maldon Salt soolatopside kinkekomplekt - BBQ Entertainment<\/title>\n<meta name=\"robots\" content=\"index, follow, max-snippet:-1, max-image-preview:large, max-video-preview:-1\" \/>\n<link rel=\"canonical\" href=\"https:\/\/bbqentertainment.com\/toode\/maldon-salt-soolatopside-kinkekomplekt\/\" \/>\n<meta property=\"og:locale\" content=\"en_US\" \/>\n<meta property=\"og:type\" content=\"article\" \/>\n<meta property=\"og:title\" content=\"Maldon Salt soolatopside kinkekomplekt - BBQ Entertainment\" \/>\n<meta property=\"og:description\" content=\"Maldon Salt soolatopside kinkekomplekt\u00a0 Kui soovid kasutada\u00a0Maldon helvessoola\u00a0igal ajal ja igas kohas, on need v\u00e4ikesed metalltopsid selleks ideaalsed. Topsid on kerged, vastupidavad ja sobivad h\u00e4sti nii k\u00f6\u00f6ki, piknikule kui reisile. Komplektis    4 \u00d7 t\u00fchja metallist Maldon Salt soolatopsi   2 \u00d7 originaaldisainiga  2 \u00d7 suitsusoola disainiga    Sool ei kuulu komplekti\" \/>\n<meta property=\"og:url\" content=\"https:\/\/bbqentertainment.com\/toode\/maldon-salt-soolatopside-kinkekomplekt\/\" \/>\n<meta property=\"og:site_name\" content=\"BBQ Entertainment\" \/>\n<meta property=\"article:publisher\" content=\"https:\/\/www.facebook.com\/BBQ-Entertainment-N-Catering-2437913376443540\" \/>\n<meta property=\"article:modified_time\" content=\"2025-12-15T19:18:05+00:00\" \/>\n<meta property=\"og:image\" content=\"https:\/\/bbqentertainment.com\/wp-content\/uploads\/2025\/10\/Maldon-Sea-Salt-Pinch-Tin-Gift-Box.jpg\" \/>\n\t<meta property=\"og:image:width\" content=\"1200\" \/>\n\t<meta property=\"og:image:height\" content=\"1200\" \/>\n\t<meta property=\"og:image:type\" content=\"image\/jpeg\" \/>\n<meta name=\"twitter:card\" content=\"summary_large_image\" \/>\n<meta name=\"twitter:label1\" content=\"Est. reading time\" \/>\n\t<meta name=\"twitter:data1\" content=\"1 minute\" \/>\n<script type=\"application\/ld+json\" class=\"yoast-schema-graph\">{\"@context\":\"https:\\\/\\\/schema.org\",\"@graph\":[{\"@type\":[\"WebPage\",\"ItemPage\"],\"@id\":\"https:\\\/\\\/bbqentertainment.com\\\/toode\\\/maldon-salt-soolatopside-kinkekomplekt\\\/\",\"url\":\"https:\\\/\\\/bbqentertainment.com\\\/toode\\\/maldon-salt-soolatopside-kinkekomplekt\\\/\",\"name\":\"Maldon Salt soolatopside kinkekomplekt - BBQ Entertainment\",\"isPartOf\":{\"@id\":\"https:\\\/\\\/bbqentertainment.com\\\/#website\"},\"primaryImageOfPage\":{\"@id\":\"https:\\\/\\\/bbqentertainment.com\\\/toode\\\/maldon-salt-soolatopside-kinkekomplekt\\\/#primaryimage\"},\"image\":{\"@id\":\"https:\\\/\\\/bbqentertainment.com\\\/toode\\\/maldon-salt-soolatopside-kinkekomplekt\\\/#primaryimage\"},\"thumbnailUrl\":\"https:\\\/\\\/bbqentertainment.com\\\/wp-content\\\/uploads\\\/2025\\\/10\\\/Maldon-Sea-Salt-Pinch-Tin-Gift-Box.jpg\",\"datePublished\":\"2025-10-30T12:17:02+00:00\",\"dateModified\":\"2025-12-15T19:18:05+00:00\",\"breadcrumb\":{\"@id\":\"https:\\\/\\\/bbqentertainment.com\\\/toode\\\/maldon-salt-soolatopside-kinkekomplekt\\\/#breadcrumb\"},\"inLanguage\":\"en-US\",\"potentialAction\":[{\"@type\":\"ReadAction\",\"target\":[\"https:\\\/\\\/bbqentertainment.com\\\/toode\\\/maldon-salt-soolatopside-kinkekomplekt\\\/\"]}]},{\"@type\":\"ImageObject\",\"inLanguage\":\"en-US\",\"@id\":\"https:\\\/\\\/bbqentertainment.com\\\/toode\\\/maldon-salt-soolatopside-kinkekomplekt\\\/#primaryimage\",\"url\":\"https:\\\/\\\/bbqentertainment.com\\\/wp-content\\\/uploads\\\/2025\\\/10\\\/Maldon-Sea-Salt-Pinch-Tin-Gift-Box.jpg\",\"contentUrl\":\"https:\\\/\\\/bbqentertainment.com\\\/wp-content\\\/uploads\\\/2025\\\/10\\\/Maldon-Sea-Salt-Pinch-Tin-Gift-Box.jpg\",\"width\":1200,\"height\":1200},{\"@type\":\"BreadcrumbList\",\"@id\":\"https:\\\/\\\/bbqentertainment.com\\\/toode\\\/maldon-salt-soolatopside-kinkekomplekt\\\/#breadcrumb\",\"itemListElement\":[{\"@type\":\"ListItem\",\"position\":1,\"name\":\"AVALEHT\",\"item\":\"https:\\\/\\\/bbqentertainment.com\\\/en\\\/\"},{\"@type\":\"ListItem\",\"position\":2,\"name\":\"Tooted\",\"item\":\"https:\\\/\\\/bbqentertainment.com\\\/tooted\\\/\"},{\"@type\":\"ListItem\",\"position\":3,\"name\":\"Maitseandjad\",\"item\":\"https:\\\/\\\/bbqentertainment.com\\\/en\\\/tootekategooria\\\/maitseandjad\\\/\"},{\"@type\":\"ListItem\",\"position\":4,\"name\":\"Maldon Salt soolatopside kinkekomplekt\"}]},{\"@type\":\"WebSite\",\"@id\":\"https:\\\/\\\/bbqentertainment.com\\\/#website\",\"url\":\"https:\\\/\\\/bbqentertainment.com\\\/\",\"name\":\"BBQ Entertainment\",\"description\":\"BBQ is a great lifestyle, not just fun!\",\"publisher\":{\"@id\":\"https:\\\/\\\/bbqentertainment.com\\\/#organization\"},\"potentialAction\":[{\"@type\":\"SearchAction\",\"target\":{\"@type\":\"EntryPoint\",\"urlTemplate\":\"https:\\\/\\\/bbqentertainment.com\\\/?s={search_term_string}\"},\"query-input\":{\"@type\":\"PropertyValueSpecification\",\"valueRequired\":true,\"valueName\":\"search_term_string\"}}],\"inLanguage\":\"en-US\"},{\"@type\":\"Organization\",\"@id\":\"https:\\\/\\\/bbqentertainment.com\\\/#organization\",\"name\":\"BBQ Entertainment O\u00dc\",\"url\":\"https:\\\/\\\/bbqentertainment.com\\\/\",\"logo\":{\"@type\":\"ImageObject\",\"inLanguage\":\"en-US\",\"@id\":\"https:\\\/\\\/bbqentertainment.com\\\/#\\\/schema\\\/logo\\\/image\\\/\",\"url\":\"https:\\\/\\\/bbqentertainment.com\\\/wp-content\\\/uploads\\\/2020\\\/04\\\/BBQ-Entertainment-N-Catering-Enn-Tobreluts-Logo.png\",\"contentUrl\":\"https:\\\/\\\/bbqentertainment.com\\\/wp-content\\\/uploads\\\/2020\\\/04\\\/BBQ-Entertainment-N-Catering-Enn-Tobreluts-Logo.png\",\"width\":628,\"height\":266,\"caption\":\"BBQ Entertainment O\u00dc\"},\"image\":{\"@id\":\"https:\\\/\\\/bbqentertainment.com\\\/#\\\/schema\\\/logo\\\/image\\\/\"},\"sameAs\":[\"https:\\\/\\\/www.facebook.com\\\/BBQ-Entertainment-N-Catering-2437913376443540\",\"https:\\\/\\\/www.instagram.com\\\/bbqentertainmentncatering\\\/\",\"https:\\\/\\\/www.youtube.com\\\/channel\\\/UCmpuANQVhLy2Md8nrenp2jA\"]}]}<\/script>\n<!-- \/ Yoast SEO plugin. -->","yoast_head_json":{"title":"Maldon Salt soolatopside kinkekomplekt - BBQ Entertainment","robots":{"index":"index","follow":"follow","max-snippet":"max-snippet:-1","max-image-preview":"max-image-preview:large","max-video-preview":"max-video-preview:-1"},"canonical":"https:\/\/bbqentertainment.com\/toode\/maldon-salt-soolatopside-kinkekomplekt\/","og_locale":"en_US","og_type":"article","og_title":"Maldon Salt soolatopside kinkekomplekt - BBQ Entertainment","og_description":"Maldon Salt soolatopside kinkekomplekt\u00a0 Kui soovid kasutada\u00a0Maldon helvessoola\u00a0igal ajal ja igas kohas, on need v\u00e4ikesed metalltopsid selleks ideaalsed. Topsid on kerged, vastupidavad ja sobivad h\u00e4sti nii k\u00f6\u00f6ki, piknikule kui reisile. Komplektis    4 \u00d7 t\u00fchja metallist Maldon Salt soolatopsi   2 \u00d7 originaaldisainiga  2 \u00d7 suitsusoola disainiga    Sool ei kuulu komplekti","og_url":"https:\/\/bbqentertainment.com\/toode\/maldon-salt-soolatopside-kinkekomplekt\/","og_site_name":"BBQ Entertainment","article_publisher":"https:\/\/www.facebook.com\/BBQ-Entertainment-N-Catering-2437913376443540","article_modified_time":"2025-12-15T19:18:05+00:00","og_image":[{"width":1200,"height":1200,"url":"https:\/\/bbqentertainment.com\/wp-content\/uploads\/2025\/10\/Maldon-Sea-Salt-Pinch-Tin-Gift-Box.jpg","type":"image\/jpeg"}],"twitter_card":"summary_large_image","twitter_misc":{"Est. reading time":"1 minute"},"schema":{"@context":"https:\/\/schema.org","@graph":[{"@type":["WebPage","ItemPage"],"@id":"https:\/\/bbqentertainment.com\/toode\/maldon-salt-soolatopside-kinkekomplekt\/","url":"https:\/\/bbqentertainment.com\/toode\/maldon-salt-soolatopside-kinkekomplekt\/","name":"Maldon Salt soolatopside kinkekomplekt - BBQ Entertainment","isPartOf":{"@id":"https:\/\/bbqentertainment.com\/#website"},"primaryImageOfPage":{"@id":"https:\/\/bbqentertainment.com\/toode\/maldon-salt-soolatopside-kinkekomplekt\/#primaryimage"},"image":{"@id":"https:\/\/bbqentertainment.com\/toode\/maldon-salt-soolatopside-kinkekomplekt\/#primaryimage"},"thumbnailUrl":"https:\/\/bbqentertainment.com\/wp-content\/uploads\/2025\/10\/Maldon-Sea-Salt-Pinch-Tin-Gift-Box.jpg","datePublished":"2025-10-30T12:17:02+00:00","dateModified":"2025-12-15T19:18:05+00:00","breadcrumb":{"@id":"https:\/\/bbqentertainment.com\/toode\/maldon-salt-soolatopside-kinkekomplekt\/#breadcrumb"},"inLanguage":"en-US","potentialAction":[{"@type":"ReadAction","target":["https:\/\/bbqentertainment.com\/toode\/maldon-salt-soolatopside-kinkekomplekt\/"]}]},{"@type":"ImageObject","inLanguage":"en-US","@id":"https:\/\/bbqentertainment.com\/toode\/maldon-salt-soolatopside-kinkekomplekt\/#primaryimage","url":"https:\/\/bbqentertainment.com\/wp-content\/uploads\/2025\/10\/Maldon-Sea-Salt-Pinch-Tin-Gift-Box.jpg","contentUrl":"https:\/\/bbqentertainment.com\/wp-content\/uploads\/2025\/10\/Maldon-Sea-Salt-Pinch-Tin-Gift-Box.jpg","width":1200,"height":1200},{"@type":"BreadcrumbList","@id":"https:\/\/bbqentertainment.com\/toode\/maldon-salt-soolatopside-kinkekomplekt\/#breadcrumb","itemListElement":[{"@type":"ListItem","position":1,"name":"AVALEHT","item":"https:\/\/bbqentertainment.com\/en\/"},{"@type":"ListItem","position":2,"name":"Tooted","item":"https:\/\/bbqentertainment.com\/tooted\/"},{"@type":"ListItem","position":3,"name":"Maitseandjad","item":"https:\/\/bbqentertainment.com\/en\/tootekategooria\/maitseandjad\/"},{"@type":"ListItem","position":4,"name":"Maldon Salt soolatopside kinkekomplekt"}]},{"@type":"WebSite","@id":"https:\/\/bbqentertainment.com\/#website","url":"https:\/\/bbqentertainment.com\/","name":"BBQ Entertainment","description":"BBQ is a great lifestyle, not just fun!","publisher":{"@id":"https:\/\/bbqentertainment.com\/#organization"},"potentialAction":[{"@type":"SearchAction","target":{"@type":"EntryPoint","urlTemplate":"https:\/\/bbqentertainment.com\/?s={search_term_string}"},"query-input":{"@type":"PropertyValueSpecification","valueRequired":true,"valueName":"search_term_string"}}],"inLanguage":"en-US"},{"@type":"Organization","@id":"https:\/\/bbqentertainment.com\/#organization","name":"BBQ Entertainment O\u00dc","url":"https:\/\/bbqentertainment.com\/","logo":{"@type":"ImageObject","inLanguage":"en-US","@id":"https:\/\/bbqentertainment.com\/#\/schema\/logo\/image\/","url":"https:\/\/bbqentertainment.com\/wp-content\/uploads\/2020\/04\/BBQ-Entertainment-N-Catering-Enn-Tobreluts-Logo.png","contentUrl":"https:\/\/bbqentertainment.com\/wp-content\/uploads\/2020\/04\/BBQ-Entertainment-N-Catering-Enn-Tobreluts-Logo.png","width":628,"height":266,"caption":"BBQ Entertainment O\u00dc"},"image":{"@id":"https:\/\/bbqentertainment.com\/#\/schema\/logo\/image\/"},"sameAs":["https:\/\/www.facebook.com\/BBQ-Entertainment-N-Catering-2437913376443540","https:\/\/www.instagram.com\/bbqentertainmentncatering\/","https:\/\/www.youtube.com\/channel\/UCmpuANQVhLy2Md8nrenp2jA"]}]}},"_links":{"self":[{"href":"https:\/\/bbqentertainment.com\/en\/wp-json\/wp\/v2\/product\/254954","targetHints":{"allow":["GET"]}}],"collection":[{"href":"https:\/\/bbqentertainment.com\/en\/wp-json\/wp\/v2\/product"}],"about":[{"href":"https:\/\/bbqentertainment.com\/en\/wp-json\/wp\/v2\/types\/product"}],"wp:featuredmedia":[{"embeddable":true,"href":"https:\/\/bbqentertainment.com\/en\/wp-json\/wp\/v2\/media\/254955"}],"wp:attachment":[{"href":"https:\/\/bbqentertainment.com\/en\/wp-json\/wp\/v2\/media?parent=254954"}],"wp:term":[{"taxonomy":"product_brand","embeddable":true,"href":"https:\/\/bbqentertainment.com\/en\/wp-json\/wp\/v2\/product_brand?post=254954"},{"taxonomy":"product_cat","embeddable":true,"href":"https:\/\/bbqentertainment.com\/en\/wp-json\/wp\/v2\/product_cat?post=254954"},{"taxonomy":"product_tag","embeddable":true,"href":"https:\/\/bbqentertainment.com\/en\/wp-json\/wp\/v2\/product_tag?post=254954"}],"curies":[{"name":"wp","href":"https:\/\/api.w.org\/{rel}","templated":true}]}}