{"id":254960,"date":"2025-10-30T19:22:58","date_gmt":"2025-10-30T17:22:58","guid":{"rendered":"https:\/\/bbqentertainment.com\/?post_type=product&#038;p=254960"},"modified":"2025-12-15T21:18:05","modified_gmt":"2025-12-15T19:18:05","slug":"maldon-helvessoola-kinkekomplekt-plekk-karbis-250-g","status":"publish","type":"product","link":"https:\/\/bbqentertainment.com\/en\/toode\/maldon-helvessoola-kinkekomplekt-plekk-karbis-250-g\/","title":{"rendered":"Maldon helvessoola kinkekomplekt plekk-karbis 250 g"},"content":{"rendered":"","protected":false},"excerpt":{"rendered":"<h3><strong>Maldon helvessoola kinkekomplekt plekk-karbis 250 g<\/strong><\/h3>\n<p style=\"font-weight: 400\">\u00dcle sajandi pikkuse k\u00e4sit\u00f6\u00f6traditsiooniga Maldon Sea Salt on kvaliteedi ja maitse puhtuse s\u00fcmbol, mida kasutavad tippkokad \u00fcle maailma. See kinkekomplekt on praktiline kingitus neile, kes hindavad head toitu ja kvaliteetseid koostisosi.<\/p>\n<p style=\"font-weight: 400\">Maldon Sea Salt helbed\u00a0on oma tuntud p\u00fcramiidse kujuga, looduslikult mineraalirikkad ja kergesti murenevad. Helbed lahustuvad kiiresti ja \u00fchtlaselt. Need sobivad ideaalselt nii toidu viimistlemiseks kui serveerimisel lisamiseks.<\/p>\n<p style=\"font-weight: 400\" data-start=\"600\" data-end=\"616\"><strong data-start=\"600\" data-end=\"614\">Komplektis<\/strong><\/p>\n<ul>\n<li data-start=\"619\" data-end=\"664\">1 \u00d7 Maldon Sea Salt Original plekk-karp<\/li>\n<li data-start=\"667\" data-end=\"723\">1 \u00d7 Maldon Sea Salt helbelise meresoola karp 250 g<\/li>\n<\/ul>\n<p style=\"font-weight: 400\" data-start=\"725\" data-end=\"908\"><strong data-start=\"725\" data-end=\"739\">Kasutamine<\/strong><br data-start=\"739\" data-end=\"742\" \/>Sobib liha, kala, k\u00f6\u00f6giviljade, salatite ja magustoitude maitsestamiseks. T\u00e4nu oma \u00f5rnale tekstuurile on Maldoni helvessool ka ideaalne serveerimisel viimistluseks.<\/p>\n<p style=\"font-weight: 400\" data-start=\"910\" data-end=\"1051\">\n","protected":false},"featured_media":254963,"template":"","meta":{"inline_featured_image":false},"product_brand":[],"product_cat":[28,31,283],"product_tag":[],"class_list":{"0":"post-254960","1":"product","2":"type-product","3":"status-publish","4":"has-post-thumbnail","6":"product_cat-maitseandjad","7":"product_cat-maldon-helvessool","8":"product_cat-branditooted","10":"first","11":"instock","12":"taxable","13":"shipping-taxable","14":"purchasable","15":"product-type-simple"},"yoast_head":"<!-- This site is optimized with the Yoast SEO plugin v27.4 - https:\/\/yoast.com\/product\/yoast-seo-wordpress\/ -->\n<title>Maldon helvessoola kinkekomplekt plekk-karbis 250 g - BBQ Entertainment<\/title>\n<meta name=\"robots\" content=\"index, follow, max-snippet:-1, max-image-preview:large, max-video-preview:-1\" \/>\n<link rel=\"canonical\" href=\"https:\/\/bbqentertainment.com\/toode\/maldon-helvessoola-kinkekomplekt-plekk-karbis-250-g\/\" \/>\n<meta property=\"og:locale\" content=\"en_US\" \/>\n<meta property=\"og:type\" content=\"article\" \/>\n<meta property=\"og:title\" content=\"Maldon helvessoola kinkekomplekt plekk-karbis 250 g - BBQ Entertainment\" \/>\n<meta property=\"og:description\" content=\"Maldon helvessoola kinkekomplekt plekk-karbis 250 g \u00dcle sajandi pikkuse k\u00e4sit\u00f6\u00f6traditsiooniga Maldon Sea Salt on kvaliteedi ja maitse puhtuse s\u00fcmbol, mida kasutavad tippkokad \u00fcle maailma. See kinkekomplekt on praktiline kingitus neile, kes hindavad head toitu ja kvaliteetseid koostisosi. Maldon Sea Salt helbed\u00a0on oma tuntud p\u00fcramiidse kujuga, looduslikult mineraalirikkad ja kergesti murenevad. Helbed lahustuvad kiiresti ja \u00fchtlaselt. Need sobivad ideaalselt nii toidu viimistlemiseks kui serveerimisel lisamiseks. Komplektis    1 \u00d7 Maldon Sea Salt Original plekk-karp  1 \u00d7 Maldon Sea Salt helbelise meresoola karp 250 g  KasutamineSobib liha, kala, k\u00f6\u00f6giviljade, salatite ja magustoitude maitsestamiseks. T\u00e4nu oma \u00f5rnale tekstuurile on Maldoni helvessool ka ideaalne serveerimisel viimistluseks.\" \/>\n<meta property=\"og:url\" content=\"https:\/\/bbqentertainment.com\/toode\/maldon-helvessoola-kinkekomplekt-plekk-karbis-250-g\/\" \/>\n<meta property=\"og:site_name\" content=\"BBQ Entertainment\" \/>\n<meta property=\"article:publisher\" content=\"https:\/\/www.facebook.com\/BBQ-Entertainment-N-Catering-2437913376443540\" \/>\n<meta property=\"article:modified_time\" content=\"2025-12-15T19:18:05+00:00\" \/>\n<meta property=\"og:image\" content=\"https:\/\/bbqentertainment.com\/wp-content\/uploads\/2025\/10\/51T4HFUfI1L.jpg\" \/>\n\t<meta property=\"og:image:width\" content=\"1500\" \/>\n\t<meta property=\"og:image:height\" content=\"1500\" \/>\n\t<meta property=\"og:image:type\" content=\"image\/jpeg\" \/>\n<meta name=\"twitter:card\" content=\"summary_large_image\" \/>\n<meta name=\"twitter:label1\" content=\"Est. reading time\" \/>\n\t<meta name=\"twitter:data1\" content=\"1 minute\" \/>\n<script type=\"application\/ld+json\" class=\"yoast-schema-graph\">{\"@context\":\"https:\\\/\\\/schema.org\",\"@graph\":[{\"@type\":[\"WebPage\",\"ItemPage\"],\"@id\":\"https:\\\/\\\/bbqentertainment.com\\\/toode\\\/maldon-helvessoola-kinkekomplekt-plekk-karbis-250-g\\\/\",\"url\":\"https:\\\/\\\/bbqentertainment.com\\\/toode\\\/maldon-helvessoola-kinkekomplekt-plekk-karbis-250-g\\\/\",\"name\":\"Maldon helvessoola kinkekomplekt plekk-karbis 250 g - BBQ Entertainment\",\"isPartOf\":{\"@id\":\"https:\\\/\\\/bbqentertainment.com\\\/#website\"},\"primaryImageOfPage\":{\"@id\":\"https:\\\/\\\/bbqentertainment.com\\\/toode\\\/maldon-helvessoola-kinkekomplekt-plekk-karbis-250-g\\\/#primaryimage\"},\"image\":{\"@id\":\"https:\\\/\\\/bbqentertainment.com\\\/toode\\\/maldon-helvessoola-kinkekomplekt-plekk-karbis-250-g\\\/#primaryimage\"},\"thumbnailUrl\":\"https:\\\/\\\/bbqentertainment.com\\\/wp-content\\\/uploads\\\/2025\\\/10\\\/51T4HFUfI1L.jpg\",\"datePublished\":\"2025-10-30T17:22:58+00:00\",\"dateModified\":\"2025-12-15T19:18:05+00:00\",\"breadcrumb\":{\"@id\":\"https:\\\/\\\/bbqentertainment.com\\\/toode\\\/maldon-helvessoola-kinkekomplekt-plekk-karbis-250-g\\\/#breadcrumb\"},\"inLanguage\":\"en-US\",\"potentialAction\":[{\"@type\":\"ReadAction\",\"target\":[\"https:\\\/\\\/bbqentertainment.com\\\/toode\\\/maldon-helvessoola-kinkekomplekt-plekk-karbis-250-g\\\/\"]}]},{\"@type\":\"ImageObject\",\"inLanguage\":\"en-US\",\"@id\":\"https:\\\/\\\/bbqentertainment.com\\\/toode\\\/maldon-helvessoola-kinkekomplekt-plekk-karbis-250-g\\\/#primaryimage\",\"url\":\"https:\\\/\\\/bbqentertainment.com\\\/wp-content\\\/uploads\\\/2025\\\/10\\\/51T4HFUfI1L.jpg\",\"contentUrl\":\"https:\\\/\\\/bbqentertainment.com\\\/wp-content\\\/uploads\\\/2025\\\/10\\\/51T4HFUfI1L.jpg\",\"width\":1500,\"height\":1500},{\"@type\":\"BreadcrumbList\",\"@id\":\"https:\\\/\\\/bbqentertainment.com\\\/toode\\\/maldon-helvessoola-kinkekomplekt-plekk-karbis-250-g\\\/#breadcrumb\",\"itemListElement\":[{\"@type\":\"ListItem\",\"position\":1,\"name\":\"AVALEHT\",\"item\":\"https:\\\/\\\/bbqentertainment.com\\\/en\\\/\"},{\"@type\":\"ListItem\",\"position\":2,\"name\":\"Tooted\",\"item\":\"https:\\\/\\\/bbqentertainment.com\\\/tooted\\\/\"},{\"@type\":\"ListItem\",\"position\":3,\"name\":\"Maitseandjad\",\"item\":\"https:\\\/\\\/bbqentertainment.com\\\/en\\\/tootekategooria\\\/maitseandjad\\\/\"},{\"@type\":\"ListItem\",\"position\":4,\"name\":\"Maldon helvessoola kinkekomplekt plekk-karbis 250 g\"}]},{\"@type\":\"WebSite\",\"@id\":\"https:\\\/\\\/bbqentertainment.com\\\/#website\",\"url\":\"https:\\\/\\\/bbqentertainment.com\\\/\",\"name\":\"BBQ Entertainment\",\"description\":\"BBQ is a great lifestyle, not just fun!\",\"publisher\":{\"@id\":\"https:\\\/\\\/bbqentertainment.com\\\/#organization\"},\"potentialAction\":[{\"@type\":\"SearchAction\",\"target\":{\"@type\":\"EntryPoint\",\"urlTemplate\":\"https:\\\/\\\/bbqentertainment.com\\\/?s={search_term_string}\"},\"query-input\":{\"@type\":\"PropertyValueSpecification\",\"valueRequired\":true,\"valueName\":\"search_term_string\"}}],\"inLanguage\":\"en-US\"},{\"@type\":\"Organization\",\"@id\":\"https:\\\/\\\/bbqentertainment.com\\\/#organization\",\"name\":\"BBQ Entertainment O\u00dc\",\"url\":\"https:\\\/\\\/bbqentertainment.com\\\/\",\"logo\":{\"@type\":\"ImageObject\",\"inLanguage\":\"en-US\",\"@id\":\"https:\\\/\\\/bbqentertainment.com\\\/#\\\/schema\\\/logo\\\/image\\\/\",\"url\":\"https:\\\/\\\/bbqentertainment.com\\\/wp-content\\\/uploads\\\/2020\\\/04\\\/BBQ-Entertainment-N-Catering-Enn-Tobreluts-Logo.png\",\"contentUrl\":\"https:\\\/\\\/bbqentertainment.com\\\/wp-content\\\/uploads\\\/2020\\\/04\\\/BBQ-Entertainment-N-Catering-Enn-Tobreluts-Logo.png\",\"width\":628,\"height\":266,\"caption\":\"BBQ Entertainment O\u00dc\"},\"image\":{\"@id\":\"https:\\\/\\\/bbqentertainment.com\\\/#\\\/schema\\\/logo\\\/image\\\/\"},\"sameAs\":[\"https:\\\/\\\/www.facebook.com\\\/BBQ-Entertainment-N-Catering-2437913376443540\",\"https:\\\/\\\/www.instagram.com\\\/bbqentertainmentncatering\\\/\",\"https:\\\/\\\/www.youtube.com\\\/channel\\\/UCmpuANQVhLy2Md8nrenp2jA\"]}]}<\/script>\n<!-- \/ Yoast SEO plugin. -->","yoast_head_json":{"title":"Maldon helvessoola kinkekomplekt plekk-karbis 250 g - BBQ Entertainment","robots":{"index":"index","follow":"follow","max-snippet":"max-snippet:-1","max-image-preview":"max-image-preview:large","max-video-preview":"max-video-preview:-1"},"canonical":"https:\/\/bbqentertainment.com\/toode\/maldon-helvessoola-kinkekomplekt-plekk-karbis-250-g\/","og_locale":"en_US","og_type":"article","og_title":"Maldon helvessoola kinkekomplekt plekk-karbis 250 g - BBQ Entertainment","og_description":"Maldon helvessoola kinkekomplekt plekk-karbis 250 g \u00dcle sajandi pikkuse k\u00e4sit\u00f6\u00f6traditsiooniga Maldon Sea Salt on kvaliteedi ja maitse puhtuse s\u00fcmbol, mida kasutavad tippkokad \u00fcle maailma. See kinkekomplekt on praktiline kingitus neile, kes hindavad head toitu ja kvaliteetseid koostisosi. Maldon Sea Salt helbed\u00a0on oma tuntud p\u00fcramiidse kujuga, looduslikult mineraalirikkad ja kergesti murenevad. Helbed lahustuvad kiiresti ja \u00fchtlaselt. Need sobivad ideaalselt nii toidu viimistlemiseks kui serveerimisel lisamiseks. Komplektis    1 \u00d7 Maldon Sea Salt Original plekk-karp  1 \u00d7 Maldon Sea Salt helbelise meresoola karp 250 g  KasutamineSobib liha, kala, k\u00f6\u00f6giviljade, salatite ja magustoitude maitsestamiseks. T\u00e4nu oma \u00f5rnale tekstuurile on Maldoni helvessool ka ideaalne serveerimisel viimistluseks.","og_url":"https:\/\/bbqentertainment.com\/toode\/maldon-helvessoola-kinkekomplekt-plekk-karbis-250-g\/","og_site_name":"BBQ Entertainment","article_publisher":"https:\/\/www.facebook.com\/BBQ-Entertainment-N-Catering-2437913376443540","article_modified_time":"2025-12-15T19:18:05+00:00","og_image":[{"width":1500,"height":1500,"url":"https:\/\/bbqentertainment.com\/wp-content\/uploads\/2025\/10\/51T4HFUfI1L.jpg","type":"image\/jpeg"}],"twitter_card":"summary_large_image","twitter_misc":{"Est. reading time":"1 minute"},"schema":{"@context":"https:\/\/schema.org","@graph":[{"@type":["WebPage","ItemPage"],"@id":"https:\/\/bbqentertainment.com\/toode\/maldon-helvessoola-kinkekomplekt-plekk-karbis-250-g\/","url":"https:\/\/bbqentertainment.com\/toode\/maldon-helvessoola-kinkekomplekt-plekk-karbis-250-g\/","name":"Maldon helvessoola kinkekomplekt plekk-karbis 250 g - BBQ Entertainment","isPartOf":{"@id":"https:\/\/bbqentertainment.com\/#website"},"primaryImageOfPage":{"@id":"https:\/\/bbqentertainment.com\/toode\/maldon-helvessoola-kinkekomplekt-plekk-karbis-250-g\/#primaryimage"},"image":{"@id":"https:\/\/bbqentertainment.com\/toode\/maldon-helvessoola-kinkekomplekt-plekk-karbis-250-g\/#primaryimage"},"thumbnailUrl":"https:\/\/bbqentertainment.com\/wp-content\/uploads\/2025\/10\/51T4HFUfI1L.jpg","datePublished":"2025-10-30T17:22:58+00:00","dateModified":"2025-12-15T19:18:05+00:00","breadcrumb":{"@id":"https:\/\/bbqentertainment.com\/toode\/maldon-helvessoola-kinkekomplekt-plekk-karbis-250-g\/#breadcrumb"},"inLanguage":"en-US","potentialAction":[{"@type":"ReadAction","target":["https:\/\/bbqentertainment.com\/toode\/maldon-helvessoola-kinkekomplekt-plekk-karbis-250-g\/"]}]},{"@type":"ImageObject","inLanguage":"en-US","@id":"https:\/\/bbqentertainment.com\/toode\/maldon-helvessoola-kinkekomplekt-plekk-karbis-250-g\/#primaryimage","url":"https:\/\/bbqentertainment.com\/wp-content\/uploads\/2025\/10\/51T4HFUfI1L.jpg","contentUrl":"https:\/\/bbqentertainment.com\/wp-content\/uploads\/2025\/10\/51T4HFUfI1L.jpg","width":1500,"height":1500},{"@type":"BreadcrumbList","@id":"https:\/\/bbqentertainment.com\/toode\/maldon-helvessoola-kinkekomplekt-plekk-karbis-250-g\/#breadcrumb","itemListElement":[{"@type":"ListItem","position":1,"name":"AVALEHT","item":"https:\/\/bbqentertainment.com\/en\/"},{"@type":"ListItem","position":2,"name":"Tooted","item":"https:\/\/bbqentertainment.com\/tooted\/"},{"@type":"ListItem","position":3,"name":"Maitseandjad","item":"https:\/\/bbqentertainment.com\/en\/tootekategooria\/maitseandjad\/"},{"@type":"ListItem","position":4,"name":"Maldon helvessoola kinkekomplekt plekk-karbis 250 g"}]},{"@type":"WebSite","@id":"https:\/\/bbqentertainment.com\/#website","url":"https:\/\/bbqentertainment.com\/","name":"BBQ Entertainment","description":"BBQ is a great lifestyle, not just fun!","publisher":{"@id":"https:\/\/bbqentertainment.com\/#organization"},"potentialAction":[{"@type":"SearchAction","target":{"@type":"EntryPoint","urlTemplate":"https:\/\/bbqentertainment.com\/?s={search_term_string}"},"query-input":{"@type":"PropertyValueSpecification","valueRequired":true,"valueName":"search_term_string"}}],"inLanguage":"en-US"},{"@type":"Organization","@id":"https:\/\/bbqentertainment.com\/#organization","name":"BBQ Entertainment O\u00dc","url":"https:\/\/bbqentertainment.com\/","logo":{"@type":"ImageObject","inLanguage":"en-US","@id":"https:\/\/bbqentertainment.com\/#\/schema\/logo\/image\/","url":"https:\/\/bbqentertainment.com\/wp-content\/uploads\/2020\/04\/BBQ-Entertainment-N-Catering-Enn-Tobreluts-Logo.png","contentUrl":"https:\/\/bbqentertainment.com\/wp-content\/uploads\/2020\/04\/BBQ-Entertainment-N-Catering-Enn-Tobreluts-Logo.png","width":628,"height":266,"caption":"BBQ Entertainment O\u00dc"},"image":{"@id":"https:\/\/bbqentertainment.com\/#\/schema\/logo\/image\/"},"sameAs":["https:\/\/www.facebook.com\/BBQ-Entertainment-N-Catering-2437913376443540","https:\/\/www.instagram.com\/bbqentertainmentncatering\/","https:\/\/www.youtube.com\/channel\/UCmpuANQVhLy2Md8nrenp2jA"]}]}},"_links":{"self":[{"href":"https:\/\/bbqentertainment.com\/en\/wp-json\/wp\/v2\/product\/254960","targetHints":{"allow":["GET"]}}],"collection":[{"href":"https:\/\/bbqentertainment.com\/en\/wp-json\/wp\/v2\/product"}],"about":[{"href":"https:\/\/bbqentertainment.com\/en\/wp-json\/wp\/v2\/types\/product"}],"wp:featuredmedia":[{"embeddable":true,"href":"https:\/\/bbqentertainment.com\/en\/wp-json\/wp\/v2\/media\/254963"}],"wp:attachment":[{"href":"https:\/\/bbqentertainment.com\/en\/wp-json\/wp\/v2\/media?parent=254960"}],"wp:term":[{"taxonomy":"product_brand","embeddable":true,"href":"https:\/\/bbqentertainment.com\/en\/wp-json\/wp\/v2\/product_brand?post=254960"},{"taxonomy":"product_cat","embeddable":true,"href":"https:\/\/bbqentertainment.com\/en\/wp-json\/wp\/v2\/product_cat?post=254960"},{"taxonomy":"product_tag","embeddable":true,"href":"https:\/\/bbqentertainment.com\/en\/wp-json\/wp\/v2\/product_tag?post=254960"}],"curies":[{"name":"wp","href":"https:\/\/api.w.org\/{rel}","templated":true}]}}