{"id":255012,"date":"2025-11-04T13:11:13","date_gmt":"2025-11-04T11:11:13","guid":{"rendered":"https:\/\/bbqentertainment.com\/?post_type=product&#038;p=255012"},"modified":"2026-04-06T12:26:52","modified_gmt":"2026-04-06T09:26:52","slug":"napoleon-allure-38-vertikaalne-kuttefunktsiooniga-elektrikamin-radiaator","status":"publish","type":"product","link":"https:\/\/bbqentertainment.com\/en\/toode\/napoleon-allure-38-vertikaalne-kuttefunktsiooniga-elektrikamin-radiaator\/","title":{"rendered":"Napoleon ALLURE\u2122 38 vertikaalne k\u00fcttefunktsiooniga elektrikamin-radiaator"},"content":{"rendered":"","protected":false},"excerpt":{"rendered":"<h3><strong>Napoleon ALLURE\u2122 38 vertikaalne k\u00fcttefunktsiooniga elektrikamin-radiaator<\/strong><\/h3>\n<p style=\"font-weight: 400\">Napoleon ALLURE\u2122 38 Vertical on\u00a0vertikaalselt paigaldatav elektrikamin-radiaator<strong>,<\/strong> mis \u00fchendab efektiivse lisak\u00fctte, energias\u00e4\u00e4stliku LED-valgustuse ja rahuliku visuaalse atmosf\u00e4\u00e4ri. Kamin sobib h\u00e4sti v\u00e4iksema ruumi k\u00fctmiseks v\u00f5i lihtsalt hubasuse loomiseks, pakkudes v\u00f5imalust kasutada leegi-, k\u00fctte- ja ventilaatorifunktsioone \u00fckshaaval v\u00f5i koos.<\/p>\n<p style=\"font-weight: 400\" data-start=\"453\" data-end=\"767\">Leegi v\u00e4rvi saab muuta vastavalt meeleolule \u2013\u00a0oran\u017e, kollane, sinine v\u00f5i mitmev\u00e4rviline leegitoon, mida t\u00e4iendavad<strong>\u00a0<\/strong>k\u00fclgmised aktsentvalgustid<strong>\u00a0<\/strong><strong>(<\/strong>valge, sinine, roheline, punane, kollane, lilla v\u00f5i automaatselt muutuva v\u00e4rvits\u00fcklina). Peegeldused kristallt\u00e4idisel annavad tulele s\u00fcgavuse ja ruumile soojuse.<\/p>\n<p style=\"font-weight: 400\" data-start=\"769\" data-end=\"783\"><strong data-start=\"769\" data-end=\"781\">Omadused<\/strong><\/p>\n<ul>\n<li data-start=\"786\" data-end=\"835\">K\u00fcttev\u00f5imsus &#8211; reguleeritav 950 W v\u00f5i 2000 W<\/li>\n<li data-start=\"838\" data-end=\"870\">Soojendab kuni 25 m\u00b2 ruumi<\/li>\n<li data-start=\"873\" data-end=\"940\">Valitavad leegiv\u00e4rvid &#8211; oran\u017e, kollane, sinine, mitmev\u00e4rviline<\/li>\n<li data-start=\"943\" data-end=\"1044\">Valitavad aktsentvalgustid &#8211; valge, kollane, punane, roheline, lilla v\u00f5i automaatne v\u00e4rvivahetus<\/li>\n<li data-start=\"1047\" data-end=\"1107\">Leegi k\u00f5rguse ja intensiivsuse reguleerimine (5 astet)<\/li>\n<li data-start=\"1110\" data-end=\"1147\">Termostaadi juhtimine 18\u201327 \u00b0C<\/li>\n<li data-start=\"1150\" data-end=\"1190\">Taimer &#8211; 9 taset (30 min \u2013 8 tundi)<\/li>\n<li data-start=\"1193\" data-end=\"1260\">Kolm t\u00f6\u00f6re\u017eiimi- \u00a0ainult leek, ainult k\u00fcte, ainult ventilaator<\/li>\n<li data-start=\"1263\" data-end=\"1301\">\u00dclekuumenemiskaitse ja lapselukk<\/li>\n<li data-start=\"1304\" data-end=\"1360\">LED-valgustus &#8211; pikaealine ja madala energiatarbega<\/li>\n<li data-start=\"1363\" data-end=\"1416\">Toitekaabel &#8211; 1,8 m, kaasas kaabliv\u00f5ru katmiseks<\/li>\n<li data-start=\"1419\" data-end=\"1484\">Paigaldus &#8211; seinale kinnitatav v\u00f5i seina sisse integreeritav<\/li>\n<li data-start=\"1487\" data-end=\"1536\">Juhtimine &#8211; kaugjuhtimispult v\u00f5i puutepaneel<\/li>\n<\/ul>\n<p style=\"font-weight: 400\"><strong data-start=\"1570\" data-end=\"1591\">Kasutussoovitused<\/strong><br data-start=\"1591\" data-end=\"1594\" \/>Parima vaatenurga saavutamiseks paigalda kamin silmade k\u00f5rgusele ja j\u00e4ta selle kohale v\u00e4hemalt\u00a020 cm vaba ruumi, k\u00fclgedele m\u00f5ni sentimeeter. Seade sobib ideaalselt elutuppa, magamistuppa v\u00f5i kontorisse, kus on soov \u00fchendada valgus, soojus ja vaikus \u00fches kompaktses vormis.<\/p>\n<p style=\"font-weight: 400\">\n","protected":false},"featured_media":254859,"template":"","meta":{"inline_featured_image":false},"product_brand":[],"product_cat":[562,178],"product_tag":[],"class_list":{"0":"post-255012","1":"product","2":"type-product","3":"status-publish","4":"has-post-thumbnail","6":"product_cat-lisatarvikud-napoleon","7":"product_cat-muud-tooted","8":"product_shipping_class-ainult-ise-jarele-tulemisega","10":"first","11":"instock","12":"taxable","13":"shipping-taxable","14":"purchasable","15":"product-type-simple"},"yoast_head":"<!-- This site is optimized with the Yoast SEO plugin v27.4 - https:\/\/yoast.com\/product\/yoast-seo-wordpress\/ -->\n<title>Napoleon ALLURE\u2122 38 vertikaalne k\u00fcttefunktsiooniga elektrikamin-radiaator - BBQ Entertainment<\/title>\n<meta name=\"description\" content=\"Napoleon ALLURE\u2122 38 Vertical on seinale kinnitatav elektrikamin, millel on muudetav leegiv\u00e4rv, k\u00fcttev\u00f5imsus kuni 2000 W ja energias\u00e4\u00e4stlik LED-valgustus.\" \/>\n<meta name=\"robots\" content=\"index, follow, max-snippet:-1, max-image-preview:large, max-video-preview:-1\" \/>\n<link rel=\"canonical\" href=\"https:\/\/bbqentertainment.com\/toode\/napoleon-allure-38-vertikaalne-kuttefunktsiooniga-elektrikamin-radiaator\/\" \/>\n<meta property=\"og:locale\" content=\"en_US\" \/>\n<meta property=\"og:type\" content=\"article\" \/>\n<meta property=\"og:title\" content=\"Napoleon ALLURE\u2122 38 vertikaalne k\u00fcttefunktsiooniga elektrikamin-radiaator - BBQ Entertainment\" \/>\n<meta property=\"og:description\" content=\"Napoleon ALLURE\u2122 38 Vertical on seinale kinnitatav elektrikamin, millel on muudetav leegiv\u00e4rv, k\u00fcttev\u00f5imsus kuni 2000 W ja energias\u00e4\u00e4stlik LED-valgustus.\" \/>\n<meta property=\"og:url\" content=\"https:\/\/bbqentertainment.com\/toode\/napoleon-allure-38-vertikaalne-kuttefunktsiooniga-elektrikamin-radiaator\/\" \/>\n<meta property=\"og:site_name\" content=\"BBQ Entertainment\" \/>\n<meta property=\"article:publisher\" content=\"https:\/\/www.facebook.com\/BBQ-Entertainment-N-Catering-2437913376443540\" \/>\n<meta property=\"article:modified_time\" content=\"2026-04-06T09:26:52+00:00\" \/>\n<meta property=\"og:image\" content=\"https:\/\/bbqentertainment.com\/wp-content\/uploads\/2025\/10\/napoleon-allure-vertical-32-electric-fireplace-nefvc32h.jpg\" \/>\n\t<meta property=\"og:image:width\" content=\"1000\" \/>\n\t<meta property=\"og:image:height\" content=\"1000\" \/>\n\t<meta property=\"og:image:type\" content=\"image\/jpeg\" \/>\n<meta name=\"twitter:card\" content=\"summary_large_image\" \/>\n<meta name=\"twitter:label1\" content=\"Est. reading time\" \/>\n\t<meta name=\"twitter:data1\" content=\"1 minute\" \/>\n<script type=\"application\/ld+json\" class=\"yoast-schema-graph\">{\"@context\":\"https:\\\/\\\/schema.org\",\"@graph\":[{\"@type\":[\"WebPage\",\"ItemPage\"],\"@id\":\"https:\\\/\\\/bbqentertainment.com\\\/toode\\\/napoleon-allure-38-vertikaalne-kuttefunktsiooniga-elektrikamin-radiaator\\\/\",\"url\":\"https:\\\/\\\/bbqentertainment.com\\\/toode\\\/napoleon-allure-38-vertikaalne-kuttefunktsiooniga-elektrikamin-radiaator\\\/\",\"name\":\"Napoleon ALLURE\u2122 38 vertikaalne k\u00fcttefunktsiooniga elektrikamin-radiaator - BBQ Entertainment\",\"isPartOf\":{\"@id\":\"https:\\\/\\\/bbqentertainment.com\\\/#website\"},\"primaryImageOfPage\":{\"@id\":\"https:\\\/\\\/bbqentertainment.com\\\/toode\\\/napoleon-allure-38-vertikaalne-kuttefunktsiooniga-elektrikamin-radiaator\\\/#primaryimage\"},\"image\":{\"@id\":\"https:\\\/\\\/bbqentertainment.com\\\/toode\\\/napoleon-allure-38-vertikaalne-kuttefunktsiooniga-elektrikamin-radiaator\\\/#primaryimage\"},\"thumbnailUrl\":\"https:\\\/\\\/bbqentertainment.com\\\/wp-content\\\/uploads\\\/2025\\\/10\\\/napoleon-allure-vertical-32-electric-fireplace-nefvc32h.jpg\",\"datePublished\":\"2025-11-04T11:11:13+00:00\",\"dateModified\":\"2026-04-06T09:26:52+00:00\",\"description\":\"Napoleon ALLURE\u2122 38 Vertical on seinale kinnitatav elektrikamin, millel on muudetav leegiv\u00e4rv, k\u00fcttev\u00f5imsus kuni 2000 W ja energias\u00e4\u00e4stlik LED-valgustus.\",\"breadcrumb\":{\"@id\":\"https:\\\/\\\/bbqentertainment.com\\\/toode\\\/napoleon-allure-38-vertikaalne-kuttefunktsiooniga-elektrikamin-radiaator\\\/#breadcrumb\"},\"inLanguage\":\"en-US\",\"potentialAction\":[{\"@type\":\"ReadAction\",\"target\":[\"https:\\\/\\\/bbqentertainment.com\\\/toode\\\/napoleon-allure-38-vertikaalne-kuttefunktsiooniga-elektrikamin-radiaator\\\/\"]}]},{\"@type\":\"ImageObject\",\"inLanguage\":\"en-US\",\"@id\":\"https:\\\/\\\/bbqentertainment.com\\\/toode\\\/napoleon-allure-38-vertikaalne-kuttefunktsiooniga-elektrikamin-radiaator\\\/#primaryimage\",\"url\":\"https:\\\/\\\/bbqentertainment.com\\\/wp-content\\\/uploads\\\/2025\\\/10\\\/napoleon-allure-vertical-32-electric-fireplace-nefvc32h.jpg\",\"contentUrl\":\"https:\\\/\\\/bbqentertainment.com\\\/wp-content\\\/uploads\\\/2025\\\/10\\\/napoleon-allure-vertical-32-electric-fireplace-nefvc32h.jpg\",\"width\":1000,\"height\":1000},{\"@type\":\"BreadcrumbList\",\"@id\":\"https:\\\/\\\/bbqentertainment.com\\\/toode\\\/napoleon-allure-38-vertikaalne-kuttefunktsiooniga-elektrikamin-radiaator\\\/#breadcrumb\",\"itemListElement\":[{\"@type\":\"ListItem\",\"position\":1,\"name\":\"AVALEHT\",\"item\":\"https:\\\/\\\/bbqentertainment.com\\\/en\\\/\"},{\"@type\":\"ListItem\",\"position\":2,\"name\":\"Tooted\",\"item\":\"https:\\\/\\\/bbqentertainment.com\\\/tooted\\\/\"},{\"@type\":\"ListItem\",\"position\":3,\"name\":\"Muud tooted\",\"item\":\"https:\\\/\\\/bbqentertainment.com\\\/tootekategooria\\\/muud-tooted\\\/\"},{\"@type\":\"ListItem\",\"position\":4,\"name\":\"Napoleon ALLURE\u2122 38 vertikaalne k\u00fcttefunktsiooniga elektrikamin-radiaator\"}]},{\"@type\":\"WebSite\",\"@id\":\"https:\\\/\\\/bbqentertainment.com\\\/#website\",\"url\":\"https:\\\/\\\/bbqentertainment.com\\\/\",\"name\":\"BBQ Entertainment\",\"description\":\"BBQ is a great lifestyle, not just fun!\",\"publisher\":{\"@id\":\"https:\\\/\\\/bbqentertainment.com\\\/#organization\"},\"potentialAction\":[{\"@type\":\"SearchAction\",\"target\":{\"@type\":\"EntryPoint\",\"urlTemplate\":\"https:\\\/\\\/bbqentertainment.com\\\/?s={search_term_string}\"},\"query-input\":{\"@type\":\"PropertyValueSpecification\",\"valueRequired\":true,\"valueName\":\"search_term_string\"}}],\"inLanguage\":\"en-US\"},{\"@type\":\"Organization\",\"@id\":\"https:\\\/\\\/bbqentertainment.com\\\/#organization\",\"name\":\"BBQ Entertainment O\u00dc\",\"url\":\"https:\\\/\\\/bbqentertainment.com\\\/\",\"logo\":{\"@type\":\"ImageObject\",\"inLanguage\":\"en-US\",\"@id\":\"https:\\\/\\\/bbqentertainment.com\\\/#\\\/schema\\\/logo\\\/image\\\/\",\"url\":\"https:\\\/\\\/bbqentertainment.com\\\/wp-content\\\/uploads\\\/2020\\\/04\\\/BBQ-Entertainment-N-Catering-Enn-Tobreluts-Logo.png\",\"contentUrl\":\"https:\\\/\\\/bbqentertainment.com\\\/wp-content\\\/uploads\\\/2020\\\/04\\\/BBQ-Entertainment-N-Catering-Enn-Tobreluts-Logo.png\",\"width\":628,\"height\":266,\"caption\":\"BBQ Entertainment O\u00dc\"},\"image\":{\"@id\":\"https:\\\/\\\/bbqentertainment.com\\\/#\\\/schema\\\/logo\\\/image\\\/\"},\"sameAs\":[\"https:\\\/\\\/www.facebook.com\\\/BBQ-Entertainment-N-Catering-2437913376443540\",\"https:\\\/\\\/www.instagram.com\\\/bbqentertainmentncatering\\\/\",\"https:\\\/\\\/www.youtube.com\\\/channel\\\/UCmpuANQVhLy2Md8nrenp2jA\"]}]}<\/script>\n<!-- \/ Yoast SEO plugin. -->","yoast_head_json":{"title":"Napoleon ALLURE\u2122 38 vertikaalne k\u00fcttefunktsiooniga elektrikamin-radiaator - BBQ Entertainment","description":"Napoleon ALLURE\u2122 38 Vertical on seinale kinnitatav elektrikamin, millel on muudetav leegiv\u00e4rv, k\u00fcttev\u00f5imsus kuni 2000 W ja energias\u00e4\u00e4stlik LED-valgustus.","robots":{"index":"index","follow":"follow","max-snippet":"max-snippet:-1","max-image-preview":"max-image-preview:large","max-video-preview":"max-video-preview:-1"},"canonical":"https:\/\/bbqentertainment.com\/toode\/napoleon-allure-38-vertikaalne-kuttefunktsiooniga-elektrikamin-radiaator\/","og_locale":"en_US","og_type":"article","og_title":"Napoleon ALLURE\u2122 38 vertikaalne k\u00fcttefunktsiooniga elektrikamin-radiaator - BBQ Entertainment","og_description":"Napoleon ALLURE\u2122 38 Vertical on seinale kinnitatav elektrikamin, millel on muudetav leegiv\u00e4rv, k\u00fcttev\u00f5imsus kuni 2000 W ja energias\u00e4\u00e4stlik LED-valgustus.","og_url":"https:\/\/bbqentertainment.com\/toode\/napoleon-allure-38-vertikaalne-kuttefunktsiooniga-elektrikamin-radiaator\/","og_site_name":"BBQ Entertainment","article_publisher":"https:\/\/www.facebook.com\/BBQ-Entertainment-N-Catering-2437913376443540","article_modified_time":"2026-04-06T09:26:52+00:00","og_image":[{"width":1000,"height":1000,"url":"https:\/\/bbqentertainment.com\/wp-content\/uploads\/2025\/10\/napoleon-allure-vertical-32-electric-fireplace-nefvc32h.jpg","type":"image\/jpeg"}],"twitter_card":"summary_large_image","twitter_misc":{"Est. reading time":"1 minute"},"schema":{"@context":"https:\/\/schema.org","@graph":[{"@type":["WebPage","ItemPage"],"@id":"https:\/\/bbqentertainment.com\/toode\/napoleon-allure-38-vertikaalne-kuttefunktsiooniga-elektrikamin-radiaator\/","url":"https:\/\/bbqentertainment.com\/toode\/napoleon-allure-38-vertikaalne-kuttefunktsiooniga-elektrikamin-radiaator\/","name":"Napoleon ALLURE\u2122 38 vertikaalne k\u00fcttefunktsiooniga elektrikamin-radiaator - BBQ Entertainment","isPartOf":{"@id":"https:\/\/bbqentertainment.com\/#website"},"primaryImageOfPage":{"@id":"https:\/\/bbqentertainment.com\/toode\/napoleon-allure-38-vertikaalne-kuttefunktsiooniga-elektrikamin-radiaator\/#primaryimage"},"image":{"@id":"https:\/\/bbqentertainment.com\/toode\/napoleon-allure-38-vertikaalne-kuttefunktsiooniga-elektrikamin-radiaator\/#primaryimage"},"thumbnailUrl":"https:\/\/bbqentertainment.com\/wp-content\/uploads\/2025\/10\/napoleon-allure-vertical-32-electric-fireplace-nefvc32h.jpg","datePublished":"2025-11-04T11:11:13+00:00","dateModified":"2026-04-06T09:26:52+00:00","description":"Napoleon ALLURE\u2122 38 Vertical on seinale kinnitatav elektrikamin, millel on muudetav leegiv\u00e4rv, k\u00fcttev\u00f5imsus kuni 2000 W ja energias\u00e4\u00e4stlik LED-valgustus.","breadcrumb":{"@id":"https:\/\/bbqentertainment.com\/toode\/napoleon-allure-38-vertikaalne-kuttefunktsiooniga-elektrikamin-radiaator\/#breadcrumb"},"inLanguage":"en-US","potentialAction":[{"@type":"ReadAction","target":["https:\/\/bbqentertainment.com\/toode\/napoleon-allure-38-vertikaalne-kuttefunktsiooniga-elektrikamin-radiaator\/"]}]},{"@type":"ImageObject","inLanguage":"en-US","@id":"https:\/\/bbqentertainment.com\/toode\/napoleon-allure-38-vertikaalne-kuttefunktsiooniga-elektrikamin-radiaator\/#primaryimage","url":"https:\/\/bbqentertainment.com\/wp-content\/uploads\/2025\/10\/napoleon-allure-vertical-32-electric-fireplace-nefvc32h.jpg","contentUrl":"https:\/\/bbqentertainment.com\/wp-content\/uploads\/2025\/10\/napoleon-allure-vertical-32-electric-fireplace-nefvc32h.jpg","width":1000,"height":1000},{"@type":"BreadcrumbList","@id":"https:\/\/bbqentertainment.com\/toode\/napoleon-allure-38-vertikaalne-kuttefunktsiooniga-elektrikamin-radiaator\/#breadcrumb","itemListElement":[{"@type":"ListItem","position":1,"name":"AVALEHT","item":"https:\/\/bbqentertainment.com\/en\/"},{"@type":"ListItem","position":2,"name":"Tooted","item":"https:\/\/bbqentertainment.com\/tooted\/"},{"@type":"ListItem","position":3,"name":"Muud tooted","item":"https:\/\/bbqentertainment.com\/tootekategooria\/muud-tooted\/"},{"@type":"ListItem","position":4,"name":"Napoleon ALLURE\u2122 38 vertikaalne k\u00fcttefunktsiooniga elektrikamin-radiaator"}]},{"@type":"WebSite","@id":"https:\/\/bbqentertainment.com\/#website","url":"https:\/\/bbqentertainment.com\/","name":"BBQ Entertainment","description":"BBQ is a great lifestyle, not just fun!","publisher":{"@id":"https:\/\/bbqentertainment.com\/#organization"},"potentialAction":[{"@type":"SearchAction","target":{"@type":"EntryPoint","urlTemplate":"https:\/\/bbqentertainment.com\/?s={search_term_string}"},"query-input":{"@type":"PropertyValueSpecification","valueRequired":true,"valueName":"search_term_string"}}],"inLanguage":"en-US"},{"@type":"Organization","@id":"https:\/\/bbqentertainment.com\/#organization","name":"BBQ Entertainment O\u00dc","url":"https:\/\/bbqentertainment.com\/","logo":{"@type":"ImageObject","inLanguage":"en-US","@id":"https:\/\/bbqentertainment.com\/#\/schema\/logo\/image\/","url":"https:\/\/bbqentertainment.com\/wp-content\/uploads\/2020\/04\/BBQ-Entertainment-N-Catering-Enn-Tobreluts-Logo.png","contentUrl":"https:\/\/bbqentertainment.com\/wp-content\/uploads\/2020\/04\/BBQ-Entertainment-N-Catering-Enn-Tobreluts-Logo.png","width":628,"height":266,"caption":"BBQ Entertainment O\u00dc"},"image":{"@id":"https:\/\/bbqentertainment.com\/#\/schema\/logo\/image\/"},"sameAs":["https:\/\/www.facebook.com\/BBQ-Entertainment-N-Catering-2437913376443540","https:\/\/www.instagram.com\/bbqentertainmentncatering\/","https:\/\/www.youtube.com\/channel\/UCmpuANQVhLy2Md8nrenp2jA"]}]}},"_links":{"self":[{"href":"https:\/\/bbqentertainment.com\/en\/wp-json\/wp\/v2\/product\/255012","targetHints":{"allow":["GET"]}}],"collection":[{"href":"https:\/\/bbqentertainment.com\/en\/wp-json\/wp\/v2\/product"}],"about":[{"href":"https:\/\/bbqentertainment.com\/en\/wp-json\/wp\/v2\/types\/product"}],"wp:featuredmedia":[{"embeddable":true,"href":"https:\/\/bbqentertainment.com\/en\/wp-json\/wp\/v2\/media\/254859"}],"wp:attachment":[{"href":"https:\/\/bbqentertainment.com\/en\/wp-json\/wp\/v2\/media?parent=255012"}],"wp:term":[{"taxonomy":"product_brand","embeddable":true,"href":"https:\/\/bbqentertainment.com\/en\/wp-json\/wp\/v2\/product_brand?post=255012"},{"taxonomy":"product_cat","embeddable":true,"href":"https:\/\/bbqentertainment.com\/en\/wp-json\/wp\/v2\/product_cat?post=255012"},{"taxonomy":"product_tag","embeddable":true,"href":"https:\/\/bbqentertainment.com\/en\/wp-json\/wp\/v2\/product_tag?post=255012"}],"curies":[{"name":"wp","href":"https:\/\/api.w.org\/{rel}","templated":true}]}}