{"id":255138,"date":"2025-11-12T10:13:51","date_gmt":"2025-11-12T08:13:51","guid":{"rendered":"https:\/\/bbqentertainment.com\/?post_type=product&#038;p=255138"},"modified":"2025-11-12T11:05:23","modified_gmt":"2025-11-12T09:05:23","slug":"kupsiste-meisterdamise-komplekt","status":"publish","type":"product","link":"https:\/\/bbqentertainment.com\/en\/toode\/kupsiste-meisterdamise-komplekt\/","title":{"rendered":"K\u00fcpsiste meisterdamise komplekt"},"content":{"rendered":"<p>Toitumisalane teave K\u00fcpsisepulber ja puistejahu 100g:<\/p>\n<p>Energiasisaldus 1461kJ\/344 kcal, rasvad 1,04 g, k\u00fcllastunud rasvhapped 0 g, s\u00fcsivesikud 75,41 g, suhkrud 25,56 g, valgud 8,30 g, sool 0,57 g.<\/p>\n<p>Koostisosad: <b>nisu<\/b>jahu, rafineerimata roosuhkur, vanillisuhkur, sool.<\/p>\n<p>Toitumisalane teave Valge \u015bokolaad 100g:<\/p>\n<p>Energiasisaldus 2430,8 kJ \/ 583,2 kcal, rasv 38,5g- millest k\u00fcllastunud rasvhapped 23,4 g, s\u00fcsivesikud 53,1 g \u2013 millest suhkrud 53,1 g, valgud 6,1 g, sool 0,217 g.<\/p>\n<p>Koostisosad: suhkur, kakaov\u00f5i, <b>piimapulber<\/b>, emulgaator: <b>sojaletsitiin<\/b> E322, looduslik vanillimaitse. Kakaosisaldus v\u00e4hemalt 31%.<\/p>\n<p>&nbsp;<\/p>\n<p><em>Suhkrup\u00e4rlite koostisosad ja toitumisalane teave pakendi p\u00f5hjal.<\/em><\/p>\n","protected":false},"excerpt":{"rendered":"<h3><strong>K\u00fcpsiste meisterdamise komplekt<\/strong><\/h3>\n<p>Komplekt, mis toob r\u00f5\u00f5mu igas vanuses k\u00fcpsetajale.\u00a0 Aeg on k\u00f6\u00f6ki lipata ja lasta loovusel lennata!<\/p>\n<p>Komplekt sisaldab:<\/p>\n<ul>\n<li>k\u00fcpsiste pulber<\/li>\n<li>puistejahu<\/li>\n<li>k\u00fcpsetuspaber<\/li>\n<li>k\u00fcpsisevormid (2tk, erinevad kujud; kujud s\u00f5ltuvad partiist)<\/li>\n<li>valge \u0161okolaad kaunistamiseks<\/li>\n<li>suhkrup\u00e4rlid kaunistamiseks: \u00e4gedad \u00fckssarvikud \u2013 roosa\/valge\/kuld v\u00f5i lahedad dinosaurused sinine\/roheline\/h\u014dbe<\/li>\n<li>meisterdamise juhend<\/li>\n<li>v\u00e4rvi ise pilt, mida k\u00fcpsetaja saab senikaua v\u00e4rvida, kui k\u00fcpsised k\u00fcpsevad<\/li>\n<\/ul>\n<p>Lisaks vajad vaid 200g v\u00f5id.<\/p>\n<p>Toode s\u00e4ilib toatemperatuuril.<\/p>\n","protected":false},"featured_media":255143,"template":"","meta":{"inline_featured_image":false},"product_brand":[],"product_cat":[640],"product_tag":[],"class_list":{"0":"post-255138","1":"product","2":"type-product","3":"status-publish","4":"has-post-thumbnail","6":"product_cat-kupsetised","8":"first","9":"instock","10":"taxable","11":"shipping-taxable","12":"purchasable","13":"product-type-simple"},"yoast_head":"<!-- This site is optimized with the Yoast SEO plugin v27.4 - https:\/\/yoast.com\/product\/yoast-seo-wordpress\/ -->\n<title>K\u00fcpsiste meisterdamise komplekt - BBQ Entertainment<\/title>\n<meta name=\"robots\" content=\"index, follow, max-snippet:-1, max-image-preview:large, max-video-preview:-1\" \/>\n<link rel=\"canonical\" href=\"https:\/\/bbqentertainment.com\/toode\/kupsiste-meisterdamise-komplekt\/\" \/>\n<meta property=\"og:locale\" content=\"en_US\" \/>\n<meta property=\"og:type\" content=\"article\" \/>\n<meta property=\"og:title\" content=\"K\u00fcpsiste meisterdamise komplekt - BBQ Entertainment\" \/>\n<meta property=\"og:description\" content=\"K\u00fcpsiste meisterdamise komplekt Komplekt, mis toob r\u00f5\u00f5mu igas vanuses k\u00fcpsetajale.\u00a0 Aeg on k\u00f6\u00f6ki lipata ja lasta loovusel lennata!  Komplekt sisaldab:   k\u00fcpsiste pulber  puistejahu  k\u00fcpsetuspaber  k\u00fcpsisevormid (2tk, erinevad kujud; kujud s\u00f5ltuvad partiist)  valge \u0161okolaad kaunistamiseks  suhkrup\u00e4rlid kaunistamiseks: \u00e4gedad \u00fckssarvikud \u2013 roosa\/valge\/kuld v\u00f5i lahedad dinosaurused sinine\/roheline\/h\u014dbe  meisterdamise juhend  v\u00e4rvi ise pilt, mida k\u00fcpsetaja saab senikaua v\u00e4rvida, kui k\u00fcpsised k\u00fcpsevad  Lisaks vajad vaid 200g v\u00f5id.  Toode s\u00e4ilib toatemperatuuril.\" \/>\n<meta property=\"og:url\" content=\"https:\/\/bbqentertainment.com\/toode\/kupsiste-meisterdamise-komplekt\/\" \/>\n<meta property=\"og:site_name\" content=\"BBQ Entertainment\" \/>\n<meta property=\"article:publisher\" content=\"https:\/\/www.facebook.com\/BBQ-Entertainment-N-Catering-2437913376443540\" \/>\n<meta property=\"article:modified_time\" content=\"2025-11-12T09:05:23+00:00\" \/>\n<meta property=\"og:image\" content=\"https:\/\/bbqentertainment.com\/wp-content\/uploads\/2025\/11\/Kupsiste-meisterdamise-komplekt-sisu.jpg.webp\" \/>\n\t<meta property=\"og:image:width\" content=\"1170\" \/>\n\t<meta property=\"og:image:height\" content=\"866\" \/>\n\t<meta property=\"og:image:type\" content=\"image\/webp\" \/>\n<meta name=\"twitter:card\" content=\"summary_large_image\" \/>\n<meta name=\"twitter:label1\" content=\"Est. reading time\" \/>\n\t<meta name=\"twitter:data1\" content=\"1 minute\" \/>\n<script type=\"application\/ld+json\" class=\"yoast-schema-graph\">{\"@context\":\"https:\\\/\\\/schema.org\",\"@graph\":[{\"@type\":[\"WebPage\",\"ItemPage\"],\"@id\":\"https:\\\/\\\/bbqentertainment.com\\\/toode\\\/kupsiste-meisterdamise-komplekt\\\/\",\"url\":\"https:\\\/\\\/bbqentertainment.com\\\/toode\\\/kupsiste-meisterdamise-komplekt\\\/\",\"name\":\"K\u00fcpsiste meisterdamise komplekt - BBQ Entertainment\",\"isPartOf\":{\"@id\":\"https:\\\/\\\/bbqentertainment.com\\\/#website\"},\"primaryImageOfPage\":{\"@id\":\"https:\\\/\\\/bbqentertainment.com\\\/toode\\\/kupsiste-meisterdamise-komplekt\\\/#primaryimage\"},\"image\":{\"@id\":\"https:\\\/\\\/bbqentertainment.com\\\/toode\\\/kupsiste-meisterdamise-komplekt\\\/#primaryimage\"},\"thumbnailUrl\":\"https:\\\/\\\/bbqentertainment.com\\\/wp-content\\\/uploads\\\/2025\\\/11\\\/Kupsiste-meisterdamise-komplekt-sisu.jpg.webp\",\"datePublished\":\"2025-11-12T08:13:51+00:00\",\"dateModified\":\"2025-11-12T09:05:23+00:00\",\"breadcrumb\":{\"@id\":\"https:\\\/\\\/bbqentertainment.com\\\/toode\\\/kupsiste-meisterdamise-komplekt\\\/#breadcrumb\"},\"inLanguage\":\"en-US\",\"potentialAction\":[{\"@type\":\"ReadAction\",\"target\":[\"https:\\\/\\\/bbqentertainment.com\\\/toode\\\/kupsiste-meisterdamise-komplekt\\\/\"]}]},{\"@type\":\"ImageObject\",\"inLanguage\":\"en-US\",\"@id\":\"https:\\\/\\\/bbqentertainment.com\\\/toode\\\/kupsiste-meisterdamise-komplekt\\\/#primaryimage\",\"url\":\"https:\\\/\\\/bbqentertainment.com\\\/wp-content\\\/uploads\\\/2025\\\/11\\\/Kupsiste-meisterdamise-komplekt-sisu.jpg.webp\",\"contentUrl\":\"https:\\\/\\\/bbqentertainment.com\\\/wp-content\\\/uploads\\\/2025\\\/11\\\/Kupsiste-meisterdamise-komplekt-sisu.jpg.webp\",\"width\":1170,\"height\":866},{\"@type\":\"BreadcrumbList\",\"@id\":\"https:\\\/\\\/bbqentertainment.com\\\/toode\\\/kupsiste-meisterdamise-komplekt\\\/#breadcrumb\",\"itemListElement\":[{\"@type\":\"ListItem\",\"position\":1,\"name\":\"AVALEHT\",\"item\":\"https:\\\/\\\/bbqentertainment.com\\\/en\\\/\"},{\"@type\":\"ListItem\",\"position\":2,\"name\":\"Tooted\",\"item\":\"https:\\\/\\\/bbqentertainment.com\\\/tooted\\\/\"},{\"@type\":\"ListItem\",\"position\":3,\"name\":\"Maitseandjad\",\"item\":\"https:\\\/\\\/bbqentertainment.com\\\/en\\\/tootekategooria\\\/maitseandjad\\\/\"},{\"@type\":\"ListItem\",\"position\":4,\"name\":\"K\u00fcpsetised\",\"item\":\"https:\\\/\\\/bbqentertainment.com\\\/tootekategooria\\\/maitseandjad\\\/kupsetised\\\/\"},{\"@type\":\"ListItem\",\"position\":5,\"name\":\"K\u00fcpsiste meisterdamise komplekt\"}]},{\"@type\":\"WebSite\",\"@id\":\"https:\\\/\\\/bbqentertainment.com\\\/#website\",\"url\":\"https:\\\/\\\/bbqentertainment.com\\\/\",\"name\":\"BBQ Entertainment\",\"description\":\"BBQ is a great lifestyle, not just fun!\",\"publisher\":{\"@id\":\"https:\\\/\\\/bbqentertainment.com\\\/#organization\"},\"potentialAction\":[{\"@type\":\"SearchAction\",\"target\":{\"@type\":\"EntryPoint\",\"urlTemplate\":\"https:\\\/\\\/bbqentertainment.com\\\/?s={search_term_string}\"},\"query-input\":{\"@type\":\"PropertyValueSpecification\",\"valueRequired\":true,\"valueName\":\"search_term_string\"}}],\"inLanguage\":\"en-US\"},{\"@type\":\"Organization\",\"@id\":\"https:\\\/\\\/bbqentertainment.com\\\/#organization\",\"name\":\"BBQ Entertainment O\u00dc\",\"url\":\"https:\\\/\\\/bbqentertainment.com\\\/\",\"logo\":{\"@type\":\"ImageObject\",\"inLanguage\":\"en-US\",\"@id\":\"https:\\\/\\\/bbqentertainment.com\\\/#\\\/schema\\\/logo\\\/image\\\/\",\"url\":\"https:\\\/\\\/bbqentertainment.com\\\/wp-content\\\/uploads\\\/2020\\\/04\\\/BBQ-Entertainment-N-Catering-Enn-Tobreluts-Logo.png\",\"contentUrl\":\"https:\\\/\\\/bbqentertainment.com\\\/wp-content\\\/uploads\\\/2020\\\/04\\\/BBQ-Entertainment-N-Catering-Enn-Tobreluts-Logo.png\",\"width\":628,\"height\":266,\"caption\":\"BBQ Entertainment O\u00dc\"},\"image\":{\"@id\":\"https:\\\/\\\/bbqentertainment.com\\\/#\\\/schema\\\/logo\\\/image\\\/\"},\"sameAs\":[\"https:\\\/\\\/www.facebook.com\\\/BBQ-Entertainment-N-Catering-2437913376443540\",\"https:\\\/\\\/www.instagram.com\\\/bbqentertainmentncatering\\\/\",\"https:\\\/\\\/www.youtube.com\\\/channel\\\/UCmpuANQVhLy2Md8nrenp2jA\"]}]}<\/script>\n<!-- \/ Yoast SEO plugin. -->","yoast_head_json":{"title":"K\u00fcpsiste meisterdamise komplekt - BBQ Entertainment","robots":{"index":"index","follow":"follow","max-snippet":"max-snippet:-1","max-image-preview":"max-image-preview:large","max-video-preview":"max-video-preview:-1"},"canonical":"https:\/\/bbqentertainment.com\/toode\/kupsiste-meisterdamise-komplekt\/","og_locale":"en_US","og_type":"article","og_title":"K\u00fcpsiste meisterdamise komplekt - BBQ Entertainment","og_description":"K\u00fcpsiste meisterdamise komplekt Komplekt, mis toob r\u00f5\u00f5mu igas vanuses k\u00fcpsetajale.\u00a0 Aeg on k\u00f6\u00f6ki lipata ja lasta loovusel lennata!  Komplekt sisaldab:   k\u00fcpsiste pulber  puistejahu  k\u00fcpsetuspaber  k\u00fcpsisevormid (2tk, erinevad kujud; kujud s\u00f5ltuvad partiist)  valge \u0161okolaad kaunistamiseks  suhkrup\u00e4rlid kaunistamiseks: \u00e4gedad \u00fckssarvikud \u2013 roosa\/valge\/kuld v\u00f5i lahedad dinosaurused sinine\/roheline\/h\u014dbe  meisterdamise juhend  v\u00e4rvi ise pilt, mida k\u00fcpsetaja saab senikaua v\u00e4rvida, kui k\u00fcpsised k\u00fcpsevad  Lisaks vajad vaid 200g v\u00f5id.  Toode s\u00e4ilib toatemperatuuril.","og_url":"https:\/\/bbqentertainment.com\/toode\/kupsiste-meisterdamise-komplekt\/","og_site_name":"BBQ Entertainment","article_publisher":"https:\/\/www.facebook.com\/BBQ-Entertainment-N-Catering-2437913376443540","article_modified_time":"2025-11-12T09:05:23+00:00","og_image":[{"width":1170,"height":866,"url":"https:\/\/bbqentertainment.com\/wp-content\/uploads\/2025\/11\/Kupsiste-meisterdamise-komplekt-sisu.jpg.webp","type":"image\/webp"}],"twitter_card":"summary_large_image","twitter_misc":{"Est. reading time":"1 minute"},"schema":{"@context":"https:\/\/schema.org","@graph":[{"@type":["WebPage","ItemPage"],"@id":"https:\/\/bbqentertainment.com\/toode\/kupsiste-meisterdamise-komplekt\/","url":"https:\/\/bbqentertainment.com\/toode\/kupsiste-meisterdamise-komplekt\/","name":"K\u00fcpsiste meisterdamise komplekt - BBQ Entertainment","isPartOf":{"@id":"https:\/\/bbqentertainment.com\/#website"},"primaryImageOfPage":{"@id":"https:\/\/bbqentertainment.com\/toode\/kupsiste-meisterdamise-komplekt\/#primaryimage"},"image":{"@id":"https:\/\/bbqentertainment.com\/toode\/kupsiste-meisterdamise-komplekt\/#primaryimage"},"thumbnailUrl":"https:\/\/bbqentertainment.com\/wp-content\/uploads\/2025\/11\/Kupsiste-meisterdamise-komplekt-sisu.jpg.webp","datePublished":"2025-11-12T08:13:51+00:00","dateModified":"2025-11-12T09:05:23+00:00","breadcrumb":{"@id":"https:\/\/bbqentertainment.com\/toode\/kupsiste-meisterdamise-komplekt\/#breadcrumb"},"inLanguage":"en-US","potentialAction":[{"@type":"ReadAction","target":["https:\/\/bbqentertainment.com\/toode\/kupsiste-meisterdamise-komplekt\/"]}]},{"@type":"ImageObject","inLanguage":"en-US","@id":"https:\/\/bbqentertainment.com\/toode\/kupsiste-meisterdamise-komplekt\/#primaryimage","url":"https:\/\/bbqentertainment.com\/wp-content\/uploads\/2025\/11\/Kupsiste-meisterdamise-komplekt-sisu.jpg.webp","contentUrl":"https:\/\/bbqentertainment.com\/wp-content\/uploads\/2025\/11\/Kupsiste-meisterdamise-komplekt-sisu.jpg.webp","width":1170,"height":866},{"@type":"BreadcrumbList","@id":"https:\/\/bbqentertainment.com\/toode\/kupsiste-meisterdamise-komplekt\/#breadcrumb","itemListElement":[{"@type":"ListItem","position":1,"name":"AVALEHT","item":"https:\/\/bbqentertainment.com\/en\/"},{"@type":"ListItem","position":2,"name":"Tooted","item":"https:\/\/bbqentertainment.com\/tooted\/"},{"@type":"ListItem","position":3,"name":"Maitseandjad","item":"https:\/\/bbqentertainment.com\/en\/tootekategooria\/maitseandjad\/"},{"@type":"ListItem","position":4,"name":"K\u00fcpsetised","item":"https:\/\/bbqentertainment.com\/tootekategooria\/maitseandjad\/kupsetised\/"},{"@type":"ListItem","position":5,"name":"K\u00fcpsiste meisterdamise komplekt"}]},{"@type":"WebSite","@id":"https:\/\/bbqentertainment.com\/#website","url":"https:\/\/bbqentertainment.com\/","name":"BBQ Entertainment","description":"BBQ is a great lifestyle, not just fun!","publisher":{"@id":"https:\/\/bbqentertainment.com\/#organization"},"potentialAction":[{"@type":"SearchAction","target":{"@type":"EntryPoint","urlTemplate":"https:\/\/bbqentertainment.com\/?s={search_term_string}"},"query-input":{"@type":"PropertyValueSpecification","valueRequired":true,"valueName":"search_term_string"}}],"inLanguage":"en-US"},{"@type":"Organization","@id":"https:\/\/bbqentertainment.com\/#organization","name":"BBQ Entertainment O\u00dc","url":"https:\/\/bbqentertainment.com\/","logo":{"@type":"ImageObject","inLanguage":"en-US","@id":"https:\/\/bbqentertainment.com\/#\/schema\/logo\/image\/","url":"https:\/\/bbqentertainment.com\/wp-content\/uploads\/2020\/04\/BBQ-Entertainment-N-Catering-Enn-Tobreluts-Logo.png","contentUrl":"https:\/\/bbqentertainment.com\/wp-content\/uploads\/2020\/04\/BBQ-Entertainment-N-Catering-Enn-Tobreluts-Logo.png","width":628,"height":266,"caption":"BBQ Entertainment O\u00dc"},"image":{"@id":"https:\/\/bbqentertainment.com\/#\/schema\/logo\/image\/"},"sameAs":["https:\/\/www.facebook.com\/BBQ-Entertainment-N-Catering-2437913376443540","https:\/\/www.instagram.com\/bbqentertainmentncatering\/","https:\/\/www.youtube.com\/channel\/UCmpuANQVhLy2Md8nrenp2jA"]}]}},"_links":{"self":[{"href":"https:\/\/bbqentertainment.com\/en\/wp-json\/wp\/v2\/product\/255138","targetHints":{"allow":["GET"]}}],"collection":[{"href":"https:\/\/bbqentertainment.com\/en\/wp-json\/wp\/v2\/product"}],"about":[{"href":"https:\/\/bbqentertainment.com\/en\/wp-json\/wp\/v2\/types\/product"}],"wp:featuredmedia":[{"embeddable":true,"href":"https:\/\/bbqentertainment.com\/en\/wp-json\/wp\/v2\/media\/255143"}],"wp:attachment":[{"href":"https:\/\/bbqentertainment.com\/en\/wp-json\/wp\/v2\/media?parent=255138"}],"wp:term":[{"taxonomy":"product_brand","embeddable":true,"href":"https:\/\/bbqentertainment.com\/en\/wp-json\/wp\/v2\/product_brand?post=255138"},{"taxonomy":"product_cat","embeddable":true,"href":"https:\/\/bbqentertainment.com\/en\/wp-json\/wp\/v2\/product_cat?post=255138"},{"taxonomy":"product_tag","embeddable":true,"href":"https:\/\/bbqentertainment.com\/en\/wp-json\/wp\/v2\/product_tag?post=255138"}],"curies":[{"name":"wp","href":"https:\/\/api.w.org\/{rel}","templated":true}]}}