{"id":255150,"date":"2025-11-12T10:21:49","date_gmt":"2025-11-12T08:21:49","guid":{"rendered":"https:\/\/bbqentertainment.com\/?post_type=product&#038;p=255150"},"modified":"2025-12-23T16:16:42","modified_gmt":"2025-12-23T14:16:42","slug":"juuretisega-leiva-kupsetamise-komplekt-kanepiseemnetega","status":"publish","type":"product","link":"https:\/\/bbqentertainment.com\/en\/toode\/juuretisega-leiva-kupsetamise-komplekt-kanepiseemnetega\/","title":{"rendered":"Juuretisega leiva k\u00fcpsetamise komplekt &#8211; Kanepiseemnetega"},"content":{"rendered":"<p>Toitumisalane teave 100g:<\/p>\n<p>Energiasisaldus 1498 kJ\/355 kcal, rasvad 5,13g, k\u00fcllastunud rasvhapped 0,979g, s\u00fcsivesikud 60,0g, suhkrud 4,88g, kiudained 9,53g,<span class=\"Apple-converted-space\">\u00a0 <\/span>, valgud 12,5g, sool 1,40g.<\/p>\n<p>Koostisosad: <b>t\u00e4istera rukkijahu<\/b>, <b>nisujahu<\/b>, mitme vilja segu (kooritud p\u00e4evalilleseemned, maistang, linaseemned, peened <strong>kaerahelbed<\/strong>, <strong>odralinnase jahu<\/strong>, hirss, suhkur, emulgaator E472e), kanepiseemned 5%, <b>fermenteeritud rukkilinnas<\/b>, linaseemned, kuivjuuretis (<strong>nisut\u00e4isterajahu<\/strong>, happesuse regulaator E330, <strong>nisugluteen<\/strong>, stabilisaatorid E516, E412; <strong>rukkit\u00e4isterajahu<\/strong>, gl\u00fckoos, palmirasv, happesuse regulaator E262, ens\u00fc\u00fcmid (sh <strong>nisujahu<\/strong>), rafineerimata roosuhkur, himaalaja sool, kuivp\u00e4rm.<\/p>\n","protected":false},"excerpt":{"rendered":"<h3 class=\"product_title entry-title\"><strong>Juuretisega leiva k\u00fcpsetamise komplekt &#8211; Kanepiseemnetega\u00a0<\/strong><\/h3>\n<p>Meie esimene ja seni populaarsem k\u00fcpsetamise komplekt \u2013 Kanepiseemnetega. M\u00f5nusalt pr\u00f5ksuvad kanepiseemned annavad leivale erilise maitse tunde. Kanepiseemnetega leib sobib nii eelroaks pidup\u00e4eval, kui hommikuseks v\u00f5ileivaks argip\u00e4eval.<br \/>\nKomplektis on juuretis, jahusegud (jahud, sool, suhkur, seemned) ja k\u00fcpsetusvorm<\/p>\n","protected":false},"featured_media":255153,"template":"","meta":{"inline_featured_image":false},"product_brand":[],"product_cat":[640],"product_tag":[],"class_list":{"0":"post-255150","1":"product","2":"type-product","3":"status-publish","4":"has-post-thumbnail","6":"product_cat-kupsetised","8":"first","9":"instock","10":"taxable","11":"shipping-taxable","12":"purchasable","13":"product-type-simple"},"yoast_head":"<!-- This site is optimized with the Yoast SEO plugin v27.4 - https:\/\/yoast.com\/product\/yoast-seo-wordpress\/ -->\n<title>Juuretisega leiva k\u00fcpsetamise komplekt - Kanepiseemnetega - BBQ Entertainment<\/title>\n<meta name=\"robots\" content=\"index, follow, max-snippet:-1, max-image-preview:large, max-video-preview:-1\" \/>\n<link rel=\"canonical\" href=\"https:\/\/bbqentertainment.com\/toode\/juuretisega-leiva-kupsetamise-komplekt-kanepiseemnetega\/\" \/>\n<meta property=\"og:locale\" content=\"en_US\" \/>\n<meta property=\"og:type\" content=\"article\" \/>\n<meta property=\"og:title\" content=\"Juuretisega leiva k\u00fcpsetamise komplekt - Kanepiseemnetega - BBQ Entertainment\" \/>\n<meta property=\"og:description\" content=\"Juuretisega leiva k\u00fcpsetamise komplekt - Kanepiseemnetega\u00a0 Meie esimene ja seni populaarsem k\u00fcpsetamise komplekt \u2013 Kanepiseemnetega. M\u00f5nusalt pr\u00f5ksuvad kanepiseemned annavad leivale erilise maitse tunde. Kanepiseemnetega leib sobib nii eelroaks pidup\u00e4eval, kui hommikuseks v\u00f5ileivaks argip\u00e4eval. Komplektis on juuretis, jahusegud (jahud, sool, suhkur, seemned) ja k\u00fcpsetusvorm\" \/>\n<meta property=\"og:url\" content=\"https:\/\/bbqentertainment.com\/toode\/juuretisega-leiva-kupsetamise-komplekt-kanepiseemnetega\/\" \/>\n<meta property=\"og:site_name\" content=\"BBQ Entertainment\" \/>\n<meta property=\"article:publisher\" content=\"https:\/\/www.facebook.com\/BBQ-Entertainment-N-Catering-2437913376443540\" \/>\n<meta property=\"article:modified_time\" content=\"2025-12-23T14:16:42+00:00\" \/>\n<meta property=\"og:image\" content=\"https:\/\/bbqentertainment.com\/wp-content\/uploads\/2025\/11\/kypsetamise-komplekt-kanepiseemnetega.png.webp\" \/>\n\t<meta property=\"og:image:width\" content=\"960\" \/>\n\t<meta property=\"og:image:height\" content=\"648\" \/>\n\t<meta property=\"og:image:type\" content=\"image\/webp\" \/>\n<meta name=\"twitter:card\" content=\"summary_large_image\" \/>\n<meta name=\"twitter:label1\" content=\"Est. reading time\" \/>\n\t<meta name=\"twitter:data1\" content=\"1 minute\" \/>\n<script type=\"application\/ld+json\" class=\"yoast-schema-graph\">{\"@context\":\"https:\\\/\\\/schema.org\",\"@graph\":[{\"@type\":[\"WebPage\",\"ItemPage\"],\"@id\":\"https:\\\/\\\/bbqentertainment.com\\\/toode\\\/juuretisega-leiva-kupsetamise-komplekt-kanepiseemnetega\\\/\",\"url\":\"https:\\\/\\\/bbqentertainment.com\\\/toode\\\/juuretisega-leiva-kupsetamise-komplekt-kanepiseemnetega\\\/\",\"name\":\"Juuretisega leiva k\u00fcpsetamise komplekt - Kanepiseemnetega - BBQ Entertainment\",\"isPartOf\":{\"@id\":\"https:\\\/\\\/bbqentertainment.com\\\/#website\"},\"primaryImageOfPage\":{\"@id\":\"https:\\\/\\\/bbqentertainment.com\\\/toode\\\/juuretisega-leiva-kupsetamise-komplekt-kanepiseemnetega\\\/#primaryimage\"},\"image\":{\"@id\":\"https:\\\/\\\/bbqentertainment.com\\\/toode\\\/juuretisega-leiva-kupsetamise-komplekt-kanepiseemnetega\\\/#primaryimage\"},\"thumbnailUrl\":\"https:\\\/\\\/bbqentertainment.com\\\/wp-content\\\/uploads\\\/2025\\\/11\\\/kypsetamise-komplekt-kanepiseemnetega.png.webp\",\"datePublished\":\"2025-11-12T08:21:49+00:00\",\"dateModified\":\"2025-12-23T14:16:42+00:00\",\"breadcrumb\":{\"@id\":\"https:\\\/\\\/bbqentertainment.com\\\/toode\\\/juuretisega-leiva-kupsetamise-komplekt-kanepiseemnetega\\\/#breadcrumb\"},\"inLanguage\":\"en-US\",\"potentialAction\":[{\"@type\":\"ReadAction\",\"target\":[\"https:\\\/\\\/bbqentertainment.com\\\/toode\\\/juuretisega-leiva-kupsetamise-komplekt-kanepiseemnetega\\\/\"]}]},{\"@type\":\"ImageObject\",\"inLanguage\":\"en-US\",\"@id\":\"https:\\\/\\\/bbqentertainment.com\\\/toode\\\/juuretisega-leiva-kupsetamise-komplekt-kanepiseemnetega\\\/#primaryimage\",\"url\":\"https:\\\/\\\/bbqentertainment.com\\\/wp-content\\\/uploads\\\/2025\\\/11\\\/kypsetamise-komplekt-kanepiseemnetega.png.webp\",\"contentUrl\":\"https:\\\/\\\/bbqentertainment.com\\\/wp-content\\\/uploads\\\/2025\\\/11\\\/kypsetamise-komplekt-kanepiseemnetega.png.webp\",\"width\":960,\"height\":648},{\"@type\":\"BreadcrumbList\",\"@id\":\"https:\\\/\\\/bbqentertainment.com\\\/toode\\\/juuretisega-leiva-kupsetamise-komplekt-kanepiseemnetega\\\/#breadcrumb\",\"itemListElement\":[{\"@type\":\"ListItem\",\"position\":1,\"name\":\"AVALEHT\",\"item\":\"https:\\\/\\\/bbqentertainment.com\\\/en\\\/\"},{\"@type\":\"ListItem\",\"position\":2,\"name\":\"Tooted\",\"item\":\"https:\\\/\\\/bbqentertainment.com\\\/tooted\\\/\"},{\"@type\":\"ListItem\",\"position\":3,\"name\":\"Maitseandjad\",\"item\":\"https:\\\/\\\/bbqentertainment.com\\\/en\\\/tootekategooria\\\/maitseandjad\\\/\"},{\"@type\":\"ListItem\",\"position\":4,\"name\":\"K\u00fcpsetised\",\"item\":\"https:\\\/\\\/bbqentertainment.com\\\/tootekategooria\\\/maitseandjad\\\/kupsetised\\\/\"},{\"@type\":\"ListItem\",\"position\":5,\"name\":\"Juuretisega leiva k\u00fcpsetamise komplekt &#8211; Kanepiseemnetega\"}]},{\"@type\":\"WebSite\",\"@id\":\"https:\\\/\\\/bbqentertainment.com\\\/#website\",\"url\":\"https:\\\/\\\/bbqentertainment.com\\\/\",\"name\":\"BBQ Entertainment\",\"description\":\"BBQ is a great lifestyle, not just fun!\",\"publisher\":{\"@id\":\"https:\\\/\\\/bbqentertainment.com\\\/#organization\"},\"potentialAction\":[{\"@type\":\"SearchAction\",\"target\":{\"@type\":\"EntryPoint\",\"urlTemplate\":\"https:\\\/\\\/bbqentertainment.com\\\/?s={search_term_string}\"},\"query-input\":{\"@type\":\"PropertyValueSpecification\",\"valueRequired\":true,\"valueName\":\"search_term_string\"}}],\"inLanguage\":\"en-US\"},{\"@type\":\"Organization\",\"@id\":\"https:\\\/\\\/bbqentertainment.com\\\/#organization\",\"name\":\"BBQ Entertainment O\u00dc\",\"url\":\"https:\\\/\\\/bbqentertainment.com\\\/\",\"logo\":{\"@type\":\"ImageObject\",\"inLanguage\":\"en-US\",\"@id\":\"https:\\\/\\\/bbqentertainment.com\\\/#\\\/schema\\\/logo\\\/image\\\/\",\"url\":\"https:\\\/\\\/bbqentertainment.com\\\/wp-content\\\/uploads\\\/2020\\\/04\\\/BBQ-Entertainment-N-Catering-Enn-Tobreluts-Logo.png\",\"contentUrl\":\"https:\\\/\\\/bbqentertainment.com\\\/wp-content\\\/uploads\\\/2020\\\/04\\\/BBQ-Entertainment-N-Catering-Enn-Tobreluts-Logo.png\",\"width\":628,\"height\":266,\"caption\":\"BBQ Entertainment O\u00dc\"},\"image\":{\"@id\":\"https:\\\/\\\/bbqentertainment.com\\\/#\\\/schema\\\/logo\\\/image\\\/\"},\"sameAs\":[\"https:\\\/\\\/www.facebook.com\\\/BBQ-Entertainment-N-Catering-2437913376443540\",\"https:\\\/\\\/www.instagram.com\\\/bbqentertainmentncatering\\\/\",\"https:\\\/\\\/www.youtube.com\\\/channel\\\/UCmpuANQVhLy2Md8nrenp2jA\"]}]}<\/script>\n<!-- \/ Yoast SEO plugin. -->","yoast_head_json":{"title":"Juuretisega leiva k\u00fcpsetamise komplekt - Kanepiseemnetega - BBQ Entertainment","robots":{"index":"index","follow":"follow","max-snippet":"max-snippet:-1","max-image-preview":"max-image-preview:large","max-video-preview":"max-video-preview:-1"},"canonical":"https:\/\/bbqentertainment.com\/toode\/juuretisega-leiva-kupsetamise-komplekt-kanepiseemnetega\/","og_locale":"en_US","og_type":"article","og_title":"Juuretisega leiva k\u00fcpsetamise komplekt - Kanepiseemnetega - BBQ Entertainment","og_description":"Juuretisega leiva k\u00fcpsetamise komplekt - Kanepiseemnetega\u00a0 Meie esimene ja seni populaarsem k\u00fcpsetamise komplekt \u2013 Kanepiseemnetega. M\u00f5nusalt pr\u00f5ksuvad kanepiseemned annavad leivale erilise maitse tunde. Kanepiseemnetega leib sobib nii eelroaks pidup\u00e4eval, kui hommikuseks v\u00f5ileivaks argip\u00e4eval. Komplektis on juuretis, jahusegud (jahud, sool, suhkur, seemned) ja k\u00fcpsetusvorm","og_url":"https:\/\/bbqentertainment.com\/toode\/juuretisega-leiva-kupsetamise-komplekt-kanepiseemnetega\/","og_site_name":"BBQ Entertainment","article_publisher":"https:\/\/www.facebook.com\/BBQ-Entertainment-N-Catering-2437913376443540","article_modified_time":"2025-12-23T14:16:42+00:00","og_image":[{"width":960,"height":648,"url":"https:\/\/bbqentertainment.com\/wp-content\/uploads\/2025\/11\/kypsetamise-komplekt-kanepiseemnetega.png.webp","type":"image\/webp"}],"twitter_card":"summary_large_image","twitter_misc":{"Est. reading time":"1 minute"},"schema":{"@context":"https:\/\/schema.org","@graph":[{"@type":["WebPage","ItemPage"],"@id":"https:\/\/bbqentertainment.com\/toode\/juuretisega-leiva-kupsetamise-komplekt-kanepiseemnetega\/","url":"https:\/\/bbqentertainment.com\/toode\/juuretisega-leiva-kupsetamise-komplekt-kanepiseemnetega\/","name":"Juuretisega leiva k\u00fcpsetamise komplekt - Kanepiseemnetega - BBQ Entertainment","isPartOf":{"@id":"https:\/\/bbqentertainment.com\/#website"},"primaryImageOfPage":{"@id":"https:\/\/bbqentertainment.com\/toode\/juuretisega-leiva-kupsetamise-komplekt-kanepiseemnetega\/#primaryimage"},"image":{"@id":"https:\/\/bbqentertainment.com\/toode\/juuretisega-leiva-kupsetamise-komplekt-kanepiseemnetega\/#primaryimage"},"thumbnailUrl":"https:\/\/bbqentertainment.com\/wp-content\/uploads\/2025\/11\/kypsetamise-komplekt-kanepiseemnetega.png.webp","datePublished":"2025-11-12T08:21:49+00:00","dateModified":"2025-12-23T14:16:42+00:00","breadcrumb":{"@id":"https:\/\/bbqentertainment.com\/toode\/juuretisega-leiva-kupsetamise-komplekt-kanepiseemnetega\/#breadcrumb"},"inLanguage":"en-US","potentialAction":[{"@type":"ReadAction","target":["https:\/\/bbqentertainment.com\/toode\/juuretisega-leiva-kupsetamise-komplekt-kanepiseemnetega\/"]}]},{"@type":"ImageObject","inLanguage":"en-US","@id":"https:\/\/bbqentertainment.com\/toode\/juuretisega-leiva-kupsetamise-komplekt-kanepiseemnetega\/#primaryimage","url":"https:\/\/bbqentertainment.com\/wp-content\/uploads\/2025\/11\/kypsetamise-komplekt-kanepiseemnetega.png.webp","contentUrl":"https:\/\/bbqentertainment.com\/wp-content\/uploads\/2025\/11\/kypsetamise-komplekt-kanepiseemnetega.png.webp","width":960,"height":648},{"@type":"BreadcrumbList","@id":"https:\/\/bbqentertainment.com\/toode\/juuretisega-leiva-kupsetamise-komplekt-kanepiseemnetega\/#breadcrumb","itemListElement":[{"@type":"ListItem","position":1,"name":"AVALEHT","item":"https:\/\/bbqentertainment.com\/en\/"},{"@type":"ListItem","position":2,"name":"Tooted","item":"https:\/\/bbqentertainment.com\/tooted\/"},{"@type":"ListItem","position":3,"name":"Maitseandjad","item":"https:\/\/bbqentertainment.com\/en\/tootekategooria\/maitseandjad\/"},{"@type":"ListItem","position":4,"name":"K\u00fcpsetised","item":"https:\/\/bbqentertainment.com\/tootekategooria\/maitseandjad\/kupsetised\/"},{"@type":"ListItem","position":5,"name":"Juuretisega leiva k\u00fcpsetamise komplekt &#8211; Kanepiseemnetega"}]},{"@type":"WebSite","@id":"https:\/\/bbqentertainment.com\/#website","url":"https:\/\/bbqentertainment.com\/","name":"BBQ Entertainment","description":"BBQ is a great lifestyle, not just fun!","publisher":{"@id":"https:\/\/bbqentertainment.com\/#organization"},"potentialAction":[{"@type":"SearchAction","target":{"@type":"EntryPoint","urlTemplate":"https:\/\/bbqentertainment.com\/?s={search_term_string}"},"query-input":{"@type":"PropertyValueSpecification","valueRequired":true,"valueName":"search_term_string"}}],"inLanguage":"en-US"},{"@type":"Organization","@id":"https:\/\/bbqentertainment.com\/#organization","name":"BBQ Entertainment O\u00dc","url":"https:\/\/bbqentertainment.com\/","logo":{"@type":"ImageObject","inLanguage":"en-US","@id":"https:\/\/bbqentertainment.com\/#\/schema\/logo\/image\/","url":"https:\/\/bbqentertainment.com\/wp-content\/uploads\/2020\/04\/BBQ-Entertainment-N-Catering-Enn-Tobreluts-Logo.png","contentUrl":"https:\/\/bbqentertainment.com\/wp-content\/uploads\/2020\/04\/BBQ-Entertainment-N-Catering-Enn-Tobreluts-Logo.png","width":628,"height":266,"caption":"BBQ Entertainment O\u00dc"},"image":{"@id":"https:\/\/bbqentertainment.com\/#\/schema\/logo\/image\/"},"sameAs":["https:\/\/www.facebook.com\/BBQ-Entertainment-N-Catering-2437913376443540","https:\/\/www.instagram.com\/bbqentertainmentncatering\/","https:\/\/www.youtube.com\/channel\/UCmpuANQVhLy2Md8nrenp2jA"]}]}},"_links":{"self":[{"href":"https:\/\/bbqentertainment.com\/en\/wp-json\/wp\/v2\/product\/255150","targetHints":{"allow":["GET"]}}],"collection":[{"href":"https:\/\/bbqentertainment.com\/en\/wp-json\/wp\/v2\/product"}],"about":[{"href":"https:\/\/bbqentertainment.com\/en\/wp-json\/wp\/v2\/types\/product"}],"wp:featuredmedia":[{"embeddable":true,"href":"https:\/\/bbqentertainment.com\/en\/wp-json\/wp\/v2\/media\/255153"}],"wp:attachment":[{"href":"https:\/\/bbqentertainment.com\/en\/wp-json\/wp\/v2\/media?parent=255150"}],"wp:term":[{"taxonomy":"product_brand","embeddable":true,"href":"https:\/\/bbqentertainment.com\/en\/wp-json\/wp\/v2\/product_brand?post=255150"},{"taxonomy":"product_cat","embeddable":true,"href":"https:\/\/bbqentertainment.com\/en\/wp-json\/wp\/v2\/product_cat?post=255150"},{"taxonomy":"product_tag","embeddable":true,"href":"https:\/\/bbqentertainment.com\/en\/wp-json\/wp\/v2\/product_tag?post=255150"}],"curies":[{"name":"wp","href":"https:\/\/api.w.org\/{rel}","templated":true}]}}