{"id":255181,"date":"2025-11-13T09:37:12","date_gmt":"2025-11-13T07:37:12","guid":{"rendered":"https:\/\/bbqentertainment.com\/?post_type=product&#038;p=255181"},"modified":"2025-11-13T13:26:20","modified_gmt":"2025-11-13T11:26:20","slug":"noateritaja-diamond-edge-nr-1-knife-sharpener-must","status":"publish","type":"product","link":"https:\/\/bbqentertainment.com\/en\/toode\/noateritaja-diamond-edge-nr-1-knife-sharpener-must\/","title":{"rendered":"Noateritaja Diamond Edge Nr 1 Knife Sharpener (must)"},"content":{"rendered":"","protected":false},"excerpt":{"rendered":"<h3><strong>Noateritaja Diamond Edge Nr 1 Knife Sharpener (must) <\/strong><\/h3>\n<p style=\"font-weight: 400\">Kompaktne k\u00f6\u00f6ginoateritaja, mis taastab teravuse m\u00f5ne t\u00f5mbega. Eelh\u00e4\u00e4lestatud\u00a0<strong data-start=\"154\" data-end=\"173\">20\u00b0 teritusnurk<\/strong>\u00a0tagab \u00fchtlase tulemuse ilma lisaseadistusteta.\u00a0<strong data-start=\"221\" data-end=\"246\">Ergonoomiline k\u00e4epide<\/strong>\u00a0ja\u00a0<strong data-start=\"250\" data-end=\"274\">libisemiskindel p\u00f5hi<\/strong>\u00a0teevad kasutamise turvaliseks ka algajale.<\/p>\n<p style=\"font-weight: 400\">V\u00e4ike ja kerge, mahub k\u00f6\u00f6gisahtlisse v\u00f5i matkavarustusse.<\/p>\n<p style=\"font-weight: 400\" data-start=\"319\" data-end=\"333\">Materjal:\u00a0volframkarbiid\u00a0teritusplokid, vastupidav korpus<\/p>\n<p style=\"font-weight: 400\" data-start=\"600\" data-end=\"648\">V\u00e4rvus: must<\/p>\n<p style=\"font-weight: 400\" data-start=\"693\" data-end=\"728\">M\u00f5\u00f5dud:\u00a02,44 \u00d7 2,44 \u00d7 2,64 cm<\/p>\n<p style=\"font-weight: 400\" data-start=\"731\" data-end=\"747\">Kaal:\u00a070 g<\/p>\n<p style=\"font-weight: 400\">\n","protected":false},"featured_media":255192,"template":"","meta":{"inline_featured_image":false},"product_brand":[],"product_cat":[365],"product_tag":[],"class_list":{"0":"post-255181","1":"product","2":"type-product","3":"status-publish","4":"has-post-thumbnail","6":"product_cat-kokanoad-ja-teritajad","8":"first","9":"instock","10":"taxable","11":"shipping-taxable","12":"purchasable","13":"product-type-simple"},"yoast_head":"<!-- This site is optimized with the Yoast SEO plugin v27.4 - https:\/\/yoast.com\/product\/yoast-seo-wordpress\/ -->\n<title>Noateritaja Diamond Edge Nr 1 Knife Sharpener (must) - BBQ Entertainment<\/title>\n<meta name=\"description\" content=\"2-astmeline noateritaja 20\u00b0 nurgaga taastab teravuse m\u00f5ne t\u00f5mbega. Ergonoomiline k\u00e4epide ja libisemiskindel p\u00f5hi tagavad turvalise kasutuse.\" \/>\n<meta name=\"robots\" content=\"index, follow, max-snippet:-1, max-image-preview:large, max-video-preview:-1\" \/>\n<link rel=\"canonical\" href=\"https:\/\/bbqentertainment.com\/toode\/noateritaja-diamond-edge-nr-1-knife-sharpener-must\/\" \/>\n<meta property=\"og:locale\" content=\"en_US\" \/>\n<meta property=\"og:type\" content=\"article\" \/>\n<meta property=\"og:title\" content=\"Noateritaja Diamond Edge Nr 1 Knife Sharpener (must) - BBQ Entertainment\" \/>\n<meta property=\"og:description\" content=\"2-astmeline noateritaja 20\u00b0 nurgaga taastab teravuse m\u00f5ne t\u00f5mbega. Ergonoomiline k\u00e4epide ja libisemiskindel p\u00f5hi tagavad turvalise kasutuse.\" \/>\n<meta property=\"og:url\" content=\"https:\/\/bbqentertainment.com\/toode\/noateritaja-diamond-edge-nr-1-knife-sharpener-must\/\" \/>\n<meta property=\"og:site_name\" content=\"BBQ Entertainment\" \/>\n<meta property=\"article:publisher\" content=\"https:\/\/www.facebook.com\/BBQ-Entertainment-N-Catering-2437913376443540\" \/>\n<meta property=\"article:modified_time\" content=\"2025-11-13T11:26:20+00:00\" \/>\n<meta property=\"og:image\" content=\"https:\/\/bbqentertainment.com\/wp-content\/uploads\/2025\/11\/71UQY-HLliL._AC_SL1500_-2-e1763020493957.jpg\" \/>\n\t<meta property=\"og:image:width\" content=\"860\" \/>\n\t<meta property=\"og:image:height\" content=\"900\" \/>\n\t<meta property=\"og:image:type\" content=\"image\/jpeg\" \/>\n<meta name=\"twitter:card\" content=\"summary_large_image\" \/>\n<meta name=\"twitter:label1\" content=\"Est. reading time\" \/>\n\t<meta name=\"twitter:data1\" content=\"1 minute\" \/>\n<script type=\"application\/ld+json\" class=\"yoast-schema-graph\">{\"@context\":\"https:\\\/\\\/schema.org\",\"@graph\":[{\"@type\":[\"WebPage\",\"ItemPage\"],\"@id\":\"https:\\\/\\\/bbqentertainment.com\\\/toode\\\/noateritaja-diamond-edge-nr-1-knife-sharpener-must\\\/\",\"url\":\"https:\\\/\\\/bbqentertainment.com\\\/toode\\\/noateritaja-diamond-edge-nr-1-knife-sharpener-must\\\/\",\"name\":\"Noateritaja Diamond Edge Nr 1 Knife Sharpener (must) - BBQ Entertainment\",\"isPartOf\":{\"@id\":\"https:\\\/\\\/bbqentertainment.com\\\/#website\"},\"primaryImageOfPage\":{\"@id\":\"https:\\\/\\\/bbqentertainment.com\\\/toode\\\/noateritaja-diamond-edge-nr-1-knife-sharpener-must\\\/#primaryimage\"},\"image\":{\"@id\":\"https:\\\/\\\/bbqentertainment.com\\\/toode\\\/noateritaja-diamond-edge-nr-1-knife-sharpener-must\\\/#primaryimage\"},\"thumbnailUrl\":\"https:\\\/\\\/bbqentertainment.com\\\/wp-content\\\/uploads\\\/2025\\\/11\\\/71UQY-HLliL._AC_SL1500_-2-e1763020493957.jpg\",\"datePublished\":\"2025-11-13T07:37:12+00:00\",\"dateModified\":\"2025-11-13T11:26:20+00:00\",\"description\":\"2-astmeline noateritaja 20\u00b0 nurgaga taastab teravuse m\u00f5ne t\u00f5mbega. Ergonoomiline k\u00e4epide ja libisemiskindel p\u00f5hi tagavad turvalise kasutuse.\",\"breadcrumb\":{\"@id\":\"https:\\\/\\\/bbqentertainment.com\\\/toode\\\/noateritaja-diamond-edge-nr-1-knife-sharpener-must\\\/#breadcrumb\"},\"inLanguage\":\"en-US\",\"potentialAction\":[{\"@type\":\"ReadAction\",\"target\":[\"https:\\\/\\\/bbqentertainment.com\\\/toode\\\/noateritaja-diamond-edge-nr-1-knife-sharpener-must\\\/\"]}]},{\"@type\":\"ImageObject\",\"inLanguage\":\"en-US\",\"@id\":\"https:\\\/\\\/bbqentertainment.com\\\/toode\\\/noateritaja-diamond-edge-nr-1-knife-sharpener-must\\\/#primaryimage\",\"url\":\"https:\\\/\\\/bbqentertainment.com\\\/wp-content\\\/uploads\\\/2025\\\/11\\\/71UQY-HLliL._AC_SL1500_-2-e1763020493957.jpg\",\"contentUrl\":\"https:\\\/\\\/bbqentertainment.com\\\/wp-content\\\/uploads\\\/2025\\\/11\\\/71UQY-HLliL._AC_SL1500_-2-e1763020493957.jpg\",\"width\":1200,\"height\":1200},{\"@type\":\"BreadcrumbList\",\"@id\":\"https:\\\/\\\/bbqentertainment.com\\\/toode\\\/noateritaja-diamond-edge-nr-1-knife-sharpener-must\\\/#breadcrumb\",\"itemListElement\":[{\"@type\":\"ListItem\",\"position\":1,\"name\":\"AVALEHT\",\"item\":\"https:\\\/\\\/bbqentertainment.com\\\/en\\\/\"},{\"@type\":\"ListItem\",\"position\":2,\"name\":\"Tooted\",\"item\":\"https:\\\/\\\/bbqentertainment.com\\\/tooted\\\/\"},{\"@type\":\"ListItem\",\"position\":3,\"name\":\"Kokanoad ja -teritajad\",\"item\":\"https:\\\/\\\/bbqentertainment.com\\\/tootekategooria\\\/kokanoad-ja-teritajad\\\/\"},{\"@type\":\"ListItem\",\"position\":4,\"name\":\"Noateritaja Diamond Edge Nr 1 Knife Sharpener (must)\"}]},{\"@type\":\"WebSite\",\"@id\":\"https:\\\/\\\/bbqentertainment.com\\\/#website\",\"url\":\"https:\\\/\\\/bbqentertainment.com\\\/\",\"name\":\"BBQ Entertainment\",\"description\":\"BBQ is a great lifestyle, not just fun!\",\"publisher\":{\"@id\":\"https:\\\/\\\/bbqentertainment.com\\\/#organization\"},\"potentialAction\":[{\"@type\":\"SearchAction\",\"target\":{\"@type\":\"EntryPoint\",\"urlTemplate\":\"https:\\\/\\\/bbqentertainment.com\\\/?s={search_term_string}\"},\"query-input\":{\"@type\":\"PropertyValueSpecification\",\"valueRequired\":true,\"valueName\":\"search_term_string\"}}],\"inLanguage\":\"en-US\"},{\"@type\":\"Organization\",\"@id\":\"https:\\\/\\\/bbqentertainment.com\\\/#organization\",\"name\":\"BBQ Entertainment O\u00dc\",\"url\":\"https:\\\/\\\/bbqentertainment.com\\\/\",\"logo\":{\"@type\":\"ImageObject\",\"inLanguage\":\"en-US\",\"@id\":\"https:\\\/\\\/bbqentertainment.com\\\/#\\\/schema\\\/logo\\\/image\\\/\",\"url\":\"https:\\\/\\\/bbqentertainment.com\\\/wp-content\\\/uploads\\\/2020\\\/04\\\/BBQ-Entertainment-N-Catering-Enn-Tobreluts-Logo.png\",\"contentUrl\":\"https:\\\/\\\/bbqentertainment.com\\\/wp-content\\\/uploads\\\/2020\\\/04\\\/BBQ-Entertainment-N-Catering-Enn-Tobreluts-Logo.png\",\"width\":628,\"height\":266,\"caption\":\"BBQ Entertainment O\u00dc\"},\"image\":{\"@id\":\"https:\\\/\\\/bbqentertainment.com\\\/#\\\/schema\\\/logo\\\/image\\\/\"},\"sameAs\":[\"https:\\\/\\\/www.facebook.com\\\/BBQ-Entertainment-N-Catering-2437913376443540\",\"https:\\\/\\\/www.instagram.com\\\/bbqentertainmentncatering\\\/\",\"https:\\\/\\\/www.youtube.com\\\/channel\\\/UCmpuANQVhLy2Md8nrenp2jA\"]}]}<\/script>\n<!-- \/ Yoast SEO plugin. -->","yoast_head_json":{"title":"Noateritaja Diamond Edge Nr 1 Knife Sharpener (must) - BBQ Entertainment","description":"2-astmeline noateritaja 20\u00b0 nurgaga taastab teravuse m\u00f5ne t\u00f5mbega. Ergonoomiline k\u00e4epide ja libisemiskindel p\u00f5hi tagavad turvalise kasutuse.","robots":{"index":"index","follow":"follow","max-snippet":"max-snippet:-1","max-image-preview":"max-image-preview:large","max-video-preview":"max-video-preview:-1"},"canonical":"https:\/\/bbqentertainment.com\/toode\/noateritaja-diamond-edge-nr-1-knife-sharpener-must\/","og_locale":"en_US","og_type":"article","og_title":"Noateritaja Diamond Edge Nr 1 Knife Sharpener (must) - BBQ Entertainment","og_description":"2-astmeline noateritaja 20\u00b0 nurgaga taastab teravuse m\u00f5ne t\u00f5mbega. Ergonoomiline k\u00e4epide ja libisemiskindel p\u00f5hi tagavad turvalise kasutuse.","og_url":"https:\/\/bbqentertainment.com\/toode\/noateritaja-diamond-edge-nr-1-knife-sharpener-must\/","og_site_name":"BBQ Entertainment","article_publisher":"https:\/\/www.facebook.com\/BBQ-Entertainment-N-Catering-2437913376443540","article_modified_time":"2025-11-13T11:26:20+00:00","og_image":[{"width":860,"height":900,"url":"https:\/\/bbqentertainment.com\/wp-content\/uploads\/2025\/11\/71UQY-HLliL._AC_SL1500_-2-e1763020493957.jpg","type":"image\/jpeg"}],"twitter_card":"summary_large_image","twitter_misc":{"Est. reading time":"1 minute"},"schema":{"@context":"https:\/\/schema.org","@graph":[{"@type":["WebPage","ItemPage"],"@id":"https:\/\/bbqentertainment.com\/toode\/noateritaja-diamond-edge-nr-1-knife-sharpener-must\/","url":"https:\/\/bbqentertainment.com\/toode\/noateritaja-diamond-edge-nr-1-knife-sharpener-must\/","name":"Noateritaja Diamond Edge Nr 1 Knife Sharpener (must) - BBQ Entertainment","isPartOf":{"@id":"https:\/\/bbqentertainment.com\/#website"},"primaryImageOfPage":{"@id":"https:\/\/bbqentertainment.com\/toode\/noateritaja-diamond-edge-nr-1-knife-sharpener-must\/#primaryimage"},"image":{"@id":"https:\/\/bbqentertainment.com\/toode\/noateritaja-diamond-edge-nr-1-knife-sharpener-must\/#primaryimage"},"thumbnailUrl":"https:\/\/bbqentertainment.com\/wp-content\/uploads\/2025\/11\/71UQY-HLliL._AC_SL1500_-2-e1763020493957.jpg","datePublished":"2025-11-13T07:37:12+00:00","dateModified":"2025-11-13T11:26:20+00:00","description":"2-astmeline noateritaja 20\u00b0 nurgaga taastab teravuse m\u00f5ne t\u00f5mbega. Ergonoomiline k\u00e4epide ja libisemiskindel p\u00f5hi tagavad turvalise kasutuse.","breadcrumb":{"@id":"https:\/\/bbqentertainment.com\/toode\/noateritaja-diamond-edge-nr-1-knife-sharpener-must\/#breadcrumb"},"inLanguage":"en-US","potentialAction":[{"@type":"ReadAction","target":["https:\/\/bbqentertainment.com\/toode\/noateritaja-diamond-edge-nr-1-knife-sharpener-must\/"]}]},{"@type":"ImageObject","inLanguage":"en-US","@id":"https:\/\/bbqentertainment.com\/toode\/noateritaja-diamond-edge-nr-1-knife-sharpener-must\/#primaryimage","url":"https:\/\/bbqentertainment.com\/wp-content\/uploads\/2025\/11\/71UQY-HLliL._AC_SL1500_-2-e1763020493957.jpg","contentUrl":"https:\/\/bbqentertainment.com\/wp-content\/uploads\/2025\/11\/71UQY-HLliL._AC_SL1500_-2-e1763020493957.jpg","width":1200,"height":1200},{"@type":"BreadcrumbList","@id":"https:\/\/bbqentertainment.com\/toode\/noateritaja-diamond-edge-nr-1-knife-sharpener-must\/#breadcrumb","itemListElement":[{"@type":"ListItem","position":1,"name":"AVALEHT","item":"https:\/\/bbqentertainment.com\/en\/"},{"@type":"ListItem","position":2,"name":"Tooted","item":"https:\/\/bbqentertainment.com\/tooted\/"},{"@type":"ListItem","position":3,"name":"Kokanoad ja -teritajad","item":"https:\/\/bbqentertainment.com\/tootekategooria\/kokanoad-ja-teritajad\/"},{"@type":"ListItem","position":4,"name":"Noateritaja Diamond Edge Nr 1 Knife Sharpener (must)"}]},{"@type":"WebSite","@id":"https:\/\/bbqentertainment.com\/#website","url":"https:\/\/bbqentertainment.com\/","name":"BBQ Entertainment","description":"BBQ is a great lifestyle, not just fun!","publisher":{"@id":"https:\/\/bbqentertainment.com\/#organization"},"potentialAction":[{"@type":"SearchAction","target":{"@type":"EntryPoint","urlTemplate":"https:\/\/bbqentertainment.com\/?s={search_term_string}"},"query-input":{"@type":"PropertyValueSpecification","valueRequired":true,"valueName":"search_term_string"}}],"inLanguage":"en-US"},{"@type":"Organization","@id":"https:\/\/bbqentertainment.com\/#organization","name":"BBQ Entertainment O\u00dc","url":"https:\/\/bbqentertainment.com\/","logo":{"@type":"ImageObject","inLanguage":"en-US","@id":"https:\/\/bbqentertainment.com\/#\/schema\/logo\/image\/","url":"https:\/\/bbqentertainment.com\/wp-content\/uploads\/2020\/04\/BBQ-Entertainment-N-Catering-Enn-Tobreluts-Logo.png","contentUrl":"https:\/\/bbqentertainment.com\/wp-content\/uploads\/2020\/04\/BBQ-Entertainment-N-Catering-Enn-Tobreluts-Logo.png","width":628,"height":266,"caption":"BBQ Entertainment O\u00dc"},"image":{"@id":"https:\/\/bbqentertainment.com\/#\/schema\/logo\/image\/"},"sameAs":["https:\/\/www.facebook.com\/BBQ-Entertainment-N-Catering-2437913376443540","https:\/\/www.instagram.com\/bbqentertainmentncatering\/","https:\/\/www.youtube.com\/channel\/UCmpuANQVhLy2Md8nrenp2jA"]}]}},"_links":{"self":[{"href":"https:\/\/bbqentertainment.com\/en\/wp-json\/wp\/v2\/product\/255181","targetHints":{"allow":["GET"]}}],"collection":[{"href":"https:\/\/bbqentertainment.com\/en\/wp-json\/wp\/v2\/product"}],"about":[{"href":"https:\/\/bbqentertainment.com\/en\/wp-json\/wp\/v2\/types\/product"}],"wp:featuredmedia":[{"embeddable":true,"href":"https:\/\/bbqentertainment.com\/en\/wp-json\/wp\/v2\/media\/255192"}],"wp:attachment":[{"href":"https:\/\/bbqentertainment.com\/en\/wp-json\/wp\/v2\/media?parent=255181"}],"wp:term":[{"taxonomy":"product_brand","embeddable":true,"href":"https:\/\/bbqentertainment.com\/en\/wp-json\/wp\/v2\/product_brand?post=255181"},{"taxonomy":"product_cat","embeddable":true,"href":"https:\/\/bbqentertainment.com\/en\/wp-json\/wp\/v2\/product_cat?post=255181"},{"taxonomy":"product_tag","embeddable":true,"href":"https:\/\/bbqentertainment.com\/en\/wp-json\/wp\/v2\/product_tag?post=255181"}],"curies":[{"name":"wp","href":"https:\/\/api.w.org\/{rel}","templated":true}]}}