{"id":255298,"date":"2025-11-26T19:04:29","date_gmt":"2025-11-26T17:04:29","guid":{"rendered":"https:\/\/bbqentertainment.com\/?post_type=product&#038;p=255298"},"modified":"2026-03-12T17:14:42","modified_gmt":"2026-03-12T15:14:42","slug":"big-green-egg-soegrill-big-green-egg-xl","status":"publish","type":"product","link":"https:\/\/bbqentertainment.com\/en\/toode\/big-green-egg-soegrill-big-green-egg-xl\/","title":{"rendered":"Big Green Egg S\u00f6egrill Big Green Egg XL"},"content":{"rendered":"","protected":false},"excerpt":{"rendered":"<h3>Big Green Egg S\u00f6egrill Big Green Egg XL<\/h3>\n<p>Kas sul on suur pere ja\/v\u00f5i s\u00f5pruskond? Kas toidu valmistamine on osa su t\u00f6\u00f6st? Kas sulle meeldib \u00fchekorraga paljudele inimestele toitu valmistada? Kui vastasid &#8220;jah&#8221; \u00fchele neist k\u00fcsimustest, on Big Green Egg XLarge sinu t\u00e4iuslik abiline. Kuna selle t\u00f6\u00f6r\u00fcgaja rest on Large&#8217;i omast 30 protsenti suurem, v\u00f5imaldab XLarge maitsvalt k\u00fcpsetatud toitu \u00fchekorraga v\u00e4ga suurele hulgale inimestele serveerida. XLarge&#8217;il on k\u00fcpsetuspinna l\u00e4bim\u00f5\u00f5t 61 cm ja seep\u00e4rast ei ole suurte lihat\u00fckkide, suure kala v\u00f5i korraga mitme pitsa valmistamine enam kauge unistus, vaid reaalne v\u00f5imalus. Ja kui sa peaksid sattuma olukorda, kui ka 61 cm j\u00e4\u00e4b v\u00e4heseks, saad k\u00fcpsetuspinda laiendada spetsiaalse 5-osalise EGGspanderi komplektiga \u2013 t\u00f5stad sel moel ka oma toiduvalmistamisoskused t\u00e4iesti uuele tasandile. Mis arvad, kui lisaksid oma XLarge-EGGile t\u00e4nuv\u00e4\u00e4rsed abilised ehk k\u00fcljelauad? Need annavad palju t\u00f6\u00f6pinda juurde ja sul on suurep\u00e4rane koht, kuhu riputada vajaminevad t\u00f6\u00f6riistad v\u00f5i panna ootele toorained. Samuti on hea m\u00f5te Big Green Egg XLarge meie akaatsiapuidust laua sisse paigutada v\u00f5i oma v\u00e4lik\u00f6\u00f6ki sobitada! Kuidas tundub?<\/p>\n","protected":false},"featured_media":255619,"template":"","meta":{"inline_featured_image":false},"product_brand":[],"product_cat":[661],"product_tag":[],"class_list":{"0":"post-255298","1":"product","2":"type-product","3":"status-publish","4":"has-post-thumbnail","6":"product_cat-big-green-egg","8":"first","9":"instock","10":"taxable","11":"shipping-taxable","12":"purchasable","13":"product-type-simple"},"yoast_head":"<!-- This site is optimized with the Yoast SEO plugin v27.4 - https:\/\/yoast.com\/product\/yoast-seo-wordpress\/ -->\n<title>Big Green Egg S\u00f6egrill Big Green Egg XL - BBQ Entertainment<\/title>\n<meta name=\"robots\" content=\"index, follow, max-snippet:-1, max-image-preview:large, max-video-preview:-1\" \/>\n<link rel=\"canonical\" href=\"https:\/\/bbqentertainment.com\/toode\/big-green-egg-soegrill-big-green-egg-xl\/\" \/>\n<meta property=\"og:locale\" content=\"en_US\" \/>\n<meta property=\"og:type\" content=\"article\" \/>\n<meta property=\"og:title\" content=\"Big Green Egg S\u00f6egrill Big Green Egg XL - BBQ Entertainment\" \/>\n<meta property=\"og:description\" content=\"Big Green Egg S\u00f6egrill Big Green Egg XL Kas sul on suur pere ja\/v\u00f5i s\u00f5pruskond? Kas toidu valmistamine on osa su t\u00f6\u00f6st? Kas sulle meeldib \u00fchekorraga paljudele inimestele toitu valmistada? Kui vastasid &quot;jah&quot; \u00fchele neist k\u00fcsimustest, on Big Green Egg XLarge sinu t\u00e4iuslik abiline. Kuna selle t\u00f6\u00f6r\u00fcgaja rest on Large&#039;i omast 30 protsenti suurem, v\u00f5imaldab XLarge maitsvalt k\u00fcpsetatud toitu \u00fchekorraga v\u00e4ga suurele hulgale inimestele serveerida. XLarge&#039;il on k\u00fcpsetuspinna l\u00e4bim\u00f5\u00f5t 61 cm ja seep\u00e4rast ei ole suurte lihat\u00fckkide, suure kala v\u00f5i korraga mitme pitsa valmistamine enam kauge unistus, vaid reaalne v\u00f5imalus. Ja kui sa peaksid sattuma olukorda, kui ka 61 cm j\u00e4\u00e4b v\u00e4heseks, saad k\u00fcpsetuspinda laiendada spetsiaalse 5-osalise EGGspanderi komplektiga \u2013 t\u00f5stad sel moel ka oma toiduvalmistamisoskused t\u00e4iesti uuele tasandile. Mis arvad, kui lisaksid oma XLarge-EGGile t\u00e4nuv\u00e4\u00e4rsed abilised ehk k\u00fcljelauad? Need annavad palju t\u00f6\u00f6pinda juurde ja sul on suurep\u00e4rane koht, kuhu riputada vajaminevad t\u00f6\u00f6riistad v\u00f5i panna ootele toorained. Samuti on hea m\u00f5te Big Green Egg XLarge meie akaatsiapuidust laua sisse paigutada v\u00f5i oma v\u00e4lik\u00f6\u00f6ki sobitada! Kuidas tundub?\" \/>\n<meta property=\"og:url\" content=\"https:\/\/bbqentertainment.com\/toode\/big-green-egg-soegrill-big-green-egg-xl\/\" \/>\n<meta property=\"og:site_name\" content=\"BBQ Entertainment\" \/>\n<meta property=\"article:publisher\" content=\"https:\/\/www.facebook.com\/BBQ-Entertainment-N-Catering-2437913376443540\" \/>\n<meta property=\"article:modified_time\" content=\"2026-03-12T15:14:42+00:00\" \/>\n<meta property=\"og:image\" content=\"https:\/\/bbqentertainment.com\/wp-content\/uploads\/2025\/11\/XLarge-Big-Green-Egg.png\" \/>\n\t<meta property=\"og:image:width\" content=\"800\" \/>\n\t<meta property=\"og:image:height\" content=\"800\" \/>\n\t<meta property=\"og:image:type\" content=\"image\/png\" \/>\n<meta name=\"twitter:card\" content=\"summary_large_image\" \/>\n<meta name=\"twitter:label1\" content=\"Est. reading time\" \/>\n\t<meta name=\"twitter:data1\" content=\"1 minute\" \/>\n<script type=\"application\/ld+json\" class=\"yoast-schema-graph\">{\"@context\":\"https:\\\/\\\/schema.org\",\"@graph\":[{\"@type\":[\"WebPage\",\"ItemPage\"],\"@id\":\"https:\\\/\\\/bbqentertainment.com\\\/toode\\\/big-green-egg-soegrill-big-green-egg-xl\\\/\",\"url\":\"https:\\\/\\\/bbqentertainment.com\\\/toode\\\/big-green-egg-soegrill-big-green-egg-xl\\\/\",\"name\":\"Big Green Egg S\u00f6egrill Big Green Egg XL - BBQ Entertainment\",\"isPartOf\":{\"@id\":\"https:\\\/\\\/bbqentertainment.com\\\/#website\"},\"primaryImageOfPage\":{\"@id\":\"https:\\\/\\\/bbqentertainment.com\\\/toode\\\/big-green-egg-soegrill-big-green-egg-xl\\\/#primaryimage\"},\"image\":{\"@id\":\"https:\\\/\\\/bbqentertainment.com\\\/toode\\\/big-green-egg-soegrill-big-green-egg-xl\\\/#primaryimage\"},\"thumbnailUrl\":\"https:\\\/\\\/bbqentertainment.com\\\/wp-content\\\/uploads\\\/2025\\\/11\\\/XLarge-Big-Green-Egg.png\",\"datePublished\":\"2025-11-26T17:04:29+00:00\",\"dateModified\":\"2026-03-12T15:14:42+00:00\",\"breadcrumb\":{\"@id\":\"https:\\\/\\\/bbqentertainment.com\\\/toode\\\/big-green-egg-soegrill-big-green-egg-xl\\\/#breadcrumb\"},\"inLanguage\":\"en-US\",\"potentialAction\":[{\"@type\":\"ReadAction\",\"target\":[\"https:\\\/\\\/bbqentertainment.com\\\/toode\\\/big-green-egg-soegrill-big-green-egg-xl\\\/\"]}]},{\"@type\":\"ImageObject\",\"inLanguage\":\"en-US\",\"@id\":\"https:\\\/\\\/bbqentertainment.com\\\/toode\\\/big-green-egg-soegrill-big-green-egg-xl\\\/#primaryimage\",\"url\":\"https:\\\/\\\/bbqentertainment.com\\\/wp-content\\\/uploads\\\/2025\\\/11\\\/XLarge-Big-Green-Egg.png\",\"contentUrl\":\"https:\\\/\\\/bbqentertainment.com\\\/wp-content\\\/uploads\\\/2025\\\/11\\\/XLarge-Big-Green-Egg.png\",\"width\":800,\"height\":800},{\"@type\":\"BreadcrumbList\",\"@id\":\"https:\\\/\\\/bbqentertainment.com\\\/toode\\\/big-green-egg-soegrill-big-green-egg-xl\\\/#breadcrumb\",\"itemListElement\":[{\"@type\":\"ListItem\",\"position\":1,\"name\":\"AVALEHT\",\"item\":\"https:\\\/\\\/bbqentertainment.com\\\/en\\\/\"},{\"@type\":\"ListItem\",\"position\":2,\"name\":\"Tooted\",\"item\":\"https:\\\/\\\/bbqentertainment.com\\\/tooted\\\/\"},{\"@type\":\"ListItem\",\"position\":3,\"name\":\"Grillid ja ahjud\",\"item\":\"https:\\\/\\\/bbqentertainment.com\\\/tootekategooria\\\/grillid-ja-ahjud\\\/\"},{\"@type\":\"ListItem\",\"position\":4,\"name\":\"Big Green Egg\",\"item\":\"https:\\\/\\\/bbqentertainment.com\\\/tootekategooria\\\/grillid-ja-ahjud\\\/big-green-egg\\\/\"},{\"@type\":\"ListItem\",\"position\":5,\"name\":\"Big Green Egg S\u00f6egrill Big Green Egg XL\"}]},{\"@type\":\"WebSite\",\"@id\":\"https:\\\/\\\/bbqentertainment.com\\\/#website\",\"url\":\"https:\\\/\\\/bbqentertainment.com\\\/\",\"name\":\"BBQ Entertainment\",\"description\":\"BBQ is a great lifestyle, not just fun!\",\"publisher\":{\"@id\":\"https:\\\/\\\/bbqentertainment.com\\\/#organization\"},\"potentialAction\":[{\"@type\":\"SearchAction\",\"target\":{\"@type\":\"EntryPoint\",\"urlTemplate\":\"https:\\\/\\\/bbqentertainment.com\\\/?s={search_term_string}\"},\"query-input\":{\"@type\":\"PropertyValueSpecification\",\"valueRequired\":true,\"valueName\":\"search_term_string\"}}],\"inLanguage\":\"en-US\"},{\"@type\":\"Organization\",\"@id\":\"https:\\\/\\\/bbqentertainment.com\\\/#organization\",\"name\":\"BBQ Entertainment O\u00dc\",\"url\":\"https:\\\/\\\/bbqentertainment.com\\\/\",\"logo\":{\"@type\":\"ImageObject\",\"inLanguage\":\"en-US\",\"@id\":\"https:\\\/\\\/bbqentertainment.com\\\/#\\\/schema\\\/logo\\\/image\\\/\",\"url\":\"https:\\\/\\\/bbqentertainment.com\\\/wp-content\\\/uploads\\\/2020\\\/04\\\/BBQ-Entertainment-N-Catering-Enn-Tobreluts-Logo.png\",\"contentUrl\":\"https:\\\/\\\/bbqentertainment.com\\\/wp-content\\\/uploads\\\/2020\\\/04\\\/BBQ-Entertainment-N-Catering-Enn-Tobreluts-Logo.png\",\"width\":628,\"height\":266,\"caption\":\"BBQ Entertainment O\u00dc\"},\"image\":{\"@id\":\"https:\\\/\\\/bbqentertainment.com\\\/#\\\/schema\\\/logo\\\/image\\\/\"},\"sameAs\":[\"https:\\\/\\\/www.facebook.com\\\/BBQ-Entertainment-N-Catering-2437913376443540\",\"https:\\\/\\\/www.instagram.com\\\/bbqentertainmentncatering\\\/\",\"https:\\\/\\\/www.youtube.com\\\/channel\\\/UCmpuANQVhLy2Md8nrenp2jA\"]}]}<\/script>\n<!-- \/ Yoast SEO plugin. -->","yoast_head_json":{"title":"Big Green Egg S\u00f6egrill Big Green Egg XL - BBQ Entertainment","robots":{"index":"index","follow":"follow","max-snippet":"max-snippet:-1","max-image-preview":"max-image-preview:large","max-video-preview":"max-video-preview:-1"},"canonical":"https:\/\/bbqentertainment.com\/toode\/big-green-egg-soegrill-big-green-egg-xl\/","og_locale":"en_US","og_type":"article","og_title":"Big Green Egg S\u00f6egrill Big Green Egg XL - BBQ Entertainment","og_description":"Big Green Egg S\u00f6egrill Big Green Egg XL Kas sul on suur pere ja\/v\u00f5i s\u00f5pruskond? Kas toidu valmistamine on osa su t\u00f6\u00f6st? Kas sulle meeldib \u00fchekorraga paljudele inimestele toitu valmistada? Kui vastasid \"jah\" \u00fchele neist k\u00fcsimustest, on Big Green Egg XLarge sinu t\u00e4iuslik abiline. Kuna selle t\u00f6\u00f6r\u00fcgaja rest on Large'i omast 30 protsenti suurem, v\u00f5imaldab XLarge maitsvalt k\u00fcpsetatud toitu \u00fchekorraga v\u00e4ga suurele hulgale inimestele serveerida. XLarge'il on k\u00fcpsetuspinna l\u00e4bim\u00f5\u00f5t 61 cm ja seep\u00e4rast ei ole suurte lihat\u00fckkide, suure kala v\u00f5i korraga mitme pitsa valmistamine enam kauge unistus, vaid reaalne v\u00f5imalus. Ja kui sa peaksid sattuma olukorda, kui ka 61 cm j\u00e4\u00e4b v\u00e4heseks, saad k\u00fcpsetuspinda laiendada spetsiaalse 5-osalise EGGspanderi komplektiga \u2013 t\u00f5stad sel moel ka oma toiduvalmistamisoskused t\u00e4iesti uuele tasandile. Mis arvad, kui lisaksid oma XLarge-EGGile t\u00e4nuv\u00e4\u00e4rsed abilised ehk k\u00fcljelauad? Need annavad palju t\u00f6\u00f6pinda juurde ja sul on suurep\u00e4rane koht, kuhu riputada vajaminevad t\u00f6\u00f6riistad v\u00f5i panna ootele toorained. Samuti on hea m\u00f5te Big Green Egg XLarge meie akaatsiapuidust laua sisse paigutada v\u00f5i oma v\u00e4lik\u00f6\u00f6ki sobitada! Kuidas tundub?","og_url":"https:\/\/bbqentertainment.com\/toode\/big-green-egg-soegrill-big-green-egg-xl\/","og_site_name":"BBQ Entertainment","article_publisher":"https:\/\/www.facebook.com\/BBQ-Entertainment-N-Catering-2437913376443540","article_modified_time":"2026-03-12T15:14:42+00:00","og_image":[{"width":800,"height":800,"url":"https:\/\/bbqentertainment.com\/wp-content\/uploads\/2025\/11\/XLarge-Big-Green-Egg.png","type":"image\/png"}],"twitter_card":"summary_large_image","twitter_misc":{"Est. reading time":"1 minute"},"schema":{"@context":"https:\/\/schema.org","@graph":[{"@type":["WebPage","ItemPage"],"@id":"https:\/\/bbqentertainment.com\/toode\/big-green-egg-soegrill-big-green-egg-xl\/","url":"https:\/\/bbqentertainment.com\/toode\/big-green-egg-soegrill-big-green-egg-xl\/","name":"Big Green Egg S\u00f6egrill Big Green Egg XL - BBQ Entertainment","isPartOf":{"@id":"https:\/\/bbqentertainment.com\/#website"},"primaryImageOfPage":{"@id":"https:\/\/bbqentertainment.com\/toode\/big-green-egg-soegrill-big-green-egg-xl\/#primaryimage"},"image":{"@id":"https:\/\/bbqentertainment.com\/toode\/big-green-egg-soegrill-big-green-egg-xl\/#primaryimage"},"thumbnailUrl":"https:\/\/bbqentertainment.com\/wp-content\/uploads\/2025\/11\/XLarge-Big-Green-Egg.png","datePublished":"2025-11-26T17:04:29+00:00","dateModified":"2026-03-12T15:14:42+00:00","breadcrumb":{"@id":"https:\/\/bbqentertainment.com\/toode\/big-green-egg-soegrill-big-green-egg-xl\/#breadcrumb"},"inLanguage":"en-US","potentialAction":[{"@type":"ReadAction","target":["https:\/\/bbqentertainment.com\/toode\/big-green-egg-soegrill-big-green-egg-xl\/"]}]},{"@type":"ImageObject","inLanguage":"en-US","@id":"https:\/\/bbqentertainment.com\/toode\/big-green-egg-soegrill-big-green-egg-xl\/#primaryimage","url":"https:\/\/bbqentertainment.com\/wp-content\/uploads\/2025\/11\/XLarge-Big-Green-Egg.png","contentUrl":"https:\/\/bbqentertainment.com\/wp-content\/uploads\/2025\/11\/XLarge-Big-Green-Egg.png","width":800,"height":800},{"@type":"BreadcrumbList","@id":"https:\/\/bbqentertainment.com\/toode\/big-green-egg-soegrill-big-green-egg-xl\/#breadcrumb","itemListElement":[{"@type":"ListItem","position":1,"name":"AVALEHT","item":"https:\/\/bbqentertainment.com\/en\/"},{"@type":"ListItem","position":2,"name":"Tooted","item":"https:\/\/bbqentertainment.com\/tooted\/"},{"@type":"ListItem","position":3,"name":"Grillid ja ahjud","item":"https:\/\/bbqentertainment.com\/tootekategooria\/grillid-ja-ahjud\/"},{"@type":"ListItem","position":4,"name":"Big Green Egg","item":"https:\/\/bbqentertainment.com\/tootekategooria\/grillid-ja-ahjud\/big-green-egg\/"},{"@type":"ListItem","position":5,"name":"Big Green Egg S\u00f6egrill Big Green Egg XL"}]},{"@type":"WebSite","@id":"https:\/\/bbqentertainment.com\/#website","url":"https:\/\/bbqentertainment.com\/","name":"BBQ Entertainment","description":"BBQ is a great lifestyle, not just fun!","publisher":{"@id":"https:\/\/bbqentertainment.com\/#organization"},"potentialAction":[{"@type":"SearchAction","target":{"@type":"EntryPoint","urlTemplate":"https:\/\/bbqentertainment.com\/?s={search_term_string}"},"query-input":{"@type":"PropertyValueSpecification","valueRequired":true,"valueName":"search_term_string"}}],"inLanguage":"en-US"},{"@type":"Organization","@id":"https:\/\/bbqentertainment.com\/#organization","name":"BBQ Entertainment O\u00dc","url":"https:\/\/bbqentertainment.com\/","logo":{"@type":"ImageObject","inLanguage":"en-US","@id":"https:\/\/bbqentertainment.com\/#\/schema\/logo\/image\/","url":"https:\/\/bbqentertainment.com\/wp-content\/uploads\/2020\/04\/BBQ-Entertainment-N-Catering-Enn-Tobreluts-Logo.png","contentUrl":"https:\/\/bbqentertainment.com\/wp-content\/uploads\/2020\/04\/BBQ-Entertainment-N-Catering-Enn-Tobreluts-Logo.png","width":628,"height":266,"caption":"BBQ Entertainment O\u00dc"},"image":{"@id":"https:\/\/bbqentertainment.com\/#\/schema\/logo\/image\/"},"sameAs":["https:\/\/www.facebook.com\/BBQ-Entertainment-N-Catering-2437913376443540","https:\/\/www.instagram.com\/bbqentertainmentncatering\/","https:\/\/www.youtube.com\/channel\/UCmpuANQVhLy2Md8nrenp2jA"]}]}},"_links":{"self":[{"href":"https:\/\/bbqentertainment.com\/en\/wp-json\/wp\/v2\/product\/255298","targetHints":{"allow":["GET"]}}],"collection":[{"href":"https:\/\/bbqentertainment.com\/en\/wp-json\/wp\/v2\/product"}],"about":[{"href":"https:\/\/bbqentertainment.com\/en\/wp-json\/wp\/v2\/types\/product"}],"wp:featuredmedia":[{"embeddable":true,"href":"https:\/\/bbqentertainment.com\/en\/wp-json\/wp\/v2\/media\/255619"}],"wp:attachment":[{"href":"https:\/\/bbqentertainment.com\/en\/wp-json\/wp\/v2\/media?parent=255298"}],"wp:term":[{"taxonomy":"product_brand","embeddable":true,"href":"https:\/\/bbqentertainment.com\/en\/wp-json\/wp\/v2\/product_brand?post=255298"},{"taxonomy":"product_cat","embeddable":true,"href":"https:\/\/bbqentertainment.com\/en\/wp-json\/wp\/v2\/product_cat?post=255298"},{"taxonomy":"product_tag","embeddable":true,"href":"https:\/\/bbqentertainment.com\/en\/wp-json\/wp\/v2\/product_tag?post=255298"}],"curies":[{"name":"wp","href":"https:\/\/api.w.org\/{rel}","templated":true}]}}