{"id":255299,"date":"2025-11-26T19:04:30","date_gmt":"2025-11-26T17:04:30","guid":{"rendered":"https:\/\/bbqentertainment.com\/?post_type=product&#038;p=255299"},"modified":"2026-03-12T16:50:22","modified_gmt":"2026-03-12T14:50:22","slug":"big-green-egg-eggi-moodulsusteemi-kuljelaud","status":"publish","type":"product","link":"https:\/\/bbqentertainment.com\/en\/toode\/big-green-egg-eggi-moodulsusteemi-kuljelaud\/","title":{"rendered":"Big Green Egg EGGi Mooduls\u00fcsteemi k\u00fcljelaud"},"content":{"rendered":"","protected":false},"excerpt":{"rendered":"<h3>Big Green Egg EGGi Mooduls\u00fcsteemi k\u00fcljelaud<\/h3>\n<p>EGGi mooduls\u00fcsteemi k\u00fcljelaua saad sa paigaldada nii vasakule kui ka paremale poole EGGi raami k\u00fclge. Sul on veel rohkem ruumi vaja? Pane k\u00fcljelauad m\u00f5lemale poole raami. Big Green EGG istub mugavalt oma raami sees, aga sina tunned aeg-ajalt, et vajad lisat\u00f6\u00f6pinda? EGGi mooduls\u00fcsteemi k\u00fcljelauad on sulle abiks. Pulberv\u00e4rvitud alumiiniumist ja tugevast akaatsiapuidust valmistatud k\u00fcljelaud pakub sulle 40,5&#215;63,5 cm suuruse lisapinna, mis kannatab kuni 18 kg raskust. Sinu \u00fclesandeks j\u00e4\u00e4b ainult k\u00fcljelaud EGGi raami k\u00fclge kinnitada. Kui l\u00f5petad kokkamise, v\u00f5id k\u00fcljelaua lahtiselt j\u00e4tta v\u00f5i siis selle ruumi s\u00e4\u00e4stmiseks alla keerata.<\/p>\n","protected":false},"featured_media":255629,"template":"","meta":{"inline_featured_image":false},"product_brand":[],"product_cat":[236],"product_tag":[],"class_list":{"0":"post-255299","1":"product","2":"type-product","3":"status-publish","4":"has-post-thumbnail","6":"product_cat-grillilauad","8":"first","9":"instock","10":"taxable","11":"shipping-taxable","12":"purchasable","13":"product-type-simple"},"yoast_head":"<!-- This site is optimized with the Yoast SEO plugin v27.4 - https:\/\/yoast.com\/product\/yoast-seo-wordpress\/ -->\n<title>Big Green Egg EGGi Mooduls\u00fcsteemi k\u00fcljelaud - BBQ Entertainment<\/title>\n<meta name=\"robots\" content=\"index, follow, max-snippet:-1, max-image-preview:large, max-video-preview:-1\" \/>\n<link rel=\"canonical\" href=\"https:\/\/bbqentertainment.com\/toode\/big-green-egg-eggi-moodulsusteemi-kuljelaud\/\" \/>\n<meta property=\"og:locale\" content=\"en_US\" \/>\n<meta property=\"og:type\" content=\"article\" \/>\n<meta property=\"og:title\" content=\"Big Green Egg EGGi Mooduls\u00fcsteemi k\u00fcljelaud - BBQ Entertainment\" \/>\n<meta property=\"og:description\" content=\"Big Green Egg EGGi Mooduls\u00fcsteemi k\u00fcljelaud EGGi mooduls\u00fcsteemi k\u00fcljelaua saad sa paigaldada nii vasakule kui ka paremale poole EGGi raami k\u00fclge. Sul on veel rohkem ruumi vaja? Pane k\u00fcljelauad m\u00f5lemale poole raami. Big Green EGG istub mugavalt oma raami sees, aga sina tunned aeg-ajalt, et vajad lisat\u00f6\u00f6pinda? EGGi mooduls\u00fcsteemi k\u00fcljelauad on sulle abiks. Pulberv\u00e4rvitud alumiiniumist ja tugevast akaatsiapuidust valmistatud k\u00fcljelaud pakub sulle 40,5x63,5 cm suuruse lisapinna, mis kannatab kuni 18 kg raskust. Sinu \u00fclesandeks j\u00e4\u00e4b ainult k\u00fcljelaud EGGi raami k\u00fclge kinnitada. Kui l\u00f5petad kokkamise, v\u00f5id k\u00fcljelaua lahtiselt j\u00e4tta v\u00f5i siis selle ruumi s\u00e4\u00e4stmiseks alla keerata.\" \/>\n<meta property=\"og:url\" content=\"https:\/\/bbqentertainment.com\/toode\/big-green-egg-eggi-moodulsusteemi-kuljelaud\/\" \/>\n<meta property=\"og:site_name\" content=\"BBQ Entertainment\" \/>\n<meta property=\"article:publisher\" content=\"https:\/\/www.facebook.com\/BBQ-Entertainment-N-Catering-2437913376443540\" \/>\n<meta property=\"article:modified_time\" content=\"2026-03-12T14:50:22+00:00\" \/>\n<meta property=\"og:image\" content=\"https:\/\/bbqentertainment.com\/wp-content\/uploads\/2025\/11\/moodulsusteemi-kuljelaud-bge-ee.jpg\" \/>\n\t<meta property=\"og:image:width\" content=\"1200\" \/>\n\t<meta property=\"og:image:height\" content=\"1200\" \/>\n\t<meta property=\"og:image:type\" content=\"image\/jpeg\" \/>\n<meta name=\"twitter:card\" content=\"summary_large_image\" \/>\n<meta name=\"twitter:label1\" content=\"Est. reading time\" \/>\n\t<meta name=\"twitter:data1\" content=\"1 minute\" \/>\n<script type=\"application\/ld+json\" class=\"yoast-schema-graph\">{\"@context\":\"https:\\\/\\\/schema.org\",\"@graph\":[{\"@type\":[\"WebPage\",\"ItemPage\"],\"@id\":\"https:\\\/\\\/bbqentertainment.com\\\/toode\\\/big-green-egg-eggi-moodulsusteemi-kuljelaud\\\/\",\"url\":\"https:\\\/\\\/bbqentertainment.com\\\/toode\\\/big-green-egg-eggi-moodulsusteemi-kuljelaud\\\/\",\"name\":\"Big Green Egg EGGi Mooduls\u00fcsteemi k\u00fcljelaud - BBQ Entertainment\",\"isPartOf\":{\"@id\":\"https:\\\/\\\/bbqentertainment.com\\\/#website\"},\"primaryImageOfPage\":{\"@id\":\"https:\\\/\\\/bbqentertainment.com\\\/toode\\\/big-green-egg-eggi-moodulsusteemi-kuljelaud\\\/#primaryimage\"},\"image\":{\"@id\":\"https:\\\/\\\/bbqentertainment.com\\\/toode\\\/big-green-egg-eggi-moodulsusteemi-kuljelaud\\\/#primaryimage\"},\"thumbnailUrl\":\"https:\\\/\\\/bbqentertainment.com\\\/wp-content\\\/uploads\\\/2025\\\/11\\\/moodulsusteemi-kuljelaud-bge-ee.jpg\",\"datePublished\":\"2025-11-26T17:04:30+00:00\",\"dateModified\":\"2026-03-12T14:50:22+00:00\",\"breadcrumb\":{\"@id\":\"https:\\\/\\\/bbqentertainment.com\\\/toode\\\/big-green-egg-eggi-moodulsusteemi-kuljelaud\\\/#breadcrumb\"},\"inLanguage\":\"en-US\",\"potentialAction\":[{\"@type\":\"ReadAction\",\"target\":[\"https:\\\/\\\/bbqentertainment.com\\\/toode\\\/big-green-egg-eggi-moodulsusteemi-kuljelaud\\\/\"]}]},{\"@type\":\"ImageObject\",\"inLanguage\":\"en-US\",\"@id\":\"https:\\\/\\\/bbqentertainment.com\\\/toode\\\/big-green-egg-eggi-moodulsusteemi-kuljelaud\\\/#primaryimage\",\"url\":\"https:\\\/\\\/bbqentertainment.com\\\/wp-content\\\/uploads\\\/2025\\\/11\\\/moodulsusteemi-kuljelaud-bge-ee.jpg\",\"contentUrl\":\"https:\\\/\\\/bbqentertainment.com\\\/wp-content\\\/uploads\\\/2025\\\/11\\\/moodulsusteemi-kuljelaud-bge-ee.jpg\",\"width\":1200,\"height\":1200},{\"@type\":\"BreadcrumbList\",\"@id\":\"https:\\\/\\\/bbqentertainment.com\\\/toode\\\/big-green-egg-eggi-moodulsusteemi-kuljelaud\\\/#breadcrumb\",\"itemListElement\":[{\"@type\":\"ListItem\",\"position\":1,\"name\":\"AVALEHT\",\"item\":\"https:\\\/\\\/bbqentertainment.com\\\/en\\\/\"},{\"@type\":\"ListItem\",\"position\":2,\"name\":\"Tooted\",\"item\":\"https:\\\/\\\/bbqentertainment.com\\\/tooted\\\/\"},{\"@type\":\"ListItem\",\"position\":3,\"name\":\"Lisatarvikud\",\"item\":\"https:\\\/\\\/bbqentertainment.com\\\/tootekategooria\\\/lisatarvikud\\\/\"},{\"@type\":\"ListItem\",\"position\":4,\"name\":\"Lisatarvikud Big Green Egg\",\"item\":\"https:\\\/\\\/bbqentertainment.com\\\/tootekategooria\\\/lisatarvikud\\\/lisatarvikud-big-green-egg\\\/\"},{\"@type\":\"ListItem\",\"position\":5,\"name\":\"Big Green Egg EGGi Mooduls\u00fcsteemi k\u00fcljelaud\"}]},{\"@type\":\"WebSite\",\"@id\":\"https:\\\/\\\/bbqentertainment.com\\\/#website\",\"url\":\"https:\\\/\\\/bbqentertainment.com\\\/\",\"name\":\"BBQ Entertainment\",\"description\":\"BBQ is a great lifestyle, not just fun!\",\"publisher\":{\"@id\":\"https:\\\/\\\/bbqentertainment.com\\\/#organization\"},\"potentialAction\":[{\"@type\":\"SearchAction\",\"target\":{\"@type\":\"EntryPoint\",\"urlTemplate\":\"https:\\\/\\\/bbqentertainment.com\\\/?s={search_term_string}\"},\"query-input\":{\"@type\":\"PropertyValueSpecification\",\"valueRequired\":true,\"valueName\":\"search_term_string\"}}],\"inLanguage\":\"en-US\"},{\"@type\":\"Organization\",\"@id\":\"https:\\\/\\\/bbqentertainment.com\\\/#organization\",\"name\":\"BBQ Entertainment O\u00dc\",\"url\":\"https:\\\/\\\/bbqentertainment.com\\\/\",\"logo\":{\"@type\":\"ImageObject\",\"inLanguage\":\"en-US\",\"@id\":\"https:\\\/\\\/bbqentertainment.com\\\/#\\\/schema\\\/logo\\\/image\\\/\",\"url\":\"https:\\\/\\\/bbqentertainment.com\\\/wp-content\\\/uploads\\\/2020\\\/04\\\/BBQ-Entertainment-N-Catering-Enn-Tobreluts-Logo.png\",\"contentUrl\":\"https:\\\/\\\/bbqentertainment.com\\\/wp-content\\\/uploads\\\/2020\\\/04\\\/BBQ-Entertainment-N-Catering-Enn-Tobreluts-Logo.png\",\"width\":628,\"height\":266,\"caption\":\"BBQ Entertainment O\u00dc\"},\"image\":{\"@id\":\"https:\\\/\\\/bbqentertainment.com\\\/#\\\/schema\\\/logo\\\/image\\\/\"},\"sameAs\":[\"https:\\\/\\\/www.facebook.com\\\/BBQ-Entertainment-N-Catering-2437913376443540\",\"https:\\\/\\\/www.instagram.com\\\/bbqentertainmentncatering\\\/\",\"https:\\\/\\\/www.youtube.com\\\/channel\\\/UCmpuANQVhLy2Md8nrenp2jA\"]}]}<\/script>\n<!-- \/ Yoast SEO plugin. -->","yoast_head_json":{"title":"Big Green Egg EGGi Mooduls\u00fcsteemi k\u00fcljelaud - BBQ Entertainment","robots":{"index":"index","follow":"follow","max-snippet":"max-snippet:-1","max-image-preview":"max-image-preview:large","max-video-preview":"max-video-preview:-1"},"canonical":"https:\/\/bbqentertainment.com\/toode\/big-green-egg-eggi-moodulsusteemi-kuljelaud\/","og_locale":"en_US","og_type":"article","og_title":"Big Green Egg EGGi Mooduls\u00fcsteemi k\u00fcljelaud - BBQ Entertainment","og_description":"Big Green Egg EGGi Mooduls\u00fcsteemi k\u00fcljelaud EGGi mooduls\u00fcsteemi k\u00fcljelaua saad sa paigaldada nii vasakule kui ka paremale poole EGGi raami k\u00fclge. Sul on veel rohkem ruumi vaja? Pane k\u00fcljelauad m\u00f5lemale poole raami. Big Green EGG istub mugavalt oma raami sees, aga sina tunned aeg-ajalt, et vajad lisat\u00f6\u00f6pinda? EGGi mooduls\u00fcsteemi k\u00fcljelauad on sulle abiks. Pulberv\u00e4rvitud alumiiniumist ja tugevast akaatsiapuidust valmistatud k\u00fcljelaud pakub sulle 40,5x63,5 cm suuruse lisapinna, mis kannatab kuni 18 kg raskust. Sinu \u00fclesandeks j\u00e4\u00e4b ainult k\u00fcljelaud EGGi raami k\u00fclge kinnitada. Kui l\u00f5petad kokkamise, v\u00f5id k\u00fcljelaua lahtiselt j\u00e4tta v\u00f5i siis selle ruumi s\u00e4\u00e4stmiseks alla keerata.","og_url":"https:\/\/bbqentertainment.com\/toode\/big-green-egg-eggi-moodulsusteemi-kuljelaud\/","og_site_name":"BBQ Entertainment","article_publisher":"https:\/\/www.facebook.com\/BBQ-Entertainment-N-Catering-2437913376443540","article_modified_time":"2026-03-12T14:50:22+00:00","og_image":[{"width":1200,"height":1200,"url":"https:\/\/bbqentertainment.com\/wp-content\/uploads\/2025\/11\/moodulsusteemi-kuljelaud-bge-ee.jpg","type":"image\/jpeg"}],"twitter_card":"summary_large_image","twitter_misc":{"Est. reading time":"1 minute"},"schema":{"@context":"https:\/\/schema.org","@graph":[{"@type":["WebPage","ItemPage"],"@id":"https:\/\/bbqentertainment.com\/toode\/big-green-egg-eggi-moodulsusteemi-kuljelaud\/","url":"https:\/\/bbqentertainment.com\/toode\/big-green-egg-eggi-moodulsusteemi-kuljelaud\/","name":"Big Green Egg EGGi Mooduls\u00fcsteemi k\u00fcljelaud - BBQ Entertainment","isPartOf":{"@id":"https:\/\/bbqentertainment.com\/#website"},"primaryImageOfPage":{"@id":"https:\/\/bbqentertainment.com\/toode\/big-green-egg-eggi-moodulsusteemi-kuljelaud\/#primaryimage"},"image":{"@id":"https:\/\/bbqentertainment.com\/toode\/big-green-egg-eggi-moodulsusteemi-kuljelaud\/#primaryimage"},"thumbnailUrl":"https:\/\/bbqentertainment.com\/wp-content\/uploads\/2025\/11\/moodulsusteemi-kuljelaud-bge-ee.jpg","datePublished":"2025-11-26T17:04:30+00:00","dateModified":"2026-03-12T14:50:22+00:00","breadcrumb":{"@id":"https:\/\/bbqentertainment.com\/toode\/big-green-egg-eggi-moodulsusteemi-kuljelaud\/#breadcrumb"},"inLanguage":"en-US","potentialAction":[{"@type":"ReadAction","target":["https:\/\/bbqentertainment.com\/toode\/big-green-egg-eggi-moodulsusteemi-kuljelaud\/"]}]},{"@type":"ImageObject","inLanguage":"en-US","@id":"https:\/\/bbqentertainment.com\/toode\/big-green-egg-eggi-moodulsusteemi-kuljelaud\/#primaryimage","url":"https:\/\/bbqentertainment.com\/wp-content\/uploads\/2025\/11\/moodulsusteemi-kuljelaud-bge-ee.jpg","contentUrl":"https:\/\/bbqentertainment.com\/wp-content\/uploads\/2025\/11\/moodulsusteemi-kuljelaud-bge-ee.jpg","width":1200,"height":1200},{"@type":"BreadcrumbList","@id":"https:\/\/bbqentertainment.com\/toode\/big-green-egg-eggi-moodulsusteemi-kuljelaud\/#breadcrumb","itemListElement":[{"@type":"ListItem","position":1,"name":"AVALEHT","item":"https:\/\/bbqentertainment.com\/en\/"},{"@type":"ListItem","position":2,"name":"Tooted","item":"https:\/\/bbqentertainment.com\/tooted\/"},{"@type":"ListItem","position":3,"name":"Lisatarvikud","item":"https:\/\/bbqentertainment.com\/tootekategooria\/lisatarvikud\/"},{"@type":"ListItem","position":4,"name":"Lisatarvikud Big Green Egg","item":"https:\/\/bbqentertainment.com\/tootekategooria\/lisatarvikud\/lisatarvikud-big-green-egg\/"},{"@type":"ListItem","position":5,"name":"Big Green Egg EGGi Mooduls\u00fcsteemi k\u00fcljelaud"}]},{"@type":"WebSite","@id":"https:\/\/bbqentertainment.com\/#website","url":"https:\/\/bbqentertainment.com\/","name":"BBQ Entertainment","description":"BBQ is a great lifestyle, not just fun!","publisher":{"@id":"https:\/\/bbqentertainment.com\/#organization"},"potentialAction":[{"@type":"SearchAction","target":{"@type":"EntryPoint","urlTemplate":"https:\/\/bbqentertainment.com\/?s={search_term_string}"},"query-input":{"@type":"PropertyValueSpecification","valueRequired":true,"valueName":"search_term_string"}}],"inLanguage":"en-US"},{"@type":"Organization","@id":"https:\/\/bbqentertainment.com\/#organization","name":"BBQ Entertainment O\u00dc","url":"https:\/\/bbqentertainment.com\/","logo":{"@type":"ImageObject","inLanguage":"en-US","@id":"https:\/\/bbqentertainment.com\/#\/schema\/logo\/image\/","url":"https:\/\/bbqentertainment.com\/wp-content\/uploads\/2020\/04\/BBQ-Entertainment-N-Catering-Enn-Tobreluts-Logo.png","contentUrl":"https:\/\/bbqentertainment.com\/wp-content\/uploads\/2020\/04\/BBQ-Entertainment-N-Catering-Enn-Tobreluts-Logo.png","width":628,"height":266,"caption":"BBQ Entertainment O\u00dc"},"image":{"@id":"https:\/\/bbqentertainment.com\/#\/schema\/logo\/image\/"},"sameAs":["https:\/\/www.facebook.com\/BBQ-Entertainment-N-Catering-2437913376443540","https:\/\/www.instagram.com\/bbqentertainmentncatering\/","https:\/\/www.youtube.com\/channel\/UCmpuANQVhLy2Md8nrenp2jA"]}]}},"_links":{"self":[{"href":"https:\/\/bbqentertainment.com\/en\/wp-json\/wp\/v2\/product\/255299","targetHints":{"allow":["GET"]}}],"collection":[{"href":"https:\/\/bbqentertainment.com\/en\/wp-json\/wp\/v2\/product"}],"about":[{"href":"https:\/\/bbqentertainment.com\/en\/wp-json\/wp\/v2\/types\/product"}],"wp:featuredmedia":[{"embeddable":true,"href":"https:\/\/bbqentertainment.com\/en\/wp-json\/wp\/v2\/media\/255629"}],"wp:attachment":[{"href":"https:\/\/bbqentertainment.com\/en\/wp-json\/wp\/v2\/media?parent=255299"}],"wp:term":[{"taxonomy":"product_brand","embeddable":true,"href":"https:\/\/bbqentertainment.com\/en\/wp-json\/wp\/v2\/product_brand?post=255299"},{"taxonomy":"product_cat","embeddable":true,"href":"https:\/\/bbqentertainment.com\/en\/wp-json\/wp\/v2\/product_cat?post=255299"},{"taxonomy":"product_tag","embeddable":true,"href":"https:\/\/bbqentertainment.com\/en\/wp-json\/wp\/v2\/product_tag?post=255299"}],"curies":[{"name":"wp","href":"https:\/\/api.w.org\/{rel}","templated":true}]}}