{"id":255302,"date":"2025-11-26T19:04:51","date_gmt":"2025-11-26T17:04:51","guid":{"rendered":"https:\/\/bbqentertainment.com\/?post_type=product&#038;p=255302"},"modified":"2026-03-12T17:14:42","modified_gmt":"2026-03-12T15:14:42","slug":"big-green-egg-laienduskapp-moodulsusteem-76x76x77-cm","status":"publish","type":"product","link":"https:\/\/bbqentertainment.com\/en\/toode\/big-green-egg-laienduskapp-moodulsusteem-76x76x77-cm\/","title":{"rendered":"Big Green Egg Laienduskapp Mooduls\u00fcsteem 76x76x77 cm"},"content":{"rendered":"","protected":false},"excerpt":{"rendered":"<h3>Big Green Egg Laienduskapp Mooduls\u00fcsteem 76x76x77 cm<\/h3>\n<p>Uus modulaarne EGGi t\u00f6\u00f6tasapind on nagu t\u00e4iskasvanute Lego\u00ae. See on konstrueeritud nii, et k\u00f5iki osasid saab omavahel kombineerida ja t\u00f6\u00f6pinda \u00fcha laiendada. Kui soovid suuremat t\u00f6\u00f6tasapinda, on see mooduls\u00fcsteem sama mitmek\u00fclgne kui EGG ise. Saad oma v\u00e4lik\u00f6\u00f6gi t\u00f6\u00f6tasapinna paigutust ja stiili iseenda maitse ja vajaduste j\u00e4rgi kohandada.<\/p>\n<p>Kus sa peaksid hoidma k\u00f5iki neid h\u00e4davajalikke Big Green Eggi tarvikuid? Loomulikult uues lisakapis. Selles saad hoida isegi s\u00fctt, sest tugeva kapi sisu on veekindel. Nagu v\u00f5id juba Big Green Eggi puhul oodata on sellel l\u00f5putult v\u00e4rvide ja materjalide valikuv\u00f5imalusi. N\u00e4iteks v\u00f5id valida roostevabast terasest v\u00f5i akaatsiapuidust riiuliplaadi. Lisakapp on tehtud pulberv\u00e4rvitud alumiiniumist ja terasest, mis on kerge, vastupidav ja ei vaja hooldust. Lisakapil on reguleeritavad jalad.<\/p>\n<p>M\u00f5\u00f5dud 76x76x77 cm<\/p>\n","protected":false},"featured_media":255637,"template":"","meta":{"inline_featured_image":false},"product_brand":[],"product_cat":[661,662,236],"product_tag":[],"class_list":{"0":"post-255302","1":"product","2":"type-product","3":"status-publish","4":"has-post-thumbnail","6":"product_cat-big-green-egg","7":"product_cat-lisatarvikud-big-green-egg","8":"product_cat-grillilauad","10":"first","11":"instock","12":"taxable","13":"shipping-taxable","14":"purchasable","15":"product-type-simple"},"yoast_head":"<!-- This site is optimized with the Yoast SEO plugin v27.4 - https:\/\/yoast.com\/product\/yoast-seo-wordpress\/ -->\n<title>Big Green Egg Laienduskapp Mooduls\u00fcsteem 76x76x77 cm - BBQ Entertainment<\/title>\n<meta name=\"robots\" content=\"index, follow, max-snippet:-1, max-image-preview:large, max-video-preview:-1\" \/>\n<link rel=\"canonical\" href=\"https:\/\/bbqentertainment.com\/toode\/big-green-egg-laienduskapp-moodulsusteem-76x76x77-cm\/\" \/>\n<meta property=\"og:locale\" content=\"en_US\" \/>\n<meta property=\"og:type\" content=\"article\" \/>\n<meta property=\"og:title\" content=\"Big Green Egg Laienduskapp Mooduls\u00fcsteem 76x76x77 cm - BBQ Entertainment\" \/>\n<meta property=\"og:description\" content=\"Big Green Egg Laienduskapp Mooduls\u00fcsteem 76x76x77 cm Uus modulaarne EGGi t\u00f6\u00f6tasapind on nagu t\u00e4iskasvanute Lego\u00ae. See on konstrueeritud nii, et k\u00f5iki osasid saab omavahel kombineerida ja t\u00f6\u00f6pinda \u00fcha laiendada. Kui soovid suuremat t\u00f6\u00f6tasapinda, on see mooduls\u00fcsteem sama mitmek\u00fclgne kui EGG ise. Saad oma v\u00e4lik\u00f6\u00f6gi t\u00f6\u00f6tasapinna paigutust ja stiili iseenda maitse ja vajaduste j\u00e4rgi kohandada.  Kus sa peaksid hoidma k\u00f5iki neid h\u00e4davajalikke Big Green Eggi tarvikuid? Loomulikult uues lisakapis. Selles saad hoida isegi s\u00fctt, sest tugeva kapi sisu on veekindel. Nagu v\u00f5id juba Big Green Eggi puhul oodata on sellel l\u00f5putult v\u00e4rvide ja materjalide valikuv\u00f5imalusi. N\u00e4iteks v\u00f5id valida roostevabast terasest v\u00f5i akaatsiapuidust riiuliplaadi. Lisakapp on tehtud pulberv\u00e4rvitud alumiiniumist ja terasest, mis on kerge, vastupidav ja ei vaja hooldust. Lisakapil on reguleeritavad jalad.  M\u00f5\u00f5dud 76x76x77 cm\" \/>\n<meta property=\"og:url\" content=\"https:\/\/bbqentertainment.com\/toode\/big-green-egg-laienduskapp-moodulsusteem-76x76x77-cm\/\" \/>\n<meta property=\"og:site_name\" content=\"BBQ Entertainment\" \/>\n<meta property=\"article:publisher\" content=\"https:\/\/www.facebook.com\/BBQ-Entertainment-N-Catering-2437913376443540\" \/>\n<meta property=\"article:modified_time\" content=\"2026-03-12T15:14:42+00:00\" \/>\n<meta property=\"og:image\" content=\"https:\/\/bbqentertainment.com\/wp-content\/uploads\/2025\/11\/Laienduskapp-Big-Green-Egg.png\" \/>\n\t<meta property=\"og:image:width\" content=\"501\" \/>\n\t<meta property=\"og:image:height\" content=\"502\" \/>\n\t<meta property=\"og:image:type\" content=\"image\/png\" \/>\n<meta name=\"twitter:card\" content=\"summary_large_image\" \/>\n<meta name=\"twitter:label1\" content=\"Est. reading time\" \/>\n\t<meta name=\"twitter:data1\" content=\"1 minute\" \/>\n<script type=\"application\/ld+json\" class=\"yoast-schema-graph\">{\"@context\":\"https:\\\/\\\/schema.org\",\"@graph\":[{\"@type\":[\"WebPage\",\"ItemPage\"],\"@id\":\"https:\\\/\\\/bbqentertainment.com\\\/toode\\\/big-green-egg-laienduskapp-moodulsusteem-76x76x77-cm\\\/\",\"url\":\"https:\\\/\\\/bbqentertainment.com\\\/toode\\\/big-green-egg-laienduskapp-moodulsusteem-76x76x77-cm\\\/\",\"name\":\"Big Green Egg Laienduskapp Mooduls\u00fcsteem 76x76x77 cm - BBQ Entertainment\",\"isPartOf\":{\"@id\":\"https:\\\/\\\/bbqentertainment.com\\\/#website\"},\"primaryImageOfPage\":{\"@id\":\"https:\\\/\\\/bbqentertainment.com\\\/toode\\\/big-green-egg-laienduskapp-moodulsusteem-76x76x77-cm\\\/#primaryimage\"},\"image\":{\"@id\":\"https:\\\/\\\/bbqentertainment.com\\\/toode\\\/big-green-egg-laienduskapp-moodulsusteem-76x76x77-cm\\\/#primaryimage\"},\"thumbnailUrl\":\"https:\\\/\\\/bbqentertainment.com\\\/wp-content\\\/uploads\\\/2025\\\/11\\\/Laienduskapp-Big-Green-Egg.png\",\"datePublished\":\"2025-11-26T17:04:51+00:00\",\"dateModified\":\"2026-03-12T15:14:42+00:00\",\"breadcrumb\":{\"@id\":\"https:\\\/\\\/bbqentertainment.com\\\/toode\\\/big-green-egg-laienduskapp-moodulsusteem-76x76x77-cm\\\/#breadcrumb\"},\"inLanguage\":\"en-US\",\"potentialAction\":[{\"@type\":\"ReadAction\",\"target\":[\"https:\\\/\\\/bbqentertainment.com\\\/toode\\\/big-green-egg-laienduskapp-moodulsusteem-76x76x77-cm\\\/\"]}]},{\"@type\":\"ImageObject\",\"inLanguage\":\"en-US\",\"@id\":\"https:\\\/\\\/bbqentertainment.com\\\/toode\\\/big-green-egg-laienduskapp-moodulsusteem-76x76x77-cm\\\/#primaryimage\",\"url\":\"https:\\\/\\\/bbqentertainment.com\\\/wp-content\\\/uploads\\\/2025\\\/11\\\/Laienduskapp-Big-Green-Egg.png\",\"contentUrl\":\"https:\\\/\\\/bbqentertainment.com\\\/wp-content\\\/uploads\\\/2025\\\/11\\\/Laienduskapp-Big-Green-Egg.png\",\"width\":501,\"height\":502},{\"@type\":\"BreadcrumbList\",\"@id\":\"https:\\\/\\\/bbqentertainment.com\\\/toode\\\/big-green-egg-laienduskapp-moodulsusteem-76x76x77-cm\\\/#breadcrumb\",\"itemListElement\":[{\"@type\":\"ListItem\",\"position\":1,\"name\":\"AVALEHT\",\"item\":\"https:\\\/\\\/bbqentertainment.com\\\/en\\\/\"},{\"@type\":\"ListItem\",\"position\":2,\"name\":\"Tooted\",\"item\":\"https:\\\/\\\/bbqentertainment.com\\\/tooted\\\/\"},{\"@type\":\"ListItem\",\"position\":3,\"name\":\"Lisatarvikud\",\"item\":\"https:\\\/\\\/bbqentertainment.com\\\/tootekategooria\\\/lisatarvikud\\\/\"},{\"@type\":\"ListItem\",\"position\":4,\"name\":\"Lisatarvikud Big Green Egg\",\"item\":\"https:\\\/\\\/bbqentertainment.com\\\/tootekategooria\\\/lisatarvikud\\\/lisatarvikud-big-green-egg\\\/\"},{\"@type\":\"ListItem\",\"position\":5,\"name\":\"Big Green Egg Laienduskapp Mooduls\u00fcsteem 76x76x77 cm\"}]},{\"@type\":\"WebSite\",\"@id\":\"https:\\\/\\\/bbqentertainment.com\\\/#website\",\"url\":\"https:\\\/\\\/bbqentertainment.com\\\/\",\"name\":\"BBQ Entertainment\",\"description\":\"BBQ is a great lifestyle, not just fun!\",\"publisher\":{\"@id\":\"https:\\\/\\\/bbqentertainment.com\\\/#organization\"},\"potentialAction\":[{\"@type\":\"SearchAction\",\"target\":{\"@type\":\"EntryPoint\",\"urlTemplate\":\"https:\\\/\\\/bbqentertainment.com\\\/?s={search_term_string}\"},\"query-input\":{\"@type\":\"PropertyValueSpecification\",\"valueRequired\":true,\"valueName\":\"search_term_string\"}}],\"inLanguage\":\"en-US\"},{\"@type\":\"Organization\",\"@id\":\"https:\\\/\\\/bbqentertainment.com\\\/#organization\",\"name\":\"BBQ Entertainment O\u00dc\",\"url\":\"https:\\\/\\\/bbqentertainment.com\\\/\",\"logo\":{\"@type\":\"ImageObject\",\"inLanguage\":\"en-US\",\"@id\":\"https:\\\/\\\/bbqentertainment.com\\\/#\\\/schema\\\/logo\\\/image\\\/\",\"url\":\"https:\\\/\\\/bbqentertainment.com\\\/wp-content\\\/uploads\\\/2020\\\/04\\\/BBQ-Entertainment-N-Catering-Enn-Tobreluts-Logo.png\",\"contentUrl\":\"https:\\\/\\\/bbqentertainment.com\\\/wp-content\\\/uploads\\\/2020\\\/04\\\/BBQ-Entertainment-N-Catering-Enn-Tobreluts-Logo.png\",\"width\":628,\"height\":266,\"caption\":\"BBQ Entertainment O\u00dc\"},\"image\":{\"@id\":\"https:\\\/\\\/bbqentertainment.com\\\/#\\\/schema\\\/logo\\\/image\\\/\"},\"sameAs\":[\"https:\\\/\\\/www.facebook.com\\\/BBQ-Entertainment-N-Catering-2437913376443540\",\"https:\\\/\\\/www.instagram.com\\\/bbqentertainmentncatering\\\/\",\"https:\\\/\\\/www.youtube.com\\\/channel\\\/UCmpuANQVhLy2Md8nrenp2jA\"]}]}<\/script>\n<!-- \/ Yoast SEO plugin. -->","yoast_head_json":{"title":"Big Green Egg Laienduskapp Mooduls\u00fcsteem 76x76x77 cm - BBQ Entertainment","robots":{"index":"index","follow":"follow","max-snippet":"max-snippet:-1","max-image-preview":"max-image-preview:large","max-video-preview":"max-video-preview:-1"},"canonical":"https:\/\/bbqentertainment.com\/toode\/big-green-egg-laienduskapp-moodulsusteem-76x76x77-cm\/","og_locale":"en_US","og_type":"article","og_title":"Big Green Egg Laienduskapp Mooduls\u00fcsteem 76x76x77 cm - BBQ Entertainment","og_description":"Big Green Egg Laienduskapp Mooduls\u00fcsteem 76x76x77 cm Uus modulaarne EGGi t\u00f6\u00f6tasapind on nagu t\u00e4iskasvanute Lego\u00ae. See on konstrueeritud nii, et k\u00f5iki osasid saab omavahel kombineerida ja t\u00f6\u00f6pinda \u00fcha laiendada. Kui soovid suuremat t\u00f6\u00f6tasapinda, on see mooduls\u00fcsteem sama mitmek\u00fclgne kui EGG ise. Saad oma v\u00e4lik\u00f6\u00f6gi t\u00f6\u00f6tasapinna paigutust ja stiili iseenda maitse ja vajaduste j\u00e4rgi kohandada.  Kus sa peaksid hoidma k\u00f5iki neid h\u00e4davajalikke Big Green Eggi tarvikuid? Loomulikult uues lisakapis. Selles saad hoida isegi s\u00fctt, sest tugeva kapi sisu on veekindel. Nagu v\u00f5id juba Big Green Eggi puhul oodata on sellel l\u00f5putult v\u00e4rvide ja materjalide valikuv\u00f5imalusi. N\u00e4iteks v\u00f5id valida roostevabast terasest v\u00f5i akaatsiapuidust riiuliplaadi. Lisakapp on tehtud pulberv\u00e4rvitud alumiiniumist ja terasest, mis on kerge, vastupidav ja ei vaja hooldust. Lisakapil on reguleeritavad jalad.  M\u00f5\u00f5dud 76x76x77 cm","og_url":"https:\/\/bbqentertainment.com\/toode\/big-green-egg-laienduskapp-moodulsusteem-76x76x77-cm\/","og_site_name":"BBQ Entertainment","article_publisher":"https:\/\/www.facebook.com\/BBQ-Entertainment-N-Catering-2437913376443540","article_modified_time":"2026-03-12T15:14:42+00:00","og_image":[{"width":501,"height":502,"url":"https:\/\/bbqentertainment.com\/wp-content\/uploads\/2025\/11\/Laienduskapp-Big-Green-Egg.png","type":"image\/png"}],"twitter_card":"summary_large_image","twitter_misc":{"Est. reading time":"1 minute"},"schema":{"@context":"https:\/\/schema.org","@graph":[{"@type":["WebPage","ItemPage"],"@id":"https:\/\/bbqentertainment.com\/toode\/big-green-egg-laienduskapp-moodulsusteem-76x76x77-cm\/","url":"https:\/\/bbqentertainment.com\/toode\/big-green-egg-laienduskapp-moodulsusteem-76x76x77-cm\/","name":"Big Green Egg Laienduskapp Mooduls\u00fcsteem 76x76x77 cm - BBQ Entertainment","isPartOf":{"@id":"https:\/\/bbqentertainment.com\/#website"},"primaryImageOfPage":{"@id":"https:\/\/bbqentertainment.com\/toode\/big-green-egg-laienduskapp-moodulsusteem-76x76x77-cm\/#primaryimage"},"image":{"@id":"https:\/\/bbqentertainment.com\/toode\/big-green-egg-laienduskapp-moodulsusteem-76x76x77-cm\/#primaryimage"},"thumbnailUrl":"https:\/\/bbqentertainment.com\/wp-content\/uploads\/2025\/11\/Laienduskapp-Big-Green-Egg.png","datePublished":"2025-11-26T17:04:51+00:00","dateModified":"2026-03-12T15:14:42+00:00","breadcrumb":{"@id":"https:\/\/bbqentertainment.com\/toode\/big-green-egg-laienduskapp-moodulsusteem-76x76x77-cm\/#breadcrumb"},"inLanguage":"en-US","potentialAction":[{"@type":"ReadAction","target":["https:\/\/bbqentertainment.com\/toode\/big-green-egg-laienduskapp-moodulsusteem-76x76x77-cm\/"]}]},{"@type":"ImageObject","inLanguage":"en-US","@id":"https:\/\/bbqentertainment.com\/toode\/big-green-egg-laienduskapp-moodulsusteem-76x76x77-cm\/#primaryimage","url":"https:\/\/bbqentertainment.com\/wp-content\/uploads\/2025\/11\/Laienduskapp-Big-Green-Egg.png","contentUrl":"https:\/\/bbqentertainment.com\/wp-content\/uploads\/2025\/11\/Laienduskapp-Big-Green-Egg.png","width":501,"height":502},{"@type":"BreadcrumbList","@id":"https:\/\/bbqentertainment.com\/toode\/big-green-egg-laienduskapp-moodulsusteem-76x76x77-cm\/#breadcrumb","itemListElement":[{"@type":"ListItem","position":1,"name":"AVALEHT","item":"https:\/\/bbqentertainment.com\/en\/"},{"@type":"ListItem","position":2,"name":"Tooted","item":"https:\/\/bbqentertainment.com\/tooted\/"},{"@type":"ListItem","position":3,"name":"Lisatarvikud","item":"https:\/\/bbqentertainment.com\/tootekategooria\/lisatarvikud\/"},{"@type":"ListItem","position":4,"name":"Lisatarvikud Big Green Egg","item":"https:\/\/bbqentertainment.com\/tootekategooria\/lisatarvikud\/lisatarvikud-big-green-egg\/"},{"@type":"ListItem","position":5,"name":"Big Green Egg Laienduskapp Mooduls\u00fcsteem 76x76x77 cm"}]},{"@type":"WebSite","@id":"https:\/\/bbqentertainment.com\/#website","url":"https:\/\/bbqentertainment.com\/","name":"BBQ Entertainment","description":"BBQ is a great lifestyle, not just fun!","publisher":{"@id":"https:\/\/bbqentertainment.com\/#organization"},"potentialAction":[{"@type":"SearchAction","target":{"@type":"EntryPoint","urlTemplate":"https:\/\/bbqentertainment.com\/?s={search_term_string}"},"query-input":{"@type":"PropertyValueSpecification","valueRequired":true,"valueName":"search_term_string"}}],"inLanguage":"en-US"},{"@type":"Organization","@id":"https:\/\/bbqentertainment.com\/#organization","name":"BBQ Entertainment O\u00dc","url":"https:\/\/bbqentertainment.com\/","logo":{"@type":"ImageObject","inLanguage":"en-US","@id":"https:\/\/bbqentertainment.com\/#\/schema\/logo\/image\/","url":"https:\/\/bbqentertainment.com\/wp-content\/uploads\/2020\/04\/BBQ-Entertainment-N-Catering-Enn-Tobreluts-Logo.png","contentUrl":"https:\/\/bbqentertainment.com\/wp-content\/uploads\/2020\/04\/BBQ-Entertainment-N-Catering-Enn-Tobreluts-Logo.png","width":628,"height":266,"caption":"BBQ Entertainment O\u00dc"},"image":{"@id":"https:\/\/bbqentertainment.com\/#\/schema\/logo\/image\/"},"sameAs":["https:\/\/www.facebook.com\/BBQ-Entertainment-N-Catering-2437913376443540","https:\/\/www.instagram.com\/bbqentertainmentncatering\/","https:\/\/www.youtube.com\/channel\/UCmpuANQVhLy2Md8nrenp2jA"]}]}},"_links":{"self":[{"href":"https:\/\/bbqentertainment.com\/en\/wp-json\/wp\/v2\/product\/255302","targetHints":{"allow":["GET"]}}],"collection":[{"href":"https:\/\/bbqentertainment.com\/en\/wp-json\/wp\/v2\/product"}],"about":[{"href":"https:\/\/bbqentertainment.com\/en\/wp-json\/wp\/v2\/types\/product"}],"wp:featuredmedia":[{"embeddable":true,"href":"https:\/\/bbqentertainment.com\/en\/wp-json\/wp\/v2\/media\/255637"}],"wp:attachment":[{"href":"https:\/\/bbqentertainment.com\/en\/wp-json\/wp\/v2\/media?parent=255302"}],"wp:term":[{"taxonomy":"product_brand","embeddable":true,"href":"https:\/\/bbqentertainment.com\/en\/wp-json\/wp\/v2\/product_brand?post=255302"},{"taxonomy":"product_cat","embeddable":true,"href":"https:\/\/bbqentertainment.com\/en\/wp-json\/wp\/v2\/product_cat?post=255302"},{"taxonomy":"product_tag","embeddable":true,"href":"https:\/\/bbqentertainment.com\/en\/wp-json\/wp\/v2\/product_tag?post=255302"}],"curies":[{"name":"wp","href":"https:\/\/api.w.org\/{rel}","templated":true}]}}