{"id":255303,"date":"2025-11-26T19:04:52","date_gmt":"2025-11-26T17:04:52","guid":{"rendered":"https:\/\/bbqentertainment.com\/?post_type=product&#038;p=255303"},"modified":"2026-03-12T17:14:42","modified_gmt":"2026-03-12T15:14:42","slug":"big-green-egg-soegrill-big-green-egg-mini-max","status":"publish","type":"product","link":"https:\/\/bbqentertainment.com\/en\/toode\/big-green-egg-soegrill-big-green-egg-mini-max\/","title":{"rendered":"Big Green Egg S\u00f6egrill Big Green Egg Mini Max"},"content":{"rendered":"","protected":false},"excerpt":{"rendered":"<h3>Big Green Egg S\u00f6egrill Big Green Egg Mini Max<\/h3>\n<p>Suurusega ei saa Big Green Egg Mini Max uhkustada, aga tema tulemuslik t\u00f6\u00f6 teeb selle kuhjaga tasa. MiniMax on Big Green Eggi tootepere uusim ja \u00fchtlasi k\u00f5ige kompaktsem liige. K\u00f5igest 7 cm Big Green Egg Minist k\u00f5rgem, aga vaatamata sellele on MiniMaxil palju suurem k\u00fcpsetuspind, mis on v\u00f5rreldav Big Green Egg Smalliga. MiniMaxis on piisavalt ruumi, et valmistada \u00fchekorraga toitu 4\u20136 inimesele. Soovi korral saad k\u00fcpsetada otse laua peal, sest k\u00f5igest 50 cm k\u00f5rgune MiniMax on selleks t\u00e4pselt paras. See keraamiline grill on ideaalne abiline ka k\u00f5ige suursugusemate roogade valmistamiseks. Kui kavatsed MiniMaxiga reisile minna, ei pea sa selle kaasav\u00f5tmiseks proft\u00f5stja olema \u2013 MiniMax kaalub k\u00f5igest 35 kg ja standardvarustusse kuuluva kanderaamiga saad sa seda mugavalt liigutada. Big Green Egg MiniMaxi v\u00f5ib sageli ka restoranik\u00f6\u00f6kides kohata.<\/p>\n","protected":false},"featured_media":255647,"template":"","meta":{"inline_featured_image":false},"product_brand":[],"product_cat":[661],"product_tag":[],"class_list":{"0":"post-255303","1":"product","2":"type-product","3":"status-publish","4":"has-post-thumbnail","6":"product_cat-big-green-egg","8":"first","9":"instock","10":"taxable","11":"shipping-taxable","12":"purchasable","13":"product-type-simple"},"yoast_head":"<!-- This site is optimized with the Yoast SEO plugin v27.2 - https:\/\/yoast.com\/product\/yoast-seo-wordpress\/ -->\n<title>Big Green Egg S\u00f6egrill Big Green Egg Mini Max - BBQ Entertainment<\/title>\n<meta name=\"robots\" content=\"index, follow, max-snippet:-1, max-image-preview:large, max-video-preview:-1\" \/>\n<link rel=\"canonical\" href=\"https:\/\/bbqentertainment.com\/toode\/big-green-egg-soegrill-big-green-egg-mini-max\/\" \/>\n<meta property=\"og:locale\" content=\"en_US\" \/>\n<meta property=\"og:type\" content=\"article\" \/>\n<meta property=\"og:title\" content=\"Big Green Egg S\u00f6egrill Big Green Egg Mini Max - BBQ Entertainment\" \/>\n<meta property=\"og:description\" content=\"Big Green Egg S\u00f6egrill Big Green Egg Mini Max Suurusega ei saa Big Green Egg Mini Max uhkustada, aga tema tulemuslik t\u00f6\u00f6 teeb selle kuhjaga tasa. MiniMax on Big Green Eggi tootepere uusim ja \u00fchtlasi k\u00f5ige kompaktsem liige. K\u00f5igest 7 cm Big Green Egg Minist k\u00f5rgem, aga vaatamata sellele on MiniMaxil palju suurem k\u00fcpsetuspind, mis on v\u00f5rreldav Big Green Egg Smalliga. MiniMaxis on piisavalt ruumi, et valmistada \u00fchekorraga toitu 4\u20136 inimesele. Soovi korral saad k\u00fcpsetada otse laua peal, sest k\u00f5igest 50 cm k\u00f5rgune MiniMax on selleks t\u00e4pselt paras. See keraamiline grill on ideaalne abiline ka k\u00f5ige suursugusemate roogade valmistamiseks. Kui kavatsed MiniMaxiga reisile minna, ei pea sa selle kaasav\u00f5tmiseks proft\u00f5stja olema \u2013 MiniMax kaalub k\u00f5igest 35 kg ja standardvarustusse kuuluva kanderaamiga saad sa seda mugavalt liigutada. Big Green Egg MiniMaxi v\u00f5ib sageli ka restoranik\u00f6\u00f6kides kohata.\" \/>\n<meta property=\"og:url\" content=\"https:\/\/bbqentertainment.com\/toode\/big-green-egg-soegrill-big-green-egg-mini-max\/\" \/>\n<meta property=\"og:site_name\" content=\"BBQ Entertainment\" \/>\n<meta property=\"article:publisher\" content=\"https:\/\/www.facebook.com\/BBQ-Entertainment-N-Catering-2437913376443540\" \/>\n<meta property=\"article:modified_time\" content=\"2026-03-12T15:14:42+00:00\" \/>\n<meta property=\"og:image\" content=\"https:\/\/bbqentertainment.com\/wp-content\/uploads\/2025\/11\/minimax-Big-Green-Egg.png\" \/>\n\t<meta property=\"og:image:width\" content=\"960\" \/>\n\t<meta property=\"og:image:height\" content=\"960\" \/>\n\t<meta property=\"og:image:type\" content=\"image\/png\" \/>\n<meta name=\"twitter:card\" content=\"summary_large_image\" \/>\n<meta name=\"twitter:label1\" content=\"Est. reading time\" \/>\n\t<meta name=\"twitter:data1\" content=\"1 minute\" \/>\n<script type=\"application\/ld+json\" class=\"yoast-schema-graph\">{\"@context\":\"https:\/\/schema.org\",\"@graph\":[{\"@type\":[\"WebPage\",\"ItemPage\"],\"@id\":\"https:\/\/bbqentertainment.com\/toode\/big-green-egg-soegrill-big-green-egg-mini-max\/\",\"url\":\"https:\/\/bbqentertainment.com\/toode\/big-green-egg-soegrill-big-green-egg-mini-max\/\",\"name\":\"Big Green Egg S\u00f6egrill Big Green Egg Mini Max - BBQ Entertainment\",\"isPartOf\":{\"@id\":\"https:\/\/bbqentertainment.com\/#website\"},\"primaryImageOfPage\":{\"@id\":\"https:\/\/bbqentertainment.com\/toode\/big-green-egg-soegrill-big-green-egg-mini-max\/#primaryimage\"},\"image\":{\"@id\":\"https:\/\/bbqentertainment.com\/toode\/big-green-egg-soegrill-big-green-egg-mini-max\/#primaryimage\"},\"thumbnailUrl\":\"https:\/\/bbqentertainment.com\/wp-content\/uploads\/2025\/11\/minimax-Big-Green-Egg.png\",\"datePublished\":\"2025-11-26T17:04:52+00:00\",\"dateModified\":\"2026-03-12T15:14:42+00:00\",\"breadcrumb\":{\"@id\":\"https:\/\/bbqentertainment.com\/toode\/big-green-egg-soegrill-big-green-egg-mini-max\/#breadcrumb\"},\"inLanguage\":\"en-US\",\"potentialAction\":[{\"@type\":\"ReadAction\",\"target\":[\"https:\/\/bbqentertainment.com\/toode\/big-green-egg-soegrill-big-green-egg-mini-max\/\"]}]},{\"@type\":\"ImageObject\",\"inLanguage\":\"en-US\",\"@id\":\"https:\/\/bbqentertainment.com\/toode\/big-green-egg-soegrill-big-green-egg-mini-max\/#primaryimage\",\"url\":\"https:\/\/bbqentertainment.com\/wp-content\/uploads\/2025\/11\/minimax-Big-Green-Egg.png\",\"contentUrl\":\"https:\/\/bbqentertainment.com\/wp-content\/uploads\/2025\/11\/minimax-Big-Green-Egg.png\",\"width\":960,\"height\":960},{\"@type\":\"BreadcrumbList\",\"@id\":\"https:\/\/bbqentertainment.com\/toode\/big-green-egg-soegrill-big-green-egg-mini-max\/#breadcrumb\",\"itemListElement\":[{\"@type\":\"ListItem\",\"position\":1,\"name\":\"AVALEHT\",\"item\":\"https:\/\/bbqentertainment.com\/en\/\"},{\"@type\":\"ListItem\",\"position\":2,\"name\":\"Tooted\",\"item\":\"https:\/\/bbqentertainment.com\/tooted\/\"},{\"@type\":\"ListItem\",\"position\":3,\"name\":\"Grillid ja ahjud\",\"item\":\"https:\/\/bbqentertainment.com\/tootekategooria\/grillid-ja-ahjud\/\"},{\"@type\":\"ListItem\",\"position\":4,\"name\":\"Big Green Egg\",\"item\":\"https:\/\/bbqentertainment.com\/tootekategooria\/grillid-ja-ahjud\/big-green-egg\/\"},{\"@type\":\"ListItem\",\"position\":5,\"name\":\"Big Green Egg S\u00f6egrill Big Green Egg Mini Max\"}]},{\"@type\":\"WebSite\",\"@id\":\"https:\/\/bbqentertainment.com\/#website\",\"url\":\"https:\/\/bbqentertainment.com\/\",\"name\":\"BBQ Entertainment\",\"description\":\"BBQ is a great lifestyle, not just fun!\",\"publisher\":{\"@id\":\"https:\/\/bbqentertainment.com\/#organization\"},\"potentialAction\":[{\"@type\":\"SearchAction\",\"target\":{\"@type\":\"EntryPoint\",\"urlTemplate\":\"https:\/\/bbqentertainment.com\/?s={search_term_string}\"},\"query-input\":{\"@type\":\"PropertyValueSpecification\",\"valueRequired\":true,\"valueName\":\"search_term_string\"}}],\"inLanguage\":\"en-US\"},{\"@type\":\"Organization\",\"@id\":\"https:\/\/bbqentertainment.com\/#organization\",\"name\":\"BBQ Entertainment O\u00dc\",\"url\":\"https:\/\/bbqentertainment.com\/\",\"logo\":{\"@type\":\"ImageObject\",\"inLanguage\":\"en-US\",\"@id\":\"https:\/\/bbqentertainment.com\/#\/schema\/logo\/image\/\",\"url\":\"https:\/\/bbqentertainment.com\/wp-content\/uploads\/2020\/04\/BBQ-Entertainment-N-Catering-Enn-Tobreluts-Logo.png\",\"contentUrl\":\"https:\/\/bbqentertainment.com\/wp-content\/uploads\/2020\/04\/BBQ-Entertainment-N-Catering-Enn-Tobreluts-Logo.png\",\"width\":628,\"height\":266,\"caption\":\"BBQ Entertainment O\u00dc\"},\"image\":{\"@id\":\"https:\/\/bbqentertainment.com\/#\/schema\/logo\/image\/\"},\"sameAs\":[\"https:\/\/www.facebook.com\/BBQ-Entertainment-N-Catering-2437913376443540\",\"https:\/\/www.instagram.com\/bbqentertainmentncatering\/\",\"https:\/\/www.youtube.com\/channel\/UCmpuANQVhLy2Md8nrenp2jA\"]}]}<\/script>\n<!-- \/ Yoast SEO plugin. -->","yoast_head_json":{"title":"Big Green Egg S\u00f6egrill Big Green Egg Mini Max - BBQ Entertainment","robots":{"index":"index","follow":"follow","max-snippet":"max-snippet:-1","max-image-preview":"max-image-preview:large","max-video-preview":"max-video-preview:-1"},"canonical":"https:\/\/bbqentertainment.com\/toode\/big-green-egg-soegrill-big-green-egg-mini-max\/","og_locale":"en_US","og_type":"article","og_title":"Big Green Egg S\u00f6egrill Big Green Egg Mini Max - BBQ Entertainment","og_description":"Big Green Egg S\u00f6egrill Big Green Egg Mini Max Suurusega ei saa Big Green Egg Mini Max uhkustada, aga tema tulemuslik t\u00f6\u00f6 teeb selle kuhjaga tasa. MiniMax on Big Green Eggi tootepere uusim ja \u00fchtlasi k\u00f5ige kompaktsem liige. K\u00f5igest 7 cm Big Green Egg Minist k\u00f5rgem, aga vaatamata sellele on MiniMaxil palju suurem k\u00fcpsetuspind, mis on v\u00f5rreldav Big Green Egg Smalliga. MiniMaxis on piisavalt ruumi, et valmistada \u00fchekorraga toitu 4\u20136 inimesele. Soovi korral saad k\u00fcpsetada otse laua peal, sest k\u00f5igest 50 cm k\u00f5rgune MiniMax on selleks t\u00e4pselt paras. See keraamiline grill on ideaalne abiline ka k\u00f5ige suursugusemate roogade valmistamiseks. Kui kavatsed MiniMaxiga reisile minna, ei pea sa selle kaasav\u00f5tmiseks proft\u00f5stja olema \u2013 MiniMax kaalub k\u00f5igest 35 kg ja standardvarustusse kuuluva kanderaamiga saad sa seda mugavalt liigutada. Big Green Egg MiniMaxi v\u00f5ib sageli ka restoranik\u00f6\u00f6kides kohata.","og_url":"https:\/\/bbqentertainment.com\/toode\/big-green-egg-soegrill-big-green-egg-mini-max\/","og_site_name":"BBQ Entertainment","article_publisher":"https:\/\/www.facebook.com\/BBQ-Entertainment-N-Catering-2437913376443540","article_modified_time":"2026-03-12T15:14:42+00:00","og_image":[{"width":960,"height":960,"url":"https:\/\/bbqentertainment.com\/wp-content\/uploads\/2025\/11\/minimax-Big-Green-Egg.png","type":"image\/png"}],"twitter_card":"summary_large_image","twitter_misc":{"Est. reading time":"1 minute"},"schema":{"@context":"https:\/\/schema.org","@graph":[{"@type":["WebPage","ItemPage"],"@id":"https:\/\/bbqentertainment.com\/toode\/big-green-egg-soegrill-big-green-egg-mini-max\/","url":"https:\/\/bbqentertainment.com\/toode\/big-green-egg-soegrill-big-green-egg-mini-max\/","name":"Big Green Egg S\u00f6egrill Big Green Egg Mini Max - BBQ Entertainment","isPartOf":{"@id":"https:\/\/bbqentertainment.com\/#website"},"primaryImageOfPage":{"@id":"https:\/\/bbqentertainment.com\/toode\/big-green-egg-soegrill-big-green-egg-mini-max\/#primaryimage"},"image":{"@id":"https:\/\/bbqentertainment.com\/toode\/big-green-egg-soegrill-big-green-egg-mini-max\/#primaryimage"},"thumbnailUrl":"https:\/\/bbqentertainment.com\/wp-content\/uploads\/2025\/11\/minimax-Big-Green-Egg.png","datePublished":"2025-11-26T17:04:52+00:00","dateModified":"2026-03-12T15:14:42+00:00","breadcrumb":{"@id":"https:\/\/bbqentertainment.com\/toode\/big-green-egg-soegrill-big-green-egg-mini-max\/#breadcrumb"},"inLanguage":"en-US","potentialAction":[{"@type":"ReadAction","target":["https:\/\/bbqentertainment.com\/toode\/big-green-egg-soegrill-big-green-egg-mini-max\/"]}]},{"@type":"ImageObject","inLanguage":"en-US","@id":"https:\/\/bbqentertainment.com\/toode\/big-green-egg-soegrill-big-green-egg-mini-max\/#primaryimage","url":"https:\/\/bbqentertainment.com\/wp-content\/uploads\/2025\/11\/minimax-Big-Green-Egg.png","contentUrl":"https:\/\/bbqentertainment.com\/wp-content\/uploads\/2025\/11\/minimax-Big-Green-Egg.png","width":960,"height":960},{"@type":"BreadcrumbList","@id":"https:\/\/bbqentertainment.com\/toode\/big-green-egg-soegrill-big-green-egg-mini-max\/#breadcrumb","itemListElement":[{"@type":"ListItem","position":1,"name":"AVALEHT","item":"https:\/\/bbqentertainment.com\/en\/"},{"@type":"ListItem","position":2,"name":"Tooted","item":"https:\/\/bbqentertainment.com\/tooted\/"},{"@type":"ListItem","position":3,"name":"Grillid ja ahjud","item":"https:\/\/bbqentertainment.com\/tootekategooria\/grillid-ja-ahjud\/"},{"@type":"ListItem","position":4,"name":"Big Green Egg","item":"https:\/\/bbqentertainment.com\/tootekategooria\/grillid-ja-ahjud\/big-green-egg\/"},{"@type":"ListItem","position":5,"name":"Big Green Egg S\u00f6egrill Big Green Egg Mini Max"}]},{"@type":"WebSite","@id":"https:\/\/bbqentertainment.com\/#website","url":"https:\/\/bbqentertainment.com\/","name":"BBQ Entertainment","description":"BBQ is a great lifestyle, not just fun!","publisher":{"@id":"https:\/\/bbqentertainment.com\/#organization"},"potentialAction":[{"@type":"SearchAction","target":{"@type":"EntryPoint","urlTemplate":"https:\/\/bbqentertainment.com\/?s={search_term_string}"},"query-input":{"@type":"PropertyValueSpecification","valueRequired":true,"valueName":"search_term_string"}}],"inLanguage":"en-US"},{"@type":"Organization","@id":"https:\/\/bbqentertainment.com\/#organization","name":"BBQ Entertainment O\u00dc","url":"https:\/\/bbqentertainment.com\/","logo":{"@type":"ImageObject","inLanguage":"en-US","@id":"https:\/\/bbqentertainment.com\/#\/schema\/logo\/image\/","url":"https:\/\/bbqentertainment.com\/wp-content\/uploads\/2020\/04\/BBQ-Entertainment-N-Catering-Enn-Tobreluts-Logo.png","contentUrl":"https:\/\/bbqentertainment.com\/wp-content\/uploads\/2020\/04\/BBQ-Entertainment-N-Catering-Enn-Tobreluts-Logo.png","width":628,"height":266,"caption":"BBQ Entertainment O\u00dc"},"image":{"@id":"https:\/\/bbqentertainment.com\/#\/schema\/logo\/image\/"},"sameAs":["https:\/\/www.facebook.com\/BBQ-Entertainment-N-Catering-2437913376443540","https:\/\/www.instagram.com\/bbqentertainmentncatering\/","https:\/\/www.youtube.com\/channel\/UCmpuANQVhLy2Md8nrenp2jA"]}]}},"_links":{"self":[{"href":"https:\/\/bbqentertainment.com\/en\/wp-json\/wp\/v2\/product\/255303","targetHints":{"allow":["GET"]}}],"collection":[{"href":"https:\/\/bbqentertainment.com\/en\/wp-json\/wp\/v2\/product"}],"about":[{"href":"https:\/\/bbqentertainment.com\/en\/wp-json\/wp\/v2\/types\/product"}],"wp:featuredmedia":[{"embeddable":true,"href":"https:\/\/bbqentertainment.com\/en\/wp-json\/wp\/v2\/media\/255647"}],"wp:attachment":[{"href":"https:\/\/bbqentertainment.com\/en\/wp-json\/wp\/v2\/media?parent=255303"}],"wp:term":[{"taxonomy":"product_brand","embeddable":true,"href":"https:\/\/bbqentertainment.com\/en\/wp-json\/wp\/v2\/product_brand?post=255303"},{"taxonomy":"product_cat","embeddable":true,"href":"https:\/\/bbqentertainment.com\/en\/wp-json\/wp\/v2\/product_cat?post=255303"},{"taxonomy":"product_tag","embeddable":true,"href":"https:\/\/bbqentertainment.com\/en\/wp-json\/wp\/v2\/product_tag?post=255303"}],"curies":[{"name":"wp","href":"https:\/\/api.w.org\/{rel}","templated":true}]}}