{"id":255305,"date":"2025-11-26T19:04:54","date_gmt":"2025-11-26T17:04:54","guid":{"rendered":"https:\/\/bbqentertainment.com\/?post_type=product&#038;p=255305"},"modified":"2026-03-12T17:14:43","modified_gmt":"2026-03-12T15:14:43","slug":"big-green-egg-soegrill-big-green-egg-m","status":"publish","type":"product","link":"https:\/\/bbqentertainment.com\/en\/toode\/big-green-egg-soegrill-big-green-egg-m\/","title":{"rendered":"Big Green Egg S\u00f6egrill Big Green Egg M"},"content":{"rendered":"","protected":false},"excerpt":{"rendered":"<h3>Big Green Egg S\u00f6egrill Big Green Egg M<\/h3>\n<p>Big Green Egg Medium on piisavalt kompaktne, et sobituda v\u00e4iksesse linnaaeda, terrassile v\u00f5i r\u00f5dule, samal ajal k\u00fcllalt suur, et grillida, suitsutada, hautada v\u00f5i k\u00fcpsetada roogasid 6\u20138 inimesele. Kui sul on aias Medium, v\u00f5id julgesti ka s\u00f5brad k\u00fclla kutsuda, et \u00fcheskoos ja m\u00f5nuga head toitu nautida. See on p\u00f5hjus, miks Medium on \u00fcks meie populaarsemaid mudeleid. Vahet pole, kas soovid aeglaselt k\u00fcpsetada, grillida v\u00f5i praadida \u2013 Mediumisse mahutad korraga 4\u20136 kg liha. Ja et ei unustaks mainida \u2013 Medium on ideaalne selleks, et proovida \u00e4ra meie populaarne \u00f5llepurgi-kana retsept! Medium on t\u00e4pselt \u00f5ige abiline ka v\u00f5rratute kala-, kreveti- v\u00f5i k\u00f6\u00f6giviljaroogade valmistamiseks. convEGGtori ja k\u00fcpsetuskivi abil saad oma Big Green Egg Mediumist hetkega pitsaahju, kus valmistad elu parimaid pitsasid. Nime poolest v\u00f5ib see grill olla ju keskmine ehk <em>medium<\/em>, kuid keskp\u00e4rasusest on asi kaugel!<\/p>\n","protected":false},"featured_media":255661,"template":"","meta":{"inline_featured_image":false},"product_brand":[],"product_cat":[661],"product_tag":[],"class_list":{"0":"post-255305","1":"product","2":"type-product","3":"status-publish","4":"has-post-thumbnail","6":"product_cat-big-green-egg","8":"first","9":"instock","10":"taxable","11":"shipping-taxable","12":"purchasable","13":"product-type-simple"},"yoast_head":"<!-- This site is optimized with the Yoast SEO plugin v27.2 - https:\/\/yoast.com\/product\/yoast-seo-wordpress\/ -->\n<title>Big Green Egg S\u00f6egrill Big Green Egg M - BBQ Entertainment<\/title>\n<meta name=\"robots\" content=\"index, follow, max-snippet:-1, max-image-preview:large, max-video-preview:-1\" \/>\n<link rel=\"canonical\" href=\"https:\/\/bbqentertainment.com\/toode\/big-green-egg-soegrill-big-green-egg-m\/\" \/>\n<meta property=\"og:locale\" content=\"en_US\" \/>\n<meta property=\"og:type\" content=\"article\" \/>\n<meta property=\"og:title\" content=\"Big Green Egg S\u00f6egrill Big Green Egg M - BBQ Entertainment\" \/>\n<meta property=\"og:description\" content=\"Big Green Egg S\u00f6egrill Big Green Egg M Big Green Egg Medium on piisavalt kompaktne, et sobituda v\u00e4iksesse linnaaeda, terrassile v\u00f5i r\u00f5dule, samal ajal k\u00fcllalt suur, et grillida, suitsutada, hautada v\u00f5i k\u00fcpsetada roogasid 6\u20138 inimesele. Kui sul on aias Medium, v\u00f5id julgesti ka s\u00f5brad k\u00fclla kutsuda, et \u00fcheskoos ja m\u00f5nuga head toitu nautida. See on p\u00f5hjus, miks Medium on \u00fcks meie populaarsemaid mudeleid. Vahet pole, kas soovid aeglaselt k\u00fcpsetada, grillida v\u00f5i praadida \u2013 Mediumisse mahutad korraga 4\u20136 kg liha. Ja et ei unustaks mainida \u2013 Medium on ideaalne selleks, et proovida \u00e4ra meie populaarne \u00f5llepurgi-kana retsept! Medium on t\u00e4pselt \u00f5ige abiline ka v\u00f5rratute kala-, kreveti- v\u00f5i k\u00f6\u00f6giviljaroogade valmistamiseks. convEGGtori ja k\u00fcpsetuskivi abil saad oma Big Green Egg Mediumist hetkega pitsaahju, kus valmistad elu parimaid pitsasid. Nime poolest v\u00f5ib see grill olla ju keskmine ehk medium, kuid keskp\u00e4rasusest on asi kaugel!\" \/>\n<meta property=\"og:url\" content=\"https:\/\/bbqentertainment.com\/toode\/big-green-egg-soegrill-big-green-egg-m\/\" \/>\n<meta property=\"og:site_name\" content=\"BBQ Entertainment\" \/>\n<meta property=\"article:publisher\" content=\"https:\/\/www.facebook.com\/BBQ-Entertainment-N-Catering-2437913376443540\" \/>\n<meta property=\"article:modified_time\" content=\"2026-03-12T15:14:43+00:00\" \/>\n<meta property=\"og:image\" content=\"https:\/\/bbqentertainment.com\/wp-content\/uploads\/2025\/11\/Medium-Big-Green-Egg.png\" \/>\n\t<meta property=\"og:image:width\" content=\"964\" \/>\n\t<meta property=\"og:image:height\" content=\"964\" \/>\n\t<meta property=\"og:image:type\" content=\"image\/png\" \/>\n<meta name=\"twitter:card\" content=\"summary_large_image\" \/>\n<meta name=\"twitter:label1\" content=\"Est. reading time\" \/>\n\t<meta name=\"twitter:data1\" content=\"1 minute\" \/>\n<script type=\"application\/ld+json\" class=\"yoast-schema-graph\">{\"@context\":\"https:\/\/schema.org\",\"@graph\":[{\"@type\":[\"WebPage\",\"ItemPage\"],\"@id\":\"https:\/\/bbqentertainment.com\/toode\/big-green-egg-soegrill-big-green-egg-m\/\",\"url\":\"https:\/\/bbqentertainment.com\/toode\/big-green-egg-soegrill-big-green-egg-m\/\",\"name\":\"Big Green Egg S\u00f6egrill Big Green Egg M - BBQ Entertainment\",\"isPartOf\":{\"@id\":\"https:\/\/bbqentertainment.com\/#website\"},\"primaryImageOfPage\":{\"@id\":\"https:\/\/bbqentertainment.com\/toode\/big-green-egg-soegrill-big-green-egg-m\/#primaryimage\"},\"image\":{\"@id\":\"https:\/\/bbqentertainment.com\/toode\/big-green-egg-soegrill-big-green-egg-m\/#primaryimage\"},\"thumbnailUrl\":\"https:\/\/bbqentertainment.com\/wp-content\/uploads\/2025\/11\/Medium-Big-Green-Egg.png\",\"datePublished\":\"2025-11-26T17:04:54+00:00\",\"dateModified\":\"2026-03-12T15:14:43+00:00\",\"breadcrumb\":{\"@id\":\"https:\/\/bbqentertainment.com\/toode\/big-green-egg-soegrill-big-green-egg-m\/#breadcrumb\"},\"inLanguage\":\"en-US\",\"potentialAction\":[{\"@type\":\"ReadAction\",\"target\":[\"https:\/\/bbqentertainment.com\/toode\/big-green-egg-soegrill-big-green-egg-m\/\"]}]},{\"@type\":\"ImageObject\",\"inLanguage\":\"en-US\",\"@id\":\"https:\/\/bbqentertainment.com\/toode\/big-green-egg-soegrill-big-green-egg-m\/#primaryimage\",\"url\":\"https:\/\/bbqentertainment.com\/wp-content\/uploads\/2025\/11\/Medium-Big-Green-Egg.png\",\"contentUrl\":\"https:\/\/bbqentertainment.com\/wp-content\/uploads\/2025\/11\/Medium-Big-Green-Egg.png\",\"width\":964,\"height\":964},{\"@type\":\"BreadcrumbList\",\"@id\":\"https:\/\/bbqentertainment.com\/toode\/big-green-egg-soegrill-big-green-egg-m\/#breadcrumb\",\"itemListElement\":[{\"@type\":\"ListItem\",\"position\":1,\"name\":\"AVALEHT\",\"item\":\"https:\/\/bbqentertainment.com\/en\/\"},{\"@type\":\"ListItem\",\"position\":2,\"name\":\"Tooted\",\"item\":\"https:\/\/bbqentertainment.com\/tooted\/\"},{\"@type\":\"ListItem\",\"position\":3,\"name\":\"Grillid ja ahjud\",\"item\":\"https:\/\/bbqentertainment.com\/tootekategooria\/grillid-ja-ahjud\/\"},{\"@type\":\"ListItem\",\"position\":4,\"name\":\"Big Green Egg\",\"item\":\"https:\/\/bbqentertainment.com\/tootekategooria\/grillid-ja-ahjud\/big-green-egg\/\"},{\"@type\":\"ListItem\",\"position\":5,\"name\":\"Big Green Egg S\u00f6egrill Big Green Egg M\"}]},{\"@type\":\"WebSite\",\"@id\":\"https:\/\/bbqentertainment.com\/#website\",\"url\":\"https:\/\/bbqentertainment.com\/\",\"name\":\"BBQ Entertainment\",\"description\":\"BBQ is a great lifestyle, not just fun!\",\"publisher\":{\"@id\":\"https:\/\/bbqentertainment.com\/#organization\"},\"potentialAction\":[{\"@type\":\"SearchAction\",\"target\":{\"@type\":\"EntryPoint\",\"urlTemplate\":\"https:\/\/bbqentertainment.com\/?s={search_term_string}\"},\"query-input\":{\"@type\":\"PropertyValueSpecification\",\"valueRequired\":true,\"valueName\":\"search_term_string\"}}],\"inLanguage\":\"en-US\"},{\"@type\":\"Organization\",\"@id\":\"https:\/\/bbqentertainment.com\/#organization\",\"name\":\"BBQ Entertainment O\u00dc\",\"url\":\"https:\/\/bbqentertainment.com\/\",\"logo\":{\"@type\":\"ImageObject\",\"inLanguage\":\"en-US\",\"@id\":\"https:\/\/bbqentertainment.com\/#\/schema\/logo\/image\/\",\"url\":\"https:\/\/bbqentertainment.com\/wp-content\/uploads\/2020\/04\/BBQ-Entertainment-N-Catering-Enn-Tobreluts-Logo.png\",\"contentUrl\":\"https:\/\/bbqentertainment.com\/wp-content\/uploads\/2020\/04\/BBQ-Entertainment-N-Catering-Enn-Tobreluts-Logo.png\",\"width\":628,\"height\":266,\"caption\":\"BBQ Entertainment O\u00dc\"},\"image\":{\"@id\":\"https:\/\/bbqentertainment.com\/#\/schema\/logo\/image\/\"},\"sameAs\":[\"https:\/\/www.facebook.com\/BBQ-Entertainment-N-Catering-2437913376443540\",\"https:\/\/www.instagram.com\/bbqentertainmentncatering\/\",\"https:\/\/www.youtube.com\/channel\/UCmpuANQVhLy2Md8nrenp2jA\"]}]}<\/script>\n<!-- \/ Yoast SEO plugin. -->","yoast_head_json":{"title":"Big Green Egg S\u00f6egrill Big Green Egg M - BBQ Entertainment","robots":{"index":"index","follow":"follow","max-snippet":"max-snippet:-1","max-image-preview":"max-image-preview:large","max-video-preview":"max-video-preview:-1"},"canonical":"https:\/\/bbqentertainment.com\/toode\/big-green-egg-soegrill-big-green-egg-m\/","og_locale":"en_US","og_type":"article","og_title":"Big Green Egg S\u00f6egrill Big Green Egg M - BBQ Entertainment","og_description":"Big Green Egg S\u00f6egrill Big Green Egg M Big Green Egg Medium on piisavalt kompaktne, et sobituda v\u00e4iksesse linnaaeda, terrassile v\u00f5i r\u00f5dule, samal ajal k\u00fcllalt suur, et grillida, suitsutada, hautada v\u00f5i k\u00fcpsetada roogasid 6\u20138 inimesele. Kui sul on aias Medium, v\u00f5id julgesti ka s\u00f5brad k\u00fclla kutsuda, et \u00fcheskoos ja m\u00f5nuga head toitu nautida. See on p\u00f5hjus, miks Medium on \u00fcks meie populaarsemaid mudeleid. Vahet pole, kas soovid aeglaselt k\u00fcpsetada, grillida v\u00f5i praadida \u2013 Mediumisse mahutad korraga 4\u20136 kg liha. Ja et ei unustaks mainida \u2013 Medium on ideaalne selleks, et proovida \u00e4ra meie populaarne \u00f5llepurgi-kana retsept! Medium on t\u00e4pselt \u00f5ige abiline ka v\u00f5rratute kala-, kreveti- v\u00f5i k\u00f6\u00f6giviljaroogade valmistamiseks. convEGGtori ja k\u00fcpsetuskivi abil saad oma Big Green Egg Mediumist hetkega pitsaahju, kus valmistad elu parimaid pitsasid. Nime poolest v\u00f5ib see grill olla ju keskmine ehk medium, kuid keskp\u00e4rasusest on asi kaugel!","og_url":"https:\/\/bbqentertainment.com\/toode\/big-green-egg-soegrill-big-green-egg-m\/","og_site_name":"BBQ Entertainment","article_publisher":"https:\/\/www.facebook.com\/BBQ-Entertainment-N-Catering-2437913376443540","article_modified_time":"2026-03-12T15:14:43+00:00","og_image":[{"width":964,"height":964,"url":"https:\/\/bbqentertainment.com\/wp-content\/uploads\/2025\/11\/Medium-Big-Green-Egg.png","type":"image\/png"}],"twitter_card":"summary_large_image","twitter_misc":{"Est. reading time":"1 minute"},"schema":{"@context":"https:\/\/schema.org","@graph":[{"@type":["WebPage","ItemPage"],"@id":"https:\/\/bbqentertainment.com\/toode\/big-green-egg-soegrill-big-green-egg-m\/","url":"https:\/\/bbqentertainment.com\/toode\/big-green-egg-soegrill-big-green-egg-m\/","name":"Big Green Egg S\u00f6egrill Big Green Egg M - BBQ Entertainment","isPartOf":{"@id":"https:\/\/bbqentertainment.com\/#website"},"primaryImageOfPage":{"@id":"https:\/\/bbqentertainment.com\/toode\/big-green-egg-soegrill-big-green-egg-m\/#primaryimage"},"image":{"@id":"https:\/\/bbqentertainment.com\/toode\/big-green-egg-soegrill-big-green-egg-m\/#primaryimage"},"thumbnailUrl":"https:\/\/bbqentertainment.com\/wp-content\/uploads\/2025\/11\/Medium-Big-Green-Egg.png","datePublished":"2025-11-26T17:04:54+00:00","dateModified":"2026-03-12T15:14:43+00:00","breadcrumb":{"@id":"https:\/\/bbqentertainment.com\/toode\/big-green-egg-soegrill-big-green-egg-m\/#breadcrumb"},"inLanguage":"en-US","potentialAction":[{"@type":"ReadAction","target":["https:\/\/bbqentertainment.com\/toode\/big-green-egg-soegrill-big-green-egg-m\/"]}]},{"@type":"ImageObject","inLanguage":"en-US","@id":"https:\/\/bbqentertainment.com\/toode\/big-green-egg-soegrill-big-green-egg-m\/#primaryimage","url":"https:\/\/bbqentertainment.com\/wp-content\/uploads\/2025\/11\/Medium-Big-Green-Egg.png","contentUrl":"https:\/\/bbqentertainment.com\/wp-content\/uploads\/2025\/11\/Medium-Big-Green-Egg.png","width":964,"height":964},{"@type":"BreadcrumbList","@id":"https:\/\/bbqentertainment.com\/toode\/big-green-egg-soegrill-big-green-egg-m\/#breadcrumb","itemListElement":[{"@type":"ListItem","position":1,"name":"AVALEHT","item":"https:\/\/bbqentertainment.com\/en\/"},{"@type":"ListItem","position":2,"name":"Tooted","item":"https:\/\/bbqentertainment.com\/tooted\/"},{"@type":"ListItem","position":3,"name":"Grillid ja ahjud","item":"https:\/\/bbqentertainment.com\/tootekategooria\/grillid-ja-ahjud\/"},{"@type":"ListItem","position":4,"name":"Big Green Egg","item":"https:\/\/bbqentertainment.com\/tootekategooria\/grillid-ja-ahjud\/big-green-egg\/"},{"@type":"ListItem","position":5,"name":"Big Green Egg S\u00f6egrill Big Green Egg M"}]},{"@type":"WebSite","@id":"https:\/\/bbqentertainment.com\/#website","url":"https:\/\/bbqentertainment.com\/","name":"BBQ Entertainment","description":"BBQ is a great lifestyle, not just fun!","publisher":{"@id":"https:\/\/bbqentertainment.com\/#organization"},"potentialAction":[{"@type":"SearchAction","target":{"@type":"EntryPoint","urlTemplate":"https:\/\/bbqentertainment.com\/?s={search_term_string}"},"query-input":{"@type":"PropertyValueSpecification","valueRequired":true,"valueName":"search_term_string"}}],"inLanguage":"en-US"},{"@type":"Organization","@id":"https:\/\/bbqentertainment.com\/#organization","name":"BBQ Entertainment O\u00dc","url":"https:\/\/bbqentertainment.com\/","logo":{"@type":"ImageObject","inLanguage":"en-US","@id":"https:\/\/bbqentertainment.com\/#\/schema\/logo\/image\/","url":"https:\/\/bbqentertainment.com\/wp-content\/uploads\/2020\/04\/BBQ-Entertainment-N-Catering-Enn-Tobreluts-Logo.png","contentUrl":"https:\/\/bbqentertainment.com\/wp-content\/uploads\/2020\/04\/BBQ-Entertainment-N-Catering-Enn-Tobreluts-Logo.png","width":628,"height":266,"caption":"BBQ Entertainment O\u00dc"},"image":{"@id":"https:\/\/bbqentertainment.com\/#\/schema\/logo\/image\/"},"sameAs":["https:\/\/www.facebook.com\/BBQ-Entertainment-N-Catering-2437913376443540","https:\/\/www.instagram.com\/bbqentertainmentncatering\/","https:\/\/www.youtube.com\/channel\/UCmpuANQVhLy2Md8nrenp2jA"]}]}},"_links":{"self":[{"href":"https:\/\/bbqentertainment.com\/en\/wp-json\/wp\/v2\/product\/255305","targetHints":{"allow":["GET"]}}],"collection":[{"href":"https:\/\/bbqentertainment.com\/en\/wp-json\/wp\/v2\/product"}],"about":[{"href":"https:\/\/bbqentertainment.com\/en\/wp-json\/wp\/v2\/types\/product"}],"wp:featuredmedia":[{"embeddable":true,"href":"https:\/\/bbqentertainment.com\/en\/wp-json\/wp\/v2\/media\/255661"}],"wp:attachment":[{"href":"https:\/\/bbqentertainment.com\/en\/wp-json\/wp\/v2\/media?parent=255305"}],"wp:term":[{"taxonomy":"product_brand","embeddable":true,"href":"https:\/\/bbqentertainment.com\/en\/wp-json\/wp\/v2\/product_brand?post=255305"},{"taxonomy":"product_cat","embeddable":true,"href":"https:\/\/bbqentertainment.com\/en\/wp-json\/wp\/v2\/product_cat?post=255305"},{"taxonomy":"product_tag","embeddable":true,"href":"https:\/\/bbqentertainment.com\/en\/wp-json\/wp\/v2\/product_tag?post=255305"}],"curies":[{"name":"wp","href":"https:\/\/api.w.org\/{rel}","templated":true}]}}