{"id":255307,"date":"2025-11-26T19:04:56","date_gmt":"2025-11-26T17:04:56","guid":{"rendered":"https:\/\/bbqentertainment.com\/?post_type=product&#038;p=255307"},"modified":"2026-03-12T17:14:43","modified_gmt":"2026-03-12T15:14:43","slug":"big-green-egg-soegrill-big-green-egg-l","status":"publish","type":"product","link":"https:\/\/bbqentertainment.com\/en\/toode\/big-green-egg-soegrill-big-green-egg-l\/","title":{"rendered":"Big Green Egg S\u00f6egrill Big Green Egg L"},"content":{"rendered":"","protected":false},"excerpt":{"rendered":"<h3>Big Green Egg S\u00f6egrill Big Green Egg L<\/h3>\n<p>Big Green Egg Large on tootepere k\u00f5ige populaarsem EGG. Selle avaral k\u00fcpsetuspinnal on v\u00f5imalik k\u00fcpsetada k\u00f5iki sinu, su pere ja s\u00f5prade lemmikroogi. Suures EGGis on piisavalt ruumi, et pakkuda korraga s\u00fc\u00fca v\u00e4hemalt kaheksale inimesele ja lisaks on sul v\u00f5imalik k\u00f5ike samaaegselt k\u00fcpsetada. T\u00e4nu suure EGGi ruumikusele saad mugavalt kasv\u00f5i kolmek\u00e4igulise men\u00fc\u00fc ette v\u00f5tta. Paiguta Large meie akaatsiapuidust laua sisse v\u00f5i sobita oma v\u00e4lik\u00f6\u00f6ki. V\u00f5id t\u00f5sta selle ratastega alusele, mille tugeva k\u00e4epideme abil saad oma grilli lihtsalt ja ohutult teise kohta viia. Kui tahad k\u00f5iki Big Green Eggi v\u00f5imalusi maksimaalselt \u00e4ra kasutada, siis on Large ideaalne valik. Sellel mudelil on k\u00f5ige rohkem lisatarvikuid \u2013 loetelu on sama suur kui selle EGGi nimigi \u2013<em> large<\/em>. Kui sul on Large kodus, siis k\u00fcllap leiad \u00fcsna varsti p\u00f5hjuse \u00fche spontaanse Big Green Eggi peo korraldamiseks!<\/p>\n","protected":false},"featured_media":255682,"template":"","meta":{"inline_featured_image":false},"product_brand":[],"product_cat":[661],"product_tag":[],"class_list":{"0":"post-255307","1":"product","2":"type-product","3":"status-publish","4":"has-post-thumbnail","6":"product_cat-big-green-egg","8":"first","9":"instock","10":"taxable","11":"shipping-taxable","12":"purchasable","13":"product-type-simple"},"yoast_head":"<!-- This site is optimized with the Yoast SEO plugin v27.2 - https:\/\/yoast.com\/product\/yoast-seo-wordpress\/ -->\n<title>Big Green Egg S\u00f6egrill Big Green Egg L - BBQ Entertainment<\/title>\n<meta name=\"robots\" content=\"index, follow, max-snippet:-1, max-image-preview:large, max-video-preview:-1\" \/>\n<link rel=\"canonical\" href=\"https:\/\/bbqentertainment.com\/toode\/big-green-egg-soegrill-big-green-egg-l\/\" \/>\n<meta property=\"og:locale\" content=\"en_US\" \/>\n<meta property=\"og:type\" content=\"article\" \/>\n<meta property=\"og:title\" content=\"Big Green Egg S\u00f6egrill Big Green Egg L - BBQ Entertainment\" \/>\n<meta property=\"og:description\" content=\"Big Green Egg S\u00f6egrill Big Green Egg L Big Green Egg Large on tootepere k\u00f5ige populaarsem EGG. Selle avaral k\u00fcpsetuspinnal on v\u00f5imalik k\u00fcpsetada k\u00f5iki sinu, su pere ja s\u00f5prade lemmikroogi. Suures EGGis on piisavalt ruumi, et pakkuda korraga s\u00fc\u00fca v\u00e4hemalt kaheksale inimesele ja lisaks on sul v\u00f5imalik k\u00f5ike samaaegselt k\u00fcpsetada. T\u00e4nu suure EGGi ruumikusele saad mugavalt kasv\u00f5i kolmek\u00e4igulise men\u00fc\u00fc ette v\u00f5tta. Paiguta Large meie akaatsiapuidust laua sisse v\u00f5i sobita oma v\u00e4lik\u00f6\u00f6ki. V\u00f5id t\u00f5sta selle ratastega alusele, mille tugeva k\u00e4epideme abil saad oma grilli lihtsalt ja ohutult teise kohta viia. Kui tahad k\u00f5iki Big Green Eggi v\u00f5imalusi maksimaalselt \u00e4ra kasutada, siis on Large ideaalne valik. Sellel mudelil on k\u00f5ige rohkem lisatarvikuid \u2013 loetelu on sama suur kui selle EGGi nimigi \u2013 large. Kui sul on Large kodus, siis k\u00fcllap leiad \u00fcsna varsti p\u00f5hjuse \u00fche spontaanse Big Green Eggi peo korraldamiseks!\" \/>\n<meta property=\"og:url\" content=\"https:\/\/bbqentertainment.com\/toode\/big-green-egg-soegrill-big-green-egg-l\/\" \/>\n<meta property=\"og:site_name\" content=\"BBQ Entertainment\" \/>\n<meta property=\"article:publisher\" content=\"https:\/\/www.facebook.com\/BBQ-Entertainment-N-Catering-2437913376443540\" \/>\n<meta property=\"article:modified_time\" content=\"2026-03-12T15:14:43+00:00\" \/>\n<meta property=\"og:image\" content=\"https:\/\/bbqentertainment.com\/wp-content\/uploads\/2025\/11\/Large-Big-Green-Egg.png\" \/>\n\t<meta property=\"og:image:width\" content=\"928\" \/>\n\t<meta property=\"og:image:height\" content=\"928\" \/>\n\t<meta property=\"og:image:type\" content=\"image\/png\" \/>\n<meta name=\"twitter:card\" content=\"summary_large_image\" \/>\n<script type=\"application\/ld+json\" class=\"yoast-schema-graph\">{\"@context\":\"https:\/\/schema.org\",\"@graph\":[{\"@type\":[\"WebPage\",\"ItemPage\"],\"@id\":\"https:\/\/bbqentertainment.com\/toode\/big-green-egg-soegrill-big-green-egg-l\/\",\"url\":\"https:\/\/bbqentertainment.com\/toode\/big-green-egg-soegrill-big-green-egg-l\/\",\"name\":\"Big Green Egg S\u00f6egrill Big Green Egg L - BBQ Entertainment\",\"isPartOf\":{\"@id\":\"https:\/\/bbqentertainment.com\/#website\"},\"primaryImageOfPage\":{\"@id\":\"https:\/\/bbqentertainment.com\/toode\/big-green-egg-soegrill-big-green-egg-l\/#primaryimage\"},\"image\":{\"@id\":\"https:\/\/bbqentertainment.com\/toode\/big-green-egg-soegrill-big-green-egg-l\/#primaryimage\"},\"thumbnailUrl\":\"https:\/\/bbqentertainment.com\/wp-content\/uploads\/2025\/11\/Large-Big-Green-Egg.png\",\"datePublished\":\"2025-11-26T17:04:56+00:00\",\"dateModified\":\"2026-03-12T15:14:43+00:00\",\"breadcrumb\":{\"@id\":\"https:\/\/bbqentertainment.com\/toode\/big-green-egg-soegrill-big-green-egg-l\/#breadcrumb\"},\"inLanguage\":\"en-US\",\"potentialAction\":[{\"@type\":\"ReadAction\",\"target\":[\"https:\/\/bbqentertainment.com\/toode\/big-green-egg-soegrill-big-green-egg-l\/\"]}]},{\"@type\":\"ImageObject\",\"inLanguage\":\"en-US\",\"@id\":\"https:\/\/bbqentertainment.com\/toode\/big-green-egg-soegrill-big-green-egg-l\/#primaryimage\",\"url\":\"https:\/\/bbqentertainment.com\/wp-content\/uploads\/2025\/11\/Large-Big-Green-Egg.png\",\"contentUrl\":\"https:\/\/bbqentertainment.com\/wp-content\/uploads\/2025\/11\/Large-Big-Green-Egg.png\",\"width\":928,\"height\":928},{\"@type\":\"BreadcrumbList\",\"@id\":\"https:\/\/bbqentertainment.com\/toode\/big-green-egg-soegrill-big-green-egg-l\/#breadcrumb\",\"itemListElement\":[{\"@type\":\"ListItem\",\"position\":1,\"name\":\"AVALEHT\",\"item\":\"https:\/\/bbqentertainment.com\/en\/\"},{\"@type\":\"ListItem\",\"position\":2,\"name\":\"Tooted\",\"item\":\"https:\/\/bbqentertainment.com\/tooted\/\"},{\"@type\":\"ListItem\",\"position\":3,\"name\":\"Grillid ja ahjud\",\"item\":\"https:\/\/bbqentertainment.com\/tootekategooria\/grillid-ja-ahjud\/\"},{\"@type\":\"ListItem\",\"position\":4,\"name\":\"Big Green Egg\",\"item\":\"https:\/\/bbqentertainment.com\/tootekategooria\/grillid-ja-ahjud\/big-green-egg\/\"},{\"@type\":\"ListItem\",\"position\":5,\"name\":\"Big Green Egg S\u00f6egrill Big Green Egg L\"}]},{\"@type\":\"WebSite\",\"@id\":\"https:\/\/bbqentertainment.com\/#website\",\"url\":\"https:\/\/bbqentertainment.com\/\",\"name\":\"BBQ Entertainment\",\"description\":\"BBQ is a great lifestyle, not just fun!\",\"publisher\":{\"@id\":\"https:\/\/bbqentertainment.com\/#organization\"},\"potentialAction\":[{\"@type\":\"SearchAction\",\"target\":{\"@type\":\"EntryPoint\",\"urlTemplate\":\"https:\/\/bbqentertainment.com\/?s={search_term_string}\"},\"query-input\":{\"@type\":\"PropertyValueSpecification\",\"valueRequired\":true,\"valueName\":\"search_term_string\"}}],\"inLanguage\":\"en-US\"},{\"@type\":\"Organization\",\"@id\":\"https:\/\/bbqentertainment.com\/#organization\",\"name\":\"BBQ Entertainment O\u00dc\",\"url\":\"https:\/\/bbqentertainment.com\/\",\"logo\":{\"@type\":\"ImageObject\",\"inLanguage\":\"en-US\",\"@id\":\"https:\/\/bbqentertainment.com\/#\/schema\/logo\/image\/\",\"url\":\"https:\/\/bbqentertainment.com\/wp-content\/uploads\/2020\/04\/BBQ-Entertainment-N-Catering-Enn-Tobreluts-Logo.png\",\"contentUrl\":\"https:\/\/bbqentertainment.com\/wp-content\/uploads\/2020\/04\/BBQ-Entertainment-N-Catering-Enn-Tobreluts-Logo.png\",\"width\":628,\"height\":266,\"caption\":\"BBQ Entertainment O\u00dc\"},\"image\":{\"@id\":\"https:\/\/bbqentertainment.com\/#\/schema\/logo\/image\/\"},\"sameAs\":[\"https:\/\/www.facebook.com\/BBQ-Entertainment-N-Catering-2437913376443540\",\"https:\/\/www.instagram.com\/bbqentertainmentncatering\/\",\"https:\/\/www.youtube.com\/channel\/UCmpuANQVhLy2Md8nrenp2jA\"]}]}<\/script>\n<!-- \/ Yoast SEO plugin. -->","yoast_head_json":{"title":"Big Green Egg S\u00f6egrill Big Green Egg L - BBQ Entertainment","robots":{"index":"index","follow":"follow","max-snippet":"max-snippet:-1","max-image-preview":"max-image-preview:large","max-video-preview":"max-video-preview:-1"},"canonical":"https:\/\/bbqentertainment.com\/toode\/big-green-egg-soegrill-big-green-egg-l\/","og_locale":"en_US","og_type":"article","og_title":"Big Green Egg S\u00f6egrill Big Green Egg L - BBQ Entertainment","og_description":"Big Green Egg S\u00f6egrill Big Green Egg L Big Green Egg Large on tootepere k\u00f5ige populaarsem EGG. Selle avaral k\u00fcpsetuspinnal on v\u00f5imalik k\u00fcpsetada k\u00f5iki sinu, su pere ja s\u00f5prade lemmikroogi. Suures EGGis on piisavalt ruumi, et pakkuda korraga s\u00fc\u00fca v\u00e4hemalt kaheksale inimesele ja lisaks on sul v\u00f5imalik k\u00f5ike samaaegselt k\u00fcpsetada. T\u00e4nu suure EGGi ruumikusele saad mugavalt kasv\u00f5i kolmek\u00e4igulise men\u00fc\u00fc ette v\u00f5tta. Paiguta Large meie akaatsiapuidust laua sisse v\u00f5i sobita oma v\u00e4lik\u00f6\u00f6ki. V\u00f5id t\u00f5sta selle ratastega alusele, mille tugeva k\u00e4epideme abil saad oma grilli lihtsalt ja ohutult teise kohta viia. Kui tahad k\u00f5iki Big Green Eggi v\u00f5imalusi maksimaalselt \u00e4ra kasutada, siis on Large ideaalne valik. Sellel mudelil on k\u00f5ige rohkem lisatarvikuid \u2013 loetelu on sama suur kui selle EGGi nimigi \u2013 large. Kui sul on Large kodus, siis k\u00fcllap leiad \u00fcsna varsti p\u00f5hjuse \u00fche spontaanse Big Green Eggi peo korraldamiseks!","og_url":"https:\/\/bbqentertainment.com\/toode\/big-green-egg-soegrill-big-green-egg-l\/","og_site_name":"BBQ Entertainment","article_publisher":"https:\/\/www.facebook.com\/BBQ-Entertainment-N-Catering-2437913376443540","article_modified_time":"2026-03-12T15:14:43+00:00","og_image":[{"width":928,"height":928,"url":"https:\/\/bbqentertainment.com\/wp-content\/uploads\/2025\/11\/Large-Big-Green-Egg.png","type":"image\/png"}],"twitter_card":"summary_large_image","schema":{"@context":"https:\/\/schema.org","@graph":[{"@type":["WebPage","ItemPage"],"@id":"https:\/\/bbqentertainment.com\/toode\/big-green-egg-soegrill-big-green-egg-l\/","url":"https:\/\/bbqentertainment.com\/toode\/big-green-egg-soegrill-big-green-egg-l\/","name":"Big Green Egg S\u00f6egrill Big Green Egg L - BBQ Entertainment","isPartOf":{"@id":"https:\/\/bbqentertainment.com\/#website"},"primaryImageOfPage":{"@id":"https:\/\/bbqentertainment.com\/toode\/big-green-egg-soegrill-big-green-egg-l\/#primaryimage"},"image":{"@id":"https:\/\/bbqentertainment.com\/toode\/big-green-egg-soegrill-big-green-egg-l\/#primaryimage"},"thumbnailUrl":"https:\/\/bbqentertainment.com\/wp-content\/uploads\/2025\/11\/Large-Big-Green-Egg.png","datePublished":"2025-11-26T17:04:56+00:00","dateModified":"2026-03-12T15:14:43+00:00","breadcrumb":{"@id":"https:\/\/bbqentertainment.com\/toode\/big-green-egg-soegrill-big-green-egg-l\/#breadcrumb"},"inLanguage":"en-US","potentialAction":[{"@type":"ReadAction","target":["https:\/\/bbqentertainment.com\/toode\/big-green-egg-soegrill-big-green-egg-l\/"]}]},{"@type":"ImageObject","inLanguage":"en-US","@id":"https:\/\/bbqentertainment.com\/toode\/big-green-egg-soegrill-big-green-egg-l\/#primaryimage","url":"https:\/\/bbqentertainment.com\/wp-content\/uploads\/2025\/11\/Large-Big-Green-Egg.png","contentUrl":"https:\/\/bbqentertainment.com\/wp-content\/uploads\/2025\/11\/Large-Big-Green-Egg.png","width":928,"height":928},{"@type":"BreadcrumbList","@id":"https:\/\/bbqentertainment.com\/toode\/big-green-egg-soegrill-big-green-egg-l\/#breadcrumb","itemListElement":[{"@type":"ListItem","position":1,"name":"AVALEHT","item":"https:\/\/bbqentertainment.com\/en\/"},{"@type":"ListItem","position":2,"name":"Tooted","item":"https:\/\/bbqentertainment.com\/tooted\/"},{"@type":"ListItem","position":3,"name":"Grillid ja ahjud","item":"https:\/\/bbqentertainment.com\/tootekategooria\/grillid-ja-ahjud\/"},{"@type":"ListItem","position":4,"name":"Big Green Egg","item":"https:\/\/bbqentertainment.com\/tootekategooria\/grillid-ja-ahjud\/big-green-egg\/"},{"@type":"ListItem","position":5,"name":"Big Green Egg S\u00f6egrill Big Green Egg L"}]},{"@type":"WebSite","@id":"https:\/\/bbqentertainment.com\/#website","url":"https:\/\/bbqentertainment.com\/","name":"BBQ Entertainment","description":"BBQ is a great lifestyle, not just fun!","publisher":{"@id":"https:\/\/bbqentertainment.com\/#organization"},"potentialAction":[{"@type":"SearchAction","target":{"@type":"EntryPoint","urlTemplate":"https:\/\/bbqentertainment.com\/?s={search_term_string}"},"query-input":{"@type":"PropertyValueSpecification","valueRequired":true,"valueName":"search_term_string"}}],"inLanguage":"en-US"},{"@type":"Organization","@id":"https:\/\/bbqentertainment.com\/#organization","name":"BBQ Entertainment O\u00dc","url":"https:\/\/bbqentertainment.com\/","logo":{"@type":"ImageObject","inLanguage":"en-US","@id":"https:\/\/bbqentertainment.com\/#\/schema\/logo\/image\/","url":"https:\/\/bbqentertainment.com\/wp-content\/uploads\/2020\/04\/BBQ-Entertainment-N-Catering-Enn-Tobreluts-Logo.png","contentUrl":"https:\/\/bbqentertainment.com\/wp-content\/uploads\/2020\/04\/BBQ-Entertainment-N-Catering-Enn-Tobreluts-Logo.png","width":628,"height":266,"caption":"BBQ Entertainment O\u00dc"},"image":{"@id":"https:\/\/bbqentertainment.com\/#\/schema\/logo\/image\/"},"sameAs":["https:\/\/www.facebook.com\/BBQ-Entertainment-N-Catering-2437913376443540","https:\/\/www.instagram.com\/bbqentertainmentncatering\/","https:\/\/www.youtube.com\/channel\/UCmpuANQVhLy2Md8nrenp2jA"]}]}},"_links":{"self":[{"href":"https:\/\/bbqentertainment.com\/en\/wp-json\/wp\/v2\/product\/255307","targetHints":{"allow":["GET"]}}],"collection":[{"href":"https:\/\/bbqentertainment.com\/en\/wp-json\/wp\/v2\/product"}],"about":[{"href":"https:\/\/bbqentertainment.com\/en\/wp-json\/wp\/v2\/types\/product"}],"wp:featuredmedia":[{"embeddable":true,"href":"https:\/\/bbqentertainment.com\/en\/wp-json\/wp\/v2\/media\/255682"}],"wp:attachment":[{"href":"https:\/\/bbqentertainment.com\/en\/wp-json\/wp\/v2\/media?parent=255307"}],"wp:term":[{"taxonomy":"product_brand","embeddable":true,"href":"https:\/\/bbqentertainment.com\/en\/wp-json\/wp\/v2\/product_brand?post=255307"},{"taxonomy":"product_cat","embeddable":true,"href":"https:\/\/bbqentertainment.com\/en\/wp-json\/wp\/v2\/product_cat?post=255307"},{"taxonomy":"product_tag","embeddable":true,"href":"https:\/\/bbqentertainment.com\/en\/wp-json\/wp\/v2\/product_tag?post=255307"}],"curies":[{"name":"wp","href":"https:\/\/api.w.org\/{rel}","templated":true}]}}