{"id":255347,"date":"2025-11-26T19:05:26","date_gmt":"2025-11-26T17:05:26","guid":{"rendered":"https:\/\/bbqentertainment.com\/?post_type=product&#038;p=255347"},"modified":"2026-03-12T16:50:23","modified_gmt":"2026-03-12T14:50:23","slug":"big-green-egg-kate-kuplile-xl-l","status":"publish","type":"product","link":"https:\/\/bbqentertainment.com\/en\/toode\/big-green-egg-kate-kuplile-xl-l\/","title":{"rendered":"Big Green Egg Kate kuplile XL, L"},"content":{"rendered":"","protected":false},"excerpt":{"rendered":"<h3>Big Green Egg Kate kuplile XL, L<\/h3>\n<p>Rahesadu v\u00f5i kuumalaine? Hoolitse EGGi katte abil, et su Big Green Egg oleks alati nagu uus. See eriti kvaliteetne \u00f5hku l\u00e4bilaskev kaitsekiht talub igasugust ilma. Saad selle h\u00f5lpsalt peale panna ja \u00e4ra v\u00f5tta ning t\u00e4nu takjakinnitusele sobib see igale EGGile tihedalt \u00fcmber. Stiilselt must kujundus \u00e4ratuntava Big Green Egg logoga n\u00e4eb igal EGGil hea v\u00e4lja. See peab vastu aastaid, ilma et v\u00e4rvus luituks. EGGi katteid saad k\u00e4sitsi pesta ja panna n\u00f6\u00f6rile kuivama.<\/p>\n<p>Sobib mudelitele Large, XLarge.<\/p>\n","protected":false},"featured_media":255815,"template":"","meta":{"inline_featured_image":false},"product_brand":[],"product_cat":[236],"product_tag":[],"class_list":{"0":"post-255347","1":"product","2":"type-product","3":"status-publish","4":"has-post-thumbnail","6":"product_cat-grillilauad","8":"first","9":"instock","10":"taxable","11":"shipping-taxable","12":"purchasable","13":"product-type-simple"},"yoast_head":"<!-- This site is optimized with the Yoast SEO plugin v27.4 - https:\/\/yoast.com\/product\/yoast-seo-wordpress\/ -->\n<title>Big Green Egg Kate kuplile XL, L - BBQ Entertainment<\/title>\n<meta name=\"robots\" content=\"index, follow, max-snippet:-1, max-image-preview:large, max-video-preview:-1\" \/>\n<link rel=\"canonical\" href=\"https:\/\/bbqentertainment.com\/toode\/big-green-egg-kate-kuplile-xl-l\/\" \/>\n<meta property=\"og:locale\" content=\"en_US\" \/>\n<meta property=\"og:type\" content=\"article\" \/>\n<meta property=\"og:title\" content=\"Big Green Egg Kate kuplile XL, L - BBQ Entertainment\" \/>\n<meta property=\"og:description\" content=\"Big Green Egg Kate kuplile XL, L Rahesadu v\u00f5i kuumalaine? Hoolitse EGGi katte abil, et su Big Green Egg oleks alati nagu uus. See eriti kvaliteetne \u00f5hku l\u00e4bilaskev kaitsekiht talub igasugust ilma. Saad selle h\u00f5lpsalt peale panna ja \u00e4ra v\u00f5tta ning t\u00e4nu takjakinnitusele sobib see igale EGGile tihedalt \u00fcmber. Stiilselt must kujundus \u00e4ratuntava Big Green Egg logoga n\u00e4eb igal EGGil hea v\u00e4lja. See peab vastu aastaid, ilma et v\u00e4rvus luituks. EGGi katteid saad k\u00e4sitsi pesta ja panna n\u00f6\u00f6rile kuivama.  Sobib mudelitele Large, XLarge.\" \/>\n<meta property=\"og:url\" content=\"https:\/\/bbqentertainment.com\/toode\/big-green-egg-kate-kuplile-xl-l\/\" \/>\n<meta property=\"og:site_name\" content=\"BBQ Entertainment\" \/>\n<meta property=\"article:publisher\" content=\"https:\/\/www.facebook.com\/BBQ-Entertainment-N-Catering-2437913376443540\" \/>\n<meta property=\"article:modified_time\" content=\"2026-03-12T14:50:23+00:00\" \/>\n<meta property=\"og:image\" content=\"https:\/\/bbqentertainment.com\/wp-content\/uploads\/2025\/11\/EGG-kate-kuplile-voi-integreeritud-Egg.png\" \/>\n\t<meta property=\"og:image:width\" content=\"583\" \/>\n\t<meta property=\"og:image:height\" content=\"583\" \/>\n\t<meta property=\"og:image:type\" content=\"image\/png\" \/>\n<meta name=\"twitter:card\" content=\"summary_large_image\" \/>\n<meta name=\"twitter:label1\" content=\"Est. reading time\" \/>\n\t<meta name=\"twitter:data1\" content=\"1 minute\" \/>\n<script type=\"application\/ld+json\" class=\"yoast-schema-graph\">{\"@context\":\"https:\\\/\\\/schema.org\",\"@graph\":[{\"@type\":[\"WebPage\",\"ItemPage\"],\"@id\":\"https:\\\/\\\/bbqentertainment.com\\\/toode\\\/big-green-egg-kate-kuplile-xl-l\\\/\",\"url\":\"https:\\\/\\\/bbqentertainment.com\\\/toode\\\/big-green-egg-kate-kuplile-xl-l\\\/\",\"name\":\"Big Green Egg Kate kuplile XL, L - BBQ Entertainment\",\"isPartOf\":{\"@id\":\"https:\\\/\\\/bbqentertainment.com\\\/#website\"},\"primaryImageOfPage\":{\"@id\":\"https:\\\/\\\/bbqentertainment.com\\\/toode\\\/big-green-egg-kate-kuplile-xl-l\\\/#primaryimage\"},\"image\":{\"@id\":\"https:\\\/\\\/bbqentertainment.com\\\/toode\\\/big-green-egg-kate-kuplile-xl-l\\\/#primaryimage\"},\"thumbnailUrl\":\"https:\\\/\\\/bbqentertainment.com\\\/wp-content\\\/uploads\\\/2025\\\/11\\\/EGG-kate-kuplile-voi-integreeritud-Egg.png\",\"datePublished\":\"2025-11-26T17:05:26+00:00\",\"dateModified\":\"2026-03-12T14:50:23+00:00\",\"breadcrumb\":{\"@id\":\"https:\\\/\\\/bbqentertainment.com\\\/toode\\\/big-green-egg-kate-kuplile-xl-l\\\/#breadcrumb\"},\"inLanguage\":\"en-US\",\"potentialAction\":[{\"@type\":\"ReadAction\",\"target\":[\"https:\\\/\\\/bbqentertainment.com\\\/toode\\\/big-green-egg-kate-kuplile-xl-l\\\/\"]}]},{\"@type\":\"ImageObject\",\"inLanguage\":\"en-US\",\"@id\":\"https:\\\/\\\/bbqentertainment.com\\\/toode\\\/big-green-egg-kate-kuplile-xl-l\\\/#primaryimage\",\"url\":\"https:\\\/\\\/bbqentertainment.com\\\/wp-content\\\/uploads\\\/2025\\\/11\\\/EGG-kate-kuplile-voi-integreeritud-Egg.png\",\"contentUrl\":\"https:\\\/\\\/bbqentertainment.com\\\/wp-content\\\/uploads\\\/2025\\\/11\\\/EGG-kate-kuplile-voi-integreeritud-Egg.png\",\"width\":583,\"height\":583},{\"@type\":\"BreadcrumbList\",\"@id\":\"https:\\\/\\\/bbqentertainment.com\\\/toode\\\/big-green-egg-kate-kuplile-xl-l\\\/#breadcrumb\",\"itemListElement\":[{\"@type\":\"ListItem\",\"position\":1,\"name\":\"AVALEHT\",\"item\":\"https:\\\/\\\/bbqentertainment.com\\\/en\\\/\"},{\"@type\":\"ListItem\",\"position\":2,\"name\":\"Tooted\",\"item\":\"https:\\\/\\\/bbqentertainment.com\\\/tooted\\\/\"},{\"@type\":\"ListItem\",\"position\":3,\"name\":\"Lisatarvikud\",\"item\":\"https:\\\/\\\/bbqentertainment.com\\\/tootekategooria\\\/lisatarvikud\\\/\"},{\"@type\":\"ListItem\",\"position\":4,\"name\":\"Lisatarvikud Big Green Egg\",\"item\":\"https:\\\/\\\/bbqentertainment.com\\\/tootekategooria\\\/lisatarvikud\\\/lisatarvikud-big-green-egg\\\/\"},{\"@type\":\"ListItem\",\"position\":5,\"name\":\"Big Green Egg Kate kuplile XL, L\"}]},{\"@type\":\"WebSite\",\"@id\":\"https:\\\/\\\/bbqentertainment.com\\\/#website\",\"url\":\"https:\\\/\\\/bbqentertainment.com\\\/\",\"name\":\"BBQ Entertainment\",\"description\":\"BBQ is a great lifestyle, not just fun!\",\"publisher\":{\"@id\":\"https:\\\/\\\/bbqentertainment.com\\\/#organization\"},\"potentialAction\":[{\"@type\":\"SearchAction\",\"target\":{\"@type\":\"EntryPoint\",\"urlTemplate\":\"https:\\\/\\\/bbqentertainment.com\\\/?s={search_term_string}\"},\"query-input\":{\"@type\":\"PropertyValueSpecification\",\"valueRequired\":true,\"valueName\":\"search_term_string\"}}],\"inLanguage\":\"en-US\"},{\"@type\":\"Organization\",\"@id\":\"https:\\\/\\\/bbqentertainment.com\\\/#organization\",\"name\":\"BBQ Entertainment O\u00dc\",\"url\":\"https:\\\/\\\/bbqentertainment.com\\\/\",\"logo\":{\"@type\":\"ImageObject\",\"inLanguage\":\"en-US\",\"@id\":\"https:\\\/\\\/bbqentertainment.com\\\/#\\\/schema\\\/logo\\\/image\\\/\",\"url\":\"https:\\\/\\\/bbqentertainment.com\\\/wp-content\\\/uploads\\\/2020\\\/04\\\/BBQ-Entertainment-N-Catering-Enn-Tobreluts-Logo.png\",\"contentUrl\":\"https:\\\/\\\/bbqentertainment.com\\\/wp-content\\\/uploads\\\/2020\\\/04\\\/BBQ-Entertainment-N-Catering-Enn-Tobreluts-Logo.png\",\"width\":628,\"height\":266,\"caption\":\"BBQ Entertainment O\u00dc\"},\"image\":{\"@id\":\"https:\\\/\\\/bbqentertainment.com\\\/#\\\/schema\\\/logo\\\/image\\\/\"},\"sameAs\":[\"https:\\\/\\\/www.facebook.com\\\/BBQ-Entertainment-N-Catering-2437913376443540\",\"https:\\\/\\\/www.instagram.com\\\/bbqentertainmentncatering\\\/\",\"https:\\\/\\\/www.youtube.com\\\/channel\\\/UCmpuANQVhLy2Md8nrenp2jA\"]}]}<\/script>\n<!-- \/ Yoast SEO plugin. -->","yoast_head_json":{"title":"Big Green Egg Kate kuplile XL, L - BBQ Entertainment","robots":{"index":"index","follow":"follow","max-snippet":"max-snippet:-1","max-image-preview":"max-image-preview:large","max-video-preview":"max-video-preview:-1"},"canonical":"https:\/\/bbqentertainment.com\/toode\/big-green-egg-kate-kuplile-xl-l\/","og_locale":"en_US","og_type":"article","og_title":"Big Green Egg Kate kuplile XL, L - BBQ Entertainment","og_description":"Big Green Egg Kate kuplile XL, L Rahesadu v\u00f5i kuumalaine? Hoolitse EGGi katte abil, et su Big Green Egg oleks alati nagu uus. See eriti kvaliteetne \u00f5hku l\u00e4bilaskev kaitsekiht talub igasugust ilma. Saad selle h\u00f5lpsalt peale panna ja \u00e4ra v\u00f5tta ning t\u00e4nu takjakinnitusele sobib see igale EGGile tihedalt \u00fcmber. Stiilselt must kujundus \u00e4ratuntava Big Green Egg logoga n\u00e4eb igal EGGil hea v\u00e4lja. See peab vastu aastaid, ilma et v\u00e4rvus luituks. EGGi katteid saad k\u00e4sitsi pesta ja panna n\u00f6\u00f6rile kuivama.  Sobib mudelitele Large, XLarge.","og_url":"https:\/\/bbqentertainment.com\/toode\/big-green-egg-kate-kuplile-xl-l\/","og_site_name":"BBQ Entertainment","article_publisher":"https:\/\/www.facebook.com\/BBQ-Entertainment-N-Catering-2437913376443540","article_modified_time":"2026-03-12T14:50:23+00:00","og_image":[{"width":583,"height":583,"url":"https:\/\/bbqentertainment.com\/wp-content\/uploads\/2025\/11\/EGG-kate-kuplile-voi-integreeritud-Egg.png","type":"image\/png"}],"twitter_card":"summary_large_image","twitter_misc":{"Est. reading time":"1 minute"},"schema":{"@context":"https:\/\/schema.org","@graph":[{"@type":["WebPage","ItemPage"],"@id":"https:\/\/bbqentertainment.com\/toode\/big-green-egg-kate-kuplile-xl-l\/","url":"https:\/\/bbqentertainment.com\/toode\/big-green-egg-kate-kuplile-xl-l\/","name":"Big Green Egg Kate kuplile XL, L - BBQ Entertainment","isPartOf":{"@id":"https:\/\/bbqentertainment.com\/#website"},"primaryImageOfPage":{"@id":"https:\/\/bbqentertainment.com\/toode\/big-green-egg-kate-kuplile-xl-l\/#primaryimage"},"image":{"@id":"https:\/\/bbqentertainment.com\/toode\/big-green-egg-kate-kuplile-xl-l\/#primaryimage"},"thumbnailUrl":"https:\/\/bbqentertainment.com\/wp-content\/uploads\/2025\/11\/EGG-kate-kuplile-voi-integreeritud-Egg.png","datePublished":"2025-11-26T17:05:26+00:00","dateModified":"2026-03-12T14:50:23+00:00","breadcrumb":{"@id":"https:\/\/bbqentertainment.com\/toode\/big-green-egg-kate-kuplile-xl-l\/#breadcrumb"},"inLanguage":"en-US","potentialAction":[{"@type":"ReadAction","target":["https:\/\/bbqentertainment.com\/toode\/big-green-egg-kate-kuplile-xl-l\/"]}]},{"@type":"ImageObject","inLanguage":"en-US","@id":"https:\/\/bbqentertainment.com\/toode\/big-green-egg-kate-kuplile-xl-l\/#primaryimage","url":"https:\/\/bbqentertainment.com\/wp-content\/uploads\/2025\/11\/EGG-kate-kuplile-voi-integreeritud-Egg.png","contentUrl":"https:\/\/bbqentertainment.com\/wp-content\/uploads\/2025\/11\/EGG-kate-kuplile-voi-integreeritud-Egg.png","width":583,"height":583},{"@type":"BreadcrumbList","@id":"https:\/\/bbqentertainment.com\/toode\/big-green-egg-kate-kuplile-xl-l\/#breadcrumb","itemListElement":[{"@type":"ListItem","position":1,"name":"AVALEHT","item":"https:\/\/bbqentertainment.com\/en\/"},{"@type":"ListItem","position":2,"name":"Tooted","item":"https:\/\/bbqentertainment.com\/tooted\/"},{"@type":"ListItem","position":3,"name":"Lisatarvikud","item":"https:\/\/bbqentertainment.com\/tootekategooria\/lisatarvikud\/"},{"@type":"ListItem","position":4,"name":"Lisatarvikud Big Green Egg","item":"https:\/\/bbqentertainment.com\/tootekategooria\/lisatarvikud\/lisatarvikud-big-green-egg\/"},{"@type":"ListItem","position":5,"name":"Big Green Egg Kate kuplile XL, L"}]},{"@type":"WebSite","@id":"https:\/\/bbqentertainment.com\/#website","url":"https:\/\/bbqentertainment.com\/","name":"BBQ Entertainment","description":"BBQ is a great lifestyle, not just fun!","publisher":{"@id":"https:\/\/bbqentertainment.com\/#organization"},"potentialAction":[{"@type":"SearchAction","target":{"@type":"EntryPoint","urlTemplate":"https:\/\/bbqentertainment.com\/?s={search_term_string}"},"query-input":{"@type":"PropertyValueSpecification","valueRequired":true,"valueName":"search_term_string"}}],"inLanguage":"en-US"},{"@type":"Organization","@id":"https:\/\/bbqentertainment.com\/#organization","name":"BBQ Entertainment O\u00dc","url":"https:\/\/bbqentertainment.com\/","logo":{"@type":"ImageObject","inLanguage":"en-US","@id":"https:\/\/bbqentertainment.com\/#\/schema\/logo\/image\/","url":"https:\/\/bbqentertainment.com\/wp-content\/uploads\/2020\/04\/BBQ-Entertainment-N-Catering-Enn-Tobreluts-Logo.png","contentUrl":"https:\/\/bbqentertainment.com\/wp-content\/uploads\/2020\/04\/BBQ-Entertainment-N-Catering-Enn-Tobreluts-Logo.png","width":628,"height":266,"caption":"BBQ Entertainment O\u00dc"},"image":{"@id":"https:\/\/bbqentertainment.com\/#\/schema\/logo\/image\/"},"sameAs":["https:\/\/www.facebook.com\/BBQ-Entertainment-N-Catering-2437913376443540","https:\/\/www.instagram.com\/bbqentertainmentncatering\/","https:\/\/www.youtube.com\/channel\/UCmpuANQVhLy2Md8nrenp2jA"]}]}},"_links":{"self":[{"href":"https:\/\/bbqentertainment.com\/en\/wp-json\/wp\/v2\/product\/255347","targetHints":{"allow":["GET"]}}],"collection":[{"href":"https:\/\/bbqentertainment.com\/en\/wp-json\/wp\/v2\/product"}],"about":[{"href":"https:\/\/bbqentertainment.com\/en\/wp-json\/wp\/v2\/types\/product"}],"wp:featuredmedia":[{"embeddable":true,"href":"https:\/\/bbqentertainment.com\/en\/wp-json\/wp\/v2\/media\/255815"}],"wp:attachment":[{"href":"https:\/\/bbqentertainment.com\/en\/wp-json\/wp\/v2\/media?parent=255347"}],"wp:term":[{"taxonomy":"product_brand","embeddable":true,"href":"https:\/\/bbqentertainment.com\/en\/wp-json\/wp\/v2\/product_brand?post=255347"},{"taxonomy":"product_cat","embeddable":true,"href":"https:\/\/bbqentertainment.com\/en\/wp-json\/wp\/v2\/product_cat?post=255347"},{"taxonomy":"product_tag","embeddable":true,"href":"https:\/\/bbqentertainment.com\/en\/wp-json\/wp\/v2\/product_tag?post=255347"}],"curies":[{"name":"wp","href":"https:\/\/api.w.org\/{rel}","templated":true}]}}