{"id":255375,"date":"2025-11-26T19:05:49","date_gmt":"2025-11-26T17:05:49","guid":{"rendered":"https:\/\/bbqentertainment.com\/?post_type=product&#038;p=255375"},"modified":"2026-03-12T16:50:19","modified_gmt":"2026-03-12T14:50:19","slug":"big-green-egg-modus-operandi-kokaraamat-ingliskeeles","status":"publish","type":"product","link":"https:\/\/bbqentertainment.com\/en\/toode\/big-green-egg-modus-operandi-kokaraamat-ingliskeeles\/","title":{"rendered":"Big Green Egg Modus Operandi kokaraamat, ingliskeeles"},"content":{"rendered":"","protected":false},"excerpt":{"rendered":"<h3>Big Green Egg Modus Operandi kokaraamat, ingliskeeles<\/h3>\n<p>Sinust saab oma Big Green Eggi peakokk!<\/p>\n<p>Meil on au esitleda &#8211; Modus Operandi. Suurep\u00e4rane kokaraamat, mille sarnast pole varem avaldatud. See on loodud spetsiaalselt Big Green Eggi jaoks. Peaaegu 1000 lehek\u00fclge, kus on \u00fcle 300 retsepti ja fotod veiselihast, ulukilihast, linnulihast, kalast, mereandidest, k\u00f6\u00f6giviljadest, puuviljadest, magustoitudest, kondiitritoodetest, leivast ja pastast.<\/p>\n<p>V\u00f5ta oma Big Green Eggist maksimum!<\/p>\n<p>Modus Operandi on ingliskeelne kokaraamat, mis koos t\u00f6\u00f6vihiku ja ilusa hoiukarbiga on just see v\u00e4ljaanne, mida soovid kindlasti ka oma koju. See on k\u00e4siraamat, inspiratsiooniallikas ja avastusretk koos iga ettekujutatava roa ja koostisosaga. Samuti sisaldab see k\u00f5iki toiduvalmistamise tehnikaid ja tehnilisi n\u00e4pun\u00e4iteid ning nippe, mida vajad, et oma Big Green Eggist maksimaalset kasu saada.<\/p>\n<p>\u00dcllata ennast! Meie \u00fcllatusime.<\/p>\n<p>K\u00f5ikide retseptide loomiseks ning toitude valmistamiseks ja pildistamiseks kulus kaks aastat \u00e4\u00e4rmiselt rasket t\u00f6\u00f6d. Tulemus on pimestav ja suussulav! Piibel t\u00f5elisele Big Green Eggi armastajale!<\/p>\n<p><em>Our way of work is now your way of work.<\/em><\/p>\n<p>&nbsp;<\/p>\n<p>Spetsifikatsioonid:<\/p>\n<p>Keel: inglise<br \/>\nRaamat ja t\u00f6\u00f6vihik karbis<br \/>\nRaamat: k\u00f5vad kaaned<br \/>\nLehek\u00fclgede arv: 904<br \/>\nM\u00f5\u00f5dud: 24 x 28 cm<br \/>\nT\u00f6\u00f6vihik: \u00f5mmeldud-liimitud<br \/>\nLehek\u00fclgede arv: 192<br \/>\nM\u00f5\u00f5dud: 24,7 x 28,6 cm<br \/>\nKorpus: 24,9 x 28,7 x 8,85 cm<br \/>\nPakendatud: eraldi karbis<\/p>\n","protected":false},"featured_media":256033,"template":"","meta":{"inline_featured_image":false},"product_brand":[],"product_cat":[236],"product_tag":[],"class_list":{"0":"post-255375","1":"product","2":"type-product","3":"status-publish","4":"has-post-thumbnail","6":"product_cat-grillilauad","8":"first","9":"instock","10":"taxable","11":"shipping-taxable","12":"purchasable","13":"product-type-simple"},"yoast_head":"<!-- This site is optimized with the Yoast SEO plugin v27.4 - https:\/\/yoast.com\/product\/yoast-seo-wordpress\/ -->\n<title>Big Green Egg Modus Operandi kokaraamat, ingliskeeles - BBQ Entertainment<\/title>\n<meta name=\"robots\" content=\"index, follow, max-snippet:-1, max-image-preview:large, max-video-preview:-1\" \/>\n<link rel=\"canonical\" href=\"https:\/\/bbqentertainment.com\/toode\/big-green-egg-modus-operandi-kokaraamat-ingliskeeles\/\" \/>\n<meta property=\"og:locale\" content=\"en_US\" \/>\n<meta property=\"og:type\" content=\"article\" \/>\n<meta property=\"og:title\" content=\"Big Green Egg Modus Operandi kokaraamat, ingliskeeles - BBQ Entertainment\" \/>\n<meta property=\"og:description\" content=\"Big Green Egg Modus Operandi kokaraamat, ingliskeeles Sinust saab oma Big Green Eggi peakokk!  Meil on au esitleda - Modus Operandi. Suurep\u00e4rane kokaraamat, mille sarnast pole varem avaldatud. See on loodud spetsiaalselt Big Green Eggi jaoks. Peaaegu 1000 lehek\u00fclge, kus on \u00fcle 300 retsepti ja fotod veiselihast, ulukilihast, linnulihast, kalast, mereandidest, k\u00f6\u00f6giviljadest, puuviljadest, magustoitudest, kondiitritoodetest, leivast ja pastast.  V\u00f5ta oma Big Green Eggist maksimum!  Modus Operandi on ingliskeelne kokaraamat, mis koos t\u00f6\u00f6vihiku ja ilusa hoiukarbiga on just see v\u00e4ljaanne, mida soovid kindlasti ka oma koju. See on k\u00e4siraamat, inspiratsiooniallikas ja avastusretk koos iga ettekujutatava roa ja koostisosaga. Samuti sisaldab see k\u00f5iki toiduvalmistamise tehnikaid ja tehnilisi n\u00e4pun\u00e4iteid ning nippe, mida vajad, et oma Big Green Eggist maksimaalset kasu saada.  \u00dcllata ennast! Meie \u00fcllatusime.  K\u00f5ikide retseptide loomiseks ning toitude valmistamiseks ja pildistamiseks kulus kaks aastat \u00e4\u00e4rmiselt rasket t\u00f6\u00f6d. Tulemus on pimestav ja suussulav! Piibel t\u00f5elisele Big Green Eggi armastajale!  Our way of work is now your way of work.  &nbsp;  Spetsifikatsioonid:  Keel: inglise Raamat ja t\u00f6\u00f6vihik karbis Raamat: k\u00f5vad kaaned Lehek\u00fclgede arv: 904 M\u00f5\u00f5dud: 24 x 28 cm T\u00f6\u00f6vihik: \u00f5mmeldud-liimitud Lehek\u00fclgede arv: 192 M\u00f5\u00f5dud: 24,7 x 28,6 cm Korpus: 24,9 x 28,7 x 8,85 cm Pakendatud: eraldi karbis\" \/>\n<meta property=\"og:url\" content=\"https:\/\/bbqentertainment.com\/toode\/big-green-egg-modus-operandi-kokaraamat-ingliskeeles\/\" \/>\n<meta property=\"og:site_name\" content=\"BBQ Entertainment\" \/>\n<meta property=\"article:publisher\" content=\"https:\/\/www.facebook.com\/BBQ-Entertainment-N-Catering-2437913376443540\" \/>\n<meta property=\"article:modified_time\" content=\"2026-03-12T14:50:19+00:00\" \/>\n<meta property=\"og:image\" content=\"https:\/\/bbqentertainment.com\/wp-content\/uploads\/2025\/11\/Modus-Operandi-BGE.png\" \/>\n\t<meta property=\"og:image:width\" content=\"1000\" \/>\n\t<meta property=\"og:image:height\" content=\"1000\" \/>\n\t<meta property=\"og:image:type\" content=\"image\/png\" \/>\n<meta name=\"twitter:card\" content=\"summary_large_image\" \/>\n<meta name=\"twitter:label1\" content=\"Est. reading time\" \/>\n\t<meta name=\"twitter:data1\" content=\"1 minute\" \/>\n<script type=\"application\/ld+json\" class=\"yoast-schema-graph\">{\"@context\":\"https:\\\/\\\/schema.org\",\"@graph\":[{\"@type\":[\"WebPage\",\"ItemPage\"],\"@id\":\"https:\\\/\\\/bbqentertainment.com\\\/toode\\\/big-green-egg-modus-operandi-kokaraamat-ingliskeeles\\\/\",\"url\":\"https:\\\/\\\/bbqentertainment.com\\\/toode\\\/big-green-egg-modus-operandi-kokaraamat-ingliskeeles\\\/\",\"name\":\"Big Green Egg Modus Operandi kokaraamat, ingliskeeles - BBQ Entertainment\",\"isPartOf\":{\"@id\":\"https:\\\/\\\/bbqentertainment.com\\\/#website\"},\"primaryImageOfPage\":{\"@id\":\"https:\\\/\\\/bbqentertainment.com\\\/toode\\\/big-green-egg-modus-operandi-kokaraamat-ingliskeeles\\\/#primaryimage\"},\"image\":{\"@id\":\"https:\\\/\\\/bbqentertainment.com\\\/toode\\\/big-green-egg-modus-operandi-kokaraamat-ingliskeeles\\\/#primaryimage\"},\"thumbnailUrl\":\"https:\\\/\\\/bbqentertainment.com\\\/wp-content\\\/uploads\\\/2025\\\/11\\\/Modus-Operandi-BGE.png\",\"datePublished\":\"2025-11-26T17:05:49+00:00\",\"dateModified\":\"2026-03-12T14:50:19+00:00\",\"breadcrumb\":{\"@id\":\"https:\\\/\\\/bbqentertainment.com\\\/toode\\\/big-green-egg-modus-operandi-kokaraamat-ingliskeeles\\\/#breadcrumb\"},\"inLanguage\":\"en-US\",\"potentialAction\":[{\"@type\":\"ReadAction\",\"target\":[\"https:\\\/\\\/bbqentertainment.com\\\/toode\\\/big-green-egg-modus-operandi-kokaraamat-ingliskeeles\\\/\"]}]},{\"@type\":\"ImageObject\",\"inLanguage\":\"en-US\",\"@id\":\"https:\\\/\\\/bbqentertainment.com\\\/toode\\\/big-green-egg-modus-operandi-kokaraamat-ingliskeeles\\\/#primaryimage\",\"url\":\"https:\\\/\\\/bbqentertainment.com\\\/wp-content\\\/uploads\\\/2025\\\/11\\\/Modus-Operandi-BGE.png\",\"contentUrl\":\"https:\\\/\\\/bbqentertainment.com\\\/wp-content\\\/uploads\\\/2025\\\/11\\\/Modus-Operandi-BGE.png\",\"width\":1000,\"height\":1000},{\"@type\":\"BreadcrumbList\",\"@id\":\"https:\\\/\\\/bbqentertainment.com\\\/toode\\\/big-green-egg-modus-operandi-kokaraamat-ingliskeeles\\\/#breadcrumb\",\"itemListElement\":[{\"@type\":\"ListItem\",\"position\":1,\"name\":\"AVALEHT\",\"item\":\"https:\\\/\\\/bbqentertainment.com\\\/en\\\/\"},{\"@type\":\"ListItem\",\"position\":2,\"name\":\"Tooted\",\"item\":\"https:\\\/\\\/bbqentertainment.com\\\/tooted\\\/\"},{\"@type\":\"ListItem\",\"position\":3,\"name\":\"Lisatarvikud\",\"item\":\"https:\\\/\\\/bbqentertainment.com\\\/tootekategooria\\\/lisatarvikud\\\/\"},{\"@type\":\"ListItem\",\"position\":4,\"name\":\"Lisatarvikud Big Green Egg\",\"item\":\"https:\\\/\\\/bbqentertainment.com\\\/tootekategooria\\\/lisatarvikud\\\/lisatarvikud-big-green-egg\\\/\"},{\"@type\":\"ListItem\",\"position\":5,\"name\":\"Big Green Egg Modus Operandi kokaraamat, ingliskeeles\"}]},{\"@type\":\"WebSite\",\"@id\":\"https:\\\/\\\/bbqentertainment.com\\\/#website\",\"url\":\"https:\\\/\\\/bbqentertainment.com\\\/\",\"name\":\"BBQ Entertainment\",\"description\":\"BBQ is a great lifestyle, not just fun!\",\"publisher\":{\"@id\":\"https:\\\/\\\/bbqentertainment.com\\\/#organization\"},\"potentialAction\":[{\"@type\":\"SearchAction\",\"target\":{\"@type\":\"EntryPoint\",\"urlTemplate\":\"https:\\\/\\\/bbqentertainment.com\\\/?s={search_term_string}\"},\"query-input\":{\"@type\":\"PropertyValueSpecification\",\"valueRequired\":true,\"valueName\":\"search_term_string\"}}],\"inLanguage\":\"en-US\"},{\"@type\":\"Organization\",\"@id\":\"https:\\\/\\\/bbqentertainment.com\\\/#organization\",\"name\":\"BBQ Entertainment O\u00dc\",\"url\":\"https:\\\/\\\/bbqentertainment.com\\\/\",\"logo\":{\"@type\":\"ImageObject\",\"inLanguage\":\"en-US\",\"@id\":\"https:\\\/\\\/bbqentertainment.com\\\/#\\\/schema\\\/logo\\\/image\\\/\",\"url\":\"https:\\\/\\\/bbqentertainment.com\\\/wp-content\\\/uploads\\\/2020\\\/04\\\/BBQ-Entertainment-N-Catering-Enn-Tobreluts-Logo.png\",\"contentUrl\":\"https:\\\/\\\/bbqentertainment.com\\\/wp-content\\\/uploads\\\/2020\\\/04\\\/BBQ-Entertainment-N-Catering-Enn-Tobreluts-Logo.png\",\"width\":628,\"height\":266,\"caption\":\"BBQ Entertainment O\u00dc\"},\"image\":{\"@id\":\"https:\\\/\\\/bbqentertainment.com\\\/#\\\/schema\\\/logo\\\/image\\\/\"},\"sameAs\":[\"https:\\\/\\\/www.facebook.com\\\/BBQ-Entertainment-N-Catering-2437913376443540\",\"https:\\\/\\\/www.instagram.com\\\/bbqentertainmentncatering\\\/\",\"https:\\\/\\\/www.youtube.com\\\/channel\\\/UCmpuANQVhLy2Md8nrenp2jA\"]}]}<\/script>\n<!-- \/ Yoast SEO plugin. -->","yoast_head_json":{"title":"Big Green Egg Modus Operandi kokaraamat, ingliskeeles - BBQ Entertainment","robots":{"index":"index","follow":"follow","max-snippet":"max-snippet:-1","max-image-preview":"max-image-preview:large","max-video-preview":"max-video-preview:-1"},"canonical":"https:\/\/bbqentertainment.com\/toode\/big-green-egg-modus-operandi-kokaraamat-ingliskeeles\/","og_locale":"en_US","og_type":"article","og_title":"Big Green Egg Modus Operandi kokaraamat, ingliskeeles - BBQ Entertainment","og_description":"Big Green Egg Modus Operandi kokaraamat, ingliskeeles Sinust saab oma Big Green Eggi peakokk!  Meil on au esitleda - Modus Operandi. Suurep\u00e4rane kokaraamat, mille sarnast pole varem avaldatud. See on loodud spetsiaalselt Big Green Eggi jaoks. Peaaegu 1000 lehek\u00fclge, kus on \u00fcle 300 retsepti ja fotod veiselihast, ulukilihast, linnulihast, kalast, mereandidest, k\u00f6\u00f6giviljadest, puuviljadest, magustoitudest, kondiitritoodetest, leivast ja pastast.  V\u00f5ta oma Big Green Eggist maksimum!  Modus Operandi on ingliskeelne kokaraamat, mis koos t\u00f6\u00f6vihiku ja ilusa hoiukarbiga on just see v\u00e4ljaanne, mida soovid kindlasti ka oma koju. See on k\u00e4siraamat, inspiratsiooniallikas ja avastusretk koos iga ettekujutatava roa ja koostisosaga. Samuti sisaldab see k\u00f5iki toiduvalmistamise tehnikaid ja tehnilisi n\u00e4pun\u00e4iteid ning nippe, mida vajad, et oma Big Green Eggist maksimaalset kasu saada.  \u00dcllata ennast! Meie \u00fcllatusime.  K\u00f5ikide retseptide loomiseks ning toitude valmistamiseks ja pildistamiseks kulus kaks aastat \u00e4\u00e4rmiselt rasket t\u00f6\u00f6d. Tulemus on pimestav ja suussulav! Piibel t\u00f5elisele Big Green Eggi armastajale!  Our way of work is now your way of work.  &nbsp;  Spetsifikatsioonid:  Keel: inglise Raamat ja t\u00f6\u00f6vihik karbis Raamat: k\u00f5vad kaaned Lehek\u00fclgede arv: 904 M\u00f5\u00f5dud: 24 x 28 cm T\u00f6\u00f6vihik: \u00f5mmeldud-liimitud Lehek\u00fclgede arv: 192 M\u00f5\u00f5dud: 24,7 x 28,6 cm Korpus: 24,9 x 28,7 x 8,85 cm Pakendatud: eraldi karbis","og_url":"https:\/\/bbqentertainment.com\/toode\/big-green-egg-modus-operandi-kokaraamat-ingliskeeles\/","og_site_name":"BBQ Entertainment","article_publisher":"https:\/\/www.facebook.com\/BBQ-Entertainment-N-Catering-2437913376443540","article_modified_time":"2026-03-12T14:50:19+00:00","og_image":[{"width":1000,"height":1000,"url":"https:\/\/bbqentertainment.com\/wp-content\/uploads\/2025\/11\/Modus-Operandi-BGE.png","type":"image\/png"}],"twitter_card":"summary_large_image","twitter_misc":{"Est. reading time":"1 minute"},"schema":{"@context":"https:\/\/schema.org","@graph":[{"@type":["WebPage","ItemPage"],"@id":"https:\/\/bbqentertainment.com\/toode\/big-green-egg-modus-operandi-kokaraamat-ingliskeeles\/","url":"https:\/\/bbqentertainment.com\/toode\/big-green-egg-modus-operandi-kokaraamat-ingliskeeles\/","name":"Big Green Egg Modus Operandi kokaraamat, ingliskeeles - BBQ Entertainment","isPartOf":{"@id":"https:\/\/bbqentertainment.com\/#website"},"primaryImageOfPage":{"@id":"https:\/\/bbqentertainment.com\/toode\/big-green-egg-modus-operandi-kokaraamat-ingliskeeles\/#primaryimage"},"image":{"@id":"https:\/\/bbqentertainment.com\/toode\/big-green-egg-modus-operandi-kokaraamat-ingliskeeles\/#primaryimage"},"thumbnailUrl":"https:\/\/bbqentertainment.com\/wp-content\/uploads\/2025\/11\/Modus-Operandi-BGE.png","datePublished":"2025-11-26T17:05:49+00:00","dateModified":"2026-03-12T14:50:19+00:00","breadcrumb":{"@id":"https:\/\/bbqentertainment.com\/toode\/big-green-egg-modus-operandi-kokaraamat-ingliskeeles\/#breadcrumb"},"inLanguage":"en-US","potentialAction":[{"@type":"ReadAction","target":["https:\/\/bbqentertainment.com\/toode\/big-green-egg-modus-operandi-kokaraamat-ingliskeeles\/"]}]},{"@type":"ImageObject","inLanguage":"en-US","@id":"https:\/\/bbqentertainment.com\/toode\/big-green-egg-modus-operandi-kokaraamat-ingliskeeles\/#primaryimage","url":"https:\/\/bbqentertainment.com\/wp-content\/uploads\/2025\/11\/Modus-Operandi-BGE.png","contentUrl":"https:\/\/bbqentertainment.com\/wp-content\/uploads\/2025\/11\/Modus-Operandi-BGE.png","width":1000,"height":1000},{"@type":"BreadcrumbList","@id":"https:\/\/bbqentertainment.com\/toode\/big-green-egg-modus-operandi-kokaraamat-ingliskeeles\/#breadcrumb","itemListElement":[{"@type":"ListItem","position":1,"name":"AVALEHT","item":"https:\/\/bbqentertainment.com\/en\/"},{"@type":"ListItem","position":2,"name":"Tooted","item":"https:\/\/bbqentertainment.com\/tooted\/"},{"@type":"ListItem","position":3,"name":"Lisatarvikud","item":"https:\/\/bbqentertainment.com\/tootekategooria\/lisatarvikud\/"},{"@type":"ListItem","position":4,"name":"Lisatarvikud Big Green Egg","item":"https:\/\/bbqentertainment.com\/tootekategooria\/lisatarvikud\/lisatarvikud-big-green-egg\/"},{"@type":"ListItem","position":5,"name":"Big Green Egg Modus Operandi kokaraamat, ingliskeeles"}]},{"@type":"WebSite","@id":"https:\/\/bbqentertainment.com\/#website","url":"https:\/\/bbqentertainment.com\/","name":"BBQ Entertainment","description":"BBQ is a great lifestyle, not just fun!","publisher":{"@id":"https:\/\/bbqentertainment.com\/#organization"},"potentialAction":[{"@type":"SearchAction","target":{"@type":"EntryPoint","urlTemplate":"https:\/\/bbqentertainment.com\/?s={search_term_string}"},"query-input":{"@type":"PropertyValueSpecification","valueRequired":true,"valueName":"search_term_string"}}],"inLanguage":"en-US"},{"@type":"Organization","@id":"https:\/\/bbqentertainment.com\/#organization","name":"BBQ Entertainment O\u00dc","url":"https:\/\/bbqentertainment.com\/","logo":{"@type":"ImageObject","inLanguage":"en-US","@id":"https:\/\/bbqentertainment.com\/#\/schema\/logo\/image\/","url":"https:\/\/bbqentertainment.com\/wp-content\/uploads\/2020\/04\/BBQ-Entertainment-N-Catering-Enn-Tobreluts-Logo.png","contentUrl":"https:\/\/bbqentertainment.com\/wp-content\/uploads\/2020\/04\/BBQ-Entertainment-N-Catering-Enn-Tobreluts-Logo.png","width":628,"height":266,"caption":"BBQ Entertainment O\u00dc"},"image":{"@id":"https:\/\/bbqentertainment.com\/#\/schema\/logo\/image\/"},"sameAs":["https:\/\/www.facebook.com\/BBQ-Entertainment-N-Catering-2437913376443540","https:\/\/www.instagram.com\/bbqentertainmentncatering\/","https:\/\/www.youtube.com\/channel\/UCmpuANQVhLy2Md8nrenp2jA"]}]}},"_links":{"self":[{"href":"https:\/\/bbqentertainment.com\/en\/wp-json\/wp\/v2\/product\/255375","targetHints":{"allow":["GET"]}}],"collection":[{"href":"https:\/\/bbqentertainment.com\/en\/wp-json\/wp\/v2\/product"}],"about":[{"href":"https:\/\/bbqentertainment.com\/en\/wp-json\/wp\/v2\/types\/product"}],"wp:featuredmedia":[{"embeddable":true,"href":"https:\/\/bbqentertainment.com\/en\/wp-json\/wp\/v2\/media\/256033"}],"wp:attachment":[{"href":"https:\/\/bbqentertainment.com\/en\/wp-json\/wp\/v2\/media?parent=255375"}],"wp:term":[{"taxonomy":"product_brand","embeddable":true,"href":"https:\/\/bbqentertainment.com\/en\/wp-json\/wp\/v2\/product_brand?post=255375"},{"taxonomy":"product_cat","embeddable":true,"href":"https:\/\/bbqentertainment.com\/en\/wp-json\/wp\/v2\/product_cat?post=255375"},{"taxonomy":"product_tag","embeddable":true,"href":"https:\/\/bbqentertainment.com\/en\/wp-json\/wp\/v2\/product_tag?post=255375"}],"curies":[{"name":"wp","href":"https:\/\/api.w.org\/{rel}","templated":true}]}}