{"id":255376,"date":"2025-11-26T19:05:50","date_gmt":"2025-11-26T17:05:50","guid":{"rendered":"https:\/\/bbqentertainment.com\/?post_type=product&#038;p=255376"},"modified":"2026-03-12T16:50:22","modified_gmt":"2026-03-12T14:50:22","slug":"big-green-egg-kate-integgreeritud-alusele-xl-l-ja-moodulsusteemi-raamile-m","status":"publish","type":"product","link":"https:\/\/bbqentertainment.com\/en\/toode\/big-green-egg-kate-integgreeritud-alusele-xl-l-ja-moodulsusteemi-raamile-m\/","title":{"rendered":"Big Green Egg Kate intEGGreeritud alusele XL, L ja Mooduls\u00fcsteemi raamile M"},"content":{"rendered":"","protected":false},"excerpt":{"rendered":"<h3>Big Green Egg Kate intEGGreeritud alusele XL, L ja Mooduls\u00fcsteemi raamile M<\/h3>\n<p>Rahesadu v\u00f5i kuumalaine? Hoolitse EGGi katte abil, et su Big Green Egg oleks alati nagu uus. See eriti kvaliteetne \u00f5hku l\u00e4bilaskev kaitsekiht talub igasugust ilma. Saad selle h\u00f5lpsalt peale panna ja \u00e4ra v\u00f5tta ning t\u00e4nu takjakinnitusele sobib see igale EGGile tihedalt \u00fcmber. Stiilselt must kujundus \u00e4ratuntava Big Green Egg logoga n\u00e4eb igal EGGil hea v\u00e4lja. See peab vastu aastaid, ilma et v\u00e4rvus luituks. EGGi katteid saad k\u00e4sitsi pesta ja panna n\u00f6\u00f6rile kuivama.<\/p>\n<p>Sobib\u00a0intEGGreeritud alusele (Large, XLarge) ja EGGi mooduls\u00fcsteemi raamile (Medium).<\/p>\n","protected":false},"featured_media":255829,"template":"","meta":{"inline_featured_image":false},"product_brand":[],"product_cat":[236],"product_tag":[],"class_list":{"0":"post-255376","1":"product","2":"type-product","3":"status-publish","4":"has-post-thumbnail","6":"product_cat-grillilauad","8":"first","9":"instock","10":"taxable","11":"shipping-taxable","12":"purchasable","13":"product-type-simple"},"yoast_head":"<!-- This site is optimized with the Yoast SEO plugin v27.4 - https:\/\/yoast.com\/product\/yoast-seo-wordpress\/ -->\n<title>Big Green Egg Kate intEGGreeritud alusele XL, L ja Mooduls\u00fcsteemi raamile M - BBQ Entertainment<\/title>\n<meta name=\"robots\" content=\"index, follow, max-snippet:-1, max-image-preview:large, max-video-preview:-1\" \/>\n<link rel=\"canonical\" href=\"https:\/\/bbqentertainment.com\/toode\/big-green-egg-kate-integgreeritud-alusele-xl-l-ja-moodulsusteemi-raamile-m\/\" \/>\n<meta property=\"og:locale\" content=\"en_US\" \/>\n<meta property=\"og:type\" content=\"article\" \/>\n<meta property=\"og:title\" content=\"Big Green Egg Kate intEGGreeritud alusele XL, L ja Mooduls\u00fcsteemi raamile M - BBQ Entertainment\" \/>\n<meta property=\"og:description\" content=\"Big Green Egg Kate intEGGreeritud alusele XL, L ja Mooduls\u00fcsteemi raamile M Rahesadu v\u00f5i kuumalaine? Hoolitse EGGi katte abil, et su Big Green Egg oleks alati nagu uus. See eriti kvaliteetne \u00f5hku l\u00e4bilaskev kaitsekiht talub igasugust ilma. Saad selle h\u00f5lpsalt peale panna ja \u00e4ra v\u00f5tta ning t\u00e4nu takjakinnitusele sobib see igale EGGile tihedalt \u00fcmber. Stiilselt must kujundus \u00e4ratuntava Big Green Egg logoga n\u00e4eb igal EGGil hea v\u00e4lja. See peab vastu aastaid, ilma et v\u00e4rvus luituks. EGGi katteid saad k\u00e4sitsi pesta ja panna n\u00f6\u00f6rile kuivama.  Sobib\u00a0intEGGreeritud alusele (Large, XLarge) ja EGGi mooduls\u00fcsteemi raamile (Medium).\" \/>\n<meta property=\"og:url\" content=\"https:\/\/bbqentertainment.com\/toode\/big-green-egg-kate-integgreeritud-alusele-xl-l-ja-moodulsusteemi-raamile-m\/\" \/>\n<meta property=\"og:site_name\" content=\"BBQ Entertainment\" \/>\n<meta property=\"article:publisher\" content=\"https:\/\/www.facebook.com\/BBQ-Entertainment-N-Catering-2437913376443540\" \/>\n<meta property=\"article:modified_time\" content=\"2026-03-12T14:50:22+00:00\" \/>\n<meta property=\"og:image\" content=\"https:\/\/bbqentertainment.com\/wp-content\/uploads\/2025\/11\/Kate-jalgadel-Eggile-Big-Green-Egg.png\" \/>\n\t<meta property=\"og:image:width\" content=\"500\" \/>\n\t<meta property=\"og:image:height\" content=\"500\" \/>\n\t<meta property=\"og:image:type\" content=\"image\/png\" \/>\n<meta name=\"twitter:card\" content=\"summary_large_image\" \/>\n<meta name=\"twitter:label1\" content=\"Est. reading time\" \/>\n\t<meta name=\"twitter:data1\" content=\"1 minute\" \/>\n<script type=\"application\/ld+json\" class=\"yoast-schema-graph\">{\"@context\":\"https:\\\/\\\/schema.org\",\"@graph\":[{\"@type\":[\"WebPage\",\"ItemPage\"],\"@id\":\"https:\\\/\\\/bbqentertainment.com\\\/toode\\\/big-green-egg-kate-integgreeritud-alusele-xl-l-ja-moodulsusteemi-raamile-m\\\/\",\"url\":\"https:\\\/\\\/bbqentertainment.com\\\/toode\\\/big-green-egg-kate-integgreeritud-alusele-xl-l-ja-moodulsusteemi-raamile-m\\\/\",\"name\":\"Big Green Egg Kate intEGGreeritud alusele XL, L ja Mooduls\u00fcsteemi raamile M - BBQ Entertainment\",\"isPartOf\":{\"@id\":\"https:\\\/\\\/bbqentertainment.com\\\/#website\"},\"primaryImageOfPage\":{\"@id\":\"https:\\\/\\\/bbqentertainment.com\\\/toode\\\/big-green-egg-kate-integgreeritud-alusele-xl-l-ja-moodulsusteemi-raamile-m\\\/#primaryimage\"},\"image\":{\"@id\":\"https:\\\/\\\/bbqentertainment.com\\\/toode\\\/big-green-egg-kate-integgreeritud-alusele-xl-l-ja-moodulsusteemi-raamile-m\\\/#primaryimage\"},\"thumbnailUrl\":\"https:\\\/\\\/bbqentertainment.com\\\/wp-content\\\/uploads\\\/2025\\\/11\\\/Kate-jalgadel-Eggile-Big-Green-Egg.png\",\"datePublished\":\"2025-11-26T17:05:50+00:00\",\"dateModified\":\"2026-03-12T14:50:22+00:00\",\"breadcrumb\":{\"@id\":\"https:\\\/\\\/bbqentertainment.com\\\/toode\\\/big-green-egg-kate-integgreeritud-alusele-xl-l-ja-moodulsusteemi-raamile-m\\\/#breadcrumb\"},\"inLanguage\":\"en-US\",\"potentialAction\":[{\"@type\":\"ReadAction\",\"target\":[\"https:\\\/\\\/bbqentertainment.com\\\/toode\\\/big-green-egg-kate-integgreeritud-alusele-xl-l-ja-moodulsusteemi-raamile-m\\\/\"]}]},{\"@type\":\"ImageObject\",\"inLanguage\":\"en-US\",\"@id\":\"https:\\\/\\\/bbqentertainment.com\\\/toode\\\/big-green-egg-kate-integgreeritud-alusele-xl-l-ja-moodulsusteemi-raamile-m\\\/#primaryimage\",\"url\":\"https:\\\/\\\/bbqentertainment.com\\\/wp-content\\\/uploads\\\/2025\\\/11\\\/Kate-jalgadel-Eggile-Big-Green-Egg.png\",\"contentUrl\":\"https:\\\/\\\/bbqentertainment.com\\\/wp-content\\\/uploads\\\/2025\\\/11\\\/Kate-jalgadel-Eggile-Big-Green-Egg.png\",\"width\":500,\"height\":500},{\"@type\":\"BreadcrumbList\",\"@id\":\"https:\\\/\\\/bbqentertainment.com\\\/toode\\\/big-green-egg-kate-integgreeritud-alusele-xl-l-ja-moodulsusteemi-raamile-m\\\/#breadcrumb\",\"itemListElement\":[{\"@type\":\"ListItem\",\"position\":1,\"name\":\"AVALEHT\",\"item\":\"https:\\\/\\\/bbqentertainment.com\\\/en\\\/\"},{\"@type\":\"ListItem\",\"position\":2,\"name\":\"Tooted\",\"item\":\"https:\\\/\\\/bbqentertainment.com\\\/tooted\\\/\"},{\"@type\":\"ListItem\",\"position\":3,\"name\":\"Grillid ja ahjud\",\"item\":\"https:\\\/\\\/bbqentertainment.com\\\/tootekategooria\\\/grillid-ja-ahjud\\\/\"},{\"@type\":\"ListItem\",\"position\":4,\"name\":\"Big Green Egg\",\"item\":\"https:\\\/\\\/bbqentertainment.com\\\/tootekategooria\\\/grillid-ja-ahjud\\\/big-green-egg\\\/\"},{\"@type\":\"ListItem\",\"position\":5,\"name\":\"Big Green Egg Kate intEGGreeritud alusele XL, L ja Mooduls\u00fcsteemi raamile M\"}]},{\"@type\":\"WebSite\",\"@id\":\"https:\\\/\\\/bbqentertainment.com\\\/#website\",\"url\":\"https:\\\/\\\/bbqentertainment.com\\\/\",\"name\":\"BBQ Entertainment\",\"description\":\"BBQ is a great lifestyle, not just fun!\",\"publisher\":{\"@id\":\"https:\\\/\\\/bbqentertainment.com\\\/#organization\"},\"potentialAction\":[{\"@type\":\"SearchAction\",\"target\":{\"@type\":\"EntryPoint\",\"urlTemplate\":\"https:\\\/\\\/bbqentertainment.com\\\/?s={search_term_string}\"},\"query-input\":{\"@type\":\"PropertyValueSpecification\",\"valueRequired\":true,\"valueName\":\"search_term_string\"}}],\"inLanguage\":\"en-US\"},{\"@type\":\"Organization\",\"@id\":\"https:\\\/\\\/bbqentertainment.com\\\/#organization\",\"name\":\"BBQ Entertainment O\u00dc\",\"url\":\"https:\\\/\\\/bbqentertainment.com\\\/\",\"logo\":{\"@type\":\"ImageObject\",\"inLanguage\":\"en-US\",\"@id\":\"https:\\\/\\\/bbqentertainment.com\\\/#\\\/schema\\\/logo\\\/image\\\/\",\"url\":\"https:\\\/\\\/bbqentertainment.com\\\/wp-content\\\/uploads\\\/2020\\\/04\\\/BBQ-Entertainment-N-Catering-Enn-Tobreluts-Logo.png\",\"contentUrl\":\"https:\\\/\\\/bbqentertainment.com\\\/wp-content\\\/uploads\\\/2020\\\/04\\\/BBQ-Entertainment-N-Catering-Enn-Tobreluts-Logo.png\",\"width\":628,\"height\":266,\"caption\":\"BBQ Entertainment O\u00dc\"},\"image\":{\"@id\":\"https:\\\/\\\/bbqentertainment.com\\\/#\\\/schema\\\/logo\\\/image\\\/\"},\"sameAs\":[\"https:\\\/\\\/www.facebook.com\\\/BBQ-Entertainment-N-Catering-2437913376443540\",\"https:\\\/\\\/www.instagram.com\\\/bbqentertainmentncatering\\\/\",\"https:\\\/\\\/www.youtube.com\\\/channel\\\/UCmpuANQVhLy2Md8nrenp2jA\"]}]}<\/script>\n<!-- \/ Yoast SEO plugin. -->","yoast_head_json":{"title":"Big Green Egg Kate intEGGreeritud alusele XL, L ja Mooduls\u00fcsteemi raamile M - BBQ Entertainment","robots":{"index":"index","follow":"follow","max-snippet":"max-snippet:-1","max-image-preview":"max-image-preview:large","max-video-preview":"max-video-preview:-1"},"canonical":"https:\/\/bbqentertainment.com\/toode\/big-green-egg-kate-integgreeritud-alusele-xl-l-ja-moodulsusteemi-raamile-m\/","og_locale":"en_US","og_type":"article","og_title":"Big Green Egg Kate intEGGreeritud alusele XL, L ja Mooduls\u00fcsteemi raamile M - BBQ Entertainment","og_description":"Big Green Egg Kate intEGGreeritud alusele XL, L ja Mooduls\u00fcsteemi raamile M Rahesadu v\u00f5i kuumalaine? Hoolitse EGGi katte abil, et su Big Green Egg oleks alati nagu uus. See eriti kvaliteetne \u00f5hku l\u00e4bilaskev kaitsekiht talub igasugust ilma. Saad selle h\u00f5lpsalt peale panna ja \u00e4ra v\u00f5tta ning t\u00e4nu takjakinnitusele sobib see igale EGGile tihedalt \u00fcmber. Stiilselt must kujundus \u00e4ratuntava Big Green Egg logoga n\u00e4eb igal EGGil hea v\u00e4lja. See peab vastu aastaid, ilma et v\u00e4rvus luituks. EGGi katteid saad k\u00e4sitsi pesta ja panna n\u00f6\u00f6rile kuivama.  Sobib\u00a0intEGGreeritud alusele (Large, XLarge) ja EGGi mooduls\u00fcsteemi raamile (Medium).","og_url":"https:\/\/bbqentertainment.com\/toode\/big-green-egg-kate-integgreeritud-alusele-xl-l-ja-moodulsusteemi-raamile-m\/","og_site_name":"BBQ Entertainment","article_publisher":"https:\/\/www.facebook.com\/BBQ-Entertainment-N-Catering-2437913376443540","article_modified_time":"2026-03-12T14:50:22+00:00","og_image":[{"width":500,"height":500,"url":"https:\/\/bbqentertainment.com\/wp-content\/uploads\/2025\/11\/Kate-jalgadel-Eggile-Big-Green-Egg.png","type":"image\/png"}],"twitter_card":"summary_large_image","twitter_misc":{"Est. reading time":"1 minute"},"schema":{"@context":"https:\/\/schema.org","@graph":[{"@type":["WebPage","ItemPage"],"@id":"https:\/\/bbqentertainment.com\/toode\/big-green-egg-kate-integgreeritud-alusele-xl-l-ja-moodulsusteemi-raamile-m\/","url":"https:\/\/bbqentertainment.com\/toode\/big-green-egg-kate-integgreeritud-alusele-xl-l-ja-moodulsusteemi-raamile-m\/","name":"Big Green Egg Kate intEGGreeritud alusele XL, L ja Mooduls\u00fcsteemi raamile M - BBQ Entertainment","isPartOf":{"@id":"https:\/\/bbqentertainment.com\/#website"},"primaryImageOfPage":{"@id":"https:\/\/bbqentertainment.com\/toode\/big-green-egg-kate-integgreeritud-alusele-xl-l-ja-moodulsusteemi-raamile-m\/#primaryimage"},"image":{"@id":"https:\/\/bbqentertainment.com\/toode\/big-green-egg-kate-integgreeritud-alusele-xl-l-ja-moodulsusteemi-raamile-m\/#primaryimage"},"thumbnailUrl":"https:\/\/bbqentertainment.com\/wp-content\/uploads\/2025\/11\/Kate-jalgadel-Eggile-Big-Green-Egg.png","datePublished":"2025-11-26T17:05:50+00:00","dateModified":"2026-03-12T14:50:22+00:00","breadcrumb":{"@id":"https:\/\/bbqentertainment.com\/toode\/big-green-egg-kate-integgreeritud-alusele-xl-l-ja-moodulsusteemi-raamile-m\/#breadcrumb"},"inLanguage":"en-US","potentialAction":[{"@type":"ReadAction","target":["https:\/\/bbqentertainment.com\/toode\/big-green-egg-kate-integgreeritud-alusele-xl-l-ja-moodulsusteemi-raamile-m\/"]}]},{"@type":"ImageObject","inLanguage":"en-US","@id":"https:\/\/bbqentertainment.com\/toode\/big-green-egg-kate-integgreeritud-alusele-xl-l-ja-moodulsusteemi-raamile-m\/#primaryimage","url":"https:\/\/bbqentertainment.com\/wp-content\/uploads\/2025\/11\/Kate-jalgadel-Eggile-Big-Green-Egg.png","contentUrl":"https:\/\/bbqentertainment.com\/wp-content\/uploads\/2025\/11\/Kate-jalgadel-Eggile-Big-Green-Egg.png","width":500,"height":500},{"@type":"BreadcrumbList","@id":"https:\/\/bbqentertainment.com\/toode\/big-green-egg-kate-integgreeritud-alusele-xl-l-ja-moodulsusteemi-raamile-m\/#breadcrumb","itemListElement":[{"@type":"ListItem","position":1,"name":"AVALEHT","item":"https:\/\/bbqentertainment.com\/en\/"},{"@type":"ListItem","position":2,"name":"Tooted","item":"https:\/\/bbqentertainment.com\/tooted\/"},{"@type":"ListItem","position":3,"name":"Grillid ja ahjud","item":"https:\/\/bbqentertainment.com\/tootekategooria\/grillid-ja-ahjud\/"},{"@type":"ListItem","position":4,"name":"Big Green Egg","item":"https:\/\/bbqentertainment.com\/tootekategooria\/grillid-ja-ahjud\/big-green-egg\/"},{"@type":"ListItem","position":5,"name":"Big Green Egg Kate intEGGreeritud alusele XL, L ja Mooduls\u00fcsteemi raamile M"}]},{"@type":"WebSite","@id":"https:\/\/bbqentertainment.com\/#website","url":"https:\/\/bbqentertainment.com\/","name":"BBQ Entertainment","description":"BBQ is a great lifestyle, not just fun!","publisher":{"@id":"https:\/\/bbqentertainment.com\/#organization"},"potentialAction":[{"@type":"SearchAction","target":{"@type":"EntryPoint","urlTemplate":"https:\/\/bbqentertainment.com\/?s={search_term_string}"},"query-input":{"@type":"PropertyValueSpecification","valueRequired":true,"valueName":"search_term_string"}}],"inLanguage":"en-US"},{"@type":"Organization","@id":"https:\/\/bbqentertainment.com\/#organization","name":"BBQ Entertainment O\u00dc","url":"https:\/\/bbqentertainment.com\/","logo":{"@type":"ImageObject","inLanguage":"en-US","@id":"https:\/\/bbqentertainment.com\/#\/schema\/logo\/image\/","url":"https:\/\/bbqentertainment.com\/wp-content\/uploads\/2020\/04\/BBQ-Entertainment-N-Catering-Enn-Tobreluts-Logo.png","contentUrl":"https:\/\/bbqentertainment.com\/wp-content\/uploads\/2020\/04\/BBQ-Entertainment-N-Catering-Enn-Tobreluts-Logo.png","width":628,"height":266,"caption":"BBQ Entertainment O\u00dc"},"image":{"@id":"https:\/\/bbqentertainment.com\/#\/schema\/logo\/image\/"},"sameAs":["https:\/\/www.facebook.com\/BBQ-Entertainment-N-Catering-2437913376443540","https:\/\/www.instagram.com\/bbqentertainmentncatering\/","https:\/\/www.youtube.com\/channel\/UCmpuANQVhLy2Md8nrenp2jA"]}]}},"_links":{"self":[{"href":"https:\/\/bbqentertainment.com\/en\/wp-json\/wp\/v2\/product\/255376","targetHints":{"allow":["GET"]}}],"collection":[{"href":"https:\/\/bbqentertainment.com\/en\/wp-json\/wp\/v2\/product"}],"about":[{"href":"https:\/\/bbqentertainment.com\/en\/wp-json\/wp\/v2\/types\/product"}],"wp:featuredmedia":[{"embeddable":true,"href":"https:\/\/bbqentertainment.com\/en\/wp-json\/wp\/v2\/media\/255829"}],"wp:attachment":[{"href":"https:\/\/bbqentertainment.com\/en\/wp-json\/wp\/v2\/media?parent=255376"}],"wp:term":[{"taxonomy":"product_brand","embeddable":true,"href":"https:\/\/bbqentertainment.com\/en\/wp-json\/wp\/v2\/product_brand?post=255376"},{"taxonomy":"product_cat","embeddable":true,"href":"https:\/\/bbqentertainment.com\/en\/wp-json\/wp\/v2\/product_cat?post=255376"},{"taxonomy":"product_tag","embeddable":true,"href":"https:\/\/bbqentertainment.com\/en\/wp-json\/wp\/v2\/product_tag?post=255376"}],"curies":[{"name":"wp","href":"https:\/\/api.w.org\/{rel}","templated":true}]}}