{"id":255394,"date":"2025-11-26T19:06:04","date_gmt":"2025-11-26T17:06:04","guid":{"rendered":"https:\/\/bbqentertainment.com\/?post_type=product&#038;p=255394"},"modified":"2026-03-12T17:14:43","modified_gmt":"2026-03-12T15:14:43","slug":"big-green-egg-soegrill-big-green-egg-2xl","status":"publish","type":"product","link":"https:\/\/bbqentertainment.com\/en\/toode\/big-green-egg-soegrill-big-green-egg-2xl\/","title":{"rendered":"Big Green Egg S\u00f6egrill Big Green Egg 2XL"},"content":{"rendered":"","protected":false},"excerpt":{"rendered":"<h3>Big Green Egg S\u00f6egrill Big Green Egg 2XL<\/h3>\n<p>Suur, suurem, suurim. Big Green Egg 2XL on Big Green Eggi tootepere suurim liige ja suurim kamado-grill \u00fcldse, mida turult leida v\u00f5ib. Selle mudeli juures on k\u00f5ik muljetavaldav: tema kaal on 192 kg, k\u00f5rgus ilma aluseta \u00fcks meeter ja k\u00fcpsetuspinda on selles rohkem kui 0,4 m2. 2XL \u00e4ratab k\u00f5igega t\u00e4helepanu ja ka tema t\u00f6\u00f6tulemused on samav\u00e4\u00e4rsed. Lisa ratastega alus koos k\u00e4epidemega ja saad oma 2XL-grilli h\u00f5lpsasti \u00fchest kohast teise toimetada. T\u00e4nu nutikale hingemehhanismile on selle hiiglasliku EGGi kuppel kergesti avatav. T\u00e4pselt nagu v\u00e4iksemad vennad, v\u00f5imaldab ka 2XL tohutult palju erinevaid toiduvalmistamisv\u00f5tteid kasutada \u2013 grillimine, k\u00fcpsetamine, keetmine, hautamine, suitsutamine ja aeglaselt k\u00fcpsetamine. Kui sul on oma restoran, toitlustusfrma v\u00f5i lihtsalt v\u00e4ga palju s\u00f5pru, on just Big Green Egg 2XL sulle sobilik. See on suurejooneline oma m\u00f5\u00f5tmete ja kulinaarsete v\u00f5imaluste poolest, samas pretensioonitu ja koost\u00f6\u00f6aldis.<\/p>\n","protected":false},"featured_media":256139,"template":"","meta":{"inline_featured_image":false},"product_brand":[],"product_cat":[661,662],"product_tag":[],"class_list":{"0":"post-255394","1":"product","2":"type-product","3":"status-publish","4":"has-post-thumbnail","6":"product_cat-big-green-egg","7":"product_cat-lisatarvikud-big-green-egg","9":"first","10":"instock","11":"taxable","12":"shipping-taxable","13":"purchasable","14":"product-type-simple"},"yoast_head":"<!-- This site is optimized with the Yoast SEO plugin v27.2 - https:\/\/yoast.com\/product\/yoast-seo-wordpress\/ -->\n<title>Big Green Egg S\u00f6egrill Big Green Egg 2XL - BBQ Entertainment<\/title>\n<meta name=\"robots\" content=\"index, follow, max-snippet:-1, max-image-preview:large, max-video-preview:-1\" \/>\n<link rel=\"canonical\" href=\"https:\/\/bbqentertainment.com\/toode\/big-green-egg-soegrill-big-green-egg-2xl\/\" \/>\n<meta property=\"og:locale\" content=\"en_US\" \/>\n<meta property=\"og:type\" content=\"article\" \/>\n<meta property=\"og:title\" content=\"Big Green Egg S\u00f6egrill Big Green Egg 2XL - BBQ Entertainment\" \/>\n<meta property=\"og:description\" content=\"Big Green Egg S\u00f6egrill Big Green Egg 2XL Suur, suurem, suurim. Big Green Egg 2XL on Big Green Eggi tootepere suurim liige ja suurim kamado-grill \u00fcldse, mida turult leida v\u00f5ib. Selle mudeli juures on k\u00f5ik muljetavaldav: tema kaal on 192 kg, k\u00f5rgus ilma aluseta \u00fcks meeter ja k\u00fcpsetuspinda on selles rohkem kui 0,4 m2. 2XL \u00e4ratab k\u00f5igega t\u00e4helepanu ja ka tema t\u00f6\u00f6tulemused on samav\u00e4\u00e4rsed. Lisa ratastega alus koos k\u00e4epidemega ja saad oma 2XL-grilli h\u00f5lpsasti \u00fchest kohast teise toimetada. T\u00e4nu nutikale hingemehhanismile on selle hiiglasliku EGGi kuppel kergesti avatav. T\u00e4pselt nagu v\u00e4iksemad vennad, v\u00f5imaldab ka 2XL tohutult palju erinevaid toiduvalmistamisv\u00f5tteid kasutada \u2013 grillimine, k\u00fcpsetamine, keetmine, hautamine, suitsutamine ja aeglaselt k\u00fcpsetamine. Kui sul on oma restoran, toitlustusfrma v\u00f5i lihtsalt v\u00e4ga palju s\u00f5pru, on just Big Green Egg 2XL sulle sobilik. See on suurejooneline oma m\u00f5\u00f5tmete ja kulinaarsete v\u00f5imaluste poolest, samas pretensioonitu ja koost\u00f6\u00f6aldis.\" \/>\n<meta property=\"og:url\" content=\"https:\/\/bbqentertainment.com\/toode\/big-green-egg-soegrill-big-green-egg-2xl\/\" \/>\n<meta property=\"og:site_name\" content=\"BBQ Entertainment\" \/>\n<meta property=\"article:publisher\" content=\"https:\/\/www.facebook.com\/BBQ-Entertainment-N-Catering-2437913376443540\" \/>\n<meta property=\"article:modified_time\" content=\"2026-03-12T15:14:43+00:00\" \/>\n<meta property=\"og:image\" content=\"https:\/\/bbqentertainment.com\/wp-content\/uploads\/2025\/11\/2XLarge-Big-Green-Egg.png\" \/>\n\t<meta property=\"og:image:width\" content=\"800\" \/>\n\t<meta property=\"og:image:height\" content=\"800\" \/>\n\t<meta property=\"og:image:type\" content=\"image\/png\" \/>\n<meta name=\"twitter:card\" content=\"summary_large_image\" \/>\n<meta name=\"twitter:label1\" content=\"Est. reading time\" \/>\n\t<meta name=\"twitter:data1\" content=\"1 minute\" \/>\n<script type=\"application\/ld+json\" class=\"yoast-schema-graph\">{\"@context\":\"https:\/\/schema.org\",\"@graph\":[{\"@type\":[\"WebPage\",\"ItemPage\"],\"@id\":\"https:\/\/bbqentertainment.com\/toode\/big-green-egg-soegrill-big-green-egg-2xl\/\",\"url\":\"https:\/\/bbqentertainment.com\/toode\/big-green-egg-soegrill-big-green-egg-2xl\/\",\"name\":\"Big Green Egg S\u00f6egrill Big Green Egg 2XL - BBQ Entertainment\",\"isPartOf\":{\"@id\":\"https:\/\/bbqentertainment.com\/#website\"},\"primaryImageOfPage\":{\"@id\":\"https:\/\/bbqentertainment.com\/toode\/big-green-egg-soegrill-big-green-egg-2xl\/#primaryimage\"},\"image\":{\"@id\":\"https:\/\/bbqentertainment.com\/toode\/big-green-egg-soegrill-big-green-egg-2xl\/#primaryimage\"},\"thumbnailUrl\":\"https:\/\/bbqentertainment.com\/wp-content\/uploads\/2025\/11\/2XLarge-Big-Green-Egg.png\",\"datePublished\":\"2025-11-26T17:06:04+00:00\",\"dateModified\":\"2026-03-12T15:14:43+00:00\",\"breadcrumb\":{\"@id\":\"https:\/\/bbqentertainment.com\/toode\/big-green-egg-soegrill-big-green-egg-2xl\/#breadcrumb\"},\"inLanguage\":\"en-US\",\"potentialAction\":[{\"@type\":\"ReadAction\",\"target\":[\"https:\/\/bbqentertainment.com\/toode\/big-green-egg-soegrill-big-green-egg-2xl\/\"]}]},{\"@type\":\"ImageObject\",\"inLanguage\":\"en-US\",\"@id\":\"https:\/\/bbqentertainment.com\/toode\/big-green-egg-soegrill-big-green-egg-2xl\/#primaryimage\",\"url\":\"https:\/\/bbqentertainment.com\/wp-content\/uploads\/2025\/11\/2XLarge-Big-Green-Egg.png\",\"contentUrl\":\"https:\/\/bbqentertainment.com\/wp-content\/uploads\/2025\/11\/2XLarge-Big-Green-Egg.png\",\"width\":800,\"height\":800},{\"@type\":\"BreadcrumbList\",\"@id\":\"https:\/\/bbqentertainment.com\/toode\/big-green-egg-soegrill-big-green-egg-2xl\/#breadcrumb\",\"itemListElement\":[{\"@type\":\"ListItem\",\"position\":1,\"name\":\"AVALEHT\",\"item\":\"https:\/\/bbqentertainment.com\/en\/\"},{\"@type\":\"ListItem\",\"position\":2,\"name\":\"Tooted\",\"item\":\"https:\/\/bbqentertainment.com\/tooted\/\"},{\"@type\":\"ListItem\",\"position\":3,\"name\":\"Grillid ja ahjud\",\"item\":\"https:\/\/bbqentertainment.com\/tootekategooria\/grillid-ja-ahjud\/\"},{\"@type\":\"ListItem\",\"position\":4,\"name\":\"Big Green Egg\",\"item\":\"https:\/\/bbqentertainment.com\/tootekategooria\/grillid-ja-ahjud\/big-green-egg\/\"},{\"@type\":\"ListItem\",\"position\":5,\"name\":\"Big Green Egg S\u00f6egrill Big Green Egg 2XL\"}]},{\"@type\":\"WebSite\",\"@id\":\"https:\/\/bbqentertainment.com\/#website\",\"url\":\"https:\/\/bbqentertainment.com\/\",\"name\":\"BBQ Entertainment\",\"description\":\"BBQ is a great lifestyle, not just fun!\",\"publisher\":{\"@id\":\"https:\/\/bbqentertainment.com\/#organization\"},\"potentialAction\":[{\"@type\":\"SearchAction\",\"target\":{\"@type\":\"EntryPoint\",\"urlTemplate\":\"https:\/\/bbqentertainment.com\/?s={search_term_string}\"},\"query-input\":{\"@type\":\"PropertyValueSpecification\",\"valueRequired\":true,\"valueName\":\"search_term_string\"}}],\"inLanguage\":\"en-US\"},{\"@type\":\"Organization\",\"@id\":\"https:\/\/bbqentertainment.com\/#organization\",\"name\":\"BBQ Entertainment O\u00dc\",\"url\":\"https:\/\/bbqentertainment.com\/\",\"logo\":{\"@type\":\"ImageObject\",\"inLanguage\":\"en-US\",\"@id\":\"https:\/\/bbqentertainment.com\/#\/schema\/logo\/image\/\",\"url\":\"https:\/\/bbqentertainment.com\/wp-content\/uploads\/2020\/04\/BBQ-Entertainment-N-Catering-Enn-Tobreluts-Logo.png\",\"contentUrl\":\"https:\/\/bbqentertainment.com\/wp-content\/uploads\/2020\/04\/BBQ-Entertainment-N-Catering-Enn-Tobreluts-Logo.png\",\"width\":628,\"height\":266,\"caption\":\"BBQ Entertainment O\u00dc\"},\"image\":{\"@id\":\"https:\/\/bbqentertainment.com\/#\/schema\/logo\/image\/\"},\"sameAs\":[\"https:\/\/www.facebook.com\/BBQ-Entertainment-N-Catering-2437913376443540\",\"https:\/\/www.instagram.com\/bbqentertainmentncatering\/\",\"https:\/\/www.youtube.com\/channel\/UCmpuANQVhLy2Md8nrenp2jA\"]}]}<\/script>\n<!-- \/ Yoast SEO plugin. -->","yoast_head_json":{"title":"Big Green Egg S\u00f6egrill Big Green Egg 2XL - BBQ Entertainment","robots":{"index":"index","follow":"follow","max-snippet":"max-snippet:-1","max-image-preview":"max-image-preview:large","max-video-preview":"max-video-preview:-1"},"canonical":"https:\/\/bbqentertainment.com\/toode\/big-green-egg-soegrill-big-green-egg-2xl\/","og_locale":"en_US","og_type":"article","og_title":"Big Green Egg S\u00f6egrill Big Green Egg 2XL - BBQ Entertainment","og_description":"Big Green Egg S\u00f6egrill Big Green Egg 2XL Suur, suurem, suurim. Big Green Egg 2XL on Big Green Eggi tootepere suurim liige ja suurim kamado-grill \u00fcldse, mida turult leida v\u00f5ib. Selle mudeli juures on k\u00f5ik muljetavaldav: tema kaal on 192 kg, k\u00f5rgus ilma aluseta \u00fcks meeter ja k\u00fcpsetuspinda on selles rohkem kui 0,4 m2. 2XL \u00e4ratab k\u00f5igega t\u00e4helepanu ja ka tema t\u00f6\u00f6tulemused on samav\u00e4\u00e4rsed. Lisa ratastega alus koos k\u00e4epidemega ja saad oma 2XL-grilli h\u00f5lpsasti \u00fchest kohast teise toimetada. T\u00e4nu nutikale hingemehhanismile on selle hiiglasliku EGGi kuppel kergesti avatav. T\u00e4pselt nagu v\u00e4iksemad vennad, v\u00f5imaldab ka 2XL tohutult palju erinevaid toiduvalmistamisv\u00f5tteid kasutada \u2013 grillimine, k\u00fcpsetamine, keetmine, hautamine, suitsutamine ja aeglaselt k\u00fcpsetamine. Kui sul on oma restoran, toitlustusfrma v\u00f5i lihtsalt v\u00e4ga palju s\u00f5pru, on just Big Green Egg 2XL sulle sobilik. See on suurejooneline oma m\u00f5\u00f5tmete ja kulinaarsete v\u00f5imaluste poolest, samas pretensioonitu ja koost\u00f6\u00f6aldis.","og_url":"https:\/\/bbqentertainment.com\/toode\/big-green-egg-soegrill-big-green-egg-2xl\/","og_site_name":"BBQ Entertainment","article_publisher":"https:\/\/www.facebook.com\/BBQ-Entertainment-N-Catering-2437913376443540","article_modified_time":"2026-03-12T15:14:43+00:00","og_image":[{"width":800,"height":800,"url":"https:\/\/bbqentertainment.com\/wp-content\/uploads\/2025\/11\/2XLarge-Big-Green-Egg.png","type":"image\/png"}],"twitter_card":"summary_large_image","twitter_misc":{"Est. reading time":"1 minute"},"schema":{"@context":"https:\/\/schema.org","@graph":[{"@type":["WebPage","ItemPage"],"@id":"https:\/\/bbqentertainment.com\/toode\/big-green-egg-soegrill-big-green-egg-2xl\/","url":"https:\/\/bbqentertainment.com\/toode\/big-green-egg-soegrill-big-green-egg-2xl\/","name":"Big Green Egg S\u00f6egrill Big Green Egg 2XL - BBQ Entertainment","isPartOf":{"@id":"https:\/\/bbqentertainment.com\/#website"},"primaryImageOfPage":{"@id":"https:\/\/bbqentertainment.com\/toode\/big-green-egg-soegrill-big-green-egg-2xl\/#primaryimage"},"image":{"@id":"https:\/\/bbqentertainment.com\/toode\/big-green-egg-soegrill-big-green-egg-2xl\/#primaryimage"},"thumbnailUrl":"https:\/\/bbqentertainment.com\/wp-content\/uploads\/2025\/11\/2XLarge-Big-Green-Egg.png","datePublished":"2025-11-26T17:06:04+00:00","dateModified":"2026-03-12T15:14:43+00:00","breadcrumb":{"@id":"https:\/\/bbqentertainment.com\/toode\/big-green-egg-soegrill-big-green-egg-2xl\/#breadcrumb"},"inLanguage":"en-US","potentialAction":[{"@type":"ReadAction","target":["https:\/\/bbqentertainment.com\/toode\/big-green-egg-soegrill-big-green-egg-2xl\/"]}]},{"@type":"ImageObject","inLanguage":"en-US","@id":"https:\/\/bbqentertainment.com\/toode\/big-green-egg-soegrill-big-green-egg-2xl\/#primaryimage","url":"https:\/\/bbqentertainment.com\/wp-content\/uploads\/2025\/11\/2XLarge-Big-Green-Egg.png","contentUrl":"https:\/\/bbqentertainment.com\/wp-content\/uploads\/2025\/11\/2XLarge-Big-Green-Egg.png","width":800,"height":800},{"@type":"BreadcrumbList","@id":"https:\/\/bbqentertainment.com\/toode\/big-green-egg-soegrill-big-green-egg-2xl\/#breadcrumb","itemListElement":[{"@type":"ListItem","position":1,"name":"AVALEHT","item":"https:\/\/bbqentertainment.com\/en\/"},{"@type":"ListItem","position":2,"name":"Tooted","item":"https:\/\/bbqentertainment.com\/tooted\/"},{"@type":"ListItem","position":3,"name":"Grillid ja ahjud","item":"https:\/\/bbqentertainment.com\/tootekategooria\/grillid-ja-ahjud\/"},{"@type":"ListItem","position":4,"name":"Big Green Egg","item":"https:\/\/bbqentertainment.com\/tootekategooria\/grillid-ja-ahjud\/big-green-egg\/"},{"@type":"ListItem","position":5,"name":"Big Green Egg S\u00f6egrill Big Green Egg 2XL"}]},{"@type":"WebSite","@id":"https:\/\/bbqentertainment.com\/#website","url":"https:\/\/bbqentertainment.com\/","name":"BBQ Entertainment","description":"BBQ is a great lifestyle, not just fun!","publisher":{"@id":"https:\/\/bbqentertainment.com\/#organization"},"potentialAction":[{"@type":"SearchAction","target":{"@type":"EntryPoint","urlTemplate":"https:\/\/bbqentertainment.com\/?s={search_term_string}"},"query-input":{"@type":"PropertyValueSpecification","valueRequired":true,"valueName":"search_term_string"}}],"inLanguage":"en-US"},{"@type":"Organization","@id":"https:\/\/bbqentertainment.com\/#organization","name":"BBQ Entertainment O\u00dc","url":"https:\/\/bbqentertainment.com\/","logo":{"@type":"ImageObject","inLanguage":"en-US","@id":"https:\/\/bbqentertainment.com\/#\/schema\/logo\/image\/","url":"https:\/\/bbqentertainment.com\/wp-content\/uploads\/2020\/04\/BBQ-Entertainment-N-Catering-Enn-Tobreluts-Logo.png","contentUrl":"https:\/\/bbqentertainment.com\/wp-content\/uploads\/2020\/04\/BBQ-Entertainment-N-Catering-Enn-Tobreluts-Logo.png","width":628,"height":266,"caption":"BBQ Entertainment O\u00dc"},"image":{"@id":"https:\/\/bbqentertainment.com\/#\/schema\/logo\/image\/"},"sameAs":["https:\/\/www.facebook.com\/BBQ-Entertainment-N-Catering-2437913376443540","https:\/\/www.instagram.com\/bbqentertainmentncatering\/","https:\/\/www.youtube.com\/channel\/UCmpuANQVhLy2Md8nrenp2jA"]}]}},"_links":{"self":[{"href":"https:\/\/bbqentertainment.com\/en\/wp-json\/wp\/v2\/product\/255394","targetHints":{"allow":["GET"]}}],"collection":[{"href":"https:\/\/bbqentertainment.com\/en\/wp-json\/wp\/v2\/product"}],"about":[{"href":"https:\/\/bbqentertainment.com\/en\/wp-json\/wp\/v2\/types\/product"}],"wp:featuredmedia":[{"embeddable":true,"href":"https:\/\/bbqentertainment.com\/en\/wp-json\/wp\/v2\/media\/256139"}],"wp:attachment":[{"href":"https:\/\/bbqentertainment.com\/en\/wp-json\/wp\/v2\/media?parent=255394"}],"wp:term":[{"taxonomy":"product_brand","embeddable":true,"href":"https:\/\/bbqentertainment.com\/en\/wp-json\/wp\/v2\/product_brand?post=255394"},{"taxonomy":"product_cat","embeddable":true,"href":"https:\/\/bbqentertainment.com\/en\/wp-json\/wp\/v2\/product_cat?post=255394"},{"taxonomy":"product_tag","embeddable":true,"href":"https:\/\/bbqentertainment.com\/en\/wp-json\/wp\/v2\/product_tag?post=255394"}],"curies":[{"name":"wp","href":"https:\/\/api.w.org\/{rel}","templated":true}]}}