{"id":255395,"date":"2025-11-26T19:06:05","date_gmt":"2025-11-26T17:06:05","guid":{"rendered":"https:\/\/bbqentertainment.com\/?post_type=product&#038;p=255395"},"modified":"2026-03-12T17:14:44","modified_gmt":"2026-03-12T15:14:44","slug":"big-green-egg-grillsusi-pook-9-kg","status":"publish","type":"product","link":"https:\/\/bbqentertainment.com\/en\/toode\/big-green-egg-grillsusi-pook-9-kg\/","title":{"rendered":"Big Green Egg Grills\u00fcsi, p\u00f6\u00f6k 9 kg"},"content":{"rendered":"","protected":false},"excerpt":{"rendered":"<h3>Big Green Egg Grills\u00fcsi, p\u00f6\u00f6k 9 kg<\/h3>\n<p>Iga kokkamine algab \u00f5ige k\u00fctusega. Meie 100% naturaalne grills\u00fcsi (FSC kvaliteedit\u00e4hisega) on t\u00e4pselt see, mida sa vajad. Big Green Eggi grills\u00fcsi on valmistatud p\u00f6\u00f6gist ja valgep\u00f6\u00f6gist ning see p\u00f5leb erakordselt kaua. Eriti suitsuse maitse saamiseks lisa s\u00fctele puuklotse v\u00f5i -laastusid.<\/p>\n","protected":false},"featured_media":256119,"template":"","meta":{"inline_featured_image":false},"product_brand":[],"product_cat":[662,27,664,439],"product_tag":[],"class_list":{"0":"post-255395","1":"product","2":"type-product","3":"status-publish","4":"has-post-thumbnail","6":"product_cat-lisatarvikud-big-green-egg","7":"product_cat-grillsusi","8":"product_cat-big-green-egg-grillsusi","9":"product_cat-eksootilised-grillsoed","11":"first","12":"instock","13":"taxable","14":"shipping-taxable","15":"purchasable","16":"product-type-simple"},"yoast_head":"<!-- This site is optimized with the Yoast SEO plugin v27.4 - https:\/\/yoast.com\/product\/yoast-seo-wordpress\/ -->\n<title>Big Green Egg Grills\u00fcsi, p\u00f6\u00f6k 9 kg - BBQ Entertainment<\/title>\n<meta name=\"robots\" content=\"index, follow, max-snippet:-1, max-image-preview:large, max-video-preview:-1\" \/>\n<link rel=\"canonical\" href=\"https:\/\/bbqentertainment.com\/toode\/big-green-egg-grillsusi-pook-9-kg\/\" \/>\n<meta property=\"og:locale\" content=\"en_US\" \/>\n<meta property=\"og:type\" content=\"article\" \/>\n<meta property=\"og:title\" content=\"Big Green Egg Grills\u00fcsi, p\u00f6\u00f6k 9 kg - BBQ Entertainment\" \/>\n<meta property=\"og:description\" content=\"Big Green Egg Grills\u00fcsi, p\u00f6\u00f6k 9 kg Iga kokkamine algab \u00f5ige k\u00fctusega. Meie 100% naturaalne grills\u00fcsi (FSC kvaliteedit\u00e4hisega) on t\u00e4pselt see, mida sa vajad. Big Green Eggi grills\u00fcsi on valmistatud p\u00f6\u00f6gist ja valgep\u00f6\u00f6gist ning see p\u00f5leb erakordselt kaua. Eriti suitsuse maitse saamiseks lisa s\u00fctele puuklotse v\u00f5i -laastusid.\" \/>\n<meta property=\"og:url\" content=\"https:\/\/bbqentertainment.com\/toode\/big-green-egg-grillsusi-pook-9-kg\/\" \/>\n<meta property=\"og:site_name\" content=\"BBQ Entertainment\" \/>\n<meta property=\"article:publisher\" content=\"https:\/\/www.facebook.com\/BBQ-Entertainment-N-Catering-2437913376443540\" \/>\n<meta property=\"article:modified_time\" content=\"2026-03-12T15:14:44+00:00\" \/>\n<meta property=\"og:image\" content=\"https:\/\/bbqentertainment.com\/wp-content\/uploads\/2025\/11\/Grillsusi-naturaalne-Big-Green-Egg.png\" \/>\n\t<meta property=\"og:image:width\" content=\"667\" \/>\n\t<meta property=\"og:image:height\" content=\"667\" \/>\n\t<meta property=\"og:image:type\" content=\"image\/png\" \/>\n<meta name=\"twitter:card\" content=\"summary_large_image\" \/>\n<meta name=\"twitter:label1\" content=\"Est. reading time\" \/>\n\t<meta name=\"twitter:data1\" content=\"1 minute\" \/>\n<script type=\"application\/ld+json\" class=\"yoast-schema-graph\">{\"@context\":\"https:\\\/\\\/schema.org\",\"@graph\":[{\"@type\":[\"WebPage\",\"ItemPage\"],\"@id\":\"https:\\\/\\\/bbqentertainment.com\\\/toode\\\/big-green-egg-grillsusi-pook-9-kg\\\/\",\"url\":\"https:\\\/\\\/bbqentertainment.com\\\/toode\\\/big-green-egg-grillsusi-pook-9-kg\\\/\",\"name\":\"Big Green Egg Grills\u00fcsi, p\u00f6\u00f6k 9 kg - BBQ Entertainment\",\"isPartOf\":{\"@id\":\"https:\\\/\\\/bbqentertainment.com\\\/#website\"},\"primaryImageOfPage\":{\"@id\":\"https:\\\/\\\/bbqentertainment.com\\\/toode\\\/big-green-egg-grillsusi-pook-9-kg\\\/#primaryimage\"},\"image\":{\"@id\":\"https:\\\/\\\/bbqentertainment.com\\\/toode\\\/big-green-egg-grillsusi-pook-9-kg\\\/#primaryimage\"},\"thumbnailUrl\":\"https:\\\/\\\/bbqentertainment.com\\\/wp-content\\\/uploads\\\/2025\\\/11\\\/Grillsusi-naturaalne-Big-Green-Egg.png\",\"datePublished\":\"2025-11-26T17:06:05+00:00\",\"dateModified\":\"2026-03-12T15:14:44+00:00\",\"breadcrumb\":{\"@id\":\"https:\\\/\\\/bbqentertainment.com\\\/toode\\\/big-green-egg-grillsusi-pook-9-kg\\\/#breadcrumb\"},\"inLanguage\":\"en-US\",\"potentialAction\":[{\"@type\":\"ReadAction\",\"target\":[\"https:\\\/\\\/bbqentertainment.com\\\/toode\\\/big-green-egg-grillsusi-pook-9-kg\\\/\"]}]},{\"@type\":\"ImageObject\",\"inLanguage\":\"en-US\",\"@id\":\"https:\\\/\\\/bbqentertainment.com\\\/toode\\\/big-green-egg-grillsusi-pook-9-kg\\\/#primaryimage\",\"url\":\"https:\\\/\\\/bbqentertainment.com\\\/wp-content\\\/uploads\\\/2025\\\/11\\\/Grillsusi-naturaalne-Big-Green-Egg.png\",\"contentUrl\":\"https:\\\/\\\/bbqentertainment.com\\\/wp-content\\\/uploads\\\/2025\\\/11\\\/Grillsusi-naturaalne-Big-Green-Egg.png\",\"width\":667,\"height\":667},{\"@type\":\"BreadcrumbList\",\"@id\":\"https:\\\/\\\/bbqentertainment.com\\\/toode\\\/big-green-egg-grillsusi-pook-9-kg\\\/#breadcrumb\",\"itemListElement\":[{\"@type\":\"ListItem\",\"position\":1,\"name\":\"AVALEHT\",\"item\":\"https:\\\/\\\/bbqentertainment.com\\\/en\\\/\"},{\"@type\":\"ListItem\",\"position\":2,\"name\":\"Tooted\",\"item\":\"https:\\\/\\\/bbqentertainment.com\\\/tooted\\\/\"},{\"@type\":\"ListItem\",\"position\":3,\"name\":\"K\u00fcte\",\"item\":\"https:\\\/\\\/bbqentertainment.com\\\/tootekategooria\\\/grillsusi\\\/\"},{\"@type\":\"ListItem\",\"position\":4,\"name\":\"Big Green Egg grills\u00fcsi\",\"item\":\"https:\\\/\\\/bbqentertainment.com\\\/tootekategooria\\\/grillsusi\\\/big-green-egg-grillsusi\\\/\"},{\"@type\":\"ListItem\",\"position\":5,\"name\":\"Big Green Egg Grills\u00fcsi, p\u00f6\u00f6k 9 kg\"}]},{\"@type\":\"WebSite\",\"@id\":\"https:\\\/\\\/bbqentertainment.com\\\/#website\",\"url\":\"https:\\\/\\\/bbqentertainment.com\\\/\",\"name\":\"BBQ Entertainment\",\"description\":\"BBQ is a great lifestyle, not just fun!\",\"publisher\":{\"@id\":\"https:\\\/\\\/bbqentertainment.com\\\/#organization\"},\"potentialAction\":[{\"@type\":\"SearchAction\",\"target\":{\"@type\":\"EntryPoint\",\"urlTemplate\":\"https:\\\/\\\/bbqentertainment.com\\\/?s={search_term_string}\"},\"query-input\":{\"@type\":\"PropertyValueSpecification\",\"valueRequired\":true,\"valueName\":\"search_term_string\"}}],\"inLanguage\":\"en-US\"},{\"@type\":\"Organization\",\"@id\":\"https:\\\/\\\/bbqentertainment.com\\\/#organization\",\"name\":\"BBQ Entertainment O\u00dc\",\"url\":\"https:\\\/\\\/bbqentertainment.com\\\/\",\"logo\":{\"@type\":\"ImageObject\",\"inLanguage\":\"en-US\",\"@id\":\"https:\\\/\\\/bbqentertainment.com\\\/#\\\/schema\\\/logo\\\/image\\\/\",\"url\":\"https:\\\/\\\/bbqentertainment.com\\\/wp-content\\\/uploads\\\/2020\\\/04\\\/BBQ-Entertainment-N-Catering-Enn-Tobreluts-Logo.png\",\"contentUrl\":\"https:\\\/\\\/bbqentertainment.com\\\/wp-content\\\/uploads\\\/2020\\\/04\\\/BBQ-Entertainment-N-Catering-Enn-Tobreluts-Logo.png\",\"width\":628,\"height\":266,\"caption\":\"BBQ Entertainment O\u00dc\"},\"image\":{\"@id\":\"https:\\\/\\\/bbqentertainment.com\\\/#\\\/schema\\\/logo\\\/image\\\/\"},\"sameAs\":[\"https:\\\/\\\/www.facebook.com\\\/BBQ-Entertainment-N-Catering-2437913376443540\",\"https:\\\/\\\/www.instagram.com\\\/bbqentertainmentncatering\\\/\",\"https:\\\/\\\/www.youtube.com\\\/channel\\\/UCmpuANQVhLy2Md8nrenp2jA\"]}]}<\/script>\n<!-- \/ Yoast SEO plugin. -->","yoast_head_json":{"title":"Big Green Egg Grills\u00fcsi, p\u00f6\u00f6k 9 kg - BBQ Entertainment","robots":{"index":"index","follow":"follow","max-snippet":"max-snippet:-1","max-image-preview":"max-image-preview:large","max-video-preview":"max-video-preview:-1"},"canonical":"https:\/\/bbqentertainment.com\/toode\/big-green-egg-grillsusi-pook-9-kg\/","og_locale":"en_US","og_type":"article","og_title":"Big Green Egg Grills\u00fcsi, p\u00f6\u00f6k 9 kg - BBQ Entertainment","og_description":"Big Green Egg Grills\u00fcsi, p\u00f6\u00f6k 9 kg Iga kokkamine algab \u00f5ige k\u00fctusega. Meie 100% naturaalne grills\u00fcsi (FSC kvaliteedit\u00e4hisega) on t\u00e4pselt see, mida sa vajad. Big Green Eggi grills\u00fcsi on valmistatud p\u00f6\u00f6gist ja valgep\u00f6\u00f6gist ning see p\u00f5leb erakordselt kaua. Eriti suitsuse maitse saamiseks lisa s\u00fctele puuklotse v\u00f5i -laastusid.","og_url":"https:\/\/bbqentertainment.com\/toode\/big-green-egg-grillsusi-pook-9-kg\/","og_site_name":"BBQ Entertainment","article_publisher":"https:\/\/www.facebook.com\/BBQ-Entertainment-N-Catering-2437913376443540","article_modified_time":"2026-03-12T15:14:44+00:00","og_image":[{"width":667,"height":667,"url":"https:\/\/bbqentertainment.com\/wp-content\/uploads\/2025\/11\/Grillsusi-naturaalne-Big-Green-Egg.png","type":"image\/png"}],"twitter_card":"summary_large_image","twitter_misc":{"Est. reading time":"1 minute"},"schema":{"@context":"https:\/\/schema.org","@graph":[{"@type":["WebPage","ItemPage"],"@id":"https:\/\/bbqentertainment.com\/toode\/big-green-egg-grillsusi-pook-9-kg\/","url":"https:\/\/bbqentertainment.com\/toode\/big-green-egg-grillsusi-pook-9-kg\/","name":"Big Green Egg Grills\u00fcsi, p\u00f6\u00f6k 9 kg - BBQ Entertainment","isPartOf":{"@id":"https:\/\/bbqentertainment.com\/#website"},"primaryImageOfPage":{"@id":"https:\/\/bbqentertainment.com\/toode\/big-green-egg-grillsusi-pook-9-kg\/#primaryimage"},"image":{"@id":"https:\/\/bbqentertainment.com\/toode\/big-green-egg-grillsusi-pook-9-kg\/#primaryimage"},"thumbnailUrl":"https:\/\/bbqentertainment.com\/wp-content\/uploads\/2025\/11\/Grillsusi-naturaalne-Big-Green-Egg.png","datePublished":"2025-11-26T17:06:05+00:00","dateModified":"2026-03-12T15:14:44+00:00","breadcrumb":{"@id":"https:\/\/bbqentertainment.com\/toode\/big-green-egg-grillsusi-pook-9-kg\/#breadcrumb"},"inLanguage":"en-US","potentialAction":[{"@type":"ReadAction","target":["https:\/\/bbqentertainment.com\/toode\/big-green-egg-grillsusi-pook-9-kg\/"]}]},{"@type":"ImageObject","inLanguage":"en-US","@id":"https:\/\/bbqentertainment.com\/toode\/big-green-egg-grillsusi-pook-9-kg\/#primaryimage","url":"https:\/\/bbqentertainment.com\/wp-content\/uploads\/2025\/11\/Grillsusi-naturaalne-Big-Green-Egg.png","contentUrl":"https:\/\/bbqentertainment.com\/wp-content\/uploads\/2025\/11\/Grillsusi-naturaalne-Big-Green-Egg.png","width":667,"height":667},{"@type":"BreadcrumbList","@id":"https:\/\/bbqentertainment.com\/toode\/big-green-egg-grillsusi-pook-9-kg\/#breadcrumb","itemListElement":[{"@type":"ListItem","position":1,"name":"AVALEHT","item":"https:\/\/bbqentertainment.com\/en\/"},{"@type":"ListItem","position":2,"name":"Tooted","item":"https:\/\/bbqentertainment.com\/tooted\/"},{"@type":"ListItem","position":3,"name":"K\u00fcte","item":"https:\/\/bbqentertainment.com\/tootekategooria\/grillsusi\/"},{"@type":"ListItem","position":4,"name":"Big Green Egg grills\u00fcsi","item":"https:\/\/bbqentertainment.com\/tootekategooria\/grillsusi\/big-green-egg-grillsusi\/"},{"@type":"ListItem","position":5,"name":"Big Green Egg Grills\u00fcsi, p\u00f6\u00f6k 9 kg"}]},{"@type":"WebSite","@id":"https:\/\/bbqentertainment.com\/#website","url":"https:\/\/bbqentertainment.com\/","name":"BBQ Entertainment","description":"BBQ is a great lifestyle, not just fun!","publisher":{"@id":"https:\/\/bbqentertainment.com\/#organization"},"potentialAction":[{"@type":"SearchAction","target":{"@type":"EntryPoint","urlTemplate":"https:\/\/bbqentertainment.com\/?s={search_term_string}"},"query-input":{"@type":"PropertyValueSpecification","valueRequired":true,"valueName":"search_term_string"}}],"inLanguage":"en-US"},{"@type":"Organization","@id":"https:\/\/bbqentertainment.com\/#organization","name":"BBQ Entertainment O\u00dc","url":"https:\/\/bbqentertainment.com\/","logo":{"@type":"ImageObject","inLanguage":"en-US","@id":"https:\/\/bbqentertainment.com\/#\/schema\/logo\/image\/","url":"https:\/\/bbqentertainment.com\/wp-content\/uploads\/2020\/04\/BBQ-Entertainment-N-Catering-Enn-Tobreluts-Logo.png","contentUrl":"https:\/\/bbqentertainment.com\/wp-content\/uploads\/2020\/04\/BBQ-Entertainment-N-Catering-Enn-Tobreluts-Logo.png","width":628,"height":266,"caption":"BBQ Entertainment O\u00dc"},"image":{"@id":"https:\/\/bbqentertainment.com\/#\/schema\/logo\/image\/"},"sameAs":["https:\/\/www.facebook.com\/BBQ-Entertainment-N-Catering-2437913376443540","https:\/\/www.instagram.com\/bbqentertainmentncatering\/","https:\/\/www.youtube.com\/channel\/UCmpuANQVhLy2Md8nrenp2jA"]}]}},"_links":{"self":[{"href":"https:\/\/bbqentertainment.com\/en\/wp-json\/wp\/v2\/product\/255395","targetHints":{"allow":["GET"]}}],"collection":[{"href":"https:\/\/bbqentertainment.com\/en\/wp-json\/wp\/v2\/product"}],"about":[{"href":"https:\/\/bbqentertainment.com\/en\/wp-json\/wp\/v2\/types\/product"}],"wp:featuredmedia":[{"embeddable":true,"href":"https:\/\/bbqentertainment.com\/en\/wp-json\/wp\/v2\/media\/256119"}],"wp:attachment":[{"href":"https:\/\/bbqentertainment.com\/en\/wp-json\/wp\/v2\/media?parent=255395"}],"wp:term":[{"taxonomy":"product_brand","embeddable":true,"href":"https:\/\/bbqentertainment.com\/en\/wp-json\/wp\/v2\/product_brand?post=255395"},{"taxonomy":"product_cat","embeddable":true,"href":"https:\/\/bbqentertainment.com\/en\/wp-json\/wp\/v2\/product_cat?post=255395"},{"taxonomy":"product_tag","embeddable":true,"href":"https:\/\/bbqentertainment.com\/en\/wp-json\/wp\/v2\/product_tag?post=255395"}],"curies":[{"name":"wp","href":"https:\/\/api.w.org\/{rel}","templated":true}]}}