{"id":255396,"date":"2025-11-26T19:06:06","date_gmt":"2025-11-26T17:06:06","guid":{"rendered":"https:\/\/bbqentertainment.com\/?post_type=product&#038;p=255396"},"modified":"2026-03-12T17:14:44","modified_gmt":"2026-03-12T15:14:44","slug":"big-green-egg-pure-charcoal-grillsusi-tamm-pook-valgepook-9-kg","status":"publish","type":"product","link":"https:\/\/bbqentertainment.com\/en\/toode\/big-green-egg-pure-charcoal-grillsusi-tamm-pook-valgepook-9-kg\/","title":{"rendered":"Big Green Egg &#8220;Pure Charcoal&#8221; grills\u00fcsi. Tamm, p\u00f6\u00f6k, valgep\u00f6\u00f6k 9 kg"},"content":{"rendered":"","protected":false},"excerpt":{"rendered":"<h3>Big Green Egg &#8220;Pure Charcoal&#8221; grills\u00fcsi. Tamm, p\u00f6\u00f6k, valgep\u00f6\u00f6k 9 kg<\/h3>\n<p>Big Green Eggi Pure Charcoal viib keskkonnateadlikkuses sammukese veelgi kaugemale. Tegu on uue revolutsioonilise s\u00f6ega, mida iseloomustab \u00fclim puhtus ja mis saadakse ainulaadse tootmisprotsessi k\u00e4igus. Tulemuseks on s\u00fcsinikurikas s\u00fcsi, mis on praktiliselt tuha- ja suitsuvaba. Big Green Eggi Pure Charcoal on turul \u00fcks k\u00f5rgeima kvaliteedi ja pikima p\u00f5lemisajaga grills\u00fcsi \u2013 parim valik hoolivale ja keskkonnas\u00f5bralikule kasutajale.<\/p>\n","protected":false},"featured_media":255571,"template":"","meta":{"inline_featured_image":false},"product_brand":[],"product_cat":[662,27,664,439],"product_tag":[],"class_list":{"0":"post-255396","1":"product","2":"type-product","3":"status-publish","4":"has-post-thumbnail","6":"product_cat-lisatarvikud-big-green-egg","7":"product_cat-grillsusi","8":"product_cat-big-green-egg-grillsusi","9":"product_cat-eksootilised-grillsoed","11":"first","12":"instock","13":"taxable","14":"shipping-taxable","15":"purchasable","16":"product-type-simple"},"yoast_head":"<!-- This site is optimized with the Yoast SEO plugin v27.4 - https:\/\/yoast.com\/product\/yoast-seo-wordpress\/ -->\n<title>Big Green Egg &quot;Pure Charcoal&quot; grills\u00fcsi. Tamm, p\u00f6\u00f6k, valgep\u00f6\u00f6k 9 kg - BBQ Entertainment<\/title>\n<meta name=\"robots\" content=\"index, follow, max-snippet:-1, max-image-preview:large, max-video-preview:-1\" \/>\n<link rel=\"canonical\" href=\"https:\/\/bbqentertainment.com\/toode\/big-green-egg-pure-charcoal-grillsusi-tamm-pook-valgepook-9-kg\/\" \/>\n<meta property=\"og:locale\" content=\"en_US\" \/>\n<meta property=\"og:type\" content=\"article\" \/>\n<meta property=\"og:title\" content=\"Big Green Egg &quot;Pure Charcoal&quot; grills\u00fcsi. Tamm, p\u00f6\u00f6k, valgep\u00f6\u00f6k 9 kg - BBQ Entertainment\" \/>\n<meta property=\"og:description\" content=\"Big Green Egg &quot;Pure Charcoal&quot; grills\u00fcsi. Tamm, p\u00f6\u00f6k, valgep\u00f6\u00f6k 9 kgBig Green Eggi Pure Charcoal viib keskkonnateadlikkuses sammukese veelgi kaugemale. Tegu on uue revolutsioonilise s\u00f6ega, mida iseloomustab \u00fclim puhtus ja mis saadakse ainulaadse tootmisprotsessi k\u00e4igus. Tulemuseks on s\u00fcsinikurikas s\u00fcsi, mis on praktiliselt tuha- ja suitsuvaba. Big Green Eggi Pure Charcoal on turul \u00fcks k\u00f5rgeima kvaliteedi ja pikima p\u00f5lemisajaga grills\u00fcsi \u2013 parim valik hoolivale ja keskkonnas\u00f5bralikule kasutajale.\" \/>\n<meta property=\"og:url\" content=\"https:\/\/bbqentertainment.com\/toode\/big-green-egg-pure-charcoal-grillsusi-tamm-pook-valgepook-9-kg\/\" \/>\n<meta property=\"og:site_name\" content=\"BBQ Entertainment\" \/>\n<meta property=\"article:publisher\" content=\"https:\/\/www.facebook.com\/BBQ-Entertainment-N-Catering-2437913376443540\" \/>\n<meta property=\"article:modified_time\" content=\"2026-03-12T15:14:44+00:00\" \/>\n<meta property=\"og:image\" content=\"https:\/\/bbqentertainment.com\/wp-content\/uploads\/2025\/11\/Pure-charcoal-grillsusi.png\" \/>\n\t<meta property=\"og:image:width\" content=\"647\" \/>\n\t<meta property=\"og:image:height\" content=\"647\" \/>\n\t<meta property=\"og:image:type\" content=\"image\/png\" \/>\n<meta name=\"twitter:card\" content=\"summary_large_image\" \/>\n<script type=\"application\/ld+json\" class=\"yoast-schema-graph\">{\"@context\":\"https:\\\/\\\/schema.org\",\"@graph\":[{\"@type\":[\"WebPage\",\"ItemPage\"],\"@id\":\"https:\\\/\\\/bbqentertainment.com\\\/toode\\\/big-green-egg-pure-charcoal-grillsusi-tamm-pook-valgepook-9-kg\\\/\",\"url\":\"https:\\\/\\\/bbqentertainment.com\\\/toode\\\/big-green-egg-pure-charcoal-grillsusi-tamm-pook-valgepook-9-kg\\\/\",\"name\":\"Big Green Egg \\\"Pure Charcoal\\\" grills\u00fcsi. Tamm, p\u00f6\u00f6k, valgep\u00f6\u00f6k 9 kg - BBQ Entertainment\",\"isPartOf\":{\"@id\":\"https:\\\/\\\/bbqentertainment.com\\\/#website\"},\"primaryImageOfPage\":{\"@id\":\"https:\\\/\\\/bbqentertainment.com\\\/toode\\\/big-green-egg-pure-charcoal-grillsusi-tamm-pook-valgepook-9-kg\\\/#primaryimage\"},\"image\":{\"@id\":\"https:\\\/\\\/bbqentertainment.com\\\/toode\\\/big-green-egg-pure-charcoal-grillsusi-tamm-pook-valgepook-9-kg\\\/#primaryimage\"},\"thumbnailUrl\":\"https:\\\/\\\/bbqentertainment.com\\\/wp-content\\\/uploads\\\/2025\\\/11\\\/Pure-charcoal-grillsusi.png\",\"datePublished\":\"2025-11-26T17:06:06+00:00\",\"dateModified\":\"2026-03-12T15:14:44+00:00\",\"breadcrumb\":{\"@id\":\"https:\\\/\\\/bbqentertainment.com\\\/toode\\\/big-green-egg-pure-charcoal-grillsusi-tamm-pook-valgepook-9-kg\\\/#breadcrumb\"},\"inLanguage\":\"en-US\",\"potentialAction\":[{\"@type\":\"ReadAction\",\"target\":[\"https:\\\/\\\/bbqentertainment.com\\\/toode\\\/big-green-egg-pure-charcoal-grillsusi-tamm-pook-valgepook-9-kg\\\/\"]}]},{\"@type\":\"ImageObject\",\"inLanguage\":\"en-US\",\"@id\":\"https:\\\/\\\/bbqentertainment.com\\\/toode\\\/big-green-egg-pure-charcoal-grillsusi-tamm-pook-valgepook-9-kg\\\/#primaryimage\",\"url\":\"https:\\\/\\\/bbqentertainment.com\\\/wp-content\\\/uploads\\\/2025\\\/11\\\/Pure-charcoal-grillsusi.png\",\"contentUrl\":\"https:\\\/\\\/bbqentertainment.com\\\/wp-content\\\/uploads\\\/2025\\\/11\\\/Pure-charcoal-grillsusi.png\",\"width\":647,\"height\":647},{\"@type\":\"BreadcrumbList\",\"@id\":\"https:\\\/\\\/bbqentertainment.com\\\/toode\\\/big-green-egg-pure-charcoal-grillsusi-tamm-pook-valgepook-9-kg\\\/#breadcrumb\",\"itemListElement\":[{\"@type\":\"ListItem\",\"position\":1,\"name\":\"AVALEHT\",\"item\":\"https:\\\/\\\/bbqentertainment.com\\\/en\\\/\"},{\"@type\":\"ListItem\",\"position\":2,\"name\":\"Tooted\",\"item\":\"https:\\\/\\\/bbqentertainment.com\\\/tooted\\\/\"},{\"@type\":\"ListItem\",\"position\":3,\"name\":\"Lisatarvikud\",\"item\":\"https:\\\/\\\/bbqentertainment.com\\\/tootekategooria\\\/lisatarvikud\\\/\"},{\"@type\":\"ListItem\",\"position\":4,\"name\":\"Lisatarvikud Big Green Egg\",\"item\":\"https:\\\/\\\/bbqentertainment.com\\\/tootekategooria\\\/lisatarvikud\\\/lisatarvikud-big-green-egg\\\/\"},{\"@type\":\"ListItem\",\"position\":5,\"name\":\"Big Green Egg &#8220;Pure Charcoal&#8221; grills\u00fcsi. Tamm, p\u00f6\u00f6k, valgep\u00f6\u00f6k 9 kg\"}]},{\"@type\":\"WebSite\",\"@id\":\"https:\\\/\\\/bbqentertainment.com\\\/#website\",\"url\":\"https:\\\/\\\/bbqentertainment.com\\\/\",\"name\":\"BBQ Entertainment\",\"description\":\"BBQ is a great lifestyle, not just fun!\",\"publisher\":{\"@id\":\"https:\\\/\\\/bbqentertainment.com\\\/#organization\"},\"potentialAction\":[{\"@type\":\"SearchAction\",\"target\":{\"@type\":\"EntryPoint\",\"urlTemplate\":\"https:\\\/\\\/bbqentertainment.com\\\/?s={search_term_string}\"},\"query-input\":{\"@type\":\"PropertyValueSpecification\",\"valueRequired\":true,\"valueName\":\"search_term_string\"}}],\"inLanguage\":\"en-US\"},{\"@type\":\"Organization\",\"@id\":\"https:\\\/\\\/bbqentertainment.com\\\/#organization\",\"name\":\"BBQ Entertainment O\u00dc\",\"url\":\"https:\\\/\\\/bbqentertainment.com\\\/\",\"logo\":{\"@type\":\"ImageObject\",\"inLanguage\":\"en-US\",\"@id\":\"https:\\\/\\\/bbqentertainment.com\\\/#\\\/schema\\\/logo\\\/image\\\/\",\"url\":\"https:\\\/\\\/bbqentertainment.com\\\/wp-content\\\/uploads\\\/2020\\\/04\\\/BBQ-Entertainment-N-Catering-Enn-Tobreluts-Logo.png\",\"contentUrl\":\"https:\\\/\\\/bbqentertainment.com\\\/wp-content\\\/uploads\\\/2020\\\/04\\\/BBQ-Entertainment-N-Catering-Enn-Tobreluts-Logo.png\",\"width\":628,\"height\":266,\"caption\":\"BBQ Entertainment O\u00dc\"},\"image\":{\"@id\":\"https:\\\/\\\/bbqentertainment.com\\\/#\\\/schema\\\/logo\\\/image\\\/\"},\"sameAs\":[\"https:\\\/\\\/www.facebook.com\\\/BBQ-Entertainment-N-Catering-2437913376443540\",\"https:\\\/\\\/www.instagram.com\\\/bbqentertainmentncatering\\\/\",\"https:\\\/\\\/www.youtube.com\\\/channel\\\/UCmpuANQVhLy2Md8nrenp2jA\"]}]}<\/script>\n<!-- \/ Yoast SEO plugin. -->","yoast_head_json":{"title":"Big Green Egg \"Pure Charcoal\" grills\u00fcsi. Tamm, p\u00f6\u00f6k, valgep\u00f6\u00f6k 9 kg - BBQ Entertainment","robots":{"index":"index","follow":"follow","max-snippet":"max-snippet:-1","max-image-preview":"max-image-preview:large","max-video-preview":"max-video-preview:-1"},"canonical":"https:\/\/bbqentertainment.com\/toode\/big-green-egg-pure-charcoal-grillsusi-tamm-pook-valgepook-9-kg\/","og_locale":"en_US","og_type":"article","og_title":"Big Green Egg \"Pure Charcoal\" grills\u00fcsi. Tamm, p\u00f6\u00f6k, valgep\u00f6\u00f6k 9 kg - BBQ Entertainment","og_description":"Big Green Egg \"Pure Charcoal\" grills\u00fcsi. Tamm, p\u00f6\u00f6k, valgep\u00f6\u00f6k 9 kgBig Green Eggi Pure Charcoal viib keskkonnateadlikkuses sammukese veelgi kaugemale. Tegu on uue revolutsioonilise s\u00f6ega, mida iseloomustab \u00fclim puhtus ja mis saadakse ainulaadse tootmisprotsessi k\u00e4igus. Tulemuseks on s\u00fcsinikurikas s\u00fcsi, mis on praktiliselt tuha- ja suitsuvaba. Big Green Eggi Pure Charcoal on turul \u00fcks k\u00f5rgeima kvaliteedi ja pikima p\u00f5lemisajaga grills\u00fcsi \u2013 parim valik hoolivale ja keskkonnas\u00f5bralikule kasutajale.","og_url":"https:\/\/bbqentertainment.com\/toode\/big-green-egg-pure-charcoal-grillsusi-tamm-pook-valgepook-9-kg\/","og_site_name":"BBQ Entertainment","article_publisher":"https:\/\/www.facebook.com\/BBQ-Entertainment-N-Catering-2437913376443540","article_modified_time":"2026-03-12T15:14:44+00:00","og_image":[{"width":647,"height":647,"url":"https:\/\/bbqentertainment.com\/wp-content\/uploads\/2025\/11\/Pure-charcoal-grillsusi.png","type":"image\/png"}],"twitter_card":"summary_large_image","schema":{"@context":"https:\/\/schema.org","@graph":[{"@type":["WebPage","ItemPage"],"@id":"https:\/\/bbqentertainment.com\/toode\/big-green-egg-pure-charcoal-grillsusi-tamm-pook-valgepook-9-kg\/","url":"https:\/\/bbqentertainment.com\/toode\/big-green-egg-pure-charcoal-grillsusi-tamm-pook-valgepook-9-kg\/","name":"Big Green Egg \"Pure Charcoal\" grills\u00fcsi. Tamm, p\u00f6\u00f6k, valgep\u00f6\u00f6k 9 kg - BBQ Entertainment","isPartOf":{"@id":"https:\/\/bbqentertainment.com\/#website"},"primaryImageOfPage":{"@id":"https:\/\/bbqentertainment.com\/toode\/big-green-egg-pure-charcoal-grillsusi-tamm-pook-valgepook-9-kg\/#primaryimage"},"image":{"@id":"https:\/\/bbqentertainment.com\/toode\/big-green-egg-pure-charcoal-grillsusi-tamm-pook-valgepook-9-kg\/#primaryimage"},"thumbnailUrl":"https:\/\/bbqentertainment.com\/wp-content\/uploads\/2025\/11\/Pure-charcoal-grillsusi.png","datePublished":"2025-11-26T17:06:06+00:00","dateModified":"2026-03-12T15:14:44+00:00","breadcrumb":{"@id":"https:\/\/bbqentertainment.com\/toode\/big-green-egg-pure-charcoal-grillsusi-tamm-pook-valgepook-9-kg\/#breadcrumb"},"inLanguage":"en-US","potentialAction":[{"@type":"ReadAction","target":["https:\/\/bbqentertainment.com\/toode\/big-green-egg-pure-charcoal-grillsusi-tamm-pook-valgepook-9-kg\/"]}]},{"@type":"ImageObject","inLanguage":"en-US","@id":"https:\/\/bbqentertainment.com\/toode\/big-green-egg-pure-charcoal-grillsusi-tamm-pook-valgepook-9-kg\/#primaryimage","url":"https:\/\/bbqentertainment.com\/wp-content\/uploads\/2025\/11\/Pure-charcoal-grillsusi.png","contentUrl":"https:\/\/bbqentertainment.com\/wp-content\/uploads\/2025\/11\/Pure-charcoal-grillsusi.png","width":647,"height":647},{"@type":"BreadcrumbList","@id":"https:\/\/bbqentertainment.com\/toode\/big-green-egg-pure-charcoal-grillsusi-tamm-pook-valgepook-9-kg\/#breadcrumb","itemListElement":[{"@type":"ListItem","position":1,"name":"AVALEHT","item":"https:\/\/bbqentertainment.com\/en\/"},{"@type":"ListItem","position":2,"name":"Tooted","item":"https:\/\/bbqentertainment.com\/tooted\/"},{"@type":"ListItem","position":3,"name":"Lisatarvikud","item":"https:\/\/bbqentertainment.com\/tootekategooria\/lisatarvikud\/"},{"@type":"ListItem","position":4,"name":"Lisatarvikud Big Green Egg","item":"https:\/\/bbqentertainment.com\/tootekategooria\/lisatarvikud\/lisatarvikud-big-green-egg\/"},{"@type":"ListItem","position":5,"name":"Big Green Egg &#8220;Pure Charcoal&#8221; grills\u00fcsi. Tamm, p\u00f6\u00f6k, valgep\u00f6\u00f6k 9 kg"}]},{"@type":"WebSite","@id":"https:\/\/bbqentertainment.com\/#website","url":"https:\/\/bbqentertainment.com\/","name":"BBQ Entertainment","description":"BBQ is a great lifestyle, not just fun!","publisher":{"@id":"https:\/\/bbqentertainment.com\/#organization"},"potentialAction":[{"@type":"SearchAction","target":{"@type":"EntryPoint","urlTemplate":"https:\/\/bbqentertainment.com\/?s={search_term_string}"},"query-input":{"@type":"PropertyValueSpecification","valueRequired":true,"valueName":"search_term_string"}}],"inLanguage":"en-US"},{"@type":"Organization","@id":"https:\/\/bbqentertainment.com\/#organization","name":"BBQ Entertainment O\u00dc","url":"https:\/\/bbqentertainment.com\/","logo":{"@type":"ImageObject","inLanguage":"en-US","@id":"https:\/\/bbqentertainment.com\/#\/schema\/logo\/image\/","url":"https:\/\/bbqentertainment.com\/wp-content\/uploads\/2020\/04\/BBQ-Entertainment-N-Catering-Enn-Tobreluts-Logo.png","contentUrl":"https:\/\/bbqentertainment.com\/wp-content\/uploads\/2020\/04\/BBQ-Entertainment-N-Catering-Enn-Tobreluts-Logo.png","width":628,"height":266,"caption":"BBQ Entertainment O\u00dc"},"image":{"@id":"https:\/\/bbqentertainment.com\/#\/schema\/logo\/image\/"},"sameAs":["https:\/\/www.facebook.com\/BBQ-Entertainment-N-Catering-2437913376443540","https:\/\/www.instagram.com\/bbqentertainmentncatering\/","https:\/\/www.youtube.com\/channel\/UCmpuANQVhLy2Md8nrenp2jA"]}]}},"_links":{"self":[{"href":"https:\/\/bbqentertainment.com\/en\/wp-json\/wp\/v2\/product\/255396","targetHints":{"allow":["GET"]}}],"collection":[{"href":"https:\/\/bbqentertainment.com\/en\/wp-json\/wp\/v2\/product"}],"about":[{"href":"https:\/\/bbqentertainment.com\/en\/wp-json\/wp\/v2\/types\/product"}],"wp:featuredmedia":[{"embeddable":true,"href":"https:\/\/bbqentertainment.com\/en\/wp-json\/wp\/v2\/media\/255571"}],"wp:attachment":[{"href":"https:\/\/bbqentertainment.com\/en\/wp-json\/wp\/v2\/media?parent=255396"}],"wp:term":[{"taxonomy":"product_brand","embeddable":true,"href":"https:\/\/bbqentertainment.com\/en\/wp-json\/wp\/v2\/product_brand?post=255396"},{"taxonomy":"product_cat","embeddable":true,"href":"https:\/\/bbqentertainment.com\/en\/wp-json\/wp\/v2\/product_cat?post=255396"},{"taxonomy":"product_tag","embeddable":true,"href":"https:\/\/bbqentertainment.com\/en\/wp-json\/wp\/v2\/product_tag?post=255396"}],"curies":[{"name":"wp","href":"https:\/\/api.w.org\/{rel}","templated":true}]}}