{"id":255400,"date":"2025-11-26T19:06:09","date_gmt":"2025-11-26T17:06:09","guid":{"rendered":"https:\/\/bbqentertainment.com\/?post_type=product&#038;p=255400"},"modified":"2026-03-12T17:14:44","modified_gmt":"2026-03-12T15:14:44","slug":"big-green-egg-2xl-eggi-raam-moodulsusteem","status":"publish","type":"product","link":"https:\/\/bbqentertainment.com\/en\/toode\/big-green-egg-2xl-eggi-raam-moodulsusteem\/","title":{"rendered":"Big Green Egg 2XL-EGGi raam Mooduls\u00fcsteem"},"content":{"rendered":"","protected":false},"excerpt":{"rendered":"<h3>Big Green Egg 2XL-EGGi raam Mooduls\u00fcsteem<\/h3>\n<p>Uus modulaarne EGGi t\u00f6\u00f6tasapind on nagu t\u00e4iskasvanute Lego\u00ae. See on konstrueeritud nii, et k\u00f5iki osasid saab omavahel kombineerida ja\u00a0t\u00f6\u00f6pinda \u00fcha laiendada. Kui\u00a0soovid suuremat t\u00f6\u00f6tasapinda, on see mooduls\u00fcsteem sama mitmek\u00fclgne kui EGG ise.\u00a0Saad oma v\u00e4lik\u00f6\u00f6gi t\u00f6\u00f6tasapinna paigutust ja stiili\u00a0iseenda\u00a0maitse ja vajaduste j\u00e4rgi kohandada.<\/p>\n<p>EGGi raamil on roostevabast terasest v\u00f5retasapind, konksud k\u00f6\u00f6giriistade jaoks ja 4 reguleeritavat jalga. Laua jalad ja raam on tehtud pulberv\u00e4rvitud alumiiniumist ja terasest. Jalgade alla saab kinnitada ka 10 cm rattad.\u00a0<\/p>\n<p>Medium, Large, XLarge 76x76x77 cm<br \/>2XL 76x88x77 cm<\/p>\n<p>Pildid on illustratiivsed. Rattad ei kuulu komplekti juurde.<\/p>\n","protected":false},"featured_media":255595,"template":"","meta":{"inline_featured_image":false},"product_brand":[],"product_cat":[661,236],"product_tag":[],"class_list":{"0":"post-255400","1":"product","2":"type-product","3":"status-publish","4":"has-post-thumbnail","6":"product_cat-big-green-egg","7":"product_cat-grillilauad","9":"first","10":"instock","11":"taxable","12":"shipping-taxable","13":"purchasable","14":"product-type-simple"},"yoast_head":"<!-- This site is optimized with the Yoast SEO plugin v27.4 - https:\/\/yoast.com\/product\/yoast-seo-wordpress\/ -->\n<title>Big Green Egg 2XL-EGGi raam Mooduls\u00fcsteem - BBQ Entertainment<\/title>\n<meta name=\"robots\" content=\"index, follow, max-snippet:-1, max-image-preview:large, max-video-preview:-1\" \/>\n<link rel=\"canonical\" href=\"https:\/\/bbqentertainment.com\/toode\/big-green-egg-2xl-eggi-raam-moodulsusteem\/\" \/>\n<meta property=\"og:locale\" content=\"en_US\" \/>\n<meta property=\"og:type\" content=\"article\" \/>\n<meta property=\"og:title\" content=\"Big Green Egg 2XL-EGGi raam Mooduls\u00fcsteem - BBQ Entertainment\" \/>\n<meta property=\"og:description\" content=\"Big Green Egg 2XL-EGGi raam Mooduls\u00fcsteemUus modulaarne EGGi t\u00f6\u00f6tasapind on nagu t\u00e4iskasvanute Lego\u00ae. See on konstrueeritud nii, et k\u00f5iki osasid saab omavahel kombineerida ja\u00a0t\u00f6\u00f6pinda \u00fcha laiendada. Kui\u00a0soovid suuremat t\u00f6\u00f6tasapinda, on see mooduls\u00fcsteem sama mitmek\u00fclgne kui EGG ise.\u00a0Saad oma v\u00e4lik\u00f6\u00f6gi t\u00f6\u00f6tasapinna paigutust ja stiili\u00a0iseenda\u00a0maitse ja vajaduste j\u00e4rgi kohandada.EGGi raamil on roostevabast terasest v\u00f5retasapind, konksud k\u00f6\u00f6giriistade jaoks ja 4 reguleeritavat jalga. Laua jalad ja raam on tehtud pulberv\u00e4rvitud alumiiniumist ja terasest. Jalgade alla saab kinnitada ka 10 cm rattad.\u00a0Medium, Large, XLarge 76x76x77 cm2XL 76x88x77 cmPildid on illustratiivsed. Rattad ei kuulu komplekti juurde.\" \/>\n<meta property=\"og:url\" content=\"https:\/\/bbqentertainment.com\/toode\/big-green-egg-2xl-eggi-raam-moodulsusteem\/\" \/>\n<meta property=\"og:site_name\" content=\"BBQ Entertainment\" \/>\n<meta property=\"article:publisher\" content=\"https:\/\/www.facebook.com\/BBQ-Entertainment-N-Catering-2437913376443540\" \/>\n<meta property=\"article:modified_time\" content=\"2026-03-12T15:14:44+00:00\" \/>\n<meta property=\"og:image\" content=\"https:\/\/bbqentertainment.com\/wp-content\/uploads\/2025\/11\/EGGi-raam-2XL-Big-Green-Egg.png\" \/>\n\t<meta property=\"og:image:width\" content=\"592\" \/>\n\t<meta property=\"og:image:height\" content=\"592\" \/>\n\t<meta property=\"og:image:type\" content=\"image\/png\" \/>\n<meta name=\"twitter:card\" content=\"summary_large_image\" \/>\n<script type=\"application\/ld+json\" class=\"yoast-schema-graph\">{\"@context\":\"https:\\\/\\\/schema.org\",\"@graph\":[{\"@type\":[\"WebPage\",\"ItemPage\"],\"@id\":\"https:\\\/\\\/bbqentertainment.com\\\/toode\\\/big-green-egg-2xl-eggi-raam-moodulsusteem\\\/\",\"url\":\"https:\\\/\\\/bbqentertainment.com\\\/toode\\\/big-green-egg-2xl-eggi-raam-moodulsusteem\\\/\",\"name\":\"Big Green Egg 2XL-EGGi raam Mooduls\u00fcsteem - BBQ Entertainment\",\"isPartOf\":{\"@id\":\"https:\\\/\\\/bbqentertainment.com\\\/#website\"},\"primaryImageOfPage\":{\"@id\":\"https:\\\/\\\/bbqentertainment.com\\\/toode\\\/big-green-egg-2xl-eggi-raam-moodulsusteem\\\/#primaryimage\"},\"image\":{\"@id\":\"https:\\\/\\\/bbqentertainment.com\\\/toode\\\/big-green-egg-2xl-eggi-raam-moodulsusteem\\\/#primaryimage\"},\"thumbnailUrl\":\"https:\\\/\\\/bbqentertainment.com\\\/wp-content\\\/uploads\\\/2025\\\/11\\\/EGGi-raam-2XL-Big-Green-Egg.png\",\"datePublished\":\"2025-11-26T17:06:09+00:00\",\"dateModified\":\"2026-03-12T15:14:44+00:00\",\"breadcrumb\":{\"@id\":\"https:\\\/\\\/bbqentertainment.com\\\/toode\\\/big-green-egg-2xl-eggi-raam-moodulsusteem\\\/#breadcrumb\"},\"inLanguage\":\"en-US\",\"potentialAction\":[{\"@type\":\"ReadAction\",\"target\":[\"https:\\\/\\\/bbqentertainment.com\\\/toode\\\/big-green-egg-2xl-eggi-raam-moodulsusteem\\\/\"]}]},{\"@type\":\"ImageObject\",\"inLanguage\":\"en-US\",\"@id\":\"https:\\\/\\\/bbqentertainment.com\\\/toode\\\/big-green-egg-2xl-eggi-raam-moodulsusteem\\\/#primaryimage\",\"url\":\"https:\\\/\\\/bbqentertainment.com\\\/wp-content\\\/uploads\\\/2025\\\/11\\\/EGGi-raam-2XL-Big-Green-Egg.png\",\"contentUrl\":\"https:\\\/\\\/bbqentertainment.com\\\/wp-content\\\/uploads\\\/2025\\\/11\\\/EGGi-raam-2XL-Big-Green-Egg.png\",\"width\":592,\"height\":592},{\"@type\":\"BreadcrumbList\",\"@id\":\"https:\\\/\\\/bbqentertainment.com\\\/toode\\\/big-green-egg-2xl-eggi-raam-moodulsusteem\\\/#breadcrumb\",\"itemListElement\":[{\"@type\":\"ListItem\",\"position\":1,\"name\":\"AVALEHT\",\"item\":\"https:\\\/\\\/bbqentertainment.com\\\/en\\\/\"},{\"@type\":\"ListItem\",\"position\":2,\"name\":\"Tooted\",\"item\":\"https:\\\/\\\/bbqentertainment.com\\\/tooted\\\/\"},{\"@type\":\"ListItem\",\"position\":3,\"name\":\"Grillid ja ahjud\",\"item\":\"https:\\\/\\\/bbqentertainment.com\\\/tootekategooria\\\/grillid-ja-ahjud\\\/\"},{\"@type\":\"ListItem\",\"position\":4,\"name\":\"Big Green Egg\",\"item\":\"https:\\\/\\\/bbqentertainment.com\\\/tootekategooria\\\/grillid-ja-ahjud\\\/big-green-egg\\\/\"},{\"@type\":\"ListItem\",\"position\":5,\"name\":\"Big Green Egg 2XL-EGGi raam Mooduls\u00fcsteem\"}]},{\"@type\":\"WebSite\",\"@id\":\"https:\\\/\\\/bbqentertainment.com\\\/#website\",\"url\":\"https:\\\/\\\/bbqentertainment.com\\\/\",\"name\":\"BBQ Entertainment\",\"description\":\"BBQ is a great lifestyle, not just fun!\",\"publisher\":{\"@id\":\"https:\\\/\\\/bbqentertainment.com\\\/#organization\"},\"potentialAction\":[{\"@type\":\"SearchAction\",\"target\":{\"@type\":\"EntryPoint\",\"urlTemplate\":\"https:\\\/\\\/bbqentertainment.com\\\/?s={search_term_string}\"},\"query-input\":{\"@type\":\"PropertyValueSpecification\",\"valueRequired\":true,\"valueName\":\"search_term_string\"}}],\"inLanguage\":\"en-US\"},{\"@type\":\"Organization\",\"@id\":\"https:\\\/\\\/bbqentertainment.com\\\/#organization\",\"name\":\"BBQ Entertainment O\u00dc\",\"url\":\"https:\\\/\\\/bbqentertainment.com\\\/\",\"logo\":{\"@type\":\"ImageObject\",\"inLanguage\":\"en-US\",\"@id\":\"https:\\\/\\\/bbqentertainment.com\\\/#\\\/schema\\\/logo\\\/image\\\/\",\"url\":\"https:\\\/\\\/bbqentertainment.com\\\/wp-content\\\/uploads\\\/2020\\\/04\\\/BBQ-Entertainment-N-Catering-Enn-Tobreluts-Logo.png\",\"contentUrl\":\"https:\\\/\\\/bbqentertainment.com\\\/wp-content\\\/uploads\\\/2020\\\/04\\\/BBQ-Entertainment-N-Catering-Enn-Tobreluts-Logo.png\",\"width\":628,\"height\":266,\"caption\":\"BBQ Entertainment O\u00dc\"},\"image\":{\"@id\":\"https:\\\/\\\/bbqentertainment.com\\\/#\\\/schema\\\/logo\\\/image\\\/\"},\"sameAs\":[\"https:\\\/\\\/www.facebook.com\\\/BBQ-Entertainment-N-Catering-2437913376443540\",\"https:\\\/\\\/www.instagram.com\\\/bbqentertainmentncatering\\\/\",\"https:\\\/\\\/www.youtube.com\\\/channel\\\/UCmpuANQVhLy2Md8nrenp2jA\"]}]}<\/script>\n<!-- \/ Yoast SEO plugin. -->","yoast_head_json":{"title":"Big Green Egg 2XL-EGGi raam Mooduls\u00fcsteem - BBQ Entertainment","robots":{"index":"index","follow":"follow","max-snippet":"max-snippet:-1","max-image-preview":"max-image-preview:large","max-video-preview":"max-video-preview:-1"},"canonical":"https:\/\/bbqentertainment.com\/toode\/big-green-egg-2xl-eggi-raam-moodulsusteem\/","og_locale":"en_US","og_type":"article","og_title":"Big Green Egg 2XL-EGGi raam Mooduls\u00fcsteem - BBQ Entertainment","og_description":"Big Green Egg 2XL-EGGi raam Mooduls\u00fcsteemUus modulaarne EGGi t\u00f6\u00f6tasapind on nagu t\u00e4iskasvanute Lego\u00ae. See on konstrueeritud nii, et k\u00f5iki osasid saab omavahel kombineerida ja\u00a0t\u00f6\u00f6pinda \u00fcha laiendada. Kui\u00a0soovid suuremat t\u00f6\u00f6tasapinda, on see mooduls\u00fcsteem sama mitmek\u00fclgne kui EGG ise.\u00a0Saad oma v\u00e4lik\u00f6\u00f6gi t\u00f6\u00f6tasapinna paigutust ja stiili\u00a0iseenda\u00a0maitse ja vajaduste j\u00e4rgi kohandada.EGGi raamil on roostevabast terasest v\u00f5retasapind, konksud k\u00f6\u00f6giriistade jaoks ja 4 reguleeritavat jalga. Laua jalad ja raam on tehtud pulberv\u00e4rvitud alumiiniumist ja terasest. Jalgade alla saab kinnitada ka 10 cm rattad.\u00a0Medium, Large, XLarge 76x76x77 cm2XL 76x88x77 cmPildid on illustratiivsed. Rattad ei kuulu komplekti juurde.","og_url":"https:\/\/bbqentertainment.com\/toode\/big-green-egg-2xl-eggi-raam-moodulsusteem\/","og_site_name":"BBQ Entertainment","article_publisher":"https:\/\/www.facebook.com\/BBQ-Entertainment-N-Catering-2437913376443540","article_modified_time":"2026-03-12T15:14:44+00:00","og_image":[{"width":592,"height":592,"url":"https:\/\/bbqentertainment.com\/wp-content\/uploads\/2025\/11\/EGGi-raam-2XL-Big-Green-Egg.png","type":"image\/png"}],"twitter_card":"summary_large_image","schema":{"@context":"https:\/\/schema.org","@graph":[{"@type":["WebPage","ItemPage"],"@id":"https:\/\/bbqentertainment.com\/toode\/big-green-egg-2xl-eggi-raam-moodulsusteem\/","url":"https:\/\/bbqentertainment.com\/toode\/big-green-egg-2xl-eggi-raam-moodulsusteem\/","name":"Big Green Egg 2XL-EGGi raam Mooduls\u00fcsteem - BBQ Entertainment","isPartOf":{"@id":"https:\/\/bbqentertainment.com\/#website"},"primaryImageOfPage":{"@id":"https:\/\/bbqentertainment.com\/toode\/big-green-egg-2xl-eggi-raam-moodulsusteem\/#primaryimage"},"image":{"@id":"https:\/\/bbqentertainment.com\/toode\/big-green-egg-2xl-eggi-raam-moodulsusteem\/#primaryimage"},"thumbnailUrl":"https:\/\/bbqentertainment.com\/wp-content\/uploads\/2025\/11\/EGGi-raam-2XL-Big-Green-Egg.png","datePublished":"2025-11-26T17:06:09+00:00","dateModified":"2026-03-12T15:14:44+00:00","breadcrumb":{"@id":"https:\/\/bbqentertainment.com\/toode\/big-green-egg-2xl-eggi-raam-moodulsusteem\/#breadcrumb"},"inLanguage":"en-US","potentialAction":[{"@type":"ReadAction","target":["https:\/\/bbqentertainment.com\/toode\/big-green-egg-2xl-eggi-raam-moodulsusteem\/"]}]},{"@type":"ImageObject","inLanguage":"en-US","@id":"https:\/\/bbqentertainment.com\/toode\/big-green-egg-2xl-eggi-raam-moodulsusteem\/#primaryimage","url":"https:\/\/bbqentertainment.com\/wp-content\/uploads\/2025\/11\/EGGi-raam-2XL-Big-Green-Egg.png","contentUrl":"https:\/\/bbqentertainment.com\/wp-content\/uploads\/2025\/11\/EGGi-raam-2XL-Big-Green-Egg.png","width":592,"height":592},{"@type":"BreadcrumbList","@id":"https:\/\/bbqentertainment.com\/toode\/big-green-egg-2xl-eggi-raam-moodulsusteem\/#breadcrumb","itemListElement":[{"@type":"ListItem","position":1,"name":"AVALEHT","item":"https:\/\/bbqentertainment.com\/en\/"},{"@type":"ListItem","position":2,"name":"Tooted","item":"https:\/\/bbqentertainment.com\/tooted\/"},{"@type":"ListItem","position":3,"name":"Grillid ja ahjud","item":"https:\/\/bbqentertainment.com\/tootekategooria\/grillid-ja-ahjud\/"},{"@type":"ListItem","position":4,"name":"Big Green Egg","item":"https:\/\/bbqentertainment.com\/tootekategooria\/grillid-ja-ahjud\/big-green-egg\/"},{"@type":"ListItem","position":5,"name":"Big Green Egg 2XL-EGGi raam Mooduls\u00fcsteem"}]},{"@type":"WebSite","@id":"https:\/\/bbqentertainment.com\/#website","url":"https:\/\/bbqentertainment.com\/","name":"BBQ Entertainment","description":"BBQ is a great lifestyle, not just fun!","publisher":{"@id":"https:\/\/bbqentertainment.com\/#organization"},"potentialAction":[{"@type":"SearchAction","target":{"@type":"EntryPoint","urlTemplate":"https:\/\/bbqentertainment.com\/?s={search_term_string}"},"query-input":{"@type":"PropertyValueSpecification","valueRequired":true,"valueName":"search_term_string"}}],"inLanguage":"en-US"},{"@type":"Organization","@id":"https:\/\/bbqentertainment.com\/#organization","name":"BBQ Entertainment O\u00dc","url":"https:\/\/bbqentertainment.com\/","logo":{"@type":"ImageObject","inLanguage":"en-US","@id":"https:\/\/bbqentertainment.com\/#\/schema\/logo\/image\/","url":"https:\/\/bbqentertainment.com\/wp-content\/uploads\/2020\/04\/BBQ-Entertainment-N-Catering-Enn-Tobreluts-Logo.png","contentUrl":"https:\/\/bbqentertainment.com\/wp-content\/uploads\/2020\/04\/BBQ-Entertainment-N-Catering-Enn-Tobreluts-Logo.png","width":628,"height":266,"caption":"BBQ Entertainment O\u00dc"},"image":{"@id":"https:\/\/bbqentertainment.com\/#\/schema\/logo\/image\/"},"sameAs":["https:\/\/www.facebook.com\/BBQ-Entertainment-N-Catering-2437913376443540","https:\/\/www.instagram.com\/bbqentertainmentncatering\/","https:\/\/www.youtube.com\/channel\/UCmpuANQVhLy2Md8nrenp2jA"]}]}},"_links":{"self":[{"href":"https:\/\/bbqentertainment.com\/en\/wp-json\/wp\/v2\/product\/255400","targetHints":{"allow":["GET"]}}],"collection":[{"href":"https:\/\/bbqentertainment.com\/en\/wp-json\/wp\/v2\/product"}],"about":[{"href":"https:\/\/bbqentertainment.com\/en\/wp-json\/wp\/v2\/types\/product"}],"wp:featuredmedia":[{"embeddable":true,"href":"https:\/\/bbqentertainment.com\/en\/wp-json\/wp\/v2\/media\/255595"}],"wp:attachment":[{"href":"https:\/\/bbqentertainment.com\/en\/wp-json\/wp\/v2\/media?parent=255400"}],"wp:term":[{"taxonomy":"product_brand","embeddable":true,"href":"https:\/\/bbqentertainment.com\/en\/wp-json\/wp\/v2\/product_brand?post=255400"},{"taxonomy":"product_cat","embeddable":true,"href":"https:\/\/bbqentertainment.com\/en\/wp-json\/wp\/v2\/product_cat?post=255400"},{"taxonomy":"product_tag","embeddable":true,"href":"https:\/\/bbqentertainment.com\/en\/wp-json\/wp\/v2\/product_tag?post=255400"}],"curies":[{"name":"wp","href":"https:\/\/api.w.org\/{rel}","templated":true}]}}