{"id":255415,"date":"2025-11-26T19:06:21","date_gmt":"2025-11-26T17:06:21","guid":{"rendered":"https:\/\/bbqentertainment.com\/?post_type=product&#038;p=255415"},"modified":"2026-03-12T17:14:45","modified_gmt":"2026-03-12T15:14:45","slug":"big-green-egg-l-eggi-nurgaraam-moodulsusteem","status":"publish","type":"product","link":"https:\/\/bbqentertainment.com\/en\/toode\/big-green-egg-l-eggi-nurgaraam-moodulsusteem\/","title":{"rendered":"Big Green Egg L-EGGi nurgaraam Mooduls\u00fcsteem"},"content":{"rendered":"","protected":false},"excerpt":{"rendered":"<h3>Big Green Egg L-EGGi nurgaraam Mooduls\u00fcsteem<\/h3>\n<p>Big Green Eggi mooduls\u00fcsteem on saanud endale vajaliku lisa: EGGi nurgaraam mudelitele Large ja XLarge. Nurgaraam on konkreetselt m\u00f5eldud v\u00e4lik\u00f6\u00f6gi edasiarendamiseks 90-kraadise nurga alla ja seda on loomulikult v\u00f5imalik laiendusmoodulitega kokku sobitada. Raam ja jalad on valmistatud pulberv\u00e4rvitud alumiiniumist ning ristlatid raamile tugevuse andmiseks pulberv\u00e4rvitud roostevabast terasest. Kui paned oma EGGi nurgaraami, suurendad oma v\u00e4lik\u00f6\u00f6ki L-kujulise lisat\u00f6\u00f6pinnaga.<\/p>\n<p>\u2022 Pulberv\u00e4rvitud alumiiniumist ja roostevabast terasest konstruktsioon<br \/>\n\u2022 Sisaldab 5 reguleeritavat jalga<br \/>\n\u2022 Jalgadele saab lisada eraldi saadaolevad rattad (rattakomplekt, 120410)<br \/>\n* XLi nurgaraamil on tagapool piisavalt ruumi, et kuppel saaks t\u00e4ielikult avaneda.<\/p>\n","protected":false},"featured_media":256266,"template":"","meta":{"inline_featured_image":false},"product_brand":[],"product_cat":[661,236],"product_tag":[],"class_list":{"0":"post-255415","1":"product","2":"type-product","3":"status-publish","4":"has-post-thumbnail","6":"product_cat-big-green-egg","7":"product_cat-grillilauad","9":"first","10":"instock","11":"taxable","12":"shipping-taxable","13":"purchasable","14":"product-type-simple"},"yoast_head":"<!-- This site is optimized with the Yoast SEO plugin v27.4 - https:\/\/yoast.com\/product\/yoast-seo-wordpress\/ -->\n<title>Big Green Egg L-EGGi nurgaraam Mooduls\u00fcsteem - BBQ Entertainment<\/title>\n<meta name=\"robots\" content=\"index, follow, max-snippet:-1, max-image-preview:large, max-video-preview:-1\" \/>\n<link rel=\"canonical\" href=\"https:\/\/bbqentertainment.com\/toode\/big-green-egg-l-eggi-nurgaraam-moodulsusteem\/\" \/>\n<meta property=\"og:locale\" content=\"en_US\" \/>\n<meta property=\"og:type\" content=\"article\" \/>\n<meta property=\"og:title\" content=\"Big Green Egg L-EGGi nurgaraam Mooduls\u00fcsteem - BBQ Entertainment\" \/>\n<meta property=\"og:description\" content=\"Big Green Egg L-EGGi nurgaraam Mooduls\u00fcsteem Big Green Eggi mooduls\u00fcsteem on saanud endale vajaliku lisa: EGGi nurgaraam mudelitele Large ja XLarge. Nurgaraam on konkreetselt m\u00f5eldud v\u00e4lik\u00f6\u00f6gi edasiarendamiseks 90-kraadise nurga alla ja seda on loomulikult v\u00f5imalik laiendusmoodulitega kokku sobitada. Raam ja jalad on valmistatud pulberv\u00e4rvitud alumiiniumist ning ristlatid raamile tugevuse andmiseks pulberv\u00e4rvitud roostevabast terasest. Kui paned oma EGGi nurgaraami, suurendad oma v\u00e4lik\u00f6\u00f6ki L-kujulise lisat\u00f6\u00f6pinnaga.  \u2022 Pulberv\u00e4rvitud alumiiniumist ja roostevabast terasest konstruktsioon \u2022 Sisaldab 5 reguleeritavat jalga \u2022 Jalgadele saab lisada eraldi saadaolevad rattad (rattakomplekt, 120410) * XLi nurgaraamil on tagapool piisavalt ruumi, et kuppel saaks t\u00e4ielikult avaneda.\" \/>\n<meta property=\"og:url\" content=\"https:\/\/bbqentertainment.com\/toode\/big-green-egg-l-eggi-nurgaraam-moodulsusteem\/\" \/>\n<meta property=\"og:site_name\" content=\"BBQ Entertainment\" \/>\n<meta property=\"article:publisher\" content=\"https:\/\/www.facebook.com\/BBQ-Entertainment-N-Catering-2437913376443540\" \/>\n<meta property=\"article:modified_time\" content=\"2026-03-12T15:14:45+00:00\" \/>\n<meta property=\"og:image\" content=\"https:\/\/bbqentertainment.com\/wp-content\/uploads\/2025\/11\/EGGi-nurgaraam-large-bge.png\" \/>\n\t<meta property=\"og:image:width\" content=\"577\" \/>\n\t<meta property=\"og:image:height\" content=\"577\" \/>\n\t<meta property=\"og:image:type\" content=\"image\/png\" \/>\n<meta name=\"twitter:card\" content=\"summary_large_image\" \/>\n<meta name=\"twitter:label1\" content=\"Est. reading time\" \/>\n\t<meta name=\"twitter:data1\" content=\"1 minute\" \/>\n<script type=\"application\/ld+json\" class=\"yoast-schema-graph\">{\"@context\":\"https:\\\/\\\/schema.org\",\"@graph\":[{\"@type\":[\"WebPage\",\"ItemPage\"],\"@id\":\"https:\\\/\\\/bbqentertainment.com\\\/toode\\\/big-green-egg-l-eggi-nurgaraam-moodulsusteem\\\/\",\"url\":\"https:\\\/\\\/bbqentertainment.com\\\/toode\\\/big-green-egg-l-eggi-nurgaraam-moodulsusteem\\\/\",\"name\":\"Big Green Egg L-EGGi nurgaraam Mooduls\u00fcsteem - BBQ Entertainment\",\"isPartOf\":{\"@id\":\"https:\\\/\\\/bbqentertainment.com\\\/#website\"},\"primaryImageOfPage\":{\"@id\":\"https:\\\/\\\/bbqentertainment.com\\\/toode\\\/big-green-egg-l-eggi-nurgaraam-moodulsusteem\\\/#primaryimage\"},\"image\":{\"@id\":\"https:\\\/\\\/bbqentertainment.com\\\/toode\\\/big-green-egg-l-eggi-nurgaraam-moodulsusteem\\\/#primaryimage\"},\"thumbnailUrl\":\"https:\\\/\\\/bbqentertainment.com\\\/wp-content\\\/uploads\\\/2025\\\/11\\\/EGGi-nurgaraam-large-bge.png\",\"datePublished\":\"2025-11-26T17:06:21+00:00\",\"dateModified\":\"2026-03-12T15:14:45+00:00\",\"breadcrumb\":{\"@id\":\"https:\\\/\\\/bbqentertainment.com\\\/toode\\\/big-green-egg-l-eggi-nurgaraam-moodulsusteem\\\/#breadcrumb\"},\"inLanguage\":\"en-US\",\"potentialAction\":[{\"@type\":\"ReadAction\",\"target\":[\"https:\\\/\\\/bbqentertainment.com\\\/toode\\\/big-green-egg-l-eggi-nurgaraam-moodulsusteem\\\/\"]}]},{\"@type\":\"ImageObject\",\"inLanguage\":\"en-US\",\"@id\":\"https:\\\/\\\/bbqentertainment.com\\\/toode\\\/big-green-egg-l-eggi-nurgaraam-moodulsusteem\\\/#primaryimage\",\"url\":\"https:\\\/\\\/bbqentertainment.com\\\/wp-content\\\/uploads\\\/2025\\\/11\\\/EGGi-nurgaraam-large-bge.png\",\"contentUrl\":\"https:\\\/\\\/bbqentertainment.com\\\/wp-content\\\/uploads\\\/2025\\\/11\\\/EGGi-nurgaraam-large-bge.png\",\"width\":577,\"height\":577},{\"@type\":\"BreadcrumbList\",\"@id\":\"https:\\\/\\\/bbqentertainment.com\\\/toode\\\/big-green-egg-l-eggi-nurgaraam-moodulsusteem\\\/#breadcrumb\",\"itemListElement\":[{\"@type\":\"ListItem\",\"position\":1,\"name\":\"AVALEHT\",\"item\":\"https:\\\/\\\/bbqentertainment.com\\\/en\\\/\"},{\"@type\":\"ListItem\",\"position\":2,\"name\":\"Tooted\",\"item\":\"https:\\\/\\\/bbqentertainment.com\\\/tooted\\\/\"},{\"@type\":\"ListItem\",\"position\":3,\"name\":\"Lisatarvikud\",\"item\":\"https:\\\/\\\/bbqentertainment.com\\\/tootekategooria\\\/lisatarvikud\\\/\"},{\"@type\":\"ListItem\",\"position\":4,\"name\":\"GRILLILAUAD\",\"item\":\"https:\\\/\\\/bbqentertainment.com\\\/tootekategooria\\\/lisatarvikud\\\/grillilauad\\\/\"},{\"@type\":\"ListItem\",\"position\":5,\"name\":\"Big Green Egg L-EGGi nurgaraam Mooduls\u00fcsteem\"}]},{\"@type\":\"WebSite\",\"@id\":\"https:\\\/\\\/bbqentertainment.com\\\/#website\",\"url\":\"https:\\\/\\\/bbqentertainment.com\\\/\",\"name\":\"BBQ Entertainment\",\"description\":\"BBQ is a great lifestyle, not just fun!\",\"publisher\":{\"@id\":\"https:\\\/\\\/bbqentertainment.com\\\/#organization\"},\"potentialAction\":[{\"@type\":\"SearchAction\",\"target\":{\"@type\":\"EntryPoint\",\"urlTemplate\":\"https:\\\/\\\/bbqentertainment.com\\\/?s={search_term_string}\"},\"query-input\":{\"@type\":\"PropertyValueSpecification\",\"valueRequired\":true,\"valueName\":\"search_term_string\"}}],\"inLanguage\":\"en-US\"},{\"@type\":\"Organization\",\"@id\":\"https:\\\/\\\/bbqentertainment.com\\\/#organization\",\"name\":\"BBQ Entertainment O\u00dc\",\"url\":\"https:\\\/\\\/bbqentertainment.com\\\/\",\"logo\":{\"@type\":\"ImageObject\",\"inLanguage\":\"en-US\",\"@id\":\"https:\\\/\\\/bbqentertainment.com\\\/#\\\/schema\\\/logo\\\/image\\\/\",\"url\":\"https:\\\/\\\/bbqentertainment.com\\\/wp-content\\\/uploads\\\/2020\\\/04\\\/BBQ-Entertainment-N-Catering-Enn-Tobreluts-Logo.png\",\"contentUrl\":\"https:\\\/\\\/bbqentertainment.com\\\/wp-content\\\/uploads\\\/2020\\\/04\\\/BBQ-Entertainment-N-Catering-Enn-Tobreluts-Logo.png\",\"width\":628,\"height\":266,\"caption\":\"BBQ Entertainment O\u00dc\"},\"image\":{\"@id\":\"https:\\\/\\\/bbqentertainment.com\\\/#\\\/schema\\\/logo\\\/image\\\/\"},\"sameAs\":[\"https:\\\/\\\/www.facebook.com\\\/BBQ-Entertainment-N-Catering-2437913376443540\",\"https:\\\/\\\/www.instagram.com\\\/bbqentertainmentncatering\\\/\",\"https:\\\/\\\/www.youtube.com\\\/channel\\\/UCmpuANQVhLy2Md8nrenp2jA\"]}]}<\/script>\n<!-- \/ Yoast SEO plugin. -->","yoast_head_json":{"title":"Big Green Egg L-EGGi nurgaraam Mooduls\u00fcsteem - BBQ Entertainment","robots":{"index":"index","follow":"follow","max-snippet":"max-snippet:-1","max-image-preview":"max-image-preview:large","max-video-preview":"max-video-preview:-1"},"canonical":"https:\/\/bbqentertainment.com\/toode\/big-green-egg-l-eggi-nurgaraam-moodulsusteem\/","og_locale":"en_US","og_type":"article","og_title":"Big Green Egg L-EGGi nurgaraam Mooduls\u00fcsteem - BBQ Entertainment","og_description":"Big Green Egg L-EGGi nurgaraam Mooduls\u00fcsteem Big Green Eggi mooduls\u00fcsteem on saanud endale vajaliku lisa: EGGi nurgaraam mudelitele Large ja XLarge. Nurgaraam on konkreetselt m\u00f5eldud v\u00e4lik\u00f6\u00f6gi edasiarendamiseks 90-kraadise nurga alla ja seda on loomulikult v\u00f5imalik laiendusmoodulitega kokku sobitada. Raam ja jalad on valmistatud pulberv\u00e4rvitud alumiiniumist ning ristlatid raamile tugevuse andmiseks pulberv\u00e4rvitud roostevabast terasest. Kui paned oma EGGi nurgaraami, suurendad oma v\u00e4lik\u00f6\u00f6ki L-kujulise lisat\u00f6\u00f6pinnaga.  \u2022 Pulberv\u00e4rvitud alumiiniumist ja roostevabast terasest konstruktsioon \u2022 Sisaldab 5 reguleeritavat jalga \u2022 Jalgadele saab lisada eraldi saadaolevad rattad (rattakomplekt, 120410) * XLi nurgaraamil on tagapool piisavalt ruumi, et kuppel saaks t\u00e4ielikult avaneda.","og_url":"https:\/\/bbqentertainment.com\/toode\/big-green-egg-l-eggi-nurgaraam-moodulsusteem\/","og_site_name":"BBQ Entertainment","article_publisher":"https:\/\/www.facebook.com\/BBQ-Entertainment-N-Catering-2437913376443540","article_modified_time":"2026-03-12T15:14:45+00:00","og_image":[{"width":577,"height":577,"url":"https:\/\/bbqentertainment.com\/wp-content\/uploads\/2025\/11\/EGGi-nurgaraam-large-bge.png","type":"image\/png"}],"twitter_card":"summary_large_image","twitter_misc":{"Est. reading time":"1 minute"},"schema":{"@context":"https:\/\/schema.org","@graph":[{"@type":["WebPage","ItemPage"],"@id":"https:\/\/bbqentertainment.com\/toode\/big-green-egg-l-eggi-nurgaraam-moodulsusteem\/","url":"https:\/\/bbqentertainment.com\/toode\/big-green-egg-l-eggi-nurgaraam-moodulsusteem\/","name":"Big Green Egg L-EGGi nurgaraam Mooduls\u00fcsteem - BBQ Entertainment","isPartOf":{"@id":"https:\/\/bbqentertainment.com\/#website"},"primaryImageOfPage":{"@id":"https:\/\/bbqentertainment.com\/toode\/big-green-egg-l-eggi-nurgaraam-moodulsusteem\/#primaryimage"},"image":{"@id":"https:\/\/bbqentertainment.com\/toode\/big-green-egg-l-eggi-nurgaraam-moodulsusteem\/#primaryimage"},"thumbnailUrl":"https:\/\/bbqentertainment.com\/wp-content\/uploads\/2025\/11\/EGGi-nurgaraam-large-bge.png","datePublished":"2025-11-26T17:06:21+00:00","dateModified":"2026-03-12T15:14:45+00:00","breadcrumb":{"@id":"https:\/\/bbqentertainment.com\/toode\/big-green-egg-l-eggi-nurgaraam-moodulsusteem\/#breadcrumb"},"inLanguage":"en-US","potentialAction":[{"@type":"ReadAction","target":["https:\/\/bbqentertainment.com\/toode\/big-green-egg-l-eggi-nurgaraam-moodulsusteem\/"]}]},{"@type":"ImageObject","inLanguage":"en-US","@id":"https:\/\/bbqentertainment.com\/toode\/big-green-egg-l-eggi-nurgaraam-moodulsusteem\/#primaryimage","url":"https:\/\/bbqentertainment.com\/wp-content\/uploads\/2025\/11\/EGGi-nurgaraam-large-bge.png","contentUrl":"https:\/\/bbqentertainment.com\/wp-content\/uploads\/2025\/11\/EGGi-nurgaraam-large-bge.png","width":577,"height":577},{"@type":"BreadcrumbList","@id":"https:\/\/bbqentertainment.com\/toode\/big-green-egg-l-eggi-nurgaraam-moodulsusteem\/#breadcrumb","itemListElement":[{"@type":"ListItem","position":1,"name":"AVALEHT","item":"https:\/\/bbqentertainment.com\/en\/"},{"@type":"ListItem","position":2,"name":"Tooted","item":"https:\/\/bbqentertainment.com\/tooted\/"},{"@type":"ListItem","position":3,"name":"Lisatarvikud","item":"https:\/\/bbqentertainment.com\/tootekategooria\/lisatarvikud\/"},{"@type":"ListItem","position":4,"name":"GRILLILAUAD","item":"https:\/\/bbqentertainment.com\/tootekategooria\/lisatarvikud\/grillilauad\/"},{"@type":"ListItem","position":5,"name":"Big Green Egg L-EGGi nurgaraam Mooduls\u00fcsteem"}]},{"@type":"WebSite","@id":"https:\/\/bbqentertainment.com\/#website","url":"https:\/\/bbqentertainment.com\/","name":"BBQ Entertainment","description":"BBQ is a great lifestyle, not just fun!","publisher":{"@id":"https:\/\/bbqentertainment.com\/#organization"},"potentialAction":[{"@type":"SearchAction","target":{"@type":"EntryPoint","urlTemplate":"https:\/\/bbqentertainment.com\/?s={search_term_string}"},"query-input":{"@type":"PropertyValueSpecification","valueRequired":true,"valueName":"search_term_string"}}],"inLanguage":"en-US"},{"@type":"Organization","@id":"https:\/\/bbqentertainment.com\/#organization","name":"BBQ Entertainment O\u00dc","url":"https:\/\/bbqentertainment.com\/","logo":{"@type":"ImageObject","inLanguage":"en-US","@id":"https:\/\/bbqentertainment.com\/#\/schema\/logo\/image\/","url":"https:\/\/bbqentertainment.com\/wp-content\/uploads\/2020\/04\/BBQ-Entertainment-N-Catering-Enn-Tobreluts-Logo.png","contentUrl":"https:\/\/bbqentertainment.com\/wp-content\/uploads\/2020\/04\/BBQ-Entertainment-N-Catering-Enn-Tobreluts-Logo.png","width":628,"height":266,"caption":"BBQ Entertainment O\u00dc"},"image":{"@id":"https:\/\/bbqentertainment.com\/#\/schema\/logo\/image\/"},"sameAs":["https:\/\/www.facebook.com\/BBQ-Entertainment-N-Catering-2437913376443540","https:\/\/www.instagram.com\/bbqentertainmentncatering\/","https:\/\/www.youtube.com\/channel\/UCmpuANQVhLy2Md8nrenp2jA"]}]}},"_links":{"self":[{"href":"https:\/\/bbqentertainment.com\/en\/wp-json\/wp\/v2\/product\/255415","targetHints":{"allow":["GET"]}}],"collection":[{"href":"https:\/\/bbqentertainment.com\/en\/wp-json\/wp\/v2\/product"}],"about":[{"href":"https:\/\/bbqentertainment.com\/en\/wp-json\/wp\/v2\/types\/product"}],"wp:featuredmedia":[{"embeddable":true,"href":"https:\/\/bbqentertainment.com\/en\/wp-json\/wp\/v2\/media\/256266"}],"wp:attachment":[{"href":"https:\/\/bbqentertainment.com\/en\/wp-json\/wp\/v2\/media?parent=255415"}],"wp:term":[{"taxonomy":"product_brand","embeddable":true,"href":"https:\/\/bbqentertainment.com\/en\/wp-json\/wp\/v2\/product_brand?post=255415"},{"taxonomy":"product_cat","embeddable":true,"href":"https:\/\/bbqentertainment.com\/en\/wp-json\/wp\/v2\/product_cat?post=255415"},{"taxonomy":"product_tag","embeddable":true,"href":"https:\/\/bbqentertainment.com\/en\/wp-json\/wp\/v2\/product_tag?post=255415"}],"curies":[{"name":"wp","href":"https:\/\/api.w.org\/{rel}","templated":true}]}}