{"id":255426,"date":"2025-11-26T19:06:30","date_gmt":"2025-11-26T17:06:30","guid":{"rendered":"https:\/\/bbqentertainment.com\/?post_type=product&#038;p=255426"},"modified":"2026-03-12T17:14:47","modified_gmt":"2026-03-12T15:14:47","slug":"big-green-egg-eukaluptipuidust-laud-xl-ratasteta","status":"publish","type":"product","link":"https:\/\/bbqentertainment.com\/en\/toode\/big-green-egg-eukaluptipuidust-laud-xl-ratasteta\/","title":{"rendered":"Big Green Egg Eukal\u00fcptipuidust laud, XL, ratasteta"},"content":{"rendered":"","protected":false},"excerpt":{"rendered":"<h3>Big Green Egg Eukal\u00fcptipuidust laud, XL, ratasteta<\/h3>\n<p>Sulle meeldib oma aias loodusl\u00e4hedane stiil ja otsid sinna ilusat t\u00f6\u00f6lauda, mis Big Green Eggiga kenasti kokku sobiks? See eukal\u00fcptipuidust laud annab su v\u00e4lik\u00f6\u00f6gile sooja ja loomuliku v\u00e4ljan\u00e4gemise. Laud sobib suurep\u00e4raselt nii aeda kui ka terrassile ja aitab oma naturaalsete elementidega luua armsa nurgakese, kus koos pere ja s\u00f5pradega luua toredaid m\u00e4lestusi, veetes pikki \u00f5htuid lobisedes, naerdes, s\u00fc\u00fces ja kokates.<\/p>\n","protected":false},"featured_media":255752,"template":"","meta":{"inline_featured_image":false},"product_brand":[],"product_cat":[661,236],"product_tag":[],"class_list":{"0":"post-255426","1":"product","2":"type-product","3":"status-publish","4":"has-post-thumbnail","6":"product_cat-big-green-egg","7":"product_cat-grillilauad","9":"first","10":"instock","11":"taxable","12":"shipping-taxable","13":"purchasable","14":"product-type-simple"},"yoast_head":"<!-- This site is optimized with the Yoast SEO plugin v27.4 - https:\/\/yoast.com\/product\/yoast-seo-wordpress\/ -->\n<title>Big Green Egg Eukal\u00fcptipuidust laud, XL, ratasteta - BBQ Entertainment<\/title>\n<meta name=\"robots\" content=\"index, follow, max-snippet:-1, max-image-preview:large, max-video-preview:-1\" \/>\n<link rel=\"canonical\" href=\"https:\/\/bbqentertainment.com\/toode\/big-green-egg-eukaluptipuidust-laud-xl-ratasteta\/\" \/>\n<meta property=\"og:locale\" content=\"en_US\" \/>\n<meta property=\"og:type\" content=\"article\" \/>\n<meta property=\"og:title\" content=\"Big Green Egg Eukal\u00fcptipuidust laud, XL, ratasteta - BBQ Entertainment\" \/>\n<meta property=\"og:description\" content=\"Big Green Egg Eukal\u00fcptipuidust laud, XL, ratasteta Sulle meeldib oma aias loodusl\u00e4hedane stiil ja otsid sinna ilusat t\u00f6\u00f6lauda, mis Big Green Eggiga kenasti kokku sobiks? See eukal\u00fcptipuidust laud annab su v\u00e4lik\u00f6\u00f6gile sooja ja loomuliku v\u00e4ljan\u00e4gemise. Laud sobib suurep\u00e4raselt nii aeda kui ka terrassile ja aitab oma naturaalsete elementidega luua armsa nurgakese, kus koos pere ja s\u00f5pradega luua toredaid m\u00e4lestusi, veetes pikki \u00f5htuid lobisedes, naerdes, s\u00fc\u00fces ja kokates.\" \/>\n<meta property=\"og:url\" content=\"https:\/\/bbqentertainment.com\/toode\/big-green-egg-eukaluptipuidust-laud-xl-ratasteta\/\" \/>\n<meta property=\"og:site_name\" content=\"BBQ Entertainment\" \/>\n<meta property=\"article:publisher\" content=\"https:\/\/www.facebook.com\/BBQ-Entertainment-N-Catering-2437913376443540\" \/>\n<meta property=\"article:modified_time\" content=\"2026-03-12T15:14:47+00:00\" \/>\n<meta property=\"og:image\" content=\"https:\/\/bbqentertainment.com\/wp-content\/uploads\/2025\/11\/eukaluptipuidust-laud-xl-bge.png\" \/>\n\t<meta property=\"og:image:width\" content=\"577\" \/>\n\t<meta property=\"og:image:height\" content=\"577\" \/>\n\t<meta property=\"og:image:type\" content=\"image\/png\" \/>\n<meta name=\"twitter:card\" content=\"summary_large_image\" \/>\n<meta name=\"twitter:label1\" content=\"Est. reading time\" \/>\n\t<meta name=\"twitter:data1\" content=\"1 minute\" \/>\n<script type=\"application\/ld+json\" class=\"yoast-schema-graph\">{\"@context\":\"https:\\\/\\\/schema.org\",\"@graph\":[{\"@type\":[\"WebPage\",\"ItemPage\"],\"@id\":\"https:\\\/\\\/bbqentertainment.com\\\/toode\\\/big-green-egg-eukaluptipuidust-laud-xl-ratasteta\\\/\",\"url\":\"https:\\\/\\\/bbqentertainment.com\\\/toode\\\/big-green-egg-eukaluptipuidust-laud-xl-ratasteta\\\/\",\"name\":\"Big Green Egg Eukal\u00fcptipuidust laud, XL, ratasteta - BBQ Entertainment\",\"isPartOf\":{\"@id\":\"https:\\\/\\\/bbqentertainment.com\\\/#website\"},\"primaryImageOfPage\":{\"@id\":\"https:\\\/\\\/bbqentertainment.com\\\/toode\\\/big-green-egg-eukaluptipuidust-laud-xl-ratasteta\\\/#primaryimage\"},\"image\":{\"@id\":\"https:\\\/\\\/bbqentertainment.com\\\/toode\\\/big-green-egg-eukaluptipuidust-laud-xl-ratasteta\\\/#primaryimage\"},\"thumbnailUrl\":\"https:\\\/\\\/bbqentertainment.com\\\/wp-content\\\/uploads\\\/2025\\\/11\\\/eukaluptipuidust-laud-xl-bge.png\",\"datePublished\":\"2025-11-26T17:06:30+00:00\",\"dateModified\":\"2026-03-12T15:14:47+00:00\",\"breadcrumb\":{\"@id\":\"https:\\\/\\\/bbqentertainment.com\\\/toode\\\/big-green-egg-eukaluptipuidust-laud-xl-ratasteta\\\/#breadcrumb\"},\"inLanguage\":\"en-US\",\"potentialAction\":[{\"@type\":\"ReadAction\",\"target\":[\"https:\\\/\\\/bbqentertainment.com\\\/toode\\\/big-green-egg-eukaluptipuidust-laud-xl-ratasteta\\\/\"]}]},{\"@type\":\"ImageObject\",\"inLanguage\":\"en-US\",\"@id\":\"https:\\\/\\\/bbqentertainment.com\\\/toode\\\/big-green-egg-eukaluptipuidust-laud-xl-ratasteta\\\/#primaryimage\",\"url\":\"https:\\\/\\\/bbqentertainment.com\\\/wp-content\\\/uploads\\\/2025\\\/11\\\/eukaluptipuidust-laud-xl-bge.png\",\"contentUrl\":\"https:\\\/\\\/bbqentertainment.com\\\/wp-content\\\/uploads\\\/2025\\\/11\\\/eukaluptipuidust-laud-xl-bge.png\",\"width\":577,\"height\":577},{\"@type\":\"BreadcrumbList\",\"@id\":\"https:\\\/\\\/bbqentertainment.com\\\/toode\\\/big-green-egg-eukaluptipuidust-laud-xl-ratasteta\\\/#breadcrumb\",\"itemListElement\":[{\"@type\":\"ListItem\",\"position\":1,\"name\":\"AVALEHT\",\"item\":\"https:\\\/\\\/bbqentertainment.com\\\/en\\\/\"},{\"@type\":\"ListItem\",\"position\":2,\"name\":\"Tooted\",\"item\":\"https:\\\/\\\/bbqentertainment.com\\\/tooted\\\/\"},{\"@type\":\"ListItem\",\"position\":3,\"name\":\"Lisatarvikud\",\"item\":\"https:\\\/\\\/bbqentertainment.com\\\/tootekategooria\\\/lisatarvikud\\\/\"},{\"@type\":\"ListItem\",\"position\":4,\"name\":\"GRILLILAUAD\",\"item\":\"https:\\\/\\\/bbqentertainment.com\\\/tootekategooria\\\/lisatarvikud\\\/grillilauad\\\/\"},{\"@type\":\"ListItem\",\"position\":5,\"name\":\"Big Green Egg Eukal\u00fcptipuidust laud, XL, ratasteta\"}]},{\"@type\":\"WebSite\",\"@id\":\"https:\\\/\\\/bbqentertainment.com\\\/#website\",\"url\":\"https:\\\/\\\/bbqentertainment.com\\\/\",\"name\":\"BBQ Entertainment\",\"description\":\"BBQ is a great lifestyle, not just fun!\",\"publisher\":{\"@id\":\"https:\\\/\\\/bbqentertainment.com\\\/#organization\"},\"potentialAction\":[{\"@type\":\"SearchAction\",\"target\":{\"@type\":\"EntryPoint\",\"urlTemplate\":\"https:\\\/\\\/bbqentertainment.com\\\/?s={search_term_string}\"},\"query-input\":{\"@type\":\"PropertyValueSpecification\",\"valueRequired\":true,\"valueName\":\"search_term_string\"}}],\"inLanguage\":\"en-US\"},{\"@type\":\"Organization\",\"@id\":\"https:\\\/\\\/bbqentertainment.com\\\/#organization\",\"name\":\"BBQ Entertainment O\u00dc\",\"url\":\"https:\\\/\\\/bbqentertainment.com\\\/\",\"logo\":{\"@type\":\"ImageObject\",\"inLanguage\":\"en-US\",\"@id\":\"https:\\\/\\\/bbqentertainment.com\\\/#\\\/schema\\\/logo\\\/image\\\/\",\"url\":\"https:\\\/\\\/bbqentertainment.com\\\/wp-content\\\/uploads\\\/2020\\\/04\\\/BBQ-Entertainment-N-Catering-Enn-Tobreluts-Logo.png\",\"contentUrl\":\"https:\\\/\\\/bbqentertainment.com\\\/wp-content\\\/uploads\\\/2020\\\/04\\\/BBQ-Entertainment-N-Catering-Enn-Tobreluts-Logo.png\",\"width\":628,\"height\":266,\"caption\":\"BBQ Entertainment O\u00dc\"},\"image\":{\"@id\":\"https:\\\/\\\/bbqentertainment.com\\\/#\\\/schema\\\/logo\\\/image\\\/\"},\"sameAs\":[\"https:\\\/\\\/www.facebook.com\\\/BBQ-Entertainment-N-Catering-2437913376443540\",\"https:\\\/\\\/www.instagram.com\\\/bbqentertainmentncatering\\\/\",\"https:\\\/\\\/www.youtube.com\\\/channel\\\/UCmpuANQVhLy2Md8nrenp2jA\"]}]}<\/script>\n<!-- \/ Yoast SEO plugin. -->","yoast_head_json":{"title":"Big Green Egg Eukal\u00fcptipuidust laud, XL, ratasteta - BBQ Entertainment","robots":{"index":"index","follow":"follow","max-snippet":"max-snippet:-1","max-image-preview":"max-image-preview:large","max-video-preview":"max-video-preview:-1"},"canonical":"https:\/\/bbqentertainment.com\/toode\/big-green-egg-eukaluptipuidust-laud-xl-ratasteta\/","og_locale":"en_US","og_type":"article","og_title":"Big Green Egg Eukal\u00fcptipuidust laud, XL, ratasteta - BBQ Entertainment","og_description":"Big Green Egg Eukal\u00fcptipuidust laud, XL, ratasteta Sulle meeldib oma aias loodusl\u00e4hedane stiil ja otsid sinna ilusat t\u00f6\u00f6lauda, mis Big Green Eggiga kenasti kokku sobiks? See eukal\u00fcptipuidust laud annab su v\u00e4lik\u00f6\u00f6gile sooja ja loomuliku v\u00e4ljan\u00e4gemise. Laud sobib suurep\u00e4raselt nii aeda kui ka terrassile ja aitab oma naturaalsete elementidega luua armsa nurgakese, kus koos pere ja s\u00f5pradega luua toredaid m\u00e4lestusi, veetes pikki \u00f5htuid lobisedes, naerdes, s\u00fc\u00fces ja kokates.","og_url":"https:\/\/bbqentertainment.com\/toode\/big-green-egg-eukaluptipuidust-laud-xl-ratasteta\/","og_site_name":"BBQ Entertainment","article_publisher":"https:\/\/www.facebook.com\/BBQ-Entertainment-N-Catering-2437913376443540","article_modified_time":"2026-03-12T15:14:47+00:00","og_image":[{"width":577,"height":577,"url":"https:\/\/bbqentertainment.com\/wp-content\/uploads\/2025\/11\/eukaluptipuidust-laud-xl-bge.png","type":"image\/png"}],"twitter_card":"summary_large_image","twitter_misc":{"Est. reading time":"1 minute"},"schema":{"@context":"https:\/\/schema.org","@graph":[{"@type":["WebPage","ItemPage"],"@id":"https:\/\/bbqentertainment.com\/toode\/big-green-egg-eukaluptipuidust-laud-xl-ratasteta\/","url":"https:\/\/bbqentertainment.com\/toode\/big-green-egg-eukaluptipuidust-laud-xl-ratasteta\/","name":"Big Green Egg Eukal\u00fcptipuidust laud, XL, ratasteta - BBQ Entertainment","isPartOf":{"@id":"https:\/\/bbqentertainment.com\/#website"},"primaryImageOfPage":{"@id":"https:\/\/bbqentertainment.com\/toode\/big-green-egg-eukaluptipuidust-laud-xl-ratasteta\/#primaryimage"},"image":{"@id":"https:\/\/bbqentertainment.com\/toode\/big-green-egg-eukaluptipuidust-laud-xl-ratasteta\/#primaryimage"},"thumbnailUrl":"https:\/\/bbqentertainment.com\/wp-content\/uploads\/2025\/11\/eukaluptipuidust-laud-xl-bge.png","datePublished":"2025-11-26T17:06:30+00:00","dateModified":"2026-03-12T15:14:47+00:00","breadcrumb":{"@id":"https:\/\/bbqentertainment.com\/toode\/big-green-egg-eukaluptipuidust-laud-xl-ratasteta\/#breadcrumb"},"inLanguage":"en-US","potentialAction":[{"@type":"ReadAction","target":["https:\/\/bbqentertainment.com\/toode\/big-green-egg-eukaluptipuidust-laud-xl-ratasteta\/"]}]},{"@type":"ImageObject","inLanguage":"en-US","@id":"https:\/\/bbqentertainment.com\/toode\/big-green-egg-eukaluptipuidust-laud-xl-ratasteta\/#primaryimage","url":"https:\/\/bbqentertainment.com\/wp-content\/uploads\/2025\/11\/eukaluptipuidust-laud-xl-bge.png","contentUrl":"https:\/\/bbqentertainment.com\/wp-content\/uploads\/2025\/11\/eukaluptipuidust-laud-xl-bge.png","width":577,"height":577},{"@type":"BreadcrumbList","@id":"https:\/\/bbqentertainment.com\/toode\/big-green-egg-eukaluptipuidust-laud-xl-ratasteta\/#breadcrumb","itemListElement":[{"@type":"ListItem","position":1,"name":"AVALEHT","item":"https:\/\/bbqentertainment.com\/en\/"},{"@type":"ListItem","position":2,"name":"Tooted","item":"https:\/\/bbqentertainment.com\/tooted\/"},{"@type":"ListItem","position":3,"name":"Lisatarvikud","item":"https:\/\/bbqentertainment.com\/tootekategooria\/lisatarvikud\/"},{"@type":"ListItem","position":4,"name":"GRILLILAUAD","item":"https:\/\/bbqentertainment.com\/tootekategooria\/lisatarvikud\/grillilauad\/"},{"@type":"ListItem","position":5,"name":"Big Green Egg Eukal\u00fcptipuidust laud, XL, ratasteta"}]},{"@type":"WebSite","@id":"https:\/\/bbqentertainment.com\/#website","url":"https:\/\/bbqentertainment.com\/","name":"BBQ Entertainment","description":"BBQ is a great lifestyle, not just fun!","publisher":{"@id":"https:\/\/bbqentertainment.com\/#organization"},"potentialAction":[{"@type":"SearchAction","target":{"@type":"EntryPoint","urlTemplate":"https:\/\/bbqentertainment.com\/?s={search_term_string}"},"query-input":{"@type":"PropertyValueSpecification","valueRequired":true,"valueName":"search_term_string"}}],"inLanguage":"en-US"},{"@type":"Organization","@id":"https:\/\/bbqentertainment.com\/#organization","name":"BBQ Entertainment O\u00dc","url":"https:\/\/bbqentertainment.com\/","logo":{"@type":"ImageObject","inLanguage":"en-US","@id":"https:\/\/bbqentertainment.com\/#\/schema\/logo\/image\/","url":"https:\/\/bbqentertainment.com\/wp-content\/uploads\/2020\/04\/BBQ-Entertainment-N-Catering-Enn-Tobreluts-Logo.png","contentUrl":"https:\/\/bbqentertainment.com\/wp-content\/uploads\/2020\/04\/BBQ-Entertainment-N-Catering-Enn-Tobreluts-Logo.png","width":628,"height":266,"caption":"BBQ Entertainment O\u00dc"},"image":{"@id":"https:\/\/bbqentertainment.com\/#\/schema\/logo\/image\/"},"sameAs":["https:\/\/www.facebook.com\/BBQ-Entertainment-N-Catering-2437913376443540","https:\/\/www.instagram.com\/bbqentertainmentncatering\/","https:\/\/www.youtube.com\/channel\/UCmpuANQVhLy2Md8nrenp2jA"]}]}},"_links":{"self":[{"href":"https:\/\/bbqentertainment.com\/en\/wp-json\/wp\/v2\/product\/255426","targetHints":{"allow":["GET"]}}],"collection":[{"href":"https:\/\/bbqentertainment.com\/en\/wp-json\/wp\/v2\/product"}],"about":[{"href":"https:\/\/bbqentertainment.com\/en\/wp-json\/wp\/v2\/types\/product"}],"wp:featuredmedia":[{"embeddable":true,"href":"https:\/\/bbqentertainment.com\/en\/wp-json\/wp\/v2\/media\/255752"}],"wp:attachment":[{"href":"https:\/\/bbqentertainment.com\/en\/wp-json\/wp\/v2\/media?parent=255426"}],"wp:term":[{"taxonomy":"product_brand","embeddable":true,"href":"https:\/\/bbqentertainment.com\/en\/wp-json\/wp\/v2\/product_brand?post=255426"},{"taxonomy":"product_cat","embeddable":true,"href":"https:\/\/bbqentertainment.com\/en\/wp-json\/wp\/v2\/product_cat?post=255426"},{"taxonomy":"product_tag","embeddable":true,"href":"https:\/\/bbqentertainment.com\/en\/wp-json\/wp\/v2\/product_tag?post=255426"}],"curies":[{"name":"wp","href":"https:\/\/api.w.org\/{rel}","templated":true}]}}